{"id":17383,"date":"2023-11-02T09:48:29","date_gmt":"2023-11-02T08:48:29","guid":{"rendered":"https:\/\/9staedte.de\/conferencias-y-congresos-en-gotinga\/"},"modified":"2025-05-05T16:24:37","modified_gmt":"2025-05-05T14:24:37","slug":"conferencias-y-congresos-en-gotinga","status":"publish","type":"page","link":"https:\/\/9staedte.de\/es\/gottingen-ciudad-creadora-de-conocimiento\/conferencias-y-congresos-en-gotinga\/","title":{"rendered":"Conferencias y congresos en Gotinga"},"content":{"rendered":"\n<h2 class=\"wp-block-heading\">Conferencias y congresos en Gotinga: \u00a1una buena idea!<\/h2>\n\n\n\n<p>La regi\u00f3n de conferencias y congresos de Gotinga est\u00e1 situada en el centro de Alemania y es f\u00e1cilmente accesible en tren y coche desde todas las direcciones. No importa si viaja desde Hamburgo, Colonia, M\u00fanich, Stuttgart, Dresde o Berl\u00edn: Se puede llegar a Gotinga en un m\u00e1ximo de cuatro horas en coche. En el recinto le esperan impresionantes lugares para eventos, excelentes hoteles de conferencias, en total 1.600 habitaciones con unas 2.800 camas, una ciudad de distancias cortas, un variado entorno con una amplia gama de posibilidades para incentivos y programas sociales, as\u00ed como un s\u00f3lido servicio de socios estrechamente vinculados. En coche, puede llegar f\u00e1cilmente a Gotinga por la tangente norte-sur m\u00e1s importante de Alemania, la A 7, y la nueva conexi\u00f3n este-oeste, la A 38. Cada d\u00eda, m\u00e1s de 100 conexiones ICE le permiten viajar c\u00f3modamente en tren, tambi\u00e9n desde muchos aeropuertos. Reuniones en Gotinga: \u00a1siempre una buena idea!<\/p>\n\n\n\n<figure class=\"wp-block-image size-full\"><img loading=\"lazy\" decoding=\"async\" width=\"580\" height=\"535\" src=\"https:\/\/9staedte.de\/wp-content\/smush-webp\/2023\/02\/Goettingen-Entfernungsgrafik-D.jpg.webp\" alt=\"\" class=\"wp-image-3979\" srcset=\"https:\/\/9staedte.de\/wp-content\/smush-webp\/2023\/02\/Goettingen-Entfernungsgrafik-D.jpg.webp 580w, https:\/\/9staedte.de\/wp-content\/smush-webp\/2023\/02\/Goettingen-Entfernungsgrafik-D-300x277.jpg.webp 300w\" sizes=\"auto, (max-width: 580px) 100vw, 580px\" \/><\/figure>\n\n\n\n\n<div class=\"banner-wrapper\">\n  <div class=\"banner-inner \">\n      <div class=\"img-container\">\n      <div class=\"img-wrapper\">\n        <img decoding=\"async\" src=\"https:\/\/9staedte.de\/wp-content\/smush-webp\/2023\/02\/Lokhalle-Abenveranstaltung-c-Goettingen-Tourismus.jpg.webp\" alt=\"La imagen muestra un gran evento por la noche. Muchas personas est\u00e1n sentadas en sillas de playa sobre arena. Un techo redondo y grande cubre el lugar. Una luz azul brilla desde arriba. Al fondo hay un edificio grande con muchas ventanas.\" \/>\n                  <div class=\"thumbnail-label\">\n            <span>G\u00f6ttingen Lokhalle &#8211; Abendveranstaltung c) G\u00f6ttingen Marketing GmbH<\/span>\n          <\/div>\n              <\/div>\n    <\/div>\n        <div class=\"text-container\">\n      <div class=\"content\">\n        <h3>Unsere 9 Tipps f\u00fcr Tagungen und Kongresse in G\u00f6ttingen<\/h3>\n<p>1) Tagen im Industriedenkmal Lokhalle  \u2013 mit \u00fcber 8.400 m\u00b2 Ausstellungsfl\u00e4che<br \/>\n2) G\u00f6ttingen ist die Stadt der kurzen Wege \u2013 alles da, alles nah<br \/>\n3) XL Oriental Lounge \u2013 feuriges Rahmenprogramm im Hotel Freizeit In<br \/>\n4) Eine ganz besondere Location \u2013 der historische Saal in der Paulinerkirche<br \/>\n5) Veranstaltungen in gr\u00e4flichem Ambiente \u2013 auf dem Landsitz derer zu Hardenberg<br \/>\n6) Stadt, die Wissen schafft \u2013 Symposien und Kongresse im Umfeld von drei Universit\u00e4ten und 5 Max-Planck-Instituten<br \/>\n7) Ein Gang durch G\u00f6ttingens Unterwelt \u2013 Rahmenprogramme, die Spa\u00df machen<br \/>\n8) Bistro \u2013 dinieren bei einer der besten K\u00f6chinnen Deutschlands<br \/>\n9) Tagungs- und Kongress-Service beim G\u00f6ttingen Tourismus e.V. \u2013 kompetent und bestens vernetzt in der Region<\/p>\n      <\/div>\n    <\/div>\n    <\/div>\n<\/div>\n\n\n\n\n<h2 class=\"wp-block-heading\">Nuestros servicios para conferencias y congresos en Gotinga<\/h2>\n\n\n\n<p>&#8211; Arranque<br>Encontrar la fecha y el lugar adecuados es crucial para que su evento se realice con \u00e9xito. Le informaremos de las horas en las que a\u00fan hay capacidad suficiente y le haremos sugerencias sobre los lugares con m\u00e1s probabilidades de ser tenidos en cuenta para sus eventos.<br>&#8211; Visitas tur\u00edsticas<br>Siempre se obtiene la mejor impresi\u00f3n directamente in situ. Estaremos encantados de elaborar un programa de inspecci\u00f3n para usted y organizar reuniones con los socios y contactos m\u00e1s importantes.<br>&#8211; Reservas de hotel<br>En consulta individual con usted, crearemos asignaciones de habitaciones en los hoteles deseados. A trav\u00e9s de un enlace exclusivo de reservas, los participantes en su evento pueden consultar toda la informaci\u00f3n sobre el alojamiento y reservar las habitaciones de forma independiente. El competente equipo del servicio de alojamiento ayuda con las consultas por fax, correo electr\u00f3nico o tel\u00e9fono.<br>&#8211; servicios en l\u00ednea<br>Adem\u00e1s de la creaci\u00f3n de asignaciones de salas, tambi\u00e9n ofrecemos como ampliaci\u00f3n la inscripci\u00f3n en l\u00ednea de los participantes, la inscripci\u00f3n en los talleres y la liquidaci\u00f3n de las tasas de la conferencia.<br>&#8211; Programas marco<br>Ya sean visitas guiadas por el G\u00e4nseliesel, en trajes hist\u00f3ricos o por los bajos fondos de Gotinga, conozca su ciudad anfitriona en una de las m\u00e1s de 30 visitas entretenidas e informativas. Descubra Gotinga en un viaje de ida y vuelta con el London Bus o conquiste el Eichsfeld, el Harz o el Weserbergland en una excursi\u00f3n de un d\u00eda. Si busca retos deportivos o actividades de creaci\u00f3n de equipos, podemos ponerle en contacto con cursos de cuerdas altas, proveedores de recorridos en canoa, recorridos en bicicleta de monta\u00f1a con GPS, campos de golf&#8230;<br>&#8211; Mostrador de bienvenida<br>El Servicio de Conferencias y Congresos de G\u00f6ttingen instalar\u00e1 un mostrador de bienvenida en su evento. Uno de los miembros de nuestro personal reparte material informativo, como mapas de la ciudad y folletos con im\u00e1genes, ayuda en la b\u00fasqueda de alojamiento y da consejos sobre restaurantes y salidas nocturnas entretenidas.<\/p>\n","protected":false},"excerpt":{"rendered":"<p>Conferencias y congresos en Gotinga: \u00a1una buena idea! La regi\u00f3n de conferencias y congresos de Gotinga est\u00e1 situada en el centro de Alemania y es f\u00e1cilmente accesible en tren y coche desde todas las direcciones. No importa si viaja desde Hamburgo, Colonia, M\u00fanich, Stuttgart, Dresde o Berl\u00edn: Se puede llegar a Gotinga en un m\u00e1ximo [&hellip;]<\/p>\n","protected":false},"author":1,"featured_media":17390,"parent":18032,"menu_order":0,"comment_status":"closed","ping_status":"closed","template":"pagetemplates\/template-stadtthema.php","meta":{"_acf_changed":false,"footnotes":""},"categories":[],"tags":[],"ncap_cities_tax":[437,1145],"class_list":["post-17383","page","type-page","status-publish","has-post-thumbnail","hentry","ncap_cities_tax-goettingen-es","ncap_cities_tax-tagungen-und-kongresse-goettingen-es"],"acf":[],"yoast_head":"<!-- This site is optimized with the Yoast SEO plugin v26.8 - https:\/\/yoast.com\/product\/yoast-seo-wordpress\/ -->\n<title>Conferencias y congresos en Gotinga - 9 St\u00e4dte in Niedersachsen<\/title>\n<meta name=\"robots\" content=\"index, follow, max-snippet:-1, max-image-preview:large, max-video-preview:-1\" \/>\n<link rel=\"canonical\" href=\"https:\/\/9staedte.de\/es\/gottingen-ciudad-creadora-de-conocimiento\/conferencias-y-congresos-en-gotinga\/\" \/>\n<meta property=\"og:locale\" content=\"es_ES\" \/>\n<meta property=\"og:type\" content=\"article\" \/>\n<meta property=\"og:title\" content=\"Conferencias y congresos en Gotinga - 9 St\u00e4dte in Niedersachsen\" \/>\n<meta property=\"og:description\" content=\"Conferencias y congresos en Gotinga: \u00a1una buena idea! La regi\u00f3n de conferencias y congresos de Gotinga est\u00e1 situada en el centro de Alemania y es f\u00e1cilmente accesible en tren y coche desde todas las direcciones. No importa si viaja desde Hamburgo, Colonia, M\u00fanich, Stuttgart, Dresde o Berl\u00edn: Se puede llegar a Gotinga en un m\u00e1ximo [&hellip;]\" \/>\n<meta property=\"og:url\" content=\"https:\/\/9staedte.de\/es\/gottingen-ciudad-creadora-de-conocimiento\/conferencias-y-congresos-en-gotinga\/\" \/>\n<meta property=\"og:site_name\" content=\"9 St\u00e4dte in Niedersachsen\" \/>\n<meta property=\"article:modified_time\" content=\"2025-05-05T14:24:37+00:00\" \/>\n<meta property=\"og:image\" content=\"https:\/\/9staedte.de\/wp-content\/uploads\/2023\/02\/Goettingen_Altes-Rathaus-Abendstimmung-c-Lars-Gerhadts.jpg\" \/>\n\t<meta property=\"og:image:width\" content=\"1020\" \/>\n\t<meta property=\"og:image:height\" content=\"560\" \/>\n\t<meta property=\"og:image:type\" content=\"image\/jpeg\" \/>\n<meta name=\"twitter:card\" content=\"summary_large_image\" \/>\n<meta name=\"twitter:label1\" content=\"Tiempo de lectura\" \/>\n\t<meta name=\"twitter:data1\" content=\"4 minutos\" \/>\n<script type=\"application\/ld+json\" class=\"yoast-schema-graph\">{\"@context\":\"https:\/\/schema.org\",\"@graph\":[{\"@type\":\"WebPage\",\"@id\":\"https:\/\/9staedte.de\/es\/gottingen-ciudad-creadora-de-conocimiento\/conferencias-y-congresos-en-gotinga\/\",\"url\":\"https:\/\/9staedte.de\/es\/gottingen-ciudad-creadora-de-conocimiento\/conferencias-y-congresos-en-gotinga\/\",\"name\":\"Conferencias y congresos en Gotinga - 9 St\u00e4dte in Niedersachsen\",\"isPartOf\":{\"@id\":\"https:\/\/9staedte.de\/es\/#website\"},\"primaryImageOfPage\":{\"@id\":\"https:\/\/9staedte.de\/es\/gottingen-ciudad-creadora-de-conocimiento\/conferencias-y-congresos-en-gotinga\/#primaryimage\"},\"image\":{\"@id\":\"https:\/\/9staedte.de\/es\/gottingen-ciudad-creadora-de-conocimiento\/conferencias-y-congresos-en-gotinga\/#primaryimage\"},\"thumbnailUrl\":\"https:\/\/9staedte.de\/wp-content\/uploads\/2023\/02\/Goettingen_Altes-Rathaus-Abendstimmung-c-Lars-Gerhadts.jpg\",\"datePublished\":\"2023-11-02T08:48:29+00:00\",\"dateModified\":\"2025-05-05T14:24:37+00:00\",\"breadcrumb\":{\"@id\":\"https:\/\/9staedte.de\/es\/gottingen-ciudad-creadora-de-conocimiento\/conferencias-y-congresos-en-gotinga\/#breadcrumb\"},\"inLanguage\":\"es\",\"potentialAction\":[{\"@type\":\"ReadAction\",\"target\":[\"https:\/\/9staedte.de\/es\/gottingen-ciudad-creadora-de-conocimiento\/conferencias-y-congresos-en-gotinga\/\"]}]},{\"@type\":\"ImageObject\",\"inLanguage\":\"es\",\"@id\":\"https:\/\/9staedte.de\/es\/gottingen-ciudad-creadora-de-conocimiento\/conferencias-y-congresos-en-gotinga\/#primaryimage\",\"url\":\"https:\/\/9staedte.de\/wp-content\/uploads\/2023\/02\/Goettingen_Altes-Rathaus-Abendstimmung-c-Lars-Gerhadts.jpg\",\"contentUrl\":\"https:\/\/9staedte.de\/wp-content\/uploads\/2023\/02\/Goettingen_Altes-Rathaus-Abendstimmung-c-Lars-Gerhadts.jpg\",\"width\":1020,\"height\":560,\"caption\":\"G\u00f6ttingen_Altes Rathaus - Abendstimmung c) Lars Gerhadts\"},{\"@type\":\"BreadcrumbList\",\"@id\":\"https:\/\/9staedte.de\/es\/gottingen-ciudad-creadora-de-conocimiento\/conferencias-y-congresos-en-gotinga\/#breadcrumb\",\"itemListElement\":[{\"@type\":\"ListItem\",\"position\":1,\"name\":\"Startseite\",\"item\":\"https:\/\/9staedte.de\/es\/\"},{\"@type\":\"ListItem\",\"position\":2,\"name\":\"G\u00f6ttingen &#8211; Ciudad creadora de conocimiento\",\"item\":\"https:\/\/9staedte.de\/es\/gottingen-ciudad-creadora-de-conocimiento\/\"},{\"@type\":\"ListItem\",\"position\":3,\"name\":\"Conferencias y congresos en Gotinga\"}]},{\"@type\":\"WebSite\",\"@id\":\"https:\/\/9staedte.de\/es\/#website\",\"url\":\"https:\/\/9staedte.de\/es\/\",\"name\":\"9 St\u00e4dte in Niedersachsen\",\"description\":\"\",\"publisher\":{\"@id\":\"https:\/\/9staedte.de\/es\/#organization\"},\"potentialAction\":[{\"@type\":\"SearchAction\",\"target\":{\"@type\":\"EntryPoint\",\"urlTemplate\":\"https:\/\/9staedte.de\/es\/?s={search_term_string}\"},\"query-input\":{\"@type\":\"PropertyValueSpecification\",\"valueRequired\":true,\"valueName\":\"search_term_string\"}}],\"inLanguage\":\"es\"},{\"@type\":\"Organization\",\"@id\":\"https:\/\/9staedte.de\/es\/#organization\",\"name\":\"9 St\u00e4dte in Niedersachsen\",\"url\":\"https:\/\/9staedte.de\/es\/\",\"logo\":{\"@type\":\"ImageObject\",\"inLanguage\":\"es\",\"@id\":\"https:\/\/9staedte.de\/es\/#\/schema\/logo\/image\/\",\"url\":\"https:\/\/9staedte.de\/wp-content\/uploads\/2025\/01\/9-neg-deutsch-2-1.png\",\"contentUrl\":\"https:\/\/9staedte.de\/wp-content\/uploads\/2025\/01\/9-neg-deutsch-2-1.png\",\"width\":190,\"height\":114,\"caption\":\"9 St\u00e4dte in Niedersachsen\"},\"image\":{\"@id\":\"https:\/\/9staedte.de\/es\/#\/schema\/logo\/image\/\"}}]}<\/script>\n<!-- \/ Yoast SEO plugin. -->","yoast_head_json":{"title":"Conferencias y congresos en Gotinga - 9 St\u00e4dte in Niedersachsen","robots":{"index":"index","follow":"follow","max-snippet":"max-snippet:-1","max-image-preview":"max-image-preview:large","max-video-preview":"max-video-preview:-1"},"canonical":"https:\/\/9staedte.de\/es\/gottingen-ciudad-creadora-de-conocimiento\/conferencias-y-congresos-en-gotinga\/","og_locale":"es_ES","og_type":"article","og_title":"Conferencias y congresos en Gotinga - 9 St\u00e4dte in Niedersachsen","og_description":"Conferencias y congresos en Gotinga: \u00a1una buena idea! La regi\u00f3n de conferencias y congresos de Gotinga est\u00e1 situada en el centro de Alemania y es f\u00e1cilmente accesible en tren y coche desde todas las direcciones. No importa si viaja desde Hamburgo, Colonia, M\u00fanich, Stuttgart, Dresde o Berl\u00edn: Se puede llegar a Gotinga en un m\u00e1ximo [&hellip;]","og_url":"https:\/\/9staedte.de\/es\/gottingen-ciudad-creadora-de-conocimiento\/conferencias-y-congresos-en-gotinga\/","og_site_name":"9 St\u00e4dte in Niedersachsen","article_modified_time":"2025-05-05T14:24:37+00:00","og_image":[{"width":1020,"height":560,"url":"https:\/\/9staedte.de\/wp-content\/uploads\/2023\/02\/Goettingen_Altes-Rathaus-Abendstimmung-c-Lars-Gerhadts.jpg","type":"image\/jpeg"}],"twitter_card":"summary_large_image","twitter_misc":{"Tiempo de lectura":"4 minutos"},"schema":{"@context":"https:\/\/schema.org","@graph":[{"@type":"WebPage","@id":"https:\/\/9staedte.de\/es\/gottingen-ciudad-creadora-de-conocimiento\/conferencias-y-congresos-en-gotinga\/","url":"https:\/\/9staedte.de\/es\/gottingen-ciudad-creadora-de-conocimiento\/conferencias-y-congresos-en-gotinga\/","name":"Conferencias y congresos en Gotinga - 9 St\u00e4dte in Niedersachsen","isPartOf":{"@id":"https:\/\/9staedte.de\/es\/#website"},"primaryImageOfPage":{"@id":"https:\/\/9staedte.de\/es\/gottingen-ciudad-creadora-de-conocimiento\/conferencias-y-congresos-en-gotinga\/#primaryimage"},"image":{"@id":"https:\/\/9staedte.de\/es\/gottingen-ciudad-creadora-de-conocimiento\/conferencias-y-congresos-en-gotinga\/#primaryimage"},"thumbnailUrl":"https:\/\/9staedte.de\/wp-content\/uploads\/2023\/02\/Goettingen_Altes-Rathaus-Abendstimmung-c-Lars-Gerhadts.jpg","datePublished":"2023-11-02T08:48:29+00:00","dateModified":"2025-05-05T14:24:37+00:00","breadcrumb":{"@id":"https:\/\/9staedte.de\/es\/gottingen-ciudad-creadora-de-conocimiento\/conferencias-y-congresos-en-gotinga\/#breadcrumb"},"inLanguage":"es","potentialAction":[{"@type":"ReadAction","target":["https:\/\/9staedte.de\/es\/gottingen-ciudad-creadora-de-conocimiento\/conferencias-y-congresos-en-gotinga\/"]}]},{"@type":"ImageObject","inLanguage":"es","@id":"https:\/\/9staedte.de\/es\/gottingen-ciudad-creadora-de-conocimiento\/conferencias-y-congresos-en-gotinga\/#primaryimage","url":"https:\/\/9staedte.de\/wp-content\/uploads\/2023\/02\/Goettingen_Altes-Rathaus-Abendstimmung-c-Lars-Gerhadts.jpg","contentUrl":"https:\/\/9staedte.de\/wp-content\/uploads\/2023\/02\/Goettingen_Altes-Rathaus-Abendstimmung-c-Lars-Gerhadts.jpg","width":1020,"height":560,"caption":"G\u00f6ttingen_Altes Rathaus - Abendstimmung c) Lars Gerhadts"},{"@type":"BreadcrumbList","@id":"https:\/\/9staedte.de\/es\/gottingen-ciudad-creadora-de-conocimiento\/conferencias-y-congresos-en-gotinga\/#breadcrumb","itemListElement":[{"@type":"ListItem","position":1,"name":"Startseite","item":"https:\/\/9staedte.de\/es\/"},{"@type":"ListItem","position":2,"name":"G\u00f6ttingen &#8211; Ciudad creadora de conocimiento","item":"https:\/\/9staedte.de\/es\/gottingen-ciudad-creadora-de-conocimiento\/"},{"@type":"ListItem","position":3,"name":"Conferencias y congresos en Gotinga"}]},{"@type":"WebSite","@id":"https:\/\/9staedte.de\/es\/#website","url":"https:\/\/9staedte.de\/es\/","name":"9 St\u00e4dte in Niedersachsen","description":"","publisher":{"@id":"https:\/\/9staedte.de\/es\/#organization"},"potentialAction":[{"@type":"SearchAction","target":{"@type":"EntryPoint","urlTemplate":"https:\/\/9staedte.de\/es\/?s={search_term_string}"},"query-input":{"@type":"PropertyValueSpecification","valueRequired":true,"valueName":"search_term_string"}}],"inLanguage":"es"},{"@type":"Organization","@id":"https:\/\/9staedte.de\/es\/#organization","name":"9 St\u00e4dte in Niedersachsen","url":"https:\/\/9staedte.de\/es\/","logo":{"@type":"ImageObject","inLanguage":"es","@id":"https:\/\/9staedte.de\/es\/#\/schema\/logo\/image\/","url":"https:\/\/9staedte.de\/wp-content\/uploads\/2025\/01\/9-neg-deutsch-2-1.png","contentUrl":"https:\/\/9staedte.de\/wp-content\/uploads\/2025\/01\/9-neg-deutsch-2-1.png","width":190,"height":114,"caption":"9 St\u00e4dte in Niedersachsen"},"image":{"@id":"https:\/\/9staedte.de\/es\/#\/schema\/logo\/image\/"}}]}},"_links":{"self":[{"href":"https:\/\/9staedte.de\/es\/wp-json\/wp\/v2\/pages\/17383","targetHints":{"allow":["GET"]}}],"collection":[{"href":"https:\/\/9staedte.de\/es\/wp-json\/wp\/v2\/pages"}],"about":[{"href":"https:\/\/9staedte.de\/es\/wp-json\/wp\/v2\/types\/page"}],"author":[{"embeddable":true,"href":"https:\/\/9staedte.de\/es\/wp-json\/wp\/v2\/users\/1"}],"replies":[{"embeddable":true,"href":"https:\/\/9staedte.de\/es\/wp-json\/wp\/v2\/comments?post=17383"}],"version-history":[{"count":2,"href":"https:\/\/9staedte.de\/es\/wp-json\/wp\/v2\/pages\/17383\/revisions"}],"predecessor-version":[{"id":25361,"href":"https:\/\/9staedte.de\/es\/wp-json\/wp\/v2\/pages\/17383\/revisions\/25361"}],"up":[{"embeddable":true,"href":"https:\/\/9staedte.de\/es\/wp-json\/wp\/v2\/pages\/18032"}],"wp:featuredmedia":[{"embeddable":true,"href":"https:\/\/9staedte.de\/es\/wp-json\/wp\/v2\/media\/17390"}],"wp:attachment":[{"href":"https:\/\/9staedte.de\/es\/wp-json\/wp\/v2\/media?parent=17383"}],"wp:term":[{"taxonomy":"category","embeddable":true,"href":"https:\/\/9staedte.de\/es\/wp-json\/wp\/v2\/categories?post=17383"},{"taxonomy":"post_tag","embeddable":true,"href":"https:\/\/9staedte.de\/es\/wp-json\/wp\/v2\/tags?post=17383"},{"taxonomy":"ncap_cities_tax","embeddable":true,"href":"https:\/\/9staedte.de\/es\/wp-json\/wp\/v2\/ncap_cities_tax?post=17383"}],"curies":[{"name":"wp","href":"https:\/\/api.w.org\/{rel}","templated":true}]}}