{"id":17346,"date":"2023-11-02T09:48:26","date_gmt":"2023-11-02T08:48:26","guid":{"rendered":"https:\/\/9staedte.de\/conferencias-y-congresos-en-celle\/"},"modified":"2025-05-08T15:35:05","modified_gmt":"2025-05-08T13:35:05","slug":"conferencias-y-congresos-en-celle","status":"publish","type":"page","link":"https:\/\/9staedte.de\/es\/celle-encantadora-ciudad-residencial\/conferencias-y-congresos-en-celle\/","title":{"rendered":"Conferencias y congresos en Celle"},"content":{"rendered":"\n<h2 class=\"wp-block-heading\">Sus pr\u00f3ximas reuniones y congresos en Celle<\/h2>\n\n\n\n<p>Le invitamos cordialmente a vivir sus pr\u00f3ximas conferencias y congresos en Celle, el centro para su evento. Celle con su singular casco antiguo de entramado de madera y su castillo, la regi\u00f3n con su impresionante paisaje de brezales, prados, bosques y r\u00edos.<\/p>\n\n\n\n<p>La Uni\u00f3n de Congresos es un centro de conferencias moderno y vers\u00e1til que puede albergar hasta 3.000 personas. El lugar ideal para congresos internacionales, reuniones de empresa, banquetes se\u00f1oriales o bailes impresionantes. Pero muchos hoteles tambi\u00e9n disponen de salas de conferencias y reuniones de diversos tama\u00f1os, de modo que se dispone de capacidades adecuadas para cada reuni\u00f3n de negocios.<\/p>\n\n\n\n<p>Tambi\u00e9n estaremos encantados de ayudarle a planificar el programa individual del evento y el alojamiento y el catering de los invitados, as\u00ed como las actividades de ocio. Ya sea en el trabajo o en su tiempo libre, queremos que&nbsp; su evento sea un \u00e9xito y que sus invitados se sientan sencillamente como en casa en Celle.<\/p>\n\n\n\n\n<div class=\"banner-wrapper\">\n  <div class=\"banner-inner \">\n      <div class=\"img-container\">\n      <div class=\"img-wrapper\">\n        <img decoding=\"async\" src=\"https:\/\/9staedte.de\/wp-content\/smush-webp\/2023\/02\/Ralves-Hof-Celle-c-Ralves-Hof.jpg.webp\" alt=\"Muchas personas est\u00e1n sentadas afuera en sillas blancas. Miran una casa de campo antigua con techo rojo. Es verano y hace sol. Hay una fiesta, tal vez una boda.\" \/>\n                  <div class=\"thumbnail-label\">\n            <span>Ralves Hof Celle c) Ralves Hof<\/span>\n          <\/div>\n              <\/div>\n    <\/div>\n        <div class=\"text-container\">\n      <div class=\"content\">\n        <h3>Unsere 9 Tipps f\u00fcr Tagungen und Kongresse in Celle<\/h3>\n<p>Congress Union Celle I Thaerplatz 1 I 29221 Celle<br \/>\nDas gr\u00f6\u00dfte Tagungs- und Congresshaus in Celle mit 11 Tagungsr\u00e4umen von 18 \u2013 3000 Personen. Unmittelbar  am Rande der Altstadt gelegen  mit guten Parkm\u00f6glichkeiten und zentral zu allen Hotels.<\/p>\n<p>Ralves Hof<br \/>\nTagen und feiern im historischen Bauernhaus aus dem Jahre 1589. Den besonderen Charme des romantischen Hofes macht seine idyllische l\u00e4ndliche Lage nur 2 km entfernt von der Celler Altstadt aus.<\/p>\n<p>Der Rittersaal im Celler Schloss<br \/>\nEdler und hochherrschaftlicher geht es kaum. Der Rittersaal im Celler Schloss in sowohl f\u00fcr eine Tagung wie auch f\u00fcr eine begleitende Veranstaltung wie einen Ball bis 300 Personen ein stilvolle R\u00e4umlichkeit.<\/p>\n<p>Stadtpalais Celle<br \/>\n1 Tagungsraum f\u00fcr 2-120 Personen. Stilvoll tagen und feiern im Ambiente eines ehemaligen Offizierskasinos mit angeschlossenem Biergarten.<\/p>\n<p>Hotel F\u00fcrstenhof*****<br \/>\n72 Zimmer und Suiten, 7 Tagungsr\u00e4umen f\u00fcr 2-200 Personen. Das  Hotel der Luxus Klasse im Ambiente eines ehemaligen Barockpalais liegt zentrumsnah am Altstadtrand.<\/p>\n<p>Ringhotel Celler Tor****s<br \/>\n73 Zimmer unterschiedlicher Kategorie, 14 behinderten freundliche Zimmer, 1 behinderten gerechtes Zimmer, 15 Tagungsr\u00e4umen f\u00fcr 4-350 Personen. Das familiengef\u00fchrte First Class superior Hotel liegt im n\u00f6rdlichen Stadtteil Gro\u00df Hehlen und verf\u00fcgt auch \u00fcber behinderten- und rollstuhlgerechte Zimmer.<\/p>\n<p>Hotel Caroline Mathilde****<br \/>\n53 Zimmer, 3 Tagungsr\u00e4ume f\u00fcr 2-30 Personen. Idyllisch am Celler Weinberg gelegen, befindet sich das Hotel nur wenige Gehminuten entfernt zur Altstadt.<\/p>\n<p>InterCity Hotel***<br \/>\n121 Zimmer, 4 Tagungsr\u00e4ume f\u00fcr 2 bis 55 Personen. Mit Blick auf die Fachwerkkulisse der Celler Altstadt liegt das Komforthotel nur ein paar Minuten Fu\u00dfweg entfernt von allen Sehensw\u00fcrdigkeiten.<\/p>\n<p>Tryp Hotel Celle***<br \/>\n126 Zimmer, 3 Tagungsr\u00e4ume von 2-100 Personen. Ruhig gelegen nur ca. 2 km entfernt von der Celler Altstadt.<\/p>\n      <\/div>\n    <\/div>\n    <\/div>\n<\/div>\n\n\n\n\n<p><\/p>\n","protected":false},"excerpt":{"rendered":"<p>Sus pr\u00f3ximas reuniones y congresos en Celle Le invitamos cordialmente a vivir sus pr\u00f3ximas conferencias y congresos en Celle, el centro para su evento. Celle con su singular casco antiguo de entramado de madera y su castillo, la regi\u00f3n con su impresionante paisaje de brezales, prados, bosques y r\u00edos. La Uni\u00f3n de Congresos es un [&hellip;]<\/p>\n","protected":false},"author":1,"featured_media":17356,"parent":18083,"menu_order":0,"comment_status":"closed","ping_status":"closed","template":"pagetemplates\/template-stadtthema.php","meta":{"_acf_changed":false,"footnotes":""},"categories":[],"tags":[],"ncap_cities_tax":[431,1137],"class_list":["post-17346","page","type-page","status-publish","has-post-thumbnail","hentry","ncap_cities_tax-celle-es","ncap_cities_tax-tagungen-und-kongresse-celle-es"],"acf":[],"yoast_head":"<!-- This site is optimized with the Yoast SEO plugin v26.8 - https:\/\/yoast.com\/product\/yoast-seo-wordpress\/ -->\n<title>Conferencias y congresos en Celle - 9 St\u00e4dte in Niedersachsen<\/title>\n<meta name=\"robots\" content=\"index, follow, max-snippet:-1, max-image-preview:large, max-video-preview:-1\" \/>\n<link rel=\"canonical\" href=\"https:\/\/9staedte.de\/es\/celle-encantadora-ciudad-residencial\/conferencias-y-congresos-en-celle\/\" \/>\n<meta property=\"og:locale\" content=\"es_ES\" \/>\n<meta property=\"og:type\" content=\"article\" \/>\n<meta property=\"og:title\" content=\"Conferencias y congresos en Celle - 9 St\u00e4dte in Niedersachsen\" \/>\n<meta property=\"og:description\" content=\"Sus pr\u00f3ximas reuniones y congresos en Celle Le invitamos cordialmente a vivir sus pr\u00f3ximas conferencias y congresos en Celle, el centro para su evento. Celle con su singular casco antiguo de entramado de madera y su castillo, la regi\u00f3n con su impresionante paisaje de brezales, prados, bosques y r\u00edos. La Uni\u00f3n de Congresos es un [&hellip;]\" \/>\n<meta property=\"og:url\" content=\"https:\/\/9staedte.de\/es\/celle-encantadora-ciudad-residencial\/conferencias-y-congresos-en-celle\/\" \/>\n<meta property=\"og:site_name\" content=\"9 St\u00e4dte in Niedersachsen\" \/>\n<meta property=\"article:modified_time\" content=\"2025-05-08T13:35:05+00:00\" \/>\n<meta property=\"og:image\" content=\"https:\/\/9staedte.de\/wp-content\/uploads\/2023\/02\/Congress-Union-Celle-c-Congress-Union.jpg\" \/>\n\t<meta property=\"og:image:width\" content=\"1020\" \/>\n\t<meta property=\"og:image:height\" content=\"561\" \/>\n\t<meta property=\"og:image:type\" content=\"image\/jpeg\" \/>\n<meta name=\"twitter:card\" content=\"summary_large_image\" \/>\n<meta name=\"twitter:label1\" content=\"Tiempo de lectura\" \/>\n\t<meta name=\"twitter:data1\" content=\"2 minutos\" \/>\n<script type=\"application\/ld+json\" class=\"yoast-schema-graph\">{\"@context\":\"https:\/\/schema.org\",\"@graph\":[{\"@type\":\"WebPage\",\"@id\":\"https:\/\/9staedte.de\/es\/celle-encantadora-ciudad-residencial\/conferencias-y-congresos-en-celle\/\",\"url\":\"https:\/\/9staedte.de\/es\/celle-encantadora-ciudad-residencial\/conferencias-y-congresos-en-celle\/\",\"name\":\"Conferencias y congresos en Celle - 9 St\u00e4dte in Niedersachsen\",\"isPartOf\":{\"@id\":\"https:\/\/9staedte.de\/es\/#website\"},\"primaryImageOfPage\":{\"@id\":\"https:\/\/9staedte.de\/es\/celle-encantadora-ciudad-residencial\/conferencias-y-congresos-en-celle\/#primaryimage\"},\"image\":{\"@id\":\"https:\/\/9staedte.de\/es\/celle-encantadora-ciudad-residencial\/conferencias-y-congresos-en-celle\/#primaryimage\"},\"thumbnailUrl\":\"https:\/\/9staedte.de\/wp-content\/uploads\/2023\/02\/Congress-Union-Celle-c-Congress-Union.jpg\",\"datePublished\":\"2023-11-02T08:48:26+00:00\",\"dateModified\":\"2025-05-08T13:35:05+00:00\",\"breadcrumb\":{\"@id\":\"https:\/\/9staedte.de\/es\/celle-encantadora-ciudad-residencial\/conferencias-y-congresos-en-celle\/#breadcrumb\"},\"inLanguage\":\"es\",\"potentialAction\":[{\"@type\":\"ReadAction\",\"target\":[\"https:\/\/9staedte.de\/es\/celle-encantadora-ciudad-residencial\/conferencias-y-congresos-en-celle\/\"]}]},{\"@type\":\"ImageObject\",\"inLanguage\":\"es\",\"@id\":\"https:\/\/9staedte.de\/es\/celle-encantadora-ciudad-residencial\/conferencias-y-congresos-en-celle\/#primaryimage\",\"url\":\"https:\/\/9staedte.de\/wp-content\/uploads\/2023\/02\/Congress-Union-Celle-c-Congress-Union.jpg\",\"contentUrl\":\"https:\/\/9staedte.de\/wp-content\/uploads\/2023\/02\/Congress-Union-Celle-c-Congress-Union.jpg\",\"width\":1020,\"height\":561,\"caption\":\"Congress Union Celle c) Congress Union\"},{\"@type\":\"BreadcrumbList\",\"@id\":\"https:\/\/9staedte.de\/es\/celle-encantadora-ciudad-residencial\/conferencias-y-congresos-en-celle\/#breadcrumb\",\"itemListElement\":[{\"@type\":\"ListItem\",\"position\":1,\"name\":\"Startseite\",\"item\":\"https:\/\/9staedte.de\/es\/\"},{\"@type\":\"ListItem\",\"position\":2,\"name\":\"Celle &#8211; Encantadora ciudad residencial\",\"item\":\"https:\/\/9staedte.de\/es\/celle-encantadora-ciudad-residencial\/\"},{\"@type\":\"ListItem\",\"position\":3,\"name\":\"Conferencias y congresos en Celle\"}]},{\"@type\":\"WebSite\",\"@id\":\"https:\/\/9staedte.de\/es\/#website\",\"url\":\"https:\/\/9staedte.de\/es\/\",\"name\":\"9 St\u00e4dte in Niedersachsen\",\"description\":\"\",\"publisher\":{\"@id\":\"https:\/\/9staedte.de\/es\/#organization\"},\"potentialAction\":[{\"@type\":\"SearchAction\",\"target\":{\"@type\":\"EntryPoint\",\"urlTemplate\":\"https:\/\/9staedte.de\/es\/?s={search_term_string}\"},\"query-input\":{\"@type\":\"PropertyValueSpecification\",\"valueRequired\":true,\"valueName\":\"search_term_string\"}}],\"inLanguage\":\"es\"},{\"@type\":\"Organization\",\"@id\":\"https:\/\/9staedte.de\/es\/#organization\",\"name\":\"9 St\u00e4dte in Niedersachsen\",\"url\":\"https:\/\/9staedte.de\/es\/\",\"logo\":{\"@type\":\"ImageObject\",\"inLanguage\":\"es\",\"@id\":\"https:\/\/9staedte.de\/es\/#\/schema\/logo\/image\/\",\"url\":\"https:\/\/9staedte.de\/wp-content\/uploads\/2025\/01\/9-neg-deutsch-2-1.png\",\"contentUrl\":\"https:\/\/9staedte.de\/wp-content\/uploads\/2025\/01\/9-neg-deutsch-2-1.png\",\"width\":190,\"height\":114,\"caption\":\"9 St\u00e4dte in Niedersachsen\"},\"image\":{\"@id\":\"https:\/\/9staedte.de\/es\/#\/schema\/logo\/image\/\"}}]}<\/script>\n<!-- \/ Yoast SEO plugin. -->","yoast_head_json":{"title":"Conferencias y congresos en Celle - 9 St\u00e4dte in Niedersachsen","robots":{"index":"index","follow":"follow","max-snippet":"max-snippet:-1","max-image-preview":"max-image-preview:large","max-video-preview":"max-video-preview:-1"},"canonical":"https:\/\/9staedte.de\/es\/celle-encantadora-ciudad-residencial\/conferencias-y-congresos-en-celle\/","og_locale":"es_ES","og_type":"article","og_title":"Conferencias y congresos en Celle - 9 St\u00e4dte in Niedersachsen","og_description":"Sus pr\u00f3ximas reuniones y congresos en Celle Le invitamos cordialmente a vivir sus pr\u00f3ximas conferencias y congresos en Celle, el centro para su evento. Celle con su singular casco antiguo de entramado de madera y su castillo, la regi\u00f3n con su impresionante paisaje de brezales, prados, bosques y r\u00edos. La Uni\u00f3n de Congresos es un [&hellip;]","og_url":"https:\/\/9staedte.de\/es\/celle-encantadora-ciudad-residencial\/conferencias-y-congresos-en-celle\/","og_site_name":"9 St\u00e4dte in Niedersachsen","article_modified_time":"2025-05-08T13:35:05+00:00","og_image":[{"width":1020,"height":561,"url":"https:\/\/9staedte.de\/wp-content\/uploads\/2023\/02\/Congress-Union-Celle-c-Congress-Union.jpg","type":"image\/jpeg"}],"twitter_card":"summary_large_image","twitter_misc":{"Tiempo de lectura":"2 minutos"},"schema":{"@context":"https:\/\/schema.org","@graph":[{"@type":"WebPage","@id":"https:\/\/9staedte.de\/es\/celle-encantadora-ciudad-residencial\/conferencias-y-congresos-en-celle\/","url":"https:\/\/9staedte.de\/es\/celle-encantadora-ciudad-residencial\/conferencias-y-congresos-en-celle\/","name":"Conferencias y congresos en Celle - 9 St\u00e4dte in Niedersachsen","isPartOf":{"@id":"https:\/\/9staedte.de\/es\/#website"},"primaryImageOfPage":{"@id":"https:\/\/9staedte.de\/es\/celle-encantadora-ciudad-residencial\/conferencias-y-congresos-en-celle\/#primaryimage"},"image":{"@id":"https:\/\/9staedte.de\/es\/celle-encantadora-ciudad-residencial\/conferencias-y-congresos-en-celle\/#primaryimage"},"thumbnailUrl":"https:\/\/9staedte.de\/wp-content\/uploads\/2023\/02\/Congress-Union-Celle-c-Congress-Union.jpg","datePublished":"2023-11-02T08:48:26+00:00","dateModified":"2025-05-08T13:35:05+00:00","breadcrumb":{"@id":"https:\/\/9staedte.de\/es\/celle-encantadora-ciudad-residencial\/conferencias-y-congresos-en-celle\/#breadcrumb"},"inLanguage":"es","potentialAction":[{"@type":"ReadAction","target":["https:\/\/9staedte.de\/es\/celle-encantadora-ciudad-residencial\/conferencias-y-congresos-en-celle\/"]}]},{"@type":"ImageObject","inLanguage":"es","@id":"https:\/\/9staedte.de\/es\/celle-encantadora-ciudad-residencial\/conferencias-y-congresos-en-celle\/#primaryimage","url":"https:\/\/9staedte.de\/wp-content\/uploads\/2023\/02\/Congress-Union-Celle-c-Congress-Union.jpg","contentUrl":"https:\/\/9staedte.de\/wp-content\/uploads\/2023\/02\/Congress-Union-Celle-c-Congress-Union.jpg","width":1020,"height":561,"caption":"Congress Union Celle c) Congress Union"},{"@type":"BreadcrumbList","@id":"https:\/\/9staedte.de\/es\/celle-encantadora-ciudad-residencial\/conferencias-y-congresos-en-celle\/#breadcrumb","itemListElement":[{"@type":"ListItem","position":1,"name":"Startseite","item":"https:\/\/9staedte.de\/es\/"},{"@type":"ListItem","position":2,"name":"Celle &#8211; Encantadora ciudad residencial","item":"https:\/\/9staedte.de\/es\/celle-encantadora-ciudad-residencial\/"},{"@type":"ListItem","position":3,"name":"Conferencias y congresos en Celle"}]},{"@type":"WebSite","@id":"https:\/\/9staedte.de\/es\/#website","url":"https:\/\/9staedte.de\/es\/","name":"9 St\u00e4dte in Niedersachsen","description":"","publisher":{"@id":"https:\/\/9staedte.de\/es\/#organization"},"potentialAction":[{"@type":"SearchAction","target":{"@type":"EntryPoint","urlTemplate":"https:\/\/9staedte.de\/es\/?s={search_term_string}"},"query-input":{"@type":"PropertyValueSpecification","valueRequired":true,"valueName":"search_term_string"}}],"inLanguage":"es"},{"@type":"Organization","@id":"https:\/\/9staedte.de\/es\/#organization","name":"9 St\u00e4dte in Niedersachsen","url":"https:\/\/9staedte.de\/es\/","logo":{"@type":"ImageObject","inLanguage":"es","@id":"https:\/\/9staedte.de\/es\/#\/schema\/logo\/image\/","url":"https:\/\/9staedte.de\/wp-content\/uploads\/2025\/01\/9-neg-deutsch-2-1.png","contentUrl":"https:\/\/9staedte.de\/wp-content\/uploads\/2025\/01\/9-neg-deutsch-2-1.png","width":190,"height":114,"caption":"9 St\u00e4dte in Niedersachsen"},"image":{"@id":"https:\/\/9staedte.de\/es\/#\/schema\/logo\/image\/"}}]}},"_links":{"self":[{"href":"https:\/\/9staedte.de\/es\/wp-json\/wp\/v2\/pages\/17346","targetHints":{"allow":["GET"]}}],"collection":[{"href":"https:\/\/9staedte.de\/es\/wp-json\/wp\/v2\/pages"}],"about":[{"href":"https:\/\/9staedte.de\/es\/wp-json\/wp\/v2\/types\/page"}],"author":[{"embeddable":true,"href":"https:\/\/9staedte.de\/es\/wp-json\/wp\/v2\/users\/1"}],"replies":[{"embeddable":true,"href":"https:\/\/9staedte.de\/es\/wp-json\/wp\/v2\/comments?post=17346"}],"version-history":[{"count":2,"href":"https:\/\/9staedte.de\/es\/wp-json\/wp\/v2\/pages\/17346\/revisions"}],"predecessor-version":[{"id":25449,"href":"https:\/\/9staedte.de\/es\/wp-json\/wp\/v2\/pages\/17346\/revisions\/25449"}],"up":[{"embeddable":true,"href":"https:\/\/9staedte.de\/es\/wp-json\/wp\/v2\/pages\/18083"}],"wp:featuredmedia":[{"embeddable":true,"href":"https:\/\/9staedte.de\/es\/wp-json\/wp\/v2\/media\/17356"}],"wp:attachment":[{"href":"https:\/\/9staedte.de\/es\/wp-json\/wp\/v2\/media?parent=17346"}],"wp:term":[{"taxonomy":"category","embeddable":true,"href":"https:\/\/9staedte.de\/es\/wp-json\/wp\/v2\/categories?post=17346"},{"taxonomy":"post_tag","embeddable":true,"href":"https:\/\/9staedte.de\/es\/wp-json\/wp\/v2\/tags?post=17346"},{"taxonomy":"ncap_cities_tax","embeddable":true,"href":"https:\/\/9staedte.de\/es\/wp-json\/wp\/v2\/ncap_cities_tax?post=17346"}],"curies":[{"name":"wp","href":"https:\/\/api.w.org\/{rel}","templated":true}]}}