{"id":17310,"date":"2023-11-02T09:48:23","date_gmt":"2023-11-02T08:48:23","guid":{"rendered":"https:\/\/9staedte.de\/mercado-de-navidad-en-goslar\/"},"modified":"2026-03-23T13:13:00","modified_gmt":"2026-03-23T12:13:00","slug":"mercado-de-navidad-en-goslar","status":"publish","type":"page","link":"https:\/\/9staedte.de\/es\/goslar-patrimonio-de-la-humanidad-en-los-montes-harz\/mercado-de-navidad-en-goslar\/","title":{"rendered":"Mercado de Navidad en Goslar"},"content":{"rendered":"\n<h2 class=\"wp-block-heading\">Mercado navide\u00f1o y bosque de Navidad<\/h2>\n\n<p>Cada a\u00f1o, Goslar brilla con esplendor festivo: en el mercado navide\u00f1o se respira un seductor olor a canela, manzanas asadas, almendras tostadas&#8230; \u00a1La Navidad est\u00e1 en el aire! Enmarcadas rom\u00e1nticamente por el tel\u00f3n de fondo de la plaza del mercado, 80 caba\u00f1as de madera decoradas con mimo invitan a pasear y darse un fest\u00edn. Una atracci\u00f3n especial es el bosque de Navidad. Rodeado de 60 con\u00edferas iluminadas, se puede disfrutar especialmente bien de una bebida caliente. La iluminaci\u00f3n atmosf\u00e9rica y el animado bullicio constituyen una experiencia de Adviento incomparable.<br\/>Desde este a\u00f1o, el mercado navide\u00f1o de Goslar es oficialmente uno de los m\u00e1s bellos de Europa y lleva el sello \u00abExcelente mercado navide\u00f1o europeo 2025\u00bb.    <\/p>\n\n<p><a href=\"https:\/\/www.weihnachtswald.de\/\" target=\"_blank\" rel=\"noreferrer noopener\">Para m\u00e1s informaci\u00f3n<\/a><\/p>\n\n\n<div class=\"banner-wrapper\">\n  <div class=\"banner-inner \">\n      <div class=\"img-container\">\n      <div class=\"img-wrapper\">\n        <img decoding=\"async\" src=\"https:\/\/9staedte.de\/wp-content\/smush-webp\/2025\/09\/Goslar_Weihnachtswald_GOSLAR_marketing_gmbh_Michael_Abid.jpg.webp\" alt=\"La imagen muestra un mercado navide\u00f1o en Goslar. Hay muchos abetos en la plaza. Los \u00e1rboles brillan con muchas peque\u00f1as luces. Las casas alrededor de la plaza est\u00e1n construidas con entramado de madera.\" \/>\n                  <div class=\"thumbnail-label\">\n            <span>Goslar Weihnachtswald c) GOSLAR marketing gmbh Michael_Abid<\/span>\n          <\/div>\n              <\/div>\n    <\/div>\n        <div class=\"text-container\">\n      <div class=\"content\">\n        <p class=\"h3\"><strong>9 consejos para visitar el mercado de Navidad de Goslar<\/strong><\/p>\n<ul>\n<li>Vive un ambiente rom\u00e1ntico en el bosque navide\u00f1o entre 160.000 luces<\/li>\n<li>Disfruta de una fant\u00e1stica vista desde la escalera del cielo de la Marktkirche<\/li>\n<li>Taller de Navidad para ni\u00f1os<\/li>\n<li>Navidad en Rammelsberg por encima y por debajo del suelo<\/li>\n<li>Adviento con manualidades en la Gran Santa Cruz<\/li>\n<li>Tarde familiar el 10 de diciembre<\/li>\n<li>Fiestas X-MAS el fin de semana<\/li>\n<li>Programa de apoyo prenavide\u00f1o<\/li>\n<li>Compras navide\u00f1as por calles comerciales iluminadas festivamente<\/li>\n<\/ul>\n      <\/div>\n    <\/div>\n    <\/div>\n<\/div>\n\n\n<div class=\"wp-block-columns is-layout-flex wp-container-core-columns-is-layout-9d6595d7 wp-block-columns-is-layout-flex\">\n<div class=\"wp-block-column is-layout-flow wp-block-column-is-layout-flow\" style=\"flex-basis:66.66%\">\n <div class=\"brlbs-cmpnt-container brlbs-cmpnt-content-blocker brlbs-cmpnt-with-individual-styles\" data-borlabs-cookie-content-blocker-id=\"google-maps\" data-borlabs-cookie-content=\"PGlmcmFtZSBzcmM9Imh0dHBzOi8vd3d3Lmdvb2dsZS5jb20vbWFwcy9kL3UvMC9lbWJlZD9taWQ9MVFvdXdCT2xzZGs4VlVBQ0JqYVBSNV9GVkdoT01SWkkmZWhiYz0yRTMxMkYiIHdpZHRoPSI2NDAiIGhlaWdodD0iNDgwIj48L2lmcmFtZT4=\"><div class=\"brlbs-cmpnt-cb-preset-b brlbs-cmpnt-cb-google-maps\"> <div class=\"brlbs-cmpnt-cb-thumbnail\" style=\"background-image: url('https:\/\/9staedte.de\/wp-content\/uploads\/borlabs-cookie\/1\/brlbs-cb-google-maps-main.png')\"><\/div> <div class=\"brlbs-cmpnt-cb-main\"> <div class=\"brlbs-cmpnt-cb-content\"> <p class=\"brlbs-cmpnt-cb-description\">Est\u00e1s viendo un contenido de marcador de posici\u00f3n de <strong>Google Maps<\/strong>. Para acceder al contenido real, haz clic en el siguiente bot\u00f3n. Ten en cuenta que al hacerlo compartir\u00e1s datos con terceros proveedores.<\/p> <a class=\"brlbs-cmpnt-cb-provider-toggle\" href=\"#\" data-borlabs-cookie-show-provider-information role=\"button\">M\u00e1s informaci\u00f3n<\/a> <\/div> <div class=\"brlbs-cmpnt-cb-buttons\"> <a class=\"brlbs-cmpnt-cb-btn\" href=\"#\" data-borlabs-cookie-unblock role=\"button\">Desbloquear contenido<\/a> <a class=\"brlbs-cmpnt-cb-btn\" href=\"#\" data-borlabs-cookie-accept-service role=\"button\" style=\"display: inherit\">Aceptar el servicio requerido y desbloquear el contenido<\/a> <\/div> <\/div> <\/div><\/div>\n<\/div>\n\n\n\n<div class=\"wp-block-column is-layout-flow wp-block-column-is-layout-flow\" style=\"flex-basis:33.33%\">\n<h4 class=\"wp-block-heading\">Mercados navide\u00f1os en Goslar<\/h4>\n\n\n\n<ul class=\"wp-block-list map-legend main-legend\">\n<li>Mercado de Navidad (Plaza del Mercado)<\/li>\n\n\n\n<li>Bosque de Navidad (Patio de zapatos)<\/li>\n\n\n\n<li>Navidad en Rammelsberg<\/li>\n<\/ul>\n<\/div>\n<\/div>\n\n<p><\/p>\n","protected":false},"excerpt":{"rendered":"<p>Mercado navide\u00f1o y bosque de Navidad Cada a\u00f1o, Goslar brilla con esplendor festivo: en el mercado navide\u00f1o se respira un seductor olor a canela, manzanas asadas, almendras tostadas&#8230; \u00a1La Navidad est\u00e1 en el aire! Enmarcadas rom\u00e1nticamente por el tel\u00f3n de fondo de la plaza del mercado, 80 caba\u00f1as de madera decoradas con mimo invitan a [&hellip;]<\/p>\n","protected":false},"author":1,"featured_media":24573,"parent":17997,"menu_order":0,"comment_status":"closed","ping_status":"closed","template":"pagetemplates\/template-stadtthema.php","meta":{"_acf_changed":false,"footnotes":""},"categories":[],"tags":[],"ncap_cities_tax":[443,513],"class_list":["post-17310","page","type-page","status-publish","has-post-thumbnail","hentry","ncap_cities_tax-goslar-es","ncap_cities_tax-weihnachtsmarkte-goslar-es"],"acf":[],"yoast_head":"<!-- This site is optimized with the Yoast SEO plugin v27.4 - https:\/\/yoast.com\/product\/yoast-seo-wordpress\/ -->\n<title>Mercado de Navidad en Goslar - 9 St\u00e4dte in Niedersachsen<\/title>\n<meta name=\"description\" content=\"Con la plaza del mercado como tel\u00f3n de fondo, las caba\u00f1as de madera decoradas con cari\u00f1o invitan a darse un fest\u00edn. Una atracci\u00f3n especial es el bosque de Navidad.\" \/>\n<meta name=\"robots\" content=\"index, follow, max-snippet:-1, max-image-preview:large, max-video-preview:-1\" \/>\n<link rel=\"canonical\" href=\"https:\/\/9staedte.de\/es\/goslar-patrimonio-de-la-humanidad-en-los-montes-harz\/mercado-de-navidad-en-goslar\/\" \/>\n<meta property=\"og:locale\" content=\"es_ES\" \/>\n<meta property=\"og:type\" content=\"article\" \/>\n<meta property=\"og:title\" content=\"Mercado de Navidad en Goslar - 9 St\u00e4dte in Niedersachsen\" \/>\n<meta property=\"og:description\" content=\"Con la plaza del mercado como tel\u00f3n de fondo, las caba\u00f1as de madera decoradas con cari\u00f1o invitan a darse un fest\u00edn. Una atracci\u00f3n especial es el bosque de Navidad.\" \/>\n<meta property=\"og:url\" content=\"https:\/\/9staedte.de\/es\/goslar-patrimonio-de-la-humanidad-en-los-montes-harz\/mercado-de-navidad-en-goslar\/\" \/>\n<meta property=\"og:site_name\" content=\"9 St\u00e4dte in Niedersachsen\" \/>\n<meta property=\"article:modified_time\" content=\"2026-03-23T12:13:00+00:00\" \/>\n<meta property=\"og:image\" content=\"https:\/\/9staedte.de\/wp-content\/uploads\/2025\/02\/Goslar-Christmas-Market-Blue-hour-c-GOSLAR-marketing-Michael-Abid.jpg\" \/>\n\t<meta property=\"og:image:width\" content=\"1020\" \/>\n\t<meta property=\"og:image:height\" content=\"560\" \/>\n\t<meta property=\"og:image:type\" content=\"image\/jpeg\" \/>\n<meta name=\"twitter:card\" content=\"summary_large_image\" \/>\n<meta name=\"twitter:label1\" content=\"Tiempo de lectura\" \/>\n\t<meta name=\"twitter:data1\" content=\"1 minuto\" \/>\n<script type=\"application\/ld+json\" class=\"yoast-schema-graph\">{\"@context\":\"https:\\\/\\\/schema.org\",\"@graph\":[{\"@type\":\"WebPage\",\"@id\":\"https:\\\/\\\/9staedte.de\\\/es\\\/goslar-patrimonio-de-la-humanidad-en-los-montes-harz\\\/mercado-de-navidad-en-goslar\\\/\",\"url\":\"https:\\\/\\\/9staedte.de\\\/es\\\/goslar-patrimonio-de-la-humanidad-en-los-montes-harz\\\/mercado-de-navidad-en-goslar\\\/\",\"name\":\"Mercado de Navidad en Goslar - 9 St\u00e4dte in Niedersachsen\",\"isPartOf\":{\"@id\":\"https:\\\/\\\/9staedte.de\\\/es\\\/#website\"},\"primaryImageOfPage\":{\"@id\":\"https:\\\/\\\/9staedte.de\\\/es\\\/goslar-patrimonio-de-la-humanidad-en-los-montes-harz\\\/mercado-de-navidad-en-goslar\\\/#primaryimage\"},\"image\":{\"@id\":\"https:\\\/\\\/9staedte.de\\\/es\\\/goslar-patrimonio-de-la-humanidad-en-los-montes-harz\\\/mercado-de-navidad-en-goslar\\\/#primaryimage\"},\"thumbnailUrl\":\"https:\\\/\\\/9staedte.de\\\/wp-content\\\/uploads\\\/2025\\\/02\\\/Goslar-Christmas-Market-Blue-hour-c-GOSLAR-marketing-Michael-Abid.jpg\",\"datePublished\":\"2023-11-02T08:48:23+00:00\",\"dateModified\":\"2026-03-23T12:13:00+00:00\",\"description\":\"Con la plaza del mercado como tel\u00f3n de fondo, las caba\u00f1as de madera decoradas con cari\u00f1o invitan a darse un fest\u00edn. Una atracci\u00f3n especial es el bosque de Navidad.\",\"breadcrumb\":{\"@id\":\"https:\\\/\\\/9staedte.de\\\/es\\\/goslar-patrimonio-de-la-humanidad-en-los-montes-harz\\\/mercado-de-navidad-en-goslar\\\/#breadcrumb\"},\"inLanguage\":\"es\",\"potentialAction\":[{\"@type\":\"ReadAction\",\"target\":[\"https:\\\/\\\/9staedte.de\\\/es\\\/goslar-patrimonio-de-la-humanidad-en-los-montes-harz\\\/mercado-de-navidad-en-goslar\\\/\"]}]},{\"@type\":\"ImageObject\",\"inLanguage\":\"es\",\"@id\":\"https:\\\/\\\/9staedte.de\\\/es\\\/goslar-patrimonio-de-la-humanidad-en-los-montes-harz\\\/mercado-de-navidad-en-goslar\\\/#primaryimage\",\"url\":\"https:\\\/\\\/9staedte.de\\\/wp-content\\\/uploads\\\/2025\\\/02\\\/Goslar-Christmas-Market-Blue-hour-c-GOSLAR-marketing-Michael-Abid.jpg\",\"contentUrl\":\"https:\\\/\\\/9staedte.de\\\/wp-content\\\/uploads\\\/2025\\\/02\\\/Goslar-Christmas-Market-Blue-hour-c-GOSLAR-marketing-Michael-Abid.jpg\",\"width\":1020,\"height\":560,\"caption\":\"Goslar Christmas Market Blue hour c) GOSLAR marketing Michael Abid\"},{\"@type\":\"BreadcrumbList\",\"@id\":\"https:\\\/\\\/9staedte.de\\\/es\\\/goslar-patrimonio-de-la-humanidad-en-los-montes-harz\\\/mercado-de-navidad-en-goslar\\\/#breadcrumb\",\"itemListElement\":[{\"@type\":\"ListItem\",\"position\":1,\"name\":\"Startseite\",\"item\":\"https:\\\/\\\/9staedte.de\\\/es\\\/\"},{\"@type\":\"ListItem\",\"position\":2,\"name\":\"Goslar &#8211; Patrimonio de la Humanidad en los montes Harz\",\"item\":\"https:\\\/\\\/9staedte.de\\\/es\\\/goslar-patrimonio-de-la-humanidad-en-los-montes-harz\\\/\"},{\"@type\":\"ListItem\",\"position\":3,\"name\":\"Mercado de Navidad en Goslar\"}]},{\"@type\":\"WebSite\",\"@id\":\"https:\\\/\\\/9staedte.de\\\/es\\\/#website\",\"url\":\"https:\\\/\\\/9staedte.de\\\/es\\\/\",\"name\":\"9 St\u00e4dte in Niedersachsen\",\"description\":\"\",\"publisher\":{\"@id\":\"https:\\\/\\\/9staedte.de\\\/es\\\/#organization\"},\"potentialAction\":[{\"@type\":\"SearchAction\",\"target\":{\"@type\":\"EntryPoint\",\"urlTemplate\":\"https:\\\/\\\/9staedte.de\\\/es\\\/?s={search_term_string}\"},\"query-input\":{\"@type\":\"PropertyValueSpecification\",\"valueRequired\":true,\"valueName\":\"search_term_string\"}}],\"inLanguage\":\"es\"},{\"@type\":\"Organization\",\"@id\":\"https:\\\/\\\/9staedte.de\\\/es\\\/#organization\",\"name\":\"9 St\u00e4dte in Niedersachsen\",\"url\":\"https:\\\/\\\/9staedte.de\\\/es\\\/\",\"logo\":{\"@type\":\"ImageObject\",\"inLanguage\":\"es\",\"@id\":\"https:\\\/\\\/9staedte.de\\\/es\\\/#\\\/schema\\\/logo\\\/image\\\/\",\"url\":\"https:\\\/\\\/9staedte.de\\\/wp-content\\\/uploads\\\/2025\\\/01\\\/9-neg-deutsch-2-1.png\",\"contentUrl\":\"https:\\\/\\\/9staedte.de\\\/wp-content\\\/uploads\\\/2025\\\/01\\\/9-neg-deutsch-2-1.png\",\"width\":190,\"height\":114,\"caption\":\"9 St\u00e4dte in Niedersachsen\"},\"image\":{\"@id\":\"https:\\\/\\\/9staedte.de\\\/es\\\/#\\\/schema\\\/logo\\\/image\\\/\"}}]}<\/script>\n<!-- \/ Yoast SEO plugin. -->","yoast_head_json":{"title":"Mercado de Navidad en Goslar - 9 St\u00e4dte in Niedersachsen","description":"Con la plaza del mercado como tel\u00f3n de fondo, las caba\u00f1as de madera decoradas con cari\u00f1o invitan a darse un fest\u00edn. Una atracci\u00f3n especial es el bosque de Navidad.","robots":{"index":"index","follow":"follow","max-snippet":"max-snippet:-1","max-image-preview":"max-image-preview:large","max-video-preview":"max-video-preview:-1"},"canonical":"https:\/\/9staedte.de\/es\/goslar-patrimonio-de-la-humanidad-en-los-montes-harz\/mercado-de-navidad-en-goslar\/","og_locale":"es_ES","og_type":"article","og_title":"Mercado de Navidad en Goslar - 9 St\u00e4dte in Niedersachsen","og_description":"Con la plaza del mercado como tel\u00f3n de fondo, las caba\u00f1as de madera decoradas con cari\u00f1o invitan a darse un fest\u00edn. Una atracci\u00f3n especial es el bosque de Navidad.","og_url":"https:\/\/9staedte.de\/es\/goslar-patrimonio-de-la-humanidad-en-los-montes-harz\/mercado-de-navidad-en-goslar\/","og_site_name":"9 St\u00e4dte in Niedersachsen","article_modified_time":"2026-03-23T12:13:00+00:00","og_image":[{"width":1020,"height":560,"url":"https:\/\/9staedte.de\/wp-content\/uploads\/2025\/02\/Goslar-Christmas-Market-Blue-hour-c-GOSLAR-marketing-Michael-Abid.jpg","type":"image\/jpeg"}],"twitter_card":"summary_large_image","twitter_misc":{"Tiempo de lectura":"1 minuto"},"schema":{"@context":"https:\/\/schema.org","@graph":[{"@type":"WebPage","@id":"https:\/\/9staedte.de\/es\/goslar-patrimonio-de-la-humanidad-en-los-montes-harz\/mercado-de-navidad-en-goslar\/","url":"https:\/\/9staedte.de\/es\/goslar-patrimonio-de-la-humanidad-en-los-montes-harz\/mercado-de-navidad-en-goslar\/","name":"Mercado de Navidad en Goslar - 9 St\u00e4dte in Niedersachsen","isPartOf":{"@id":"https:\/\/9staedte.de\/es\/#website"},"primaryImageOfPage":{"@id":"https:\/\/9staedte.de\/es\/goslar-patrimonio-de-la-humanidad-en-los-montes-harz\/mercado-de-navidad-en-goslar\/#primaryimage"},"image":{"@id":"https:\/\/9staedte.de\/es\/goslar-patrimonio-de-la-humanidad-en-los-montes-harz\/mercado-de-navidad-en-goslar\/#primaryimage"},"thumbnailUrl":"https:\/\/9staedte.de\/wp-content\/uploads\/2025\/02\/Goslar-Christmas-Market-Blue-hour-c-GOSLAR-marketing-Michael-Abid.jpg","datePublished":"2023-11-02T08:48:23+00:00","dateModified":"2026-03-23T12:13:00+00:00","description":"Con la plaza del mercado como tel\u00f3n de fondo, las caba\u00f1as de madera decoradas con cari\u00f1o invitan a darse un fest\u00edn. Una atracci\u00f3n especial es el bosque de Navidad.","breadcrumb":{"@id":"https:\/\/9staedte.de\/es\/goslar-patrimonio-de-la-humanidad-en-los-montes-harz\/mercado-de-navidad-en-goslar\/#breadcrumb"},"inLanguage":"es","potentialAction":[{"@type":"ReadAction","target":["https:\/\/9staedte.de\/es\/goslar-patrimonio-de-la-humanidad-en-los-montes-harz\/mercado-de-navidad-en-goslar\/"]}]},{"@type":"ImageObject","inLanguage":"es","@id":"https:\/\/9staedte.de\/es\/goslar-patrimonio-de-la-humanidad-en-los-montes-harz\/mercado-de-navidad-en-goslar\/#primaryimage","url":"https:\/\/9staedte.de\/wp-content\/uploads\/2025\/02\/Goslar-Christmas-Market-Blue-hour-c-GOSLAR-marketing-Michael-Abid.jpg","contentUrl":"https:\/\/9staedte.de\/wp-content\/uploads\/2025\/02\/Goslar-Christmas-Market-Blue-hour-c-GOSLAR-marketing-Michael-Abid.jpg","width":1020,"height":560,"caption":"Goslar Christmas Market Blue hour c) GOSLAR marketing Michael Abid"},{"@type":"BreadcrumbList","@id":"https:\/\/9staedte.de\/es\/goslar-patrimonio-de-la-humanidad-en-los-montes-harz\/mercado-de-navidad-en-goslar\/#breadcrumb","itemListElement":[{"@type":"ListItem","position":1,"name":"Startseite","item":"https:\/\/9staedte.de\/es\/"},{"@type":"ListItem","position":2,"name":"Goslar &#8211; Patrimonio de la Humanidad en los montes Harz","item":"https:\/\/9staedte.de\/es\/goslar-patrimonio-de-la-humanidad-en-los-montes-harz\/"},{"@type":"ListItem","position":3,"name":"Mercado de Navidad en Goslar"}]},{"@type":"WebSite","@id":"https:\/\/9staedte.de\/es\/#website","url":"https:\/\/9staedte.de\/es\/","name":"9 St\u00e4dte in Niedersachsen","description":"","publisher":{"@id":"https:\/\/9staedte.de\/es\/#organization"},"potentialAction":[{"@type":"SearchAction","target":{"@type":"EntryPoint","urlTemplate":"https:\/\/9staedte.de\/es\/?s={search_term_string}"},"query-input":{"@type":"PropertyValueSpecification","valueRequired":true,"valueName":"search_term_string"}}],"inLanguage":"es"},{"@type":"Organization","@id":"https:\/\/9staedte.de\/es\/#organization","name":"9 St\u00e4dte in Niedersachsen","url":"https:\/\/9staedte.de\/es\/","logo":{"@type":"ImageObject","inLanguage":"es","@id":"https:\/\/9staedte.de\/es\/#\/schema\/logo\/image\/","url":"https:\/\/9staedte.de\/wp-content\/uploads\/2025\/01\/9-neg-deutsch-2-1.png","contentUrl":"https:\/\/9staedte.de\/wp-content\/uploads\/2025\/01\/9-neg-deutsch-2-1.png","width":190,"height":114,"caption":"9 St\u00e4dte in Niedersachsen"},"image":{"@id":"https:\/\/9staedte.de\/es\/#\/schema\/logo\/image\/"}}]}},"_links":{"self":[{"href":"https:\/\/9staedte.de\/es\/wp-json\/wp\/v2\/pages\/17310","targetHints":{"allow":["GET"]}}],"collection":[{"href":"https:\/\/9staedte.de\/es\/wp-json\/wp\/v2\/pages"}],"about":[{"href":"https:\/\/9staedte.de\/es\/wp-json\/wp\/v2\/types\/page"}],"author":[{"embeddable":true,"href":"https:\/\/9staedte.de\/es\/wp-json\/wp\/v2\/users\/1"}],"replies":[{"embeddable":true,"href":"https:\/\/9staedte.de\/es\/wp-json\/wp\/v2\/comments?post=17310"}],"version-history":[{"count":8,"href":"https:\/\/9staedte.de\/es\/wp-json\/wp\/v2\/pages\/17310\/revisions"}],"predecessor-version":[{"id":27667,"href":"https:\/\/9staedte.de\/es\/wp-json\/wp\/v2\/pages\/17310\/revisions\/27667"}],"up":[{"embeddable":true,"href":"https:\/\/9staedte.de\/es\/wp-json\/wp\/v2\/pages\/17997"}],"wp:featuredmedia":[{"embeddable":true,"href":"https:\/\/9staedte.de\/es\/wp-json\/wp\/v2\/media\/24573"}],"wp:attachment":[{"href":"https:\/\/9staedte.de\/es\/wp-json\/wp\/v2\/media?parent=17310"}],"wp:term":[{"taxonomy":"category","embeddable":true,"href":"https:\/\/9staedte.de\/es\/wp-json\/wp\/v2\/categories?post=17310"},{"taxonomy":"post_tag","embeddable":true,"href":"https:\/\/9staedte.de\/es\/wp-json\/wp\/v2\/tags?post=17310"},{"taxonomy":"ncap_cities_tax","embeddable":true,"href":"https:\/\/9staedte.de\/es\/wp-json\/wp\/v2\/ncap_cities_tax?post=17310"}],"curies":[{"name":"wp","href":"https:\/\/api.w.org\/{rel}","templated":true}]}}