{"id":17276,"date":"2023-11-02T09:47:52","date_gmt":"2023-11-02T08:47:52","guid":{"rendered":"https:\/\/9staedte.de\/goslar-descubrir-de-forma-sostenible\/"},"modified":"2024-05-08T15:15:52","modified_gmt":"2024-05-08T13:15:52","slug":"goslar-descubrir-de-forma-sostenible","status":"publish","type":"page","link":"https:\/\/9staedte.de\/es\/goslar-patrimonio-de-la-humanidad-en-los-montes-harz\/goslar-descubrir-de-forma-sostenible\/","title":{"rendered":"Goslar &#8211; descubrir de forma sostenible"},"content":{"rendered":"\n<h2 class=\"wp-block-heading\">Momentos inolvidables en la ciudad imperial<\/h2>\n\n\n\n<p>Viva momentos inolvidables en la milenaria ciudad imperial. Descubra la magia medieval, las callejuelas estrechas, las casas con entramado de pizarra y el ambiente nost\u00e1lgico. Sum\u00e9rjase en la historia, contemple la impresionante arquitectura hist\u00f3rica y descubra sus momentos m\u00e1s destacados. En una excursi\u00f3n a pie o en una ruta guiada en bicicleta podr\u00e1 desconectar de la vida cotidiana y disfrutar del aire fresco de las monta\u00f1as del Harz.<\/p>\n\n\n\n\n<div class=\"banner-wrapper\">\n  <div class=\"banner-inner \">\n      <div class=\"img-container\">\n      <div class=\"img-wrapper\">\n        <img decoding=\"async\" src=\"https:\/\/9staedte.de\/wp-content\/smush-webp\/2023\/02\/Goslar-c-Martin-Kirchner.jpg.webp\" alt=\"La imagen muestra una calle antigua en Goslar. Hay casas con madera a los lados. La calle est\u00e1 hecha de piedras peque\u00f1as. Dos personas van en bicicleta. El sol brilla sobre las casas. Todo se ve tranquilo y bonito.\" \/>\n                  <div class=\"thumbnail-label\">\n            <span>Goslar, Peterstrasse c) Martin Kirchner<\/span>\n          <\/div>\n              <\/div>\n    <\/div>\n        <div class=\"text-container\">\n      <div class=\"content\">\n        <h2>Viva Goslar de forma sostenible: 9 consejos<\/h2>\n<p>&#8211; Rel\u00e1jese durante el viaje en tren: Goslar dispone de conexi\u00f3n ferroviaria (transporte regional), por ejemplo, con las estaciones ICE de Hannover, Hildesheim y Braunschweig.<\/p>\n<p>&#8211; Explore las monta\u00f1as del Harz en autob\u00fas y tren. Los hu\u00e9spedes que pernocten viajar\u00e1n gratis con HATIX.<\/p>\n<p>&#8211; Saborea delicias vegetarianas y veganas en el caf\u00e9-bistr\u00f3 Schneeweiss &amp; Rosenrot o en el restaurante Soup &amp; Soul Kitchen.<\/p>\n<p>&#8211; Ahorra pl\u00e1stico al hacer la compra y visita el Unverpackt Laden Goslar.<\/p>\n<p>&#8211; Disfrute de forma consciente y regional con la marca \u00abTypisch Harz\u00bb, por ejemplo en B\u00e4cker Braun, Brauhaus Goslar, Klosterbrennerei W\u00f6ltingerode, Fleischerei Henning Klu\u00df o Klosterimkerei Grauhof.<\/p>\n<p>&#8211; Pasee por uno de los mercados semanales de Goslar y compre productos frescos regionales y de temporada a los comerciantes locales.<\/p>\n<p>&#8211; Pasee por las acogedoras callejuelas del casco antiguo de Goslar, con sus tiendas regentadas por sus propietarios y sus llamativas casas de pizarra y entramado de madera, y explore la ciudad con nuestra audiogu\u00eda.<\/p>\n<p>&#8211; Descubra las monta\u00f1as del Harz y su hermosa naturaleza sobre dos ruedas en una excursi\u00f3n guiada en bicicleta el\u00e9ctrica, bicicleta de trekking o bicicleta de monta\u00f1a.<\/p>\n<p>&#8211; Recorre el Liebesbankweg en Hahnenklee y disfruta de la naturaleza.<\/p>\n      <\/div>\n    <\/div>\n    <\/div>\n<\/div>\n\n","protected":false},"excerpt":{"rendered":"<p>Momentos inolvidables en la ciudad imperial Viva momentos inolvidables en la milenaria ciudad imperial. Descubra la magia medieval, las callejuelas estrechas, las casas con entramado de pizarra y el ambiente nost\u00e1lgico. Sum\u00e9rjase en la historia, contemple la impresionante arquitectura hist\u00f3rica y descubra sus momentos m\u00e1s destacados. En una excursi\u00f3n a pie o en una ruta [&hellip;]<\/p>\n","protected":false},"author":1,"featured_media":17278,"parent":17997,"menu_order":0,"comment_status":"closed","ping_status":"closed","template":"pagetemplates\/template-stadtthema.php","meta":{"_acf_changed":false,"footnotes":""},"categories":[],"tags":[],"ncap_cities_tax":[443,983],"class_list":["post-17276","page","type-page","status-publish","has-post-thumbnail","hentry","ncap_cities_tax-goslar-es","ncap_cities_tax-naturerlebnisse-und-nachhaltigkeit-goslar-es"],"acf":[],"yoast_head":"<!-- This site is optimized with the Yoast SEO plugin v26.8 - https:\/\/yoast.com\/product\/yoast-seo-wordpress\/ -->\n<title>Goslar - descubrir de forma sostenible - 9 St\u00e4dte in Niedersachsen<\/title>\n<meta name=\"robots\" content=\"index, follow, max-snippet:-1, max-image-preview:large, max-video-preview:-1\" \/>\n<link rel=\"canonical\" href=\"https:\/\/9staedte.de\/es\/goslar-patrimonio-de-la-humanidad-en-los-montes-harz\/goslar-descubrir-de-forma-sostenible\/\" \/>\n<meta property=\"og:locale\" content=\"es_ES\" \/>\n<meta property=\"og:type\" content=\"article\" \/>\n<meta property=\"og:title\" content=\"Goslar - descubrir de forma sostenible - 9 St\u00e4dte in Niedersachsen\" \/>\n<meta property=\"og:description\" content=\"Momentos inolvidables en la ciudad imperial Viva momentos inolvidables en la milenaria ciudad imperial. Descubra la magia medieval, las callejuelas estrechas, las casas con entramado de pizarra y el ambiente nost\u00e1lgico. Sum\u00e9rjase en la historia, contemple la impresionante arquitectura hist\u00f3rica y descubra sus momentos m\u00e1s destacados. En una excursi\u00f3n a pie o en una ruta [&hellip;]\" \/>\n<meta property=\"og:url\" content=\"https:\/\/9staedte.de\/es\/goslar-patrimonio-de-la-humanidad-en-los-montes-harz\/goslar-descubrir-de-forma-sostenible\/\" \/>\n<meta property=\"og:site_name\" content=\"9 St\u00e4dte in Niedersachsen\" \/>\n<meta property=\"article:modified_time\" content=\"2024-05-08T13:15:52+00:00\" \/>\n<meta property=\"og:image\" content=\"https:\/\/9staedte.de\/wp-content\/uploads\/2023\/02\/Mountainbiking_GOSLAR_marketing_gmbh.jpg\" \/>\n\t<meta property=\"og:image:width\" content=\"1020\" \/>\n\t<meta property=\"og:image:height\" content=\"569\" \/>\n\t<meta property=\"og:image:type\" content=\"image\/jpeg\" \/>\n<meta name=\"twitter:card\" content=\"summary_large_image\" \/>\n<meta name=\"twitter:label1\" content=\"Tiempo de lectura\" \/>\n\t<meta name=\"twitter:data1\" content=\"1 minuto\" \/>\n<script type=\"application\/ld+json\" class=\"yoast-schema-graph\">{\"@context\":\"https:\/\/schema.org\",\"@graph\":[{\"@type\":\"WebPage\",\"@id\":\"https:\/\/9staedte.de\/es\/goslar-patrimonio-de-la-humanidad-en-los-montes-harz\/goslar-descubrir-de-forma-sostenible\/\",\"url\":\"https:\/\/9staedte.de\/es\/goslar-patrimonio-de-la-humanidad-en-los-montes-harz\/goslar-descubrir-de-forma-sostenible\/\",\"name\":\"Goslar - descubrir de forma sostenible - 9 St\u00e4dte in Niedersachsen\",\"isPartOf\":{\"@id\":\"https:\/\/9staedte.de\/es\/#website\"},\"primaryImageOfPage\":{\"@id\":\"https:\/\/9staedte.de\/es\/goslar-patrimonio-de-la-humanidad-en-los-montes-harz\/goslar-descubrir-de-forma-sostenible\/#primaryimage\"},\"image\":{\"@id\":\"https:\/\/9staedte.de\/es\/goslar-patrimonio-de-la-humanidad-en-los-montes-harz\/goslar-descubrir-de-forma-sostenible\/#primaryimage\"},\"thumbnailUrl\":\"https:\/\/9staedte.de\/wp-content\/uploads\/2023\/02\/Mountainbiking_GOSLAR_marketing_gmbh.jpg\",\"datePublished\":\"2023-11-02T08:47:52+00:00\",\"dateModified\":\"2024-05-08T13:15:52+00:00\",\"breadcrumb\":{\"@id\":\"https:\/\/9staedte.de\/es\/goslar-patrimonio-de-la-humanidad-en-los-montes-harz\/goslar-descubrir-de-forma-sostenible\/#breadcrumb\"},\"inLanguage\":\"es\",\"potentialAction\":[{\"@type\":\"ReadAction\",\"target\":[\"https:\/\/9staedte.de\/es\/goslar-patrimonio-de-la-humanidad-en-los-montes-harz\/goslar-descubrir-de-forma-sostenible\/\"]}]},{\"@type\":\"ImageObject\",\"inLanguage\":\"es\",\"@id\":\"https:\/\/9staedte.de\/es\/goslar-patrimonio-de-la-humanidad-en-los-montes-harz\/goslar-descubrir-de-forma-sostenible\/#primaryimage\",\"url\":\"https:\/\/9staedte.de\/wp-content\/uploads\/2023\/02\/Mountainbiking_GOSLAR_marketing_gmbh.jpg\",\"contentUrl\":\"https:\/\/9staedte.de\/wp-content\/uploads\/2023\/02\/Mountainbiking_GOSLAR_marketing_gmbh.jpg\",\"width\":1020,\"height\":569,\"caption\":\"Mountainbiking_GOSLAR_marketing_gmbh\"},{\"@type\":\"BreadcrumbList\",\"@id\":\"https:\/\/9staedte.de\/es\/goslar-patrimonio-de-la-humanidad-en-los-montes-harz\/goslar-descubrir-de-forma-sostenible\/#breadcrumb\",\"itemListElement\":[{\"@type\":\"ListItem\",\"position\":1,\"name\":\"Startseite\",\"item\":\"https:\/\/9staedte.de\/es\/\"},{\"@type\":\"ListItem\",\"position\":2,\"name\":\"Goslar &#8211; Patrimonio de la Humanidad en los montes Harz\",\"item\":\"https:\/\/9staedte.de\/es\/goslar-patrimonio-de-la-humanidad-en-los-montes-harz\/\"},{\"@type\":\"ListItem\",\"position\":3,\"name\":\"Goslar &#8211; descubrir de forma sostenible\"}]},{\"@type\":\"WebSite\",\"@id\":\"https:\/\/9staedte.de\/es\/#website\",\"url\":\"https:\/\/9staedte.de\/es\/\",\"name\":\"9 St\u00e4dte in Niedersachsen\",\"description\":\"\",\"publisher\":{\"@id\":\"https:\/\/9staedte.de\/es\/#organization\"},\"potentialAction\":[{\"@type\":\"SearchAction\",\"target\":{\"@type\":\"EntryPoint\",\"urlTemplate\":\"https:\/\/9staedte.de\/es\/?s={search_term_string}\"},\"query-input\":{\"@type\":\"PropertyValueSpecification\",\"valueRequired\":true,\"valueName\":\"search_term_string\"}}],\"inLanguage\":\"es\"},{\"@type\":\"Organization\",\"@id\":\"https:\/\/9staedte.de\/es\/#organization\",\"name\":\"9 St\u00e4dte in Niedersachsen\",\"url\":\"https:\/\/9staedte.de\/es\/\",\"logo\":{\"@type\":\"ImageObject\",\"inLanguage\":\"es\",\"@id\":\"https:\/\/9staedte.de\/es\/#\/schema\/logo\/image\/\",\"url\":\"https:\/\/9staedte.de\/wp-content\/uploads\/2025\/01\/9-neg-deutsch-2-1.png\",\"contentUrl\":\"https:\/\/9staedte.de\/wp-content\/uploads\/2025\/01\/9-neg-deutsch-2-1.png\",\"width\":190,\"height\":114,\"caption\":\"9 St\u00e4dte in Niedersachsen\"},\"image\":{\"@id\":\"https:\/\/9staedte.de\/es\/#\/schema\/logo\/image\/\"}}]}<\/script>\n<!-- \/ Yoast SEO plugin. -->","yoast_head_json":{"title":"Goslar - descubrir de forma sostenible - 9 St\u00e4dte in Niedersachsen","robots":{"index":"index","follow":"follow","max-snippet":"max-snippet:-1","max-image-preview":"max-image-preview:large","max-video-preview":"max-video-preview:-1"},"canonical":"https:\/\/9staedte.de\/es\/goslar-patrimonio-de-la-humanidad-en-los-montes-harz\/goslar-descubrir-de-forma-sostenible\/","og_locale":"es_ES","og_type":"article","og_title":"Goslar - descubrir de forma sostenible - 9 St\u00e4dte in Niedersachsen","og_description":"Momentos inolvidables en la ciudad imperial Viva momentos inolvidables en la milenaria ciudad imperial. Descubra la magia medieval, las callejuelas estrechas, las casas con entramado de pizarra y el ambiente nost\u00e1lgico. Sum\u00e9rjase en la historia, contemple la impresionante arquitectura hist\u00f3rica y descubra sus momentos m\u00e1s destacados. En una excursi\u00f3n a pie o en una ruta [&hellip;]","og_url":"https:\/\/9staedte.de\/es\/goslar-patrimonio-de-la-humanidad-en-los-montes-harz\/goslar-descubrir-de-forma-sostenible\/","og_site_name":"9 St\u00e4dte in Niedersachsen","article_modified_time":"2024-05-08T13:15:52+00:00","og_image":[{"width":1020,"height":569,"url":"https:\/\/9staedte.de\/wp-content\/uploads\/2023\/02\/Mountainbiking_GOSLAR_marketing_gmbh.jpg","type":"image\/jpeg"}],"twitter_card":"summary_large_image","twitter_misc":{"Tiempo de lectura":"1 minuto"},"schema":{"@context":"https:\/\/schema.org","@graph":[{"@type":"WebPage","@id":"https:\/\/9staedte.de\/es\/goslar-patrimonio-de-la-humanidad-en-los-montes-harz\/goslar-descubrir-de-forma-sostenible\/","url":"https:\/\/9staedte.de\/es\/goslar-patrimonio-de-la-humanidad-en-los-montes-harz\/goslar-descubrir-de-forma-sostenible\/","name":"Goslar - descubrir de forma sostenible - 9 St\u00e4dte in Niedersachsen","isPartOf":{"@id":"https:\/\/9staedte.de\/es\/#website"},"primaryImageOfPage":{"@id":"https:\/\/9staedte.de\/es\/goslar-patrimonio-de-la-humanidad-en-los-montes-harz\/goslar-descubrir-de-forma-sostenible\/#primaryimage"},"image":{"@id":"https:\/\/9staedte.de\/es\/goslar-patrimonio-de-la-humanidad-en-los-montes-harz\/goslar-descubrir-de-forma-sostenible\/#primaryimage"},"thumbnailUrl":"https:\/\/9staedte.de\/wp-content\/uploads\/2023\/02\/Mountainbiking_GOSLAR_marketing_gmbh.jpg","datePublished":"2023-11-02T08:47:52+00:00","dateModified":"2024-05-08T13:15:52+00:00","breadcrumb":{"@id":"https:\/\/9staedte.de\/es\/goslar-patrimonio-de-la-humanidad-en-los-montes-harz\/goslar-descubrir-de-forma-sostenible\/#breadcrumb"},"inLanguage":"es","potentialAction":[{"@type":"ReadAction","target":["https:\/\/9staedte.de\/es\/goslar-patrimonio-de-la-humanidad-en-los-montes-harz\/goslar-descubrir-de-forma-sostenible\/"]}]},{"@type":"ImageObject","inLanguage":"es","@id":"https:\/\/9staedte.de\/es\/goslar-patrimonio-de-la-humanidad-en-los-montes-harz\/goslar-descubrir-de-forma-sostenible\/#primaryimage","url":"https:\/\/9staedte.de\/wp-content\/uploads\/2023\/02\/Mountainbiking_GOSLAR_marketing_gmbh.jpg","contentUrl":"https:\/\/9staedte.de\/wp-content\/uploads\/2023\/02\/Mountainbiking_GOSLAR_marketing_gmbh.jpg","width":1020,"height":569,"caption":"Mountainbiking_GOSLAR_marketing_gmbh"},{"@type":"BreadcrumbList","@id":"https:\/\/9staedte.de\/es\/goslar-patrimonio-de-la-humanidad-en-los-montes-harz\/goslar-descubrir-de-forma-sostenible\/#breadcrumb","itemListElement":[{"@type":"ListItem","position":1,"name":"Startseite","item":"https:\/\/9staedte.de\/es\/"},{"@type":"ListItem","position":2,"name":"Goslar &#8211; Patrimonio de la Humanidad en los montes Harz","item":"https:\/\/9staedte.de\/es\/goslar-patrimonio-de-la-humanidad-en-los-montes-harz\/"},{"@type":"ListItem","position":3,"name":"Goslar &#8211; descubrir de forma sostenible"}]},{"@type":"WebSite","@id":"https:\/\/9staedte.de\/es\/#website","url":"https:\/\/9staedte.de\/es\/","name":"9 St\u00e4dte in Niedersachsen","description":"","publisher":{"@id":"https:\/\/9staedte.de\/es\/#organization"},"potentialAction":[{"@type":"SearchAction","target":{"@type":"EntryPoint","urlTemplate":"https:\/\/9staedte.de\/es\/?s={search_term_string}"},"query-input":{"@type":"PropertyValueSpecification","valueRequired":true,"valueName":"search_term_string"}}],"inLanguage":"es"},{"@type":"Organization","@id":"https:\/\/9staedte.de\/es\/#organization","name":"9 St\u00e4dte in Niedersachsen","url":"https:\/\/9staedte.de\/es\/","logo":{"@type":"ImageObject","inLanguage":"es","@id":"https:\/\/9staedte.de\/es\/#\/schema\/logo\/image\/","url":"https:\/\/9staedte.de\/wp-content\/uploads\/2025\/01\/9-neg-deutsch-2-1.png","contentUrl":"https:\/\/9staedte.de\/wp-content\/uploads\/2025\/01\/9-neg-deutsch-2-1.png","width":190,"height":114,"caption":"9 St\u00e4dte in Niedersachsen"},"image":{"@id":"https:\/\/9staedte.de\/es\/#\/schema\/logo\/image\/"}}]}},"_links":{"self":[{"href":"https:\/\/9staedte.de\/es\/wp-json\/wp\/v2\/pages\/17276","targetHints":{"allow":["GET"]}}],"collection":[{"href":"https:\/\/9staedte.de\/es\/wp-json\/wp\/v2\/pages"}],"about":[{"href":"https:\/\/9staedte.de\/es\/wp-json\/wp\/v2\/types\/page"}],"author":[{"embeddable":true,"href":"https:\/\/9staedte.de\/es\/wp-json\/wp\/v2\/users\/1"}],"replies":[{"embeddable":true,"href":"https:\/\/9staedte.de\/es\/wp-json\/wp\/v2\/comments?post=17276"}],"version-history":[{"count":4,"href":"https:\/\/9staedte.de\/es\/wp-json\/wp\/v2\/pages\/17276\/revisions"}],"predecessor-version":[{"id":22272,"href":"https:\/\/9staedte.de\/es\/wp-json\/wp\/v2\/pages\/17276\/revisions\/22272"}],"up":[{"embeddable":true,"href":"https:\/\/9staedte.de\/es\/wp-json\/wp\/v2\/pages\/17997"}],"wp:featuredmedia":[{"embeddable":true,"href":"https:\/\/9staedte.de\/es\/wp-json\/wp\/v2\/media\/17278"}],"wp:attachment":[{"href":"https:\/\/9staedte.de\/es\/wp-json\/wp\/v2\/media?parent=17276"}],"wp:term":[{"taxonomy":"category","embeddable":true,"href":"https:\/\/9staedte.de\/es\/wp-json\/wp\/v2\/categories?post=17276"},{"taxonomy":"post_tag","embeddable":true,"href":"https:\/\/9staedte.de\/es\/wp-json\/wp\/v2\/tags?post=17276"},{"taxonomy":"ncap_cities_tax","embeddable":true,"href":"https:\/\/9staedte.de\/es\/wp-json\/wp\/v2\/ncap_cities_tax?post=17276"}],"curies":[{"name":"wp","href":"https:\/\/api.w.org\/{rel}","templated":true}]}}