{"id":17255,"date":"2023-11-02T09:47:48","date_gmt":"2023-11-02T08:47:48","guid":{"rendered":"https:\/\/9staedte.de\/mercados-navidenos-en-hannover\/"},"modified":"2026-03-23T17:17:02","modified_gmt":"2026-03-23T16:17:02","slug":"mercados-navidenos-en-hannover","status":"publish","type":"page","link":"https:\/\/9staedte.de\/es\/hannover-capital-de-baja-sajonia\/mercados-navidenos-en-hannover\/","title":{"rendered":"Mercados navide\u00f1os en Hannover"},"content":{"rendered":"\n<h2 class=\"wp-block-heading\">Mercado navide\u00f1o en el casco antiguo<\/h2>\n\n<p>D\u00e9jate hechizar por el rom\u00e1ntico escenario del mercado navide\u00f1o del casco antiguo. Adornos para \u00e1rboles de Navidad, artesan\u00eda y especialidades navide\u00f1as se ofrecen en<br\/>m\u00e1s de 190 puestos frente a edificios hist\u00f3ricos bellamente iluminados.  En el hist\u00f3rico pueblo navide\u00f1o, los artesanos ofrecen una visi\u00f3n de sus habilidades. Malabaristas y artistas ofrecen espect\u00e1culos emocionantes. Un pueblo navide\u00f1o finland\u00e9s tienta a los visitantes con salm\u00f3n flameado y gl\u00f6gi en Ballhofplatz. En medio del \u00abbosque de los pozos de los deseos\u00bb encontrar\u00e1s un anillo dorado en la fuente Oskar Winter.   Los deseos se hacen realidad cuando se gira este anillo&#8230;.<\/p>\n\n<h2 class=\"wp-block-heading\">Pueblo navide\u00f1o de Roncalli en la estaci\u00f3n principal de ferrocarril<\/h2>\n\n<p>Con la Estaci\u00f3n Central de Hannover como tel\u00f3n de fondo, la Aldea Navide\u00f1a Roncalli te invita a disfrutar de una experiencia festiva hasta el 30 de diciembre. Inspiradas en la arquitectura de entramado de madera de la Baja Sajonia, las caba\u00f1as decoradas con cari\u00f1o crean un ambiente de cuento de hadas. Lo m\u00e1s destacado es la noria hist\u00f3rica y las proyecciones de luz tres veces al d\u00eda, que iluminan la estaci\u00f3n con un resplandor festivo.    <\/p>\n\n<h2 class=\"wp-block-heading\">Jard\u00edn de Navidad en el Zoo Aventura de Hannover  <\/h2>\n\n<p>El Jard\u00edn Navide\u00f1o de Hannover aporta una atm\u00f3sfera m\u00e1gica al zoo de aventuras con radiantes instalaciones de luz. Un sendero circular reci\u00e9n iluminado de unos dos kil\u00f3metros de longitud promete horas m\u00e1gicas en el zoo de aventuras decorado con motivos navide\u00f1os. <br\/><a href=\"https:\/\/www.hannover.de\/Veranstaltungskalender\/Weihnachten\/Weihnachtsmarkt-Hannover\">Para m\u00e1s informaci\u00f3n<\/a><\/p>\n\n<h2 class=\"wp-block-heading\"><\/h2>\n\n\n<div class=\"banner-wrapper\">\n  <div class=\"banner-inner \">\n      <div class=\"img-container\">\n      <div class=\"img-wrapper\">\n        <img decoding=\"async\" src=\"https:\/\/9staedte.de\/wp-content\/smush-webp\/2025\/02\/Hannover-Christmas-Market-Old-Town-c-HMTG-Christian-Wyrwa.jpg.webp\" alt=\"Muchas personas visitan el pueblo navide\u00f1o hist\u00f3rico de Hannover, junto al r\u00edo Leine. Es de noche, las luces brillan y un gran \u00e1rbol est\u00e1 iluminado en color p\u00farpura.\" \/>\n                  <div class=\"thumbnail-label\">\n            <span>Hannover, DEU,\r\nWeihnachtsmarkt\r\n\r\nHannover Christmas Market Old Town medieval village c) HMTG Christian Wyrwa<\/span>\n          <\/div>\n              <\/div>\n    <\/div>\n        <div class=\"text-container\">\n      <div class=\"content\">\n        <h2>9 consejos para visitar el mercado de Navidad de Hannover<\/h2>\n<p>Disfruta de la \u00e9poca prenavide\u00f1a en la ciudad navide\u00f1a de Hannover.<\/p>\n<ul>\n<li>Mercado navide\u00f1o en el Lister Meile<\/li>\n<li>Variedades de invierno en el invernadero de los jardines de Herrenhausen<\/li>\n<li>Musical infantil en el GOP Variet\u00e9<\/li>\n<li>Visita guiada \u00abIluminando Hannover<\/li>\n<li>Compras navide\u00f1as en una de las mayores zonas peatonales de Alemania<\/li>\n<li>Pueblo navide\u00f1o en Lindener Berg todos los fines de semana de Adviento<\/li>\n<li>El programa de m\u00e1s de 50 etapas en Hannover: <a href=\"http:\/\/www.hannover.de\/buehnen\" target=\"_blank\" rel=\"noopener noreferrer\">www.hannover.de\/buehnen<\/a><\/li>\n<li>Paisaje del museo de Hannover<\/li>\n<li>Circo de Navidad en la Sch\u00fctzenplatz<\/li>\n<\/ul>\n      <\/div>\n    <\/div>\n    <\/div>\n<\/div>\n\n\n<div class=\"wp-block-columns is-layout-flex wp-container-core-columns-is-layout-9d6595d7 wp-block-columns-is-layout-flex\">\n<div class=\"wp-block-column is-layout-flow wp-block-column-is-layout-flow\" style=\"flex-basis:66.66%\">\n <div class=\"brlbs-cmpnt-container brlbs-cmpnt-content-blocker brlbs-cmpnt-with-individual-styles\" data-borlabs-cookie-content-blocker-id=\"google-maps\" data-borlabs-cookie-content=\"PGlmcmFtZSBzcmM9Imh0dHBzOi8vd3d3Lmdvb2dsZS5jb20vbWFwcy9kL2VtYmVkP21pZD0xVDQtMGI5RHFNcTlDdGE2bC04anVGUm9EZnNMaXRIWSZlaGJjPTJFMzEyRiIgd2lkdGg9IjY0MCIgaGVpZ2h0PSI0ODAiPjwvaWZyYW1lPg==\"><div class=\"brlbs-cmpnt-cb-preset-b brlbs-cmpnt-cb-google-maps\"> <div class=\"brlbs-cmpnt-cb-thumbnail\" style=\"background-image: url('https:\/\/9staedte.de\/wp-content\/uploads\/borlabs-cookie\/1\/brlbs-cb-google-maps-main.png')\"><\/div> <div class=\"brlbs-cmpnt-cb-main\"> <div class=\"brlbs-cmpnt-cb-content\"> <p class=\"brlbs-cmpnt-cb-description\">Est\u00e1s viendo un contenido de marcador de posici\u00f3n de <strong>Google Maps<\/strong>. Para acceder al contenido real, haz clic en el siguiente bot\u00f3n. Ten en cuenta que al hacerlo compartir\u00e1s datos con terceros proveedores.<\/p> <a class=\"brlbs-cmpnt-cb-provider-toggle\" href=\"#\" data-borlabs-cookie-show-provider-information role=\"button\">M\u00e1s informaci\u00f3n<\/a> <\/div> <div class=\"brlbs-cmpnt-cb-buttons\"> <a class=\"brlbs-cmpnt-cb-btn\" href=\"#\" data-borlabs-cookie-unblock role=\"button\">Desbloquear contenido<\/a> <a class=\"brlbs-cmpnt-cb-btn\" href=\"#\" data-borlabs-cookie-accept-service role=\"button\" style=\"display: inherit\">Aceptar el servicio requerido y desbloquear el contenido<\/a> <\/div> <\/div> <\/div><\/div>\n<\/div>\n\n\n\n<div class=\"wp-block-column is-layout-flow wp-block-column-is-layout-flow\" style=\"flex-basis:33.33%\">\n<h4 class=\"wp-block-heading\"><strong>Mercados navide\u00f1os en Hannover<\/strong><\/h4>\n\n\n\n<ul class=\"wp-block-list map-legend main-legend\">\n<li>Mercado navide\u00f1o frente a la estaci\u00f3n central<\/li>\n\n\n\n<li>Pir\u00e1mide de Navidad en Kr\u00f6pcke<\/li>\n\n\n\n<li>Mercado navide\u00f1o en el casco antiguo<\/li>\n\n\n\n<li>\u00abBosque del pozo de los deseos\u00bb<\/li>\n\n\n\n<li>Pueblo hist\u00f3rico a orillas del Leine<\/li>\n\n\n\n<li>Pueblo navide\u00f1o finland\u00e9s<\/li>\n\n\n\n<li>Mercado navide\u00f1o en el Lister Meile<\/li>\n\n\n\n<li>Jard\u00edn de Navidad en el Zoo de Aventuras de Hannover<\/li>\n\n\n\n<li>Variedades de invierno en el invernadero de Herrenhausen<\/li>\n<\/ul>\n<\/div>\n<\/div>\n\n<p><\/p>\n","protected":false},"excerpt":{"rendered":"<p>Mercado navide\u00f1o en el casco antiguo D\u00e9jate hechizar por el rom\u00e1ntico escenario del mercado navide\u00f1o del casco antiguo. Adornos para \u00e1rboles de Navidad, artesan\u00eda y especialidades navide\u00f1as se ofrecen enm\u00e1s de 190 puestos frente a edificios hist\u00f3ricos bellamente iluminados. En el hist\u00f3rico pueblo navide\u00f1o, los artesanos ofrecen una visi\u00f3n de sus habilidades. Malabaristas y artistas [&hellip;]<\/p>\n","protected":false},"author":1,"featured_media":27238,"parent":18054,"menu_order":0,"comment_status":"closed","ping_status":"closed","template":"pagetemplates\/template-stadtthema.php","meta":{"_acf_changed":false,"footnotes":""},"categories":[],"tags":[],"ncap_cities_tax":[459,529],"class_list":["post-17255","page","type-page","status-publish","has-post-thumbnail","hentry","ncap_cities_tax-hannover-es","ncap_cities_tax-weihnachtsmarkte-hannover-es"],"acf":[],"yoast_head":"<!-- This site is optimized with the Yoast SEO plugin v26.8 - https:\/\/yoast.com\/product\/yoast-seo-wordpress\/ -->\n<title>Mercados navide\u00f1os en Hannover - 9 St\u00e4dte in Niedersachsen<\/title>\n<meta name=\"description\" content=\"Tres mercados navide\u00f1os animan la ciudad. El mercado navide\u00f1o del casco antiguo es rico en tradiciones.\" \/>\n<meta name=\"robots\" content=\"index, follow, max-snippet:-1, max-image-preview:large, max-video-preview:-1\" \/>\n<link rel=\"canonical\" href=\"https:\/\/9staedte.de\/es\/hannover-capital-de-baja-sajonia\/mercados-navidenos-en-hannover\/\" \/>\n<meta property=\"og:locale\" content=\"es_ES\" \/>\n<meta property=\"og:type\" content=\"article\" \/>\n<meta property=\"og:title\" content=\"Mercados navide\u00f1os en Hannover - 9 St\u00e4dte in Niedersachsen\" \/>\n<meta property=\"og:description\" content=\"Tres mercados navide\u00f1os animan la ciudad. El mercado navide\u00f1o del casco antiguo es rico en tradiciones.\" \/>\n<meta property=\"og:url\" content=\"https:\/\/9staedte.de\/es\/hannover-capital-de-baja-sajonia\/mercados-navidenos-en-hannover\/\" \/>\n<meta property=\"og:site_name\" content=\"9 St\u00e4dte in Niedersachsen\" \/>\n<meta property=\"article:modified_time\" content=\"2026-03-23T16:17:02+00:00\" \/>\n<meta property=\"og:image\" content=\"https:\/\/9staedte.de\/wp-content\/uploads\/2025\/10\/Hannover-Roncalli-Christmas-Market-Main-Station-c-HMTG-Christian-Wyrwa-.jpg\" \/>\n\t<meta property=\"og:image:width\" content=\"1020\" \/>\n\t<meta property=\"og:image:height\" content=\"560\" \/>\n\t<meta property=\"og:image:type\" content=\"image\/jpeg\" \/>\n<meta name=\"twitter:card\" content=\"summary_large_image\" \/>\n<meta name=\"twitter:label1\" content=\"Tiempo de lectura\" \/>\n\t<meta name=\"twitter:data1\" content=\"3 minutos\" \/>\n<script type=\"application\/ld+json\" class=\"yoast-schema-graph\">{\"@context\":\"https:\/\/schema.org\",\"@graph\":[{\"@type\":\"WebPage\",\"@id\":\"https:\/\/9staedte.de\/es\/hannover-capital-de-baja-sajonia\/mercados-navidenos-en-hannover\/\",\"url\":\"https:\/\/9staedte.de\/es\/hannover-capital-de-baja-sajonia\/mercados-navidenos-en-hannover\/\",\"name\":\"Mercados navide\u00f1os en Hannover - 9 St\u00e4dte in Niedersachsen\",\"isPartOf\":{\"@id\":\"https:\/\/9staedte.de\/es\/#website\"},\"primaryImageOfPage\":{\"@id\":\"https:\/\/9staedte.de\/es\/hannover-capital-de-baja-sajonia\/mercados-navidenos-en-hannover\/#primaryimage\"},\"image\":{\"@id\":\"https:\/\/9staedte.de\/es\/hannover-capital-de-baja-sajonia\/mercados-navidenos-en-hannover\/#primaryimage\"},\"thumbnailUrl\":\"https:\/\/9staedte.de\/wp-content\/uploads\/2025\/10\/Hannover-Roncalli-Christmas-Market-Main-Station-c-HMTG-Christian-Wyrwa-.jpg\",\"datePublished\":\"2023-11-02T08:47:48+00:00\",\"dateModified\":\"2026-03-23T16:17:02+00:00\",\"description\":\"Tres mercados navide\u00f1os animan la ciudad. El mercado navide\u00f1o del casco antiguo es rico en tradiciones.\",\"breadcrumb\":{\"@id\":\"https:\/\/9staedte.de\/es\/hannover-capital-de-baja-sajonia\/mercados-navidenos-en-hannover\/#breadcrumb\"},\"inLanguage\":\"es\",\"potentialAction\":[{\"@type\":\"ReadAction\",\"target\":[\"https:\/\/9staedte.de\/es\/hannover-capital-de-baja-sajonia\/mercados-navidenos-en-hannover\/\"]}]},{\"@type\":\"ImageObject\",\"inLanguage\":\"es\",\"@id\":\"https:\/\/9staedte.de\/es\/hannover-capital-de-baja-sajonia\/mercados-navidenos-en-hannover\/#primaryimage\",\"url\":\"https:\/\/9staedte.de\/wp-content\/uploads\/2025\/10\/Hannover-Roncalli-Christmas-Market-Main-Station-c-HMTG-Christian-Wyrwa-.jpg\",\"contentUrl\":\"https:\/\/9staedte.de\/wp-content\/uploads\/2025\/10\/Hannover-Roncalli-Christmas-Market-Main-Station-c-HMTG-Christian-Wyrwa-.jpg\",\"width\":1020,\"height\":560,\"caption\":\"Hannover Roncalli Weihnachtsdorf vor dem Hauptbahnhof c) HMTG Christian Wyrwa\"},{\"@type\":\"BreadcrumbList\",\"@id\":\"https:\/\/9staedte.de\/es\/hannover-capital-de-baja-sajonia\/mercados-navidenos-en-hannover\/#breadcrumb\",\"itemListElement\":[{\"@type\":\"ListItem\",\"position\":1,\"name\":\"Startseite\",\"item\":\"https:\/\/9staedte.de\/es\/\"},{\"@type\":\"ListItem\",\"position\":2,\"name\":\"Hannover &#8211; Capital de Baja Sajonia\",\"item\":\"https:\/\/9staedte.de\/es\/hannover-capital-de-baja-sajonia\/\"},{\"@type\":\"ListItem\",\"position\":3,\"name\":\"Mercados navide\u00f1os en Hannover\"}]},{\"@type\":\"WebSite\",\"@id\":\"https:\/\/9staedte.de\/es\/#website\",\"url\":\"https:\/\/9staedte.de\/es\/\",\"name\":\"9 St\u00e4dte in Niedersachsen\",\"description\":\"\",\"publisher\":{\"@id\":\"https:\/\/9staedte.de\/es\/#organization\"},\"potentialAction\":[{\"@type\":\"SearchAction\",\"target\":{\"@type\":\"EntryPoint\",\"urlTemplate\":\"https:\/\/9staedte.de\/es\/?s={search_term_string}\"},\"query-input\":{\"@type\":\"PropertyValueSpecification\",\"valueRequired\":true,\"valueName\":\"search_term_string\"}}],\"inLanguage\":\"es\"},{\"@type\":\"Organization\",\"@id\":\"https:\/\/9staedte.de\/es\/#organization\",\"name\":\"9 St\u00e4dte in Niedersachsen\",\"url\":\"https:\/\/9staedte.de\/es\/\",\"logo\":{\"@type\":\"ImageObject\",\"inLanguage\":\"es\",\"@id\":\"https:\/\/9staedte.de\/es\/#\/schema\/logo\/image\/\",\"url\":\"https:\/\/9staedte.de\/wp-content\/uploads\/2025\/01\/9-neg-deutsch-2-1.png\",\"contentUrl\":\"https:\/\/9staedte.de\/wp-content\/uploads\/2025\/01\/9-neg-deutsch-2-1.png\",\"width\":190,\"height\":114,\"caption\":\"9 St\u00e4dte in Niedersachsen\"},\"image\":{\"@id\":\"https:\/\/9staedte.de\/es\/#\/schema\/logo\/image\/\"}}]}<\/script>\n<!-- \/ Yoast SEO plugin. -->","yoast_head_json":{"title":"Mercados navide\u00f1os en Hannover - 9 St\u00e4dte in Niedersachsen","description":"Tres mercados navide\u00f1os animan la ciudad. El mercado navide\u00f1o del casco antiguo es rico en tradiciones.","robots":{"index":"index","follow":"follow","max-snippet":"max-snippet:-1","max-image-preview":"max-image-preview:large","max-video-preview":"max-video-preview:-1"},"canonical":"https:\/\/9staedte.de\/es\/hannover-capital-de-baja-sajonia\/mercados-navidenos-en-hannover\/","og_locale":"es_ES","og_type":"article","og_title":"Mercados navide\u00f1os en Hannover - 9 St\u00e4dte in Niedersachsen","og_description":"Tres mercados navide\u00f1os animan la ciudad. El mercado navide\u00f1o del casco antiguo es rico en tradiciones.","og_url":"https:\/\/9staedte.de\/es\/hannover-capital-de-baja-sajonia\/mercados-navidenos-en-hannover\/","og_site_name":"9 St\u00e4dte in Niedersachsen","article_modified_time":"2026-03-23T16:17:02+00:00","og_image":[{"width":1020,"height":560,"url":"https:\/\/9staedte.de\/wp-content\/uploads\/2025\/10\/Hannover-Roncalli-Christmas-Market-Main-Station-c-HMTG-Christian-Wyrwa-.jpg","type":"image\/jpeg"}],"twitter_card":"summary_large_image","twitter_misc":{"Tiempo de lectura":"3 minutos"},"schema":{"@context":"https:\/\/schema.org","@graph":[{"@type":"WebPage","@id":"https:\/\/9staedte.de\/es\/hannover-capital-de-baja-sajonia\/mercados-navidenos-en-hannover\/","url":"https:\/\/9staedte.de\/es\/hannover-capital-de-baja-sajonia\/mercados-navidenos-en-hannover\/","name":"Mercados navide\u00f1os en Hannover - 9 St\u00e4dte in Niedersachsen","isPartOf":{"@id":"https:\/\/9staedte.de\/es\/#website"},"primaryImageOfPage":{"@id":"https:\/\/9staedte.de\/es\/hannover-capital-de-baja-sajonia\/mercados-navidenos-en-hannover\/#primaryimage"},"image":{"@id":"https:\/\/9staedte.de\/es\/hannover-capital-de-baja-sajonia\/mercados-navidenos-en-hannover\/#primaryimage"},"thumbnailUrl":"https:\/\/9staedte.de\/wp-content\/uploads\/2025\/10\/Hannover-Roncalli-Christmas-Market-Main-Station-c-HMTG-Christian-Wyrwa-.jpg","datePublished":"2023-11-02T08:47:48+00:00","dateModified":"2026-03-23T16:17:02+00:00","description":"Tres mercados navide\u00f1os animan la ciudad. El mercado navide\u00f1o del casco antiguo es rico en tradiciones.","breadcrumb":{"@id":"https:\/\/9staedte.de\/es\/hannover-capital-de-baja-sajonia\/mercados-navidenos-en-hannover\/#breadcrumb"},"inLanguage":"es","potentialAction":[{"@type":"ReadAction","target":["https:\/\/9staedte.de\/es\/hannover-capital-de-baja-sajonia\/mercados-navidenos-en-hannover\/"]}]},{"@type":"ImageObject","inLanguage":"es","@id":"https:\/\/9staedte.de\/es\/hannover-capital-de-baja-sajonia\/mercados-navidenos-en-hannover\/#primaryimage","url":"https:\/\/9staedte.de\/wp-content\/uploads\/2025\/10\/Hannover-Roncalli-Christmas-Market-Main-Station-c-HMTG-Christian-Wyrwa-.jpg","contentUrl":"https:\/\/9staedte.de\/wp-content\/uploads\/2025\/10\/Hannover-Roncalli-Christmas-Market-Main-Station-c-HMTG-Christian-Wyrwa-.jpg","width":1020,"height":560,"caption":"Hannover Roncalli Weihnachtsdorf vor dem Hauptbahnhof c) HMTG Christian Wyrwa"},{"@type":"BreadcrumbList","@id":"https:\/\/9staedte.de\/es\/hannover-capital-de-baja-sajonia\/mercados-navidenos-en-hannover\/#breadcrumb","itemListElement":[{"@type":"ListItem","position":1,"name":"Startseite","item":"https:\/\/9staedte.de\/es\/"},{"@type":"ListItem","position":2,"name":"Hannover &#8211; Capital de Baja Sajonia","item":"https:\/\/9staedte.de\/es\/hannover-capital-de-baja-sajonia\/"},{"@type":"ListItem","position":3,"name":"Mercados navide\u00f1os en Hannover"}]},{"@type":"WebSite","@id":"https:\/\/9staedte.de\/es\/#website","url":"https:\/\/9staedte.de\/es\/","name":"9 St\u00e4dte in Niedersachsen","description":"","publisher":{"@id":"https:\/\/9staedte.de\/es\/#organization"},"potentialAction":[{"@type":"SearchAction","target":{"@type":"EntryPoint","urlTemplate":"https:\/\/9staedte.de\/es\/?s={search_term_string}"},"query-input":{"@type":"PropertyValueSpecification","valueRequired":true,"valueName":"search_term_string"}}],"inLanguage":"es"},{"@type":"Organization","@id":"https:\/\/9staedte.de\/es\/#organization","name":"9 St\u00e4dte in Niedersachsen","url":"https:\/\/9staedte.de\/es\/","logo":{"@type":"ImageObject","inLanguage":"es","@id":"https:\/\/9staedte.de\/es\/#\/schema\/logo\/image\/","url":"https:\/\/9staedte.de\/wp-content\/uploads\/2025\/01\/9-neg-deutsch-2-1.png","contentUrl":"https:\/\/9staedte.de\/wp-content\/uploads\/2025\/01\/9-neg-deutsch-2-1.png","width":190,"height":114,"caption":"9 St\u00e4dte in Niedersachsen"},"image":{"@id":"https:\/\/9staedte.de\/es\/#\/schema\/logo\/image\/"}}]}},"_links":{"self":[{"href":"https:\/\/9staedte.de\/es\/wp-json\/wp\/v2\/pages\/17255","targetHints":{"allow":["GET"]}}],"collection":[{"href":"https:\/\/9staedte.de\/es\/wp-json\/wp\/v2\/pages"}],"about":[{"href":"https:\/\/9staedte.de\/es\/wp-json\/wp\/v2\/types\/page"}],"author":[{"embeddable":true,"href":"https:\/\/9staedte.de\/es\/wp-json\/wp\/v2\/users\/1"}],"replies":[{"embeddable":true,"href":"https:\/\/9staedte.de\/es\/wp-json\/wp\/v2\/comments?post=17255"}],"version-history":[{"count":16,"href":"https:\/\/9staedte.de\/es\/wp-json\/wp\/v2\/pages\/17255\/revisions"}],"predecessor-version":[{"id":27942,"href":"https:\/\/9staedte.de\/es\/wp-json\/wp\/v2\/pages\/17255\/revisions\/27942"}],"up":[{"embeddable":true,"href":"https:\/\/9staedte.de\/es\/wp-json\/wp\/v2\/pages\/18054"}],"wp:featuredmedia":[{"embeddable":true,"href":"https:\/\/9staedte.de\/es\/wp-json\/wp\/v2\/media\/27238"}],"wp:attachment":[{"href":"https:\/\/9staedte.de\/es\/wp-json\/wp\/v2\/media?parent=17255"}],"wp:term":[{"taxonomy":"category","embeddable":true,"href":"https:\/\/9staedte.de\/es\/wp-json\/wp\/v2\/categories?post=17255"},{"taxonomy":"post_tag","embeddable":true,"href":"https:\/\/9staedte.de\/es\/wp-json\/wp\/v2\/tags?post=17255"},{"taxonomy":"ncap_cities_tax","embeddable":true,"href":"https:\/\/9staedte.de\/es\/wp-json\/wp\/v2\/ncap_cities_tax?post=17255"}],"curies":[{"name":"wp","href":"https:\/\/api.w.org\/{rel}","templated":true}]}}