{"id":17230,"date":"2023-11-02T09:47:46","date_gmt":"2023-11-02T08:47:46","guid":{"rendered":"https:\/\/9staedte.de\/visitas-de-la-ciudad-de-hamelin\/"},"modified":"2023-11-02T17:58:10","modified_gmt":"2023-11-02T16:58:10","slug":"visitas-de-la-ciudad-de-hamelin","status":"publish","type":"page","link":"https:\/\/9staedte.de\/es\/hamelin-la-legendaria-ciudad-del-flautista-de-hamelin\/visitas-de-la-ciudad-de-hamelin\/","title":{"rendered":"Visitas de la ciudad de Hamel\u00edn"},"content":{"rendered":"\r\n\r\n    <div class=\"filter-posts\">\r\n            <div  id=\"filterContent\">\r\n                                                        \n<div class=\"contentKachel filtr-item\" data-category=\"hameln-es\">\n    <a href=\"https:\/\/9staedte.de\/es\/para-conocer-lo-mas-destacado-de-hamelin-en-60-minutos\/\">\n        <div class=\"contentKachel-inner\">\n                            <div class=\"contentKachel-thumbnail\">\n                    <img loading=\"lazy\" decoding=\"async\" width=\"300\" height=\"165\" src=\"https:\/\/9staedte.de\/wp-content\/smush-webp\/2022\/06\/Hameln-Stadtfuehrung-300x165.jpg.webp\" class=\"objectfitcover withfilters wp-post-image\" alt=\"En la imagen se ve un grupo de personas. Caminan juntos por la ciudad de Hameln. Una persona les explica la ciudad. Es una visita guiada. Las personas escuchan con inter\u00e9s.\" srcset=\"https:\/\/9staedte.de\/wp-content\/smush-webp\/2022\/06\/Hameln-Stadtfuehrung-300x165.jpg.webp 300w, https:\/\/9staedte.de\/wp-content\/smush-webp\/2022\/06\/Hameln-Stadtfuehrung-768x422.jpg.webp 768w, https:\/\/9staedte.de\/wp-content\/smush-webp\/2022\/06\/Hameln-Stadtfuehrung.jpg.webp 1020w\" sizes=\"auto, (max-width: 300px) 100vw, 300px\" \/>                    <img loading=\"lazy\" decoding=\"async\" width=\"300\" height=\"165\" src=\"https:\/\/9staedte.de\/wp-content\/smush-webp\/2022\/06\/Hameln-Stadtfuehrung-300x165.jpg.webp\" class=\"objectfitcontain wp-post-image\" alt=\"En la imagen se ve un grupo de personas. Caminan juntos por la ciudad de Hameln. Una persona les explica la ciudad. Es una visita guiada. Las personas escuchan con inter\u00e9s.\" srcset=\"https:\/\/9staedte.de\/wp-content\/smush-webp\/2022\/06\/Hameln-Stadtfuehrung-300x165.jpg.webp 300w, https:\/\/9staedte.de\/wp-content\/smush-webp\/2022\/06\/Hameln-Stadtfuehrung-768x422.jpg.webp 768w, https:\/\/9staedte.de\/wp-content\/smush-webp\/2022\/06\/Hameln-Stadtfuehrung.jpg.webp 1020w\" sizes=\"auto, (max-width: 300px) 100vw, 300px\" \/>                        <div class=\"thumbnail-label\">\n    <span>Hameln Stadtfuehrung c) HMT<\/span>\n    <\/div>\n                <\/div>\n                        <div class=\"contentKachel-content\">\n                                    <div class=\"city-tag bg-hameln\">\n                        Hameln                    <\/div>\n                \n                <div class=\"title\">\n\n                    Para conocer: lo m\u00e1s destacado de Hamelin en 60 minutos                    \n                <\/div>\n\n                            <\/div>\n\n        <\/div>\n    <\/a>\n<\/div>                                                        \n<div class=\"contentKachel filtr-item\" data-category=\"hameln-es\">\n    <a href=\"https:\/\/9staedte.de\/es\/el-seductor-seducido\/\">\n        <div class=\"contentKachel-inner\">\n                            <div class=\"contentKachel-thumbnail\">\n                    <img loading=\"lazy\" decoding=\"async\" width=\"300\" height=\"166\" src=\"https:\/\/9staedte.de\/wp-content\/smush-webp\/2022\/06\/Stadtfuehrung-Der-verfuehrte-Verfuehrer-300x166.jpg.webp\" class=\"objectfitcover withfilters wp-post-image\" alt=\"Un hombre mira serio a la c\u00e1mara. Lleva ropa oscura como en la Edad Media. Detr\u00e1s hay una estatua y casas antiguas. \u00c9l hace una visita guiada especial. Se llama: \u201cEl seductor seducido\u201d. La visita es en Hamelin.\" srcset=\"https:\/\/9staedte.de\/wp-content\/smush-webp\/2022\/06\/Stadtfuehrung-Der-verfuehrte-Verfuehrer-300x166.jpg.webp 300w, https:\/\/9staedte.de\/wp-content\/smush-webp\/2022\/06\/Stadtfuehrung-Der-verfuehrte-Verfuehrer-768x424.jpg.webp 768w, https:\/\/9staedte.de\/wp-content\/smush-webp\/2022\/06\/Stadtfuehrung-Der-verfuehrte-Verfuehrer.jpg.webp 1020w\" sizes=\"auto, (max-width: 300px) 100vw, 300px\" \/>                    <img loading=\"lazy\" decoding=\"async\" width=\"300\" height=\"166\" src=\"https:\/\/9staedte.de\/wp-content\/smush-webp\/2022\/06\/Stadtfuehrung-Der-verfuehrte-Verfuehrer-300x166.jpg.webp\" class=\"objectfitcontain wp-post-image\" alt=\"Un hombre mira serio a la c\u00e1mara. Lleva ropa oscura como en la Edad Media. Detr\u00e1s hay una estatua y casas antiguas. \u00c9l hace una visita guiada especial. Se llama: \u201cEl seductor seducido\u201d. La visita es en Hamelin.\" srcset=\"https:\/\/9staedte.de\/wp-content\/smush-webp\/2022\/06\/Stadtfuehrung-Der-verfuehrte-Verfuehrer-300x166.jpg.webp 300w, https:\/\/9staedte.de\/wp-content\/smush-webp\/2022\/06\/Stadtfuehrung-Der-verfuehrte-Verfuehrer-768x424.jpg.webp 768w, https:\/\/9staedte.de\/wp-content\/smush-webp\/2022\/06\/Stadtfuehrung-Der-verfuehrte-Verfuehrer.jpg.webp 1020w\" sizes=\"auto, (max-width: 300px) 100vw, 300px\" \/>                        <div class=\"thumbnail-label\">\n    <span>Stadtf\u00fchrung Der verf\u00fchrte Verf\u00fchrer c) HMT<\/span>\n    <\/div>\n                <\/div>\n                        <div class=\"contentKachel-content\">\n                                    <div class=\"city-tag bg-hameln\">\n                        Hameln                    <\/div>\n                \n                <div class=\"title\">\n\n                    \u00abEl seductor seducido\u00bb                    \n                <\/div>\n\n                            <\/div>\n\n        <\/div>\n    <\/a>\n<\/div>                                                        \n<div class=\"contentKachel filtr-item\" data-category=\"hameln-es\">\n    <a href=\"https:\/\/9staedte.de\/es\/la-gira-nocturna-de-los-valientes-guerreros\/\">\n        <div class=\"contentKachel-inner\">\n                            <div class=\"contentKachel-thumbnail\">\n                    <img loading=\"lazy\" decoding=\"async\" width=\"300\" height=\"173\" src=\"https:\/\/9staedte.de\/wp-content\/smush-webp\/2022\/06\/Henker-Hexen-und-Halunken-c-HMT-300x173.jpg.webp\" class=\"objectfitcover withfilters wp-post-image\" alt=\"Es de noche o tarde. Muchas personas est\u00e1n en grupo. Escuchan a un gu\u00eda. Llevan antorchas en las manos. Es un tour por la ciudad en la oscuridad. El tour es en Hamelin.\" srcset=\"https:\/\/9staedte.de\/wp-content\/smush-webp\/2022\/06\/Henker-Hexen-und-Halunken-c-HMT-300x173.jpg.webp 300w, https:\/\/9staedte.de\/wp-content\/smush-webp\/2022\/06\/Henker-Hexen-und-Halunken-c-HMT-768x442.jpg.webp 768w, https:\/\/9staedte.de\/wp-content\/smush-webp\/2022\/06\/Henker-Hexen-und-Halunken-c-HMT.jpg.webp 1000w\" sizes=\"auto, (max-width: 300px) 100vw, 300px\" \/>                    <img loading=\"lazy\" decoding=\"async\" width=\"300\" height=\"173\" src=\"https:\/\/9staedte.de\/wp-content\/smush-webp\/2022\/06\/Henker-Hexen-und-Halunken-c-HMT-300x173.jpg.webp\" class=\"objectfitcontain wp-post-image\" alt=\"Es de noche o tarde. Muchas personas est\u00e1n en grupo. Escuchan a un gu\u00eda. Llevan antorchas en las manos. Es un tour por la ciudad en la oscuridad. El tour es en Hamelin.\" srcset=\"https:\/\/9staedte.de\/wp-content\/smush-webp\/2022\/06\/Henker-Hexen-und-Halunken-c-HMT-300x173.jpg.webp 300w, https:\/\/9staedte.de\/wp-content\/smush-webp\/2022\/06\/Henker-Hexen-und-Halunken-c-HMT-768x442.jpg.webp 768w, https:\/\/9staedte.de\/wp-content\/smush-webp\/2022\/06\/Henker-Hexen-und-Halunken-c-HMT.jpg.webp 1000w\" sizes=\"auto, (max-width: 300px) 100vw, 300px\" \/>                        <div class=\"thumbnail-label\">\n    <span>Stadtf\u00fchrung Henker Hexen und Halunken c) HMT<\/span>\n    <\/div>\n                <\/div>\n                        <div class=\"contentKachel-content\">\n                                    <div class=\"city-tag bg-hameln\">\n                        Hameln                    <\/div>\n                \n                <div class=\"title\">\n\n                    La gira nocturna de los valientes guerreros                    \n                <\/div>\n\n                            <\/div>\n\n        <\/div>\n    <\/a>\n<\/div>                                                        \n<div class=\"contentKachel filtr-item\" data-category=\"hameln-es\">\n    <a href=\"https:\/\/9staedte.de\/es\/bienvenido-al-flautista-de-hamelin\/\">\n        <div class=\"contentKachel-inner\">\n                            <div class=\"contentKachel-thumbnail\">\n                    <img loading=\"lazy\" decoding=\"async\" width=\"300\" height=\"165\" src=\"https:\/\/9staedte.de\/wp-content\/smush-webp\/2023\/01\/Guided-tour-with-the-pied-piper-c-Hameln-Marketing-und-Tourismus-GmbH-300x165.jpg.webp\" class=\"objectfitcover withfilters wp-post-image\" alt=\"Un hombre lleva un disfraz de colores. Tiene un sombrero rojo con una pluma larga. Sujeta una flauta peque\u00f1a en la mano. Hace un gesto fuerte con la mano. Habla con personas frente a \u00e9l. Es el flautista de Hameln.\" srcset=\"https:\/\/9staedte.de\/wp-content\/smush-webp\/2023\/01\/Guided-tour-with-the-pied-piper-c-Hameln-Marketing-und-Tourismus-GmbH-300x165.jpg.webp 300w, https:\/\/9staedte.de\/wp-content\/smush-webp\/2023\/01\/Guided-tour-with-the-pied-piper-c-Hameln-Marketing-und-Tourismus-GmbH-768x422.jpg.webp 768w, https:\/\/9staedte.de\/wp-content\/smush-webp\/2023\/01\/Guided-tour-with-the-pied-piper-c-Hameln-Marketing-und-Tourismus-GmbH.jpg.webp 1020w\" sizes=\"auto, (max-width: 300px) 100vw, 300px\" \/>                    <img loading=\"lazy\" decoding=\"async\" width=\"300\" height=\"165\" src=\"https:\/\/9staedte.de\/wp-content\/smush-webp\/2023\/01\/Guided-tour-with-the-pied-piper-c-Hameln-Marketing-und-Tourismus-GmbH-300x165.jpg.webp\" class=\"objectfitcontain wp-post-image\" alt=\"Un hombre lleva un disfraz de colores. Tiene un sombrero rojo con una pluma larga. Sujeta una flauta peque\u00f1a en la mano. Hace un gesto fuerte con la mano. Habla con personas frente a \u00e9l. Es el flautista de Hameln.\" srcset=\"https:\/\/9staedte.de\/wp-content\/smush-webp\/2023\/01\/Guided-tour-with-the-pied-piper-c-Hameln-Marketing-und-Tourismus-GmbH-300x165.jpg.webp 300w, https:\/\/9staedte.de\/wp-content\/smush-webp\/2023\/01\/Guided-tour-with-the-pied-piper-c-Hameln-Marketing-und-Tourismus-GmbH-768x422.jpg.webp 768w, https:\/\/9staedte.de\/wp-content\/smush-webp\/2023\/01\/Guided-tour-with-the-pied-piper-c-Hameln-Marketing-und-Tourismus-GmbH.jpg.webp 1020w\" sizes=\"auto, (max-width: 300px) 100vw, 300px\" \/>                        <div class=\"thumbnail-label\">\n    <span>Stadtf\u00fchrung mit dem Rattenf\u00e4nger c) HMT<\/span>\n    <\/div>\n                <\/div>\n                        <div class=\"contentKachel-content\">\n                                    <div class=\"city-tag bg-hameln\">\n                        Hameln                    <\/div>\n                \n                <div class=\"title\">\n\n                    Bienvenido al Flautista de Hamel\u00edn                    \n                <\/div>\n\n                            <\/div>\n\n        <\/div>\n    <\/a>\n<\/div>                                                        \n<div class=\"contentKachel filtr-item\" data-category=\"hameln-es\">\n    <a href=\"https:\/\/9staedte.de\/es\/visita-de-la-ciudad-con-el-flautista-de-hamelin\/\">\n        <div class=\"contentKachel-inner\">\n                            <div class=\"contentKachel-thumbnail\">\n                    <img loading=\"lazy\" decoding=\"async\" width=\"300\" height=\"162\" src=\"https:\/\/9staedte.de\/wp-content\/smush-webp\/2022\/06\/Rattenfaenger-Fuehrung-c-Hameln-Marketing-und-Tourismus-GmbhG-300x162.jpg.webp\" class=\"objectfitcover withfilters wp-post-image\" alt=\"La imagen muestra una visita guiada en Hameln. Un hombre lleva un traje colorido. Parece el flautista del famoso cuento. \u00c9l se\u00f1ala una casa antigua de entramado de madera. Las casas tienen muchos adornos bonitos.\" srcset=\"https:\/\/9staedte.de\/wp-content\/smush-webp\/2022\/06\/Rattenfaenger-Fuehrung-c-Hameln-Marketing-und-Tourismus-GmbhG-300x162.jpg.webp 300w, https:\/\/9staedte.de\/wp-content\/smush-webp\/2022\/06\/Rattenfaenger-Fuehrung-c-Hameln-Marketing-und-Tourismus-GmbhG-768x415.jpg.webp 768w, https:\/\/9staedte.de\/wp-content\/smush-webp\/2022\/06\/Rattenfaenger-Fuehrung-c-Hameln-Marketing-und-Tourismus-GmbhG.jpg.webp 1020w\" sizes=\"auto, (max-width: 300px) 100vw, 300px\" \/>                    <img loading=\"lazy\" decoding=\"async\" width=\"300\" height=\"162\" src=\"https:\/\/9staedte.de\/wp-content\/smush-webp\/2022\/06\/Rattenfaenger-Fuehrung-c-Hameln-Marketing-und-Tourismus-GmbhG-300x162.jpg.webp\" class=\"objectfitcontain wp-post-image\" alt=\"La imagen muestra una visita guiada en Hameln. Un hombre lleva un traje colorido. Parece el flautista del famoso cuento. \u00c9l se\u00f1ala una casa antigua de entramado de madera. Las casas tienen muchos adornos bonitos.\" srcset=\"https:\/\/9staedte.de\/wp-content\/smush-webp\/2022\/06\/Rattenfaenger-Fuehrung-c-Hameln-Marketing-und-Tourismus-GmbhG-300x162.jpg.webp 300w, https:\/\/9staedte.de\/wp-content\/smush-webp\/2022\/06\/Rattenfaenger-Fuehrung-c-Hameln-Marketing-und-Tourismus-GmbhG-768x415.jpg.webp 768w, https:\/\/9staedte.de\/wp-content\/smush-webp\/2022\/06\/Rattenfaenger-Fuehrung-c-Hameln-Marketing-und-Tourismus-GmbhG.jpg.webp 1020w\" sizes=\"auto, (max-width: 300px) 100vw, 300px\" \/>                        <div class=\"thumbnail-label\">\n    <span>Rattenf\u00e4nger-F\u00fchrung c) Hameln Marketing und Tourismus GmbH<\/span>\n    <\/div>\n                <\/div>\n                        <div class=\"contentKachel-content\">\n                                    <div class=\"city-tag bg-hameln\">\n                        Hameln                    <\/div>\n                \n                <div class=\"title\">\n\n                    Visita de la ciudad con el Flautista de Hamel\u00edn                    \n                <\/div>\n\n                            <\/div>\n\n        <\/div>\n    <\/a>\n<\/div>                                            <\/div>\r\n    <\/div>\r\n","protected":false},"excerpt":{"rendered":"","protected":false},"author":1,"featured_media":17242,"parent":17959,"menu_order":0,"comment_status":"closed","ping_status":"closed","template":"pagetemplates\/template-stadtthema.php","meta":{"_acf_changed":false,"footnotes":""},"categories":[],"tags":[],"ncap_cities_tax":[451,1228],"class_list":["post-17230","page","type-page","status-publish","has-post-thumbnail","hentry","ncap_cities_tax-hameln-es","ncap_cities_tax-stadtfuhrungen-hameln-es"],"acf":[],"yoast_head":"<!-- This site is optimized with the Yoast SEO plugin v27.4 - https:\/\/yoast.com\/product\/yoast-seo-wordpress\/ -->\n<title>Visitas de la ciudad de Hamel\u00edn - 9 St\u00e4dte in Niedersachsen<\/title>\n<meta name=\"robots\" content=\"index, follow, max-snippet:-1, max-image-preview:large, max-video-preview:-1\" \/>\n<link rel=\"canonical\" href=\"https:\/\/9staedte.de\/es\/hamelin-la-legendaria-ciudad-del-flautista-de-hamelin\/visitas-de-la-ciudad-de-hamelin\/\" \/>\n<meta property=\"og:locale\" content=\"es_ES\" \/>\n<meta property=\"og:type\" content=\"article\" \/>\n<meta property=\"og:title\" content=\"Visitas de la ciudad de Hamel\u00edn - 9 St\u00e4dte in Niedersachsen\" \/>\n<meta property=\"og:url\" content=\"https:\/\/9staedte.de\/es\/hamelin-la-legendaria-ciudad-del-flautista-de-hamelin\/visitas-de-la-ciudad-de-hamelin\/\" \/>\n<meta property=\"og:site_name\" content=\"9 St\u00e4dte in Niedersachsen\" \/>\n<meta property=\"article:modified_time\" content=\"2023-11-02T16:58:10+00:00\" \/>\n<meta property=\"og:image\" content=\"https:\/\/9staedte.de\/wp-content\/uploads\/2023\/07\/Hameln-Stadtfuehrung-c-Hameln-Marketing-und-Tourismus-GmbH.jpg\" \/>\n\t<meta property=\"og:image:width\" content=\"2508\" \/>\n\t<meta property=\"og:image:height\" content=\"1672\" \/>\n\t<meta property=\"og:image:type\" content=\"image\/jpeg\" \/>\n<meta name=\"twitter:card\" content=\"summary_large_image\" \/>\n<script type=\"application\/ld+json\" class=\"yoast-schema-graph\">{\"@context\":\"https:\\\/\\\/schema.org\",\"@graph\":[{\"@type\":\"WebPage\",\"@id\":\"https:\\\/\\\/9staedte.de\\\/es\\\/hamelin-la-legendaria-ciudad-del-flautista-de-hamelin\\\/visitas-de-la-ciudad-de-hamelin\\\/\",\"url\":\"https:\\\/\\\/9staedte.de\\\/es\\\/hamelin-la-legendaria-ciudad-del-flautista-de-hamelin\\\/visitas-de-la-ciudad-de-hamelin\\\/\",\"name\":\"Visitas de la ciudad de Hamel\u00edn - 9 St\u00e4dte in Niedersachsen\",\"isPartOf\":{\"@id\":\"https:\\\/\\\/9staedte.de\\\/es\\\/#website\"},\"primaryImageOfPage\":{\"@id\":\"https:\\\/\\\/9staedte.de\\\/es\\\/hamelin-la-legendaria-ciudad-del-flautista-de-hamelin\\\/visitas-de-la-ciudad-de-hamelin\\\/#primaryimage\"},\"image\":{\"@id\":\"https:\\\/\\\/9staedte.de\\\/es\\\/hamelin-la-legendaria-ciudad-del-flautista-de-hamelin\\\/visitas-de-la-ciudad-de-hamelin\\\/#primaryimage\"},\"thumbnailUrl\":\"https:\\\/\\\/9staedte.de\\\/wp-content\\\/uploads\\\/2023\\\/07\\\/Hameln-Stadtfuehrung-c-Hameln-Marketing-und-Tourismus-GmbH.jpg\",\"datePublished\":\"2023-11-02T08:47:46+00:00\",\"dateModified\":\"2023-11-02T16:58:10+00:00\",\"breadcrumb\":{\"@id\":\"https:\\\/\\\/9staedte.de\\\/es\\\/hamelin-la-legendaria-ciudad-del-flautista-de-hamelin\\\/visitas-de-la-ciudad-de-hamelin\\\/#breadcrumb\"},\"inLanguage\":\"es\",\"potentialAction\":[{\"@type\":\"ReadAction\",\"target\":[\"https:\\\/\\\/9staedte.de\\\/es\\\/hamelin-la-legendaria-ciudad-del-flautista-de-hamelin\\\/visitas-de-la-ciudad-de-hamelin\\\/\"]}]},{\"@type\":\"ImageObject\",\"inLanguage\":\"es\",\"@id\":\"https:\\\/\\\/9staedte.de\\\/es\\\/hamelin-la-legendaria-ciudad-del-flautista-de-hamelin\\\/visitas-de-la-ciudad-de-hamelin\\\/#primaryimage\",\"url\":\"https:\\\/\\\/9staedte.de\\\/wp-content\\\/uploads\\\/2023\\\/07\\\/Hameln-Stadtfuehrung-c-Hameln-Marketing-und-Tourismus-GmbH.jpg\",\"contentUrl\":\"https:\\\/\\\/9staedte.de\\\/wp-content\\\/uploads\\\/2023\\\/07\\\/Hameln-Stadtfuehrung-c-Hameln-Marketing-und-Tourismus-GmbH.jpg\",\"width\":2508,\"height\":1672,\"caption\":\"Hameln Stadtfuehrung c) Hameln Marketing und Tourismus GmbH\"},{\"@type\":\"BreadcrumbList\",\"@id\":\"https:\\\/\\\/9staedte.de\\\/es\\\/hamelin-la-legendaria-ciudad-del-flautista-de-hamelin\\\/visitas-de-la-ciudad-de-hamelin\\\/#breadcrumb\",\"itemListElement\":[{\"@type\":\"ListItem\",\"position\":1,\"name\":\"Startseite\",\"item\":\"https:\\\/\\\/9staedte.de\\\/es\\\/\"},{\"@type\":\"ListItem\",\"position\":2,\"name\":\"Hamelin &#8211; La legendaria ciudad del flautista de Hamelin\",\"item\":\"https:\\\/\\\/9staedte.de\\\/es\\\/hamelin-la-legendaria-ciudad-del-flautista-de-hamelin\\\/\"},{\"@type\":\"ListItem\",\"position\":3,\"name\":\"Visitas de la ciudad de Hamel\u00edn\"}]},{\"@type\":\"WebSite\",\"@id\":\"https:\\\/\\\/9staedte.de\\\/es\\\/#website\",\"url\":\"https:\\\/\\\/9staedte.de\\\/es\\\/\",\"name\":\"9 St\u00e4dte in Niedersachsen\",\"description\":\"\",\"publisher\":{\"@id\":\"https:\\\/\\\/9staedte.de\\\/es\\\/#organization\"},\"potentialAction\":[{\"@type\":\"SearchAction\",\"target\":{\"@type\":\"EntryPoint\",\"urlTemplate\":\"https:\\\/\\\/9staedte.de\\\/es\\\/?s={search_term_string}\"},\"query-input\":{\"@type\":\"PropertyValueSpecification\",\"valueRequired\":true,\"valueName\":\"search_term_string\"}}],\"inLanguage\":\"es\"},{\"@type\":\"Organization\",\"@id\":\"https:\\\/\\\/9staedte.de\\\/es\\\/#organization\",\"name\":\"9 St\u00e4dte in Niedersachsen\",\"url\":\"https:\\\/\\\/9staedte.de\\\/es\\\/\",\"logo\":{\"@type\":\"ImageObject\",\"inLanguage\":\"es\",\"@id\":\"https:\\\/\\\/9staedte.de\\\/es\\\/#\\\/schema\\\/logo\\\/image\\\/\",\"url\":\"https:\\\/\\\/9staedte.de\\\/wp-content\\\/uploads\\\/2025\\\/01\\\/9-neg-deutsch-2-1.png\",\"contentUrl\":\"https:\\\/\\\/9staedte.de\\\/wp-content\\\/uploads\\\/2025\\\/01\\\/9-neg-deutsch-2-1.png\",\"width\":190,\"height\":114,\"caption\":\"9 St\u00e4dte in Niedersachsen\"},\"image\":{\"@id\":\"https:\\\/\\\/9staedte.de\\\/es\\\/#\\\/schema\\\/logo\\\/image\\\/\"}}]}<\/script>\n<!-- \/ Yoast SEO plugin. -->","yoast_head_json":{"title":"Visitas de la ciudad de Hamel\u00edn - 9 St\u00e4dte in Niedersachsen","robots":{"index":"index","follow":"follow","max-snippet":"max-snippet:-1","max-image-preview":"max-image-preview:large","max-video-preview":"max-video-preview:-1"},"canonical":"https:\/\/9staedte.de\/es\/hamelin-la-legendaria-ciudad-del-flautista-de-hamelin\/visitas-de-la-ciudad-de-hamelin\/","og_locale":"es_ES","og_type":"article","og_title":"Visitas de la ciudad de Hamel\u00edn - 9 St\u00e4dte in Niedersachsen","og_url":"https:\/\/9staedte.de\/es\/hamelin-la-legendaria-ciudad-del-flautista-de-hamelin\/visitas-de-la-ciudad-de-hamelin\/","og_site_name":"9 St\u00e4dte in Niedersachsen","article_modified_time":"2023-11-02T16:58:10+00:00","og_image":[{"width":2508,"height":1672,"url":"https:\/\/9staedte.de\/wp-content\/uploads\/2023\/07\/Hameln-Stadtfuehrung-c-Hameln-Marketing-und-Tourismus-GmbH.jpg","type":"image\/jpeg"}],"twitter_card":"summary_large_image","schema":{"@context":"https:\/\/schema.org","@graph":[{"@type":"WebPage","@id":"https:\/\/9staedte.de\/es\/hamelin-la-legendaria-ciudad-del-flautista-de-hamelin\/visitas-de-la-ciudad-de-hamelin\/","url":"https:\/\/9staedte.de\/es\/hamelin-la-legendaria-ciudad-del-flautista-de-hamelin\/visitas-de-la-ciudad-de-hamelin\/","name":"Visitas de la ciudad de Hamel\u00edn - 9 St\u00e4dte in Niedersachsen","isPartOf":{"@id":"https:\/\/9staedte.de\/es\/#website"},"primaryImageOfPage":{"@id":"https:\/\/9staedte.de\/es\/hamelin-la-legendaria-ciudad-del-flautista-de-hamelin\/visitas-de-la-ciudad-de-hamelin\/#primaryimage"},"image":{"@id":"https:\/\/9staedte.de\/es\/hamelin-la-legendaria-ciudad-del-flautista-de-hamelin\/visitas-de-la-ciudad-de-hamelin\/#primaryimage"},"thumbnailUrl":"https:\/\/9staedte.de\/wp-content\/uploads\/2023\/07\/Hameln-Stadtfuehrung-c-Hameln-Marketing-und-Tourismus-GmbH.jpg","datePublished":"2023-11-02T08:47:46+00:00","dateModified":"2023-11-02T16:58:10+00:00","breadcrumb":{"@id":"https:\/\/9staedte.de\/es\/hamelin-la-legendaria-ciudad-del-flautista-de-hamelin\/visitas-de-la-ciudad-de-hamelin\/#breadcrumb"},"inLanguage":"es","potentialAction":[{"@type":"ReadAction","target":["https:\/\/9staedte.de\/es\/hamelin-la-legendaria-ciudad-del-flautista-de-hamelin\/visitas-de-la-ciudad-de-hamelin\/"]}]},{"@type":"ImageObject","inLanguage":"es","@id":"https:\/\/9staedte.de\/es\/hamelin-la-legendaria-ciudad-del-flautista-de-hamelin\/visitas-de-la-ciudad-de-hamelin\/#primaryimage","url":"https:\/\/9staedte.de\/wp-content\/uploads\/2023\/07\/Hameln-Stadtfuehrung-c-Hameln-Marketing-und-Tourismus-GmbH.jpg","contentUrl":"https:\/\/9staedte.de\/wp-content\/uploads\/2023\/07\/Hameln-Stadtfuehrung-c-Hameln-Marketing-und-Tourismus-GmbH.jpg","width":2508,"height":1672,"caption":"Hameln Stadtfuehrung c) Hameln Marketing und Tourismus GmbH"},{"@type":"BreadcrumbList","@id":"https:\/\/9staedte.de\/es\/hamelin-la-legendaria-ciudad-del-flautista-de-hamelin\/visitas-de-la-ciudad-de-hamelin\/#breadcrumb","itemListElement":[{"@type":"ListItem","position":1,"name":"Startseite","item":"https:\/\/9staedte.de\/es\/"},{"@type":"ListItem","position":2,"name":"Hamelin &#8211; La legendaria ciudad del flautista de Hamelin","item":"https:\/\/9staedte.de\/es\/hamelin-la-legendaria-ciudad-del-flautista-de-hamelin\/"},{"@type":"ListItem","position":3,"name":"Visitas de la ciudad de Hamel\u00edn"}]},{"@type":"WebSite","@id":"https:\/\/9staedte.de\/es\/#website","url":"https:\/\/9staedte.de\/es\/","name":"9 St\u00e4dte in Niedersachsen","description":"","publisher":{"@id":"https:\/\/9staedte.de\/es\/#organization"},"potentialAction":[{"@type":"SearchAction","target":{"@type":"EntryPoint","urlTemplate":"https:\/\/9staedte.de\/es\/?s={search_term_string}"},"query-input":{"@type":"PropertyValueSpecification","valueRequired":true,"valueName":"search_term_string"}}],"inLanguage":"es"},{"@type":"Organization","@id":"https:\/\/9staedte.de\/es\/#organization","name":"9 St\u00e4dte in Niedersachsen","url":"https:\/\/9staedte.de\/es\/","logo":{"@type":"ImageObject","inLanguage":"es","@id":"https:\/\/9staedte.de\/es\/#\/schema\/logo\/image\/","url":"https:\/\/9staedte.de\/wp-content\/uploads\/2025\/01\/9-neg-deutsch-2-1.png","contentUrl":"https:\/\/9staedte.de\/wp-content\/uploads\/2025\/01\/9-neg-deutsch-2-1.png","width":190,"height":114,"caption":"9 St\u00e4dte in Niedersachsen"},"image":{"@id":"https:\/\/9staedte.de\/es\/#\/schema\/logo\/image\/"}}]}},"_links":{"self":[{"href":"https:\/\/9staedte.de\/es\/wp-json\/wp\/v2\/pages\/17230","targetHints":{"allow":["GET"]}}],"collection":[{"href":"https:\/\/9staedte.de\/es\/wp-json\/wp\/v2\/pages"}],"about":[{"href":"https:\/\/9staedte.de\/es\/wp-json\/wp\/v2\/types\/page"}],"author":[{"embeddable":true,"href":"https:\/\/9staedte.de\/es\/wp-json\/wp\/v2\/users\/1"}],"replies":[{"embeddable":true,"href":"https:\/\/9staedte.de\/es\/wp-json\/wp\/v2\/comments?post=17230"}],"version-history":[{"count":1,"href":"https:\/\/9staedte.de\/es\/wp-json\/wp\/v2\/pages\/17230\/revisions"}],"predecessor-version":[{"id":19883,"href":"https:\/\/9staedte.de\/es\/wp-json\/wp\/v2\/pages\/17230\/revisions\/19883"}],"up":[{"embeddable":true,"href":"https:\/\/9staedte.de\/es\/wp-json\/wp\/v2\/pages\/17959"}],"wp:featuredmedia":[{"embeddable":true,"href":"https:\/\/9staedte.de\/es\/wp-json\/wp\/v2\/media\/17242"}],"wp:attachment":[{"href":"https:\/\/9staedte.de\/es\/wp-json\/wp\/v2\/media?parent=17230"}],"wp:term":[{"taxonomy":"category","embeddable":true,"href":"https:\/\/9staedte.de\/es\/wp-json\/wp\/v2\/categories?post=17230"},{"taxonomy":"post_tag","embeddable":true,"href":"https:\/\/9staedte.de\/es\/wp-json\/wp\/v2\/tags?post=17230"},{"taxonomy":"ncap_cities_tax","embeddable":true,"href":"https:\/\/9staedte.de\/es\/wp-json\/wp\/v2\/ncap_cities_tax?post=17230"}],"curies":[{"name":"wp","href":"https:\/\/api.w.org\/{rel}","templated":true}]}}