{"id":17210,"date":"2023-11-02T09:47:44","date_gmt":"2023-11-02T08:47:44","guid":{"rendered":"https:\/\/9staedte.de\/hamelin-descubrir-de-forma-sostenible\/"},"modified":"2024-03-21T11:48:17","modified_gmt":"2024-03-21T10:48:17","slug":"hamelin-descubrir-de-forma-sostenible","status":"publish","type":"page","link":"https:\/\/9staedte.de\/es\/hamelin-la-legendaria-ciudad-del-flautista-de-hamelin\/hamelin-descubrir-de-forma-sostenible\/","title":{"rendered":"Hamelin &#8211; descubrir de forma sostenible"},"content":{"rendered":"\n<p>Explore la Ciudad del Flautista de Hamel\u00edn de una forma moderna y sostenible con un e-scooter o un Segway, pasee por el mercado semanal o por el precioso casco antiguo con sus peque\u00f1as boutiques o conozca los alrededores desde una perspectiva diferente sobre dos ruedas. Utilice los servicios de Deutsche Bahn para su viaje. La duraci\u00f3n del trayecto de la S5 \/ S 51 de Hannover Hbf a Hameln oscila entre 38 y 45 minutos, desde el aeropuerto de Hannover 64 minutos. Desde el oeste o el este, el Nordwestbahn le llevar\u00e1 a Hamelin. Sugerencia: El \u00abNiedersachsen-Ticket\u00bb del ferrocarril tambi\u00e9n es v\u00e1lido para viajes en autob\u00fas en el sistema de transporte local Hameln-Pyrmont.<\/p>\n\n\n\n<p><\/p>\n\n\n\n\n<div class=\"banner-wrapper\">\n  <div class=\"banner-inner \">\n      <div class=\"img-container\">\n      <div class=\"img-wrapper\">\n        <img decoding=\"async\" src=\"https:\/\/9staedte.de\/wp-content\/smush-webp\/2023\/02\/EBike-HMT.jpg.webp\" alt=\"La imagen muestra muchas bicicletas el\u00e9ctricas. Est\u00e1n en fila. Las bicicletas son de color verde-amarillo y negro. Est\u00e1n frente a un edificio con grandes ventanas. Las bicicletas son de la oficina de turismo de Hameln. Se pueden alquilar all\u00ed.\" \/>\n                  <div class=\"thumbnail-label\">\n            <span>EBike Tourist Info Hameln c) HMT<\/span>\n          <\/div>\n              <\/div>\n    <\/div>\n        <div class=\"text-container\">\n      <div class=\"content\">\n        <section class=\"opacity-on\">\n<article class=\"bg-cities\">\n<div class=\"content\">\n<h2>Descubrir Hamelin de forma sostenible: 9 consejos<\/h2>\n<p>&#8211; Alquiler de bicicletas el\u00e9ctricas: explore los rincones m\u00e1s bellos de Weserbergland con una de nuestras bicicletas el\u00e9ctricas.<\/p>\n<p>&#8211; Desl\u00edcese por nuestro casco hist\u00f3rico en un tour en Segway y experimente la movilidad pura en su paseo por la naturaleza.<\/p>\n<p>&#8211; Senderismo por Hameln &#8211; cuesta arriba, cuesta abajo: siempre una buena vista. Hamel\u00edn y sus id\u00edlicos distritos est\u00e1n enclavados en algunas de las colinas m\u00e1s densamente arboladas de la pintoresca regi\u00f3n de Weserbergland. Casi un tercio de la ciudad est\u00e1 cubierto de bosques. Esto convierte a Hamelin en una de las ciudades m\u00e1s densamente arboladas del norte de Alemania.<\/p>\n<p>&#8211; Una excursi\u00f3n en canoa por el id\u00edlico paisaje del Weser es la experiencia perfecta para volver a poner en movimiento los huesos cansados<\/p>\n<p>&#8211; Experimente la tradici\u00f3n centenaria del rafting por el Weser en una excursi\u00f3n en balsa mientras deja vagar su mirada por el paisaje pasajero del Weserbergland.<\/p>\n<p>&#8211; Marav\u00edllese con la colorida variedad de productos de temporada procedentes de cultivos regionales en un paseo por el mercado semanal de Hameln. El mercado semanal de Hameln, en la plaza del ayuntamiento, atrae a visitantes de cerca y de lejos todos los mi\u00e9rcoles y s\u00e1bados de 7 a 13 horas.<\/p>\n<p>&#8211; Eche un vistazo a la tienda de recuerdos del centro de informaci\u00f3n tur\u00edstica y descubra souvenirs t\u00edpicos de Hamelin, como ratas de pan o matarratas, as\u00ed como productos de la regi\u00f3n.<\/p>\n<p>&#8211; El edificio de la Oficina de Turismo es un edificio solar de energ\u00eda optimizada. Los aproximadamente 150 metros cuadrados de m\u00f3dulos fotovoltaicos proporcionan electricidad y tambi\u00e9n sirven de sombreado est\u00e1tico. Los colectores de tubos de vac\u00edo sustentan el sistema de calefacci\u00f3n, que funciona sin radiadores y calienta mediante un sistema de ventilaci\u00f3n. El aire fresco se acondiciona mediante conductos de tierra. El edificio se percibe como una casa de bajo consumo energ\u00e9tico porque el aprovechamiento de la energ\u00eda solar fotovoltaica y t\u00e9rmica se ha integrado de forma visible y \u00abtangible\u00bb en el concepto del edificio.<\/p>\n<\/div>\n<\/article>\n<\/section>\n      <\/div>\n    <\/div>\n    <\/div>\n<\/div>\n\n","protected":false},"excerpt":{"rendered":"<p>Explore la Ciudad del Flautista de Hamel\u00edn de una forma moderna y sostenible con un e-scooter o un Segway, pasee por el mercado semanal o por el precioso casco antiguo con sus peque\u00f1as boutiques o conozca los alrededores desde una perspectiva diferente sobre dos ruedas. Utilice los servicios de Deutsche Bahn para su viaje. La [&hellip;]<\/p>\n","protected":false},"author":1,"featured_media":17222,"parent":17959,"menu_order":0,"comment_status":"closed","ping_status":"closed","template":"pagetemplates\/template-stadtthema.php","meta":{"_acf_changed":false,"footnotes":""},"categories":[],"tags":[],"ncap_cities_tax":[451,1012],"class_list":["post-17210","page","type-page","status-publish","has-post-thumbnail","hentry","ncap_cities_tax-hameln-es","ncap_cities_tax-naturerlebnisse-und-nachhaltigkeit-hameln-es"],"acf":[],"yoast_head":"<!-- This site is optimized with the Yoast SEO plugin v27.4 - https:\/\/yoast.com\/product\/yoast-seo-wordpress\/ -->\n<title>Hamelin - descubrir de forma sostenible - 9 St\u00e4dte in Niedersachsen<\/title>\n<meta name=\"robots\" content=\"index, follow, max-snippet:-1, max-image-preview:large, max-video-preview:-1\" \/>\n<link rel=\"canonical\" href=\"https:\/\/9staedte.de\/es\/hamelin-la-legendaria-ciudad-del-flautista-de-hamelin\/hamelin-descubrir-de-forma-sostenible\/\" \/>\n<meta property=\"og:locale\" content=\"es_ES\" \/>\n<meta property=\"og:type\" content=\"article\" \/>\n<meta property=\"og:title\" content=\"Hamelin - descubrir de forma sostenible - 9 St\u00e4dte in Niedersachsen\" \/>\n<meta property=\"og:description\" content=\"Explore la Ciudad del Flautista de Hamel\u00edn de una forma moderna y sostenible con un e-scooter o un Segway, pasee por el mercado semanal o por el precioso casco antiguo con sus peque\u00f1as boutiques o conozca los alrededores desde una perspectiva diferente sobre dos ruedas. Utilice los servicios de Deutsche Bahn para su viaje. La [&hellip;]\" \/>\n<meta property=\"og:url\" content=\"https:\/\/9staedte.de\/es\/hamelin-la-legendaria-ciudad-del-flautista-de-hamelin\/hamelin-descubrir-de-forma-sostenible\/\" \/>\n<meta property=\"og:site_name\" content=\"9 St\u00e4dte in Niedersachsen\" \/>\n<meta property=\"article:modified_time\" content=\"2024-03-21T10:48:17+00:00\" \/>\n<meta property=\"og:image\" content=\"https:\/\/9staedte.de\/wp-content\/uploads\/2023\/02\/Kanu_auf_der_Weser-c-HMT.jpg\" \/>\n\t<meta property=\"og:image:width\" content=\"1020\" \/>\n\t<meta property=\"og:image:height\" content=\"560\" \/>\n\t<meta property=\"og:image:type\" content=\"image\/jpeg\" \/>\n<meta name=\"twitter:card\" content=\"summary_large_image\" \/>\n<meta name=\"twitter:label1\" content=\"Tiempo de lectura\" \/>\n\t<meta name=\"twitter:data1\" content=\"1 minuto\" \/>\n<script type=\"application\/ld+json\" class=\"yoast-schema-graph\">{\"@context\":\"https:\\\/\\\/schema.org\",\"@graph\":[{\"@type\":\"WebPage\",\"@id\":\"https:\\\/\\\/9staedte.de\\\/es\\\/hamelin-la-legendaria-ciudad-del-flautista-de-hamelin\\\/hamelin-descubrir-de-forma-sostenible\\\/\",\"url\":\"https:\\\/\\\/9staedte.de\\\/es\\\/hamelin-la-legendaria-ciudad-del-flautista-de-hamelin\\\/hamelin-descubrir-de-forma-sostenible\\\/\",\"name\":\"Hamelin - descubrir de forma sostenible - 9 St\u00e4dte in Niedersachsen\",\"isPartOf\":{\"@id\":\"https:\\\/\\\/9staedte.de\\\/es\\\/#website\"},\"primaryImageOfPage\":{\"@id\":\"https:\\\/\\\/9staedte.de\\\/es\\\/hamelin-la-legendaria-ciudad-del-flautista-de-hamelin\\\/hamelin-descubrir-de-forma-sostenible\\\/#primaryimage\"},\"image\":{\"@id\":\"https:\\\/\\\/9staedte.de\\\/es\\\/hamelin-la-legendaria-ciudad-del-flautista-de-hamelin\\\/hamelin-descubrir-de-forma-sostenible\\\/#primaryimage\"},\"thumbnailUrl\":\"https:\\\/\\\/9staedte.de\\\/wp-content\\\/uploads\\\/2023\\\/02\\\/Kanu_auf_der_Weser-c-HMT.jpg\",\"datePublished\":\"2023-11-02T08:47:44+00:00\",\"dateModified\":\"2024-03-21T10:48:17+00:00\",\"breadcrumb\":{\"@id\":\"https:\\\/\\\/9staedte.de\\\/es\\\/hamelin-la-legendaria-ciudad-del-flautista-de-hamelin\\\/hamelin-descubrir-de-forma-sostenible\\\/#breadcrumb\"},\"inLanguage\":\"es\",\"potentialAction\":[{\"@type\":\"ReadAction\",\"target\":[\"https:\\\/\\\/9staedte.de\\\/es\\\/hamelin-la-legendaria-ciudad-del-flautista-de-hamelin\\\/hamelin-descubrir-de-forma-sostenible\\\/\"]}]},{\"@type\":\"ImageObject\",\"inLanguage\":\"es\",\"@id\":\"https:\\\/\\\/9staedte.de\\\/es\\\/hamelin-la-legendaria-ciudad-del-flautista-de-hamelin\\\/hamelin-descubrir-de-forma-sostenible\\\/#primaryimage\",\"url\":\"https:\\\/\\\/9staedte.de\\\/wp-content\\\/uploads\\\/2023\\\/02\\\/Kanu_auf_der_Weser-c-HMT.jpg\",\"contentUrl\":\"https:\\\/\\\/9staedte.de\\\/wp-content\\\/uploads\\\/2023\\\/02\\\/Kanu_auf_der_Weser-c-HMT.jpg\",\"width\":1020,\"height\":560,\"caption\":\"Kanu_auf_der_Weser c) HMT\"},{\"@type\":\"BreadcrumbList\",\"@id\":\"https:\\\/\\\/9staedte.de\\\/es\\\/hamelin-la-legendaria-ciudad-del-flautista-de-hamelin\\\/hamelin-descubrir-de-forma-sostenible\\\/#breadcrumb\",\"itemListElement\":[{\"@type\":\"ListItem\",\"position\":1,\"name\":\"Startseite\",\"item\":\"https:\\\/\\\/9staedte.de\\\/es\\\/\"},{\"@type\":\"ListItem\",\"position\":2,\"name\":\"Hamelin &#8211; La legendaria ciudad del flautista de Hamelin\",\"item\":\"https:\\\/\\\/9staedte.de\\\/es\\\/hamelin-la-legendaria-ciudad-del-flautista-de-hamelin\\\/\"},{\"@type\":\"ListItem\",\"position\":3,\"name\":\"Hamelin &#8211; descubrir de forma sostenible\"}]},{\"@type\":\"WebSite\",\"@id\":\"https:\\\/\\\/9staedte.de\\\/es\\\/#website\",\"url\":\"https:\\\/\\\/9staedte.de\\\/es\\\/\",\"name\":\"9 St\u00e4dte in Niedersachsen\",\"description\":\"\",\"publisher\":{\"@id\":\"https:\\\/\\\/9staedte.de\\\/es\\\/#organization\"},\"potentialAction\":[{\"@type\":\"SearchAction\",\"target\":{\"@type\":\"EntryPoint\",\"urlTemplate\":\"https:\\\/\\\/9staedte.de\\\/es\\\/?s={search_term_string}\"},\"query-input\":{\"@type\":\"PropertyValueSpecification\",\"valueRequired\":true,\"valueName\":\"search_term_string\"}}],\"inLanguage\":\"es\"},{\"@type\":\"Organization\",\"@id\":\"https:\\\/\\\/9staedte.de\\\/es\\\/#organization\",\"name\":\"9 St\u00e4dte in Niedersachsen\",\"url\":\"https:\\\/\\\/9staedte.de\\\/es\\\/\",\"logo\":{\"@type\":\"ImageObject\",\"inLanguage\":\"es\",\"@id\":\"https:\\\/\\\/9staedte.de\\\/es\\\/#\\\/schema\\\/logo\\\/image\\\/\",\"url\":\"https:\\\/\\\/9staedte.de\\\/wp-content\\\/uploads\\\/2025\\\/01\\\/9-neg-deutsch-2-1.png\",\"contentUrl\":\"https:\\\/\\\/9staedte.de\\\/wp-content\\\/uploads\\\/2025\\\/01\\\/9-neg-deutsch-2-1.png\",\"width\":190,\"height\":114,\"caption\":\"9 St\u00e4dte in Niedersachsen\"},\"image\":{\"@id\":\"https:\\\/\\\/9staedte.de\\\/es\\\/#\\\/schema\\\/logo\\\/image\\\/\"}}]}<\/script>\n<!-- \/ Yoast SEO plugin. -->","yoast_head_json":{"title":"Hamelin - descubrir de forma sostenible - 9 St\u00e4dte in Niedersachsen","robots":{"index":"index","follow":"follow","max-snippet":"max-snippet:-1","max-image-preview":"max-image-preview:large","max-video-preview":"max-video-preview:-1"},"canonical":"https:\/\/9staedte.de\/es\/hamelin-la-legendaria-ciudad-del-flautista-de-hamelin\/hamelin-descubrir-de-forma-sostenible\/","og_locale":"es_ES","og_type":"article","og_title":"Hamelin - descubrir de forma sostenible - 9 St\u00e4dte in Niedersachsen","og_description":"Explore la Ciudad del Flautista de Hamel\u00edn de una forma moderna y sostenible con un e-scooter o un Segway, pasee por el mercado semanal o por el precioso casco antiguo con sus peque\u00f1as boutiques o conozca los alrededores desde una perspectiva diferente sobre dos ruedas. Utilice los servicios de Deutsche Bahn para su viaje. La [&hellip;]","og_url":"https:\/\/9staedte.de\/es\/hamelin-la-legendaria-ciudad-del-flautista-de-hamelin\/hamelin-descubrir-de-forma-sostenible\/","og_site_name":"9 St\u00e4dte in Niedersachsen","article_modified_time":"2024-03-21T10:48:17+00:00","og_image":[{"width":1020,"height":560,"url":"https:\/\/9staedte.de\/wp-content\/uploads\/2023\/02\/Kanu_auf_der_Weser-c-HMT.jpg","type":"image\/jpeg"}],"twitter_card":"summary_large_image","twitter_misc":{"Tiempo de lectura":"1 minuto"},"schema":{"@context":"https:\/\/schema.org","@graph":[{"@type":"WebPage","@id":"https:\/\/9staedte.de\/es\/hamelin-la-legendaria-ciudad-del-flautista-de-hamelin\/hamelin-descubrir-de-forma-sostenible\/","url":"https:\/\/9staedte.de\/es\/hamelin-la-legendaria-ciudad-del-flautista-de-hamelin\/hamelin-descubrir-de-forma-sostenible\/","name":"Hamelin - descubrir de forma sostenible - 9 St\u00e4dte in Niedersachsen","isPartOf":{"@id":"https:\/\/9staedte.de\/es\/#website"},"primaryImageOfPage":{"@id":"https:\/\/9staedte.de\/es\/hamelin-la-legendaria-ciudad-del-flautista-de-hamelin\/hamelin-descubrir-de-forma-sostenible\/#primaryimage"},"image":{"@id":"https:\/\/9staedte.de\/es\/hamelin-la-legendaria-ciudad-del-flautista-de-hamelin\/hamelin-descubrir-de-forma-sostenible\/#primaryimage"},"thumbnailUrl":"https:\/\/9staedte.de\/wp-content\/uploads\/2023\/02\/Kanu_auf_der_Weser-c-HMT.jpg","datePublished":"2023-11-02T08:47:44+00:00","dateModified":"2024-03-21T10:48:17+00:00","breadcrumb":{"@id":"https:\/\/9staedte.de\/es\/hamelin-la-legendaria-ciudad-del-flautista-de-hamelin\/hamelin-descubrir-de-forma-sostenible\/#breadcrumb"},"inLanguage":"es","potentialAction":[{"@type":"ReadAction","target":["https:\/\/9staedte.de\/es\/hamelin-la-legendaria-ciudad-del-flautista-de-hamelin\/hamelin-descubrir-de-forma-sostenible\/"]}]},{"@type":"ImageObject","inLanguage":"es","@id":"https:\/\/9staedte.de\/es\/hamelin-la-legendaria-ciudad-del-flautista-de-hamelin\/hamelin-descubrir-de-forma-sostenible\/#primaryimage","url":"https:\/\/9staedte.de\/wp-content\/uploads\/2023\/02\/Kanu_auf_der_Weser-c-HMT.jpg","contentUrl":"https:\/\/9staedte.de\/wp-content\/uploads\/2023\/02\/Kanu_auf_der_Weser-c-HMT.jpg","width":1020,"height":560,"caption":"Kanu_auf_der_Weser c) HMT"},{"@type":"BreadcrumbList","@id":"https:\/\/9staedte.de\/es\/hamelin-la-legendaria-ciudad-del-flautista-de-hamelin\/hamelin-descubrir-de-forma-sostenible\/#breadcrumb","itemListElement":[{"@type":"ListItem","position":1,"name":"Startseite","item":"https:\/\/9staedte.de\/es\/"},{"@type":"ListItem","position":2,"name":"Hamelin &#8211; La legendaria ciudad del flautista de Hamelin","item":"https:\/\/9staedte.de\/es\/hamelin-la-legendaria-ciudad-del-flautista-de-hamelin\/"},{"@type":"ListItem","position":3,"name":"Hamelin &#8211; descubrir de forma sostenible"}]},{"@type":"WebSite","@id":"https:\/\/9staedte.de\/es\/#website","url":"https:\/\/9staedte.de\/es\/","name":"9 St\u00e4dte in Niedersachsen","description":"","publisher":{"@id":"https:\/\/9staedte.de\/es\/#organization"},"potentialAction":[{"@type":"SearchAction","target":{"@type":"EntryPoint","urlTemplate":"https:\/\/9staedte.de\/es\/?s={search_term_string}"},"query-input":{"@type":"PropertyValueSpecification","valueRequired":true,"valueName":"search_term_string"}}],"inLanguage":"es"},{"@type":"Organization","@id":"https:\/\/9staedte.de\/es\/#organization","name":"9 St\u00e4dte in Niedersachsen","url":"https:\/\/9staedte.de\/es\/","logo":{"@type":"ImageObject","inLanguage":"es","@id":"https:\/\/9staedte.de\/es\/#\/schema\/logo\/image\/","url":"https:\/\/9staedte.de\/wp-content\/uploads\/2025\/01\/9-neg-deutsch-2-1.png","contentUrl":"https:\/\/9staedte.de\/wp-content\/uploads\/2025\/01\/9-neg-deutsch-2-1.png","width":190,"height":114,"caption":"9 St\u00e4dte in Niedersachsen"},"image":{"@id":"https:\/\/9staedte.de\/es\/#\/schema\/logo\/image\/"}}]}},"_links":{"self":[{"href":"https:\/\/9staedte.de\/es\/wp-json\/wp\/v2\/pages\/17210","targetHints":{"allow":["GET"]}}],"collection":[{"href":"https:\/\/9staedte.de\/es\/wp-json\/wp\/v2\/pages"}],"about":[{"href":"https:\/\/9staedte.de\/es\/wp-json\/wp\/v2\/types\/page"}],"author":[{"embeddable":true,"href":"https:\/\/9staedte.de\/es\/wp-json\/wp\/v2\/users\/1"}],"replies":[{"embeddable":true,"href":"https:\/\/9staedte.de\/es\/wp-json\/wp\/v2\/comments?post=17210"}],"version-history":[{"count":3,"href":"https:\/\/9staedte.de\/es\/wp-json\/wp\/v2\/pages\/17210\/revisions"}],"predecessor-version":[{"id":21471,"href":"https:\/\/9staedte.de\/es\/wp-json\/wp\/v2\/pages\/17210\/revisions\/21471"}],"up":[{"embeddable":true,"href":"https:\/\/9staedte.de\/es\/wp-json\/wp\/v2\/pages\/17959"}],"wp:featuredmedia":[{"embeddable":true,"href":"https:\/\/9staedte.de\/es\/wp-json\/wp\/v2\/media\/17222"}],"wp:attachment":[{"href":"https:\/\/9staedte.de\/es\/wp-json\/wp\/v2\/media?parent=17210"}],"wp:term":[{"taxonomy":"category","embeddable":true,"href":"https:\/\/9staedte.de\/es\/wp-json\/wp\/v2\/categories?post=17210"},{"taxonomy":"post_tag","embeddable":true,"href":"https:\/\/9staedte.de\/es\/wp-json\/wp\/v2\/tags?post=17210"},{"taxonomy":"ncap_cities_tax","embeddable":true,"href":"https:\/\/9staedte.de\/es\/wp-json\/wp\/v2\/ncap_cities_tax?post=17210"}],"curies":[{"name":"wp","href":"https:\/\/api.w.org\/{rel}","templated":true}]}}