{"id":17208,"date":"2023-11-02T09:47:44","date_gmt":"2023-11-02T08:47:44","guid":{"rendered":"https:\/\/9staedte.de\/visitas-guiadas-en-goslar\/"},"modified":"2024-05-08T11:09:43","modified_gmt":"2024-05-08T09:09:43","slug":"visitas-guiadas-en-goslar","status":"publish","type":"page","link":"https:\/\/9staedte.de\/es\/goslar-patrimonio-de-la-humanidad-en-los-montes-harz\/visitas-guiadas-en-goslar\/","title":{"rendered":"Visitas guiadas en Goslar"},"content":{"rendered":"\r\n\r\n    <div class=\"filter-posts\">\r\n            <div  id=\"filterContent\">\r\n                                                        \n<div class=\"contentKachel filtr-item\" data-category=\"goslar-es\">\n    <a href=\"https:\/\/9staedte.de\/es\/el-patrimonio-cultural-de-goslar\/\">\n        <div class=\"contentKachel-inner\">\n                            <div class=\"contentKachel-thumbnail\">\n                    <img loading=\"lazy\" decoding=\"async\" width=\"300\" height=\"164\" src=\"https:\/\/9staedte.de\/wp-content\/smush-webp\/2022\/06\/Kaiserringhaus-Adler-Fotograf-Stefan-Schiefer-Quelle-GOSLAR-marketing-gmbh-300x164.jpg.webp\" class=\"objectfitcover withfilters wp-post-image\" alt=\"En la imagen se ve una fuente. Encima hay un \u00e1guila dorada con las alas abiertas. El agua fluye de la fuente. Detr\u00e1s hay un edificio antiguo con un techo oscuro. Hay un reloj en el edificio. Junto al reloj hay figuras peque\u00f1as. Hace sol.\" srcset=\"https:\/\/9staedte.de\/wp-content\/smush-webp\/2022\/06\/Kaiserringhaus-Adler-Fotograf-Stefan-Schiefer-Quelle-GOSLAR-marketing-gmbh-300x164.jpg.webp 300w, https:\/\/9staedte.de\/wp-content\/smush-webp\/2022\/06\/Kaiserringhaus-Adler-Fotograf-Stefan-Schiefer-Quelle-GOSLAR-marketing-gmbh-768x420.jpg.webp 768w, https:\/\/9staedte.de\/wp-content\/smush-webp\/2022\/06\/Kaiserringhaus-Adler-Fotograf-Stefan-Schiefer-Quelle-GOSLAR-marketing-gmbh.jpg.webp 1020w\" sizes=\"auto, (max-width: 300px) 100vw, 300px\" \/>                    <img loading=\"lazy\" decoding=\"async\" width=\"300\" height=\"164\" src=\"https:\/\/9staedte.de\/wp-content\/smush-webp\/2022\/06\/Kaiserringhaus-Adler-Fotograf-Stefan-Schiefer-Quelle-GOSLAR-marketing-gmbh-300x164.jpg.webp\" class=\"objectfitcontain wp-post-image\" alt=\"En la imagen se ve una fuente. Encima hay un \u00e1guila dorada con las alas abiertas. El agua fluye de la fuente. Detr\u00e1s hay un edificio antiguo con un techo oscuro. Hay un reloj en el edificio. Junto al reloj hay figuras peque\u00f1as. Hace sol.\" srcset=\"https:\/\/9staedte.de\/wp-content\/smush-webp\/2022\/06\/Kaiserringhaus-Adler-Fotograf-Stefan-Schiefer-Quelle-GOSLAR-marketing-gmbh-300x164.jpg.webp 300w, https:\/\/9staedte.de\/wp-content\/smush-webp\/2022\/06\/Kaiserringhaus-Adler-Fotograf-Stefan-Schiefer-Quelle-GOSLAR-marketing-gmbh-768x420.jpg.webp 768w, https:\/\/9staedte.de\/wp-content\/smush-webp\/2022\/06\/Kaiserringhaus-Adler-Fotograf-Stefan-Schiefer-Quelle-GOSLAR-marketing-gmbh.jpg.webp 1020w\" sizes=\"auto, (max-width: 300px) 100vw, 300px\" \/>                        <div class=\"thumbnail-label\">\n    <span>Kaiserringhaus &#038; Adler Fotograf Stefan Schiefer Quelle GOSLAR marketing gmbh<\/span>\n    <\/div>\n                <\/div>\n                        <div class=\"contentKachel-content\">\n                                    <div class=\"city-tag bg-goslar\">\n                        Goslar                    <\/div>\n                \n                <div class=\"title\">\n\n                    El patrimonio cultural de Goslar                    \n                <\/div>\n\n                            <\/div>\n\n        <\/div>\n    <\/a>\n<\/div>                                                        \n<div class=\"contentKachel filtr-item\" data-category=\"goslar-es\">\n    <a href=\"https:\/\/9staedte.de\/es\/tradicion-familiar-en-la-ciudad-del-harz\/\">\n        <div class=\"contentKachel-inner\">\n                            <div class=\"contentKachel-thumbnail\">\n                    <img loading=\"lazy\" decoding=\"async\" width=\"300\" height=\"165\" src=\"https:\/\/9staedte.de\/wp-content\/smush-webp\/2022\/06\/Siemenshaus-in-Goslar-c-Martin-Kirchner-300x165.jpg.webp\" class=\"objectfitcover withfilters wp-post-image\" alt=\"Un hombre est\u00e1 de pie frente a una gran casa antigua de entramado de madera oscura. La casa tiene muchas ventanas y patrones decorativos en naranja y negro. En la esquina hay un cartel que dice \u201cSchreiberstra\u00dfe\u201d.\" srcset=\"https:\/\/9staedte.de\/wp-content\/smush-webp\/2022\/06\/Siemenshaus-in-Goslar-c-Martin-Kirchner-300x165.jpg.webp 300w, https:\/\/9staedte.de\/wp-content\/smush-webp\/2022\/06\/Siemenshaus-in-Goslar-c-Martin-Kirchner-768x421.jpg.webp 768w, https:\/\/9staedte.de\/wp-content\/smush-webp\/2022\/06\/Siemenshaus-in-Goslar-c-Martin-Kirchner.jpg.webp 1019w\" sizes=\"auto, (max-width: 300px) 100vw, 300px\" \/>                    <img loading=\"lazy\" decoding=\"async\" width=\"300\" height=\"165\" src=\"https:\/\/9staedte.de\/wp-content\/smush-webp\/2022\/06\/Siemenshaus-in-Goslar-c-Martin-Kirchner-300x165.jpg.webp\" class=\"objectfitcontain wp-post-image\" alt=\"Un hombre est\u00e1 de pie frente a una gran casa antigua de entramado de madera oscura. La casa tiene muchas ventanas y patrones decorativos en naranja y negro. En la esquina hay un cartel que dice \u201cSchreiberstra\u00dfe\u201d.\" srcset=\"https:\/\/9staedte.de\/wp-content\/smush-webp\/2022\/06\/Siemenshaus-in-Goslar-c-Martin-Kirchner-300x165.jpg.webp 300w, https:\/\/9staedte.de\/wp-content\/smush-webp\/2022\/06\/Siemenshaus-in-Goslar-c-Martin-Kirchner-768x421.jpg.webp 768w, https:\/\/9staedte.de\/wp-content\/smush-webp\/2022\/06\/Siemenshaus-in-Goslar-c-Martin-Kirchner.jpg.webp 1019w\" sizes=\"auto, (max-width: 300px) 100vw, 300px\" \/>                        <div class=\"thumbnail-label\">\n    <span>Goslar, Stammhaus der Familie Siemens c) Martin Kirchner<\/span>\n    <\/div>\n                <\/div>\n                        <div class=\"contentKachel-content\">\n                                    <div class=\"city-tag bg-goslar\">\n                        Goslar                    <\/div>\n                \n                <div class=\"title\">\n\n                    Tradici\u00f3n familiar en la ciudad del Harz                    \n                <\/div>\n\n                            <\/div>\n\n        <\/div>\n    <\/a>\n<\/div>                                                        \n<div class=\"contentKachel filtr-item\" data-category=\"goslar-es\">\n    <a href=\"https:\/\/9staedte.de\/es\/visita-guiada-por-los-lugares-mas-destacados-de-goslar\/\">\n        <div class=\"contentKachel-inner\">\n                            <div class=\"contentKachel-thumbnail\">\n                    <img loading=\"lazy\" decoding=\"async\" width=\"300\" height=\"162\" src=\"https:\/\/9staedte.de\/wp-content\/smush-webp\/2022\/06\/Kaiserpfalz_Gruppen_GOSLAR_marketing_gmbh_Fotograf_Stefan_Schiefer-300x162.jpg.webp\" class=\"objectfitcover withfilters wp-post-image\" alt=\"Un gran edificio antiguo con muchos arcos y ventanas est\u00e1 en un campo de c\u00e9sped. Delante hay dos estatuas ecuestres. A la izquierda hay una carroza con caballos. Es el Palacio Imperial de Goslar.\" srcset=\"https:\/\/9staedte.de\/wp-content\/smush-webp\/2022\/06\/Kaiserpfalz_Gruppen_GOSLAR_marketing_gmbh_Fotograf_Stefan_Schiefer-300x162.jpg.webp 300w, https:\/\/9staedte.de\/wp-content\/smush-webp\/2022\/06\/Kaiserpfalz_Gruppen_GOSLAR_marketing_gmbh_Fotograf_Stefan_Schiefer-768x414.jpg.webp 768w, https:\/\/9staedte.de\/wp-content\/smush-webp\/2022\/06\/Kaiserpfalz_Gruppen_GOSLAR_marketing_gmbh_Fotograf_Stefan_Schiefer.jpg.webp 1020w\" sizes=\"auto, (max-width: 300px) 100vw, 300px\" \/>                    <img loading=\"lazy\" decoding=\"async\" width=\"300\" height=\"162\" src=\"https:\/\/9staedte.de\/wp-content\/smush-webp\/2022\/06\/Kaiserpfalz_Gruppen_GOSLAR_marketing_gmbh_Fotograf_Stefan_Schiefer-300x162.jpg.webp\" class=\"objectfitcontain wp-post-image\" alt=\"Un gran edificio antiguo con muchos arcos y ventanas est\u00e1 en un campo de c\u00e9sped. Delante hay dos estatuas ecuestres. A la izquierda hay una carroza con caballos. Es el Palacio Imperial de Goslar.\" srcset=\"https:\/\/9staedte.de\/wp-content\/smush-webp\/2022\/06\/Kaiserpfalz_Gruppen_GOSLAR_marketing_gmbh_Fotograf_Stefan_Schiefer-300x162.jpg.webp 300w, https:\/\/9staedte.de\/wp-content\/smush-webp\/2022\/06\/Kaiserpfalz_Gruppen_GOSLAR_marketing_gmbh_Fotograf_Stefan_Schiefer-768x414.jpg.webp 768w, https:\/\/9staedte.de\/wp-content\/smush-webp\/2022\/06\/Kaiserpfalz_Gruppen_GOSLAR_marketing_gmbh_Fotograf_Stefan_Schiefer.jpg.webp 1020w\" sizes=\"auto, (max-width: 300px) 100vw, 300px\" \/>                        <div class=\"thumbnail-label\">\n    <span>Kaiserpfalz_GOSLAR Fotograf_Stefan_Schiefer<\/span>\n    <\/div>\n                <\/div>\n                        <div class=\"contentKachel-content\">\n                                    <div class=\"city-tag bg-goslar\">\n                        Goslar                    <\/div>\n                \n                <div class=\"title\">\n\n                    Visita guiada por los lugares m\u00e1s destacados de Goslar                    \n                <\/div>\n\n                            <\/div>\n\n        <\/div>\n    <\/a>\n<\/div>                                            <\/div>\r\n    <\/div>\r\n","protected":false},"excerpt":{"rendered":"","protected":false},"author":1,"featured_media":17220,"parent":17997,"menu_order":0,"comment_status":"closed","ping_status":"closed","template":"pagetemplates\/template-stadtthema.php","meta":{"_acf_changed":false,"footnotes":""},"categories":[],"tags":[],"ncap_cities_tax":[443,1222],"class_list":["post-17208","page","type-page","status-publish","has-post-thumbnail","hentry","ncap_cities_tax-goslar-es","ncap_cities_tax-stadtfuhrungen-goslar-es"],"acf":[],"yoast_head":"<!-- This site is optimized with the Yoast SEO plugin v27.4 - https:\/\/yoast.com\/product\/yoast-seo-wordpress\/ -->\n<title>Visitas guiadas en Goslar - 9 St\u00e4dte in Niedersachsen<\/title>\n<meta name=\"robots\" content=\"index, follow, max-snippet:-1, max-image-preview:large, max-video-preview:-1\" \/>\n<link rel=\"canonical\" href=\"https:\/\/9staedte.de\/es\/goslar-patrimonio-de-la-humanidad-en-los-montes-harz\/visitas-guiadas-en-goslar\/\" \/>\n<meta property=\"og:locale\" content=\"es_ES\" \/>\n<meta property=\"og:type\" content=\"article\" \/>\n<meta property=\"og:title\" content=\"Visitas guiadas en Goslar - 9 St\u00e4dte in Niedersachsen\" \/>\n<meta property=\"og:url\" content=\"https:\/\/9staedte.de\/es\/goslar-patrimonio-de-la-humanidad-en-los-montes-harz\/visitas-guiadas-en-goslar\/\" \/>\n<meta property=\"og:site_name\" content=\"9 St\u00e4dte in Niedersachsen\" \/>\n<meta property=\"article:modified_time\" content=\"2024-05-08T09:09:43+00:00\" \/>\n<meta property=\"og:image\" content=\"https:\/\/9staedte.de\/wp-content\/uploads\/2023\/02\/04-Stadtfuehrung-Altstadt-Fotograf-Stefan-Schiefer-Quelle-GOSLAR-marketing-gmbh.jpg\" \/>\n\t<meta property=\"og:image:width\" content=\"1020\" \/>\n\t<meta property=\"og:image:height\" content=\"560\" \/>\n\t<meta property=\"og:image:type\" content=\"image\/jpeg\" \/>\n<meta name=\"twitter:card\" content=\"summary_large_image\" \/>\n<meta name=\"twitter:label1\" content=\"Tiempo de lectura\" \/>\n\t<meta name=\"twitter:data1\" content=\"1 minuto\" \/>\n<script type=\"application\/ld+json\" class=\"yoast-schema-graph\">{\"@context\":\"https:\\\/\\\/schema.org\",\"@graph\":[{\"@type\":\"WebPage\",\"@id\":\"https:\\\/\\\/9staedte.de\\\/es\\\/goslar-patrimonio-de-la-humanidad-en-los-montes-harz\\\/visitas-guiadas-en-goslar\\\/\",\"url\":\"https:\\\/\\\/9staedte.de\\\/es\\\/goslar-patrimonio-de-la-humanidad-en-los-montes-harz\\\/visitas-guiadas-en-goslar\\\/\",\"name\":\"Visitas guiadas en Goslar - 9 St\u00e4dte in Niedersachsen\",\"isPartOf\":{\"@id\":\"https:\\\/\\\/9staedte.de\\\/es\\\/#website\"},\"primaryImageOfPage\":{\"@id\":\"https:\\\/\\\/9staedte.de\\\/es\\\/goslar-patrimonio-de-la-humanidad-en-los-montes-harz\\\/visitas-guiadas-en-goslar\\\/#primaryimage\"},\"image\":{\"@id\":\"https:\\\/\\\/9staedte.de\\\/es\\\/goslar-patrimonio-de-la-humanidad-en-los-montes-harz\\\/visitas-guiadas-en-goslar\\\/#primaryimage\"},\"thumbnailUrl\":\"https:\\\/\\\/9staedte.de\\\/wp-content\\\/uploads\\\/2023\\\/02\\\/04-Stadtfuehrung-Altstadt-Fotograf-Stefan-Schiefer-Quelle-GOSLAR-marketing-gmbh.jpg\",\"datePublished\":\"2023-11-02T08:47:44+00:00\",\"dateModified\":\"2024-05-08T09:09:43+00:00\",\"breadcrumb\":{\"@id\":\"https:\\\/\\\/9staedte.de\\\/es\\\/goslar-patrimonio-de-la-humanidad-en-los-montes-harz\\\/visitas-guiadas-en-goslar\\\/#breadcrumb\"},\"inLanguage\":\"es\",\"potentialAction\":[{\"@type\":\"ReadAction\",\"target\":[\"https:\\\/\\\/9staedte.de\\\/es\\\/goslar-patrimonio-de-la-humanidad-en-los-montes-harz\\\/visitas-guiadas-en-goslar\\\/\"]}]},{\"@type\":\"ImageObject\",\"inLanguage\":\"es\",\"@id\":\"https:\\\/\\\/9staedte.de\\\/es\\\/goslar-patrimonio-de-la-humanidad-en-los-montes-harz\\\/visitas-guiadas-en-goslar\\\/#primaryimage\",\"url\":\"https:\\\/\\\/9staedte.de\\\/wp-content\\\/uploads\\\/2023\\\/02\\\/04-Stadtfuehrung-Altstadt-Fotograf-Stefan-Schiefer-Quelle-GOSLAR-marketing-gmbh.jpg\",\"contentUrl\":\"https:\\\/\\\/9staedte.de\\\/wp-content\\\/uploads\\\/2023\\\/02\\\/04-Stadtfuehrung-Altstadt-Fotograf-Stefan-Schiefer-Quelle-GOSLAR-marketing-gmbh.jpg\",\"width\":1020,\"height\":560,\"caption\":\"Stadtf\u00fchrung Altstadt Goslar Fotograf Stefan Schiefer Quelle GOSLAR marketing gmbh\"},{\"@type\":\"BreadcrumbList\",\"@id\":\"https:\\\/\\\/9staedte.de\\\/es\\\/goslar-patrimonio-de-la-humanidad-en-los-montes-harz\\\/visitas-guiadas-en-goslar\\\/#breadcrumb\",\"itemListElement\":[{\"@type\":\"ListItem\",\"position\":1,\"name\":\"Startseite\",\"item\":\"https:\\\/\\\/9staedte.de\\\/es\\\/\"},{\"@type\":\"ListItem\",\"position\":2,\"name\":\"Goslar &#8211; Patrimonio de la Humanidad en los montes Harz\",\"item\":\"https:\\\/\\\/9staedte.de\\\/es\\\/goslar-patrimonio-de-la-humanidad-en-los-montes-harz\\\/\"},{\"@type\":\"ListItem\",\"position\":3,\"name\":\"Visitas guiadas en Goslar\"}]},{\"@type\":\"WebSite\",\"@id\":\"https:\\\/\\\/9staedte.de\\\/es\\\/#website\",\"url\":\"https:\\\/\\\/9staedte.de\\\/es\\\/\",\"name\":\"9 St\u00e4dte in Niedersachsen\",\"description\":\"\",\"publisher\":{\"@id\":\"https:\\\/\\\/9staedte.de\\\/es\\\/#organization\"},\"potentialAction\":[{\"@type\":\"SearchAction\",\"target\":{\"@type\":\"EntryPoint\",\"urlTemplate\":\"https:\\\/\\\/9staedte.de\\\/es\\\/?s={search_term_string}\"},\"query-input\":{\"@type\":\"PropertyValueSpecification\",\"valueRequired\":true,\"valueName\":\"search_term_string\"}}],\"inLanguage\":\"es\"},{\"@type\":\"Organization\",\"@id\":\"https:\\\/\\\/9staedte.de\\\/es\\\/#organization\",\"name\":\"9 St\u00e4dte in Niedersachsen\",\"url\":\"https:\\\/\\\/9staedte.de\\\/es\\\/\",\"logo\":{\"@type\":\"ImageObject\",\"inLanguage\":\"es\",\"@id\":\"https:\\\/\\\/9staedte.de\\\/es\\\/#\\\/schema\\\/logo\\\/image\\\/\",\"url\":\"https:\\\/\\\/9staedte.de\\\/wp-content\\\/uploads\\\/2025\\\/01\\\/9-neg-deutsch-2-1.png\",\"contentUrl\":\"https:\\\/\\\/9staedte.de\\\/wp-content\\\/uploads\\\/2025\\\/01\\\/9-neg-deutsch-2-1.png\",\"width\":190,\"height\":114,\"caption\":\"9 St\u00e4dte in Niedersachsen\"},\"image\":{\"@id\":\"https:\\\/\\\/9staedte.de\\\/es\\\/#\\\/schema\\\/logo\\\/image\\\/\"}}]}<\/script>\n<!-- \/ Yoast SEO plugin. -->","yoast_head_json":{"title":"Visitas guiadas en Goslar - 9 St\u00e4dte in Niedersachsen","robots":{"index":"index","follow":"follow","max-snippet":"max-snippet:-1","max-image-preview":"max-image-preview:large","max-video-preview":"max-video-preview:-1"},"canonical":"https:\/\/9staedte.de\/es\/goslar-patrimonio-de-la-humanidad-en-los-montes-harz\/visitas-guiadas-en-goslar\/","og_locale":"es_ES","og_type":"article","og_title":"Visitas guiadas en Goslar - 9 St\u00e4dte in Niedersachsen","og_url":"https:\/\/9staedte.de\/es\/goslar-patrimonio-de-la-humanidad-en-los-montes-harz\/visitas-guiadas-en-goslar\/","og_site_name":"9 St\u00e4dte in Niedersachsen","article_modified_time":"2024-05-08T09:09:43+00:00","og_image":[{"width":1020,"height":560,"url":"https:\/\/9staedte.de\/wp-content\/uploads\/2023\/02\/04-Stadtfuehrung-Altstadt-Fotograf-Stefan-Schiefer-Quelle-GOSLAR-marketing-gmbh.jpg","type":"image\/jpeg"}],"twitter_card":"summary_large_image","twitter_misc":{"Tiempo de lectura":"1 minuto"},"schema":{"@context":"https:\/\/schema.org","@graph":[{"@type":"WebPage","@id":"https:\/\/9staedte.de\/es\/goslar-patrimonio-de-la-humanidad-en-los-montes-harz\/visitas-guiadas-en-goslar\/","url":"https:\/\/9staedte.de\/es\/goslar-patrimonio-de-la-humanidad-en-los-montes-harz\/visitas-guiadas-en-goslar\/","name":"Visitas guiadas en Goslar - 9 St\u00e4dte in Niedersachsen","isPartOf":{"@id":"https:\/\/9staedte.de\/es\/#website"},"primaryImageOfPage":{"@id":"https:\/\/9staedte.de\/es\/goslar-patrimonio-de-la-humanidad-en-los-montes-harz\/visitas-guiadas-en-goslar\/#primaryimage"},"image":{"@id":"https:\/\/9staedte.de\/es\/goslar-patrimonio-de-la-humanidad-en-los-montes-harz\/visitas-guiadas-en-goslar\/#primaryimage"},"thumbnailUrl":"https:\/\/9staedte.de\/wp-content\/uploads\/2023\/02\/04-Stadtfuehrung-Altstadt-Fotograf-Stefan-Schiefer-Quelle-GOSLAR-marketing-gmbh.jpg","datePublished":"2023-11-02T08:47:44+00:00","dateModified":"2024-05-08T09:09:43+00:00","breadcrumb":{"@id":"https:\/\/9staedte.de\/es\/goslar-patrimonio-de-la-humanidad-en-los-montes-harz\/visitas-guiadas-en-goslar\/#breadcrumb"},"inLanguage":"es","potentialAction":[{"@type":"ReadAction","target":["https:\/\/9staedte.de\/es\/goslar-patrimonio-de-la-humanidad-en-los-montes-harz\/visitas-guiadas-en-goslar\/"]}]},{"@type":"ImageObject","inLanguage":"es","@id":"https:\/\/9staedte.de\/es\/goslar-patrimonio-de-la-humanidad-en-los-montes-harz\/visitas-guiadas-en-goslar\/#primaryimage","url":"https:\/\/9staedte.de\/wp-content\/uploads\/2023\/02\/04-Stadtfuehrung-Altstadt-Fotograf-Stefan-Schiefer-Quelle-GOSLAR-marketing-gmbh.jpg","contentUrl":"https:\/\/9staedte.de\/wp-content\/uploads\/2023\/02\/04-Stadtfuehrung-Altstadt-Fotograf-Stefan-Schiefer-Quelle-GOSLAR-marketing-gmbh.jpg","width":1020,"height":560,"caption":"Stadtf\u00fchrung Altstadt Goslar Fotograf Stefan Schiefer Quelle GOSLAR marketing gmbh"},{"@type":"BreadcrumbList","@id":"https:\/\/9staedte.de\/es\/goslar-patrimonio-de-la-humanidad-en-los-montes-harz\/visitas-guiadas-en-goslar\/#breadcrumb","itemListElement":[{"@type":"ListItem","position":1,"name":"Startseite","item":"https:\/\/9staedte.de\/es\/"},{"@type":"ListItem","position":2,"name":"Goslar &#8211; Patrimonio de la Humanidad en los montes Harz","item":"https:\/\/9staedte.de\/es\/goslar-patrimonio-de-la-humanidad-en-los-montes-harz\/"},{"@type":"ListItem","position":3,"name":"Visitas guiadas en Goslar"}]},{"@type":"WebSite","@id":"https:\/\/9staedte.de\/es\/#website","url":"https:\/\/9staedte.de\/es\/","name":"9 St\u00e4dte in Niedersachsen","description":"","publisher":{"@id":"https:\/\/9staedte.de\/es\/#organization"},"potentialAction":[{"@type":"SearchAction","target":{"@type":"EntryPoint","urlTemplate":"https:\/\/9staedte.de\/es\/?s={search_term_string}"},"query-input":{"@type":"PropertyValueSpecification","valueRequired":true,"valueName":"search_term_string"}}],"inLanguage":"es"},{"@type":"Organization","@id":"https:\/\/9staedte.de\/es\/#organization","name":"9 St\u00e4dte in Niedersachsen","url":"https:\/\/9staedte.de\/es\/","logo":{"@type":"ImageObject","inLanguage":"es","@id":"https:\/\/9staedte.de\/es\/#\/schema\/logo\/image\/","url":"https:\/\/9staedte.de\/wp-content\/uploads\/2025\/01\/9-neg-deutsch-2-1.png","contentUrl":"https:\/\/9staedte.de\/wp-content\/uploads\/2025\/01\/9-neg-deutsch-2-1.png","width":190,"height":114,"caption":"9 St\u00e4dte in Niedersachsen"},"image":{"@id":"https:\/\/9staedte.de\/es\/#\/schema\/logo\/image\/"}}]}},"_links":{"self":[{"href":"https:\/\/9staedte.de\/es\/wp-json\/wp\/v2\/pages\/17208","targetHints":{"allow":["GET"]}}],"collection":[{"href":"https:\/\/9staedte.de\/es\/wp-json\/wp\/v2\/pages"}],"about":[{"href":"https:\/\/9staedte.de\/es\/wp-json\/wp\/v2\/types\/page"}],"author":[{"embeddable":true,"href":"https:\/\/9staedte.de\/es\/wp-json\/wp\/v2\/users\/1"}],"replies":[{"embeddable":true,"href":"https:\/\/9staedte.de\/es\/wp-json\/wp\/v2\/comments?post=17208"}],"version-history":[{"count":2,"href":"https:\/\/9staedte.de\/es\/wp-json\/wp\/v2\/pages\/17208\/revisions"}],"predecessor-version":[{"id":22234,"href":"https:\/\/9staedte.de\/es\/wp-json\/wp\/v2\/pages\/17208\/revisions\/22234"}],"up":[{"embeddable":true,"href":"https:\/\/9staedte.de\/es\/wp-json\/wp\/v2\/pages\/17997"}],"wp:featuredmedia":[{"embeddable":true,"href":"https:\/\/9staedte.de\/es\/wp-json\/wp\/v2\/media\/17220"}],"wp:attachment":[{"href":"https:\/\/9staedte.de\/es\/wp-json\/wp\/v2\/media?parent=17208"}],"wp:term":[{"taxonomy":"category","embeddable":true,"href":"https:\/\/9staedte.de\/es\/wp-json\/wp\/v2\/categories?post=17208"},{"taxonomy":"post_tag","embeddable":true,"href":"https:\/\/9staedte.de\/es\/wp-json\/wp\/v2\/tags?post=17208"},{"taxonomy":"ncap_cities_tax","embeddable":true,"href":"https:\/\/9staedte.de\/es\/wp-json\/wp\/v2\/ncap_cities_tax?post=17208"}],"curies":[{"name":"wp","href":"https:\/\/api.w.org\/{rel}","templated":true}]}}