{"id":17192,"date":"2023-11-02T09:47:43","date_gmt":"2023-11-02T08:47:43","guid":{"rendered":"https:\/\/9staedte.de\/hannover-descubrir-de-forma-sostenible\/"},"modified":"2024-03-21T14:42:08","modified_gmt":"2024-03-21T13:42:08","slug":"hannover-descubrir-de-forma-sostenible","status":"publish","type":"page","link":"https:\/\/9staedte.de\/es\/hannover-capital-de-baja-sajonia\/hannover-descubrir-de-forma-sostenible\/","title":{"rendered":"Hannover &#8211; descubrir de forma sostenible"},"content":{"rendered":"\n<h2 class=\"wp-block-heading\">Hannover: verde y habitable<\/h2>\n\n\n\n<p>En 2018, Hannover fue nombrada la gran ciudad m\u00e1s sostenible de Alemania y recibi\u00f3 el Premio Alem\u00e1n a la Sostenibilidad. La calidad de vida en la ciudad es correspondientemente alta. La vegetaci\u00f3n no tiene fin en Eilenriede, el mayor bosque urbano de Europa, los jardines de Herrenhausen y los alrededores de los r\u00edos Leine e Ihme, el canal Mittelland o el Maschsee. Numerosos carriles bici y una red de transporte local bien desarrollada facilitan los desplazamientos sostenibles en Hannover. Hannover ofrece grandes oportunidades para realizar excursiones en bicicleta dentro de la ciudad y, por supuesto, en la regi\u00f3n. Las excursiones en canoa permiten descubrir la ciudad desde el agua. Especialmente en los barrios, hay muchas peque\u00f1as tiendas y restaurantes con ofertas regionales, sostenibles y justas.<\/p>\n\n\n\n<p>Hannover es un importante nudo de transportes en Europa. Con r\u00e1pidas conexiones ICE en todas direcciones, viajar en tren es una de las opciones m\u00e1s c\u00f3modas y, por supuesto, sostenibles.<\/p>\n\n\n\n\n<div class=\"banner-wrapper\">\n  <div class=\"banner-inner \">\n      <div class=\"img-container\">\n      <div class=\"img-wrapper\">\n        <img decoding=\"async\" src=\"https:\/\/9staedte.de\/wp-content\/smush-webp\/2022\/06\/Hannover-Neues-Leineufer-c-HMTG-Christian-Wyrwa1.jpg.webp\" alt=\"La imagen muestra la orilla del r\u00edo Leine en Hannover. A la izquierda hay un restaurante con mesas afuera. La gente come y bebe. A la derecha est\u00e1 el r\u00edo Leine. Dos canoas con j\u00f3venes est\u00e1n en el agua. Hace sol y calor. Es un bonito d\u00eda de verano. El ambiente es alegre y tranquilo.\" \/>\n                  <div class=\"thumbnail-label\">\n            <span>Hannover, DEU, 21.08.2019 Hohes Ufer\r\n\r\n\r\n. [ Fotos: Christian Wyrwa, Diplom-Foto-Designer (FH),  Burgwedeler Str. 91D , 30916 Isernhagen (bei Hannover), Germany, E-Mail: info@wyrwa-foto.de,  Tel: +49-511-3945254, Fax:+49-511-1233545, Mobil: +49-171-8340094, Dieses Lichtbildwerk ist gesetzlich geschuetzt. CC0 Nachdruck, honorarfrei gegen Autorennennung.: \u00abFoto: Christian Wyrwa\u00bb , kein Modelrelease vorhanden, no modelrelease]<\/span>\n          <\/div>\n              <\/div>\n    <\/div>\n        <div class=\"text-container\">\n      <div class=\"content\">\n        <h2>Descubra Hannover de forma sostenible: 9 consejos<\/h2>\n<p>&#8211; En Hannover y su regi\u00f3n hay unos 1.000 kil\u00f3metros de carril bici.<\/p>\n<p>&#8211; HannoverCard: descubra muchos lugares de inter\u00e9s de Hannover y la regi\u00f3n de forma sostenible en transporte p\u00fablico.<\/p>\n<p>&#8211; Mercados semanales con productos regionales, de temporada y ecol\u00f3gicos en muchos barrios<\/p>\n<p>&#8211; Hannoccino: el vaso reutilizable de Hannover para bebidas para llevar.<\/p>\n<p>&#8211; Caf\u00e9s, restaurantes y tiendas con ofertas sostenibles y ecol\u00f3gicas en el barrio de moda de Linden.<\/p>\n<p>&#8211; Bolsa de reciclaje en el Glocksee<\/p>\n<p>&#8211; Movilidad en el agua: remo, barca de remos o de pedales en el Maschsee, paseos en canoa por el Ihme y el Leine.<\/p>\n<p>&#8211; Reserva c\u00f3modamente el servicio de transporte compartido de Moja, filial de VW, a trav\u00e9s de una aplicaci\u00f3n.<\/p>\n<p>&#8211; El folleto <a href=\"https:\/\/www.visit-hannover.com\/Media\/01-DATA-Neu\/Downloads\/HMTG\/Imagebrosch%C3%BCren\/Hannover-Living-nachhaltig-unterwegs\">\u00abHannover por dentro &#8211; viajar de forma sostenible\u00bb<\/a> con muchos m\u00e1s consejos.<\/p>\n      <\/div>\n    <\/div>\n    <\/div>\n<\/div>\n\n","protected":false},"excerpt":{"rendered":"<p>Hannover: verde y habitable En 2018, Hannover fue nombrada la gran ciudad m\u00e1s sostenible de Alemania y recibi\u00f3 el Premio Alem\u00e1n a la Sostenibilidad. La calidad de vida en la ciudad es correspondientemente alta. La vegetaci\u00f3n no tiene fin en Eilenriede, el mayor bosque urbano de Europa, los jardines de Herrenhausen y los alrededores de [&hellip;]<\/p>\n","protected":false},"author":1,"featured_media":17202,"parent":18054,"menu_order":0,"comment_status":"closed","ping_status":"closed","template":"pagetemplates\/template-stadtthema.php","meta":{"_acf_changed":false,"footnotes":""},"categories":[],"tags":[],"ncap_cities_tax":[459,1040],"class_list":["post-17192","page","type-page","status-publish","has-post-thumbnail","hentry","ncap_cities_tax-hannover-es","ncap_cities_tax-naturerlebnisse-und-nachhaltigkeit-hannover-es"],"acf":[],"yoast_head":"<!-- This site is optimized with the Yoast SEO plugin v26.8 - https:\/\/yoast.com\/product\/yoast-seo-wordpress\/ -->\n<title>Hannover - descubrir de forma sostenible - 9 St\u00e4dte in Niedersachsen<\/title>\n<meta name=\"robots\" content=\"index, follow, max-snippet:-1, max-image-preview:large, max-video-preview:-1\" \/>\n<link rel=\"canonical\" href=\"https:\/\/9staedte.de\/es\/hannover-capital-de-baja-sajonia\/hannover-descubrir-de-forma-sostenible\/\" \/>\n<meta property=\"og:locale\" content=\"es_ES\" \/>\n<meta property=\"og:type\" content=\"article\" \/>\n<meta property=\"og:title\" content=\"Hannover - descubrir de forma sostenible - 9 St\u00e4dte in Niedersachsen\" \/>\n<meta property=\"og:description\" content=\"Hannover: verde y habitable En 2018, Hannover fue nombrada la gran ciudad m\u00e1s sostenible de Alemania y recibi\u00f3 el Premio Alem\u00e1n a la Sostenibilidad. La calidad de vida en la ciudad es correspondientemente alta. La vegetaci\u00f3n no tiene fin en Eilenriede, el mayor bosque urbano de Europa, los jardines de Herrenhausen y los alrededores de [&hellip;]\" \/>\n<meta property=\"og:url\" content=\"https:\/\/9staedte.de\/es\/hannover-capital-de-baja-sajonia\/hannover-descubrir-de-forma-sostenible\/\" \/>\n<meta property=\"og:site_name\" content=\"9 St\u00e4dte in Niedersachsen\" \/>\n<meta property=\"article:modified_time\" content=\"2024-03-21T13:42:08+00:00\" \/>\n<meta property=\"og:image\" content=\"https:\/\/9staedte.de\/wp-content\/uploads\/2023\/03\/Green-Hannover-c-HMTG-Sebastian-Grote.jpg\" \/>\n\t<meta property=\"og:image:width\" content=\"1020\" \/>\n\t<meta property=\"og:image:height\" content=\"560\" \/>\n\t<meta property=\"og:image:type\" content=\"image\/jpeg\" \/>\n<meta name=\"twitter:card\" content=\"summary_large_image\" \/>\n<meta name=\"twitter:label1\" content=\"Tiempo de lectura\" \/>\n\t<meta name=\"twitter:data1\" content=\"2 minutos\" \/>\n<script type=\"application\/ld+json\" class=\"yoast-schema-graph\">{\"@context\":\"https:\/\/schema.org\",\"@graph\":[{\"@type\":\"WebPage\",\"@id\":\"https:\/\/9staedte.de\/es\/hannover-capital-de-baja-sajonia\/hannover-descubrir-de-forma-sostenible\/\",\"url\":\"https:\/\/9staedte.de\/es\/hannover-capital-de-baja-sajonia\/hannover-descubrir-de-forma-sostenible\/\",\"name\":\"Hannover - descubrir de forma sostenible - 9 St\u00e4dte in Niedersachsen\",\"isPartOf\":{\"@id\":\"https:\/\/9staedte.de\/es\/#website\"},\"primaryImageOfPage\":{\"@id\":\"https:\/\/9staedte.de\/es\/hannover-capital-de-baja-sajonia\/hannover-descubrir-de-forma-sostenible\/#primaryimage\"},\"image\":{\"@id\":\"https:\/\/9staedte.de\/es\/hannover-capital-de-baja-sajonia\/hannover-descubrir-de-forma-sostenible\/#primaryimage\"},\"thumbnailUrl\":\"https:\/\/9staedte.de\/wp-content\/uploads\/2023\/03\/Green-Hannover-c-HMTG-Sebastian-Grote.jpg\",\"datePublished\":\"2023-11-02T08:47:43+00:00\",\"dateModified\":\"2024-03-21T13:42:08+00:00\",\"breadcrumb\":{\"@id\":\"https:\/\/9staedte.de\/es\/hannover-capital-de-baja-sajonia\/hannover-descubrir-de-forma-sostenible\/#breadcrumb\"},\"inLanguage\":\"es\",\"potentialAction\":[{\"@type\":\"ReadAction\",\"target\":[\"https:\/\/9staedte.de\/es\/hannover-capital-de-baja-sajonia\/hannover-descubrir-de-forma-sostenible\/\"]}]},{\"@type\":\"ImageObject\",\"inLanguage\":\"es\",\"@id\":\"https:\/\/9staedte.de\/es\/hannover-capital-de-baja-sajonia\/hannover-descubrir-de-forma-sostenible\/#primaryimage\",\"url\":\"https:\/\/9staedte.de\/wp-content\/uploads\/2023\/03\/Green-Hannover-c-HMTG-Sebastian-Grote.jpg\",\"contentUrl\":\"https:\/\/9staedte.de\/wp-content\/uploads\/2023\/03\/Green-Hannover-c-HMTG-Sebastian-Grote.jpg\",\"width\":1020,\"height\":560,\"caption\":\"Green Hannover c) HMTG Sebastian Grote\"},{\"@type\":\"BreadcrumbList\",\"@id\":\"https:\/\/9staedte.de\/es\/hannover-capital-de-baja-sajonia\/hannover-descubrir-de-forma-sostenible\/#breadcrumb\",\"itemListElement\":[{\"@type\":\"ListItem\",\"position\":1,\"name\":\"Startseite\",\"item\":\"https:\/\/9staedte.de\/es\/\"},{\"@type\":\"ListItem\",\"position\":2,\"name\":\"Hannover &#8211; Capital de Baja Sajonia\",\"item\":\"https:\/\/9staedte.de\/es\/hannover-capital-de-baja-sajonia\/\"},{\"@type\":\"ListItem\",\"position\":3,\"name\":\"Hannover &#8211; descubrir de forma sostenible\"}]},{\"@type\":\"WebSite\",\"@id\":\"https:\/\/9staedte.de\/es\/#website\",\"url\":\"https:\/\/9staedte.de\/es\/\",\"name\":\"9 St\u00e4dte in Niedersachsen\",\"description\":\"\",\"publisher\":{\"@id\":\"https:\/\/9staedte.de\/es\/#organization\"},\"potentialAction\":[{\"@type\":\"SearchAction\",\"target\":{\"@type\":\"EntryPoint\",\"urlTemplate\":\"https:\/\/9staedte.de\/es\/?s={search_term_string}\"},\"query-input\":{\"@type\":\"PropertyValueSpecification\",\"valueRequired\":true,\"valueName\":\"search_term_string\"}}],\"inLanguage\":\"es\"},{\"@type\":\"Organization\",\"@id\":\"https:\/\/9staedte.de\/es\/#organization\",\"name\":\"9 St\u00e4dte in Niedersachsen\",\"url\":\"https:\/\/9staedte.de\/es\/\",\"logo\":{\"@type\":\"ImageObject\",\"inLanguage\":\"es\",\"@id\":\"https:\/\/9staedte.de\/es\/#\/schema\/logo\/image\/\",\"url\":\"https:\/\/9staedte.de\/wp-content\/uploads\/2025\/01\/9-neg-deutsch-2-1.png\",\"contentUrl\":\"https:\/\/9staedte.de\/wp-content\/uploads\/2025\/01\/9-neg-deutsch-2-1.png\",\"width\":190,\"height\":114,\"caption\":\"9 St\u00e4dte in Niedersachsen\"},\"image\":{\"@id\":\"https:\/\/9staedte.de\/es\/#\/schema\/logo\/image\/\"}}]}<\/script>\n<!-- \/ Yoast SEO plugin. -->","yoast_head_json":{"title":"Hannover - descubrir de forma sostenible - 9 St\u00e4dte in Niedersachsen","robots":{"index":"index","follow":"follow","max-snippet":"max-snippet:-1","max-image-preview":"max-image-preview:large","max-video-preview":"max-video-preview:-1"},"canonical":"https:\/\/9staedte.de\/es\/hannover-capital-de-baja-sajonia\/hannover-descubrir-de-forma-sostenible\/","og_locale":"es_ES","og_type":"article","og_title":"Hannover - descubrir de forma sostenible - 9 St\u00e4dte in Niedersachsen","og_description":"Hannover: verde y habitable En 2018, Hannover fue nombrada la gran ciudad m\u00e1s sostenible de Alemania y recibi\u00f3 el Premio Alem\u00e1n a la Sostenibilidad. La calidad de vida en la ciudad es correspondientemente alta. La vegetaci\u00f3n no tiene fin en Eilenriede, el mayor bosque urbano de Europa, los jardines de Herrenhausen y los alrededores de [&hellip;]","og_url":"https:\/\/9staedte.de\/es\/hannover-capital-de-baja-sajonia\/hannover-descubrir-de-forma-sostenible\/","og_site_name":"9 St\u00e4dte in Niedersachsen","article_modified_time":"2024-03-21T13:42:08+00:00","og_image":[{"width":1020,"height":560,"url":"https:\/\/9staedte.de\/wp-content\/uploads\/2023\/03\/Green-Hannover-c-HMTG-Sebastian-Grote.jpg","type":"image\/jpeg"}],"twitter_card":"summary_large_image","twitter_misc":{"Tiempo de lectura":"2 minutos"},"schema":{"@context":"https:\/\/schema.org","@graph":[{"@type":"WebPage","@id":"https:\/\/9staedte.de\/es\/hannover-capital-de-baja-sajonia\/hannover-descubrir-de-forma-sostenible\/","url":"https:\/\/9staedte.de\/es\/hannover-capital-de-baja-sajonia\/hannover-descubrir-de-forma-sostenible\/","name":"Hannover - descubrir de forma sostenible - 9 St\u00e4dte in Niedersachsen","isPartOf":{"@id":"https:\/\/9staedte.de\/es\/#website"},"primaryImageOfPage":{"@id":"https:\/\/9staedte.de\/es\/hannover-capital-de-baja-sajonia\/hannover-descubrir-de-forma-sostenible\/#primaryimage"},"image":{"@id":"https:\/\/9staedte.de\/es\/hannover-capital-de-baja-sajonia\/hannover-descubrir-de-forma-sostenible\/#primaryimage"},"thumbnailUrl":"https:\/\/9staedte.de\/wp-content\/uploads\/2023\/03\/Green-Hannover-c-HMTG-Sebastian-Grote.jpg","datePublished":"2023-11-02T08:47:43+00:00","dateModified":"2024-03-21T13:42:08+00:00","breadcrumb":{"@id":"https:\/\/9staedte.de\/es\/hannover-capital-de-baja-sajonia\/hannover-descubrir-de-forma-sostenible\/#breadcrumb"},"inLanguage":"es","potentialAction":[{"@type":"ReadAction","target":["https:\/\/9staedte.de\/es\/hannover-capital-de-baja-sajonia\/hannover-descubrir-de-forma-sostenible\/"]}]},{"@type":"ImageObject","inLanguage":"es","@id":"https:\/\/9staedte.de\/es\/hannover-capital-de-baja-sajonia\/hannover-descubrir-de-forma-sostenible\/#primaryimage","url":"https:\/\/9staedte.de\/wp-content\/uploads\/2023\/03\/Green-Hannover-c-HMTG-Sebastian-Grote.jpg","contentUrl":"https:\/\/9staedte.de\/wp-content\/uploads\/2023\/03\/Green-Hannover-c-HMTG-Sebastian-Grote.jpg","width":1020,"height":560,"caption":"Green Hannover c) HMTG Sebastian Grote"},{"@type":"BreadcrumbList","@id":"https:\/\/9staedte.de\/es\/hannover-capital-de-baja-sajonia\/hannover-descubrir-de-forma-sostenible\/#breadcrumb","itemListElement":[{"@type":"ListItem","position":1,"name":"Startseite","item":"https:\/\/9staedte.de\/es\/"},{"@type":"ListItem","position":2,"name":"Hannover &#8211; Capital de Baja Sajonia","item":"https:\/\/9staedte.de\/es\/hannover-capital-de-baja-sajonia\/"},{"@type":"ListItem","position":3,"name":"Hannover &#8211; descubrir de forma sostenible"}]},{"@type":"WebSite","@id":"https:\/\/9staedte.de\/es\/#website","url":"https:\/\/9staedte.de\/es\/","name":"9 St\u00e4dte in Niedersachsen","description":"","publisher":{"@id":"https:\/\/9staedte.de\/es\/#organization"},"potentialAction":[{"@type":"SearchAction","target":{"@type":"EntryPoint","urlTemplate":"https:\/\/9staedte.de\/es\/?s={search_term_string}"},"query-input":{"@type":"PropertyValueSpecification","valueRequired":true,"valueName":"search_term_string"}}],"inLanguage":"es"},{"@type":"Organization","@id":"https:\/\/9staedte.de\/es\/#organization","name":"9 St\u00e4dte in Niedersachsen","url":"https:\/\/9staedte.de\/es\/","logo":{"@type":"ImageObject","inLanguage":"es","@id":"https:\/\/9staedte.de\/es\/#\/schema\/logo\/image\/","url":"https:\/\/9staedte.de\/wp-content\/uploads\/2025\/01\/9-neg-deutsch-2-1.png","contentUrl":"https:\/\/9staedte.de\/wp-content\/uploads\/2025\/01\/9-neg-deutsch-2-1.png","width":190,"height":114,"caption":"9 St\u00e4dte in Niedersachsen"},"image":{"@id":"https:\/\/9staedte.de\/es\/#\/schema\/logo\/image\/"}}]}},"_links":{"self":[{"href":"https:\/\/9staedte.de\/es\/wp-json\/wp\/v2\/pages\/17192","targetHints":{"allow":["GET"]}}],"collection":[{"href":"https:\/\/9staedte.de\/es\/wp-json\/wp\/v2\/pages"}],"about":[{"href":"https:\/\/9staedte.de\/es\/wp-json\/wp\/v2\/types\/page"}],"author":[{"embeddable":true,"href":"https:\/\/9staedte.de\/es\/wp-json\/wp\/v2\/users\/1"}],"replies":[{"embeddable":true,"href":"https:\/\/9staedte.de\/es\/wp-json\/wp\/v2\/comments?post=17192"}],"version-history":[{"count":4,"href":"https:\/\/9staedte.de\/es\/wp-json\/wp\/v2\/pages\/17192\/revisions"}],"predecessor-version":[{"id":21486,"href":"https:\/\/9staedte.de\/es\/wp-json\/wp\/v2\/pages\/17192\/revisions\/21486"}],"up":[{"embeddable":true,"href":"https:\/\/9staedte.de\/es\/wp-json\/wp\/v2\/pages\/18054"}],"wp:featuredmedia":[{"embeddable":true,"href":"https:\/\/9staedte.de\/es\/wp-json\/wp\/v2\/media\/17202"}],"wp:attachment":[{"href":"https:\/\/9staedte.de\/es\/wp-json\/wp\/v2\/media?parent=17192"}],"wp:term":[{"taxonomy":"category","embeddable":true,"href":"https:\/\/9staedte.de\/es\/wp-json\/wp\/v2\/categories?post=17192"},{"taxonomy":"post_tag","embeddable":true,"href":"https:\/\/9staedte.de\/es\/wp-json\/wp\/v2\/tags?post=17192"},{"taxonomy":"ncap_cities_tax","embeddable":true,"href":"https:\/\/9staedte.de\/es\/wp-json\/wp\/v2\/ncap_cities_tax?post=17192"}],"curies":[{"name":"wp","href":"https:\/\/api.w.org\/{rel}","templated":true}]}}