{"id":17185,"date":"2023-11-02T09:47:42","date_gmt":"2023-11-02T08:47:42","guid":{"rendered":"https:\/\/9staedte.de\/ir-de-compras-y-salir-por-hannover\/"},"modified":"2025-05-14T12:49:49","modified_gmt":"2025-05-14T10:49:49","slug":"ir-de-compras-y-salir-por-hannover","status":"publish","type":"page","link":"https:\/\/9staedte.de\/es\/hannover-capital-de-baja-sajonia\/ir-de-compras-y-salir-por-hannover\/","title":{"rendered":"Ir de compras y salir por Hannover"},"content":{"rendered":"\n<p>En una de las mayores zonas peatonales de Alemania, hay para todos los gustos y bolsillos. Aqu\u00ed no s\u00f3lo encontrar\u00e1 los grandes almacenes con su extensa gama de productos, exclusivas calles comerciales y soportales, sino tambi\u00e9n las tiendas y boutiques del casco antiguo con su ambiente tranquilo. Salir en Hannover tambi\u00e9n es una experiencia. Acogedores bares y restaurantes, id\u00edlicas cervecer\u00edas al aire libre, clubes de moda, discotecas, espect\u00e1culos de variedades, jazz, teatro, cabaret, \u00f3pera&#8230;: Disfrute de toda la variedad que ofrece una gran ciudad.<\/p>\n\n\n<div class=\"banner-wrapper\">\n  <div class=\"banner-inner \">\n      <div class=\"img-container\">\n      <div class=\"img-wrapper\">\n        <img decoding=\"async\" src=\"https:\/\/9staedte.de\/wp-content\/smush-webp\/2023\/02\/Hannover-Altstadt-Ballhof-c-HMTG-Patrick-Graf.jpg.webp\" alt=\"La imagen muestra el Ballhof en Hannover por la noche. Las casas con entramado est\u00e1n iluminadas. Muchas personas est\u00e1n sentadas fuera en un restaurante. Hay grandes sombrillas sobre las mesas. Hay \u00e1rboles y plantas alrededor.\" \/>\n                  <div class=\"thumbnail-label\">\n            <span>Hannover Altstadt Ballhofplatz c) HMTG Patrick Graf<\/span>\n          <\/div>\n              <\/div>\n    <\/div>\n        <div class=\"text-container\">\n      <div class=\"content\">\n        <p><strong>9 consejos para ir de compras y salir por Hannover:<\/strong><\/p>\n<ul>\n<li>Ernst-August-Galerie con m\u00e1s de 150 tiendas directamente en la estaci\u00f3n central de ferrocarril, as\u00ed como arcadas y galer\u00edas exclusivas alrededor de Kr\u00f6pcke y la \u00f3pera<\/li>\n<li>La sala del mercado, el \u00abvientre de Hannover\u00bb, con delicias culinarias internacionales.<\/li>\n<li>La estaci\u00f3n principal de ferrocarril: un para\u00edso de compras y gourmet, incluso los domingos<\/li>\n<li>Mercadillo en el Hohe Ufer, todos los s\u00e1bados<\/li>\n<li>El casco antiguo con sus peque\u00f1as tiendas, pubs, caf\u00e9s callejeros y restaurantes a orillas del r\u00edo Leine.<\/li>\n<li>Diversa escena con tiendas de moda, bares y restaurantes en los distritos de Linden, Nordstadt y List<\/li>\n<li>Club de Jazz de Hannover<\/li>\n<li>Premiado internacionalmente: \u00d3pera y teatro<\/li>\n<li>En verano: ambiente mediterr\u00e1neo en las cervecer\u00edas y restaurantes alrededor del lago Maschsee<\/li>\n<\/ul>\n      <\/div>\n    <\/div>\n    <\/div>\n<\/div>\n\n","protected":false},"excerpt":{"rendered":"<p>En una de las mayores zonas peatonales de Alemania, hay para todos los gustos y bolsillos. Aqu\u00ed no s\u00f3lo encontrar\u00e1 los grandes almacenes con su extensa gama de productos, exclusivas calles comerciales y soportales, sino tambi\u00e9n las tiendas y boutiques del casco antiguo con su ambiente tranquilo. Salir en Hannover tambi\u00e9n es una experiencia. Acogedores [&hellip;]<\/p>\n","protected":false},"author":1,"featured_media":17199,"parent":18054,"menu_order":0,"comment_status":"closed","ping_status":"closed","template":"pagetemplates\/template-stadtthema.php","meta":{"_acf_changed":false,"footnotes":""},"categories":[],"tags":[],"ncap_cities_tax":[459,794],"class_list":["post-17185","page","type-page","status-publish","has-post-thumbnail","hentry","ncap_cities_tax-hannover-es","ncap_cities_tax-shopping-und-ausgehen-hannover-es"],"acf":[],"yoast_head":"<!-- This site is optimized with the Yoast SEO plugin v26.8 - https:\/\/yoast.com\/product\/yoast-seo-wordpress\/ -->\n<title>Ir de compras y salir por Hannover - 9 St\u00e4dte in Niedersachsen<\/title>\n<meta name=\"robots\" content=\"index, follow, max-snippet:-1, max-image-preview:large, max-video-preview:-1\" \/>\n<link rel=\"canonical\" href=\"https:\/\/9staedte.de\/es\/hannover-capital-de-baja-sajonia\/ir-de-compras-y-salir-por-hannover\/\" \/>\n<meta property=\"og:locale\" content=\"es_ES\" \/>\n<meta property=\"og:type\" content=\"article\" \/>\n<meta property=\"og:title\" content=\"Ir de compras y salir por Hannover - 9 St\u00e4dte in Niedersachsen\" \/>\n<meta property=\"og:description\" content=\"En una de las mayores zonas peatonales de Alemania, hay para todos los gustos y bolsillos. Aqu\u00ed no s\u00f3lo encontrar\u00e1 los grandes almacenes con su extensa gama de productos, exclusivas calles comerciales y soportales, sino tambi\u00e9n las tiendas y boutiques del casco antiguo con su ambiente tranquilo. Salir en Hannover tambi\u00e9n es una experiencia. Acogedores [&hellip;]\" \/>\n<meta property=\"og:url\" content=\"https:\/\/9staedte.de\/es\/hannover-capital-de-baja-sajonia\/ir-de-compras-y-salir-por-hannover\/\" \/>\n<meta property=\"og:site_name\" content=\"9 St\u00e4dte in Niedersachsen\" \/>\n<meta property=\"article:modified_time\" content=\"2025-05-14T10:49:49+00:00\" \/>\n<meta property=\"og:image\" content=\"https:\/\/9staedte.de\/wp-content\/uploads\/2023\/02\/Hannover-Hauptbahnhof-c-HMTG-Christian-Wyrwa.jpg\" \/>\n\t<meta property=\"og:image:width\" content=\"1020\" \/>\n\t<meta property=\"og:image:height\" content=\"560\" \/>\n\t<meta property=\"og:image:type\" content=\"image\/jpeg\" \/>\n<meta name=\"twitter:card\" content=\"summary_large_image\" \/>\n<meta name=\"twitter:label1\" content=\"Tiempo de lectura\" \/>\n\t<meta name=\"twitter:data1\" content=\"1 minuto\" \/>\n<script type=\"application\/ld+json\" class=\"yoast-schema-graph\">{\"@context\":\"https:\/\/schema.org\",\"@graph\":[{\"@type\":\"WebPage\",\"@id\":\"https:\/\/9staedte.de\/es\/hannover-capital-de-baja-sajonia\/ir-de-compras-y-salir-por-hannover\/\",\"url\":\"https:\/\/9staedte.de\/es\/hannover-capital-de-baja-sajonia\/ir-de-compras-y-salir-por-hannover\/\",\"name\":\"Ir de compras y salir por Hannover - 9 St\u00e4dte in Niedersachsen\",\"isPartOf\":{\"@id\":\"https:\/\/9staedte.de\/es\/#website\"},\"primaryImageOfPage\":{\"@id\":\"https:\/\/9staedte.de\/es\/hannover-capital-de-baja-sajonia\/ir-de-compras-y-salir-por-hannover\/#primaryimage\"},\"image\":{\"@id\":\"https:\/\/9staedte.de\/es\/hannover-capital-de-baja-sajonia\/ir-de-compras-y-salir-por-hannover\/#primaryimage\"},\"thumbnailUrl\":\"https:\/\/9staedte.de\/wp-content\/uploads\/2023\/02\/Hannover-Hauptbahnhof-c-HMTG-Christian-Wyrwa.jpg\",\"datePublished\":\"2023-11-02T08:47:42+00:00\",\"dateModified\":\"2025-05-14T10:49:49+00:00\",\"breadcrumb\":{\"@id\":\"https:\/\/9staedte.de\/es\/hannover-capital-de-baja-sajonia\/ir-de-compras-y-salir-por-hannover\/#breadcrumb\"},\"inLanguage\":\"es\",\"potentialAction\":[{\"@type\":\"ReadAction\",\"target\":[\"https:\/\/9staedte.de\/es\/hannover-capital-de-baja-sajonia\/ir-de-compras-y-salir-por-hannover\/\"]}]},{\"@type\":\"ImageObject\",\"inLanguage\":\"es\",\"@id\":\"https:\/\/9staedte.de\/es\/hannover-capital-de-baja-sajonia\/ir-de-compras-y-salir-por-hannover\/#primaryimage\",\"url\":\"https:\/\/9staedte.de\/wp-content\/uploads\/2023\/02\/Hannover-Hauptbahnhof-c-HMTG-Christian-Wyrwa.jpg\",\"contentUrl\":\"https:\/\/9staedte.de\/wp-content\/uploads\/2023\/02\/Hannover-Hauptbahnhof-c-HMTG-Christian-Wyrwa.jpg\",\"width\":1020,\"height\":560,\"caption\":\"Hannover Hauptbahnhof c) HMTG Chrisitan Wyrwa\"},{\"@type\":\"BreadcrumbList\",\"@id\":\"https:\/\/9staedte.de\/es\/hannover-capital-de-baja-sajonia\/ir-de-compras-y-salir-por-hannover\/#breadcrumb\",\"itemListElement\":[{\"@type\":\"ListItem\",\"position\":1,\"name\":\"Startseite\",\"item\":\"https:\/\/9staedte.de\/es\/\"},{\"@type\":\"ListItem\",\"position\":2,\"name\":\"Hannover &#8211; Capital de Baja Sajonia\",\"item\":\"https:\/\/9staedte.de\/es\/hannover-capital-de-baja-sajonia\/\"},{\"@type\":\"ListItem\",\"position\":3,\"name\":\"Ir de compras y salir por Hannover\"}]},{\"@type\":\"WebSite\",\"@id\":\"https:\/\/9staedte.de\/es\/#website\",\"url\":\"https:\/\/9staedte.de\/es\/\",\"name\":\"9 St\u00e4dte in Niedersachsen\",\"description\":\"\",\"publisher\":{\"@id\":\"https:\/\/9staedte.de\/es\/#organization\"},\"potentialAction\":[{\"@type\":\"SearchAction\",\"target\":{\"@type\":\"EntryPoint\",\"urlTemplate\":\"https:\/\/9staedte.de\/es\/?s={search_term_string}\"},\"query-input\":{\"@type\":\"PropertyValueSpecification\",\"valueRequired\":true,\"valueName\":\"search_term_string\"}}],\"inLanguage\":\"es\"},{\"@type\":\"Organization\",\"@id\":\"https:\/\/9staedte.de\/es\/#organization\",\"name\":\"9 St\u00e4dte in Niedersachsen\",\"url\":\"https:\/\/9staedte.de\/es\/\",\"logo\":{\"@type\":\"ImageObject\",\"inLanguage\":\"es\",\"@id\":\"https:\/\/9staedte.de\/es\/#\/schema\/logo\/image\/\",\"url\":\"https:\/\/9staedte.de\/wp-content\/uploads\/2025\/01\/9-neg-deutsch-2-1.png\",\"contentUrl\":\"https:\/\/9staedte.de\/wp-content\/uploads\/2025\/01\/9-neg-deutsch-2-1.png\",\"width\":190,\"height\":114,\"caption\":\"9 St\u00e4dte in Niedersachsen\"},\"image\":{\"@id\":\"https:\/\/9staedte.de\/es\/#\/schema\/logo\/image\/\"}}]}<\/script>\n<!-- \/ Yoast SEO plugin. -->","yoast_head_json":{"title":"Ir de compras y salir por Hannover - 9 St\u00e4dte in Niedersachsen","robots":{"index":"index","follow":"follow","max-snippet":"max-snippet:-1","max-image-preview":"max-image-preview:large","max-video-preview":"max-video-preview:-1"},"canonical":"https:\/\/9staedte.de\/es\/hannover-capital-de-baja-sajonia\/ir-de-compras-y-salir-por-hannover\/","og_locale":"es_ES","og_type":"article","og_title":"Ir de compras y salir por Hannover - 9 St\u00e4dte in Niedersachsen","og_description":"En una de las mayores zonas peatonales de Alemania, hay para todos los gustos y bolsillos. Aqu\u00ed no s\u00f3lo encontrar\u00e1 los grandes almacenes con su extensa gama de productos, exclusivas calles comerciales y soportales, sino tambi\u00e9n las tiendas y boutiques del casco antiguo con su ambiente tranquilo. Salir en Hannover tambi\u00e9n es una experiencia. Acogedores [&hellip;]","og_url":"https:\/\/9staedte.de\/es\/hannover-capital-de-baja-sajonia\/ir-de-compras-y-salir-por-hannover\/","og_site_name":"9 St\u00e4dte in Niedersachsen","article_modified_time":"2025-05-14T10:49:49+00:00","og_image":[{"width":1020,"height":560,"url":"https:\/\/9staedte.de\/wp-content\/uploads\/2023\/02\/Hannover-Hauptbahnhof-c-HMTG-Christian-Wyrwa.jpg","type":"image\/jpeg"}],"twitter_card":"summary_large_image","twitter_misc":{"Tiempo de lectura":"1 minuto"},"schema":{"@context":"https:\/\/schema.org","@graph":[{"@type":"WebPage","@id":"https:\/\/9staedte.de\/es\/hannover-capital-de-baja-sajonia\/ir-de-compras-y-salir-por-hannover\/","url":"https:\/\/9staedte.de\/es\/hannover-capital-de-baja-sajonia\/ir-de-compras-y-salir-por-hannover\/","name":"Ir de compras y salir por Hannover - 9 St\u00e4dte in Niedersachsen","isPartOf":{"@id":"https:\/\/9staedte.de\/es\/#website"},"primaryImageOfPage":{"@id":"https:\/\/9staedte.de\/es\/hannover-capital-de-baja-sajonia\/ir-de-compras-y-salir-por-hannover\/#primaryimage"},"image":{"@id":"https:\/\/9staedte.de\/es\/hannover-capital-de-baja-sajonia\/ir-de-compras-y-salir-por-hannover\/#primaryimage"},"thumbnailUrl":"https:\/\/9staedte.de\/wp-content\/uploads\/2023\/02\/Hannover-Hauptbahnhof-c-HMTG-Christian-Wyrwa.jpg","datePublished":"2023-11-02T08:47:42+00:00","dateModified":"2025-05-14T10:49:49+00:00","breadcrumb":{"@id":"https:\/\/9staedte.de\/es\/hannover-capital-de-baja-sajonia\/ir-de-compras-y-salir-por-hannover\/#breadcrumb"},"inLanguage":"es","potentialAction":[{"@type":"ReadAction","target":["https:\/\/9staedte.de\/es\/hannover-capital-de-baja-sajonia\/ir-de-compras-y-salir-por-hannover\/"]}]},{"@type":"ImageObject","inLanguage":"es","@id":"https:\/\/9staedte.de\/es\/hannover-capital-de-baja-sajonia\/ir-de-compras-y-salir-por-hannover\/#primaryimage","url":"https:\/\/9staedte.de\/wp-content\/uploads\/2023\/02\/Hannover-Hauptbahnhof-c-HMTG-Christian-Wyrwa.jpg","contentUrl":"https:\/\/9staedte.de\/wp-content\/uploads\/2023\/02\/Hannover-Hauptbahnhof-c-HMTG-Christian-Wyrwa.jpg","width":1020,"height":560,"caption":"Hannover Hauptbahnhof c) HMTG Chrisitan Wyrwa"},{"@type":"BreadcrumbList","@id":"https:\/\/9staedte.de\/es\/hannover-capital-de-baja-sajonia\/ir-de-compras-y-salir-por-hannover\/#breadcrumb","itemListElement":[{"@type":"ListItem","position":1,"name":"Startseite","item":"https:\/\/9staedte.de\/es\/"},{"@type":"ListItem","position":2,"name":"Hannover &#8211; Capital de Baja Sajonia","item":"https:\/\/9staedte.de\/es\/hannover-capital-de-baja-sajonia\/"},{"@type":"ListItem","position":3,"name":"Ir de compras y salir por Hannover"}]},{"@type":"WebSite","@id":"https:\/\/9staedte.de\/es\/#website","url":"https:\/\/9staedte.de\/es\/","name":"9 St\u00e4dte in Niedersachsen","description":"","publisher":{"@id":"https:\/\/9staedte.de\/es\/#organization"},"potentialAction":[{"@type":"SearchAction","target":{"@type":"EntryPoint","urlTemplate":"https:\/\/9staedte.de\/es\/?s={search_term_string}"},"query-input":{"@type":"PropertyValueSpecification","valueRequired":true,"valueName":"search_term_string"}}],"inLanguage":"es"},{"@type":"Organization","@id":"https:\/\/9staedte.de\/es\/#organization","name":"9 St\u00e4dte in Niedersachsen","url":"https:\/\/9staedte.de\/es\/","logo":{"@type":"ImageObject","inLanguage":"es","@id":"https:\/\/9staedte.de\/es\/#\/schema\/logo\/image\/","url":"https:\/\/9staedte.de\/wp-content\/uploads\/2025\/01\/9-neg-deutsch-2-1.png","contentUrl":"https:\/\/9staedte.de\/wp-content\/uploads\/2025\/01\/9-neg-deutsch-2-1.png","width":190,"height":114,"caption":"9 St\u00e4dte in Niedersachsen"},"image":{"@id":"https:\/\/9staedte.de\/es\/#\/schema\/logo\/image\/"}}]}},"_links":{"self":[{"href":"https:\/\/9staedte.de\/es\/wp-json\/wp\/v2\/pages\/17185","targetHints":{"allow":["GET"]}}],"collection":[{"href":"https:\/\/9staedte.de\/es\/wp-json\/wp\/v2\/pages"}],"about":[{"href":"https:\/\/9staedte.de\/es\/wp-json\/wp\/v2\/types\/page"}],"author":[{"embeddable":true,"href":"https:\/\/9staedte.de\/es\/wp-json\/wp\/v2\/users\/1"}],"replies":[{"embeddable":true,"href":"https:\/\/9staedte.de\/es\/wp-json\/wp\/v2\/comments?post=17185"}],"version-history":[{"count":2,"href":"https:\/\/9staedte.de\/es\/wp-json\/wp\/v2\/pages\/17185\/revisions"}],"predecessor-version":[{"id":25760,"href":"https:\/\/9staedte.de\/es\/wp-json\/wp\/v2\/pages\/17185\/revisions\/25760"}],"up":[{"embeddable":true,"href":"https:\/\/9staedte.de\/es\/wp-json\/wp\/v2\/pages\/18054"}],"wp:featuredmedia":[{"embeddable":true,"href":"https:\/\/9staedte.de\/es\/wp-json\/wp\/v2\/media\/17199"}],"wp:attachment":[{"href":"https:\/\/9staedte.de\/es\/wp-json\/wp\/v2\/media?parent=17185"}],"wp:term":[{"taxonomy":"category","embeddable":true,"href":"https:\/\/9staedte.de\/es\/wp-json\/wp\/v2\/categories?post=17185"},{"taxonomy":"post_tag","embeddable":true,"href":"https:\/\/9staedte.de\/es\/wp-json\/wp\/v2\/tags?post=17185"},{"taxonomy":"ncap_cities_tax","embeddable":true,"href":"https:\/\/9staedte.de\/es\/wp-json\/wp\/v2\/ncap_cities_tax?post=17185"}],"curies":[{"name":"wp","href":"https:\/\/api.w.org\/{rel}","templated":true}]}}