{"id":17184,"date":"2023-11-02T09:47:42","date_gmt":"2023-11-02T08:47:42","guid":{"rendered":"https:\/\/9staedte.de\/conferencias-y-congresos-en-hameln\/"},"modified":"2023-11-02T18:01:20","modified_gmt":"2023-11-02T17:01:20","slug":"conferencias-y-congresos-en-hameln","status":"publish","type":"page","link":"https:\/\/9staedte.de\/es\/hamelin-la-legendaria-ciudad-del-flautista-de-hamelin\/conferencias-y-congresos-en-hameln\/","title":{"rendered":"Conferencias y congresos en Hameln"},"content":{"rendered":"\n<h2 class=\"wp-block-heading\">Su evento en la ciudad del flautista de Hamelin<\/h2>\n\n\n\n<p>La importancia de Hameln como sede de congresos ha aumentado considerablemente en los \u00faltimos a\u00f1os. Uno de los factores que contribuyeron a ello fue la finalizaci\u00f3n en 1996 del moderno y c\u00e9ntrico centro de eventos Weserbergland-Zentrum (WB-Z). El equipamiento t\u00e9cnico de la casa cumple los requisitos m\u00e1s modernos y permite celebrar conferencias para grupos de 17 a 700 personas en aprox. 1.500 m\u00b2 gracias a una distribuci\u00f3n flexible de las salas. Gracias a la conexi\u00f3n directa del Centro Weserbergland con el Teatro Hamelin, se pueden utilizar 700 localidades adicionales (asientos en filas fijas) y un escenario teatral completo. As\u00ed dispondr\u00e1 al mismo tiempo de un gran auditorio y podr\u00e1 utilizar las salas del centro de conferencias para talleres o exposiciones. Otro centro de conferencias de Hameln es la sala polivalente Rattenf\u00e4nger-Halle. Ofrece espacio para diversos actos econ\u00f3micos, culturales y deportivos a gran escala de hasta 2.200 plazas y ferias comerciales.<\/p>\n\n\n\r\n\r\n    <div class=\"filter-posts\">\r\n            <div  id=\"filterContent\">\r\n                                                        \n<div class=\"contentKachel filtr-item\" data-category=\"hameln-es\">\n    <a href=\"https:\/\/9staedte.de\/es\/hameln-marketing-und-tourismus-gmbh-nuestro-servicio\/\">\n        <div class=\"contentKachel-inner\">\n                            <div class=\"contentKachel-thumbnail\">\n                    <img loading=\"lazy\" decoding=\"async\" width=\"300\" height=\"165\" src=\"https:\/\/9staedte.de\/wp-content\/smush-webp\/2023\/02\/Hameln-Theater-und-Weserberglandzentrum-bei-Nacht-c-HMT-300x165.jpg.webp\" class=\"objectfitcover withfilters wp-post-image\" alt=\"La imagen muestra un edificio grande de noche. El edificio est\u00e1 bien iluminado. A la izquierda est\u00e1 el teatro. A la derecha est\u00e1 el centro Weserbergland. Hay muchas ventanas. Algunas personas est\u00e1n en la entrada. Es de noche, pero las luces lo hacen todo visible.\" srcset=\"https:\/\/9staedte.de\/wp-content\/smush-webp\/2023\/02\/Hameln-Theater-und-Weserberglandzentrum-bei-Nacht-c-HMT-300x165.jpg.webp 300w, https:\/\/9staedte.de\/wp-content\/smush-webp\/2023\/02\/Hameln-Theater-und-Weserberglandzentrum-bei-Nacht-c-HMT-768x422.jpg.webp 768w, https:\/\/9staedte.de\/wp-content\/smush-webp\/2023\/02\/Hameln-Theater-und-Weserberglandzentrum-bei-Nacht-c-HMT.jpg.webp 1020w\" sizes=\"auto, (max-width: 300px) 100vw, 300px\" \/>                    <img loading=\"lazy\" decoding=\"async\" width=\"300\" height=\"165\" src=\"https:\/\/9staedte.de\/wp-content\/smush-webp\/2023\/02\/Hameln-Theater-und-Weserberglandzentrum-bei-Nacht-c-HMT-300x165.jpg.webp\" class=\"objectfitcontain wp-post-image\" alt=\"La imagen muestra un edificio grande de noche. El edificio est\u00e1 bien iluminado. A la izquierda est\u00e1 el teatro. A la derecha est\u00e1 el centro Weserbergland. Hay muchas ventanas. Algunas personas est\u00e1n en la entrada. Es de noche, pero las luces lo hacen todo visible.\" srcset=\"https:\/\/9staedte.de\/wp-content\/smush-webp\/2023\/02\/Hameln-Theater-und-Weserberglandzentrum-bei-Nacht-c-HMT-300x165.jpg.webp 300w, https:\/\/9staedte.de\/wp-content\/smush-webp\/2023\/02\/Hameln-Theater-und-Weserberglandzentrum-bei-Nacht-c-HMT-768x422.jpg.webp 768w, https:\/\/9staedte.de\/wp-content\/smush-webp\/2023\/02\/Hameln-Theater-und-Weserberglandzentrum-bei-Nacht-c-HMT.jpg.webp 1020w\" sizes=\"auto, (max-width: 300px) 100vw, 300px\" \/>                        <div class=\"thumbnail-label\">\n    <span>Hameln Theater und Weserberglandzentrum bei Nacht c) HMT<\/span>\n    <\/div>\n                <\/div>\n                        <div class=\"contentKachel-content\">\n                                    <div class=\"city-tag bg-hameln\">\n                        Hameln                    <\/div>\n                \n                <div class=\"title\">\n\n                    Hameln Marketing und Tourismus GmbH: Nuestro servicio:                    \n                <\/div>\n\n                            <\/div>\n\n        <\/div>\n    <\/a>\n<\/div>                                                        \n<div class=\"contentKachel filtr-item\" data-category=\"hameln-es\">\n    <a href=\"https:\/\/9staedte.de\/es\/9-razones-para-celebrar-su-evento-en-hameln\/\">\n        <div class=\"contentKachel-inner\">\n                            <div class=\"contentKachel-thumbnail\">\n                    <img loading=\"lazy\" decoding=\"async\" width=\"300\" height=\"200\" src=\"https:\/\/9staedte.de\/wp-content\/smush-webp\/2023\/02\/Hameln-herbstempfang-c-HMT-300x200.jpg.webp\" class=\"objectfitcover withfilters wp-post-image\" alt=\"En la imagen hay una gran sala. Muchas sillas est\u00e1n en filas. Delante hay una pantalla grande y un podio. El escenario tiene luces azules. La sala est\u00e1 vac\u00eda. Aqu\u00ed ser\u00e1 un evento. Es la recepci\u00f3n de oto\u00f1o en Hameln.\" srcset=\"https:\/\/9staedte.de\/wp-content\/smush-webp\/2023\/02\/Hameln-herbstempfang-c-HMT-300x200.jpg.webp 300w, https:\/\/9staedte.de\/wp-content\/smush-webp\/2023\/02\/Hameln-herbstempfang-c-HMT-768x511.jpg.webp 768w, https:\/\/9staedte.de\/wp-content\/smush-webp\/2023\/02\/Hameln-herbstempfang-c-HMT.jpg.webp 850w\" sizes=\"auto, (max-width: 300px) 100vw, 300px\" \/>                    <img loading=\"lazy\" decoding=\"async\" width=\"300\" height=\"200\" src=\"https:\/\/9staedte.de\/wp-content\/smush-webp\/2023\/02\/Hameln-herbstempfang-c-HMT-300x200.jpg.webp\" class=\"objectfitcontain wp-post-image\" alt=\"En la imagen hay una gran sala. Muchas sillas est\u00e1n en filas. Delante hay una pantalla grande y un podio. El escenario tiene luces azules. La sala est\u00e1 vac\u00eda. Aqu\u00ed ser\u00e1 un evento. Es la recepci\u00f3n de oto\u00f1o en Hameln.\" srcset=\"https:\/\/9staedte.de\/wp-content\/smush-webp\/2023\/02\/Hameln-herbstempfang-c-HMT-300x200.jpg.webp 300w, https:\/\/9staedte.de\/wp-content\/smush-webp\/2023\/02\/Hameln-herbstempfang-c-HMT-768x511.jpg.webp 768w, https:\/\/9staedte.de\/wp-content\/smush-webp\/2023\/02\/Hameln-herbstempfang-c-HMT.jpg.webp 850w\" sizes=\"auto, (max-width: 300px) 100vw, 300px\" \/>                        <div class=\"thumbnail-label\">\n    <span>Hameln herbstempfang c) HMT<\/span>\n    <\/div>\n                <\/div>\n                        <div class=\"contentKachel-content\">\n                                    <div class=\"city-tag bg-hameln\">\n                        Hameln                    <\/div>\n                \n                <div class=\"title\">\n\n                    9 razones para celebrar su evento en Hameln                    \n                <\/div>\n\n                            <\/div>\n\n        <\/div>\n    <\/a>\n<\/div>                                            <\/div>\r\n    <\/div>\r\n","protected":false},"excerpt":{"rendered":"<p>Su evento en la ciudad del flautista de Hamelin La importancia de Hameln como sede de congresos ha aumentado considerablemente en los \u00faltimos a\u00f1os. Uno de los factores que contribuyeron a ello fue la finalizaci\u00f3n en 1996 del moderno y c\u00e9ntrico centro de eventos Weserbergland-Zentrum (WB-Z). El equipamiento t\u00e9cnico de la casa cumple los requisitos [&hellip;]<\/p>\n","protected":false},"author":1,"featured_media":17197,"parent":17959,"menu_order":0,"comment_status":"closed","ping_status":"closed","template":"pagetemplates\/template-stadtthema.php","meta":{"_acf_changed":false,"footnotes":""},"categories":[],"tags":[],"ncap_cities_tax":[451,1158],"class_list":["post-17184","page","type-page","status-publish","has-post-thumbnail","hentry","ncap_cities_tax-hameln-es","ncap_cities_tax-tagungen-und-kongresse-hameln-es"],"acf":[],"yoast_head":"<!-- This site is optimized with the Yoast SEO plugin v26.8 - https:\/\/yoast.com\/product\/yoast-seo-wordpress\/ -->\n<title>Conferencias y congresos en Hameln - 9 St\u00e4dte in Niedersachsen<\/title>\n<meta name=\"robots\" content=\"index, follow, max-snippet:-1, max-image-preview:large, max-video-preview:-1\" \/>\n<link rel=\"canonical\" href=\"https:\/\/9staedte.de\/es\/hamelin-la-legendaria-ciudad-del-flautista-de-hamelin\/conferencias-y-congresos-en-hameln\/\" \/>\n<meta property=\"og:locale\" content=\"es_ES\" \/>\n<meta property=\"og:type\" content=\"article\" \/>\n<meta property=\"og:title\" content=\"Conferencias y congresos en Hameln - 9 St\u00e4dte in Niedersachsen\" \/>\n<meta property=\"og:description\" content=\"Su evento en la ciudad del flautista de Hamelin La importancia de Hameln como sede de congresos ha aumentado considerablemente en los \u00faltimos a\u00f1os. Uno de los factores que contribuyeron a ello fue la finalizaci\u00f3n en 1996 del moderno y c\u00e9ntrico centro de eventos Weserbergland-Zentrum (WB-Z). El equipamiento t\u00e9cnico de la casa cumple los requisitos [&hellip;]\" \/>\n<meta property=\"og:url\" content=\"https:\/\/9staedte.de\/es\/hamelin-la-legendaria-ciudad-del-flautista-de-hamelin\/conferencias-y-congresos-en-hameln\/\" \/>\n<meta property=\"og:site_name\" content=\"9 St\u00e4dte in Niedersachsen\" \/>\n<meta property=\"article:modified_time\" content=\"2023-11-02T17:01:20+00:00\" \/>\n<meta property=\"og:image\" content=\"https:\/\/9staedte.de\/wp-content\/uploads\/2023\/07\/Weserbergland-Zentrum_-_Herzlich_Willkommen-1.jpg\" \/>\n\t<meta property=\"og:image:width\" content=\"1020\" \/>\n\t<meta property=\"og:image:height\" content=\"560\" \/>\n\t<meta property=\"og:image:type\" content=\"image\/jpeg\" \/>\n<meta name=\"twitter:card\" content=\"summary_large_image\" \/>\n<meta name=\"twitter:label1\" content=\"Tiempo de lectura\" \/>\n\t<meta name=\"twitter:data1\" content=\"1 minuto\" \/>\n<script type=\"application\/ld+json\" class=\"yoast-schema-graph\">{\"@context\":\"https:\/\/schema.org\",\"@graph\":[{\"@type\":\"WebPage\",\"@id\":\"https:\/\/9staedte.de\/es\/hamelin-la-legendaria-ciudad-del-flautista-de-hamelin\/conferencias-y-congresos-en-hameln\/\",\"url\":\"https:\/\/9staedte.de\/es\/hamelin-la-legendaria-ciudad-del-flautista-de-hamelin\/conferencias-y-congresos-en-hameln\/\",\"name\":\"Conferencias y congresos en Hameln - 9 St\u00e4dte in Niedersachsen\",\"isPartOf\":{\"@id\":\"https:\/\/9staedte.de\/es\/#website\"},\"primaryImageOfPage\":{\"@id\":\"https:\/\/9staedte.de\/es\/hamelin-la-legendaria-ciudad-del-flautista-de-hamelin\/conferencias-y-congresos-en-hameln\/#primaryimage\"},\"image\":{\"@id\":\"https:\/\/9staedte.de\/es\/hamelin-la-legendaria-ciudad-del-flautista-de-hamelin\/conferencias-y-congresos-en-hameln\/#primaryimage\"},\"thumbnailUrl\":\"https:\/\/9staedte.de\/wp-content\/uploads\/2023\/07\/Weserbergland-Zentrum_-_Herzlich_Willkommen-1.jpg\",\"datePublished\":\"2023-11-02T08:47:42+00:00\",\"dateModified\":\"2023-11-02T17:01:20+00:00\",\"breadcrumb\":{\"@id\":\"https:\/\/9staedte.de\/es\/hamelin-la-legendaria-ciudad-del-flautista-de-hamelin\/conferencias-y-congresos-en-hameln\/#breadcrumb\"},\"inLanguage\":\"es\",\"potentialAction\":[{\"@type\":\"ReadAction\",\"target\":[\"https:\/\/9staedte.de\/es\/hamelin-la-legendaria-ciudad-del-flautista-de-hamelin\/conferencias-y-congresos-en-hameln\/\"]}]},{\"@type\":\"ImageObject\",\"inLanguage\":\"es\",\"@id\":\"https:\/\/9staedte.de\/es\/hamelin-la-legendaria-ciudad-del-flautista-de-hamelin\/conferencias-y-congresos-en-hameln\/#primaryimage\",\"url\":\"https:\/\/9staedte.de\/wp-content\/uploads\/2023\/07\/Weserbergland-Zentrum_-_Herzlich_Willkommen-1.jpg\",\"contentUrl\":\"https:\/\/9staedte.de\/wp-content\/uploads\/2023\/07\/Weserbergland-Zentrum_-_Herzlich_Willkommen-1.jpg\",\"width\":1020,\"height\":560,\"caption\":\"Tagen in Hameln - Weserbergland-Zentrum Herzlich Willkommen\"},{\"@type\":\"BreadcrumbList\",\"@id\":\"https:\/\/9staedte.de\/es\/hamelin-la-legendaria-ciudad-del-flautista-de-hamelin\/conferencias-y-congresos-en-hameln\/#breadcrumb\",\"itemListElement\":[{\"@type\":\"ListItem\",\"position\":1,\"name\":\"Startseite\",\"item\":\"https:\/\/9staedte.de\/es\/\"},{\"@type\":\"ListItem\",\"position\":2,\"name\":\"Hamelin &#8211; La legendaria ciudad del flautista de Hamelin\",\"item\":\"https:\/\/9staedte.de\/es\/hamelin-la-legendaria-ciudad-del-flautista-de-hamelin\/\"},{\"@type\":\"ListItem\",\"position\":3,\"name\":\"Conferencias y congresos en Hameln\"}]},{\"@type\":\"WebSite\",\"@id\":\"https:\/\/9staedte.de\/es\/#website\",\"url\":\"https:\/\/9staedte.de\/es\/\",\"name\":\"9 St\u00e4dte in Niedersachsen\",\"description\":\"\",\"publisher\":{\"@id\":\"https:\/\/9staedte.de\/es\/#organization\"},\"potentialAction\":[{\"@type\":\"SearchAction\",\"target\":{\"@type\":\"EntryPoint\",\"urlTemplate\":\"https:\/\/9staedte.de\/es\/?s={search_term_string}\"},\"query-input\":{\"@type\":\"PropertyValueSpecification\",\"valueRequired\":true,\"valueName\":\"search_term_string\"}}],\"inLanguage\":\"es\"},{\"@type\":\"Organization\",\"@id\":\"https:\/\/9staedte.de\/es\/#organization\",\"name\":\"9 St\u00e4dte in Niedersachsen\",\"url\":\"https:\/\/9staedte.de\/es\/\",\"logo\":{\"@type\":\"ImageObject\",\"inLanguage\":\"es\",\"@id\":\"https:\/\/9staedte.de\/es\/#\/schema\/logo\/image\/\",\"url\":\"https:\/\/9staedte.de\/wp-content\/uploads\/2025\/01\/9-neg-deutsch-2-1.png\",\"contentUrl\":\"https:\/\/9staedte.de\/wp-content\/uploads\/2025\/01\/9-neg-deutsch-2-1.png\",\"width\":190,\"height\":114,\"caption\":\"9 St\u00e4dte in Niedersachsen\"},\"image\":{\"@id\":\"https:\/\/9staedte.de\/es\/#\/schema\/logo\/image\/\"}}]}<\/script>\n<!-- \/ Yoast SEO plugin. -->","yoast_head_json":{"title":"Conferencias y congresos en Hameln - 9 St\u00e4dte in Niedersachsen","robots":{"index":"index","follow":"follow","max-snippet":"max-snippet:-1","max-image-preview":"max-image-preview:large","max-video-preview":"max-video-preview:-1"},"canonical":"https:\/\/9staedte.de\/es\/hamelin-la-legendaria-ciudad-del-flautista-de-hamelin\/conferencias-y-congresos-en-hameln\/","og_locale":"es_ES","og_type":"article","og_title":"Conferencias y congresos en Hameln - 9 St\u00e4dte in Niedersachsen","og_description":"Su evento en la ciudad del flautista de Hamelin La importancia de Hameln como sede de congresos ha aumentado considerablemente en los \u00faltimos a\u00f1os. Uno de los factores que contribuyeron a ello fue la finalizaci\u00f3n en 1996 del moderno y c\u00e9ntrico centro de eventos Weserbergland-Zentrum (WB-Z). El equipamiento t\u00e9cnico de la casa cumple los requisitos [&hellip;]","og_url":"https:\/\/9staedte.de\/es\/hamelin-la-legendaria-ciudad-del-flautista-de-hamelin\/conferencias-y-congresos-en-hameln\/","og_site_name":"9 St\u00e4dte in Niedersachsen","article_modified_time":"2023-11-02T17:01:20+00:00","og_image":[{"width":1020,"height":560,"url":"https:\/\/9staedte.de\/wp-content\/uploads\/2023\/07\/Weserbergland-Zentrum_-_Herzlich_Willkommen-1.jpg","type":"image\/jpeg"}],"twitter_card":"summary_large_image","twitter_misc":{"Tiempo de lectura":"1 minuto"},"schema":{"@context":"https:\/\/schema.org","@graph":[{"@type":"WebPage","@id":"https:\/\/9staedte.de\/es\/hamelin-la-legendaria-ciudad-del-flautista-de-hamelin\/conferencias-y-congresos-en-hameln\/","url":"https:\/\/9staedte.de\/es\/hamelin-la-legendaria-ciudad-del-flautista-de-hamelin\/conferencias-y-congresos-en-hameln\/","name":"Conferencias y congresos en Hameln - 9 St\u00e4dte in Niedersachsen","isPartOf":{"@id":"https:\/\/9staedte.de\/es\/#website"},"primaryImageOfPage":{"@id":"https:\/\/9staedte.de\/es\/hamelin-la-legendaria-ciudad-del-flautista-de-hamelin\/conferencias-y-congresos-en-hameln\/#primaryimage"},"image":{"@id":"https:\/\/9staedte.de\/es\/hamelin-la-legendaria-ciudad-del-flautista-de-hamelin\/conferencias-y-congresos-en-hameln\/#primaryimage"},"thumbnailUrl":"https:\/\/9staedte.de\/wp-content\/uploads\/2023\/07\/Weserbergland-Zentrum_-_Herzlich_Willkommen-1.jpg","datePublished":"2023-11-02T08:47:42+00:00","dateModified":"2023-11-02T17:01:20+00:00","breadcrumb":{"@id":"https:\/\/9staedte.de\/es\/hamelin-la-legendaria-ciudad-del-flautista-de-hamelin\/conferencias-y-congresos-en-hameln\/#breadcrumb"},"inLanguage":"es","potentialAction":[{"@type":"ReadAction","target":["https:\/\/9staedte.de\/es\/hamelin-la-legendaria-ciudad-del-flautista-de-hamelin\/conferencias-y-congresos-en-hameln\/"]}]},{"@type":"ImageObject","inLanguage":"es","@id":"https:\/\/9staedte.de\/es\/hamelin-la-legendaria-ciudad-del-flautista-de-hamelin\/conferencias-y-congresos-en-hameln\/#primaryimage","url":"https:\/\/9staedte.de\/wp-content\/uploads\/2023\/07\/Weserbergland-Zentrum_-_Herzlich_Willkommen-1.jpg","contentUrl":"https:\/\/9staedte.de\/wp-content\/uploads\/2023\/07\/Weserbergland-Zentrum_-_Herzlich_Willkommen-1.jpg","width":1020,"height":560,"caption":"Tagen in Hameln - Weserbergland-Zentrum Herzlich Willkommen"},{"@type":"BreadcrumbList","@id":"https:\/\/9staedte.de\/es\/hamelin-la-legendaria-ciudad-del-flautista-de-hamelin\/conferencias-y-congresos-en-hameln\/#breadcrumb","itemListElement":[{"@type":"ListItem","position":1,"name":"Startseite","item":"https:\/\/9staedte.de\/es\/"},{"@type":"ListItem","position":2,"name":"Hamelin &#8211; La legendaria ciudad del flautista de Hamelin","item":"https:\/\/9staedte.de\/es\/hamelin-la-legendaria-ciudad-del-flautista-de-hamelin\/"},{"@type":"ListItem","position":3,"name":"Conferencias y congresos en Hameln"}]},{"@type":"WebSite","@id":"https:\/\/9staedte.de\/es\/#website","url":"https:\/\/9staedte.de\/es\/","name":"9 St\u00e4dte in Niedersachsen","description":"","publisher":{"@id":"https:\/\/9staedte.de\/es\/#organization"},"potentialAction":[{"@type":"SearchAction","target":{"@type":"EntryPoint","urlTemplate":"https:\/\/9staedte.de\/es\/?s={search_term_string}"},"query-input":{"@type":"PropertyValueSpecification","valueRequired":true,"valueName":"search_term_string"}}],"inLanguage":"es"},{"@type":"Organization","@id":"https:\/\/9staedte.de\/es\/#organization","name":"9 St\u00e4dte in Niedersachsen","url":"https:\/\/9staedte.de\/es\/","logo":{"@type":"ImageObject","inLanguage":"es","@id":"https:\/\/9staedte.de\/es\/#\/schema\/logo\/image\/","url":"https:\/\/9staedte.de\/wp-content\/uploads\/2025\/01\/9-neg-deutsch-2-1.png","contentUrl":"https:\/\/9staedte.de\/wp-content\/uploads\/2025\/01\/9-neg-deutsch-2-1.png","width":190,"height":114,"caption":"9 St\u00e4dte in Niedersachsen"},"image":{"@id":"https:\/\/9staedte.de\/es\/#\/schema\/logo\/image\/"}}]}},"_links":{"self":[{"href":"https:\/\/9staedte.de\/es\/wp-json\/wp\/v2\/pages\/17184","targetHints":{"allow":["GET"]}}],"collection":[{"href":"https:\/\/9staedte.de\/es\/wp-json\/wp\/v2\/pages"}],"about":[{"href":"https:\/\/9staedte.de\/es\/wp-json\/wp\/v2\/types\/page"}],"author":[{"embeddable":true,"href":"https:\/\/9staedte.de\/es\/wp-json\/wp\/v2\/users\/1"}],"replies":[{"embeddable":true,"href":"https:\/\/9staedte.de\/es\/wp-json\/wp\/v2\/comments?post=17184"}],"version-history":[{"count":1,"href":"https:\/\/9staedte.de\/es\/wp-json\/wp\/v2\/pages\/17184\/revisions"}],"predecessor-version":[{"id":19901,"href":"https:\/\/9staedte.de\/es\/wp-json\/wp\/v2\/pages\/17184\/revisions\/19901"}],"up":[{"embeddable":true,"href":"https:\/\/9staedte.de\/es\/wp-json\/wp\/v2\/pages\/17959"}],"wp:featuredmedia":[{"embeddable":true,"href":"https:\/\/9staedte.de\/es\/wp-json\/wp\/v2\/media\/17197"}],"wp:attachment":[{"href":"https:\/\/9staedte.de\/es\/wp-json\/wp\/v2\/media?parent=17184"}],"wp:term":[{"taxonomy":"category","embeddable":true,"href":"https:\/\/9staedte.de\/es\/wp-json\/wp\/v2\/categories?post=17184"},{"taxonomy":"post_tag","embeddable":true,"href":"https:\/\/9staedte.de\/es\/wp-json\/wp\/v2\/tags?post=17184"},{"taxonomy":"ncap_cities_tax","embeddable":true,"href":"https:\/\/9staedte.de\/es\/wp-json\/wp\/v2\/ncap_cities_tax?post=17184"}],"curies":[{"name":"wp","href":"https:\/\/api.w.org\/{rel}","templated":true}]}}