{"id":17159,"date":"2023-11-02T09:47:40","date_gmt":"2023-11-02T08:47:40","guid":{"rendered":"https:\/\/9staedte.de\/programas-de-dia-en-hamelin\/"},"modified":"2023-11-02T18:01:04","modified_gmt":"2023-11-02T17:01:04","slug":"programas-de-dia-en-hamelin","status":"publish","type":"page","link":"https:\/\/9staedte.de\/es\/hamelin-la-legendaria-ciudad-del-flautista-de-hamelin\/programas-de-dia-en-hamelin\/","title":{"rendered":"Programas de d\u00eda en Hamelin"},"content":{"rendered":"\r\n\r\n    <div class=\"filter-posts\">\r\n            <div  id=\"filterContent\">\r\n                                                        \n<div class=\"contentKachel filtr-item\" data-category=\"hameln-es\">\n    <a href=\"https:\/\/9staedte.de\/es\/programa-del-dia-en-visperas-de-navidad-una-navidad-maravillosa\/\">\n        <div class=\"contentKachel-inner\">\n                            <div class=\"contentKachel-thumbnail\">\n                    <img loading=\"lazy\" decoding=\"async\" width=\"300\" height=\"165\" src=\"https:\/\/9staedte.de\/wp-content\/smush-webp\/2022\/07\/Weihnachtsmarkt-Hameln-copyright-HMT-300x165.jpg.webp\" class=\"objectfitcover withfilters wp-post-image\" alt=\"La imagen muestra el mercado navide\u00f1o en Hameln. Muchas personas pasean entre peque\u00f1os puestos iluminados. En el fondo se ven casas con entramado de madera y un bonito edificio de piedra con front\u00f3n escalonado. A la derecha hay un \u00e1rbol de Navidad decorado. Es de noche y las luces brillan con calidez. El ambiente es alegre y festivo.\" srcset=\"https:\/\/9staedte.de\/wp-content\/smush-webp\/2022\/07\/Weihnachtsmarkt-Hameln-copyright-HMT-300x165.jpg.webp 300w, https:\/\/9staedte.de\/wp-content\/smush-webp\/2022\/07\/Weihnachtsmarkt-Hameln-copyright-HMT-768x422.jpg.webp 768w, https:\/\/9staedte.de\/wp-content\/smush-webp\/2022\/07\/Weihnachtsmarkt-Hameln-copyright-HMT.jpg.webp 1019w\" sizes=\"auto, (max-width: 300px) 100vw, 300px\" \/>                    <img loading=\"lazy\" decoding=\"async\" width=\"300\" height=\"165\" src=\"https:\/\/9staedte.de\/wp-content\/smush-webp\/2022\/07\/Weihnachtsmarkt-Hameln-copyright-HMT-300x165.jpg.webp\" class=\"objectfitcontain wp-post-image\" alt=\"La imagen muestra el mercado navide\u00f1o en Hameln. Muchas personas pasean entre peque\u00f1os puestos iluminados. En el fondo se ven casas con entramado de madera y un bonito edificio de piedra con front\u00f3n escalonado. A la derecha hay un \u00e1rbol de Navidad decorado. Es de noche y las luces brillan con calidez. El ambiente es alegre y festivo.\" srcset=\"https:\/\/9staedte.de\/wp-content\/smush-webp\/2022\/07\/Weihnachtsmarkt-Hameln-copyright-HMT-300x165.jpg.webp 300w, https:\/\/9staedte.de\/wp-content\/smush-webp\/2022\/07\/Weihnachtsmarkt-Hameln-copyright-HMT-768x422.jpg.webp 768w, https:\/\/9staedte.de\/wp-content\/smush-webp\/2022\/07\/Weihnachtsmarkt-Hameln-copyright-HMT.jpg.webp 1019w\" sizes=\"auto, (max-width: 300px) 100vw, 300px\" \/>                        <div class=\"thumbnail-label\">\n    <span>Weihnachtsmarkt Hameln copyright HMT<\/span>\n    <\/div>\n                <\/div>\n                        <div class=\"contentKachel-content\">\n                                    <div class=\"city-tag bg-hameln\">\n                        Hameln                    <\/div>\n                \n                <div class=\"title\">\n\n                    Programa del d\u00eda en v\u00edsperas de Navidad: Una Navidad maravillosa                    \n                <\/div>\n\n                            <\/div>\n\n        <\/div>\n    <\/a>\n<\/div>                                                        \n<div class=\"contentKachel filtr-item\" data-category=\"hameln-es\">\n    <a href=\"https:\/\/9staedte.de\/es\/programa-del-dia-tras-la-pista-del-flautista-de-hamelin\/\">\n        <div class=\"contentKachel-inner\">\n                            <div class=\"contentKachel-thumbnail\">\n                    <img loading=\"lazy\" decoding=\"async\" width=\"300\" height=\"165\" src=\"https:\/\/9staedte.de\/wp-content\/smush-webp\/2023\/01\/Guided-tour-with-the-pied-piper-c-Hameln-Marketing-und-Tourismus-GmbH-300x165.jpg.webp\" class=\"objectfitcover withfilters wp-post-image\" alt=\"Un hombre lleva un disfraz de colores. Tiene un sombrero rojo con una pluma larga. Sujeta una flauta peque\u00f1a en la mano. Hace un gesto fuerte con la mano. Habla con personas frente a \u00e9l. Es el flautista de Hameln.\" srcset=\"https:\/\/9staedte.de\/wp-content\/smush-webp\/2023\/01\/Guided-tour-with-the-pied-piper-c-Hameln-Marketing-und-Tourismus-GmbH-300x165.jpg.webp 300w, https:\/\/9staedte.de\/wp-content\/smush-webp\/2023\/01\/Guided-tour-with-the-pied-piper-c-Hameln-Marketing-und-Tourismus-GmbH-768x422.jpg.webp 768w, https:\/\/9staedte.de\/wp-content\/smush-webp\/2023\/01\/Guided-tour-with-the-pied-piper-c-Hameln-Marketing-und-Tourismus-GmbH.jpg.webp 1020w\" sizes=\"auto, (max-width: 300px) 100vw, 300px\" \/>                    <img loading=\"lazy\" decoding=\"async\" width=\"300\" height=\"165\" src=\"https:\/\/9staedte.de\/wp-content\/smush-webp\/2023\/01\/Guided-tour-with-the-pied-piper-c-Hameln-Marketing-und-Tourismus-GmbH-300x165.jpg.webp\" class=\"objectfitcontain wp-post-image\" alt=\"Un hombre lleva un disfraz de colores. Tiene un sombrero rojo con una pluma larga. Sujeta una flauta peque\u00f1a en la mano. Hace un gesto fuerte con la mano. Habla con personas frente a \u00e9l. Es el flautista de Hameln.\" srcset=\"https:\/\/9staedte.de\/wp-content\/smush-webp\/2023\/01\/Guided-tour-with-the-pied-piper-c-Hameln-Marketing-und-Tourismus-GmbH-300x165.jpg.webp 300w, https:\/\/9staedte.de\/wp-content\/smush-webp\/2023\/01\/Guided-tour-with-the-pied-piper-c-Hameln-Marketing-und-Tourismus-GmbH-768x422.jpg.webp 768w, https:\/\/9staedte.de\/wp-content\/smush-webp\/2023\/01\/Guided-tour-with-the-pied-piper-c-Hameln-Marketing-und-Tourismus-GmbH.jpg.webp 1020w\" sizes=\"auto, (max-width: 300px) 100vw, 300px\" \/>                        <div class=\"thumbnail-label\">\n    <span>Stadtf\u00fchrung mit dem Rattenf\u00e4nger c) HMT<\/span>\n    <\/div>\n                <\/div>\n                        <div class=\"contentKachel-content\">\n                                    <div class=\"city-tag bg-hameln\">\n                        Hameln                    <\/div>\n                \n                <div class=\"title\">\n\n                    Programa del d\u00eda: Tras la pista del Flautista de Hamelin                    \n                <\/div>\n\n                            <\/div>\n\n        <\/div>\n    <\/a>\n<\/div>                                                        \n<div class=\"contentKachel filtr-item\" data-category=\"hameln-es\">\n    <a href=\"https:\/\/9staedte.de\/es\/programa-del-dia-hamelin-descubra-la-ciudad-del-flautista-de-hamelin\/\">\n        <div class=\"contentKachel-inner\">\n                            <div class=\"contentKachel-thumbnail\">\n                    <img loading=\"lazy\" decoding=\"async\" width=\"300\" height=\"165\" src=\"https:\/\/9staedte.de\/wp-content\/smush-webp\/2022\/07\/Bummel-durch-Hameln-c-HMT-300x165.jpg.webp\" class=\"objectfitcover withfilters wp-post-image\" alt=\"Un hombre y una mujer caminan por la ciudad. Van cogidos de la mano. El hombre lleva una camiseta negra y vaqueros. La mujer lleva pantal\u00f3n negro y una chaqueta clara. A ambos lados hay gente sentada en caf\u00e9s. La foto es de Hameln.\" srcset=\"https:\/\/9staedte.de\/wp-content\/smush-webp\/2022\/07\/Bummel-durch-Hameln-c-HMT-300x165.jpg.webp 300w, https:\/\/9staedte.de\/wp-content\/smush-webp\/2022\/07\/Bummel-durch-Hameln-c-HMT-768x422.jpg.webp 768w, https:\/\/9staedte.de\/wp-content\/smush-webp\/2022\/07\/Bummel-durch-Hameln-c-HMT.jpg.webp 1020w\" sizes=\"auto, (max-width: 300px) 100vw, 300px\" \/>                    <img loading=\"lazy\" decoding=\"async\" width=\"300\" height=\"165\" src=\"https:\/\/9staedte.de\/wp-content\/smush-webp\/2022\/07\/Bummel-durch-Hameln-c-HMT-300x165.jpg.webp\" class=\"objectfitcontain wp-post-image\" alt=\"Un hombre y una mujer caminan por la ciudad. Van cogidos de la mano. El hombre lleva una camiseta negra y vaqueros. La mujer lleva pantal\u00f3n negro y una chaqueta clara. A ambos lados hay gente sentada en caf\u00e9s. La foto es de Hameln.\" srcset=\"https:\/\/9staedte.de\/wp-content\/smush-webp\/2022\/07\/Bummel-durch-Hameln-c-HMT-300x165.jpg.webp 300w, https:\/\/9staedte.de\/wp-content\/smush-webp\/2022\/07\/Bummel-durch-Hameln-c-HMT-768x422.jpg.webp 768w, https:\/\/9staedte.de\/wp-content\/smush-webp\/2022\/07\/Bummel-durch-Hameln-c-HMT.jpg.webp 1020w\" sizes=\"auto, (max-width: 300px) 100vw, 300px\" \/>                        <div class=\"thumbnail-label\">\n    <span>Bummel durch Hameln c) HMT<\/span>\n    <\/div>\n                <\/div>\n                        <div class=\"contentKachel-content\">\n                                    <div class=\"city-tag bg-hameln\">\n                        Hameln                    <\/div>\n                \n                <div class=\"title\">\n\n                    Programa del d\u00eda: Hamelin &#8211; Descubra la ciudad del flautista de Hamelin                    \n                <\/div>\n\n                            <\/div>\n\n        <\/div>\n    <\/a>\n<\/div>                                            <\/div>\r\n    <\/div>\r\n","protected":false},"excerpt":{"rendered":"","protected":false},"author":1,"featured_media":17170,"parent":17959,"menu_order":0,"comment_status":"closed","ping_status":"closed","template":"pagetemplates\/template-stadtthema.php","meta":{"_acf_changed":false,"footnotes":""},"categories":[],"tags":[],"ncap_cities_tax":[451,1005],"class_list":["post-17159","page","type-page","status-publish","has-post-thumbnail","hentry","ncap_cities_tax-hameln-es","ncap_cities_tax-tagesprogramme-hameln-es"],"acf":[],"yoast_head":"<!-- This site is optimized with the Yoast SEO plugin v27.4 - https:\/\/yoast.com\/product\/yoast-seo-wordpress\/ -->\n<title>Programas de d\u00eda en Hamelin - 9 St\u00e4dte in Niedersachsen<\/title>\n<meta name=\"robots\" content=\"index, follow, max-snippet:-1, max-image-preview:large, max-video-preview:-1\" \/>\n<link rel=\"canonical\" href=\"https:\/\/9staedte.de\/es\/hamelin-la-legendaria-ciudad-del-flautista-de-hamelin\/programas-de-dia-en-hamelin\/\" \/>\n<meta property=\"og:locale\" content=\"es_ES\" \/>\n<meta property=\"og:type\" content=\"article\" \/>\n<meta property=\"og:title\" content=\"Programas de d\u00eda en Hamelin - 9 St\u00e4dte in Niedersachsen\" \/>\n<meta property=\"og:url\" content=\"https:\/\/9staedte.de\/es\/hamelin-la-legendaria-ciudad-del-flautista-de-hamelin\/programas-de-dia-en-hamelin\/\" \/>\n<meta property=\"og:site_name\" content=\"9 St\u00e4dte in Niedersachsen\" \/>\n<meta property=\"article:modified_time\" content=\"2023-11-02T17:01:04+00:00\" \/>\n<meta property=\"og:image\" content=\"https:\/\/9staedte.de\/wp-content\/uploads\/2023\/02\/Hameln-Weserschiff-c-Hameln-Marketing-und-Tourismus-GmbH.jpg\" \/>\n\t<meta property=\"og:image:width\" content=\"1020\" \/>\n\t<meta property=\"og:image:height\" content=\"558\" \/>\n\t<meta property=\"og:image:type\" content=\"image\/jpeg\" \/>\n<meta name=\"twitter:card\" content=\"summary_large_image\" \/>\n<script type=\"application\/ld+json\" class=\"yoast-schema-graph\">{\"@context\":\"https:\\\/\\\/schema.org\",\"@graph\":[{\"@type\":\"WebPage\",\"@id\":\"https:\\\/\\\/9staedte.de\\\/es\\\/hamelin-la-legendaria-ciudad-del-flautista-de-hamelin\\\/programas-de-dia-en-hamelin\\\/\",\"url\":\"https:\\\/\\\/9staedte.de\\\/es\\\/hamelin-la-legendaria-ciudad-del-flautista-de-hamelin\\\/programas-de-dia-en-hamelin\\\/\",\"name\":\"Programas de d\u00eda en Hamelin - 9 St\u00e4dte in Niedersachsen\",\"isPartOf\":{\"@id\":\"https:\\\/\\\/9staedte.de\\\/es\\\/#website\"},\"primaryImageOfPage\":{\"@id\":\"https:\\\/\\\/9staedte.de\\\/es\\\/hamelin-la-legendaria-ciudad-del-flautista-de-hamelin\\\/programas-de-dia-en-hamelin\\\/#primaryimage\"},\"image\":{\"@id\":\"https:\\\/\\\/9staedte.de\\\/es\\\/hamelin-la-legendaria-ciudad-del-flautista-de-hamelin\\\/programas-de-dia-en-hamelin\\\/#primaryimage\"},\"thumbnailUrl\":\"https:\\\/\\\/9staedte.de\\\/wp-content\\\/uploads\\\/2023\\\/02\\\/Hameln-Weserschiff-c-Hameln-Marketing-und-Tourismus-GmbH.jpg\",\"datePublished\":\"2023-11-02T08:47:40+00:00\",\"dateModified\":\"2023-11-02T17:01:04+00:00\",\"breadcrumb\":{\"@id\":\"https:\\\/\\\/9staedte.de\\\/es\\\/hamelin-la-legendaria-ciudad-del-flautista-de-hamelin\\\/programas-de-dia-en-hamelin\\\/#breadcrumb\"},\"inLanguage\":\"es\",\"potentialAction\":[{\"@type\":\"ReadAction\",\"target\":[\"https:\\\/\\\/9staedte.de\\\/es\\\/hamelin-la-legendaria-ciudad-del-flautista-de-hamelin\\\/programas-de-dia-en-hamelin\\\/\"]}]},{\"@type\":\"ImageObject\",\"inLanguage\":\"es\",\"@id\":\"https:\\\/\\\/9staedte.de\\\/es\\\/hamelin-la-legendaria-ciudad-del-flautista-de-hamelin\\\/programas-de-dia-en-hamelin\\\/#primaryimage\",\"url\":\"https:\\\/\\\/9staedte.de\\\/wp-content\\\/uploads\\\/2023\\\/02\\\/Hameln-Weserschiff-c-Hameln-Marketing-und-Tourismus-GmbH.jpg\",\"contentUrl\":\"https:\\\/\\\/9staedte.de\\\/wp-content\\\/uploads\\\/2023\\\/02\\\/Hameln-Weserschiff-c-Hameln-Marketing-und-Tourismus-GmbH.jpg\",\"width\":1020,\"height\":558,\"caption\":\"Hameln Weserschiff c) Hameln Marketing und Tourismus GmbH\"},{\"@type\":\"BreadcrumbList\",\"@id\":\"https:\\\/\\\/9staedte.de\\\/es\\\/hamelin-la-legendaria-ciudad-del-flautista-de-hamelin\\\/programas-de-dia-en-hamelin\\\/#breadcrumb\",\"itemListElement\":[{\"@type\":\"ListItem\",\"position\":1,\"name\":\"Startseite\",\"item\":\"https:\\\/\\\/9staedte.de\\\/es\\\/\"},{\"@type\":\"ListItem\",\"position\":2,\"name\":\"Hamelin &#8211; La legendaria ciudad del flautista de Hamelin\",\"item\":\"https:\\\/\\\/9staedte.de\\\/es\\\/hamelin-la-legendaria-ciudad-del-flautista-de-hamelin\\\/\"},{\"@type\":\"ListItem\",\"position\":3,\"name\":\"Programas de d\u00eda en Hamelin\"}]},{\"@type\":\"WebSite\",\"@id\":\"https:\\\/\\\/9staedte.de\\\/es\\\/#website\",\"url\":\"https:\\\/\\\/9staedte.de\\\/es\\\/\",\"name\":\"9 St\u00e4dte in Niedersachsen\",\"description\":\"\",\"publisher\":{\"@id\":\"https:\\\/\\\/9staedte.de\\\/es\\\/#organization\"},\"potentialAction\":[{\"@type\":\"SearchAction\",\"target\":{\"@type\":\"EntryPoint\",\"urlTemplate\":\"https:\\\/\\\/9staedte.de\\\/es\\\/?s={search_term_string}\"},\"query-input\":{\"@type\":\"PropertyValueSpecification\",\"valueRequired\":true,\"valueName\":\"search_term_string\"}}],\"inLanguage\":\"es\"},{\"@type\":\"Organization\",\"@id\":\"https:\\\/\\\/9staedte.de\\\/es\\\/#organization\",\"name\":\"9 St\u00e4dte in Niedersachsen\",\"url\":\"https:\\\/\\\/9staedte.de\\\/es\\\/\",\"logo\":{\"@type\":\"ImageObject\",\"inLanguage\":\"es\",\"@id\":\"https:\\\/\\\/9staedte.de\\\/es\\\/#\\\/schema\\\/logo\\\/image\\\/\",\"url\":\"https:\\\/\\\/9staedte.de\\\/wp-content\\\/uploads\\\/2025\\\/01\\\/9-neg-deutsch-2-1.png\",\"contentUrl\":\"https:\\\/\\\/9staedte.de\\\/wp-content\\\/uploads\\\/2025\\\/01\\\/9-neg-deutsch-2-1.png\",\"width\":190,\"height\":114,\"caption\":\"9 St\u00e4dte in Niedersachsen\"},\"image\":{\"@id\":\"https:\\\/\\\/9staedte.de\\\/es\\\/#\\\/schema\\\/logo\\\/image\\\/\"}}]}<\/script>\n<!-- \/ Yoast SEO plugin. -->","yoast_head_json":{"title":"Programas de d\u00eda en Hamelin - 9 St\u00e4dte in Niedersachsen","robots":{"index":"index","follow":"follow","max-snippet":"max-snippet:-1","max-image-preview":"max-image-preview:large","max-video-preview":"max-video-preview:-1"},"canonical":"https:\/\/9staedte.de\/es\/hamelin-la-legendaria-ciudad-del-flautista-de-hamelin\/programas-de-dia-en-hamelin\/","og_locale":"es_ES","og_type":"article","og_title":"Programas de d\u00eda en Hamelin - 9 St\u00e4dte in Niedersachsen","og_url":"https:\/\/9staedte.de\/es\/hamelin-la-legendaria-ciudad-del-flautista-de-hamelin\/programas-de-dia-en-hamelin\/","og_site_name":"9 St\u00e4dte in Niedersachsen","article_modified_time":"2023-11-02T17:01:04+00:00","og_image":[{"width":1020,"height":558,"url":"https:\/\/9staedte.de\/wp-content\/uploads\/2023\/02\/Hameln-Weserschiff-c-Hameln-Marketing-und-Tourismus-GmbH.jpg","type":"image\/jpeg"}],"twitter_card":"summary_large_image","schema":{"@context":"https:\/\/schema.org","@graph":[{"@type":"WebPage","@id":"https:\/\/9staedte.de\/es\/hamelin-la-legendaria-ciudad-del-flautista-de-hamelin\/programas-de-dia-en-hamelin\/","url":"https:\/\/9staedte.de\/es\/hamelin-la-legendaria-ciudad-del-flautista-de-hamelin\/programas-de-dia-en-hamelin\/","name":"Programas de d\u00eda en Hamelin - 9 St\u00e4dte in Niedersachsen","isPartOf":{"@id":"https:\/\/9staedte.de\/es\/#website"},"primaryImageOfPage":{"@id":"https:\/\/9staedte.de\/es\/hamelin-la-legendaria-ciudad-del-flautista-de-hamelin\/programas-de-dia-en-hamelin\/#primaryimage"},"image":{"@id":"https:\/\/9staedte.de\/es\/hamelin-la-legendaria-ciudad-del-flautista-de-hamelin\/programas-de-dia-en-hamelin\/#primaryimage"},"thumbnailUrl":"https:\/\/9staedte.de\/wp-content\/uploads\/2023\/02\/Hameln-Weserschiff-c-Hameln-Marketing-und-Tourismus-GmbH.jpg","datePublished":"2023-11-02T08:47:40+00:00","dateModified":"2023-11-02T17:01:04+00:00","breadcrumb":{"@id":"https:\/\/9staedte.de\/es\/hamelin-la-legendaria-ciudad-del-flautista-de-hamelin\/programas-de-dia-en-hamelin\/#breadcrumb"},"inLanguage":"es","potentialAction":[{"@type":"ReadAction","target":["https:\/\/9staedte.de\/es\/hamelin-la-legendaria-ciudad-del-flautista-de-hamelin\/programas-de-dia-en-hamelin\/"]}]},{"@type":"ImageObject","inLanguage":"es","@id":"https:\/\/9staedte.de\/es\/hamelin-la-legendaria-ciudad-del-flautista-de-hamelin\/programas-de-dia-en-hamelin\/#primaryimage","url":"https:\/\/9staedte.de\/wp-content\/uploads\/2023\/02\/Hameln-Weserschiff-c-Hameln-Marketing-und-Tourismus-GmbH.jpg","contentUrl":"https:\/\/9staedte.de\/wp-content\/uploads\/2023\/02\/Hameln-Weserschiff-c-Hameln-Marketing-und-Tourismus-GmbH.jpg","width":1020,"height":558,"caption":"Hameln Weserschiff c) Hameln Marketing und Tourismus GmbH"},{"@type":"BreadcrumbList","@id":"https:\/\/9staedte.de\/es\/hamelin-la-legendaria-ciudad-del-flautista-de-hamelin\/programas-de-dia-en-hamelin\/#breadcrumb","itemListElement":[{"@type":"ListItem","position":1,"name":"Startseite","item":"https:\/\/9staedte.de\/es\/"},{"@type":"ListItem","position":2,"name":"Hamelin &#8211; La legendaria ciudad del flautista de Hamelin","item":"https:\/\/9staedte.de\/es\/hamelin-la-legendaria-ciudad-del-flautista-de-hamelin\/"},{"@type":"ListItem","position":3,"name":"Programas de d\u00eda en Hamelin"}]},{"@type":"WebSite","@id":"https:\/\/9staedte.de\/es\/#website","url":"https:\/\/9staedte.de\/es\/","name":"9 St\u00e4dte in Niedersachsen","description":"","publisher":{"@id":"https:\/\/9staedte.de\/es\/#organization"},"potentialAction":[{"@type":"SearchAction","target":{"@type":"EntryPoint","urlTemplate":"https:\/\/9staedte.de\/es\/?s={search_term_string}"},"query-input":{"@type":"PropertyValueSpecification","valueRequired":true,"valueName":"search_term_string"}}],"inLanguage":"es"},{"@type":"Organization","@id":"https:\/\/9staedte.de\/es\/#organization","name":"9 St\u00e4dte in Niedersachsen","url":"https:\/\/9staedte.de\/es\/","logo":{"@type":"ImageObject","inLanguage":"es","@id":"https:\/\/9staedte.de\/es\/#\/schema\/logo\/image\/","url":"https:\/\/9staedte.de\/wp-content\/uploads\/2025\/01\/9-neg-deutsch-2-1.png","contentUrl":"https:\/\/9staedte.de\/wp-content\/uploads\/2025\/01\/9-neg-deutsch-2-1.png","width":190,"height":114,"caption":"9 St\u00e4dte in Niedersachsen"},"image":{"@id":"https:\/\/9staedte.de\/es\/#\/schema\/logo\/image\/"}}]}},"_links":{"self":[{"href":"https:\/\/9staedte.de\/es\/wp-json\/wp\/v2\/pages\/17159","targetHints":{"allow":["GET"]}}],"collection":[{"href":"https:\/\/9staedte.de\/es\/wp-json\/wp\/v2\/pages"}],"about":[{"href":"https:\/\/9staedte.de\/es\/wp-json\/wp\/v2\/types\/page"}],"author":[{"embeddable":true,"href":"https:\/\/9staedte.de\/es\/wp-json\/wp\/v2\/users\/1"}],"replies":[{"embeddable":true,"href":"https:\/\/9staedte.de\/es\/wp-json\/wp\/v2\/comments?post=17159"}],"version-history":[{"count":1,"href":"https:\/\/9staedte.de\/es\/wp-json\/wp\/v2\/pages\/17159\/revisions"}],"predecessor-version":[{"id":19898,"href":"https:\/\/9staedte.de\/es\/wp-json\/wp\/v2\/pages\/17159\/revisions\/19898"}],"up":[{"embeddable":true,"href":"https:\/\/9staedte.de\/es\/wp-json\/wp\/v2\/pages\/17959"}],"wp:featuredmedia":[{"embeddable":true,"href":"https:\/\/9staedte.de\/es\/wp-json\/wp\/v2\/media\/17170"}],"wp:attachment":[{"href":"https:\/\/9staedte.de\/es\/wp-json\/wp\/v2\/media?parent=17159"}],"wp:term":[{"taxonomy":"category","embeddable":true,"href":"https:\/\/9staedte.de\/es\/wp-json\/wp\/v2\/categories?post=17159"},{"taxonomy":"post_tag","embeddable":true,"href":"https:\/\/9staedte.de\/es\/wp-json\/wp\/v2\/tags?post=17159"},{"taxonomy":"ncap_cities_tax","embeddable":true,"href":"https:\/\/9staedte.de\/es\/wp-json\/wp\/v2\/ncap_cities_tax?post=17159"}],"curies":[{"name":"wp","href":"https:\/\/api.w.org\/{rel}","templated":true}]}}