{"id":17158,"date":"2023-11-02T09:47:40","date_gmt":"2023-11-02T08:47:40","guid":{"rendered":"https:\/\/9staedte.de\/informacion-sobre-guia-turistico-y-excursiones-en-hamelin\/"},"modified":"2023-11-02T18:01:25","modified_gmt":"2023-11-02T17:01:25","slug":"informacion-sobre-guia-turistico-y-excursiones-en-hamelin","status":"publish","type":"page","link":"https:\/\/9staedte.de\/es\/hamelin-la-legendaria-ciudad-del-flautista-de-hamelin\/informacion-sobre-guia-turistico-y-excursiones-en-hamelin\/","title":{"rendered":"Informaci\u00f3n sobre gu\u00eda tur\u00edstico y excursiones en Hamelin"},"content":{"rendered":"\n<h2 class=\"wp-block-heading\">Reserve su excursi\u00f3n a Weserbergland  <\/h2>\n\n\n\n<p>Hameln Marketing und Tourismus GmbH estar\u00e1 encantada de organizar visitas guiadas en autob\u00fas o en bicicleta.<br>o excursiones por el Weserbergland. Los temas incluyen leyendas y cuentos de hadas, el Renacimiento del Weser y las iglesias.<\/p>\n\n\n\n<p><\/p>\n\n\n\n<h3 class=\"wp-block-heading\">Weserbergland se considera tierra de exploradores&#8230;<\/h3>\n\n\n\n<p>&#8230;aqu\u00ed no s\u00f3lo encontrar\u00e1 refugios inimaginables para desconectar, sino tambi\u00e9n atractivas oportunidades de ocio. Ciudades con entramados de madera bellamente decoradas en un id\u00edlico paisaje de baja monta\u00f1a modelado por el Weser abren un amplio abanico de ofertas para el veraneante.<\/p>\n\n\n\n<p>Una red de rutas de senderismo y ciclismo bien se\u00f1alizadas rodea Hameln y conecta la ciudad del Flautista de Hamel\u00edn con atractivas zonas recreativas locales a lo largo del Weser. Destinos populares para los excursionistas son la Torre S\u00fcntel y el Hohenstein, cerca de Hessisch Oldendorf.<\/p>\n\n\n\n<p>La ruta ciclista de larga distancia del Weser es muy atractiva y, por tanto, popular. Pasa por Hamelin en su recorrido de 450 km de Hannoversch M\u00fcnden a Bremerhaven y la utilizan unos 150.000 cicloturistas al a\u00f1o. Seg\u00fan el Allgemeiner Deutscher Fahrradclub (ADFC), la Ruta Ciclista del Weser es desde hace a\u00f1os la ruta ciclista de larga distancia m\u00e1s popular de Alemania.<\/p>\n\n\n\n<p>Un lugar destacado en Weserbergland es el castillo de H\u00e4melschenburg, cerca de Hameln. Construido en 1588 como castillo amurallado de estilo renacentista del Weser, est\u00e1 considerado uno de los m\u00e1s bellos del norte de Alemania.<\/p>\n\n\n\n<p>Tambi\u00e9n merece la pena visitar la abad\u00eda de Fischbeck, en Hessich Oldendorf, con su famoso tapiz de 1583. El monasterio puede visitarse a diario de abril a octubre, excepto los lunes.<\/p>\n\n\n\n<p>Otros destinos que merecen la pena en Weserbergland son la ciudad balneario de Bad Pyrmont, con sus amplios jardines termales y su jard\u00edn de palmeras (el mayor jard\u00edn de palmeras al aire libre al norte de los Alpes), la ciudad de M\u00fcnchhausen, Bodenwerder, Rinteln, B\u00fcckeburg y Holzminden.<\/p>\n\n\n\n<p>A unos 60 km al sur de Hameln, F\u00fcrstenberg alberga una de las f\u00e1bricas de porcelana m\u00e1s antiguas de Europa en un hermoso castillo renacentista del Weser. Merece la pena visitar la exposici\u00f3n del museo sobre m\u00e1s de 250 a\u00f1os de historia manufacturera. No muy lejos, al otro lado del Weser, merece la pena visitar el castillo de Corvey.<\/p>\n\n\n\n<p>El Weserbergland est\u00e1 atravesado por la carretera alemana de los entramados de madera, la carretera del Renacimiento del Weser y la carretera alemana de los cuentos de hadas.<\/p>\n\n\n\n<p>Weserbergland se considera tierra de cuentos y leyendas. Adem\u00e1s de la obra de teatro al aire libre del Flautista de Hamel\u00edn y el musical \u00abRatas\u00bb en Hamel\u00edn, se representan otras obras de teatro al aire libre: M\u00fcnchhausen en Bodenwerder, Cenicienta en Polle, Hansel y Gretel en H\u00f6xter y el Doctor Barba de Hierro en Hann. M\u00fcnden.<\/p>\n\n\n\n<p>A unos 25 km al este de Hameln, grandes y peque\u00f1os disfrutan de lo lindo en el parque de atracciones Rastiland. Una visita a la pista de trineo de Bodenwerder (23 km al sur) tambi\u00e9n promete mucha diversi\u00f3n.<\/p>\n\n\n\n<p>Para m\u00e1s informaci\u00f3n sobre los atractivos alrededores de Hameln, dir\u00edjase a <a href=\"https:\/\/www.weserbergland-tourismus.de\/de\/\" target=\"_blank\" rel=\"noreferrer noopener\">Weserbergland Tourismus e.V.<\/a> listo para ti.<\/p>\n\n\n\n<h4 class=\"wp-block-heading\">Reservas con:<\/h4>\n\n\n\n<p>Hameln Marketing y Turismo GmbH<br>Informaci\u00f3n tur\u00edstica<br>Deisterallee 1<br>31785 Hamelin<br>Tel.: +49 (0) 5151\/957823<br>Fax:&nbsp; +49 (0) 5151\/957840<br>Correo electr\u00f3nico:&nbsp;<a href=\"mailto:touristinfo@hameln.de\" target=\"_blank\" rel=\"noreferrer noopener\">touristinfo@hameln.de<\/a><br>Internet:&nbsp;<a href=\"http:\/\/www.hameln.de\/\" target=\"_blank\" rel=\"noreferrer noopener\">www.hameln.de<\/a><\/p>\n","protected":false},"excerpt":{"rendered":"<p>Reserve su excursi\u00f3n a Weserbergland Hameln Marketing und Tourismus GmbH estar\u00e1 encantada de organizar visitas guiadas en autob\u00fas o en bicicleta.o excursiones por el Weserbergland. Los temas incluyen leyendas y cuentos de hadas, el Renacimiento del Weser y las iglesias. Weserbergland se considera tierra de exploradores&#8230; &#8230;aqu\u00ed no s\u00f3lo encontrar\u00e1 refugios inimaginables para desconectar, sino [&hellip;]<\/p>\n","protected":false},"author":1,"featured_media":17166,"parent":17959,"menu_order":0,"comment_status":"closed","ping_status":"closed","template":"pagetemplates\/template-stadtthema.php","meta":{"_acf_changed":false,"footnotes":""},"categories":[],"tags":[],"ncap_cities_tax":[451,1290],"class_list":["post-17158","page","type-page","status-publish","has-post-thumbnail","hentry","ncap_cities_tax-hameln-es","ncap_cities_tax-reiseleitung-und-ausflugen-hameln-es"],"acf":[],"yoast_head":"<!-- This site is optimized with the Yoast SEO plugin v27.4 - https:\/\/yoast.com\/product\/yoast-seo-wordpress\/ -->\n<title>Informaci\u00f3n sobre gu\u00eda tur\u00edstico y excursiones en Hamelin - 9 St\u00e4dte in Niedersachsen<\/title>\n<meta name=\"robots\" content=\"index, follow, max-snippet:-1, max-image-preview:large, max-video-preview:-1\" \/>\n<link rel=\"canonical\" href=\"https:\/\/9staedte.de\/es\/hamelin-la-legendaria-ciudad-del-flautista-de-hamelin\/informacion-sobre-guia-turistico-y-excursiones-en-hamelin\/\" \/>\n<meta property=\"og:locale\" content=\"es_ES\" \/>\n<meta property=\"og:type\" content=\"article\" \/>\n<meta property=\"og:title\" content=\"Informaci\u00f3n sobre gu\u00eda tur\u00edstico y excursiones en Hamelin - 9 St\u00e4dte in Niedersachsen\" \/>\n<meta property=\"og:description\" content=\"Reserve su excursi\u00f3n a Weserbergland Hameln Marketing und Tourismus GmbH estar\u00e1 encantada de organizar visitas guiadas en autob\u00fas o en bicicleta.o excursiones por el Weserbergland. Los temas incluyen leyendas y cuentos de hadas, el Renacimiento del Weser y las iglesias. Weserbergland se considera tierra de exploradores&#8230; &#8230;aqu\u00ed no s\u00f3lo encontrar\u00e1 refugios inimaginables para desconectar, sino [&hellip;]\" \/>\n<meta property=\"og:url\" content=\"https:\/\/9staedte.de\/es\/hamelin-la-legendaria-ciudad-del-flautista-de-hamelin\/informacion-sobre-guia-turistico-y-excursiones-en-hamelin\/\" \/>\n<meta property=\"og:site_name\" content=\"9 St\u00e4dte in Niedersachsen\" \/>\n<meta property=\"article:modified_time\" content=\"2023-11-02T17:01:25+00:00\" \/>\n<meta property=\"og:image\" content=\"https:\/\/9staedte.de\/wp-content\/uploads\/2023\/02\/Indian-Summer-iim-Weserbergland-cHMT.jpg\" \/>\n\t<meta property=\"og:image:width\" content=\"1020\" \/>\n\t<meta property=\"og:image:height\" content=\"560\" \/>\n\t<meta property=\"og:image:type\" content=\"image\/jpeg\" \/>\n<meta name=\"twitter:card\" content=\"summary_large_image\" \/>\n<meta name=\"twitter:label1\" content=\"Tiempo de lectura\" \/>\n\t<meta name=\"twitter:data1\" content=\"3 minutos\" \/>\n<script type=\"application\/ld+json\" class=\"yoast-schema-graph\">{\"@context\":\"https:\\\/\\\/schema.org\",\"@graph\":[{\"@type\":\"WebPage\",\"@id\":\"https:\\\/\\\/9staedte.de\\\/es\\\/hamelin-la-legendaria-ciudad-del-flautista-de-hamelin\\\/informacion-sobre-guia-turistico-y-excursiones-en-hamelin\\\/\",\"url\":\"https:\\\/\\\/9staedte.de\\\/es\\\/hamelin-la-legendaria-ciudad-del-flautista-de-hamelin\\\/informacion-sobre-guia-turistico-y-excursiones-en-hamelin\\\/\",\"name\":\"Informaci\u00f3n sobre gu\u00eda tur\u00edstico y excursiones en Hamelin - 9 St\u00e4dte in Niedersachsen\",\"isPartOf\":{\"@id\":\"https:\\\/\\\/9staedte.de\\\/es\\\/#website\"},\"primaryImageOfPage\":{\"@id\":\"https:\\\/\\\/9staedte.de\\\/es\\\/hamelin-la-legendaria-ciudad-del-flautista-de-hamelin\\\/informacion-sobre-guia-turistico-y-excursiones-en-hamelin\\\/#primaryimage\"},\"image\":{\"@id\":\"https:\\\/\\\/9staedte.de\\\/es\\\/hamelin-la-legendaria-ciudad-del-flautista-de-hamelin\\\/informacion-sobre-guia-turistico-y-excursiones-en-hamelin\\\/#primaryimage\"},\"thumbnailUrl\":\"https:\\\/\\\/9staedte.de\\\/wp-content\\\/uploads\\\/2023\\\/02\\\/Indian-Summer-iim-Weserbergland-cHMT.jpg\",\"datePublished\":\"2023-11-02T08:47:40+00:00\",\"dateModified\":\"2023-11-02T17:01:25+00:00\",\"breadcrumb\":{\"@id\":\"https:\\\/\\\/9staedte.de\\\/es\\\/hamelin-la-legendaria-ciudad-del-flautista-de-hamelin\\\/informacion-sobre-guia-turistico-y-excursiones-en-hamelin\\\/#breadcrumb\"},\"inLanguage\":\"es\",\"potentialAction\":[{\"@type\":\"ReadAction\",\"target\":[\"https:\\\/\\\/9staedte.de\\\/es\\\/hamelin-la-legendaria-ciudad-del-flautista-de-hamelin\\\/informacion-sobre-guia-turistico-y-excursiones-en-hamelin\\\/\"]}]},{\"@type\":\"ImageObject\",\"inLanguage\":\"es\",\"@id\":\"https:\\\/\\\/9staedte.de\\\/es\\\/hamelin-la-legendaria-ciudad-del-flautista-de-hamelin\\\/informacion-sobre-guia-turistico-y-excursiones-en-hamelin\\\/#primaryimage\",\"url\":\"https:\\\/\\\/9staedte.de\\\/wp-content\\\/uploads\\\/2023\\\/02\\\/Indian-Summer-iim-Weserbergland-cHMT.jpg\",\"contentUrl\":\"https:\\\/\\\/9staedte.de\\\/wp-content\\\/uploads\\\/2023\\\/02\\\/Indian-Summer-iim-Weserbergland-cHMT.jpg\",\"width\":1020,\"height\":560,\"caption\":\"Indian Summer im Weserbergland c)HMT\"},{\"@type\":\"BreadcrumbList\",\"@id\":\"https:\\\/\\\/9staedte.de\\\/es\\\/hamelin-la-legendaria-ciudad-del-flautista-de-hamelin\\\/informacion-sobre-guia-turistico-y-excursiones-en-hamelin\\\/#breadcrumb\",\"itemListElement\":[{\"@type\":\"ListItem\",\"position\":1,\"name\":\"Startseite\",\"item\":\"https:\\\/\\\/9staedte.de\\\/es\\\/\"},{\"@type\":\"ListItem\",\"position\":2,\"name\":\"Hamelin &#8211; La legendaria ciudad del flautista de Hamelin\",\"item\":\"https:\\\/\\\/9staedte.de\\\/es\\\/hamelin-la-legendaria-ciudad-del-flautista-de-hamelin\\\/\"},{\"@type\":\"ListItem\",\"position\":3,\"name\":\"Informaci\u00f3n sobre gu\u00eda tur\u00edstico y excursiones en Hamelin\"}]},{\"@type\":\"WebSite\",\"@id\":\"https:\\\/\\\/9staedte.de\\\/es\\\/#website\",\"url\":\"https:\\\/\\\/9staedte.de\\\/es\\\/\",\"name\":\"9 St\u00e4dte in Niedersachsen\",\"description\":\"\",\"publisher\":{\"@id\":\"https:\\\/\\\/9staedte.de\\\/es\\\/#organization\"},\"potentialAction\":[{\"@type\":\"SearchAction\",\"target\":{\"@type\":\"EntryPoint\",\"urlTemplate\":\"https:\\\/\\\/9staedte.de\\\/es\\\/?s={search_term_string}\"},\"query-input\":{\"@type\":\"PropertyValueSpecification\",\"valueRequired\":true,\"valueName\":\"search_term_string\"}}],\"inLanguage\":\"es\"},{\"@type\":\"Organization\",\"@id\":\"https:\\\/\\\/9staedte.de\\\/es\\\/#organization\",\"name\":\"9 St\u00e4dte in Niedersachsen\",\"url\":\"https:\\\/\\\/9staedte.de\\\/es\\\/\",\"logo\":{\"@type\":\"ImageObject\",\"inLanguage\":\"es\",\"@id\":\"https:\\\/\\\/9staedte.de\\\/es\\\/#\\\/schema\\\/logo\\\/image\\\/\",\"url\":\"https:\\\/\\\/9staedte.de\\\/wp-content\\\/uploads\\\/2025\\\/01\\\/9-neg-deutsch-2-1.png\",\"contentUrl\":\"https:\\\/\\\/9staedte.de\\\/wp-content\\\/uploads\\\/2025\\\/01\\\/9-neg-deutsch-2-1.png\",\"width\":190,\"height\":114,\"caption\":\"9 St\u00e4dte in Niedersachsen\"},\"image\":{\"@id\":\"https:\\\/\\\/9staedte.de\\\/es\\\/#\\\/schema\\\/logo\\\/image\\\/\"}}]}<\/script>\n<!-- \/ Yoast SEO plugin. -->","yoast_head_json":{"title":"Informaci\u00f3n sobre gu\u00eda tur\u00edstico y excursiones en Hamelin - 9 St\u00e4dte in Niedersachsen","robots":{"index":"index","follow":"follow","max-snippet":"max-snippet:-1","max-image-preview":"max-image-preview:large","max-video-preview":"max-video-preview:-1"},"canonical":"https:\/\/9staedte.de\/es\/hamelin-la-legendaria-ciudad-del-flautista-de-hamelin\/informacion-sobre-guia-turistico-y-excursiones-en-hamelin\/","og_locale":"es_ES","og_type":"article","og_title":"Informaci\u00f3n sobre gu\u00eda tur\u00edstico y excursiones en Hamelin - 9 St\u00e4dte in Niedersachsen","og_description":"Reserve su excursi\u00f3n a Weserbergland Hameln Marketing und Tourismus GmbH estar\u00e1 encantada de organizar visitas guiadas en autob\u00fas o en bicicleta.o excursiones por el Weserbergland. Los temas incluyen leyendas y cuentos de hadas, el Renacimiento del Weser y las iglesias. Weserbergland se considera tierra de exploradores&#8230; &#8230;aqu\u00ed no s\u00f3lo encontrar\u00e1 refugios inimaginables para desconectar, sino [&hellip;]","og_url":"https:\/\/9staedte.de\/es\/hamelin-la-legendaria-ciudad-del-flautista-de-hamelin\/informacion-sobre-guia-turistico-y-excursiones-en-hamelin\/","og_site_name":"9 St\u00e4dte in Niedersachsen","article_modified_time":"2023-11-02T17:01:25+00:00","og_image":[{"width":1020,"height":560,"url":"https:\/\/9staedte.de\/wp-content\/uploads\/2023\/02\/Indian-Summer-iim-Weserbergland-cHMT.jpg","type":"image\/jpeg"}],"twitter_card":"summary_large_image","twitter_misc":{"Tiempo de lectura":"3 minutos"},"schema":{"@context":"https:\/\/schema.org","@graph":[{"@type":"WebPage","@id":"https:\/\/9staedte.de\/es\/hamelin-la-legendaria-ciudad-del-flautista-de-hamelin\/informacion-sobre-guia-turistico-y-excursiones-en-hamelin\/","url":"https:\/\/9staedte.de\/es\/hamelin-la-legendaria-ciudad-del-flautista-de-hamelin\/informacion-sobre-guia-turistico-y-excursiones-en-hamelin\/","name":"Informaci\u00f3n sobre gu\u00eda tur\u00edstico y excursiones en Hamelin - 9 St\u00e4dte in Niedersachsen","isPartOf":{"@id":"https:\/\/9staedte.de\/es\/#website"},"primaryImageOfPage":{"@id":"https:\/\/9staedte.de\/es\/hamelin-la-legendaria-ciudad-del-flautista-de-hamelin\/informacion-sobre-guia-turistico-y-excursiones-en-hamelin\/#primaryimage"},"image":{"@id":"https:\/\/9staedte.de\/es\/hamelin-la-legendaria-ciudad-del-flautista-de-hamelin\/informacion-sobre-guia-turistico-y-excursiones-en-hamelin\/#primaryimage"},"thumbnailUrl":"https:\/\/9staedte.de\/wp-content\/uploads\/2023\/02\/Indian-Summer-iim-Weserbergland-cHMT.jpg","datePublished":"2023-11-02T08:47:40+00:00","dateModified":"2023-11-02T17:01:25+00:00","breadcrumb":{"@id":"https:\/\/9staedte.de\/es\/hamelin-la-legendaria-ciudad-del-flautista-de-hamelin\/informacion-sobre-guia-turistico-y-excursiones-en-hamelin\/#breadcrumb"},"inLanguage":"es","potentialAction":[{"@type":"ReadAction","target":["https:\/\/9staedte.de\/es\/hamelin-la-legendaria-ciudad-del-flautista-de-hamelin\/informacion-sobre-guia-turistico-y-excursiones-en-hamelin\/"]}]},{"@type":"ImageObject","inLanguage":"es","@id":"https:\/\/9staedte.de\/es\/hamelin-la-legendaria-ciudad-del-flautista-de-hamelin\/informacion-sobre-guia-turistico-y-excursiones-en-hamelin\/#primaryimage","url":"https:\/\/9staedte.de\/wp-content\/uploads\/2023\/02\/Indian-Summer-iim-Weserbergland-cHMT.jpg","contentUrl":"https:\/\/9staedte.de\/wp-content\/uploads\/2023\/02\/Indian-Summer-iim-Weserbergland-cHMT.jpg","width":1020,"height":560,"caption":"Indian Summer im Weserbergland c)HMT"},{"@type":"BreadcrumbList","@id":"https:\/\/9staedte.de\/es\/hamelin-la-legendaria-ciudad-del-flautista-de-hamelin\/informacion-sobre-guia-turistico-y-excursiones-en-hamelin\/#breadcrumb","itemListElement":[{"@type":"ListItem","position":1,"name":"Startseite","item":"https:\/\/9staedte.de\/es\/"},{"@type":"ListItem","position":2,"name":"Hamelin &#8211; La legendaria ciudad del flautista de Hamelin","item":"https:\/\/9staedte.de\/es\/hamelin-la-legendaria-ciudad-del-flautista-de-hamelin\/"},{"@type":"ListItem","position":3,"name":"Informaci\u00f3n sobre gu\u00eda tur\u00edstico y excursiones en Hamelin"}]},{"@type":"WebSite","@id":"https:\/\/9staedte.de\/es\/#website","url":"https:\/\/9staedte.de\/es\/","name":"9 St\u00e4dte in Niedersachsen","description":"","publisher":{"@id":"https:\/\/9staedte.de\/es\/#organization"},"potentialAction":[{"@type":"SearchAction","target":{"@type":"EntryPoint","urlTemplate":"https:\/\/9staedte.de\/es\/?s={search_term_string}"},"query-input":{"@type":"PropertyValueSpecification","valueRequired":true,"valueName":"search_term_string"}}],"inLanguage":"es"},{"@type":"Organization","@id":"https:\/\/9staedte.de\/es\/#organization","name":"9 St\u00e4dte in Niedersachsen","url":"https:\/\/9staedte.de\/es\/","logo":{"@type":"ImageObject","inLanguage":"es","@id":"https:\/\/9staedte.de\/es\/#\/schema\/logo\/image\/","url":"https:\/\/9staedte.de\/wp-content\/uploads\/2025\/01\/9-neg-deutsch-2-1.png","contentUrl":"https:\/\/9staedte.de\/wp-content\/uploads\/2025\/01\/9-neg-deutsch-2-1.png","width":190,"height":114,"caption":"9 St\u00e4dte in Niedersachsen"},"image":{"@id":"https:\/\/9staedte.de\/es\/#\/schema\/logo\/image\/"}}]}},"_links":{"self":[{"href":"https:\/\/9staedte.de\/es\/wp-json\/wp\/v2\/pages\/17158","targetHints":{"allow":["GET"]}}],"collection":[{"href":"https:\/\/9staedte.de\/es\/wp-json\/wp\/v2\/pages"}],"about":[{"href":"https:\/\/9staedte.de\/es\/wp-json\/wp\/v2\/types\/page"}],"author":[{"embeddable":true,"href":"https:\/\/9staedte.de\/es\/wp-json\/wp\/v2\/users\/1"}],"replies":[{"embeddable":true,"href":"https:\/\/9staedte.de\/es\/wp-json\/wp\/v2\/comments?post=17158"}],"version-history":[{"count":1,"href":"https:\/\/9staedte.de\/es\/wp-json\/wp\/v2\/pages\/17158\/revisions"}],"predecessor-version":[{"id":19902,"href":"https:\/\/9staedte.de\/es\/wp-json\/wp\/v2\/pages\/17158\/revisions\/19902"}],"up":[{"embeddable":true,"href":"https:\/\/9staedte.de\/es\/wp-json\/wp\/v2\/pages\/17959"}],"wp:featuredmedia":[{"embeddable":true,"href":"https:\/\/9staedte.de\/es\/wp-json\/wp\/v2\/media\/17166"}],"wp:attachment":[{"href":"https:\/\/9staedte.de\/es\/wp-json\/wp\/v2\/media?parent=17158"}],"wp:term":[{"taxonomy":"category","embeddable":true,"href":"https:\/\/9staedte.de\/es\/wp-json\/wp\/v2\/categories?post=17158"},{"taxonomy":"post_tag","embeddable":true,"href":"https:\/\/9staedte.de\/es\/wp-json\/wp\/v2\/tags?post=17158"},{"taxonomy":"ncap_cities_tax","embeddable":true,"href":"https:\/\/9staedte.de\/es\/wp-json\/wp\/v2\/ncap_cities_tax?post=17158"}],"curies":[{"name":"wp","href":"https:\/\/api.w.org\/{rel}","templated":true}]}}