{"id":17157,"date":"2023-11-02T09:47:40","date_gmt":"2023-11-02T08:47:40","guid":{"rendered":"https:\/\/9staedte.de\/programas-de-dia-en-hannover\/"},"modified":"2023-11-02T18:10:44","modified_gmt":"2023-11-02T17:10:44","slug":"programas-de-dia-en-hannover","status":"publish","type":"page","link":"https:\/\/9staedte.de\/es\/hannover-capital-de-baja-sajonia\/programas-de-dia-en-hannover\/","title":{"rendered":"Programas de d\u00eda en Hannover"},"content":{"rendered":"\r\n\r\n    <div class=\"filter-posts\">\r\n            <div  id=\"filterContent\">\r\n                                                        \n<div class=\"contentKachel filtr-item\" data-category=\"hannover-es\">\n    <a href=\"https:\/\/9staedte.de\/es\/palacio-barroco-y-mundo-de-los-jardines-herrenhausen-con-placer\/\">\n        <div class=\"contentKachel-inner\">\n                            <div class=\"contentKachel-thumbnail\">\n                    <img loading=\"lazy\" decoding=\"async\" width=\"300\" height=\"165\" src=\"https:\/\/9staedte.de\/wp-content\/smush-webp\/2022\/07\/Hannover-HerrenhaeuserGaerten-c-HMTG-LarsGerhardts-300x165.jpg.webp\" class=\"objectfitcover withfilters wp-post-image\" alt=\"La imagen muestra el Gran Jard\u00edn en Hannover. Hay una fuente en primer plano. El agua sube en el aire. Un camino lleva al Palacio de Herrenhausen. A los lados hay parterres de flores. Hay estatuas blancas a lo largo del camino. Palmeras est\u00e1n frente al palacio. El cielo es azul y hace sol. La escena es tranquila y elegante.\" srcset=\"https:\/\/9staedte.de\/wp-content\/smush-webp\/2022\/07\/Hannover-HerrenhaeuserGaerten-c-HMTG-LarsGerhardts-300x165.jpg.webp 300w, https:\/\/9staedte.de\/wp-content\/smush-webp\/2022\/07\/Hannover-HerrenhaeuserGaerten-c-HMTG-LarsGerhardts-768x422.jpg.webp 768w, https:\/\/9staedte.de\/wp-content\/smush-webp\/2022\/07\/Hannover-HerrenhaeuserGaerten-c-HMTG-LarsGerhardts.jpg.webp 1020w\" sizes=\"auto, (max-width: 300px) 100vw, 300px\" \/>                    <img loading=\"lazy\" decoding=\"async\" width=\"300\" height=\"165\" src=\"https:\/\/9staedte.de\/wp-content\/smush-webp\/2022\/07\/Hannover-HerrenhaeuserGaerten-c-HMTG-LarsGerhardts-300x165.jpg.webp\" class=\"objectfitcontain wp-post-image\" alt=\"La imagen muestra el Gran Jard\u00edn en Hannover. Hay una fuente en primer plano. El agua sube en el aire. Un camino lleva al Palacio de Herrenhausen. A los lados hay parterres de flores. Hay estatuas blancas a lo largo del camino. Palmeras est\u00e1n frente al palacio. El cielo es azul y hace sol. La escena es tranquila y elegante.\" srcset=\"https:\/\/9staedte.de\/wp-content\/smush-webp\/2022\/07\/Hannover-HerrenhaeuserGaerten-c-HMTG-LarsGerhardts-300x165.jpg.webp 300w, https:\/\/9staedte.de\/wp-content\/smush-webp\/2022\/07\/Hannover-HerrenhaeuserGaerten-c-HMTG-LarsGerhardts-768x422.jpg.webp 768w, https:\/\/9staedte.de\/wp-content\/smush-webp\/2022\/07\/Hannover-HerrenhaeuserGaerten-c-HMTG-LarsGerhardts.jpg.webp 1020w\" sizes=\"auto, (max-width: 300px) 100vw, 300px\" \/>                        <div class=\"thumbnail-label\">\n    <span>Hannover Herrenh\u00e4user G\u00e4rten c) HMTG Lars Gerhardts<\/span>\n    <\/div>\n                <\/div>\n                        <div class=\"contentKachel-content\">\n                                    <div class=\"city-tag bg-hannover\">\n                        Hannover                    <\/div>\n                \n                <div class=\"title\">\n\n                    Palacio barroco y mundo de los jardines &#8211; Herrenhausen con placer                    \n                <\/div>\n\n                            <\/div>\n\n        <\/div>\n    <\/a>\n<\/div>                                                        \n<div class=\"contentKachel filtr-item\" data-category=\"hannover-es\">\n    <a href=\"https:\/\/9staedte.de\/es\/programa-diario-la-atmosferica-navidad-de-hannover\/\">\n        <div class=\"contentKachel-inner\">\n                            <div class=\"contentKachel-thumbnail\">\n                    <img loading=\"lazy\" decoding=\"async\" width=\"300\" height=\"165\" src=\"https:\/\/9staedte.de\/wp-content\/smush-webp\/2022\/07\/Hannover-Historic-Christams-village-c-Hannover-Marketing-und-Tourismus-GmbH-Lars-Gerhardts-300x165.jpg.webp\" class=\"objectfitcover withfilters wp-post-image\" alt=\"En la foto hay mucha gente. Est\u00e1n afuera en la ciudad. Es de noche, pero hay muchas luces. Se ven puestos peque\u00f1os con luces. Las personas comen y beben. Al fondo hay una torre redonda y antigua. La foto muestra el pueblo navide\u00f1o hist\u00f3rico de Hannover.\" srcset=\"https:\/\/9staedte.de\/wp-content\/smush-webp\/2022\/07\/Hannover-Historic-Christams-village-c-Hannover-Marketing-und-Tourismus-GmbH-Lars-Gerhardts-300x165.jpg.webp 300w, https:\/\/9staedte.de\/wp-content\/smush-webp\/2022\/07\/Hannover-Historic-Christams-village-c-Hannover-Marketing-und-Tourismus-GmbH-Lars-Gerhardts-768x422.jpg.webp 768w, https:\/\/9staedte.de\/wp-content\/smush-webp\/2022\/07\/Hannover-Historic-Christams-village-c-Hannover-Marketing-und-Tourismus-GmbH-Lars-Gerhardts.jpg.webp 1019w\" sizes=\"auto, (max-width: 300px) 100vw, 300px\" \/>                    <img loading=\"lazy\" decoding=\"async\" width=\"300\" height=\"165\" src=\"https:\/\/9staedte.de\/wp-content\/smush-webp\/2022\/07\/Hannover-Historic-Christams-village-c-Hannover-Marketing-und-Tourismus-GmbH-Lars-Gerhardts-300x165.jpg.webp\" class=\"objectfitcontain wp-post-image\" alt=\"En la foto hay mucha gente. Est\u00e1n afuera en la ciudad. Es de noche, pero hay muchas luces. Se ven puestos peque\u00f1os con luces. Las personas comen y beben. Al fondo hay una torre redonda y antigua. La foto muestra el pueblo navide\u00f1o hist\u00f3rico de Hannover.\" srcset=\"https:\/\/9staedte.de\/wp-content\/smush-webp\/2022\/07\/Hannover-Historic-Christams-village-c-Hannover-Marketing-und-Tourismus-GmbH-Lars-Gerhardts-300x165.jpg.webp 300w, https:\/\/9staedte.de\/wp-content\/smush-webp\/2022\/07\/Hannover-Historic-Christams-village-c-Hannover-Marketing-und-Tourismus-GmbH-Lars-Gerhardts-768x422.jpg.webp 768w, https:\/\/9staedte.de\/wp-content\/smush-webp\/2022\/07\/Hannover-Historic-Christams-village-c-Hannover-Marketing-und-Tourismus-GmbH-Lars-Gerhardts.jpg.webp 1019w\" sizes=\"auto, (max-width: 300px) 100vw, 300px\" \/>                        <div class=\"thumbnail-label\">\n    <span>Hannover Historic Christams village c) Hannover Marketing und Tourismus GmbH Lars Gerhardts<\/span>\n    <\/div>\n                <\/div>\n                        <div class=\"contentKachel-content\">\n                                    <div class=\"city-tag bg-hannover\">\n                        Hannover                    <\/div>\n                \n                <div class=\"title\">\n\n                    Programa diario: la atmosf\u00e9rica Navidad de Hannover                    \n                <\/div>\n\n                            <\/div>\n\n        <\/div>\n    <\/a>\n<\/div>                                                        \n<div class=\"contentKachel filtr-item\" data-category=\"hannover-es\">\n    <a href=\"https:\/\/9staedte.de\/es\/programa-del-dia-visita-al-zoo-hannover-adventure\/\">\n        <div class=\"contentKachel-inner\">\n                            <div class=\"contentKachel-thumbnail\">\n                    <img loading=\"lazy\" decoding=\"async\" width=\"300\" height=\"165\" src=\"https:\/\/9staedte.de\/wp-content\/smush-webp\/2022\/07\/Erlebnis-Zoo-Hannover-Flamingos_Bootsfahrt-c-Martin-Bargiel-300x165.jpg.webp\" class=\"objectfitcover withfilters wp-post-image\" alt=\"En la foto hay un barco. En el barco hay personas. El barco va por un r\u00edo peque\u00f1o. Delante del barco hay muchos flamencos en el agua. Los flamencos son de color rosa. Hay muchas plantas y \u00e1rboles. La foto muestra el zool\u00f3gico de Hannover.\" srcset=\"https:\/\/9staedte.de\/wp-content\/smush-webp\/2022\/07\/Erlebnis-Zoo-Hannover-Flamingos_Bootsfahrt-c-Martin-Bargiel-300x165.jpg.webp 300w, https:\/\/9staedte.de\/wp-content\/smush-webp\/2022\/07\/Erlebnis-Zoo-Hannover-Flamingos_Bootsfahrt-c-Martin-Bargiel-768x422.jpg.webp 768w, https:\/\/9staedte.de\/wp-content\/smush-webp\/2022\/07\/Erlebnis-Zoo-Hannover-Flamingos_Bootsfahrt-c-Martin-Bargiel.jpg.webp 1019w\" sizes=\"auto, (max-width: 300px) 100vw, 300px\" \/>                    <img loading=\"lazy\" decoding=\"async\" width=\"300\" height=\"165\" src=\"https:\/\/9staedte.de\/wp-content\/smush-webp\/2022\/07\/Erlebnis-Zoo-Hannover-Flamingos_Bootsfahrt-c-Martin-Bargiel-300x165.jpg.webp\" class=\"objectfitcontain wp-post-image\" alt=\"En la foto hay un barco. En el barco hay personas. El barco va por un r\u00edo peque\u00f1o. Delante del barco hay muchos flamencos en el agua. Los flamencos son de color rosa. Hay muchas plantas y \u00e1rboles. La foto muestra el zool\u00f3gico de Hannover.\" srcset=\"https:\/\/9staedte.de\/wp-content\/smush-webp\/2022\/07\/Erlebnis-Zoo-Hannover-Flamingos_Bootsfahrt-c-Martin-Bargiel-300x165.jpg.webp 300w, https:\/\/9staedte.de\/wp-content\/smush-webp\/2022\/07\/Erlebnis-Zoo-Hannover-Flamingos_Bootsfahrt-c-Martin-Bargiel-768x422.jpg.webp 768w, https:\/\/9staedte.de\/wp-content\/smush-webp\/2022\/07\/Erlebnis-Zoo-Hannover-Flamingos_Bootsfahrt-c-Martin-Bargiel.jpg.webp 1019w\" sizes=\"auto, (max-width: 300px) 100vw, 300px\" \/>                        <div class=\"thumbnail-label\">\n    <span>Flamingos vor Bootsfahrt, Familie im Boot, Martin Bargiel, 2022<\/span>\n    <\/div>\n                <\/div>\n                        <div class=\"contentKachel-content\">\n                                    <div class=\"city-tag bg-hannover\">\n                        Hannover                    <\/div>\n                \n                <div class=\"title\">\n\n                    Programa del d\u00eda: Visita al zoo Hannover Adventure                    \n                <\/div>\n\n                            <\/div>\n\n        <\/div>\n    <\/a>\n<\/div>                                            <\/div>\r\n    <\/div>\r\n","protected":false},"excerpt":{"rendered":"","protected":false},"author":1,"featured_media":17171,"parent":18054,"menu_order":0,"comment_status":"closed","ping_status":"closed","template":"pagetemplates\/template-stadtthema.php","meta":{"_acf_changed":false,"footnotes":""},"categories":[],"tags":[],"ncap_cities_tax":[459,1031],"class_list":["post-17157","page","type-page","status-publish","has-post-thumbnail","hentry","ncap_cities_tax-hannover-es","ncap_cities_tax-tagesprogramme-hannover-es"],"acf":[],"yoast_head":"<!-- This site is optimized with the Yoast SEO plugin v26.8 - https:\/\/yoast.com\/product\/yoast-seo-wordpress\/ -->\n<title>Programas de d\u00eda en Hannover - 9 St\u00e4dte in Niedersachsen<\/title>\n<meta name=\"robots\" content=\"index, follow, max-snippet:-1, max-image-preview:large, max-video-preview:-1\" \/>\n<link rel=\"canonical\" href=\"https:\/\/9staedte.de\/es\/hannover-capital-de-baja-sajonia\/programas-de-dia-en-hannover\/\" \/>\n<meta property=\"og:locale\" content=\"es_ES\" \/>\n<meta property=\"og:type\" content=\"article\" \/>\n<meta property=\"og:title\" content=\"Programas de d\u00eda en Hannover - 9 St\u00e4dte in Niedersachsen\" \/>\n<meta property=\"og:url\" content=\"https:\/\/9staedte.de\/es\/hannover-capital-de-baja-sajonia\/programas-de-dia-en-hannover\/\" \/>\n<meta property=\"og:site_name\" content=\"9 St\u00e4dte in Niedersachsen\" \/>\n<meta property=\"article:modified_time\" content=\"2023-11-02T17:10:44+00:00\" \/>\n<meta property=\"og:image\" content=\"https:\/\/9staedte.de\/wp-content\/uploads\/2023\/06\/Neues-Rathaus-Luftbild-c-HMTG-Lars-Gerhardts.jpg\" \/>\n\t<meta property=\"og:image:width\" content=\"1020\" \/>\n\t<meta property=\"og:image:height\" content=\"560\" \/>\n\t<meta property=\"og:image:type\" content=\"image\/jpeg\" \/>\n<meta name=\"twitter:card\" content=\"summary_large_image\" \/>\n<script type=\"application\/ld+json\" class=\"yoast-schema-graph\">{\"@context\":\"https:\/\/schema.org\",\"@graph\":[{\"@type\":\"WebPage\",\"@id\":\"https:\/\/9staedte.de\/es\/hannover-capital-de-baja-sajonia\/programas-de-dia-en-hannover\/\",\"url\":\"https:\/\/9staedte.de\/es\/hannover-capital-de-baja-sajonia\/programas-de-dia-en-hannover\/\",\"name\":\"Programas de d\u00eda en Hannover - 9 St\u00e4dte in Niedersachsen\",\"isPartOf\":{\"@id\":\"https:\/\/9staedte.de\/es\/#website\"},\"primaryImageOfPage\":{\"@id\":\"https:\/\/9staedte.de\/es\/hannover-capital-de-baja-sajonia\/programas-de-dia-en-hannover\/#primaryimage\"},\"image\":{\"@id\":\"https:\/\/9staedte.de\/es\/hannover-capital-de-baja-sajonia\/programas-de-dia-en-hannover\/#primaryimage\"},\"thumbnailUrl\":\"https:\/\/9staedte.de\/wp-content\/uploads\/2023\/06\/Neues-Rathaus-Luftbild-c-HMTG-Lars-Gerhardts.jpg\",\"datePublished\":\"2023-11-02T08:47:40+00:00\",\"dateModified\":\"2023-11-02T17:10:44+00:00\",\"breadcrumb\":{\"@id\":\"https:\/\/9staedte.de\/es\/hannover-capital-de-baja-sajonia\/programas-de-dia-en-hannover\/#breadcrumb\"},\"inLanguage\":\"es\",\"potentialAction\":[{\"@type\":\"ReadAction\",\"target\":[\"https:\/\/9staedte.de\/es\/hannover-capital-de-baja-sajonia\/programas-de-dia-en-hannover\/\"]}]},{\"@type\":\"ImageObject\",\"inLanguage\":\"es\",\"@id\":\"https:\/\/9staedte.de\/es\/hannover-capital-de-baja-sajonia\/programas-de-dia-en-hannover\/#primaryimage\",\"url\":\"https:\/\/9staedte.de\/wp-content\/uploads\/2023\/06\/Neues-Rathaus-Luftbild-c-HMTG-Lars-Gerhardts.jpg\",\"contentUrl\":\"https:\/\/9staedte.de\/wp-content\/uploads\/2023\/06\/Neues-Rathaus-Luftbild-c-HMTG-Lars-Gerhardts.jpg\",\"width\":1020,\"height\":560,\"caption\":\"Neues Rathaus Luftbild - c) HMTG Lars Gerhardts\"},{\"@type\":\"BreadcrumbList\",\"@id\":\"https:\/\/9staedte.de\/es\/hannover-capital-de-baja-sajonia\/programas-de-dia-en-hannover\/#breadcrumb\",\"itemListElement\":[{\"@type\":\"ListItem\",\"position\":1,\"name\":\"Startseite\",\"item\":\"https:\/\/9staedte.de\/es\/\"},{\"@type\":\"ListItem\",\"position\":2,\"name\":\"Hannover &#8211; Capital de Baja Sajonia\",\"item\":\"https:\/\/9staedte.de\/es\/hannover-capital-de-baja-sajonia\/\"},{\"@type\":\"ListItem\",\"position\":3,\"name\":\"Programas de d\u00eda en Hannover\"}]},{\"@type\":\"WebSite\",\"@id\":\"https:\/\/9staedte.de\/es\/#website\",\"url\":\"https:\/\/9staedte.de\/es\/\",\"name\":\"9 St\u00e4dte in Niedersachsen\",\"description\":\"\",\"publisher\":{\"@id\":\"https:\/\/9staedte.de\/es\/#organization\"},\"potentialAction\":[{\"@type\":\"SearchAction\",\"target\":{\"@type\":\"EntryPoint\",\"urlTemplate\":\"https:\/\/9staedte.de\/es\/?s={search_term_string}\"},\"query-input\":{\"@type\":\"PropertyValueSpecification\",\"valueRequired\":true,\"valueName\":\"search_term_string\"}}],\"inLanguage\":\"es\"},{\"@type\":\"Organization\",\"@id\":\"https:\/\/9staedte.de\/es\/#organization\",\"name\":\"9 St\u00e4dte in Niedersachsen\",\"url\":\"https:\/\/9staedte.de\/es\/\",\"logo\":{\"@type\":\"ImageObject\",\"inLanguage\":\"es\",\"@id\":\"https:\/\/9staedte.de\/es\/#\/schema\/logo\/image\/\",\"url\":\"https:\/\/9staedte.de\/wp-content\/uploads\/2025\/01\/9-neg-deutsch-2-1.png\",\"contentUrl\":\"https:\/\/9staedte.de\/wp-content\/uploads\/2025\/01\/9-neg-deutsch-2-1.png\",\"width\":190,\"height\":114,\"caption\":\"9 St\u00e4dte in Niedersachsen\"},\"image\":{\"@id\":\"https:\/\/9staedte.de\/es\/#\/schema\/logo\/image\/\"}}]}<\/script>\n<!-- \/ Yoast SEO plugin. -->","yoast_head_json":{"title":"Programas de d\u00eda en Hannover - 9 St\u00e4dte in Niedersachsen","robots":{"index":"index","follow":"follow","max-snippet":"max-snippet:-1","max-image-preview":"max-image-preview:large","max-video-preview":"max-video-preview:-1"},"canonical":"https:\/\/9staedte.de\/es\/hannover-capital-de-baja-sajonia\/programas-de-dia-en-hannover\/","og_locale":"es_ES","og_type":"article","og_title":"Programas de d\u00eda en Hannover - 9 St\u00e4dte in Niedersachsen","og_url":"https:\/\/9staedte.de\/es\/hannover-capital-de-baja-sajonia\/programas-de-dia-en-hannover\/","og_site_name":"9 St\u00e4dte in Niedersachsen","article_modified_time":"2023-11-02T17:10:44+00:00","og_image":[{"width":1020,"height":560,"url":"https:\/\/9staedte.de\/wp-content\/uploads\/2023\/06\/Neues-Rathaus-Luftbild-c-HMTG-Lars-Gerhardts.jpg","type":"image\/jpeg"}],"twitter_card":"summary_large_image","schema":{"@context":"https:\/\/schema.org","@graph":[{"@type":"WebPage","@id":"https:\/\/9staedte.de\/es\/hannover-capital-de-baja-sajonia\/programas-de-dia-en-hannover\/","url":"https:\/\/9staedte.de\/es\/hannover-capital-de-baja-sajonia\/programas-de-dia-en-hannover\/","name":"Programas de d\u00eda en Hannover - 9 St\u00e4dte in Niedersachsen","isPartOf":{"@id":"https:\/\/9staedte.de\/es\/#website"},"primaryImageOfPage":{"@id":"https:\/\/9staedte.de\/es\/hannover-capital-de-baja-sajonia\/programas-de-dia-en-hannover\/#primaryimage"},"image":{"@id":"https:\/\/9staedte.de\/es\/hannover-capital-de-baja-sajonia\/programas-de-dia-en-hannover\/#primaryimage"},"thumbnailUrl":"https:\/\/9staedte.de\/wp-content\/uploads\/2023\/06\/Neues-Rathaus-Luftbild-c-HMTG-Lars-Gerhardts.jpg","datePublished":"2023-11-02T08:47:40+00:00","dateModified":"2023-11-02T17:10:44+00:00","breadcrumb":{"@id":"https:\/\/9staedte.de\/es\/hannover-capital-de-baja-sajonia\/programas-de-dia-en-hannover\/#breadcrumb"},"inLanguage":"es","potentialAction":[{"@type":"ReadAction","target":["https:\/\/9staedte.de\/es\/hannover-capital-de-baja-sajonia\/programas-de-dia-en-hannover\/"]}]},{"@type":"ImageObject","inLanguage":"es","@id":"https:\/\/9staedte.de\/es\/hannover-capital-de-baja-sajonia\/programas-de-dia-en-hannover\/#primaryimage","url":"https:\/\/9staedte.de\/wp-content\/uploads\/2023\/06\/Neues-Rathaus-Luftbild-c-HMTG-Lars-Gerhardts.jpg","contentUrl":"https:\/\/9staedte.de\/wp-content\/uploads\/2023\/06\/Neues-Rathaus-Luftbild-c-HMTG-Lars-Gerhardts.jpg","width":1020,"height":560,"caption":"Neues Rathaus Luftbild - c) HMTG Lars Gerhardts"},{"@type":"BreadcrumbList","@id":"https:\/\/9staedte.de\/es\/hannover-capital-de-baja-sajonia\/programas-de-dia-en-hannover\/#breadcrumb","itemListElement":[{"@type":"ListItem","position":1,"name":"Startseite","item":"https:\/\/9staedte.de\/es\/"},{"@type":"ListItem","position":2,"name":"Hannover &#8211; Capital de Baja Sajonia","item":"https:\/\/9staedte.de\/es\/hannover-capital-de-baja-sajonia\/"},{"@type":"ListItem","position":3,"name":"Programas de d\u00eda en Hannover"}]},{"@type":"WebSite","@id":"https:\/\/9staedte.de\/es\/#website","url":"https:\/\/9staedte.de\/es\/","name":"9 St\u00e4dte in Niedersachsen","description":"","publisher":{"@id":"https:\/\/9staedte.de\/es\/#organization"},"potentialAction":[{"@type":"SearchAction","target":{"@type":"EntryPoint","urlTemplate":"https:\/\/9staedte.de\/es\/?s={search_term_string}"},"query-input":{"@type":"PropertyValueSpecification","valueRequired":true,"valueName":"search_term_string"}}],"inLanguage":"es"},{"@type":"Organization","@id":"https:\/\/9staedte.de\/es\/#organization","name":"9 St\u00e4dte in Niedersachsen","url":"https:\/\/9staedte.de\/es\/","logo":{"@type":"ImageObject","inLanguage":"es","@id":"https:\/\/9staedte.de\/es\/#\/schema\/logo\/image\/","url":"https:\/\/9staedte.de\/wp-content\/uploads\/2025\/01\/9-neg-deutsch-2-1.png","contentUrl":"https:\/\/9staedte.de\/wp-content\/uploads\/2025\/01\/9-neg-deutsch-2-1.png","width":190,"height":114,"caption":"9 St\u00e4dte in Niedersachsen"},"image":{"@id":"https:\/\/9staedte.de\/es\/#\/schema\/logo\/image\/"}}]}},"_links":{"self":[{"href":"https:\/\/9staedte.de\/es\/wp-json\/wp\/v2\/pages\/17157","targetHints":{"allow":["GET"]}}],"collection":[{"href":"https:\/\/9staedte.de\/es\/wp-json\/wp\/v2\/pages"}],"about":[{"href":"https:\/\/9staedte.de\/es\/wp-json\/wp\/v2\/types\/page"}],"author":[{"embeddable":true,"href":"https:\/\/9staedte.de\/es\/wp-json\/wp\/v2\/users\/1"}],"replies":[{"embeddable":true,"href":"https:\/\/9staedte.de\/es\/wp-json\/wp\/v2\/comments?post=17157"}],"version-history":[{"count":1,"href":"https:\/\/9staedte.de\/es\/wp-json\/wp\/v2\/pages\/17157\/revisions"}],"predecessor-version":[{"id":19934,"href":"https:\/\/9staedte.de\/es\/wp-json\/wp\/v2\/pages\/17157\/revisions\/19934"}],"up":[{"embeddable":true,"href":"https:\/\/9staedte.de\/es\/wp-json\/wp\/v2\/pages\/18054"}],"wp:featuredmedia":[{"embeddable":true,"href":"https:\/\/9staedte.de\/es\/wp-json\/wp\/v2\/media\/17171"}],"wp:attachment":[{"href":"https:\/\/9staedte.de\/es\/wp-json\/wp\/v2\/media?parent=17157"}],"wp:term":[{"taxonomy":"category","embeddable":true,"href":"https:\/\/9staedte.de\/es\/wp-json\/wp\/v2\/categories?post=17157"},{"taxonomy":"post_tag","embeddable":true,"href":"https:\/\/9staedte.de\/es\/wp-json\/wp\/v2\/tags?post=17157"},{"taxonomy":"ncap_cities_tax","embeddable":true,"href":"https:\/\/9staedte.de\/es\/wp-json\/wp\/v2\/ncap_cities_tax?post=17157"}],"curies":[{"name":"wp","href":"https:\/\/api.w.org\/{rel}","templated":true}]}}