{"id":17133,"date":"2023-11-02T09:47:15","date_gmt":"2023-11-02T08:47:15","guid":{"rendered":"https:\/\/9staedte.de\/visitas-guiadas-por-hannover\/"},"modified":"2023-11-02T18:07:58","modified_gmt":"2023-11-02T17:07:58","slug":"visitas-guiadas-por-hannover","status":"publish","type":"page","link":"https:\/\/9staedte.de\/es\/hannover-capital-de-baja-sajonia\/visitas-guiadas-por-hannover\/","title":{"rendered":"Visitas guiadas por Hannover"},"content":{"rendered":"\r\n\r\n    <div class=\"filter-posts\">\r\n            <div  id=\"filterContent\">\r\n                                                        \n<div class=\"contentKachel filtr-item\" data-category=\"hannover-es\">\n    <a href=\"https:\/\/9staedte.de\/es\/a-poca-distancia-de-los-lugares-de-interes-del-centro-de-la-ciudad\/\">\n        <div class=\"contentKachel-inner\">\n                            <div class=\"contentKachel-thumbnail\">\n                    <img loading=\"lazy\" decoding=\"async\" width=\"300\" height=\"165\" src=\"https:\/\/9staedte.de\/wp-content\/smush-webp\/2022\/06\/Hannover-Altstadt-c-HMTG-Lars-Gerhardts-300x165.jpg.webp\" class=\"objectfitcover withfilters wp-post-image\" alt=\"En la foto se ven muchas casas antiguas con madera. Las casas est\u00e1n en el casco antiguo de Hannover. En el centro hay una gran iglesia con una torre. Algunas personas caminan por la calle. Hace sol.\" srcset=\"https:\/\/9staedte.de\/wp-content\/smush-webp\/2022\/06\/Hannover-Altstadt-c-HMTG-Lars-Gerhardts-300x165.jpg.webp 300w, https:\/\/9staedte.de\/wp-content\/smush-webp\/2022\/06\/Hannover-Altstadt-c-HMTG-Lars-Gerhardts-768x422.jpg.webp 768w, https:\/\/9staedte.de\/wp-content\/smush-webp\/2022\/06\/Hannover-Altstadt-c-HMTG-Lars-Gerhardts.jpg.webp 1020w\" sizes=\"auto, (max-width: 300px) 100vw, 300px\" \/>                    <img loading=\"lazy\" decoding=\"async\" width=\"300\" height=\"165\" src=\"https:\/\/9staedte.de\/wp-content\/smush-webp\/2022\/06\/Hannover-Altstadt-c-HMTG-Lars-Gerhardts-300x165.jpg.webp\" class=\"objectfitcontain wp-post-image\" alt=\"En la foto se ven muchas casas antiguas con madera. Las casas est\u00e1n en el casco antiguo de Hannover. En el centro hay una gran iglesia con una torre. Algunas personas caminan por la calle. Hace sol.\" srcset=\"https:\/\/9staedte.de\/wp-content\/smush-webp\/2022\/06\/Hannover-Altstadt-c-HMTG-Lars-Gerhardts-300x165.jpg.webp 300w, https:\/\/9staedte.de\/wp-content\/smush-webp\/2022\/06\/Hannover-Altstadt-c-HMTG-Lars-Gerhardts-768x422.jpg.webp 768w, https:\/\/9staedte.de\/wp-content\/smush-webp\/2022\/06\/Hannover-Altstadt-c-HMTG-Lars-Gerhardts.jpg.webp 1020w\" sizes=\"auto, (max-width: 300px) 100vw, 300px\" \/>                        <div class=\"thumbnail-label\">\n    <span>Hannover Altstadt c) HMTG Lars Gerhardts<\/span>\n    <\/div>\n                <\/div>\n                        <div class=\"contentKachel-content\">\n                                    <div class=\"city-tag bg-hannover\">\n                        Hannover                    <\/div>\n                \n                <div class=\"title\">\n\n                    A poca distancia de los lugares de inter\u00e9s del centro de la ciudad                    \n                <\/div>\n\n                            <\/div>\n\n        <\/div>\n    <\/a>\n<\/div>                                                        \n<div class=\"contentKachel filtr-item\" data-category=\"hannover-es\">\n    <a href=\"https:\/\/9staedte.de\/es\/descubra-hannover-por-su-cuenta\/\">\n        <div class=\"contentKachel-inner\">\n                            <div class=\"contentKachel-thumbnail\">\n                    <img loading=\"lazy\" decoding=\"async\" width=\"300\" height=\"165\" src=\"https:\/\/9staedte.de\/wp-content\/smush-webp\/2022\/06\/Roter-Faden-Lars-Gerhardts-16-300x165.jpg.webp\" class=\"objectfitcover withfilters wp-post-image\" alt=\"\" srcset=\"https:\/\/9staedte.de\/wp-content\/smush-webp\/2022\/06\/Roter-Faden-Lars-Gerhardts-16-300x165.jpg.webp 300w, https:\/\/9staedte.de\/wp-content\/smush-webp\/2022\/06\/Roter-Faden-Lars-Gerhardts-16-768x423.jpg.webp 768w, https:\/\/9staedte.de\/wp-content\/smush-webp\/2022\/06\/Roter-Faden-Lars-Gerhardts-16.jpg.webp 1019w\" sizes=\"auto, (max-width: 300px) 100vw, 300px\" \/>                    <img loading=\"lazy\" decoding=\"async\" width=\"300\" height=\"165\" src=\"https:\/\/9staedte.de\/wp-content\/smush-webp\/2022\/06\/Roter-Faden-Lars-Gerhardts-16-300x165.jpg.webp\" class=\"objectfitcontain wp-post-image\" alt=\"\" srcset=\"https:\/\/9staedte.de\/wp-content\/smush-webp\/2022\/06\/Roter-Faden-Lars-Gerhardts-16-300x165.jpg.webp 300w, https:\/\/9staedte.de\/wp-content\/smush-webp\/2022\/06\/Roter-Faden-Lars-Gerhardts-16-768x423.jpg.webp 768w, https:\/\/9staedte.de\/wp-content\/smush-webp\/2022\/06\/Roter-Faden-Lars-Gerhardts-16.jpg.webp 1019w\" sizes=\"auto, (max-width: 300px) 100vw, 300px\" \/>                        <div class=\"thumbnail-label\">\n    <span>Roter Faden &#8211; c) Lars Gerhard<\/span>\n    <\/div>\n                <\/div>\n                        <div class=\"contentKachel-content\">\n                                    <div class=\"city-tag bg-hannover\">\n                        Hannover                    <\/div>\n                \n                <div class=\"title\">\n\n                    Descubra Hannover por su cuenta                    \n                <\/div>\n\n                            <\/div>\n\n        <\/div>\n    <\/a>\n<\/div>                                                        \n<div class=\"contentKachel filtr-item\" data-category=\"hannover-es\">\n    <a href=\"https:\/\/9staedte.de\/es\/hannovernascht-recorrido-gastronomico-por-la-ciudad\/\">\n        <div class=\"contentKachel-inner\">\n                            <div class=\"contentKachel-thumbnail\">\n                    <img loading=\"lazy\" decoding=\"async\" width=\"300\" height=\"165\" src=\"https:\/\/9staedte.de\/wp-content\/smush-webp\/2022\/06\/Kulinarikrundfahrt-Lars-Gerhardts-14-300x165.jpg.webp\" class=\"objectfitcover withfilters wp-post-image\" alt=\"\" srcset=\"https:\/\/9staedte.de\/wp-content\/smush-webp\/2022\/06\/Kulinarikrundfahrt-Lars-Gerhardts-14-300x165.jpg.webp 300w, https:\/\/9staedte.de\/wp-content\/smush-webp\/2022\/06\/Kulinarikrundfahrt-Lars-Gerhardts-14-768x422.jpg.webp 768w, https:\/\/9staedte.de\/wp-content\/smush-webp\/2022\/06\/Kulinarikrundfahrt-Lars-Gerhardts-14.jpg.webp 1020w\" sizes=\"auto, (max-width: 300px) 100vw, 300px\" \/>                    <img loading=\"lazy\" decoding=\"async\" width=\"300\" height=\"165\" src=\"https:\/\/9staedte.de\/wp-content\/smush-webp\/2022\/06\/Kulinarikrundfahrt-Lars-Gerhardts-14-300x165.jpg.webp\" class=\"objectfitcontain wp-post-image\" alt=\"\" srcset=\"https:\/\/9staedte.de\/wp-content\/smush-webp\/2022\/06\/Kulinarikrundfahrt-Lars-Gerhardts-14-300x165.jpg.webp 300w, https:\/\/9staedte.de\/wp-content\/smush-webp\/2022\/06\/Kulinarikrundfahrt-Lars-Gerhardts-14-768x422.jpg.webp 768w, https:\/\/9staedte.de\/wp-content\/smush-webp\/2022\/06\/Kulinarikrundfahrt-Lars-Gerhardts-14.jpg.webp 1020w\" sizes=\"auto, (max-width: 300px) 100vw, 300px\" \/>                        <div class=\"thumbnail-label\">\n    <span>Kulinarikrundfahrt c) HMTG Lars Gerhardts <\/span>\n    <\/div>\n                <\/div>\n                        <div class=\"contentKachel-content\">\n                                    <div class=\"city-tag bg-hannover\">\n                        Hannover                    <\/div>\n                \n                <div class=\"title\">\n\n                    Hanno(ver)nascht &#8211; Recorrido gastron\u00f3mico por la ciudad                    \n                <\/div>\n\n                            <\/div>\n\n        <\/div>\n    <\/a>\n<\/div>                                                        \n<div class=\"contentKachel filtr-item\" data-category=\"hannover-es\">\n    <a href=\"https:\/\/9staedte.de\/es\/esplendor-real-en-los-jardines-de-herrenhauser\/\">\n        <div class=\"contentKachel-inner\">\n                            <div class=\"contentKachel-thumbnail\">\n                    <img loading=\"lazy\" decoding=\"async\" width=\"300\" height=\"167\" src=\"https:\/\/9staedte.de\/wp-content\/smush-webp\/2022\/06\/Grosser-Garten-Herrenhausen-c-HMTG-Lars-Gerhardts1-300x167.jpg.webp\" class=\"objectfitcover withfilters wp-post-image\" alt=\"La imagen muestra el Gran Jard\u00edn en Hannover. Hay una fuente en primer plano. El agua sube en el aire. Un camino lleva al Palacio de Herrenhausen. A los lados hay parterres de flores. Hay estatuas blancas a lo largo del camino. Palmeras est\u00e1n frente al palacio. El cielo es azul y hace sol. La escena es tranquila y elegante.\" srcset=\"https:\/\/9staedte.de\/wp-content\/smush-webp\/2022\/06\/Grosser-Garten-Herrenhausen-c-HMTG-Lars-Gerhardts1-300x167.jpg.webp 300w, https:\/\/9staedte.de\/wp-content\/smush-webp\/2022\/06\/Grosser-Garten-Herrenhausen-c-HMTG-Lars-Gerhardts1.jpg.webp 580w\" sizes=\"auto, (max-width: 300px) 100vw, 300px\" \/>                    <img loading=\"lazy\" decoding=\"async\" width=\"300\" height=\"167\" src=\"https:\/\/9staedte.de\/wp-content\/smush-webp\/2022\/06\/Grosser-Garten-Herrenhausen-c-HMTG-Lars-Gerhardts1-300x167.jpg.webp\" class=\"objectfitcontain wp-post-image\" alt=\"La imagen muestra el Gran Jard\u00edn en Hannover. Hay una fuente en primer plano. El agua sube en el aire. Un camino lleva al Palacio de Herrenhausen. A los lados hay parterres de flores. Hay estatuas blancas a lo largo del camino. Palmeras est\u00e1n frente al palacio. El cielo es azul y hace sol. La escena es tranquila y elegante.\" srcset=\"https:\/\/9staedte.de\/wp-content\/smush-webp\/2022\/06\/Grosser-Garten-Herrenhausen-c-HMTG-Lars-Gerhardts1-300x167.jpg.webp 300w, https:\/\/9staedte.de\/wp-content\/smush-webp\/2022\/06\/Grosser-Garten-Herrenhausen-c-HMTG-Lars-Gerhardts1.jpg.webp 580w\" sizes=\"auto, (max-width: 300px) 100vw, 300px\" \/>                        <div class=\"thumbnail-label\">\n    <span>Gro\u00dfer-Garten-Herrenhausen-c-HMTG-Lars-Gerhardts[1]<\/span>\n    <\/div>\n                <\/div>\n                        <div class=\"contentKachel-content\">\n                                    <div class=\"city-tag bg-hannover\">\n                        Hannover                    <\/div>\n                \n                <div class=\"title\">\n\n                    Esplendor real en los Jardines de Herrenh\u00e4user                    \n                <\/div>\n\n                            <\/div>\n\n        <\/div>\n    <\/a>\n<\/div>                                                        \n<div class=\"contentKachel filtr-item\" data-category=\"hannover-es\">\n    <a href=\"https:\/\/9staedte.de\/es\/visita-guiada-en-autobus-de-dos-pisos-con-paradas-libres\/\">\n        <div class=\"contentKachel-inner\">\n                            <div class=\"contentKachel-thumbnail\">\n                    <img loading=\"lazy\" decoding=\"async\" width=\"300\" height=\"166\" src=\"https:\/\/9staedte.de\/wp-content\/smush-webp\/2022\/06\/Stadtrundfahrt-Hannover-c-HMTG-Lars-Gerhardts-300x166.jpg.webp\" class=\"objectfitcover withfilters wp-post-image\" alt=\"Un autob\u00fas rojo de dos pisos recorre la ciudad. Hay personas sentadas arriba mirando alrededor. Detr\u00e1s del autob\u00fas hay un edificio grande y antiguo. Es el nuevo ayuntamiento de Hannover. El cielo est\u00e1 azul. El sol brilla.\" srcset=\"https:\/\/9staedte.de\/wp-content\/smush-webp\/2022\/06\/Stadtrundfahrt-Hannover-c-HMTG-Lars-Gerhardts-300x166.jpg.webp 300w, https:\/\/9staedte.de\/wp-content\/smush-webp\/2022\/06\/Stadtrundfahrt-Hannover-c-HMTG-Lars-Gerhardts-768x424.jpg.webp 768w, https:\/\/9staedte.de\/wp-content\/smush-webp\/2022\/06\/Stadtrundfahrt-Hannover-c-HMTG-Lars-Gerhardts.jpg.webp 1017w\" sizes=\"auto, (max-width: 300px) 100vw, 300px\" \/>                    <img loading=\"lazy\" decoding=\"async\" width=\"300\" height=\"166\" src=\"https:\/\/9staedte.de\/wp-content\/smush-webp\/2022\/06\/Stadtrundfahrt-Hannover-c-HMTG-Lars-Gerhardts-300x166.jpg.webp\" class=\"objectfitcontain wp-post-image\" alt=\"Un autob\u00fas rojo de dos pisos recorre la ciudad. Hay personas sentadas arriba mirando alrededor. Detr\u00e1s del autob\u00fas hay un edificio grande y antiguo. Es el nuevo ayuntamiento de Hannover. El cielo est\u00e1 azul. El sol brilla.\" srcset=\"https:\/\/9staedte.de\/wp-content\/smush-webp\/2022\/06\/Stadtrundfahrt-Hannover-c-HMTG-Lars-Gerhardts-300x166.jpg.webp 300w, https:\/\/9staedte.de\/wp-content\/smush-webp\/2022\/06\/Stadtrundfahrt-Hannover-c-HMTG-Lars-Gerhardts-768x424.jpg.webp 768w, https:\/\/9staedte.de\/wp-content\/smush-webp\/2022\/06\/Stadtrundfahrt-Hannover-c-HMTG-Lars-Gerhardts.jpg.webp 1017w\" sizes=\"auto, (max-width: 300px) 100vw, 300px\" \/>                        <div class=\"thumbnail-label\">\n    <span>Stadtrundfahrt Hannover c) HMTG Lars Gerhardts<\/span>\n    <\/div>\n                <\/div>\n                        <div class=\"contentKachel-content\">\n                                    <div class=\"city-tag bg-hannover\">\n                        Hannover                    <\/div>\n                \n                <div class=\"title\">\n\n                    Visita guiada en autob\u00fas de dos pisos con paradas libres                    \n                <\/div>\n\n                            <\/div>\n\n        <\/div>\n    <\/a>\n<\/div>                                            <\/div>\r\n    <\/div>\r\n","protected":false},"excerpt":{"rendered":"","protected":false},"author":1,"featured_media":17136,"parent":18054,"menu_order":0,"comment_status":"closed","ping_status":"closed","template":"pagetemplates\/template-stadtthema.php","meta":{"_acf_changed":false,"footnotes":""},"categories":[],"tags":[],"ncap_cities_tax":[459,1234],"class_list":["post-17133","page","type-page","status-publish","has-post-thumbnail","hentry","ncap_cities_tax-hannover-es","ncap_cities_tax-stadtfuhrungen-hannover-es"],"acf":[],"yoast_head":"<!-- This site is optimized with the Yoast SEO plugin v26.8 - https:\/\/yoast.com\/product\/yoast-seo-wordpress\/ -->\n<title>Visitas guiadas por Hannover - 9 St\u00e4dte in Niedersachsen<\/title>\n<meta name=\"robots\" content=\"index, follow, max-snippet:-1, max-image-preview:large, max-video-preview:-1\" \/>\n<link rel=\"canonical\" href=\"https:\/\/9staedte.de\/es\/hannover-capital-de-baja-sajonia\/visitas-guiadas-por-hannover\/\" \/>\n<meta property=\"og:locale\" content=\"es_ES\" \/>\n<meta property=\"og:type\" content=\"article\" \/>\n<meta property=\"og:title\" content=\"Visitas guiadas por Hannover - 9 St\u00e4dte in Niedersachsen\" \/>\n<meta property=\"og:url\" content=\"https:\/\/9staedte.de\/es\/hannover-capital-de-baja-sajonia\/visitas-guiadas-por-hannover\/\" \/>\n<meta property=\"og:site_name\" content=\"9 St\u00e4dte in Niedersachsen\" \/>\n<meta property=\"article:modified_time\" content=\"2023-11-02T17:07:58+00:00\" \/>\n<meta property=\"og:image\" content=\"https:\/\/9staedte.de\/wp-content\/uploads\/2023\/02\/Stadtrundfahrt-c-HMTG-Christian-Wyrwa.jpg\" \/>\n\t<meta property=\"og:image:width\" content=\"1019\" \/>\n\t<meta property=\"og:image:height\" content=\"562\" \/>\n\t<meta property=\"og:image:type\" content=\"image\/jpeg\" \/>\n<meta name=\"twitter:card\" content=\"summary_large_image\" \/>\n<script type=\"application\/ld+json\" class=\"yoast-schema-graph\">{\"@context\":\"https:\/\/schema.org\",\"@graph\":[{\"@type\":\"WebPage\",\"@id\":\"https:\/\/9staedte.de\/es\/hannover-capital-de-baja-sajonia\/visitas-guiadas-por-hannover\/\",\"url\":\"https:\/\/9staedte.de\/es\/hannover-capital-de-baja-sajonia\/visitas-guiadas-por-hannover\/\",\"name\":\"Visitas guiadas por Hannover - 9 St\u00e4dte in Niedersachsen\",\"isPartOf\":{\"@id\":\"https:\/\/9staedte.de\/es\/#website\"},\"primaryImageOfPage\":{\"@id\":\"https:\/\/9staedte.de\/es\/hannover-capital-de-baja-sajonia\/visitas-guiadas-por-hannover\/#primaryimage\"},\"image\":{\"@id\":\"https:\/\/9staedte.de\/es\/hannover-capital-de-baja-sajonia\/visitas-guiadas-por-hannover\/#primaryimage\"},\"thumbnailUrl\":\"https:\/\/9staedte.de\/wp-content\/uploads\/2023\/02\/Stadtrundfahrt-c-HMTG-Christian-Wyrwa.jpg\",\"datePublished\":\"2023-11-02T08:47:15+00:00\",\"dateModified\":\"2023-11-02T17:07:58+00:00\",\"breadcrumb\":{\"@id\":\"https:\/\/9staedte.de\/es\/hannover-capital-de-baja-sajonia\/visitas-guiadas-por-hannover\/#breadcrumb\"},\"inLanguage\":\"es\",\"potentialAction\":[{\"@type\":\"ReadAction\",\"target\":[\"https:\/\/9staedte.de\/es\/hannover-capital-de-baja-sajonia\/visitas-guiadas-por-hannover\/\"]}]},{\"@type\":\"ImageObject\",\"inLanguage\":\"es\",\"@id\":\"https:\/\/9staedte.de\/es\/hannover-capital-de-baja-sajonia\/visitas-guiadas-por-hannover\/#primaryimage\",\"url\":\"https:\/\/9staedte.de\/wp-content\/uploads\/2023\/02\/Stadtrundfahrt-c-HMTG-Christian-Wyrwa.jpg\",\"contentUrl\":\"https:\/\/9staedte.de\/wp-content\/uploads\/2023\/02\/Stadtrundfahrt-c-HMTG-Christian-Wyrwa.jpg\",\"width\":1019,\"height\":562,\"caption\":\"Hannover Stadtrundfahrt c) HMTG Christian Wyrwa\"},{\"@type\":\"BreadcrumbList\",\"@id\":\"https:\/\/9staedte.de\/es\/hannover-capital-de-baja-sajonia\/visitas-guiadas-por-hannover\/#breadcrumb\",\"itemListElement\":[{\"@type\":\"ListItem\",\"position\":1,\"name\":\"Startseite\",\"item\":\"https:\/\/9staedte.de\/es\/\"},{\"@type\":\"ListItem\",\"position\":2,\"name\":\"Hannover &#8211; Capital de Baja Sajonia\",\"item\":\"https:\/\/9staedte.de\/es\/hannover-capital-de-baja-sajonia\/\"},{\"@type\":\"ListItem\",\"position\":3,\"name\":\"Visitas guiadas por Hannover\"}]},{\"@type\":\"WebSite\",\"@id\":\"https:\/\/9staedte.de\/es\/#website\",\"url\":\"https:\/\/9staedte.de\/es\/\",\"name\":\"9 St\u00e4dte in Niedersachsen\",\"description\":\"\",\"publisher\":{\"@id\":\"https:\/\/9staedte.de\/es\/#organization\"},\"potentialAction\":[{\"@type\":\"SearchAction\",\"target\":{\"@type\":\"EntryPoint\",\"urlTemplate\":\"https:\/\/9staedte.de\/es\/?s={search_term_string}\"},\"query-input\":{\"@type\":\"PropertyValueSpecification\",\"valueRequired\":true,\"valueName\":\"search_term_string\"}}],\"inLanguage\":\"es\"},{\"@type\":\"Organization\",\"@id\":\"https:\/\/9staedte.de\/es\/#organization\",\"name\":\"9 St\u00e4dte in Niedersachsen\",\"url\":\"https:\/\/9staedte.de\/es\/\",\"logo\":{\"@type\":\"ImageObject\",\"inLanguage\":\"es\",\"@id\":\"https:\/\/9staedte.de\/es\/#\/schema\/logo\/image\/\",\"url\":\"https:\/\/9staedte.de\/wp-content\/uploads\/2025\/01\/9-neg-deutsch-2-1.png\",\"contentUrl\":\"https:\/\/9staedte.de\/wp-content\/uploads\/2025\/01\/9-neg-deutsch-2-1.png\",\"width\":190,\"height\":114,\"caption\":\"9 St\u00e4dte in Niedersachsen\"},\"image\":{\"@id\":\"https:\/\/9staedte.de\/es\/#\/schema\/logo\/image\/\"}}]}<\/script>\n<!-- \/ Yoast SEO plugin. -->","yoast_head_json":{"title":"Visitas guiadas por Hannover - 9 St\u00e4dte in Niedersachsen","robots":{"index":"index","follow":"follow","max-snippet":"max-snippet:-1","max-image-preview":"max-image-preview:large","max-video-preview":"max-video-preview:-1"},"canonical":"https:\/\/9staedte.de\/es\/hannover-capital-de-baja-sajonia\/visitas-guiadas-por-hannover\/","og_locale":"es_ES","og_type":"article","og_title":"Visitas guiadas por Hannover - 9 St\u00e4dte in Niedersachsen","og_url":"https:\/\/9staedte.de\/es\/hannover-capital-de-baja-sajonia\/visitas-guiadas-por-hannover\/","og_site_name":"9 St\u00e4dte in Niedersachsen","article_modified_time":"2023-11-02T17:07:58+00:00","og_image":[{"width":1019,"height":562,"url":"https:\/\/9staedte.de\/wp-content\/uploads\/2023\/02\/Stadtrundfahrt-c-HMTG-Christian-Wyrwa.jpg","type":"image\/jpeg"}],"twitter_card":"summary_large_image","schema":{"@context":"https:\/\/schema.org","@graph":[{"@type":"WebPage","@id":"https:\/\/9staedte.de\/es\/hannover-capital-de-baja-sajonia\/visitas-guiadas-por-hannover\/","url":"https:\/\/9staedte.de\/es\/hannover-capital-de-baja-sajonia\/visitas-guiadas-por-hannover\/","name":"Visitas guiadas por Hannover - 9 St\u00e4dte in Niedersachsen","isPartOf":{"@id":"https:\/\/9staedte.de\/es\/#website"},"primaryImageOfPage":{"@id":"https:\/\/9staedte.de\/es\/hannover-capital-de-baja-sajonia\/visitas-guiadas-por-hannover\/#primaryimage"},"image":{"@id":"https:\/\/9staedte.de\/es\/hannover-capital-de-baja-sajonia\/visitas-guiadas-por-hannover\/#primaryimage"},"thumbnailUrl":"https:\/\/9staedte.de\/wp-content\/uploads\/2023\/02\/Stadtrundfahrt-c-HMTG-Christian-Wyrwa.jpg","datePublished":"2023-11-02T08:47:15+00:00","dateModified":"2023-11-02T17:07:58+00:00","breadcrumb":{"@id":"https:\/\/9staedte.de\/es\/hannover-capital-de-baja-sajonia\/visitas-guiadas-por-hannover\/#breadcrumb"},"inLanguage":"es","potentialAction":[{"@type":"ReadAction","target":["https:\/\/9staedte.de\/es\/hannover-capital-de-baja-sajonia\/visitas-guiadas-por-hannover\/"]}]},{"@type":"ImageObject","inLanguage":"es","@id":"https:\/\/9staedte.de\/es\/hannover-capital-de-baja-sajonia\/visitas-guiadas-por-hannover\/#primaryimage","url":"https:\/\/9staedte.de\/wp-content\/uploads\/2023\/02\/Stadtrundfahrt-c-HMTG-Christian-Wyrwa.jpg","contentUrl":"https:\/\/9staedte.de\/wp-content\/uploads\/2023\/02\/Stadtrundfahrt-c-HMTG-Christian-Wyrwa.jpg","width":1019,"height":562,"caption":"Hannover Stadtrundfahrt c) HMTG Christian Wyrwa"},{"@type":"BreadcrumbList","@id":"https:\/\/9staedte.de\/es\/hannover-capital-de-baja-sajonia\/visitas-guiadas-por-hannover\/#breadcrumb","itemListElement":[{"@type":"ListItem","position":1,"name":"Startseite","item":"https:\/\/9staedte.de\/es\/"},{"@type":"ListItem","position":2,"name":"Hannover &#8211; Capital de Baja Sajonia","item":"https:\/\/9staedte.de\/es\/hannover-capital-de-baja-sajonia\/"},{"@type":"ListItem","position":3,"name":"Visitas guiadas por Hannover"}]},{"@type":"WebSite","@id":"https:\/\/9staedte.de\/es\/#website","url":"https:\/\/9staedte.de\/es\/","name":"9 St\u00e4dte in Niedersachsen","description":"","publisher":{"@id":"https:\/\/9staedte.de\/es\/#organization"},"potentialAction":[{"@type":"SearchAction","target":{"@type":"EntryPoint","urlTemplate":"https:\/\/9staedte.de\/es\/?s={search_term_string}"},"query-input":{"@type":"PropertyValueSpecification","valueRequired":true,"valueName":"search_term_string"}}],"inLanguage":"es"},{"@type":"Organization","@id":"https:\/\/9staedte.de\/es\/#organization","name":"9 St\u00e4dte in Niedersachsen","url":"https:\/\/9staedte.de\/es\/","logo":{"@type":"ImageObject","inLanguage":"es","@id":"https:\/\/9staedte.de\/es\/#\/schema\/logo\/image\/","url":"https:\/\/9staedte.de\/wp-content\/uploads\/2025\/01\/9-neg-deutsch-2-1.png","contentUrl":"https:\/\/9staedte.de\/wp-content\/uploads\/2025\/01\/9-neg-deutsch-2-1.png","width":190,"height":114,"caption":"9 St\u00e4dte in Niedersachsen"},"image":{"@id":"https:\/\/9staedte.de\/es\/#\/schema\/logo\/image\/"}}]}},"_links":{"self":[{"href":"https:\/\/9staedte.de\/es\/wp-json\/wp\/v2\/pages\/17133","targetHints":{"allow":["GET"]}}],"collection":[{"href":"https:\/\/9staedte.de\/es\/wp-json\/wp\/v2\/pages"}],"about":[{"href":"https:\/\/9staedte.de\/es\/wp-json\/wp\/v2\/types\/page"}],"author":[{"embeddable":true,"href":"https:\/\/9staedte.de\/es\/wp-json\/wp\/v2\/users\/1"}],"replies":[{"embeddable":true,"href":"https:\/\/9staedte.de\/es\/wp-json\/wp\/v2\/comments?post=17133"}],"version-history":[{"count":1,"href":"https:\/\/9staedte.de\/es\/wp-json\/wp\/v2\/pages\/17133\/revisions"}],"predecessor-version":[{"id":19919,"href":"https:\/\/9staedte.de\/es\/wp-json\/wp\/v2\/pages\/17133\/revisions\/19919"}],"up":[{"embeddable":true,"href":"https:\/\/9staedte.de\/es\/wp-json\/wp\/v2\/pages\/18054"}],"wp:featuredmedia":[{"embeddable":true,"href":"https:\/\/9staedte.de\/es\/wp-json\/wp\/v2\/media\/17136"}],"wp:attachment":[{"href":"https:\/\/9staedte.de\/es\/wp-json\/wp\/v2\/media?parent=17133"}],"wp:term":[{"taxonomy":"category","embeddable":true,"href":"https:\/\/9staedte.de\/es\/wp-json\/wp\/v2\/categories?post=17133"},{"taxonomy":"post_tag","embeddable":true,"href":"https:\/\/9staedte.de\/es\/wp-json\/wp\/v2\/tags?post=17133"},{"taxonomy":"ncap_cities_tax","embeddable":true,"href":"https:\/\/9staedte.de\/es\/wp-json\/wp\/v2\/ncap_cities_tax?post=17133"}],"curies":[{"name":"wp","href":"https:\/\/api.w.org\/{rel}","templated":true}]}}