{"id":17123,"date":"2023-11-02T09:47:12","date_gmt":"2023-11-02T08:47:12","guid":{"rendered":"https:\/\/9staedte.de\/conferencias-y-congresos-en-hannover\/"},"modified":"2025-03-07T12:57:29","modified_gmt":"2025-03-07T11:57:29","slug":"conferencias-y-congresos-en-hannover","status":"publish","type":"page","link":"https:\/\/9staedte.de\/es\/hannover-capital-de-baja-sajonia\/conferencias-y-congresos-en-hannover\/","title":{"rendered":"Conferencias y congresos en Hannover"},"content":{"rendered":"\n\n<div class=\"banner-wrapper\">\n  <div class=\"banner-inner \">\n      <div class=\"img-container\">\n      <div class=\"img-wrapper\">\n        <img decoding=\"async\" src=\"https:\/\/9staedte.de\/wp-content\/smush-webp\/2023\/02\/HMTG_Europakarte_200x200.jpg.webp\" alt=\"\" \/>\n                  <div class=\"thumbnail-label\">\n            <span>Hannover HMTG_Europakarte_200x200<\/span>\n          <\/div>\n              <\/div>\n    <\/div>\n        <div class=\"text-container\">\n      <div class=\"content\">\n        <h3><strong>Hannover &#8211; Zentraler Wirtschafts- und Kongressstandort<\/strong><\/h3>\n<p><strong>Die Messe- und Kongressmetropole im Herzen Europas<br \/>\n<\/strong>Als weltweit bedeutende Messestadt blickt Hannover auf eine \u00fcber 75-j\u00e4hrige Tradition zur\u00fcck. Das hannoversche Messegel\u00e4nde ist Schauplatz f\u00fcr internationale Leitmessen wie die HANNOVER MESSE, IAA Transportation, DOMOTEX, LIGNA, EMO oder AGRITECHNICA. Auch als Konferenz- und Kongressort spielt Hannover eine wichtige Rolle und beeindruckt mit einer gro\u00dfen Auswahl von au\u00dfergew\u00f6hnlichen Locations.<\/p>\n<p><strong>Made in Hannover<\/strong><br \/>\nNamhafte Marken und Weltkonzerne verleihen der Wirtschaftsregion internationale Strahlkraft: Bahlsen, KIND H\u00f6rger\u00e4te, Komatsu-Hanomag, Rossmann, Sennheiser electronic und die TUI sind hier ans\u00e4ssig. Besondere Bedeutung haben die Automobilindustrie (Volkswagen Nutzfahrzeuge und Continental) sowie die Versicherungs- und Finanzdienstleistungsbranche. Und auch eine florierende Startup-Szene Wirtschaftsplatz Hannover.<\/p>\n<p>&nbsp;<\/p>\n<p>&nbsp;<\/p>\n      <\/div>\n    <\/div>\n    <\/div>\n<\/div>\n\n\n\n\r\n\r\n    <div class=\"filter-posts\">\r\n            <div  id=\"filterContent\">\r\n                                                        \n<div class=\"contentKachel filtr-item\" data-category=\"hannover-es\">\n    <a href=\"https:\/\/9staedte.de\/es\/oficina-de-congresos-y-eventos-de-hannover-servicio-perfecto-de-un-solo-proveedor\/\">\n        <div class=\"contentKachel-inner\">\n                            <div class=\"contentKachel-thumbnail\">\n                    <img loading=\"lazy\" decoding=\"async\" width=\"300\" height=\"164\" src=\"https:\/\/9staedte.de\/wp-content\/smush-webp\/2023\/02\/Deutsche-Messe-Halle-19-c-Marc-Winkel-Fotografie-300x164.jpg.webp\" class=\"objectfitcover withfilters wp-post-image\" alt=\"La imagen muestra un gran edificio de feria. El edificio tiene muchas ventanas y est\u00e1 bien iluminado. Es de noche y el cielo est\u00e1 azul y rosa. Hay \u00e1rboles peque\u00f1os frente al edificio. El edificio se llama Pabell\u00f3n 19 de la Feria de Hannover (Deutsche Messe).\" srcset=\"https:\/\/9staedte.de\/wp-content\/smush-webp\/2023\/02\/Deutsche-Messe-Halle-19-c-Marc-Winkel-Fotografie-300x164.jpg.webp 300w, https:\/\/9staedte.de\/wp-content\/smush-webp\/2023\/02\/Deutsche-Messe-Halle-19-c-Marc-Winkel-Fotografie-768x421.jpg.webp 768w, https:\/\/9staedte.de\/wp-content\/smush-webp\/2023\/02\/Deutsche-Messe-Halle-19-c-Marc-Winkel-Fotografie.jpg.webp 1020w\" sizes=\"auto, (max-width: 300px) 100vw, 300px\" \/>                    <img loading=\"lazy\" decoding=\"async\" width=\"300\" height=\"164\" src=\"https:\/\/9staedte.de\/wp-content\/smush-webp\/2023\/02\/Deutsche-Messe-Halle-19-c-Marc-Winkel-Fotografie-300x164.jpg.webp\" class=\"objectfitcontain wp-post-image\" alt=\"La imagen muestra un gran edificio de feria. El edificio tiene muchas ventanas y est\u00e1 bien iluminado. Es de noche y el cielo est\u00e1 azul y rosa. Hay \u00e1rboles peque\u00f1os frente al edificio. El edificio se llama Pabell\u00f3n 19 de la Feria de Hannover (Deutsche Messe).\" srcset=\"https:\/\/9staedte.de\/wp-content\/smush-webp\/2023\/02\/Deutsche-Messe-Halle-19-c-Marc-Winkel-Fotografie-300x164.jpg.webp 300w, https:\/\/9staedte.de\/wp-content\/smush-webp\/2023\/02\/Deutsche-Messe-Halle-19-c-Marc-Winkel-Fotografie-768x421.jpg.webp 768w, https:\/\/9staedte.de\/wp-content\/smush-webp\/2023\/02\/Deutsche-Messe-Halle-19-c-Marc-Winkel-Fotografie.jpg.webp 1020w\" sizes=\"auto, (max-width: 300px) 100vw, 300px\" \/>                        <div class=\"thumbnail-label\">\n    <span>Deutsche Messe Halle 19 c) Marc Winkel Fotografie<\/span>\n    <\/div>\n                <\/div>\n                        <div class=\"contentKachel-content\">\n                                    <div class=\"city-tag bg-hannover\">\n                        Hannover                    <\/div>\n                \n                <div class=\"title\">\n\n                    Hannover Convention Bureau &#8211; Servicio perfecto de un solo proveedor                    \n                <\/div>\n\n                            <\/div>\n\n        <\/div>\n    <\/a>\n<\/div>                                                        \n<div class=\"contentKachel filtr-item\" data-category=\"hannover-es\">\n    <a href=\"https:\/\/9staedte.de\/es\/hanover-convention-and-events-bureau-portal-de-localizacion\/\">\n        <div class=\"contentKachel-inner\">\n                            <div class=\"contentKachel-thumbnail\">\n                    <img loading=\"lazy\" decoding=\"async\" width=\"300\" height=\"165\" src=\"https:\/\/9staedte.de\/wp-content\/smush-webp\/2022\/06\/Kuppelsaal-2-\u00a9-R.-Droese-300x165.jpg.webp\" class=\"objectfitcover withfilters wp-post-image\" alt=\"La imagen muestra una gran sala de conciertos. La sala es redonda. Hay muchos asientos de color violeta. El techo es alto y redondo. Del techo cuelgan grandes l\u00e1mparas. La sala se llama Kuppelsaal en el Hannover Congress Centrum.\" srcset=\"https:\/\/9staedte.de\/wp-content\/smush-webp\/2022\/06\/Kuppelsaal-2-\u00a9-R.-Droese-300x165.jpg.webp 300w, https:\/\/9staedte.de\/wp-content\/smush-webp\/2022\/06\/Kuppelsaal-2-\u00a9-R.-Droese-768x422.jpg.webp 768w, https:\/\/9staedte.de\/wp-content\/smush-webp\/2022\/06\/Kuppelsaal-2-\u00a9-R.-Droese.jpg.webp 1020w\" sizes=\"auto, (max-width: 300px) 100vw, 300px\" \/>                    <img loading=\"lazy\" decoding=\"async\" width=\"300\" height=\"165\" src=\"https:\/\/9staedte.de\/wp-content\/smush-webp\/2022\/06\/Kuppelsaal-2-\u00a9-R.-Droese-300x165.jpg.webp\" class=\"objectfitcontain wp-post-image\" alt=\"La imagen muestra una gran sala de conciertos. La sala es redonda. Hay muchos asientos de color violeta. El techo es alto y redondo. Del techo cuelgan grandes l\u00e1mparas. La sala se llama Kuppelsaal en el Hannover Congress Centrum.\" srcset=\"https:\/\/9staedte.de\/wp-content\/smush-webp\/2022\/06\/Kuppelsaal-2-\u00a9-R.-Droese-300x165.jpg.webp 300w, https:\/\/9staedte.de\/wp-content\/smush-webp\/2022\/06\/Kuppelsaal-2-\u00a9-R.-Droese-768x422.jpg.webp 768w, https:\/\/9staedte.de\/wp-content\/smush-webp\/2022\/06\/Kuppelsaal-2-\u00a9-R.-Droese.jpg.webp 1020w\" sizes=\"auto, (max-width: 300px) 100vw, 300px\" \/>                        <div class=\"thumbnail-label\">\n    <span>HCC Kuppelsaal c) R. Dr\u00f6se<\/span>\n    <\/div>\n                <\/div>\n                        <div class=\"contentKachel-content\">\n                                    <div class=\"city-tag bg-hannover\">\n                        Hannover                    <\/div>\n                \n                <div class=\"title\">\n\n                    Hanover Convention Bureau &#8211; Portal de localizaci\u00f3n                    \n                <\/div>\n\n                            <\/div>\n\n        <\/div>\n    <\/a>\n<\/div>                                                        \n<div class=\"contentKachel filtr-item\" data-category=\"hannover-es\">\n    <a href=\"https:\/\/9staedte.de\/es\/lugares-de-hannover-para-conferencias-ferias-y-congresos-en-360\/\">\n        <div class=\"contentKachel-inner\">\n                            <div class=\"contentKachel-thumbnail\">\n                    <img loading=\"lazy\" decoding=\"async\" width=\"300\" height=\"150\" src=\"https:\/\/9staedte.de\/wp-content\/smush-webp\/2023\/02\/Little-Planet-Messe-21-300x150.jpg.webp\" class=\"objectfitcover withfilters wp-post-image\" alt=\"La imagen muestra el recinto ferial de Hannover. Fue tomada con una c\u00e1mara especial. La imagen parece un peque\u00f1o mundo redondo. Hay un edificio grande de cristal. El cielo es azul con pocas nubes. En el centro hay una plaza de piedra. Parece un planeta peque\u00f1o visto desde arriba.\" srcset=\"https:\/\/9staedte.de\/wp-content\/smush-webp\/2023\/02\/Little-Planet-Messe-21-300x150.jpg.webp 300w, https:\/\/9staedte.de\/wp-content\/smush-webp\/2023\/02\/Little-Planet-Messe-21-768x384.jpg.webp 768w, https:\/\/9staedte.de\/wp-content\/smush-webp\/2023\/02\/Little-Planet-Messe-21.jpg.webp 1020w\" sizes=\"auto, (max-width: 300px) 100vw, 300px\" \/>                    <img loading=\"lazy\" decoding=\"async\" width=\"300\" height=\"150\" src=\"https:\/\/9staedte.de\/wp-content\/smush-webp\/2023\/02\/Little-Planet-Messe-21-300x150.jpg.webp\" class=\"objectfitcontain wp-post-image\" alt=\"La imagen muestra el recinto ferial de Hannover. Fue tomada con una c\u00e1mara especial. La imagen parece un peque\u00f1o mundo redondo. Hay un edificio grande de cristal. El cielo es azul con pocas nubes. En el centro hay una plaza de piedra. Parece un planeta peque\u00f1o visto desde arriba.\" srcset=\"https:\/\/9staedte.de\/wp-content\/smush-webp\/2023\/02\/Little-Planet-Messe-21-300x150.jpg.webp 300w, https:\/\/9staedte.de\/wp-content\/smush-webp\/2023\/02\/Little-Planet-Messe-21-768x384.jpg.webp 768w, https:\/\/9staedte.de\/wp-content\/smush-webp\/2023\/02\/Little-Planet-Messe-21.jpg.webp 1020w\" sizes=\"auto, (max-width: 300px) 100vw, 300px\" \/>                        <div class=\"thumbnail-label\">\n    <span>360\u00b0 Hannover Messegel\u00e4nde c) HMTG<\/span>\n    <\/div>\n                <\/div>\n                        <div class=\"contentKachel-content\">\n                                    <div class=\"city-tag bg-hannover\">\n                        Hannover                    <\/div>\n                \n                <div class=\"title\">\n\n                    Lugares de Hannover para conferencias, ferias y congresos en 360\u00b0.                    \n                <\/div>\n\n                            <\/div>\n\n        <\/div>\n    <\/a>\n<\/div>                                            <\/div>\r\n    <\/div>\r\n","protected":false},"excerpt":{"rendered":"","protected":false},"author":1,"featured_media":17125,"parent":18054,"menu_order":0,"comment_status":"closed","ping_status":"closed","template":"pagetemplates\/template-stadtthema.php","meta":{"_acf_changed":false,"footnotes":""},"categories":[],"tags":[],"ncap_cities_tax":[459,1166],"class_list":["post-17123","page","type-page","status-publish","has-post-thumbnail","hentry","ncap_cities_tax-hannover-es","ncap_cities_tax-tagungen-und-kongresse-hannover-es"],"acf":[],"yoast_head":"<!-- This site is optimized with the Yoast SEO plugin v27.4 - https:\/\/yoast.com\/product\/yoast-seo-wordpress\/ -->\n<title>Conferencias y congresos en Hannover - 9 St\u00e4dte in Niedersachsen<\/title>\n<meta name=\"robots\" content=\"index, follow, max-snippet:-1, max-image-preview:large, max-video-preview:-1\" \/>\n<link rel=\"canonical\" href=\"https:\/\/9staedte.de\/es\/hannover-capital-de-baja-sajonia\/conferencias-y-congresos-en-hannover\/\" \/>\n<meta property=\"og:locale\" content=\"es_ES\" \/>\n<meta property=\"og:type\" content=\"article\" \/>\n<meta property=\"og:title\" content=\"Conferencias y congresos en Hannover - 9 St\u00e4dte in Niedersachsen\" \/>\n<meta property=\"og:url\" content=\"https:\/\/9staedte.de\/es\/hannover-capital-de-baja-sajonia\/conferencias-y-congresos-en-hannover\/\" \/>\n<meta property=\"og:site_name\" content=\"9 St\u00e4dte in Niedersachsen\" \/>\n<meta property=\"article:modified_time\" content=\"2025-03-07T11:57:29+00:00\" \/>\n<meta property=\"og:image\" content=\"https:\/\/9staedte.de\/wp-content\/uploads\/2023\/02\/Veranstaltung-im-Schloss-Herrenhausen-c-Bjoern-Kuessner.jpg\" \/>\n\t<meta property=\"og:image:width\" content=\"1020\" \/>\n\t<meta property=\"og:image:height\" content=\"559\" \/>\n\t<meta property=\"og:image:type\" content=\"image\/jpeg\" \/>\n<meta name=\"twitter:card\" content=\"summary_large_image\" \/>\n<meta name=\"twitter:label1\" content=\"Tiempo de lectura\" \/>\n\t<meta name=\"twitter:data1\" content=\"1 minuto\" \/>\n<script type=\"application\/ld+json\" class=\"yoast-schema-graph\">{\"@context\":\"https:\\\/\\\/schema.org\",\"@graph\":[{\"@type\":\"WebPage\",\"@id\":\"https:\\\/\\\/9staedte.de\\\/es\\\/hannover-capital-de-baja-sajonia\\\/conferencias-y-congresos-en-hannover\\\/\",\"url\":\"https:\\\/\\\/9staedte.de\\\/es\\\/hannover-capital-de-baja-sajonia\\\/conferencias-y-congresos-en-hannover\\\/\",\"name\":\"Conferencias y congresos en Hannover - 9 St\u00e4dte in Niedersachsen\",\"isPartOf\":{\"@id\":\"https:\\\/\\\/9staedte.de\\\/es\\\/#website\"},\"primaryImageOfPage\":{\"@id\":\"https:\\\/\\\/9staedte.de\\\/es\\\/hannover-capital-de-baja-sajonia\\\/conferencias-y-congresos-en-hannover\\\/#primaryimage\"},\"image\":{\"@id\":\"https:\\\/\\\/9staedte.de\\\/es\\\/hannover-capital-de-baja-sajonia\\\/conferencias-y-congresos-en-hannover\\\/#primaryimage\"},\"thumbnailUrl\":\"https:\\\/\\\/9staedte.de\\\/wp-content\\\/uploads\\\/2023\\\/02\\\/Veranstaltung-im-Schloss-Herrenhausen-c-Bjoern-Kuessner.jpg\",\"datePublished\":\"2023-11-02T08:47:12+00:00\",\"dateModified\":\"2025-03-07T11:57:29+00:00\",\"breadcrumb\":{\"@id\":\"https:\\\/\\\/9staedte.de\\\/es\\\/hannover-capital-de-baja-sajonia\\\/conferencias-y-congresos-en-hannover\\\/#breadcrumb\"},\"inLanguage\":\"es\",\"potentialAction\":[{\"@type\":\"ReadAction\",\"target\":[\"https:\\\/\\\/9staedte.de\\\/es\\\/hannover-capital-de-baja-sajonia\\\/conferencias-y-congresos-en-hannover\\\/\"]}]},{\"@type\":\"ImageObject\",\"inLanguage\":\"es\",\"@id\":\"https:\\\/\\\/9staedte.de\\\/es\\\/hannover-capital-de-baja-sajonia\\\/conferencias-y-congresos-en-hannover\\\/#primaryimage\",\"url\":\"https:\\\/\\\/9staedte.de\\\/wp-content\\\/uploads\\\/2023\\\/02\\\/Veranstaltung-im-Schloss-Herrenhausen-c-Bjoern-Kuessner.jpg\",\"contentUrl\":\"https:\\\/\\\/9staedte.de\\\/wp-content\\\/uploads\\\/2023\\\/02\\\/Veranstaltung-im-Schloss-Herrenhausen-c-Bjoern-Kuessner.jpg\",\"width\":1020,\"height\":559,\"caption\":\"Veranstaltung im Schloss Herrenhausen c) Bj\u00f6rn K\u00fcssner\"},{\"@type\":\"BreadcrumbList\",\"@id\":\"https:\\\/\\\/9staedte.de\\\/es\\\/hannover-capital-de-baja-sajonia\\\/conferencias-y-congresos-en-hannover\\\/#breadcrumb\",\"itemListElement\":[{\"@type\":\"ListItem\",\"position\":1,\"name\":\"Startseite\",\"item\":\"https:\\\/\\\/9staedte.de\\\/es\\\/\"},{\"@type\":\"ListItem\",\"position\":2,\"name\":\"Hannover &#8211; Capital de Baja Sajonia\",\"item\":\"https:\\\/\\\/9staedte.de\\\/es\\\/hannover-capital-de-baja-sajonia\\\/\"},{\"@type\":\"ListItem\",\"position\":3,\"name\":\"Conferencias y congresos en Hannover\"}]},{\"@type\":\"WebSite\",\"@id\":\"https:\\\/\\\/9staedte.de\\\/es\\\/#website\",\"url\":\"https:\\\/\\\/9staedte.de\\\/es\\\/\",\"name\":\"9 St\u00e4dte in Niedersachsen\",\"description\":\"\",\"publisher\":{\"@id\":\"https:\\\/\\\/9staedte.de\\\/es\\\/#organization\"},\"potentialAction\":[{\"@type\":\"SearchAction\",\"target\":{\"@type\":\"EntryPoint\",\"urlTemplate\":\"https:\\\/\\\/9staedte.de\\\/es\\\/?s={search_term_string}\"},\"query-input\":{\"@type\":\"PropertyValueSpecification\",\"valueRequired\":true,\"valueName\":\"search_term_string\"}}],\"inLanguage\":\"es\"},{\"@type\":\"Organization\",\"@id\":\"https:\\\/\\\/9staedte.de\\\/es\\\/#organization\",\"name\":\"9 St\u00e4dte in Niedersachsen\",\"url\":\"https:\\\/\\\/9staedte.de\\\/es\\\/\",\"logo\":{\"@type\":\"ImageObject\",\"inLanguage\":\"es\",\"@id\":\"https:\\\/\\\/9staedte.de\\\/es\\\/#\\\/schema\\\/logo\\\/image\\\/\",\"url\":\"https:\\\/\\\/9staedte.de\\\/wp-content\\\/uploads\\\/2025\\\/01\\\/9-neg-deutsch-2-1.png\",\"contentUrl\":\"https:\\\/\\\/9staedte.de\\\/wp-content\\\/uploads\\\/2025\\\/01\\\/9-neg-deutsch-2-1.png\",\"width\":190,\"height\":114,\"caption\":\"9 St\u00e4dte in Niedersachsen\"},\"image\":{\"@id\":\"https:\\\/\\\/9staedte.de\\\/es\\\/#\\\/schema\\\/logo\\\/image\\\/\"}}]}<\/script>\n<!-- \/ Yoast SEO plugin. -->","yoast_head_json":{"title":"Conferencias y congresos en Hannover - 9 St\u00e4dte in Niedersachsen","robots":{"index":"index","follow":"follow","max-snippet":"max-snippet:-1","max-image-preview":"max-image-preview:large","max-video-preview":"max-video-preview:-1"},"canonical":"https:\/\/9staedte.de\/es\/hannover-capital-de-baja-sajonia\/conferencias-y-congresos-en-hannover\/","og_locale":"es_ES","og_type":"article","og_title":"Conferencias y congresos en Hannover - 9 St\u00e4dte in Niedersachsen","og_url":"https:\/\/9staedte.de\/es\/hannover-capital-de-baja-sajonia\/conferencias-y-congresos-en-hannover\/","og_site_name":"9 St\u00e4dte in Niedersachsen","article_modified_time":"2025-03-07T11:57:29+00:00","og_image":[{"width":1020,"height":559,"url":"https:\/\/9staedte.de\/wp-content\/uploads\/2023\/02\/Veranstaltung-im-Schloss-Herrenhausen-c-Bjoern-Kuessner.jpg","type":"image\/jpeg"}],"twitter_card":"summary_large_image","twitter_misc":{"Tiempo de lectura":"1 minuto"},"schema":{"@context":"https:\/\/schema.org","@graph":[{"@type":"WebPage","@id":"https:\/\/9staedte.de\/es\/hannover-capital-de-baja-sajonia\/conferencias-y-congresos-en-hannover\/","url":"https:\/\/9staedte.de\/es\/hannover-capital-de-baja-sajonia\/conferencias-y-congresos-en-hannover\/","name":"Conferencias y congresos en Hannover - 9 St\u00e4dte in Niedersachsen","isPartOf":{"@id":"https:\/\/9staedte.de\/es\/#website"},"primaryImageOfPage":{"@id":"https:\/\/9staedte.de\/es\/hannover-capital-de-baja-sajonia\/conferencias-y-congresos-en-hannover\/#primaryimage"},"image":{"@id":"https:\/\/9staedte.de\/es\/hannover-capital-de-baja-sajonia\/conferencias-y-congresos-en-hannover\/#primaryimage"},"thumbnailUrl":"https:\/\/9staedte.de\/wp-content\/uploads\/2023\/02\/Veranstaltung-im-Schloss-Herrenhausen-c-Bjoern-Kuessner.jpg","datePublished":"2023-11-02T08:47:12+00:00","dateModified":"2025-03-07T11:57:29+00:00","breadcrumb":{"@id":"https:\/\/9staedte.de\/es\/hannover-capital-de-baja-sajonia\/conferencias-y-congresos-en-hannover\/#breadcrumb"},"inLanguage":"es","potentialAction":[{"@type":"ReadAction","target":["https:\/\/9staedte.de\/es\/hannover-capital-de-baja-sajonia\/conferencias-y-congresos-en-hannover\/"]}]},{"@type":"ImageObject","inLanguage":"es","@id":"https:\/\/9staedte.de\/es\/hannover-capital-de-baja-sajonia\/conferencias-y-congresos-en-hannover\/#primaryimage","url":"https:\/\/9staedte.de\/wp-content\/uploads\/2023\/02\/Veranstaltung-im-Schloss-Herrenhausen-c-Bjoern-Kuessner.jpg","contentUrl":"https:\/\/9staedte.de\/wp-content\/uploads\/2023\/02\/Veranstaltung-im-Schloss-Herrenhausen-c-Bjoern-Kuessner.jpg","width":1020,"height":559,"caption":"Veranstaltung im Schloss Herrenhausen c) Bj\u00f6rn K\u00fcssner"},{"@type":"BreadcrumbList","@id":"https:\/\/9staedte.de\/es\/hannover-capital-de-baja-sajonia\/conferencias-y-congresos-en-hannover\/#breadcrumb","itemListElement":[{"@type":"ListItem","position":1,"name":"Startseite","item":"https:\/\/9staedte.de\/es\/"},{"@type":"ListItem","position":2,"name":"Hannover &#8211; Capital de Baja Sajonia","item":"https:\/\/9staedte.de\/es\/hannover-capital-de-baja-sajonia\/"},{"@type":"ListItem","position":3,"name":"Conferencias y congresos en Hannover"}]},{"@type":"WebSite","@id":"https:\/\/9staedte.de\/es\/#website","url":"https:\/\/9staedte.de\/es\/","name":"9 St\u00e4dte in Niedersachsen","description":"","publisher":{"@id":"https:\/\/9staedte.de\/es\/#organization"},"potentialAction":[{"@type":"SearchAction","target":{"@type":"EntryPoint","urlTemplate":"https:\/\/9staedte.de\/es\/?s={search_term_string}"},"query-input":{"@type":"PropertyValueSpecification","valueRequired":true,"valueName":"search_term_string"}}],"inLanguage":"es"},{"@type":"Organization","@id":"https:\/\/9staedte.de\/es\/#organization","name":"9 St\u00e4dte in Niedersachsen","url":"https:\/\/9staedte.de\/es\/","logo":{"@type":"ImageObject","inLanguage":"es","@id":"https:\/\/9staedte.de\/es\/#\/schema\/logo\/image\/","url":"https:\/\/9staedte.de\/wp-content\/uploads\/2025\/01\/9-neg-deutsch-2-1.png","contentUrl":"https:\/\/9staedte.de\/wp-content\/uploads\/2025\/01\/9-neg-deutsch-2-1.png","width":190,"height":114,"caption":"9 St\u00e4dte in Niedersachsen"},"image":{"@id":"https:\/\/9staedte.de\/es\/#\/schema\/logo\/image\/"}}]}},"_links":{"self":[{"href":"https:\/\/9staedte.de\/es\/wp-json\/wp\/v2\/pages\/17123","targetHints":{"allow":["GET"]}}],"collection":[{"href":"https:\/\/9staedte.de\/es\/wp-json\/wp\/v2\/pages"}],"about":[{"href":"https:\/\/9staedte.de\/es\/wp-json\/wp\/v2\/types\/page"}],"author":[{"embeddable":true,"href":"https:\/\/9staedte.de\/es\/wp-json\/wp\/v2\/users\/1"}],"replies":[{"embeddable":true,"href":"https:\/\/9staedte.de\/es\/wp-json\/wp\/v2\/comments?post=17123"}],"version-history":[{"count":2,"href":"https:\/\/9staedte.de\/es\/wp-json\/wp\/v2\/pages\/17123\/revisions"}],"predecessor-version":[{"id":24884,"href":"https:\/\/9staedte.de\/es\/wp-json\/wp\/v2\/pages\/17123\/revisions\/24884"}],"up":[{"embeddable":true,"href":"https:\/\/9staedte.de\/es\/wp-json\/wp\/v2\/pages\/18054"}],"wp:featuredmedia":[{"embeddable":true,"href":"https:\/\/9staedte.de\/es\/wp-json\/wp\/v2\/media\/17125"}],"wp:attachment":[{"href":"https:\/\/9staedte.de\/es\/wp-json\/wp\/v2\/media?parent=17123"}],"wp:term":[{"taxonomy":"category","embeddable":true,"href":"https:\/\/9staedte.de\/es\/wp-json\/wp\/v2\/categories?post=17123"},{"taxonomy":"post_tag","embeddable":true,"href":"https:\/\/9staedte.de\/es\/wp-json\/wp\/v2\/tags?post=17123"},{"taxonomy":"ncap_cities_tax","embeddable":true,"href":"https:\/\/9staedte.de\/es\/wp-json\/wp\/v2\/ncap_cities_tax?post=17123"}],"curies":[{"name":"wp","href":"https:\/\/api.w.org\/{rel}","templated":true}]}}