{"id":17118,"date":"2023-11-02T09:47:10","date_gmt":"2023-11-02T08:47:10","guid":{"rendered":"https:\/\/9staedte.de\/informacion-sobre-guias-turisticos-y-excursiones-en-hannover\/"},"modified":"2025-05-09T12:27:13","modified_gmt":"2025-05-09T10:27:13","slug":"informacion-sobre-guias-turisticos-y-excursiones-en-hannover","status":"publish","type":"page","link":"https:\/\/9staedte.de\/es\/hannover-capital-de-baja-sajonia\/informacion-sobre-guias-turisticos-y-excursiones-en-hannover\/","title":{"rendered":"Informaci\u00f3n sobre gu\u00edas tur\u00edsticos y excursiones en Hannover"},"content":{"rendered":"\n<h3 class=\"wp-block-heading\">Precios y ofertas:<\/h3>\n\n\n\n<h3 class=\"wp-block-heading\">1. misiones de asistencia en un idioma extranjero<\/h3>\n\n\n\n<p>(por ejemplo, asistentes de traslado, recepci\u00f3n en el aeropuerto, etc.)<\/p>\n\n\n\n<p>hasta 2 horas:\u00a0<br>Precio: 140,- euros<br>Cada hora o parte de hora adicional: 65,- euros.<\/p>\n\n\n\n<h3 class=\"wp-block-heading\">2. misi\u00f3n de asistencia \/ compa\u00f1ero de viajeen un i dioma extranjero*.<\/h3>\n\n\n\n<p>Media jornada \/ hasta 4 horas:<br>Precio: 225,- euros<br>Cada hora o parte de hora adicional: 65,- euros.<\/p>\n\n\n\n<p>d\u00eda completo \/ 8 horas:<br>Precio: 395,- euros<\/p>\n\n\n\n<p>* Sin embargo, esto no es<br>gu\u00edas tur\u00edsticos certificados.<\/p>\n\n\n\n<h3 class=\"wp-block-heading\">3. ayuda a la traducci\u00f3n<\/h3>\n\n\n\n<p>(visitas a empresas, ferias, etc.)<\/p>\n\n\n\n<p>Hasta 2 horas de funcionamiento:<br>Precio: 185,- euros<br>Cada hora o parte de hora adicional: 65,- euros.<br>medio d\u00eda \/ 4 horas: 315,- euros<br>d\u00eda completo \/ 8 horas: 430,- euros<\/p>\n\n\n\n<p>Asignaciones para todas las tareas anteriores:<\/p>\n\n\n\n<p>Recargo por puntos de encuentro de dif\u00edcil acceso y fuera de la ciudad m\u00e1s 50,- euros (tarifa plana)<br>Esto se aplica igualmente a los puntos de salida\/llegada mal situados en\u00a0.<\/p>\n\n\n\n<h4 class=\"wp-block-heading\">Suplemento nocturno:<\/h4>\n\n\n\n<p>para operaciones entre las 22.00 y las 06.00 horas<br>Por cada hora o fracci\u00f3n de hora, se cobrar\u00e1 un recargo de<br>de la hora extra se cobrar\u00e1.<br>&#8211; En el caso de misiones m\u00e1s largas, los gastos imprevistos incurridos<br>(por ejemplo, gastos de viaje, aparcamiento, comidas, alojamiento, etc.) se cobrar\u00e1n adicionalmente.<\/p>\n\n\n\n<h4 class=\"wp-block-heading\">Tasa de colocaci\u00f3n\/tramitaci\u00f3n<\/h4>\n\n\n\n<p>Dependiendo del tama\u00f1o del pedido, se cobrar\u00e1 una tasa de agencia\/manipulaci\u00f3n, excepto en el caso de las reservas de visitas guiadas puramente urbanas.<\/p>\n\n\n\n<p>Idiomas extranjeros a petici\u00f3n.<br>(ingl\u00e9s, franc\u00e9s, espa\u00f1ol, italiano, portugu\u00e9s, neerland\u00e9s, ruso, polaco, b\u00falgaro, japon\u00e9s, etc.)<\/p>\n\n\n\n<h4 class=\"wp-block-heading\">Reservas con:<\/h4>\n\n\n\n<p>Hannover Marketing &amp; Tourism GmbH<br>Escapadas urbanas<br>Vahrenwalder Stra\u00dfe 7<br>30165 Hannover<br>Tel.: +49 (0) 511\/12345-333<br>Fax:&nbsp; +49 (0) 511\/12345-334<br>Correo electr\u00f3nico:&nbsp;<a href=\"mailto:staedtereisen@hannover-tourismus.de\" target=\"_blank\" rel=\"noreferrer noopener\">staedtereise@hannover-tourismus.de<\/a><br>Internet:<a href=\"http:\/\/www.visit-hannover.com\/\">&nbsp;www.visit-hannover.com<\/a><\/p>\n","protected":false},"excerpt":{"rendered":"<p>Precios y ofertas: 1. misiones de asistencia en un idioma extranjero (por ejemplo, asistentes de traslado, recepci\u00f3n en el aeropuerto, etc.) hasta 2 horas:\u00a0Precio: 140,- eurosCada hora o parte de hora adicional: 65,- euros. 2. misi\u00f3n de asistencia \/ compa\u00f1ero de viajeen un i dioma extranjero*. Media jornada \/ hasta 4 horas:Precio: 225,- eurosCada hora [&hellip;]<\/p>\n","protected":false},"author":1,"featured_media":16473,"parent":18054,"menu_order":0,"comment_status":"closed","ping_status":"closed","template":"pagetemplates\/template-stadtthema.php","meta":{"_acf_changed":false,"footnotes":""},"categories":[],"tags":[],"ncap_cities_tax":[459,1299],"class_list":["post-17118","page","type-page","status-publish","has-post-thumbnail","hentry","ncap_cities_tax-hannover-es","ncap_cities_tax-reiseleitung-und-ausflugen-hannover-es"],"acf":[],"yoast_head":"<!-- This site is optimized with the Yoast SEO plugin v27.4 - https:\/\/yoast.com\/product\/yoast-seo-wordpress\/ -->\n<title>Informaci\u00f3n sobre gu\u00edas tur\u00edsticos y excursiones en Hannover - 9 St\u00e4dte in Niedersachsen<\/title>\n<meta name=\"robots\" content=\"index, follow, max-snippet:-1, max-image-preview:large, max-video-preview:-1\" \/>\n<link rel=\"canonical\" href=\"https:\/\/9staedte.de\/es\/hannover-capital-de-baja-sajonia\/informacion-sobre-guias-turisticos-y-excursiones-en-hannover\/\" \/>\n<meta property=\"og:locale\" content=\"es_ES\" \/>\n<meta property=\"og:type\" content=\"article\" \/>\n<meta property=\"og:title\" content=\"Informaci\u00f3n sobre gu\u00edas tur\u00edsticos y excursiones en Hannover - 9 St\u00e4dte in Niedersachsen\" \/>\n<meta property=\"og:description\" content=\"Precios y ofertas: 1. misiones de asistencia en un idioma extranjero (por ejemplo, asistentes de traslado, recepci\u00f3n en el aeropuerto, etc.) hasta 2 horas:\u00a0Precio: 140,- eurosCada hora o parte de hora adicional: 65,- euros. 2. misi\u00f3n de asistencia \/ compa\u00f1ero de viajeen un i dioma extranjero*. Media jornada \/ hasta 4 horas:Precio: 225,- eurosCada hora [&hellip;]\" \/>\n<meta property=\"og:url\" content=\"https:\/\/9staedte.de\/es\/hannover-capital-de-baja-sajonia\/informacion-sobre-guias-turisticos-y-excursiones-en-hannover\/\" \/>\n<meta property=\"og:site_name\" content=\"9 St\u00e4dte in Niedersachsen\" \/>\n<meta property=\"article:modified_time\" content=\"2025-05-09T10:27:13+00:00\" \/>\n<meta property=\"og:image\" content=\"https:\/\/9staedte.de\/wp-content\/uploads\/2022\/03\/Schloss-Marienburg-c-HMTG-Michael-Abid.jpg\" \/>\n\t<meta property=\"og:image:width\" content=\"1019\" \/>\n\t<meta property=\"og:image:height\" content=\"554\" \/>\n\t<meta property=\"og:image:type\" content=\"image\/jpeg\" \/>\n<meta name=\"twitter:card\" content=\"summary_large_image\" \/>\n<meta name=\"twitter:label1\" content=\"Tiempo de lectura\" \/>\n\t<meta name=\"twitter:data1\" content=\"2 minutos\" \/>\n<script type=\"application\/ld+json\" class=\"yoast-schema-graph\">{\"@context\":\"https:\\\/\\\/schema.org\",\"@graph\":[{\"@type\":\"WebPage\",\"@id\":\"https:\\\/\\\/9staedte.de\\\/es\\\/hannover-capital-de-baja-sajonia\\\/informacion-sobre-guias-turisticos-y-excursiones-en-hannover\\\/\",\"url\":\"https:\\\/\\\/9staedte.de\\\/es\\\/hannover-capital-de-baja-sajonia\\\/informacion-sobre-guias-turisticos-y-excursiones-en-hannover\\\/\",\"name\":\"Informaci\u00f3n sobre gu\u00edas tur\u00edsticos y excursiones en Hannover - 9 St\u00e4dte in Niedersachsen\",\"isPartOf\":{\"@id\":\"https:\\\/\\\/9staedte.de\\\/es\\\/#website\"},\"primaryImageOfPage\":{\"@id\":\"https:\\\/\\\/9staedte.de\\\/es\\\/hannover-capital-de-baja-sajonia\\\/informacion-sobre-guias-turisticos-y-excursiones-en-hannover\\\/#primaryimage\"},\"image\":{\"@id\":\"https:\\\/\\\/9staedte.de\\\/es\\\/hannover-capital-de-baja-sajonia\\\/informacion-sobre-guias-turisticos-y-excursiones-en-hannover\\\/#primaryimage\"},\"thumbnailUrl\":\"https:\\\/\\\/9staedte.de\\\/wp-content\\\/uploads\\\/2022\\\/03\\\/Schloss-Marienburg-c-HMTG-Michael-Abid.jpg\",\"datePublished\":\"2023-11-02T08:47:10+00:00\",\"dateModified\":\"2025-05-09T10:27:13+00:00\",\"breadcrumb\":{\"@id\":\"https:\\\/\\\/9staedte.de\\\/es\\\/hannover-capital-de-baja-sajonia\\\/informacion-sobre-guias-turisticos-y-excursiones-en-hannover\\\/#breadcrumb\"},\"inLanguage\":\"es\",\"potentialAction\":[{\"@type\":\"ReadAction\",\"target\":[\"https:\\\/\\\/9staedte.de\\\/es\\\/hannover-capital-de-baja-sajonia\\\/informacion-sobre-guias-turisticos-y-excursiones-en-hannover\\\/\"]}]},{\"@type\":\"ImageObject\",\"inLanguage\":\"es\",\"@id\":\"https:\\\/\\\/9staedte.de\\\/es\\\/hannover-capital-de-baja-sajonia\\\/informacion-sobre-guias-turisticos-y-excursiones-en-hannover\\\/#primaryimage\",\"url\":\"https:\\\/\\\/9staedte.de\\\/wp-content\\\/uploads\\\/2022\\\/03\\\/Schloss-Marienburg-c-HMTG-Michael-Abid.jpg\",\"contentUrl\":\"https:\\\/\\\/9staedte.de\\\/wp-content\\\/uploads\\\/2022\\\/03\\\/Schloss-Marienburg-c-HMTG-Michael-Abid.jpg\",\"width\":1019,\"height\":554,\"caption\":\"Schloss Marienburg c) HMTG Michael Abid\"},{\"@type\":\"BreadcrumbList\",\"@id\":\"https:\\\/\\\/9staedte.de\\\/es\\\/hannover-capital-de-baja-sajonia\\\/informacion-sobre-guias-turisticos-y-excursiones-en-hannover\\\/#breadcrumb\",\"itemListElement\":[{\"@type\":\"ListItem\",\"position\":1,\"name\":\"Startseite\",\"item\":\"https:\\\/\\\/9staedte.de\\\/es\\\/\"},{\"@type\":\"ListItem\",\"position\":2,\"name\":\"Hannover &#8211; Capital de Baja Sajonia\",\"item\":\"https:\\\/\\\/9staedte.de\\\/es\\\/hannover-capital-de-baja-sajonia\\\/\"},{\"@type\":\"ListItem\",\"position\":3,\"name\":\"Informaci\u00f3n sobre gu\u00edas tur\u00edsticos y excursiones en Hannover\"}]},{\"@type\":\"WebSite\",\"@id\":\"https:\\\/\\\/9staedte.de\\\/es\\\/#website\",\"url\":\"https:\\\/\\\/9staedte.de\\\/es\\\/\",\"name\":\"9 St\u00e4dte in Niedersachsen\",\"description\":\"\",\"publisher\":{\"@id\":\"https:\\\/\\\/9staedte.de\\\/es\\\/#organization\"},\"potentialAction\":[{\"@type\":\"SearchAction\",\"target\":{\"@type\":\"EntryPoint\",\"urlTemplate\":\"https:\\\/\\\/9staedte.de\\\/es\\\/?s={search_term_string}\"},\"query-input\":{\"@type\":\"PropertyValueSpecification\",\"valueRequired\":true,\"valueName\":\"search_term_string\"}}],\"inLanguage\":\"es\"},{\"@type\":\"Organization\",\"@id\":\"https:\\\/\\\/9staedte.de\\\/es\\\/#organization\",\"name\":\"9 St\u00e4dte in Niedersachsen\",\"url\":\"https:\\\/\\\/9staedte.de\\\/es\\\/\",\"logo\":{\"@type\":\"ImageObject\",\"inLanguage\":\"es\",\"@id\":\"https:\\\/\\\/9staedte.de\\\/es\\\/#\\\/schema\\\/logo\\\/image\\\/\",\"url\":\"https:\\\/\\\/9staedte.de\\\/wp-content\\\/uploads\\\/2025\\\/01\\\/9-neg-deutsch-2-1.png\",\"contentUrl\":\"https:\\\/\\\/9staedte.de\\\/wp-content\\\/uploads\\\/2025\\\/01\\\/9-neg-deutsch-2-1.png\",\"width\":190,\"height\":114,\"caption\":\"9 St\u00e4dte in Niedersachsen\"},\"image\":{\"@id\":\"https:\\\/\\\/9staedte.de\\\/es\\\/#\\\/schema\\\/logo\\\/image\\\/\"}}]}<\/script>\n<!-- \/ Yoast SEO plugin. -->","yoast_head_json":{"title":"Informaci\u00f3n sobre gu\u00edas tur\u00edsticos y excursiones en Hannover - 9 St\u00e4dte in Niedersachsen","robots":{"index":"index","follow":"follow","max-snippet":"max-snippet:-1","max-image-preview":"max-image-preview:large","max-video-preview":"max-video-preview:-1"},"canonical":"https:\/\/9staedte.de\/es\/hannover-capital-de-baja-sajonia\/informacion-sobre-guias-turisticos-y-excursiones-en-hannover\/","og_locale":"es_ES","og_type":"article","og_title":"Informaci\u00f3n sobre gu\u00edas tur\u00edsticos y excursiones en Hannover - 9 St\u00e4dte in Niedersachsen","og_description":"Precios y ofertas: 1. misiones de asistencia en un idioma extranjero (por ejemplo, asistentes de traslado, recepci\u00f3n en el aeropuerto, etc.) hasta 2 horas:\u00a0Precio: 140,- eurosCada hora o parte de hora adicional: 65,- euros. 2. misi\u00f3n de asistencia \/ compa\u00f1ero de viajeen un i dioma extranjero*. Media jornada \/ hasta 4 horas:Precio: 225,- eurosCada hora [&hellip;]","og_url":"https:\/\/9staedte.de\/es\/hannover-capital-de-baja-sajonia\/informacion-sobre-guias-turisticos-y-excursiones-en-hannover\/","og_site_name":"9 St\u00e4dte in Niedersachsen","article_modified_time":"2025-05-09T10:27:13+00:00","og_image":[{"width":1019,"height":554,"url":"https:\/\/9staedte.de\/wp-content\/uploads\/2022\/03\/Schloss-Marienburg-c-HMTG-Michael-Abid.jpg","type":"image\/jpeg"}],"twitter_card":"summary_large_image","twitter_misc":{"Tiempo de lectura":"2 minutos"},"schema":{"@context":"https:\/\/schema.org","@graph":[{"@type":"WebPage","@id":"https:\/\/9staedte.de\/es\/hannover-capital-de-baja-sajonia\/informacion-sobre-guias-turisticos-y-excursiones-en-hannover\/","url":"https:\/\/9staedte.de\/es\/hannover-capital-de-baja-sajonia\/informacion-sobre-guias-turisticos-y-excursiones-en-hannover\/","name":"Informaci\u00f3n sobre gu\u00edas tur\u00edsticos y excursiones en Hannover - 9 St\u00e4dte in Niedersachsen","isPartOf":{"@id":"https:\/\/9staedte.de\/es\/#website"},"primaryImageOfPage":{"@id":"https:\/\/9staedte.de\/es\/hannover-capital-de-baja-sajonia\/informacion-sobre-guias-turisticos-y-excursiones-en-hannover\/#primaryimage"},"image":{"@id":"https:\/\/9staedte.de\/es\/hannover-capital-de-baja-sajonia\/informacion-sobre-guias-turisticos-y-excursiones-en-hannover\/#primaryimage"},"thumbnailUrl":"https:\/\/9staedte.de\/wp-content\/uploads\/2022\/03\/Schloss-Marienburg-c-HMTG-Michael-Abid.jpg","datePublished":"2023-11-02T08:47:10+00:00","dateModified":"2025-05-09T10:27:13+00:00","breadcrumb":{"@id":"https:\/\/9staedte.de\/es\/hannover-capital-de-baja-sajonia\/informacion-sobre-guias-turisticos-y-excursiones-en-hannover\/#breadcrumb"},"inLanguage":"es","potentialAction":[{"@type":"ReadAction","target":["https:\/\/9staedte.de\/es\/hannover-capital-de-baja-sajonia\/informacion-sobre-guias-turisticos-y-excursiones-en-hannover\/"]}]},{"@type":"ImageObject","inLanguage":"es","@id":"https:\/\/9staedte.de\/es\/hannover-capital-de-baja-sajonia\/informacion-sobre-guias-turisticos-y-excursiones-en-hannover\/#primaryimage","url":"https:\/\/9staedte.de\/wp-content\/uploads\/2022\/03\/Schloss-Marienburg-c-HMTG-Michael-Abid.jpg","contentUrl":"https:\/\/9staedte.de\/wp-content\/uploads\/2022\/03\/Schloss-Marienburg-c-HMTG-Michael-Abid.jpg","width":1019,"height":554,"caption":"Schloss Marienburg c) HMTG Michael Abid"},{"@type":"BreadcrumbList","@id":"https:\/\/9staedte.de\/es\/hannover-capital-de-baja-sajonia\/informacion-sobre-guias-turisticos-y-excursiones-en-hannover\/#breadcrumb","itemListElement":[{"@type":"ListItem","position":1,"name":"Startseite","item":"https:\/\/9staedte.de\/es\/"},{"@type":"ListItem","position":2,"name":"Hannover &#8211; Capital de Baja Sajonia","item":"https:\/\/9staedte.de\/es\/hannover-capital-de-baja-sajonia\/"},{"@type":"ListItem","position":3,"name":"Informaci\u00f3n sobre gu\u00edas tur\u00edsticos y excursiones en Hannover"}]},{"@type":"WebSite","@id":"https:\/\/9staedte.de\/es\/#website","url":"https:\/\/9staedte.de\/es\/","name":"9 St\u00e4dte in Niedersachsen","description":"","publisher":{"@id":"https:\/\/9staedte.de\/es\/#organization"},"potentialAction":[{"@type":"SearchAction","target":{"@type":"EntryPoint","urlTemplate":"https:\/\/9staedte.de\/es\/?s={search_term_string}"},"query-input":{"@type":"PropertyValueSpecification","valueRequired":true,"valueName":"search_term_string"}}],"inLanguage":"es"},{"@type":"Organization","@id":"https:\/\/9staedte.de\/es\/#organization","name":"9 St\u00e4dte in Niedersachsen","url":"https:\/\/9staedte.de\/es\/","logo":{"@type":"ImageObject","inLanguage":"es","@id":"https:\/\/9staedte.de\/es\/#\/schema\/logo\/image\/","url":"https:\/\/9staedte.de\/wp-content\/uploads\/2025\/01\/9-neg-deutsch-2-1.png","contentUrl":"https:\/\/9staedte.de\/wp-content\/uploads\/2025\/01\/9-neg-deutsch-2-1.png","width":190,"height":114,"caption":"9 St\u00e4dte in Niedersachsen"},"image":{"@id":"https:\/\/9staedte.de\/es\/#\/schema\/logo\/image\/"}}]}},"_links":{"self":[{"href":"https:\/\/9staedte.de\/es\/wp-json\/wp\/v2\/pages\/17118","targetHints":{"allow":["GET"]}}],"collection":[{"href":"https:\/\/9staedte.de\/es\/wp-json\/wp\/v2\/pages"}],"about":[{"href":"https:\/\/9staedte.de\/es\/wp-json\/wp\/v2\/types\/page"}],"author":[{"embeddable":true,"href":"https:\/\/9staedte.de\/es\/wp-json\/wp\/v2\/users\/1"}],"replies":[{"embeddable":true,"href":"https:\/\/9staedte.de\/es\/wp-json\/wp\/v2\/comments?post=17118"}],"version-history":[{"count":2,"href":"https:\/\/9staedte.de\/es\/wp-json\/wp\/v2\/pages\/17118\/revisions"}],"predecessor-version":[{"id":25682,"href":"https:\/\/9staedte.de\/es\/wp-json\/wp\/v2\/pages\/17118\/revisions\/25682"}],"up":[{"embeddable":true,"href":"https:\/\/9staedte.de\/es\/wp-json\/wp\/v2\/pages\/18054"}],"wp:featuredmedia":[{"embeddable":true,"href":"https:\/\/9staedte.de\/es\/wp-json\/wp\/v2\/media\/16473"}],"wp:attachment":[{"href":"https:\/\/9staedte.de\/es\/wp-json\/wp\/v2\/media?parent=17118"}],"wp:term":[{"taxonomy":"category","embeddable":true,"href":"https:\/\/9staedte.de\/es\/wp-json\/wp\/v2\/categories?post=17118"},{"taxonomy":"post_tag","embeddable":true,"href":"https:\/\/9staedte.de\/es\/wp-json\/wp\/v2\/tags?post=17118"},{"taxonomy":"ncap_cities_tax","embeddable":true,"href":"https:\/\/9staedte.de\/es\/wp-json\/wp\/v2\/ncap_cities_tax?post=17118"}],"curies":[{"name":"wp","href":"https:\/\/api.w.org\/{rel}","templated":true}]}}