{"id":17096,"date":"2023-11-02T09:47:06","date_gmt":"2023-11-02T08:47:06","guid":{"rendered":"https:\/\/9staedte.de\/conferencias-y-congresos-en-hildesheim\/"},"modified":"2023-11-02T18:16:54","modified_gmt":"2023-11-02T17:16:54","slug":"conferencias-y-congresos-en-hildesheim","status":"publish","type":"page","link":"https:\/\/9staedte.de\/es\/hildesheim-ciudad-patrimonio-de-la-humanidad-de-la-unesco\/conferencias-y-congresos-en-hildesheim\/","title":{"rendered":"Conferencias y congresos en Hildesheim"},"content":{"rendered":"\n<h2 class=\"wp-block-heading\">Su pr\u00f3ximo evento en Hildesheim<\/h2>\n\n\n\n<p>Al igual que la propia ciudad, los hoteles y emplazamientos para conferencias en Hildesheim son tan diversos: conferencias en hoteles elegantes, presentaciones efectivas en modernas salas de eventos o emplazamientos ins\u00f3litos, conferencias en el museo, charlas especializadas en el Patrimonio de la Humanidad de la UNESCO, jornadas de mediaci\u00f3n en el monasterio o ciclos de conferencias en la universidad: Hildesheim ofrece un entorno atractivo y estructuras de servicios profesionales para debates especializados, conferencias y congresos.<\/p>\n\n\n\n\n<div class=\"banner-wrapper\">\n  <div class=\"banner-inner \">\n      <div class=\"img-container\">\n      <div class=\"img-wrapper\">\n        <img decoding=\"async\" src=\"https:\/\/9staedte.de\/wp-content\/smush-webp\/2023\/07\/Pelizaeus-Pavillon_Aussicht-c-RPM.jpg.webp\" alt=\"En la imagen hay una mesa decorada para una fiesta. Est\u00e1 en una sala con pared de cristal. Fuera hay mesas y sillas en una terraza. Al fondo se ven techos rojos y un castillo antiguo. La vista es bonita.\" \/>\n                  <div class=\"thumbnail-label\">\n            <span>Pelizeaus Pavillon im Roemer-  und Pelizeaus Museum <\/span>\n          <\/div>\n              <\/div>\n    <\/div>\n        <div class=\"text-container\">\n      <div class=\"content\">\n        <p><strong>Mit diesen 9 Tipps f\u00fcr Tagungen und Kongresse in Hildesheim : <\/strong><\/p>\n<p>\u2013  N\u00e4he zum gr\u00f6\u00dften Messegel\u00e4nde der Welt Hannover\/Laatzen<br \/>\n\u2013 Direkte Autobahnanbindung, ICE-Bahnhof, 30 min. zum Flughafen Hannover<br \/>\n\u2013 Multifunktionale Tagungsr\u00e4ume von 25 m\u00b2 bis knapp 2.000 m\u00b2<br \/>\n\u2013 Au\u00dfergew\u00f6hnliche Locations \u2013 Veranstaltungen im Welterbe und in Museen<br \/>\n\u2013 Knapp 5000  Betten in der Region<br \/>\n\u2013 Kurze Wege bei \u00fcber 100.000 Einwohnern<br \/>\n\u2013 Eine Universit\u00e4t und zwei Hochschulen<br \/>\n\u2013 UNESCO-Welterbe, vielf\u00e4ltige Kultur, historische Bauten und viel Gr\u00fcn<br \/>\n\u2013 Service aus einer Hand<\/p>\n      <\/div>\n    <\/div>\n    <\/div>\n<\/div>\n\n\n\n\n\n<div class=\"banner-wrapper\">\n  <div class=\"banner-inner reverse\">\n      <div class=\"img-container\">\n      <div class=\"img-wrapper\">\n        <img decoding=\"async\" src=\"https:\/\/9staedte.de\/wp-content\/smush-webp\/2023\/07\/Wollenweber_Tagungraum-im-Van-der-Valk-Hotel-Hildesheim.jpg.webp\" alt=\"En la imagen hay una taza de caf\u00e9 sobre una bandeja. Al lado hay un vaso de agua. En la bandeja tambi\u00e9n hay una cuchara, una galleta y az\u00facar. En el fondo se ven muffins en platos. Hay dos velas encendidas sobre la mesa. El lugar parece tranquilo y acogedor.\" \/>\n                  <div class=\"thumbnail-label\">\n            <span>Wollenweber_Tagungraum im Van der Valk Hotel Hildesheim<\/span>\n          <\/div>\n              <\/div>\n    <\/div>\n        <div class=\"text-container\">\n      <div class=\"content\">\n        <p><strong>Angebots- und Serviceleistungen der Hildesheim Marketing GmbH<br \/>\n<\/strong><br \/>\nVon der Basisleistung bis zu Full-Services \u2013 wir unterst\u00fctzen Sie erfolgreiche Tagungen und Kongresse in Hildesheim bei f\u00fcr Sie minimalem Aufwand und geringem Risiko durchzuf\u00fchren. Unser Team steht Ihnen von der ersten Planung an bis hin zur Veranstaltungsdokumentation zur Seite. Bei uns finden Sie umfassende Informationen zu den Tagungsst\u00e4tten sowie zu professionellen Leistungsanbietern. Wir beraten bei der Festlegung Ihrer Tagungsorte, organisieren ausgefallene Rahmenprogramme und verwalten die Hotelkontingente f\u00fcr Ihre Veranstaltung. Bis hin zur kompletten Tagungsabwicklung, speziell auf Ihre Bed\u00fcrfnisse zugeschnitten.<\/p>\n<p><a href=\"https:\/\/www.hildesheim.de\/tagen-in-hildesheim.html\">Weitere Informationen:<\/a><\/p>\n      <\/div>\n    <\/div>\n    <\/div>\n<\/div>\n\n","protected":false},"excerpt":{"rendered":"<p>Su pr\u00f3ximo evento en Hildesheim Al igual que la propia ciudad, los hoteles y emplazamientos para conferencias en Hildesheim son tan diversos: conferencias en hoteles elegantes, presentaciones efectivas en modernas salas de eventos o emplazamientos ins\u00f3litos, conferencias en el museo, charlas especializadas en el Patrimonio de la Humanidad de la UNESCO, jornadas de mediaci\u00f3n en [&hellip;]<\/p>\n","protected":false},"author":1,"featured_media":17108,"parent":17958,"menu_order":0,"comment_status":"closed","ping_status":"closed","template":"pagetemplates\/template-stadtthema.php","meta":{"_acf_changed":false,"footnotes":""},"categories":[],"tags":[],"ncap_cities_tax":[466,1173],"class_list":["post-17096","page","type-page","status-publish","has-post-thumbnail","hentry","ncap_cities_tax-hildesheim-es","ncap_cities_tax-tagungen-und-kongresse-hildesheim-es"],"acf":[],"yoast_head":"<!-- This site is optimized with the Yoast SEO plugin v26.8 - https:\/\/yoast.com\/product\/yoast-seo-wordpress\/ -->\n<title>Conferencias y congresos en Hildesheim - 9 St\u00e4dte in Niedersachsen<\/title>\n<meta name=\"robots\" content=\"index, follow, max-snippet:-1, max-image-preview:large, max-video-preview:-1\" \/>\n<link rel=\"canonical\" href=\"https:\/\/9staedte.de\/es\/hildesheim-ciudad-patrimonio-de-la-humanidad-de-la-unesco\/conferencias-y-congresos-en-hildesheim\/\" \/>\n<meta property=\"og:locale\" content=\"es_ES\" \/>\n<meta property=\"og:type\" content=\"article\" \/>\n<meta property=\"og:title\" content=\"Conferencias y congresos en Hildesheim - 9 St\u00e4dte in Niedersachsen\" \/>\n<meta property=\"og:description\" content=\"Su pr\u00f3ximo evento en Hildesheim Al igual que la propia ciudad, los hoteles y emplazamientos para conferencias en Hildesheim son tan diversos: conferencias en hoteles elegantes, presentaciones efectivas en modernas salas de eventos o emplazamientos ins\u00f3litos, conferencias en el museo, charlas especializadas en el Patrimonio de la Humanidad de la UNESCO, jornadas de mediaci\u00f3n en [&hellip;]\" \/>\n<meta property=\"og:url\" content=\"https:\/\/9staedte.de\/es\/hildesheim-ciudad-patrimonio-de-la-humanidad-de-la-unesco\/conferencias-y-congresos-en-hildesheim\/\" \/>\n<meta property=\"og:site_name\" content=\"9 St\u00e4dte in Niedersachsen\" \/>\n<meta property=\"article:modified_time\" content=\"2023-11-02T17:16:54+00:00\" \/>\n<meta property=\"og:image\" content=\"https:\/\/9staedte.de\/wp-content\/uploads\/2023\/07\/Hildesheimer-Marktplatz_Foto-Max-Wiesenbach-1.jpg\" \/>\n\t<meta property=\"og:image:width\" content=\"1020\" \/>\n\t<meta property=\"og:image:height\" content=\"561\" \/>\n\t<meta property=\"og:image:type\" content=\"image\/jpeg\" \/>\n<meta name=\"twitter:card\" content=\"summary_large_image\" \/>\n<meta name=\"twitter:label1\" content=\"Tiempo de lectura\" \/>\n\t<meta name=\"twitter:data1\" content=\"1 minuto\" \/>\n<script type=\"application\/ld+json\" class=\"yoast-schema-graph\">{\"@context\":\"https:\/\/schema.org\",\"@graph\":[{\"@type\":\"WebPage\",\"@id\":\"https:\/\/9staedte.de\/es\/hildesheim-ciudad-patrimonio-de-la-humanidad-de-la-unesco\/conferencias-y-congresos-en-hildesheim\/\",\"url\":\"https:\/\/9staedte.de\/es\/hildesheim-ciudad-patrimonio-de-la-humanidad-de-la-unesco\/conferencias-y-congresos-en-hildesheim\/\",\"name\":\"Conferencias y congresos en Hildesheim - 9 St\u00e4dte in Niedersachsen\",\"isPartOf\":{\"@id\":\"https:\/\/9staedte.de\/es\/#website\"},\"primaryImageOfPage\":{\"@id\":\"https:\/\/9staedte.de\/es\/hildesheim-ciudad-patrimonio-de-la-humanidad-de-la-unesco\/conferencias-y-congresos-en-hildesheim\/#primaryimage\"},\"image\":{\"@id\":\"https:\/\/9staedte.de\/es\/hildesheim-ciudad-patrimonio-de-la-humanidad-de-la-unesco\/conferencias-y-congresos-en-hildesheim\/#primaryimage\"},\"thumbnailUrl\":\"https:\/\/9staedte.de\/wp-content\/uploads\/2023\/07\/Hildesheimer-Marktplatz_Foto-Max-Wiesenbach-1.jpg\",\"datePublished\":\"2023-11-02T08:47:06+00:00\",\"dateModified\":\"2023-11-02T17:16:54+00:00\",\"breadcrumb\":{\"@id\":\"https:\/\/9staedte.de\/es\/hildesheim-ciudad-patrimonio-de-la-humanidad-de-la-unesco\/conferencias-y-congresos-en-hildesheim\/#breadcrumb\"},\"inLanguage\":\"es\",\"potentialAction\":[{\"@type\":\"ReadAction\",\"target\":[\"https:\/\/9staedte.de\/es\/hildesheim-ciudad-patrimonio-de-la-humanidad-de-la-unesco\/conferencias-y-congresos-en-hildesheim\/\"]}]},{\"@type\":\"ImageObject\",\"inLanguage\":\"es\",\"@id\":\"https:\/\/9staedte.de\/es\/hildesheim-ciudad-patrimonio-de-la-humanidad-de-la-unesco\/conferencias-y-congresos-en-hildesheim\/#primaryimage\",\"url\":\"https:\/\/9staedte.de\/wp-content\/uploads\/2023\/07\/Hildesheimer-Marktplatz_Foto-Max-Wiesenbach-1.jpg\",\"contentUrl\":\"https:\/\/9staedte.de\/wp-content\/uploads\/2023\/07\/Hildesheimer-Marktplatz_Foto-Max-Wiesenbach-1.jpg\",\"width\":1020,\"height\":561,\"caption\":\"Hildesheimer Marktplatz_Foto Max Wiesenbach (1)\"},{\"@type\":\"BreadcrumbList\",\"@id\":\"https:\/\/9staedte.de\/es\/hildesheim-ciudad-patrimonio-de-la-humanidad-de-la-unesco\/conferencias-y-congresos-en-hildesheim\/#breadcrumb\",\"itemListElement\":[{\"@type\":\"ListItem\",\"position\":1,\"name\":\"Startseite\",\"item\":\"https:\/\/9staedte.de\/es\/\"},{\"@type\":\"ListItem\",\"position\":2,\"name\":\"Hildesheim &#8211; Ciudad Patrimonio de la Humanidad de la UNESCO\",\"item\":\"https:\/\/9staedte.de\/es\/hildesheim-ciudad-patrimonio-de-la-humanidad-de-la-unesco\/\"},{\"@type\":\"ListItem\",\"position\":3,\"name\":\"Conferencias y congresos en Hildesheim\"}]},{\"@type\":\"WebSite\",\"@id\":\"https:\/\/9staedte.de\/es\/#website\",\"url\":\"https:\/\/9staedte.de\/es\/\",\"name\":\"9 St\u00e4dte in Niedersachsen\",\"description\":\"\",\"publisher\":{\"@id\":\"https:\/\/9staedte.de\/es\/#organization\"},\"potentialAction\":[{\"@type\":\"SearchAction\",\"target\":{\"@type\":\"EntryPoint\",\"urlTemplate\":\"https:\/\/9staedte.de\/es\/?s={search_term_string}\"},\"query-input\":{\"@type\":\"PropertyValueSpecification\",\"valueRequired\":true,\"valueName\":\"search_term_string\"}}],\"inLanguage\":\"es\"},{\"@type\":\"Organization\",\"@id\":\"https:\/\/9staedte.de\/es\/#organization\",\"name\":\"9 St\u00e4dte in Niedersachsen\",\"url\":\"https:\/\/9staedte.de\/es\/\",\"logo\":{\"@type\":\"ImageObject\",\"inLanguage\":\"es\",\"@id\":\"https:\/\/9staedte.de\/es\/#\/schema\/logo\/image\/\",\"url\":\"https:\/\/9staedte.de\/wp-content\/uploads\/2025\/01\/9-neg-deutsch-2-1.png\",\"contentUrl\":\"https:\/\/9staedte.de\/wp-content\/uploads\/2025\/01\/9-neg-deutsch-2-1.png\",\"width\":190,\"height\":114,\"caption\":\"9 St\u00e4dte in Niedersachsen\"},\"image\":{\"@id\":\"https:\/\/9staedte.de\/es\/#\/schema\/logo\/image\/\"}}]}<\/script>\n<!-- \/ Yoast SEO plugin. -->","yoast_head_json":{"title":"Conferencias y congresos en Hildesheim - 9 St\u00e4dte in Niedersachsen","robots":{"index":"index","follow":"follow","max-snippet":"max-snippet:-1","max-image-preview":"max-image-preview:large","max-video-preview":"max-video-preview:-1"},"canonical":"https:\/\/9staedte.de\/es\/hildesheim-ciudad-patrimonio-de-la-humanidad-de-la-unesco\/conferencias-y-congresos-en-hildesheim\/","og_locale":"es_ES","og_type":"article","og_title":"Conferencias y congresos en Hildesheim - 9 St\u00e4dte in Niedersachsen","og_description":"Su pr\u00f3ximo evento en Hildesheim Al igual que la propia ciudad, los hoteles y emplazamientos para conferencias en Hildesheim son tan diversos: conferencias en hoteles elegantes, presentaciones efectivas en modernas salas de eventos o emplazamientos ins\u00f3litos, conferencias en el museo, charlas especializadas en el Patrimonio de la Humanidad de la UNESCO, jornadas de mediaci\u00f3n en [&hellip;]","og_url":"https:\/\/9staedte.de\/es\/hildesheim-ciudad-patrimonio-de-la-humanidad-de-la-unesco\/conferencias-y-congresos-en-hildesheim\/","og_site_name":"9 St\u00e4dte in Niedersachsen","article_modified_time":"2023-11-02T17:16:54+00:00","og_image":[{"width":1020,"height":561,"url":"https:\/\/9staedte.de\/wp-content\/uploads\/2023\/07\/Hildesheimer-Marktplatz_Foto-Max-Wiesenbach-1.jpg","type":"image\/jpeg"}],"twitter_card":"summary_large_image","twitter_misc":{"Tiempo de lectura":"1 minuto"},"schema":{"@context":"https:\/\/schema.org","@graph":[{"@type":"WebPage","@id":"https:\/\/9staedte.de\/es\/hildesheim-ciudad-patrimonio-de-la-humanidad-de-la-unesco\/conferencias-y-congresos-en-hildesheim\/","url":"https:\/\/9staedte.de\/es\/hildesheim-ciudad-patrimonio-de-la-humanidad-de-la-unesco\/conferencias-y-congresos-en-hildesheim\/","name":"Conferencias y congresos en Hildesheim - 9 St\u00e4dte in Niedersachsen","isPartOf":{"@id":"https:\/\/9staedte.de\/es\/#website"},"primaryImageOfPage":{"@id":"https:\/\/9staedte.de\/es\/hildesheim-ciudad-patrimonio-de-la-humanidad-de-la-unesco\/conferencias-y-congresos-en-hildesheim\/#primaryimage"},"image":{"@id":"https:\/\/9staedte.de\/es\/hildesheim-ciudad-patrimonio-de-la-humanidad-de-la-unesco\/conferencias-y-congresos-en-hildesheim\/#primaryimage"},"thumbnailUrl":"https:\/\/9staedte.de\/wp-content\/uploads\/2023\/07\/Hildesheimer-Marktplatz_Foto-Max-Wiesenbach-1.jpg","datePublished":"2023-11-02T08:47:06+00:00","dateModified":"2023-11-02T17:16:54+00:00","breadcrumb":{"@id":"https:\/\/9staedte.de\/es\/hildesheim-ciudad-patrimonio-de-la-humanidad-de-la-unesco\/conferencias-y-congresos-en-hildesheim\/#breadcrumb"},"inLanguage":"es","potentialAction":[{"@type":"ReadAction","target":["https:\/\/9staedte.de\/es\/hildesheim-ciudad-patrimonio-de-la-humanidad-de-la-unesco\/conferencias-y-congresos-en-hildesheim\/"]}]},{"@type":"ImageObject","inLanguage":"es","@id":"https:\/\/9staedte.de\/es\/hildesheim-ciudad-patrimonio-de-la-humanidad-de-la-unesco\/conferencias-y-congresos-en-hildesheim\/#primaryimage","url":"https:\/\/9staedte.de\/wp-content\/uploads\/2023\/07\/Hildesheimer-Marktplatz_Foto-Max-Wiesenbach-1.jpg","contentUrl":"https:\/\/9staedte.de\/wp-content\/uploads\/2023\/07\/Hildesheimer-Marktplatz_Foto-Max-Wiesenbach-1.jpg","width":1020,"height":561,"caption":"Hildesheimer Marktplatz_Foto Max Wiesenbach (1)"},{"@type":"BreadcrumbList","@id":"https:\/\/9staedte.de\/es\/hildesheim-ciudad-patrimonio-de-la-humanidad-de-la-unesco\/conferencias-y-congresos-en-hildesheim\/#breadcrumb","itemListElement":[{"@type":"ListItem","position":1,"name":"Startseite","item":"https:\/\/9staedte.de\/es\/"},{"@type":"ListItem","position":2,"name":"Hildesheim &#8211; Ciudad Patrimonio de la Humanidad de la UNESCO","item":"https:\/\/9staedte.de\/es\/hildesheim-ciudad-patrimonio-de-la-humanidad-de-la-unesco\/"},{"@type":"ListItem","position":3,"name":"Conferencias y congresos en Hildesheim"}]},{"@type":"WebSite","@id":"https:\/\/9staedte.de\/es\/#website","url":"https:\/\/9staedte.de\/es\/","name":"9 St\u00e4dte in Niedersachsen","description":"","publisher":{"@id":"https:\/\/9staedte.de\/es\/#organization"},"potentialAction":[{"@type":"SearchAction","target":{"@type":"EntryPoint","urlTemplate":"https:\/\/9staedte.de\/es\/?s={search_term_string}"},"query-input":{"@type":"PropertyValueSpecification","valueRequired":true,"valueName":"search_term_string"}}],"inLanguage":"es"},{"@type":"Organization","@id":"https:\/\/9staedte.de\/es\/#organization","name":"9 St\u00e4dte in Niedersachsen","url":"https:\/\/9staedte.de\/es\/","logo":{"@type":"ImageObject","inLanguage":"es","@id":"https:\/\/9staedte.de\/es\/#\/schema\/logo\/image\/","url":"https:\/\/9staedte.de\/wp-content\/uploads\/2025\/01\/9-neg-deutsch-2-1.png","contentUrl":"https:\/\/9staedte.de\/wp-content\/uploads\/2025\/01\/9-neg-deutsch-2-1.png","width":190,"height":114,"caption":"9 St\u00e4dte in Niedersachsen"},"image":{"@id":"https:\/\/9staedte.de\/es\/#\/schema\/logo\/image\/"}}]}},"_links":{"self":[{"href":"https:\/\/9staedte.de\/es\/wp-json\/wp\/v2\/pages\/17096","targetHints":{"allow":["GET"]}}],"collection":[{"href":"https:\/\/9staedte.de\/es\/wp-json\/wp\/v2\/pages"}],"about":[{"href":"https:\/\/9staedte.de\/es\/wp-json\/wp\/v2\/types\/page"}],"author":[{"embeddable":true,"href":"https:\/\/9staedte.de\/es\/wp-json\/wp\/v2\/users\/1"}],"replies":[{"embeddable":true,"href":"https:\/\/9staedte.de\/es\/wp-json\/wp\/v2\/comments?post=17096"}],"version-history":[{"count":1,"href":"https:\/\/9staedte.de\/es\/wp-json\/wp\/v2\/pages\/17096\/revisions"}],"predecessor-version":[{"id":19973,"href":"https:\/\/9staedte.de\/es\/wp-json\/wp\/v2\/pages\/17096\/revisions\/19973"}],"up":[{"embeddable":true,"href":"https:\/\/9staedte.de\/es\/wp-json\/wp\/v2\/pages\/17958"}],"wp:featuredmedia":[{"embeddable":true,"href":"https:\/\/9staedte.de\/es\/wp-json\/wp\/v2\/media\/17108"}],"wp:attachment":[{"href":"https:\/\/9staedte.de\/es\/wp-json\/wp\/v2\/media?parent=17096"}],"wp:term":[{"taxonomy":"category","embeddable":true,"href":"https:\/\/9staedte.de\/es\/wp-json\/wp\/v2\/categories?post=17096"},{"taxonomy":"post_tag","embeddable":true,"href":"https:\/\/9staedte.de\/es\/wp-json\/wp\/v2\/tags?post=17096"},{"taxonomy":"ncap_cities_tax","embeddable":true,"href":"https:\/\/9staedte.de\/es\/wp-json\/wp\/v2\/ncap_cities_tax?post=17096"}],"curies":[{"name":"wp","href":"https:\/\/api.w.org\/{rel}","templated":true}]}}