{"id":17087,"date":"2023-11-02T09:47:05","date_gmt":"2023-11-02T08:47:05","guid":{"rendered":"https:\/\/9staedte.de\/mercado-de-navidad-en-hildesheim\/"},"modified":"2026-03-23T16:59:36","modified_gmt":"2026-03-23T15:59:36","slug":"mercado-de-navidad-en-hildesheim","status":"publish","type":"page","link":"https:\/\/9staedte.de\/es\/hildesheim-ciudad-patrimonio-de-la-humanidad-de-la-unesco\/mercado-de-navidad-en-hildesheim\/","title":{"rendered":"Mercado de Navidad en Hildesheim"},"content":{"rendered":"\n<h2 class=\"wp-block-heading\">El coraz\u00f3n del mercado navide\u00f1o late en la hist\u00f3rica plaza del mercado<\/h2>\n\n<p>Aqu\u00ed, las hermosas fachadas de entramado de madera y el olor a pan de jengibre fresco y vino caliente crean un ambiente prenavide\u00f1o muy especial. Los puestos decorados festivamente de la plaza An der Lilie tambi\u00e9n invitan a pasear.<br\/>En la oficina de correos \u00abZum Rentier\u00bb de la plaza An der Lilie, los ni\u00f1os pueden enviar sus listas de deseos hasta el 12 de diciembre, que se env\u00edan directamente a la oficina de correos navide\u00f1a m\u00e1s antigua de Himmelsth\u00fcr. <br\/>Las m\u00e1s de 30 iglesias de Hildesheim caracterizan el paisaje urbano y hablan de la rica historia de la ciudad. En v\u00edsperas de la Navidad, las iglesias son un lugar de paz interior acompa\u00f1ado de m\u00fasica contemplativa de Adviento y Navidad. <\/p>\n\n<p><a href=\"https:\/\/www.hildesheim-tourismus.de\/weihnachtsmarkt\" target=\"_blank\" rel=\"noreferrer noopener\">Para m\u00e1s informaci\u00f3n<\/a><\/p>\n\n\n<div class=\"banner-wrapper\">\n  <div class=\"banner-inner \">\n      <div class=\"img-container\">\n      <div class=\"img-wrapper\">\n        <img decoding=\"async\" src=\"https:\/\/9staedte.de\/wp-content\/smush-webp\/2023\/02\/Weihnachtsmarkt-Hildesheim-\u00a9-Dirk-Bastert.jpg.webp\" alt=\"La imagen muestra el mercado navide\u00f1o en Hildesheim. Es de noche y el cielo est\u00e1 oscuro. En el centro hay una gran pir\u00e1mide de Navidad con luces. Muchas personas caminan entre los puestos. A la derecha hay un \u00e1rbol de Navidad decorado. Al fondo hay bonitos edificios antiguos. El ambiente es festivo y acogedor.\" \/>\n                  <div class=\"thumbnail-label\">\n            <span>Weihnachtsmarkt Hildesheim \u00a9 Dirk Bastert<\/span>\n          <\/div>\n              <\/div>\n    <\/div>\n        <div class=\"text-container\">\n      <div class=\"content\">\n        <h2 class=\"h3\">9 consejos para visitar el mercado de Navidad de Hildesheim<\/h2>\n<ul>\n<li>Visitas guiadas por la ciudad navide\u00f1a de Hildesheim<\/li>\n<li>C\u00e1lidas, acogedoras, sociables: caba\u00f1as llenas de magia navide\u00f1a<\/li>\n<li>Lugares fotogr\u00e1ficos: Reno, oso polar, bosque de leyendas, \u00e1rbol de los regalos (#weihnachtsmarkthildesheim)<\/li>\n<li>Exposici\u00f3n navide\u00f1a de artesan\u00eda en el ayuntamiento<\/li>\n<li><a href=\"https:\/\/www.hildesheim-tourismus.de\/veranstaltungen\">M\u00fasica de Adviento y Navidad en las iglesias rom\u00e1nicas<\/a><\/li>\n<li>Oficina de Correos \u00abZum Reindeer\u00bb para cartas y listas de deseos a Pap\u00e1 Noel<\/li>\n<li>Cinta del Patrimonio Mundial festivamente iluminada hasta las iglesias de San Miguel y la catedral, declaradas Patrimonio de la Humanidad por la UNESCO<\/li>\n<li>Prueba el pan de centeno de Hildesheim y las trufas celestiales<\/li>\n<li>Recuerdos de Navidad, regalos y cheques regalo en el centro de informaci\u00f3n tur\u00edstica<\/li>\n<\/ul>\n      <\/div>\n    <\/div>\n    <\/div>\n<\/div>\n\n\n<p class=\"h3\"><strong>Mercado de Navidad en Hildesheim<\/strong><\/p>\n\n <div class=\"brlbs-cmpnt-container brlbs-cmpnt-content-blocker brlbs-cmpnt-with-individual-styles\" data-borlabs-cookie-content-blocker-id=\"google-maps\" data-borlabs-cookie-content=\"PGlmcmFtZSBzcmM9Imh0dHBzOi8vd3d3Lmdvb2dsZS5jb20vbWFwcy9lbWJlZD9wYj0hMW0xOCExbTEyITFtMyExZDI0NDcuOTg1ODQ4NjY0MjQ3NCEyZDkuOTQ4OTY3ODc3MzEyNjQ3ITNkNTIuMTUyNzY3MDcxOTY3MjA1ITJtMyExZjAhMmYwITNmMCEzbTIhMWkxMDI0ITJpNzY4ITRmMTMuMSEzbTMhMW0yITFzMHg0N2JhYWZhOWJkY2U4ZjI1JTNBMHg0YzY5M2M3MzYyMmRiZmJjITJzTWFya3RwbGF0eiUyMEhpbGRlc2hlaW0hNWUwITNtMiExc2RlITJzZGUhNHYxNjkyMTg0NTQ1OTk5ITVtMiExc2RlITJzZGUiIHdpZHRoPSI2MDAiIGhlaWdodD0iNDUwIiBzdHlsZT0iYm9yZGVyOjA7IiBhbGxvd2Z1bGxzY3JlZW49IiIgbG9hZGluZz0ibGF6eSIgcmVmZXJyZXJwb2xpY3k9Im5vLXJlZmVycmVyLXdoZW4tZG93bmdyYWRlIj48L2lmcmFtZT4=\"><div class=\"brlbs-cmpnt-cb-preset-b brlbs-cmpnt-cb-google-maps\"> <div class=\"brlbs-cmpnt-cb-thumbnail\" style=\"background-image: url('https:\/\/9staedte.de\/wp-content\/uploads\/borlabs-cookie\/1\/brlbs-cb-google-maps-main.png')\"><\/div> <div class=\"brlbs-cmpnt-cb-main\"> <div class=\"brlbs-cmpnt-cb-content\"> <p class=\"brlbs-cmpnt-cb-description\">Est\u00e1s viendo un contenido de marcador de posici\u00f3n de <strong>Google Maps<\/strong>. Para acceder al contenido real, haz clic en el siguiente bot\u00f3n. Ten en cuenta que al hacerlo compartir\u00e1s datos con terceros proveedores.<\/p> <a class=\"brlbs-cmpnt-cb-provider-toggle\" href=\"#\" data-borlabs-cookie-show-provider-information role=\"button\">M\u00e1s informaci\u00f3n<\/a> <\/div> <div class=\"brlbs-cmpnt-cb-buttons\"> <a class=\"brlbs-cmpnt-cb-btn\" href=\"#\" data-borlabs-cookie-unblock role=\"button\">Desbloquear contenido<\/a> <a class=\"brlbs-cmpnt-cb-btn\" href=\"#\" data-borlabs-cookie-accept-service role=\"button\" style=\"display: inherit\">Aceptar el servicio requerido y desbloquear el contenido<\/a> <\/div> <\/div> <\/div><\/div>\n\n<div style=\"height:41px\" aria-hidden=\"true\" class=\"wp-block-spacer\"><\/div>\n\n<h2 class=\"wp-block-heading h3\">Magia navide\u00f1a en Hildesheim<\/h2>\n\n<p>&#8211; una pernoctaci\u00f3n incl. Desayuno<br\/>&#8211; Un vino caliente en el mercado de Navidad<br\/>&#8211; Un recuerdo de Navidad<br\/>&#8211; Carpeta informativa sobre la temporada navide\u00f1a en Hildesheim por habitaci\u00f3n <br\/><br\/><strong><a href=\"https:\/\/www.hildesheim-tourismus.de\/package\/weihnachtszauber-in-hildesheim-fuer-kleingruppen\" target=\"_blank\" rel=\"noreferrer noopener\">Reservas<\/a><\/strong><br\/><br\/>Se aplicar\u00e1n las Condiciones Generales de Contrataci\u00f3n de Hildesheim Marketing GmbH.<\/p>\n\n<p><\/p>\n","protected":false},"excerpt":{"rendered":"<p>El coraz\u00f3n del mercado navide\u00f1o late en la hist\u00f3rica plaza del mercado Aqu\u00ed, las hermosas fachadas de entramado de madera y el olor a pan de jengibre fresco y vino caliente crean un ambiente prenavide\u00f1o muy especial. Los puestos decorados festivamente de la plaza An der Lilie tambi\u00e9n invitan a pasear.En la oficina de correos [&hellip;]<\/p>\n","protected":false},"author":1,"featured_media":23637,"parent":17958,"menu_order":0,"comment_status":"closed","ping_status":"closed","template":"pagetemplates\/template-stadtthema.php","meta":{"_acf_changed":false,"footnotes":""},"categories":[],"tags":[],"ncap_cities_tax":[466,536],"class_list":["post-17087","page","type-page","status-publish","has-post-thumbnail","hentry","ncap_cities_tax-hildesheim-es","ncap_cities_tax-weihnachtsmarkte-hildesheim-es"],"acf":[],"yoast_head":"<!-- This site is optimized with the Yoast SEO plugin v26.8 - https:\/\/yoast.com\/product\/yoast-seo-wordpress\/ -->\n<title>Mercado de Navidad en Hildesheim - 9 St\u00e4dte in Niedersachsen<\/title>\n<meta name=\"description\" content=\"El coraz\u00f3n del mercado navide\u00f1o de Hildesheim late en la hist\u00f3rica plaza del mercado, con sus hermosas casas de entramado de madera.\" \/>\n<meta name=\"robots\" content=\"index, follow, max-snippet:-1, max-image-preview:large, max-video-preview:-1\" \/>\n<link rel=\"canonical\" href=\"https:\/\/9staedte.de\/es\/hildesheim-ciudad-patrimonio-de-la-humanidad-de-la-unesco\/mercado-de-navidad-en-hildesheim\/\" \/>\n<meta property=\"og:locale\" content=\"es_ES\" \/>\n<meta property=\"og:type\" content=\"article\" \/>\n<meta property=\"og:title\" content=\"Mercado de Navidad en Hildesheim - 9 St\u00e4dte in Niedersachsen\" \/>\n<meta property=\"og:description\" content=\"El coraz\u00f3n del mercado navide\u00f1o de Hildesheim late en la hist\u00f3rica plaza del mercado, con sus hermosas casas de entramado de madera.\" \/>\n<meta property=\"og:url\" content=\"https:\/\/9staedte.de\/es\/hildesheim-ciudad-patrimonio-de-la-humanidad-de-la-unesco\/mercado-de-navidad-en-hildesheim\/\" \/>\n<meta property=\"og:site_name\" content=\"9 St\u00e4dte in Niedersachsen\" \/>\n<meta property=\"article:modified_time\" content=\"2026-03-23T15:59:36+00:00\" \/>\n<meta property=\"og:image\" content=\"https:\/\/9staedte.de\/wp-content\/uploads\/2024\/09\/Weihnachtsmarkt-Hildesheim-c-Hildesheim-Marketing-Foto-Lars-Griebner-CC-BY.jpg\" \/>\n\t<meta property=\"og:image:width\" content=\"1020\" \/>\n\t<meta property=\"og:image:height\" content=\"560\" \/>\n\t<meta property=\"og:image:type\" content=\"image\/jpeg\" \/>\n<meta name=\"twitter:card\" content=\"summary_large_image\" \/>\n<meta name=\"twitter:label1\" content=\"Tiempo de lectura\" \/>\n\t<meta name=\"twitter:data1\" content=\"2 minutos\" \/>\n<script type=\"application\/ld+json\" class=\"yoast-schema-graph\">{\"@context\":\"https:\/\/schema.org\",\"@graph\":[{\"@type\":\"WebPage\",\"@id\":\"https:\/\/9staedte.de\/es\/hildesheim-ciudad-patrimonio-de-la-humanidad-de-la-unesco\/mercado-de-navidad-en-hildesheim\/\",\"url\":\"https:\/\/9staedte.de\/es\/hildesheim-ciudad-patrimonio-de-la-humanidad-de-la-unesco\/mercado-de-navidad-en-hildesheim\/\",\"name\":\"Mercado de Navidad en Hildesheim - 9 St\u00e4dte in Niedersachsen\",\"isPartOf\":{\"@id\":\"https:\/\/9staedte.de\/es\/#website\"},\"primaryImageOfPage\":{\"@id\":\"https:\/\/9staedte.de\/es\/hildesheim-ciudad-patrimonio-de-la-humanidad-de-la-unesco\/mercado-de-navidad-en-hildesheim\/#primaryimage\"},\"image\":{\"@id\":\"https:\/\/9staedte.de\/es\/hildesheim-ciudad-patrimonio-de-la-humanidad-de-la-unesco\/mercado-de-navidad-en-hildesheim\/#primaryimage\"},\"thumbnailUrl\":\"https:\/\/9staedte.de\/wp-content\/uploads\/2024\/09\/Weihnachtsmarkt-Hildesheim-c-Hildesheim-Marketing-Foto-Lars-Griebner-CC-BY.jpg\",\"datePublished\":\"2023-11-02T08:47:05+00:00\",\"dateModified\":\"2026-03-23T15:59:36+00:00\",\"description\":\"El coraz\u00f3n del mercado navide\u00f1o de Hildesheim late en la hist\u00f3rica plaza del mercado, con sus hermosas casas de entramado de madera.\",\"breadcrumb\":{\"@id\":\"https:\/\/9staedte.de\/es\/hildesheim-ciudad-patrimonio-de-la-humanidad-de-la-unesco\/mercado-de-navidad-en-hildesheim\/#breadcrumb\"},\"inLanguage\":\"es\",\"potentialAction\":[{\"@type\":\"ReadAction\",\"target\":[\"https:\/\/9staedte.de\/es\/hildesheim-ciudad-patrimonio-de-la-humanidad-de-la-unesco\/mercado-de-navidad-en-hildesheim\/\"]}]},{\"@type\":\"ImageObject\",\"inLanguage\":\"es\",\"@id\":\"https:\/\/9staedte.de\/es\/hildesheim-ciudad-patrimonio-de-la-humanidad-de-la-unesco\/mercado-de-navidad-en-hildesheim\/#primaryimage\",\"url\":\"https:\/\/9staedte.de\/wp-content\/uploads\/2024\/09\/Weihnachtsmarkt-Hildesheim-c-Hildesheim-Marketing-Foto-Lars-Griebner-CC-BY.jpg\",\"contentUrl\":\"https:\/\/9staedte.de\/wp-content\/uploads\/2024\/09\/Weihnachtsmarkt-Hildesheim-c-Hildesheim-Marketing-Foto-Lars-Griebner-CC-BY.jpg\",\"width\":1020,\"height\":560,\"caption\":\"Weihnachtsmarkt Hildesheim c) Hildesheim Marketing Foto Lars Griebner (CC-BY)\"},{\"@type\":\"BreadcrumbList\",\"@id\":\"https:\/\/9staedte.de\/es\/hildesheim-ciudad-patrimonio-de-la-humanidad-de-la-unesco\/mercado-de-navidad-en-hildesheim\/#breadcrumb\",\"itemListElement\":[{\"@type\":\"ListItem\",\"position\":1,\"name\":\"Startseite\",\"item\":\"https:\/\/9staedte.de\/es\/\"},{\"@type\":\"ListItem\",\"position\":2,\"name\":\"Hildesheim &#8211; Ciudad Patrimonio de la Humanidad de la UNESCO\",\"item\":\"https:\/\/9staedte.de\/es\/hildesheim-ciudad-patrimonio-de-la-humanidad-de-la-unesco\/\"},{\"@type\":\"ListItem\",\"position\":3,\"name\":\"Mercado de Navidad en Hildesheim\"}]},{\"@type\":\"WebSite\",\"@id\":\"https:\/\/9staedte.de\/es\/#website\",\"url\":\"https:\/\/9staedte.de\/es\/\",\"name\":\"9 St\u00e4dte in Niedersachsen\",\"description\":\"\",\"publisher\":{\"@id\":\"https:\/\/9staedte.de\/es\/#organization\"},\"potentialAction\":[{\"@type\":\"SearchAction\",\"target\":{\"@type\":\"EntryPoint\",\"urlTemplate\":\"https:\/\/9staedte.de\/es\/?s={search_term_string}\"},\"query-input\":{\"@type\":\"PropertyValueSpecification\",\"valueRequired\":true,\"valueName\":\"search_term_string\"}}],\"inLanguage\":\"es\"},{\"@type\":\"Organization\",\"@id\":\"https:\/\/9staedte.de\/es\/#organization\",\"name\":\"9 St\u00e4dte in Niedersachsen\",\"url\":\"https:\/\/9staedte.de\/es\/\",\"logo\":{\"@type\":\"ImageObject\",\"inLanguage\":\"es\",\"@id\":\"https:\/\/9staedte.de\/es\/#\/schema\/logo\/image\/\",\"url\":\"https:\/\/9staedte.de\/wp-content\/uploads\/2025\/01\/9-neg-deutsch-2-1.png\",\"contentUrl\":\"https:\/\/9staedte.de\/wp-content\/uploads\/2025\/01\/9-neg-deutsch-2-1.png\",\"width\":190,\"height\":114,\"caption\":\"9 St\u00e4dte in Niedersachsen\"},\"image\":{\"@id\":\"https:\/\/9staedte.de\/es\/#\/schema\/logo\/image\/\"}}]}<\/script>\n<!-- \/ Yoast SEO plugin. -->","yoast_head_json":{"title":"Mercado de Navidad en Hildesheim - 9 St\u00e4dte in Niedersachsen","description":"El coraz\u00f3n del mercado navide\u00f1o de Hildesheim late en la hist\u00f3rica plaza del mercado, con sus hermosas casas de entramado de madera.","robots":{"index":"index","follow":"follow","max-snippet":"max-snippet:-1","max-image-preview":"max-image-preview:large","max-video-preview":"max-video-preview:-1"},"canonical":"https:\/\/9staedte.de\/es\/hildesheim-ciudad-patrimonio-de-la-humanidad-de-la-unesco\/mercado-de-navidad-en-hildesheim\/","og_locale":"es_ES","og_type":"article","og_title":"Mercado de Navidad en Hildesheim - 9 St\u00e4dte in Niedersachsen","og_description":"El coraz\u00f3n del mercado navide\u00f1o de Hildesheim late en la hist\u00f3rica plaza del mercado, con sus hermosas casas de entramado de madera.","og_url":"https:\/\/9staedte.de\/es\/hildesheim-ciudad-patrimonio-de-la-humanidad-de-la-unesco\/mercado-de-navidad-en-hildesheim\/","og_site_name":"9 St\u00e4dte in Niedersachsen","article_modified_time":"2026-03-23T15:59:36+00:00","og_image":[{"width":1020,"height":560,"url":"https:\/\/9staedte.de\/wp-content\/uploads\/2024\/09\/Weihnachtsmarkt-Hildesheim-c-Hildesheim-Marketing-Foto-Lars-Griebner-CC-BY.jpg","type":"image\/jpeg"}],"twitter_card":"summary_large_image","twitter_misc":{"Tiempo de lectura":"2 minutos"},"schema":{"@context":"https:\/\/schema.org","@graph":[{"@type":"WebPage","@id":"https:\/\/9staedte.de\/es\/hildesheim-ciudad-patrimonio-de-la-humanidad-de-la-unesco\/mercado-de-navidad-en-hildesheim\/","url":"https:\/\/9staedte.de\/es\/hildesheim-ciudad-patrimonio-de-la-humanidad-de-la-unesco\/mercado-de-navidad-en-hildesheim\/","name":"Mercado de Navidad en Hildesheim - 9 St\u00e4dte in Niedersachsen","isPartOf":{"@id":"https:\/\/9staedte.de\/es\/#website"},"primaryImageOfPage":{"@id":"https:\/\/9staedte.de\/es\/hildesheim-ciudad-patrimonio-de-la-humanidad-de-la-unesco\/mercado-de-navidad-en-hildesheim\/#primaryimage"},"image":{"@id":"https:\/\/9staedte.de\/es\/hildesheim-ciudad-patrimonio-de-la-humanidad-de-la-unesco\/mercado-de-navidad-en-hildesheim\/#primaryimage"},"thumbnailUrl":"https:\/\/9staedte.de\/wp-content\/uploads\/2024\/09\/Weihnachtsmarkt-Hildesheim-c-Hildesheim-Marketing-Foto-Lars-Griebner-CC-BY.jpg","datePublished":"2023-11-02T08:47:05+00:00","dateModified":"2026-03-23T15:59:36+00:00","description":"El coraz\u00f3n del mercado navide\u00f1o de Hildesheim late en la hist\u00f3rica plaza del mercado, con sus hermosas casas de entramado de madera.","breadcrumb":{"@id":"https:\/\/9staedte.de\/es\/hildesheim-ciudad-patrimonio-de-la-humanidad-de-la-unesco\/mercado-de-navidad-en-hildesheim\/#breadcrumb"},"inLanguage":"es","potentialAction":[{"@type":"ReadAction","target":["https:\/\/9staedte.de\/es\/hildesheim-ciudad-patrimonio-de-la-humanidad-de-la-unesco\/mercado-de-navidad-en-hildesheim\/"]}]},{"@type":"ImageObject","inLanguage":"es","@id":"https:\/\/9staedte.de\/es\/hildesheim-ciudad-patrimonio-de-la-humanidad-de-la-unesco\/mercado-de-navidad-en-hildesheim\/#primaryimage","url":"https:\/\/9staedte.de\/wp-content\/uploads\/2024\/09\/Weihnachtsmarkt-Hildesheim-c-Hildesheim-Marketing-Foto-Lars-Griebner-CC-BY.jpg","contentUrl":"https:\/\/9staedte.de\/wp-content\/uploads\/2024\/09\/Weihnachtsmarkt-Hildesheim-c-Hildesheim-Marketing-Foto-Lars-Griebner-CC-BY.jpg","width":1020,"height":560,"caption":"Weihnachtsmarkt Hildesheim c) Hildesheim Marketing Foto Lars Griebner (CC-BY)"},{"@type":"BreadcrumbList","@id":"https:\/\/9staedte.de\/es\/hildesheim-ciudad-patrimonio-de-la-humanidad-de-la-unesco\/mercado-de-navidad-en-hildesheim\/#breadcrumb","itemListElement":[{"@type":"ListItem","position":1,"name":"Startseite","item":"https:\/\/9staedte.de\/es\/"},{"@type":"ListItem","position":2,"name":"Hildesheim &#8211; Ciudad Patrimonio de la Humanidad de la UNESCO","item":"https:\/\/9staedte.de\/es\/hildesheim-ciudad-patrimonio-de-la-humanidad-de-la-unesco\/"},{"@type":"ListItem","position":3,"name":"Mercado de Navidad en Hildesheim"}]},{"@type":"WebSite","@id":"https:\/\/9staedte.de\/es\/#website","url":"https:\/\/9staedte.de\/es\/","name":"9 St\u00e4dte in Niedersachsen","description":"","publisher":{"@id":"https:\/\/9staedte.de\/es\/#organization"},"potentialAction":[{"@type":"SearchAction","target":{"@type":"EntryPoint","urlTemplate":"https:\/\/9staedte.de\/es\/?s={search_term_string}"},"query-input":{"@type":"PropertyValueSpecification","valueRequired":true,"valueName":"search_term_string"}}],"inLanguage":"es"},{"@type":"Organization","@id":"https:\/\/9staedte.de\/es\/#organization","name":"9 St\u00e4dte in Niedersachsen","url":"https:\/\/9staedte.de\/es\/","logo":{"@type":"ImageObject","inLanguage":"es","@id":"https:\/\/9staedte.de\/es\/#\/schema\/logo\/image\/","url":"https:\/\/9staedte.de\/wp-content\/uploads\/2025\/01\/9-neg-deutsch-2-1.png","contentUrl":"https:\/\/9staedte.de\/wp-content\/uploads\/2025\/01\/9-neg-deutsch-2-1.png","width":190,"height":114,"caption":"9 St\u00e4dte in Niedersachsen"},"image":{"@id":"https:\/\/9staedte.de\/es\/#\/schema\/logo\/image\/"}}]}},"_links":{"self":[{"href":"https:\/\/9staedte.de\/es\/wp-json\/wp\/v2\/pages\/17087","targetHints":{"allow":["GET"]}}],"collection":[{"href":"https:\/\/9staedte.de\/es\/wp-json\/wp\/v2\/pages"}],"about":[{"href":"https:\/\/9staedte.de\/es\/wp-json\/wp\/v2\/types\/page"}],"author":[{"embeddable":true,"href":"https:\/\/9staedte.de\/es\/wp-json\/wp\/v2\/users\/1"}],"replies":[{"embeddable":true,"href":"https:\/\/9staedte.de\/es\/wp-json\/wp\/v2\/comments?post=17087"}],"version-history":[{"count":8,"href":"https:\/\/9staedte.de\/es\/wp-json\/wp\/v2\/pages\/17087\/revisions"}],"predecessor-version":[{"id":27635,"href":"https:\/\/9staedte.de\/es\/wp-json\/wp\/v2\/pages\/17087\/revisions\/27635"}],"up":[{"embeddable":true,"href":"https:\/\/9staedte.de\/es\/wp-json\/wp\/v2\/pages\/17958"}],"wp:featuredmedia":[{"embeddable":true,"href":"https:\/\/9staedte.de\/es\/wp-json\/wp\/v2\/media\/23637"}],"wp:attachment":[{"href":"https:\/\/9staedte.de\/es\/wp-json\/wp\/v2\/media?parent=17087"}],"wp:term":[{"taxonomy":"category","embeddable":true,"href":"https:\/\/9staedte.de\/es\/wp-json\/wp\/v2\/categories?post=17087"},{"taxonomy":"post_tag","embeddable":true,"href":"https:\/\/9staedte.de\/es\/wp-json\/wp\/v2\/tags?post=17087"},{"taxonomy":"ncap_cities_tax","embeddable":true,"href":"https:\/\/9staedte.de\/es\/wp-json\/wp\/v2\/ncap_cities_tax?post=17087"}],"curies":[{"name":"wp","href":"https:\/\/api.w.org\/{rel}","templated":true}]}}