{"id":17080,"date":"2023-11-02T09:47:05","date_gmt":"2023-11-02T08:47:05","guid":{"rendered":"https:\/\/9staedte.de\/wolfenbuettel-descubrir-de-forma-sostenible\/"},"modified":"2024-03-21T16:01:09","modified_gmt":"2024-03-21T15:01:09","slug":"wolfenbuettel-descubrir-de-forma-sostenible","status":"publish","type":"page","link":"https:\/\/9staedte.de\/es\/wolfenbuttel-la-ciudad-de-lessing\/wolfenbuettel-descubrir-de-forma-sostenible\/","title":{"rendered":"Wolfenb\u00fcttel &#8211; descubrir de forma sostenible"},"content":{"rendered":"\n<h2 class=\"wp-block-heading\">Vacaciones desde el principio<\/h2>\n\n\n\n<p>Unas vacaciones en Wolfenb\u00fcttel comienzan con el paseo desde la estaci\u00f3n de tren hasta el alojamiento elegido. En pocos minutos se llega al casco antiguo a lo largo de hermosas casas de estilo wilhelminiano o a trav\u00e9s del Seeligerpark o el Wallanlage, con sus viejos \u00e1rboles. El casco antiguo impresiona con sus m\u00e1s de 1.000 casas de entramado de madera, sus hermosas plazas y, por supuesto, el Castillo de Guelph, la mundialmente famosa Biblioteca Duke August, la Casa Lessing, el nuevo monumento a la justicia nazi y las iglesias. Una visita a la Lessingstadt es especialmente sostenible porque todo est\u00e1 muy cerca. En el centro de la ciudad, todas las visitas tur\u00edsticas se pueden hacer f\u00e1cilmente a pie, y los que quieran salir mucho pueden alquilar una eBike en el centro de informaci\u00f3n tur\u00edstica sin barreras. Wolfenb\u00fcttel tambi\u00e9n es ideal como punto de partida para excursiones en bicicleta por la regi\u00f3n.<\/p>\n\n\n\n<p>Wolfenb\u00fcttel es f\u00e1cilmente accesible en transporte p\u00fablico. Desde la estaci\u00f3n de tren ICE de la vecina ciudad de Braunschweig, se tarda poco menos de diez minutos en tren regional o 20 minutos en autob\u00fas hasta Wolfenb\u00fcttel. Adem\u00e1s, desde all\u00ed se puede llegar a Berl\u00edn en una hora y media, por ejemplo.<\/p>\n\n\n\n\n<div class=\"banner-wrapper\">\n  <div class=\"banner-inner \">\n      <div class=\"img-container\">\n      <div class=\"img-wrapper\">\n        <img decoding=\"async\" src=\"https:\/\/9staedte.de\/wp-content\/smush-webp\/2023\/04\/Raddahren-in-Wolfenbuettel-c-Christian-Bierwagen.jpg.webp\" alt=\"La imagen muestra a dos personas con bicicletas. Llevan cascos. Est\u00e1n en una plaza de la ciudad. Al fondo hay una fuente con una estatua. Las personas sonr\u00eden. Es un d\u00eda bonito.\" \/>\n                  <div class=\"thumbnail-label\">\n            <span>Radfahren in Wolfenb\u00fcttel c) Christian Bierwagen<\/span>\n          <\/div>\n              <\/div>\n    <\/div>\n        <div class=\"text-container\">\n      <div class=\"content\">\n        <h2>Vive Wolfenb\u00fcttel de forma sostenible: 9 consejos<\/h2>\n<p>&#8211; Ciudad certificada de comercio justo<\/p>\n<p>&#8211; Tiendas gourmet gestionadas por sus propietarios, como carnicer\u00edas, vinotecas, tiendas de alimentos saludables, etc.<\/p>\n<p>&#8211; Mercado semanal los mi\u00e9rcoles y s\u00e1bados con productores ecol\u00f3gicos de la regi\u00f3n, entre otros<\/p>\n<p>&#8211; Distinguido como municipio amigo de las bicicletas: alquiler de e-bikes en el centro de informaci\u00f3n tur\u00edstica, para clientes individuales y tambi\u00e9n para grupos previa concertaci\u00f3n; consejos tur\u00edsticos, p. ej. : Pedalee siguiendo los pasos de Lessing desde Wolfenb\u00fcttel a Braunschweig y viceversa.<\/p>\n<p>&#8211; Recreaci\u00f3n local en la ciudad con bosques y parques o para familias: sendero de aventura forestal L\u00d6WEPfad en Lechlumer Holz directamente en las afueras del norte de la ciudad (accesible en autob\u00fas cada 15 minutos)<\/p>\n<p>&#8211; Alquiler de canoas y numerosos embarcaderos de canoas a lo largo del Oker para largas excursiones por el campo<\/p>\n<p>&#8211; Geocaching tras las huellas de Lessing<\/p>\n<p>&#8211; Sistema de vasos de dep\u00f3sito RECUP<\/p>\n      <\/div>\n    <\/div>\n    <\/div>\n<\/div>\n\n","protected":false},"excerpt":{"rendered":"<p>Vacaciones desde el principio Unas vacaciones en Wolfenb\u00fcttel comienzan con el paseo desde la estaci\u00f3n de tren hasta el alojamiento elegido. En pocos minutos se llega al casco antiguo a lo largo de hermosas casas de estilo wilhelminiano o a trav\u00e9s del Seeligerpark o el Wallanlage, con sus viejos \u00e1rboles. El casco antiguo impresiona con [&hellip;]<\/p>\n","protected":false},"author":1,"featured_media":17088,"parent":18023,"menu_order":0,"comment_status":"closed","ping_status":"closed","template":"pagetemplates\/template-stadtthema.php","meta":{"_acf_changed":false,"footnotes":""},"categories":[],"tags":[],"ncap_cities_tax":[1096,472],"class_list":["post-17080","page","type-page","status-publish","has-post-thumbnail","hentry","ncap_cities_tax-naturerlebnisse-und-nachhaltigkeit-wolfenbuettel-es","ncap_cities_tax-wolfenbuettel-es"],"acf":[],"yoast_head":"<!-- This site is optimized with the Yoast SEO plugin v26.8 - https:\/\/yoast.com\/product\/yoast-seo-wordpress\/ -->\n<title>Wolfenb\u00fcttel - descubrir de forma sostenible - 9 St\u00e4dte in Niedersachsen<\/title>\n<meta name=\"robots\" content=\"index, follow, max-snippet:-1, max-image-preview:large, max-video-preview:-1\" \/>\n<link rel=\"canonical\" href=\"https:\/\/9staedte.de\/es\/wolfenbuttel-la-ciudad-de-lessing\/wolfenbuettel-descubrir-de-forma-sostenible\/\" \/>\n<meta property=\"og:locale\" content=\"es_ES\" \/>\n<meta property=\"og:type\" content=\"article\" \/>\n<meta property=\"og:title\" content=\"Wolfenb\u00fcttel - descubrir de forma sostenible - 9 St\u00e4dte in Niedersachsen\" \/>\n<meta property=\"og:description\" content=\"Vacaciones desde el principio Unas vacaciones en Wolfenb\u00fcttel comienzan con el paseo desde la estaci\u00f3n de tren hasta el alojamiento elegido. En pocos minutos se llega al casco antiguo a lo largo de hermosas casas de estilo wilhelminiano o a trav\u00e9s del Seeligerpark o el Wallanlage, con sus viejos \u00e1rboles. El casco antiguo impresiona con [&hellip;]\" \/>\n<meta property=\"og:url\" content=\"https:\/\/9staedte.de\/es\/wolfenbuttel-la-ciudad-de-lessing\/wolfenbuettel-descubrir-de-forma-sostenible\/\" \/>\n<meta property=\"og:site_name\" content=\"9 St\u00e4dte in Niedersachsen\" \/>\n<meta property=\"article:modified_time\" content=\"2024-03-21T15:01:09+00:00\" \/>\n<meta property=\"og:image\" content=\"https:\/\/9staedte.de\/wp-content\/uploads\/2023\/04\/Wallanlagen-Wolfenbuettel-c-Achim-Meurer.jpg\" \/>\n\t<meta property=\"og:image:width\" content=\"1020\" \/>\n\t<meta property=\"og:image:height\" content=\"560\" \/>\n\t<meta property=\"og:image:type\" content=\"image\/jpeg\" \/>\n<meta name=\"twitter:card\" content=\"summary_large_image\" \/>\n<meta name=\"twitter:label1\" content=\"Tiempo de lectura\" \/>\n\t<meta name=\"twitter:data1\" content=\"2 minutos\" \/>\n<script type=\"application\/ld+json\" class=\"yoast-schema-graph\">{\"@context\":\"https:\/\/schema.org\",\"@graph\":[{\"@type\":\"WebPage\",\"@id\":\"https:\/\/9staedte.de\/es\/wolfenbuttel-la-ciudad-de-lessing\/wolfenbuettel-descubrir-de-forma-sostenible\/\",\"url\":\"https:\/\/9staedte.de\/es\/wolfenbuttel-la-ciudad-de-lessing\/wolfenbuettel-descubrir-de-forma-sostenible\/\",\"name\":\"Wolfenb\u00fcttel - descubrir de forma sostenible - 9 St\u00e4dte in Niedersachsen\",\"isPartOf\":{\"@id\":\"https:\/\/9staedte.de\/es\/#website\"},\"primaryImageOfPage\":{\"@id\":\"https:\/\/9staedte.de\/es\/wolfenbuttel-la-ciudad-de-lessing\/wolfenbuettel-descubrir-de-forma-sostenible\/#primaryimage\"},\"image\":{\"@id\":\"https:\/\/9staedte.de\/es\/wolfenbuttel-la-ciudad-de-lessing\/wolfenbuettel-descubrir-de-forma-sostenible\/#primaryimage\"},\"thumbnailUrl\":\"https:\/\/9staedte.de\/wp-content\/uploads\/2023\/04\/Wallanlagen-Wolfenbuettel-c-Achim-Meurer.jpg\",\"datePublished\":\"2023-11-02T08:47:05+00:00\",\"dateModified\":\"2024-03-21T15:01:09+00:00\",\"breadcrumb\":{\"@id\":\"https:\/\/9staedte.de\/es\/wolfenbuttel-la-ciudad-de-lessing\/wolfenbuettel-descubrir-de-forma-sostenible\/#breadcrumb\"},\"inLanguage\":\"es\",\"potentialAction\":[{\"@type\":\"ReadAction\",\"target\":[\"https:\/\/9staedte.de\/es\/wolfenbuttel-la-ciudad-de-lessing\/wolfenbuettel-descubrir-de-forma-sostenible\/\"]}]},{\"@type\":\"ImageObject\",\"inLanguage\":\"es\",\"@id\":\"https:\/\/9staedte.de\/es\/wolfenbuttel-la-ciudad-de-lessing\/wolfenbuettel-descubrir-de-forma-sostenible\/#primaryimage\",\"url\":\"https:\/\/9staedte.de\/wp-content\/uploads\/2023\/04\/Wallanlagen-Wolfenbuettel-c-Achim-Meurer.jpg\",\"contentUrl\":\"https:\/\/9staedte.de\/wp-content\/uploads\/2023\/04\/Wallanlagen-Wolfenbuettel-c-Achim-Meurer.jpg\",\"width\":1020,\"height\":560,\"caption\":\"Gr\u00fcnes Wolfenb\u00fcttel - Wallanlagen c) Achim Meurer\"},{\"@type\":\"BreadcrumbList\",\"@id\":\"https:\/\/9staedte.de\/es\/wolfenbuttel-la-ciudad-de-lessing\/wolfenbuettel-descubrir-de-forma-sostenible\/#breadcrumb\",\"itemListElement\":[{\"@type\":\"ListItem\",\"position\":1,\"name\":\"Startseite\",\"item\":\"https:\/\/9staedte.de\/es\/\"},{\"@type\":\"ListItem\",\"position\":2,\"name\":\"Wolfenb\u00fcttel &#8211; La ciudad de Lessing\",\"item\":\"https:\/\/9staedte.de\/es\/wolfenbuttel-la-ciudad-de-lessing\/\"},{\"@type\":\"ListItem\",\"position\":3,\"name\":\"Wolfenb\u00fcttel &#8211; descubrir de forma sostenible\"}]},{\"@type\":\"WebSite\",\"@id\":\"https:\/\/9staedte.de\/es\/#website\",\"url\":\"https:\/\/9staedte.de\/es\/\",\"name\":\"9 St\u00e4dte in Niedersachsen\",\"description\":\"\",\"publisher\":{\"@id\":\"https:\/\/9staedte.de\/es\/#organization\"},\"potentialAction\":[{\"@type\":\"SearchAction\",\"target\":{\"@type\":\"EntryPoint\",\"urlTemplate\":\"https:\/\/9staedte.de\/es\/?s={search_term_string}\"},\"query-input\":{\"@type\":\"PropertyValueSpecification\",\"valueRequired\":true,\"valueName\":\"search_term_string\"}}],\"inLanguage\":\"es\"},{\"@type\":\"Organization\",\"@id\":\"https:\/\/9staedte.de\/es\/#organization\",\"name\":\"9 St\u00e4dte in Niedersachsen\",\"url\":\"https:\/\/9staedte.de\/es\/\",\"logo\":{\"@type\":\"ImageObject\",\"inLanguage\":\"es\",\"@id\":\"https:\/\/9staedte.de\/es\/#\/schema\/logo\/image\/\",\"url\":\"https:\/\/9staedte.de\/wp-content\/uploads\/2025\/01\/9-neg-deutsch-2-1.png\",\"contentUrl\":\"https:\/\/9staedte.de\/wp-content\/uploads\/2025\/01\/9-neg-deutsch-2-1.png\",\"width\":190,\"height\":114,\"caption\":\"9 St\u00e4dte in Niedersachsen\"},\"image\":{\"@id\":\"https:\/\/9staedte.de\/es\/#\/schema\/logo\/image\/\"}}]}<\/script>\n<!-- \/ Yoast SEO plugin. -->","yoast_head_json":{"title":"Wolfenb\u00fcttel - descubrir de forma sostenible - 9 St\u00e4dte in Niedersachsen","robots":{"index":"index","follow":"follow","max-snippet":"max-snippet:-1","max-image-preview":"max-image-preview:large","max-video-preview":"max-video-preview:-1"},"canonical":"https:\/\/9staedte.de\/es\/wolfenbuttel-la-ciudad-de-lessing\/wolfenbuettel-descubrir-de-forma-sostenible\/","og_locale":"es_ES","og_type":"article","og_title":"Wolfenb\u00fcttel - descubrir de forma sostenible - 9 St\u00e4dte in Niedersachsen","og_description":"Vacaciones desde el principio Unas vacaciones en Wolfenb\u00fcttel comienzan con el paseo desde la estaci\u00f3n de tren hasta el alojamiento elegido. En pocos minutos se llega al casco antiguo a lo largo de hermosas casas de estilo wilhelminiano o a trav\u00e9s del Seeligerpark o el Wallanlage, con sus viejos \u00e1rboles. El casco antiguo impresiona con [&hellip;]","og_url":"https:\/\/9staedte.de\/es\/wolfenbuttel-la-ciudad-de-lessing\/wolfenbuettel-descubrir-de-forma-sostenible\/","og_site_name":"9 St\u00e4dte in Niedersachsen","article_modified_time":"2024-03-21T15:01:09+00:00","og_image":[{"width":1020,"height":560,"url":"https:\/\/9staedte.de\/wp-content\/uploads\/2023\/04\/Wallanlagen-Wolfenbuettel-c-Achim-Meurer.jpg","type":"image\/jpeg"}],"twitter_card":"summary_large_image","twitter_misc":{"Tiempo de lectura":"2 minutos"},"schema":{"@context":"https:\/\/schema.org","@graph":[{"@type":"WebPage","@id":"https:\/\/9staedte.de\/es\/wolfenbuttel-la-ciudad-de-lessing\/wolfenbuettel-descubrir-de-forma-sostenible\/","url":"https:\/\/9staedte.de\/es\/wolfenbuttel-la-ciudad-de-lessing\/wolfenbuettel-descubrir-de-forma-sostenible\/","name":"Wolfenb\u00fcttel - descubrir de forma sostenible - 9 St\u00e4dte in Niedersachsen","isPartOf":{"@id":"https:\/\/9staedte.de\/es\/#website"},"primaryImageOfPage":{"@id":"https:\/\/9staedte.de\/es\/wolfenbuttel-la-ciudad-de-lessing\/wolfenbuettel-descubrir-de-forma-sostenible\/#primaryimage"},"image":{"@id":"https:\/\/9staedte.de\/es\/wolfenbuttel-la-ciudad-de-lessing\/wolfenbuettel-descubrir-de-forma-sostenible\/#primaryimage"},"thumbnailUrl":"https:\/\/9staedte.de\/wp-content\/uploads\/2023\/04\/Wallanlagen-Wolfenbuettel-c-Achim-Meurer.jpg","datePublished":"2023-11-02T08:47:05+00:00","dateModified":"2024-03-21T15:01:09+00:00","breadcrumb":{"@id":"https:\/\/9staedte.de\/es\/wolfenbuttel-la-ciudad-de-lessing\/wolfenbuettel-descubrir-de-forma-sostenible\/#breadcrumb"},"inLanguage":"es","potentialAction":[{"@type":"ReadAction","target":["https:\/\/9staedte.de\/es\/wolfenbuttel-la-ciudad-de-lessing\/wolfenbuettel-descubrir-de-forma-sostenible\/"]}]},{"@type":"ImageObject","inLanguage":"es","@id":"https:\/\/9staedte.de\/es\/wolfenbuttel-la-ciudad-de-lessing\/wolfenbuettel-descubrir-de-forma-sostenible\/#primaryimage","url":"https:\/\/9staedte.de\/wp-content\/uploads\/2023\/04\/Wallanlagen-Wolfenbuettel-c-Achim-Meurer.jpg","contentUrl":"https:\/\/9staedte.de\/wp-content\/uploads\/2023\/04\/Wallanlagen-Wolfenbuettel-c-Achim-Meurer.jpg","width":1020,"height":560,"caption":"Gr\u00fcnes Wolfenb\u00fcttel - Wallanlagen c) Achim Meurer"},{"@type":"BreadcrumbList","@id":"https:\/\/9staedte.de\/es\/wolfenbuttel-la-ciudad-de-lessing\/wolfenbuettel-descubrir-de-forma-sostenible\/#breadcrumb","itemListElement":[{"@type":"ListItem","position":1,"name":"Startseite","item":"https:\/\/9staedte.de\/es\/"},{"@type":"ListItem","position":2,"name":"Wolfenb\u00fcttel &#8211; La ciudad de Lessing","item":"https:\/\/9staedte.de\/es\/wolfenbuttel-la-ciudad-de-lessing\/"},{"@type":"ListItem","position":3,"name":"Wolfenb\u00fcttel &#8211; descubrir de forma sostenible"}]},{"@type":"WebSite","@id":"https:\/\/9staedte.de\/es\/#website","url":"https:\/\/9staedte.de\/es\/","name":"9 St\u00e4dte in Niedersachsen","description":"","publisher":{"@id":"https:\/\/9staedte.de\/es\/#organization"},"potentialAction":[{"@type":"SearchAction","target":{"@type":"EntryPoint","urlTemplate":"https:\/\/9staedte.de\/es\/?s={search_term_string}"},"query-input":{"@type":"PropertyValueSpecification","valueRequired":true,"valueName":"search_term_string"}}],"inLanguage":"es"},{"@type":"Organization","@id":"https:\/\/9staedte.de\/es\/#organization","name":"9 St\u00e4dte in Niedersachsen","url":"https:\/\/9staedte.de\/es\/","logo":{"@type":"ImageObject","inLanguage":"es","@id":"https:\/\/9staedte.de\/es\/#\/schema\/logo\/image\/","url":"https:\/\/9staedte.de\/wp-content\/uploads\/2025\/01\/9-neg-deutsch-2-1.png","contentUrl":"https:\/\/9staedte.de\/wp-content\/uploads\/2025\/01\/9-neg-deutsch-2-1.png","width":190,"height":114,"caption":"9 St\u00e4dte in Niedersachsen"},"image":{"@id":"https:\/\/9staedte.de\/es\/#\/schema\/logo\/image\/"}}]}},"_links":{"self":[{"href":"https:\/\/9staedte.de\/es\/wp-json\/wp\/v2\/pages\/17080","targetHints":{"allow":["GET"]}}],"collection":[{"href":"https:\/\/9staedte.de\/es\/wp-json\/wp\/v2\/pages"}],"about":[{"href":"https:\/\/9staedte.de\/es\/wp-json\/wp\/v2\/types\/page"}],"author":[{"embeddable":true,"href":"https:\/\/9staedte.de\/es\/wp-json\/wp\/v2\/users\/1"}],"replies":[{"embeddable":true,"href":"https:\/\/9staedte.de\/es\/wp-json\/wp\/v2\/comments?post=17080"}],"version-history":[{"count":3,"href":"https:\/\/9staedte.de\/es\/wp-json\/wp\/v2\/pages\/17080\/revisions"}],"predecessor-version":[{"id":21528,"href":"https:\/\/9staedte.de\/es\/wp-json\/wp\/v2\/pages\/17080\/revisions\/21528"}],"up":[{"embeddable":true,"href":"https:\/\/9staedte.de\/es\/wp-json\/wp\/v2\/pages\/18023"}],"wp:featuredmedia":[{"embeddable":true,"href":"https:\/\/9staedte.de\/es\/wp-json\/wp\/v2\/media\/17088"}],"wp:attachment":[{"href":"https:\/\/9staedte.de\/es\/wp-json\/wp\/v2\/media?parent=17080"}],"wp:term":[{"taxonomy":"category","embeddable":true,"href":"https:\/\/9staedte.de\/es\/wp-json\/wp\/v2\/categories?post=17080"},{"taxonomy":"post_tag","embeddable":true,"href":"https:\/\/9staedte.de\/es\/wp-json\/wp\/v2\/tags?post=17080"},{"taxonomy":"ncap_cities_tax","embeddable":true,"href":"https:\/\/9staedte.de\/es\/wp-json\/wp\/v2\/ncap_cities_tax?post=17080"}],"curies":[{"name":"wp","href":"https:\/\/api.w.org\/{rel}","templated":true}]}}