{"id":17058,"date":"2023-11-02T09:47:03","date_gmt":"2023-11-02T08:47:03","guid":{"rendered":"https:\/\/9staedte.de\/informacion-sobre-guia-turistico-y-excursiones-en-hildesheim\/"},"modified":"2024-10-21T10:33:13","modified_gmt":"2024-10-21T08:33:13","slug":"informacion-sobre-guia-turistico-y-excursiones-en-hildesheim","status":"publish","type":"page","link":"https:\/\/9staedte.de\/es\/hildesheim-ciudad-patrimonio-de-la-humanidad-de-la-unesco\/informacion-sobre-guia-turistico-y-excursiones-en-hildesheim\/","title":{"rendered":"Informaci\u00f3n sobre gu\u00eda tur\u00edstico y excursiones en Hildesheim"},"content":{"rendered":"\n<h3 class=\"wp-block-heading\">Viajes de ida y vuelta por la regi\u00f3n<\/h3>\n\n\n\n<p>Ya se trate de la excursi\u00f3n por el Harz, de la ruta de los monasterios, a lo largo del r\u00edo Leine o de curiosidades sobre la patata y la tiza, deje que gu\u00edas expertos le muestren sorprendentes y destacados testimonios de la historia en los variados alrededores de Hildesheim. Juntos descubrir\u00e1n antiguas residencias principescas y aristocr\u00e1ticas, se maravillar\u00e1n ante tesoros art\u00edsticos e importantes complejos monasteriales o disfrutar\u00e1n de caf\u00e9 y pasteles en una azucarera como parte de las excursiones de medio d\u00eda y d\u00eda completo en autob\u00fas por la regi\u00f3n.<\/p>\n\n\n\n<p>Precios y condiciones a petici\u00f3n<br><\/p>\n\n\n\n<h4 class=\"wp-block-heading\">Patrimonio Mundial en la regi\u00f3n de Hildesheim<\/h4>\n\n\n\n<p>Conozca la regi\u00f3n de Hildesheim, \u00fanica en su g\u00e9nero y declarada Patrimonio de la Humanidad por la UNESCO:<br>En Hildesheim se visitar\u00e1 la iglesia de San Miguel y las obras en bronce del obispo Bernward. A continuaci\u00f3n, el viaje contin\u00faa hacia Alfeld, a la f\u00e1brica Fagus, el primer edificio industrial de la era moderna.<\/p>\n\n\n\n<p>Precios y condiciones a petici\u00f3n<\/p>\n\n\n\n<h4 class=\"wp-block-heading\">Para m\u00e1s informaci\u00f3n:<\/h4>\n\n\n\n<p>Informaci\u00f3n tur\u00edstica<br>Rathausstra\u00dfe 20 (Casa del Templo)<br>31134 Hildesheim<br>Tel.: + 49 (0) 5121 1798 &#8211; 0<br>Fax: + 49 (0) 5121 1798 &#8211; 88<br>Correo electr\u00f3nico: <a href=\"mailto:tourist-info@hildesheim-marketing.de\" target=\"_blank\" rel=\"noreferrer noopener\">tourist-info@hildesheim-marketing.de<\/a><br>Internet: <a href=\"https:\/\/www.hildesheim-tourismus.de\/\" target=\"_blank\" rel=\"noreferrer noopener\">www.hildesheim-tourismus.de<\/a><\/p>\n","protected":false},"excerpt":{"rendered":"<p>Viajes de ida y vuelta por la regi\u00f3n Ya se trate de la excursi\u00f3n por el Harz, de la ruta de los monasterios, a lo largo del r\u00edo Leine o de curiosidades sobre la patata y la tiza, deje que gu\u00edas expertos le muestren sorprendentes y destacados testimonios de la historia en los variados alrededores [&hellip;]<\/p>\n","protected":false},"author":1,"featured_media":17070,"parent":17958,"menu_order":0,"comment_status":"closed","ping_status":"closed","template":"pagetemplates\/template-stadtthema.php","meta":{"_acf_changed":false,"footnotes":""},"categories":[],"tags":[],"ncap_cities_tax":[466,1306],"class_list":["post-17058","page","type-page","status-publish","has-post-thumbnail","hentry","ncap_cities_tax-hildesheim-es","ncap_cities_tax-reiseleitung-und-ausflugen-hildesheim-es"],"acf":[],"yoast_head":"<!-- This site is optimized with the Yoast SEO plugin v26.8 - https:\/\/yoast.com\/product\/yoast-seo-wordpress\/ -->\n<title>Informaci\u00f3n sobre gu\u00eda tur\u00edstico y excursiones en Hildesheim - 9 St\u00e4dte in Niedersachsen<\/title>\n<meta name=\"robots\" content=\"index, follow, max-snippet:-1, max-image-preview:large, max-video-preview:-1\" \/>\n<link rel=\"canonical\" href=\"https:\/\/9staedte.de\/es\/hildesheim-ciudad-patrimonio-de-la-humanidad-de-la-unesco\/informacion-sobre-guia-turistico-y-excursiones-en-hildesheim\/\" \/>\n<meta property=\"og:locale\" content=\"es_ES\" \/>\n<meta property=\"og:type\" content=\"article\" \/>\n<meta property=\"og:title\" content=\"Informaci\u00f3n sobre gu\u00eda tur\u00edstico y excursiones en Hildesheim - 9 St\u00e4dte in Niedersachsen\" \/>\n<meta property=\"og:description\" content=\"Viajes de ida y vuelta por la regi\u00f3n Ya se trate de la excursi\u00f3n por el Harz, de la ruta de los monasterios, a lo largo del r\u00edo Leine o de curiosidades sobre la patata y la tiza, deje que gu\u00edas expertos le muestren sorprendentes y destacados testimonios de la historia en los variados alrededores [&hellip;]\" \/>\n<meta property=\"og:url\" content=\"https:\/\/9staedte.de\/es\/hildesheim-ciudad-patrimonio-de-la-humanidad-de-la-unesco\/informacion-sobre-guia-turistico-y-excursiones-en-hildesheim\/\" \/>\n<meta property=\"og:site_name\" content=\"9 St\u00e4dte in Niedersachsen\" \/>\n<meta property=\"article:modified_time\" content=\"2024-10-21T08:33:13+00:00\" \/>\n<meta property=\"og:image\" content=\"https:\/\/9staedte.de\/wp-content\/uploads\/2023\/03\/FagusWerk-in-Alfeld-c-Fagus-Werk.jpg\" \/>\n\t<meta property=\"og:image:width\" content=\"945\" \/>\n\t<meta property=\"og:image:height\" content=\"531\" \/>\n\t<meta property=\"og:image:type\" content=\"image\/jpeg\" \/>\n<meta name=\"twitter:card\" content=\"summary_large_image\" \/>\n<meta name=\"twitter:label1\" content=\"Tiempo de lectura\" \/>\n\t<meta name=\"twitter:data1\" content=\"2 minutos\" \/>\n<script type=\"application\/ld+json\" class=\"yoast-schema-graph\">{\"@context\":\"https:\/\/schema.org\",\"@graph\":[{\"@type\":\"WebPage\",\"@id\":\"https:\/\/9staedte.de\/es\/hildesheim-ciudad-patrimonio-de-la-humanidad-de-la-unesco\/informacion-sobre-guia-turistico-y-excursiones-en-hildesheim\/\",\"url\":\"https:\/\/9staedte.de\/es\/hildesheim-ciudad-patrimonio-de-la-humanidad-de-la-unesco\/informacion-sobre-guia-turistico-y-excursiones-en-hildesheim\/\",\"name\":\"Informaci\u00f3n sobre gu\u00eda tur\u00edstico y excursiones en Hildesheim - 9 St\u00e4dte in Niedersachsen\",\"isPartOf\":{\"@id\":\"https:\/\/9staedte.de\/es\/#website\"},\"primaryImageOfPage\":{\"@id\":\"https:\/\/9staedte.de\/es\/hildesheim-ciudad-patrimonio-de-la-humanidad-de-la-unesco\/informacion-sobre-guia-turistico-y-excursiones-en-hildesheim\/#primaryimage\"},\"image\":{\"@id\":\"https:\/\/9staedte.de\/es\/hildesheim-ciudad-patrimonio-de-la-humanidad-de-la-unesco\/informacion-sobre-guia-turistico-y-excursiones-en-hildesheim\/#primaryimage\"},\"thumbnailUrl\":\"https:\/\/9staedte.de\/wp-content\/uploads\/2023\/03\/FagusWerk-in-Alfeld-c-Fagus-Werk.jpg\",\"datePublished\":\"2023-11-02T08:47:03+00:00\",\"dateModified\":\"2024-10-21T08:33:13+00:00\",\"breadcrumb\":{\"@id\":\"https:\/\/9staedte.de\/es\/hildesheim-ciudad-patrimonio-de-la-humanidad-de-la-unesco\/informacion-sobre-guia-turistico-y-excursiones-en-hildesheim\/#breadcrumb\"},\"inLanguage\":\"es\",\"potentialAction\":[{\"@type\":\"ReadAction\",\"target\":[\"https:\/\/9staedte.de\/es\/hildesheim-ciudad-patrimonio-de-la-humanidad-de-la-unesco\/informacion-sobre-guia-turistico-y-excursiones-en-hildesheim\/\"]}]},{\"@type\":\"ImageObject\",\"inLanguage\":\"es\",\"@id\":\"https:\/\/9staedte.de\/es\/hildesheim-ciudad-patrimonio-de-la-humanidad-de-la-unesco\/informacion-sobre-guia-turistico-y-excursiones-en-hildesheim\/#primaryimage\",\"url\":\"https:\/\/9staedte.de\/wp-content\/uploads\/2023\/03\/FagusWerk-in-Alfeld-c-Fagus-Werk.jpg\",\"contentUrl\":\"https:\/\/9staedte.de\/wp-content\/uploads\/2023\/03\/FagusWerk-in-Alfeld-c-Fagus-Werk.jpg\",\"width\":945,\"height\":531,\"caption\":\"FagusWerk in Alfeld c) Fagus Werk\"},{\"@type\":\"BreadcrumbList\",\"@id\":\"https:\/\/9staedte.de\/es\/hildesheim-ciudad-patrimonio-de-la-humanidad-de-la-unesco\/informacion-sobre-guia-turistico-y-excursiones-en-hildesheim\/#breadcrumb\",\"itemListElement\":[{\"@type\":\"ListItem\",\"position\":1,\"name\":\"Startseite\",\"item\":\"https:\/\/9staedte.de\/es\/\"},{\"@type\":\"ListItem\",\"position\":2,\"name\":\"Hildesheim &#8211; Ciudad Patrimonio de la Humanidad de la UNESCO\",\"item\":\"https:\/\/9staedte.de\/es\/hildesheim-ciudad-patrimonio-de-la-humanidad-de-la-unesco\/\"},{\"@type\":\"ListItem\",\"position\":3,\"name\":\"Informaci\u00f3n sobre gu\u00eda tur\u00edstico y excursiones en Hildesheim\"}]},{\"@type\":\"WebSite\",\"@id\":\"https:\/\/9staedte.de\/es\/#website\",\"url\":\"https:\/\/9staedte.de\/es\/\",\"name\":\"9 St\u00e4dte in Niedersachsen\",\"description\":\"\",\"publisher\":{\"@id\":\"https:\/\/9staedte.de\/es\/#organization\"},\"potentialAction\":[{\"@type\":\"SearchAction\",\"target\":{\"@type\":\"EntryPoint\",\"urlTemplate\":\"https:\/\/9staedte.de\/es\/?s={search_term_string}\"},\"query-input\":{\"@type\":\"PropertyValueSpecification\",\"valueRequired\":true,\"valueName\":\"search_term_string\"}}],\"inLanguage\":\"es\"},{\"@type\":\"Organization\",\"@id\":\"https:\/\/9staedte.de\/es\/#organization\",\"name\":\"9 St\u00e4dte in Niedersachsen\",\"url\":\"https:\/\/9staedte.de\/es\/\",\"logo\":{\"@type\":\"ImageObject\",\"inLanguage\":\"es\",\"@id\":\"https:\/\/9staedte.de\/es\/#\/schema\/logo\/image\/\",\"url\":\"https:\/\/9staedte.de\/wp-content\/uploads\/2025\/01\/9-neg-deutsch-2-1.png\",\"contentUrl\":\"https:\/\/9staedte.de\/wp-content\/uploads\/2025\/01\/9-neg-deutsch-2-1.png\",\"width\":190,\"height\":114,\"caption\":\"9 St\u00e4dte in Niedersachsen\"},\"image\":{\"@id\":\"https:\/\/9staedte.de\/es\/#\/schema\/logo\/image\/\"}}]}<\/script>\n<!-- \/ Yoast SEO plugin. -->","yoast_head_json":{"title":"Informaci\u00f3n sobre gu\u00eda tur\u00edstico y excursiones en Hildesheim - 9 St\u00e4dte in Niedersachsen","robots":{"index":"index","follow":"follow","max-snippet":"max-snippet:-1","max-image-preview":"max-image-preview:large","max-video-preview":"max-video-preview:-1"},"canonical":"https:\/\/9staedte.de\/es\/hildesheim-ciudad-patrimonio-de-la-humanidad-de-la-unesco\/informacion-sobre-guia-turistico-y-excursiones-en-hildesheim\/","og_locale":"es_ES","og_type":"article","og_title":"Informaci\u00f3n sobre gu\u00eda tur\u00edstico y excursiones en Hildesheim - 9 St\u00e4dte in Niedersachsen","og_description":"Viajes de ida y vuelta por la regi\u00f3n Ya se trate de la excursi\u00f3n por el Harz, de la ruta de los monasterios, a lo largo del r\u00edo Leine o de curiosidades sobre la patata y la tiza, deje que gu\u00edas expertos le muestren sorprendentes y destacados testimonios de la historia en los variados alrededores [&hellip;]","og_url":"https:\/\/9staedte.de\/es\/hildesheim-ciudad-patrimonio-de-la-humanidad-de-la-unesco\/informacion-sobre-guia-turistico-y-excursiones-en-hildesheim\/","og_site_name":"9 St\u00e4dte in Niedersachsen","article_modified_time":"2024-10-21T08:33:13+00:00","og_image":[{"width":945,"height":531,"url":"https:\/\/9staedte.de\/wp-content\/uploads\/2023\/03\/FagusWerk-in-Alfeld-c-Fagus-Werk.jpg","type":"image\/jpeg"}],"twitter_card":"summary_large_image","twitter_misc":{"Tiempo de lectura":"2 minutos"},"schema":{"@context":"https:\/\/schema.org","@graph":[{"@type":"WebPage","@id":"https:\/\/9staedte.de\/es\/hildesheim-ciudad-patrimonio-de-la-humanidad-de-la-unesco\/informacion-sobre-guia-turistico-y-excursiones-en-hildesheim\/","url":"https:\/\/9staedte.de\/es\/hildesheim-ciudad-patrimonio-de-la-humanidad-de-la-unesco\/informacion-sobre-guia-turistico-y-excursiones-en-hildesheim\/","name":"Informaci\u00f3n sobre gu\u00eda tur\u00edstico y excursiones en Hildesheim - 9 St\u00e4dte in Niedersachsen","isPartOf":{"@id":"https:\/\/9staedte.de\/es\/#website"},"primaryImageOfPage":{"@id":"https:\/\/9staedte.de\/es\/hildesheim-ciudad-patrimonio-de-la-humanidad-de-la-unesco\/informacion-sobre-guia-turistico-y-excursiones-en-hildesheim\/#primaryimage"},"image":{"@id":"https:\/\/9staedte.de\/es\/hildesheim-ciudad-patrimonio-de-la-humanidad-de-la-unesco\/informacion-sobre-guia-turistico-y-excursiones-en-hildesheim\/#primaryimage"},"thumbnailUrl":"https:\/\/9staedte.de\/wp-content\/uploads\/2023\/03\/FagusWerk-in-Alfeld-c-Fagus-Werk.jpg","datePublished":"2023-11-02T08:47:03+00:00","dateModified":"2024-10-21T08:33:13+00:00","breadcrumb":{"@id":"https:\/\/9staedte.de\/es\/hildesheim-ciudad-patrimonio-de-la-humanidad-de-la-unesco\/informacion-sobre-guia-turistico-y-excursiones-en-hildesheim\/#breadcrumb"},"inLanguage":"es","potentialAction":[{"@type":"ReadAction","target":["https:\/\/9staedte.de\/es\/hildesheim-ciudad-patrimonio-de-la-humanidad-de-la-unesco\/informacion-sobre-guia-turistico-y-excursiones-en-hildesheim\/"]}]},{"@type":"ImageObject","inLanguage":"es","@id":"https:\/\/9staedte.de\/es\/hildesheim-ciudad-patrimonio-de-la-humanidad-de-la-unesco\/informacion-sobre-guia-turistico-y-excursiones-en-hildesheim\/#primaryimage","url":"https:\/\/9staedte.de\/wp-content\/uploads\/2023\/03\/FagusWerk-in-Alfeld-c-Fagus-Werk.jpg","contentUrl":"https:\/\/9staedte.de\/wp-content\/uploads\/2023\/03\/FagusWerk-in-Alfeld-c-Fagus-Werk.jpg","width":945,"height":531,"caption":"FagusWerk in Alfeld c) Fagus Werk"},{"@type":"BreadcrumbList","@id":"https:\/\/9staedte.de\/es\/hildesheim-ciudad-patrimonio-de-la-humanidad-de-la-unesco\/informacion-sobre-guia-turistico-y-excursiones-en-hildesheim\/#breadcrumb","itemListElement":[{"@type":"ListItem","position":1,"name":"Startseite","item":"https:\/\/9staedte.de\/es\/"},{"@type":"ListItem","position":2,"name":"Hildesheim &#8211; Ciudad Patrimonio de la Humanidad de la UNESCO","item":"https:\/\/9staedte.de\/es\/hildesheim-ciudad-patrimonio-de-la-humanidad-de-la-unesco\/"},{"@type":"ListItem","position":3,"name":"Informaci\u00f3n sobre gu\u00eda tur\u00edstico y excursiones en Hildesheim"}]},{"@type":"WebSite","@id":"https:\/\/9staedte.de\/es\/#website","url":"https:\/\/9staedte.de\/es\/","name":"9 St\u00e4dte in Niedersachsen","description":"","publisher":{"@id":"https:\/\/9staedte.de\/es\/#organization"},"potentialAction":[{"@type":"SearchAction","target":{"@type":"EntryPoint","urlTemplate":"https:\/\/9staedte.de\/es\/?s={search_term_string}"},"query-input":{"@type":"PropertyValueSpecification","valueRequired":true,"valueName":"search_term_string"}}],"inLanguage":"es"},{"@type":"Organization","@id":"https:\/\/9staedte.de\/es\/#organization","name":"9 St\u00e4dte in Niedersachsen","url":"https:\/\/9staedte.de\/es\/","logo":{"@type":"ImageObject","inLanguage":"es","@id":"https:\/\/9staedte.de\/es\/#\/schema\/logo\/image\/","url":"https:\/\/9staedte.de\/wp-content\/uploads\/2025\/01\/9-neg-deutsch-2-1.png","contentUrl":"https:\/\/9staedte.de\/wp-content\/uploads\/2025\/01\/9-neg-deutsch-2-1.png","width":190,"height":114,"caption":"9 St\u00e4dte in Niedersachsen"},"image":{"@id":"https:\/\/9staedte.de\/es\/#\/schema\/logo\/image\/"}}]}},"_links":{"self":[{"href":"https:\/\/9staedte.de\/es\/wp-json\/wp\/v2\/pages\/17058","targetHints":{"allow":["GET"]}}],"collection":[{"href":"https:\/\/9staedte.de\/es\/wp-json\/wp\/v2\/pages"}],"about":[{"href":"https:\/\/9staedte.de\/es\/wp-json\/wp\/v2\/types\/page"}],"author":[{"embeddable":true,"href":"https:\/\/9staedte.de\/es\/wp-json\/wp\/v2\/users\/1"}],"replies":[{"embeddable":true,"href":"https:\/\/9staedte.de\/es\/wp-json\/wp\/v2\/comments?post=17058"}],"version-history":[{"count":3,"href":"https:\/\/9staedte.de\/es\/wp-json\/wp\/v2\/pages\/17058\/revisions"}],"predecessor-version":[{"id":24015,"href":"https:\/\/9staedte.de\/es\/wp-json\/wp\/v2\/pages\/17058\/revisions\/24015"}],"up":[{"embeddable":true,"href":"https:\/\/9staedte.de\/es\/wp-json\/wp\/v2\/pages\/17958"}],"wp:featuredmedia":[{"embeddable":true,"href":"https:\/\/9staedte.de\/es\/wp-json\/wp\/v2\/media\/17070"}],"wp:attachment":[{"href":"https:\/\/9staedte.de\/es\/wp-json\/wp\/v2\/media?parent=17058"}],"wp:term":[{"taxonomy":"category","embeddable":true,"href":"https:\/\/9staedte.de\/es\/wp-json\/wp\/v2\/categories?post=17058"},{"taxonomy":"post_tag","embeddable":true,"href":"https:\/\/9staedte.de\/es\/wp-json\/wp\/v2\/tags?post=17058"},{"taxonomy":"ncap_cities_tax","embeddable":true,"href":"https:\/\/9staedte.de\/es\/wp-json\/wp\/v2\/ncap_cities_tax?post=17058"}],"curies":[{"name":"wp","href":"https:\/\/api.w.org\/{rel}","templated":true}]}}