{"id":17055,"date":"2023-11-02T09:47:02","date_gmt":"2023-11-02T08:47:02","guid":{"rendered":"https:\/\/9staedte.de\/mercado-de-navidad-en-wolfenbuettel\/"},"modified":"2026-03-23T17:05:28","modified_gmt":"2026-03-23T16:05:28","slug":"mercado-de-navidad-en-wolfenbuettel","status":"publish","type":"page","link":"https:\/\/9staedte.de\/es\/wolfenbuttel-la-ciudad-de-lessing\/mercado-de-navidad-en-wolfenbuettel\/","title":{"rendered":"Mercado de Navidad en Wolfenb\u00fcttel"},"content":{"rendered":"\n<h2 class=\"wp-block-heading\">Esp\u00edritu navide\u00f1o en la ciudad de Lessing<\/h2>\n\n<p>Desde 1585, el mercado navide\u00f1o de Wolfenb\u00fcttel brilla en el centro hist\u00f3rico de la ciudad. Un a\u00f1o m\u00e1s, las caba\u00f1as decoradas con cari\u00f1o, el aroma de los manjares navide\u00f1os, los centelleantes \u00e1rboles de Navidad, las ideas de regalos festivos y un programa ambientado encantan a los visitantes de la Schlossplatz. La m\u00fasica navide\u00f1a crea el ambiente para las fiestas m\u00e1s bonitas del a\u00f1o. Y, por supuesto, Pap\u00e1 Noel tambi\u00e9n se deja caer por all\u00ed. Los fines de semana de Adviento, el mercado de artesan\u00eda de la Kommisse ofrece adornos navide\u00f1os hechos a mano y mucho m\u00e1s.<\/p>\n\n<p><\/p>\n\n<p><\/p>\n\n<p><a href=\"https:\/\/www.wolfenbuettel.de\/Stadtleben\/Veranstaltungskalender\/Weihnachtsmarkt\/\" target=\"_blank\" rel=\"noreferrer noopener\">Para m\u00e1s informaci\u00f3n<\/a><\/p>\n\n\n<div class=\"banner-wrapper\">\n  <div class=\"banner-inner \">\n      <div class=\"img-container\">\n      <div class=\"img-wrapper\">\n        <img decoding=\"async\" src=\"https:\/\/9staedte.de\/wp-content\/smush-webp\/2025\/10\/Wolfenbuettel-Weihnachtskugel-auf-dem-Stadtmarkt-c-Stadt-Wolfenbuettel-Christian-Bierwagen.jpg.webp\" alt=\"En la plaza del mercado de Wolfenb\u00fcttel hay una gran esfera de luces con forma de bola navide\u00f1a. Junto a ella hay un \u00e1rbol de Navidad. Al fondo se ven casas de entramado con muchas ventanas iluminadas. La gente camina por la plaza.\" \/>\n                  <div class=\"thumbnail-label\">\n            <span>Wolfenb\u00fcttel Weihnachtskugel auf dem Stadtmarkt (c) Stadt Wolfenb\u00fcttel Christian Bierwagen<\/span>\n          <\/div>\n              <\/div>\n    <\/div>\n        <div class=\"text-container\">\n      <div class=\"content\">\n        <h2 class=\"h3\">9 consejos para visitar el mercado de Navidad de Wolfenb\u00fcttel<\/h2>\n<p>&#8211; Disfruta de manjares y delicias navide\u00f1as en la Schlossplatz<br \/>\n&#8211; Adorno navide\u00f1o iluminado a pie<br \/>\n&#8211; Figuras navide\u00f1as y centro de la ciudad iluminado<br \/>\n&#8211; Recorre el mercado de artesan\u00eda de Adviento en la Kommisse<br \/>\n&#8211; Visita nocturna navide\u00f1a con vale para comida &#8211; Programa familiar diario en el escenario &#8211; Visita a iglesias importantes &#8211; No te olvides de la Lessinghaus &#8211; Adorno exclusivo para el \u00e1rbol de Navidad con motivo de Wolfenb\u00fcttel Bono de comida<br \/>\n&#8211; Programa familiar diario en el escenario<br \/>\n&#8211; Visita a iglesias importantes<br \/>\n&#8211; No te olvides de la Lessinghaus<br \/>\n&#8211; Exclusiva chucher\u00eda para el \u00e1rbol de Navidad con motivo de Wolfenb\u00fcttel disponible en la Oficina de Informaci\u00f3n Tur\u00edstica <\/p>\n<p>&nbsp;<\/p>\n      <\/div>\n    <\/div>\n    <\/div>\n<\/div>\n\n\n<p class=\"h3\"><strong>Mercado de Navidad en Wolfenb\u00fcttel<\/strong><\/p>\n\n <div class=\"brlbs-cmpnt-container brlbs-cmpnt-content-blocker brlbs-cmpnt-with-individual-styles\" data-borlabs-cookie-content-blocker-id=\"google-maps\" data-borlabs-cookie-content=\"PGlmcmFtZSBzcmM9Imh0dHBzOi8vd3d3Lmdvb2dsZS5jb20vbWFwcy9kL3UvMC9lbWJlZD9taWQ9MXJWenpJWVlMeUdJc0VfWnJ5RWxsUlFmcGNCakpaN00mZWhiYz0yRTMxMkYiIHdpZHRoPSI2NDAiIGhlaWdodD0iNDgwIj48L2lmcmFtZT4=\"><div class=\"brlbs-cmpnt-cb-preset-b brlbs-cmpnt-cb-google-maps\"> <div class=\"brlbs-cmpnt-cb-thumbnail\" style=\"background-image: url('https:\/\/9staedte.de\/wp-content\/uploads\/borlabs-cookie\/1\/brlbs-cb-google-maps-main.png')\"><\/div> <div class=\"brlbs-cmpnt-cb-main\"> <div class=\"brlbs-cmpnt-cb-content\"> <p class=\"brlbs-cmpnt-cb-description\">Est\u00e1s viendo un contenido de marcador de posici\u00f3n de <strong>Google Maps<\/strong>. Para acceder al contenido real, haz clic en el siguiente bot\u00f3n. Ten en cuenta que al hacerlo compartir\u00e1s datos con terceros proveedores.<\/p> <a class=\"brlbs-cmpnt-cb-provider-toggle\" href=\"#\" data-borlabs-cookie-show-provider-information role=\"button\">M\u00e1s informaci\u00f3n<\/a> <\/div> <div class=\"brlbs-cmpnt-cb-buttons\"> <a class=\"brlbs-cmpnt-cb-btn\" href=\"#\" data-borlabs-cookie-unblock role=\"button\">Desbloquear contenido<\/a> <a class=\"brlbs-cmpnt-cb-btn\" href=\"#\" data-borlabs-cookie-accept-service role=\"button\" style=\"display: inherit\">Aceptar el servicio requerido y desbloquear el contenido<\/a> <\/div> <\/div> <\/div><\/div>\n\n<div style=\"height:56px\" aria-hidden=\"true\" class=\"wp-block-spacer\"><\/div>\n\n<h2 class=\"wp-block-heading h3\"><strong>Paquete de experiencias festivas en el mercado navide\u00f1o de Wolfenb\u00fcttel<\/strong><\/h2>\n\n<p>Navidad en la ciudad de Lessing: el mercado navide\u00f1o de Wolfenb\u00fcttel<\/p>\n\n<p>El rom\u00e1ntico casco antiguo, las atracciones culturales y un encantador mercado navide\u00f1o le ofrecen un fin de semana de Adviento lleno de ambiente en la ciudad Lessing de Wolfenb\u00fcttel:<\/p>\n\n<p><br\/><br\/><br\/>&#8211; 2 noches\/noche en hoteles seleccionados &#8211; 1 tarjeta echt-lessig &#8211; 1 visita navide\u00f1a de la ciudad + vale para comer en el mercado de Navidad &#8211; Regalo de Navidad<\/p>\n\n<p>Precio: a petici\u00f3n<\/p>\n\n<p>Reserva previa<\/p>\n\n<p>Se aplican las Condiciones Generales de la Ciudad de Wolfenb\u00fcttel.<\/p>\n","protected":false},"excerpt":{"rendered":"<p>Esp\u00edritu navide\u00f1o en la ciudad de Lessing Desde 1585, el mercado navide\u00f1o de Wolfenb\u00fcttel brilla en el centro hist\u00f3rico de la ciudad. Un a\u00f1o m\u00e1s, las caba\u00f1as decoradas con cari\u00f1o, el aroma de los manjares navide\u00f1os, los centelleantes \u00e1rboles de Navidad, las ideas de regalos festivos y un programa ambientado encantan a los visitantes de [&hellip;]<\/p>\n","protected":false},"author":1,"featured_media":20282,"parent":18023,"menu_order":0,"comment_status":"closed","ping_status":"closed","template":"pagetemplates\/template-stadtthema.php","meta":{"_acf_changed":false,"footnotes":""},"categories":[],"tags":[],"ncap_cities_tax":[543,472],"class_list":["post-17055","page","type-page","status-publish","has-post-thumbnail","hentry","ncap_cities_tax-weihnachtsmarkte-wolfenbuettel-es-wolfenbuettel-es","ncap_cities_tax-wolfenbuettel-es"],"acf":[],"yoast_head":"<!-- This site is optimized with the Yoast SEO plugin v26.8 - https:\/\/yoast.com\/product\/yoast-seo-wordpress\/ -->\n<title>Mercado de Navidad en Wolfenb\u00fcttel - 9 St\u00e4dte in Niedersachsen<\/title>\n<meta name=\"description\" content=\"Los singulares puestos con entramado de madera y el ambiente hist\u00f3rico de la plaza Schlossplatz crean una atm\u00f3sfera navide\u00f1a en la ciudad Lessing de Wolfenb\u00fcttel.\" \/>\n<meta name=\"robots\" content=\"index, follow, max-snippet:-1, max-image-preview:large, max-video-preview:-1\" \/>\n<link rel=\"canonical\" href=\"https:\/\/9staedte.de\/es\/wolfenbuttel-la-ciudad-de-lessing\/mercado-de-navidad-en-wolfenbuettel\/\" \/>\n<meta property=\"og:locale\" content=\"es_ES\" \/>\n<meta property=\"og:type\" content=\"article\" \/>\n<meta property=\"og:title\" content=\"Mercado de Navidad en Wolfenb\u00fcttel - 9 St\u00e4dte in Niedersachsen\" \/>\n<meta property=\"og:description\" content=\"Los singulares puestos con entramado de madera y el ambiente hist\u00f3rico de la plaza Schlossplatz crean una atm\u00f3sfera navide\u00f1a en la ciudad Lessing de Wolfenb\u00fcttel.\" \/>\n<meta property=\"og:url\" content=\"https:\/\/9staedte.de\/es\/wolfenbuttel-la-ciudad-de-lessing\/mercado-de-navidad-en-wolfenbuettel\/\" \/>\n<meta property=\"og:site_name\" content=\"9 St\u00e4dte in Niedersachsen\" \/>\n<meta property=\"article:modified_time\" content=\"2026-03-23T16:05:28+00:00\" \/>\n<meta property=\"og:image\" content=\"https:\/\/9staedte.de\/wp-content\/uploads\/2023\/12\/Weihnachtsmarkt-Wolfenbuettel-2023-c-Stadt-Wolfenbuettel.jpg\" \/>\n\t<meta property=\"og:image:width\" content=\"1020\" \/>\n\t<meta property=\"og:image:height\" content=\"560\" \/>\n\t<meta property=\"og:image:type\" content=\"image\/jpeg\" \/>\n<meta name=\"twitter:card\" content=\"summary_large_image\" \/>\n<meta name=\"twitter:label1\" content=\"Tiempo de lectura\" \/>\n\t<meta name=\"twitter:data1\" content=\"2 minutos\" \/>\n<script type=\"application\/ld+json\" class=\"yoast-schema-graph\">{\"@context\":\"https:\/\/schema.org\",\"@graph\":[{\"@type\":\"WebPage\",\"@id\":\"https:\/\/9staedte.de\/es\/wolfenbuttel-la-ciudad-de-lessing\/mercado-de-navidad-en-wolfenbuettel\/\",\"url\":\"https:\/\/9staedte.de\/es\/wolfenbuttel-la-ciudad-de-lessing\/mercado-de-navidad-en-wolfenbuettel\/\",\"name\":\"Mercado de Navidad en Wolfenb\u00fcttel - 9 St\u00e4dte in Niedersachsen\",\"isPartOf\":{\"@id\":\"https:\/\/9staedte.de\/es\/#website\"},\"primaryImageOfPage\":{\"@id\":\"https:\/\/9staedte.de\/es\/wolfenbuttel-la-ciudad-de-lessing\/mercado-de-navidad-en-wolfenbuettel\/#primaryimage\"},\"image\":{\"@id\":\"https:\/\/9staedte.de\/es\/wolfenbuttel-la-ciudad-de-lessing\/mercado-de-navidad-en-wolfenbuettel\/#primaryimage\"},\"thumbnailUrl\":\"https:\/\/9staedte.de\/wp-content\/uploads\/2023\/12\/Weihnachtsmarkt-Wolfenbuettel-2023-c-Stadt-Wolfenbuettel.jpg\",\"datePublished\":\"2023-11-02T08:47:02+00:00\",\"dateModified\":\"2026-03-23T16:05:28+00:00\",\"description\":\"Los singulares puestos con entramado de madera y el ambiente hist\u00f3rico de la plaza Schlossplatz crean una atm\u00f3sfera navide\u00f1a en la ciudad Lessing de Wolfenb\u00fcttel.\",\"breadcrumb\":{\"@id\":\"https:\/\/9staedte.de\/es\/wolfenbuttel-la-ciudad-de-lessing\/mercado-de-navidad-en-wolfenbuettel\/#breadcrumb\"},\"inLanguage\":\"es\",\"potentialAction\":[{\"@type\":\"ReadAction\",\"target\":[\"https:\/\/9staedte.de\/es\/wolfenbuttel-la-ciudad-de-lessing\/mercado-de-navidad-en-wolfenbuettel\/\"]}]},{\"@type\":\"ImageObject\",\"inLanguage\":\"es\",\"@id\":\"https:\/\/9staedte.de\/es\/wolfenbuttel-la-ciudad-de-lessing\/mercado-de-navidad-en-wolfenbuettel\/#primaryimage\",\"url\":\"https:\/\/9staedte.de\/wp-content\/uploads\/2023\/12\/Weihnachtsmarkt-Wolfenbuettel-2023-c-Stadt-Wolfenbuettel.jpg\",\"contentUrl\":\"https:\/\/9staedte.de\/wp-content\/uploads\/2023\/12\/Weihnachtsmarkt-Wolfenbuettel-2023-c-Stadt-Wolfenbuettel.jpg\",\"width\":1020,\"height\":560,\"caption\":\"Weihnachtsmarkt Wolfenb\u00fcttel 2023 c) Stadt Wolfenb\u00fcttel\"},{\"@type\":\"BreadcrumbList\",\"@id\":\"https:\/\/9staedte.de\/es\/wolfenbuttel-la-ciudad-de-lessing\/mercado-de-navidad-en-wolfenbuettel\/#breadcrumb\",\"itemListElement\":[{\"@type\":\"ListItem\",\"position\":1,\"name\":\"Startseite\",\"item\":\"https:\/\/9staedte.de\/es\/\"},{\"@type\":\"ListItem\",\"position\":2,\"name\":\"Wolfenb\u00fcttel &#8211; La ciudad de Lessing\",\"item\":\"https:\/\/9staedte.de\/es\/wolfenbuttel-la-ciudad-de-lessing\/\"},{\"@type\":\"ListItem\",\"position\":3,\"name\":\"Mercado de Navidad en Wolfenb\u00fcttel\"}]},{\"@type\":\"WebSite\",\"@id\":\"https:\/\/9staedte.de\/es\/#website\",\"url\":\"https:\/\/9staedte.de\/es\/\",\"name\":\"9 St\u00e4dte in Niedersachsen\",\"description\":\"\",\"publisher\":{\"@id\":\"https:\/\/9staedte.de\/es\/#organization\"},\"potentialAction\":[{\"@type\":\"SearchAction\",\"target\":{\"@type\":\"EntryPoint\",\"urlTemplate\":\"https:\/\/9staedte.de\/es\/?s={search_term_string}\"},\"query-input\":{\"@type\":\"PropertyValueSpecification\",\"valueRequired\":true,\"valueName\":\"search_term_string\"}}],\"inLanguage\":\"es\"},{\"@type\":\"Organization\",\"@id\":\"https:\/\/9staedte.de\/es\/#organization\",\"name\":\"9 St\u00e4dte in Niedersachsen\",\"url\":\"https:\/\/9staedte.de\/es\/\",\"logo\":{\"@type\":\"ImageObject\",\"inLanguage\":\"es\",\"@id\":\"https:\/\/9staedte.de\/es\/#\/schema\/logo\/image\/\",\"url\":\"https:\/\/9staedte.de\/wp-content\/uploads\/2025\/01\/9-neg-deutsch-2-1.png\",\"contentUrl\":\"https:\/\/9staedte.de\/wp-content\/uploads\/2025\/01\/9-neg-deutsch-2-1.png\",\"width\":190,\"height\":114,\"caption\":\"9 St\u00e4dte in Niedersachsen\"},\"image\":{\"@id\":\"https:\/\/9staedte.de\/es\/#\/schema\/logo\/image\/\"}}]}<\/script>\n<!-- \/ Yoast SEO plugin. -->","yoast_head_json":{"title":"Mercado de Navidad en Wolfenb\u00fcttel - 9 St\u00e4dte in Niedersachsen","description":"Los singulares puestos con entramado de madera y el ambiente hist\u00f3rico de la plaza Schlossplatz crean una atm\u00f3sfera navide\u00f1a en la ciudad Lessing de Wolfenb\u00fcttel.","robots":{"index":"index","follow":"follow","max-snippet":"max-snippet:-1","max-image-preview":"max-image-preview:large","max-video-preview":"max-video-preview:-1"},"canonical":"https:\/\/9staedte.de\/es\/wolfenbuttel-la-ciudad-de-lessing\/mercado-de-navidad-en-wolfenbuettel\/","og_locale":"es_ES","og_type":"article","og_title":"Mercado de Navidad en Wolfenb\u00fcttel - 9 St\u00e4dte in Niedersachsen","og_description":"Los singulares puestos con entramado de madera y el ambiente hist\u00f3rico de la plaza Schlossplatz crean una atm\u00f3sfera navide\u00f1a en la ciudad Lessing de Wolfenb\u00fcttel.","og_url":"https:\/\/9staedte.de\/es\/wolfenbuttel-la-ciudad-de-lessing\/mercado-de-navidad-en-wolfenbuettel\/","og_site_name":"9 St\u00e4dte in Niedersachsen","article_modified_time":"2026-03-23T16:05:28+00:00","og_image":[{"width":1020,"height":560,"url":"https:\/\/9staedte.de\/wp-content\/uploads\/2023\/12\/Weihnachtsmarkt-Wolfenbuettel-2023-c-Stadt-Wolfenbuettel.jpg","type":"image\/jpeg"}],"twitter_card":"summary_large_image","twitter_misc":{"Tiempo de lectura":"2 minutos"},"schema":{"@context":"https:\/\/schema.org","@graph":[{"@type":"WebPage","@id":"https:\/\/9staedte.de\/es\/wolfenbuttel-la-ciudad-de-lessing\/mercado-de-navidad-en-wolfenbuettel\/","url":"https:\/\/9staedte.de\/es\/wolfenbuttel-la-ciudad-de-lessing\/mercado-de-navidad-en-wolfenbuettel\/","name":"Mercado de Navidad en Wolfenb\u00fcttel - 9 St\u00e4dte in Niedersachsen","isPartOf":{"@id":"https:\/\/9staedte.de\/es\/#website"},"primaryImageOfPage":{"@id":"https:\/\/9staedte.de\/es\/wolfenbuttel-la-ciudad-de-lessing\/mercado-de-navidad-en-wolfenbuettel\/#primaryimage"},"image":{"@id":"https:\/\/9staedte.de\/es\/wolfenbuttel-la-ciudad-de-lessing\/mercado-de-navidad-en-wolfenbuettel\/#primaryimage"},"thumbnailUrl":"https:\/\/9staedte.de\/wp-content\/uploads\/2023\/12\/Weihnachtsmarkt-Wolfenbuettel-2023-c-Stadt-Wolfenbuettel.jpg","datePublished":"2023-11-02T08:47:02+00:00","dateModified":"2026-03-23T16:05:28+00:00","description":"Los singulares puestos con entramado de madera y el ambiente hist\u00f3rico de la plaza Schlossplatz crean una atm\u00f3sfera navide\u00f1a en la ciudad Lessing de Wolfenb\u00fcttel.","breadcrumb":{"@id":"https:\/\/9staedte.de\/es\/wolfenbuttel-la-ciudad-de-lessing\/mercado-de-navidad-en-wolfenbuettel\/#breadcrumb"},"inLanguage":"es","potentialAction":[{"@type":"ReadAction","target":["https:\/\/9staedte.de\/es\/wolfenbuttel-la-ciudad-de-lessing\/mercado-de-navidad-en-wolfenbuettel\/"]}]},{"@type":"ImageObject","inLanguage":"es","@id":"https:\/\/9staedte.de\/es\/wolfenbuttel-la-ciudad-de-lessing\/mercado-de-navidad-en-wolfenbuettel\/#primaryimage","url":"https:\/\/9staedte.de\/wp-content\/uploads\/2023\/12\/Weihnachtsmarkt-Wolfenbuettel-2023-c-Stadt-Wolfenbuettel.jpg","contentUrl":"https:\/\/9staedte.de\/wp-content\/uploads\/2023\/12\/Weihnachtsmarkt-Wolfenbuettel-2023-c-Stadt-Wolfenbuettel.jpg","width":1020,"height":560,"caption":"Weihnachtsmarkt Wolfenb\u00fcttel 2023 c) Stadt Wolfenb\u00fcttel"},{"@type":"BreadcrumbList","@id":"https:\/\/9staedte.de\/es\/wolfenbuttel-la-ciudad-de-lessing\/mercado-de-navidad-en-wolfenbuettel\/#breadcrumb","itemListElement":[{"@type":"ListItem","position":1,"name":"Startseite","item":"https:\/\/9staedte.de\/es\/"},{"@type":"ListItem","position":2,"name":"Wolfenb\u00fcttel &#8211; La ciudad de Lessing","item":"https:\/\/9staedte.de\/es\/wolfenbuttel-la-ciudad-de-lessing\/"},{"@type":"ListItem","position":3,"name":"Mercado de Navidad en Wolfenb\u00fcttel"}]},{"@type":"WebSite","@id":"https:\/\/9staedte.de\/es\/#website","url":"https:\/\/9staedte.de\/es\/","name":"9 St\u00e4dte in Niedersachsen","description":"","publisher":{"@id":"https:\/\/9staedte.de\/es\/#organization"},"potentialAction":[{"@type":"SearchAction","target":{"@type":"EntryPoint","urlTemplate":"https:\/\/9staedte.de\/es\/?s={search_term_string}"},"query-input":{"@type":"PropertyValueSpecification","valueRequired":true,"valueName":"search_term_string"}}],"inLanguage":"es"},{"@type":"Organization","@id":"https:\/\/9staedte.de\/es\/#organization","name":"9 St\u00e4dte in Niedersachsen","url":"https:\/\/9staedte.de\/es\/","logo":{"@type":"ImageObject","inLanguage":"es","@id":"https:\/\/9staedte.de\/es\/#\/schema\/logo\/image\/","url":"https:\/\/9staedte.de\/wp-content\/uploads\/2025\/01\/9-neg-deutsch-2-1.png","contentUrl":"https:\/\/9staedte.de\/wp-content\/uploads\/2025\/01\/9-neg-deutsch-2-1.png","width":190,"height":114,"caption":"9 St\u00e4dte in Niedersachsen"},"image":{"@id":"https:\/\/9staedte.de\/es\/#\/schema\/logo\/image\/"}}]}},"_links":{"self":[{"href":"https:\/\/9staedte.de\/es\/wp-json\/wp\/v2\/pages\/17055","targetHints":{"allow":["GET"]}}],"collection":[{"href":"https:\/\/9staedte.de\/es\/wp-json\/wp\/v2\/pages"}],"about":[{"href":"https:\/\/9staedte.de\/es\/wp-json\/wp\/v2\/types\/page"}],"author":[{"embeddable":true,"href":"https:\/\/9staedte.de\/es\/wp-json\/wp\/v2\/users\/1"}],"replies":[{"embeddable":true,"href":"https:\/\/9staedte.de\/es\/wp-json\/wp\/v2\/comments?post=17055"}],"version-history":[{"count":11,"href":"https:\/\/9staedte.de\/es\/wp-json\/wp\/v2\/pages\/17055\/revisions"}],"predecessor-version":[{"id":27643,"href":"https:\/\/9staedte.de\/es\/wp-json\/wp\/v2\/pages\/17055\/revisions\/27643"}],"up":[{"embeddable":true,"href":"https:\/\/9staedte.de\/es\/wp-json\/wp\/v2\/pages\/18023"}],"wp:featuredmedia":[{"embeddable":true,"href":"https:\/\/9staedte.de\/es\/wp-json\/wp\/v2\/media\/20282"}],"wp:attachment":[{"href":"https:\/\/9staedte.de\/es\/wp-json\/wp\/v2\/media?parent=17055"}],"wp:term":[{"taxonomy":"category","embeddable":true,"href":"https:\/\/9staedte.de\/es\/wp-json\/wp\/v2\/categories?post=17055"},{"taxonomy":"post_tag","embeddable":true,"href":"https:\/\/9staedte.de\/es\/wp-json\/wp\/v2\/tags?post=17055"},{"taxonomy":"ncap_cities_tax","embeddable":true,"href":"https:\/\/9staedte.de\/es\/wp-json\/wp\/v2\/ncap_cities_tax?post=17055"}],"curies":[{"name":"wp","href":"https:\/\/api.w.org\/{rel}","templated":true}]}}