{"id":17045,"date":"2023-11-02T09:47:02","date_gmt":"2023-11-02T08:47:02","guid":{"rendered":"https:\/\/9staedte.de\/conferencias-y-congresos-en-wolfenbuettel\/"},"modified":"2023-11-02T18:23:42","modified_gmt":"2023-11-02T17:23:42","slug":"conferencias-y-congresos-en-wolfenbuettel","status":"publish","type":"page","link":"https:\/\/9staedte.de\/es\/wolfenbuttel-la-ciudad-de-lessing\/conferencias-y-congresos-en-wolfenbuettel\/","title":{"rendered":"Conferencias y congresos en Wolfenb\u00fcttel"},"content":{"rendered":"\n<p><strong>Conferencias y congresos en Wolfenb\u00fcttel:&nbsp;<\/strong><\/p>\n\n\n\n<p>Un lugar adecuado con un ambiente agradable desempe\u00f1a un papel muy importante en el \u00e9xito de una conferencia o congreso. Wolfenb\u00fcttel le ofrece no s\u00f3lo salas de conferencias cl\u00e1sicas, sino tambi\u00e9n lugares ins\u00f3litos. Ya sea para 10 u 800 personas, con nosotros su conferencia estar\u00e1 en las mejores manos. Nuestras sedes est\u00e1n situadas en el centro de Wolfenb\u00fcttel y son f\u00e1cilmente accesibles a trav\u00e9s de la BAB 395, la estaci\u00f3n de ferrocarril de Braunschweig con conexi\u00f3n ICE y el aeropuerto de Hannover, situado a s\u00f3lo 60 minutos.<\/p>\n\n\n\n<p>Re\u00fanase con nosotros y por fin se sentir\u00e1 como en casa.<\/p>\n\n\n\n<div class=\"content-grid\">\n\n\n  \n  <div class=\"grid\">\n                        \n                    \n          <div class=\"featured-themen-single\">\n            <div class=\"featured-themen-single-inner\" style=\"background-image: url('https:\/\/9staedte.de\/wp-content\/smush-webp\/2023\/03\/Lindenhalle-c-Susanne-Huebner.jpg.webp')\">\n              \n              <a href=\"https:\/\/9staedte.de\/tips-fur-ihre-veranstaltung-in-wolfenbuttel\/\">\n                <span>Tipps f\u00fcr Ihre Veranstaltung in Wolfenb\u00fcttel<\/span>\n              <\/a>\n            <\/div>\n          <\/div>\n    \n          \n                  \n                    \n          <div class=\"featured-themen-single\">\n            <div class=\"featured-themen-single-inner\" style=\"background-image: url('https:\/\/9staedte.de\/wp-content\/smush-webp\/2023\/03\/2-c-Stadt-Wolfenbuettel-Jugendgaestehaus.jpg.webp')\">\n              \n              <a href=\"https:\/\/9staedte.de\/es\/ofertas-y-servicios-en-la-ciudad-lessing-de-wolfenbuttel\/\">\n                <span>Ofertas y servicios en la Ciudad Lessing de Wolfenb\u00fcttel<\/span>\n              <\/a>\n            <\/div>\n          <\/div>\n    \n          \n                  \n                    \n          <div class=\"featured-themen-single\">\n            <div class=\"featured-themen-single-inner\" style=\"background-image: url('https:\/\/9staedte.de\/wp-content\/smush-webp\/2023\/06\/Schloss_Christian_Bierwagen.jpg.webp')\">\n              \n              <a href=\"https:\/\/9staedte.de\/es\/contactociudad-de-lessing-wolfenbuttel\/\">\n                <span>Contacto:<br>Ciudad de Lessing Wolfenb\u00fcttel<\/span>\n              <\/a>\n            <\/div>\n          <\/div>\n    \n          \n                          \n        <\/div>\n<\/div>\n\n\n<p><\/p>\n","protected":false},"excerpt":{"rendered":"<p>Conferencias y congresos en Wolfenb\u00fcttel:&nbsp; Un lugar adecuado con un ambiente agradable desempe\u00f1a un papel muy importante en el \u00e9xito de una conferencia o congreso. Wolfenb\u00fcttel le ofrece no s\u00f3lo salas de conferencias cl\u00e1sicas, sino tambi\u00e9n lugares ins\u00f3litos. Ya sea para 10 u 800 personas, con nosotros su conferencia estar\u00e1 en las mejores manos. Nuestras [&hellip;]<\/p>\n","protected":false},"author":1,"featured_media":15697,"parent":18023,"menu_order":0,"comment_status":"closed","ping_status":"closed","template":"pagetemplates\/template-stadtthema.php","meta":{"_acf_changed":false,"footnotes":""},"categories":[],"tags":[],"ncap_cities_tax":[1180,472],"class_list":["post-17045","page","type-page","status-publish","has-post-thumbnail","hentry","ncap_cities_tax-tagungen-und-kongresse-wolfenbuettel-es-wolfenbuettel-es","ncap_cities_tax-wolfenbuettel-es"],"acf":[],"yoast_head":"<!-- This site is optimized with the Yoast SEO plugin v26.8 - https:\/\/yoast.com\/product\/yoast-seo-wordpress\/ -->\n<title>Conferencias y congresos en Wolfenb\u00fcttel - 9 St\u00e4dte in Niedersachsen<\/title>\n<meta name=\"robots\" content=\"index, follow, max-snippet:-1, max-image-preview:large, max-video-preview:-1\" \/>\n<link rel=\"canonical\" href=\"https:\/\/9staedte.de\/es\/wolfenbuttel-la-ciudad-de-lessing\/conferencias-y-congresos-en-wolfenbuettel\/\" \/>\n<meta property=\"og:locale\" content=\"es_ES\" \/>\n<meta property=\"og:type\" content=\"article\" \/>\n<meta property=\"og:title\" content=\"Conferencias y congresos en Wolfenb\u00fcttel - 9 St\u00e4dte in Niedersachsen\" \/>\n<meta property=\"og:description\" content=\"Conferencias y congresos en Wolfenb\u00fcttel:&nbsp; Un lugar adecuado con un ambiente agradable desempe\u00f1a un papel muy importante en el \u00e9xito de una conferencia o congreso. Wolfenb\u00fcttel le ofrece no s\u00f3lo salas de conferencias cl\u00e1sicas, sino tambi\u00e9n lugares ins\u00f3litos. Ya sea para 10 u 800 personas, con nosotros su conferencia estar\u00e1 en las mejores manos. Nuestras [&hellip;]\" \/>\n<meta property=\"og:url\" content=\"https:\/\/9staedte.de\/es\/wolfenbuttel-la-ciudad-de-lessing\/conferencias-y-congresos-en-wolfenbuettel\/\" \/>\n<meta property=\"og:site_name\" content=\"9 St\u00e4dte in Niedersachsen\" \/>\n<meta property=\"article:modified_time\" content=\"2023-11-02T17:23:42+00:00\" \/>\n<meta property=\"og:image\" content=\"https:\/\/9staedte.de\/wp-content\/uploads\/2023\/03\/Wolfenbuettel-c-Susanne-Huebner.jpg\" \/>\n\t<meta property=\"og:image:width\" content=\"1020\" \/>\n\t<meta property=\"og:image:height\" content=\"561\" \/>\n\t<meta property=\"og:image:type\" content=\"image\/jpeg\" \/>\n<meta name=\"twitter:card\" content=\"summary_large_image\" \/>\n<meta name=\"twitter:label1\" content=\"Tiempo de lectura\" \/>\n\t<meta name=\"twitter:data1\" content=\"1 minuto\" \/>\n<script type=\"application\/ld+json\" class=\"yoast-schema-graph\">{\"@context\":\"https:\/\/schema.org\",\"@graph\":[{\"@type\":\"WebPage\",\"@id\":\"https:\/\/9staedte.de\/es\/wolfenbuttel-la-ciudad-de-lessing\/conferencias-y-congresos-en-wolfenbuettel\/\",\"url\":\"https:\/\/9staedte.de\/es\/wolfenbuttel-la-ciudad-de-lessing\/conferencias-y-congresos-en-wolfenbuettel\/\",\"name\":\"Conferencias y congresos en Wolfenb\u00fcttel - 9 St\u00e4dte in Niedersachsen\",\"isPartOf\":{\"@id\":\"https:\/\/9staedte.de\/es\/#website\"},\"primaryImageOfPage\":{\"@id\":\"https:\/\/9staedte.de\/es\/wolfenbuttel-la-ciudad-de-lessing\/conferencias-y-congresos-en-wolfenbuettel\/#primaryimage\"},\"image\":{\"@id\":\"https:\/\/9staedte.de\/es\/wolfenbuttel-la-ciudad-de-lessing\/conferencias-y-congresos-en-wolfenbuettel\/#primaryimage\"},\"thumbnailUrl\":\"https:\/\/9staedte.de\/wp-content\/uploads\/2023\/03\/Wolfenbuettel-c-Susanne-Huebner.jpg\",\"datePublished\":\"2023-11-02T08:47:02+00:00\",\"dateModified\":\"2023-11-02T17:23:42+00:00\",\"breadcrumb\":{\"@id\":\"https:\/\/9staedte.de\/es\/wolfenbuttel-la-ciudad-de-lessing\/conferencias-y-congresos-en-wolfenbuettel\/#breadcrumb\"},\"inLanguage\":\"es\",\"potentialAction\":[{\"@type\":\"ReadAction\",\"target\":[\"https:\/\/9staedte.de\/es\/wolfenbuttel-la-ciudad-de-lessing\/conferencias-y-congresos-en-wolfenbuettel\/\"]}]},{\"@type\":\"ImageObject\",\"inLanguage\":\"es\",\"@id\":\"https:\/\/9staedte.de\/es\/wolfenbuttel-la-ciudad-de-lessing\/conferencias-y-congresos-en-wolfenbuettel\/#primaryimage\",\"url\":\"https:\/\/9staedte.de\/wp-content\/uploads\/2023\/03\/Wolfenbuettel-c-Susanne-Huebner.jpg\",\"contentUrl\":\"https:\/\/9staedte.de\/wp-content\/uploads\/2023\/03\/Wolfenbuettel-c-Susanne-Huebner.jpg\",\"width\":1020,\"height\":561,\"caption\":\"Wolfenb\u00fcttel (c) Susanne H\u00fcbner\"},{\"@type\":\"BreadcrumbList\",\"@id\":\"https:\/\/9staedte.de\/es\/wolfenbuttel-la-ciudad-de-lessing\/conferencias-y-congresos-en-wolfenbuettel\/#breadcrumb\",\"itemListElement\":[{\"@type\":\"ListItem\",\"position\":1,\"name\":\"Startseite\",\"item\":\"https:\/\/9staedte.de\/es\/\"},{\"@type\":\"ListItem\",\"position\":2,\"name\":\"Wolfenb\u00fcttel &#8211; La ciudad de Lessing\",\"item\":\"https:\/\/9staedte.de\/es\/wolfenbuttel-la-ciudad-de-lessing\/\"},{\"@type\":\"ListItem\",\"position\":3,\"name\":\"Conferencias y congresos en Wolfenb\u00fcttel\"}]},{\"@type\":\"WebSite\",\"@id\":\"https:\/\/9staedte.de\/es\/#website\",\"url\":\"https:\/\/9staedte.de\/es\/\",\"name\":\"9 St\u00e4dte in Niedersachsen\",\"description\":\"\",\"publisher\":{\"@id\":\"https:\/\/9staedte.de\/es\/#organization\"},\"potentialAction\":[{\"@type\":\"SearchAction\",\"target\":{\"@type\":\"EntryPoint\",\"urlTemplate\":\"https:\/\/9staedte.de\/es\/?s={search_term_string}\"},\"query-input\":{\"@type\":\"PropertyValueSpecification\",\"valueRequired\":true,\"valueName\":\"search_term_string\"}}],\"inLanguage\":\"es\"},{\"@type\":\"Organization\",\"@id\":\"https:\/\/9staedte.de\/es\/#organization\",\"name\":\"9 St\u00e4dte in Niedersachsen\",\"url\":\"https:\/\/9staedte.de\/es\/\",\"logo\":{\"@type\":\"ImageObject\",\"inLanguage\":\"es\",\"@id\":\"https:\/\/9staedte.de\/es\/#\/schema\/logo\/image\/\",\"url\":\"https:\/\/9staedte.de\/wp-content\/uploads\/2025\/01\/9-neg-deutsch-2-1.png\",\"contentUrl\":\"https:\/\/9staedte.de\/wp-content\/uploads\/2025\/01\/9-neg-deutsch-2-1.png\",\"width\":190,\"height\":114,\"caption\":\"9 St\u00e4dte in Niedersachsen\"},\"image\":{\"@id\":\"https:\/\/9staedte.de\/es\/#\/schema\/logo\/image\/\"}}]}<\/script>\n<!-- \/ Yoast SEO plugin. -->","yoast_head_json":{"title":"Conferencias y congresos en Wolfenb\u00fcttel - 9 St\u00e4dte in Niedersachsen","robots":{"index":"index","follow":"follow","max-snippet":"max-snippet:-1","max-image-preview":"max-image-preview:large","max-video-preview":"max-video-preview:-1"},"canonical":"https:\/\/9staedte.de\/es\/wolfenbuttel-la-ciudad-de-lessing\/conferencias-y-congresos-en-wolfenbuettel\/","og_locale":"es_ES","og_type":"article","og_title":"Conferencias y congresos en Wolfenb\u00fcttel - 9 St\u00e4dte in Niedersachsen","og_description":"Conferencias y congresos en Wolfenb\u00fcttel:&nbsp; Un lugar adecuado con un ambiente agradable desempe\u00f1a un papel muy importante en el \u00e9xito de una conferencia o congreso. Wolfenb\u00fcttel le ofrece no s\u00f3lo salas de conferencias cl\u00e1sicas, sino tambi\u00e9n lugares ins\u00f3litos. Ya sea para 10 u 800 personas, con nosotros su conferencia estar\u00e1 en las mejores manos. Nuestras [&hellip;]","og_url":"https:\/\/9staedte.de\/es\/wolfenbuttel-la-ciudad-de-lessing\/conferencias-y-congresos-en-wolfenbuettel\/","og_site_name":"9 St\u00e4dte in Niedersachsen","article_modified_time":"2023-11-02T17:23:42+00:00","og_image":[{"width":1020,"height":561,"url":"https:\/\/9staedte.de\/wp-content\/uploads\/2023\/03\/Wolfenbuettel-c-Susanne-Huebner.jpg","type":"image\/jpeg"}],"twitter_card":"summary_large_image","twitter_misc":{"Tiempo de lectura":"1 minuto"},"schema":{"@context":"https:\/\/schema.org","@graph":[{"@type":"WebPage","@id":"https:\/\/9staedte.de\/es\/wolfenbuttel-la-ciudad-de-lessing\/conferencias-y-congresos-en-wolfenbuettel\/","url":"https:\/\/9staedte.de\/es\/wolfenbuttel-la-ciudad-de-lessing\/conferencias-y-congresos-en-wolfenbuettel\/","name":"Conferencias y congresos en Wolfenb\u00fcttel - 9 St\u00e4dte in Niedersachsen","isPartOf":{"@id":"https:\/\/9staedte.de\/es\/#website"},"primaryImageOfPage":{"@id":"https:\/\/9staedte.de\/es\/wolfenbuttel-la-ciudad-de-lessing\/conferencias-y-congresos-en-wolfenbuettel\/#primaryimage"},"image":{"@id":"https:\/\/9staedte.de\/es\/wolfenbuttel-la-ciudad-de-lessing\/conferencias-y-congresos-en-wolfenbuettel\/#primaryimage"},"thumbnailUrl":"https:\/\/9staedte.de\/wp-content\/uploads\/2023\/03\/Wolfenbuettel-c-Susanne-Huebner.jpg","datePublished":"2023-11-02T08:47:02+00:00","dateModified":"2023-11-02T17:23:42+00:00","breadcrumb":{"@id":"https:\/\/9staedte.de\/es\/wolfenbuttel-la-ciudad-de-lessing\/conferencias-y-congresos-en-wolfenbuettel\/#breadcrumb"},"inLanguage":"es","potentialAction":[{"@type":"ReadAction","target":["https:\/\/9staedte.de\/es\/wolfenbuttel-la-ciudad-de-lessing\/conferencias-y-congresos-en-wolfenbuettel\/"]}]},{"@type":"ImageObject","inLanguage":"es","@id":"https:\/\/9staedte.de\/es\/wolfenbuttel-la-ciudad-de-lessing\/conferencias-y-congresos-en-wolfenbuettel\/#primaryimage","url":"https:\/\/9staedte.de\/wp-content\/uploads\/2023\/03\/Wolfenbuettel-c-Susanne-Huebner.jpg","contentUrl":"https:\/\/9staedte.de\/wp-content\/uploads\/2023\/03\/Wolfenbuettel-c-Susanne-Huebner.jpg","width":1020,"height":561,"caption":"Wolfenb\u00fcttel (c) Susanne H\u00fcbner"},{"@type":"BreadcrumbList","@id":"https:\/\/9staedte.de\/es\/wolfenbuttel-la-ciudad-de-lessing\/conferencias-y-congresos-en-wolfenbuettel\/#breadcrumb","itemListElement":[{"@type":"ListItem","position":1,"name":"Startseite","item":"https:\/\/9staedte.de\/es\/"},{"@type":"ListItem","position":2,"name":"Wolfenb\u00fcttel &#8211; La ciudad de Lessing","item":"https:\/\/9staedte.de\/es\/wolfenbuttel-la-ciudad-de-lessing\/"},{"@type":"ListItem","position":3,"name":"Conferencias y congresos en Wolfenb\u00fcttel"}]},{"@type":"WebSite","@id":"https:\/\/9staedte.de\/es\/#website","url":"https:\/\/9staedte.de\/es\/","name":"9 St\u00e4dte in Niedersachsen","description":"","publisher":{"@id":"https:\/\/9staedte.de\/es\/#organization"},"potentialAction":[{"@type":"SearchAction","target":{"@type":"EntryPoint","urlTemplate":"https:\/\/9staedte.de\/es\/?s={search_term_string}"},"query-input":{"@type":"PropertyValueSpecification","valueRequired":true,"valueName":"search_term_string"}}],"inLanguage":"es"},{"@type":"Organization","@id":"https:\/\/9staedte.de\/es\/#organization","name":"9 St\u00e4dte in Niedersachsen","url":"https:\/\/9staedte.de\/es\/","logo":{"@type":"ImageObject","inLanguage":"es","@id":"https:\/\/9staedte.de\/es\/#\/schema\/logo\/image\/","url":"https:\/\/9staedte.de\/wp-content\/uploads\/2025\/01\/9-neg-deutsch-2-1.png","contentUrl":"https:\/\/9staedte.de\/wp-content\/uploads\/2025\/01\/9-neg-deutsch-2-1.png","width":190,"height":114,"caption":"9 St\u00e4dte in Niedersachsen"},"image":{"@id":"https:\/\/9staedte.de\/es\/#\/schema\/logo\/image\/"}}]}},"_links":{"self":[{"href":"https:\/\/9staedte.de\/es\/wp-json\/wp\/v2\/pages\/17045","targetHints":{"allow":["GET"]}}],"collection":[{"href":"https:\/\/9staedte.de\/es\/wp-json\/wp\/v2\/pages"}],"about":[{"href":"https:\/\/9staedte.de\/es\/wp-json\/wp\/v2\/types\/page"}],"author":[{"embeddable":true,"href":"https:\/\/9staedte.de\/es\/wp-json\/wp\/v2\/users\/1"}],"replies":[{"embeddable":true,"href":"https:\/\/9staedte.de\/es\/wp-json\/wp\/v2\/comments?post=17045"}],"version-history":[{"count":1,"href":"https:\/\/9staedte.de\/es\/wp-json\/wp\/v2\/pages\/17045\/revisions"}],"predecessor-version":[{"id":20012,"href":"https:\/\/9staedte.de\/es\/wp-json\/wp\/v2\/pages\/17045\/revisions\/20012"}],"up":[{"embeddable":true,"href":"https:\/\/9staedte.de\/es\/wp-json\/wp\/v2\/pages\/18023"}],"wp:featuredmedia":[{"embeddable":true,"href":"https:\/\/9staedte.de\/es\/wp-json\/wp\/v2\/media\/15697"}],"wp:attachment":[{"href":"https:\/\/9staedte.de\/es\/wp-json\/wp\/v2\/media?parent=17045"}],"wp:term":[{"taxonomy":"category","embeddable":true,"href":"https:\/\/9staedte.de\/es\/wp-json\/wp\/v2\/categories?post=17045"},{"taxonomy":"post_tag","embeddable":true,"href":"https:\/\/9staedte.de\/es\/wp-json\/wp\/v2\/tags?post=17045"},{"taxonomy":"ncap_cities_tax","embeddable":true,"href":"https:\/\/9staedte.de\/es\/wp-json\/wp\/v2\/ncap_cities_tax?post=17045"}],"curies":[{"name":"wp","href":"https:\/\/api.w.org\/{rel}","templated":true}]}}