{"id":17029,"date":"2023-11-02T09:47:00","date_gmt":"2023-11-02T08:47:00","guid":{"rendered":"https:\/\/9staedte.de\/visitas-guiadas-en-hildesheim\/"},"modified":"2023-11-02T18:14:15","modified_gmt":"2023-11-02T17:14:15","slug":"visitas-guiadas-en-hildesheim","status":"publish","type":"page","link":"https:\/\/9staedte.de\/es\/hildesheim-ciudad-patrimonio-de-la-humanidad-de-la-unesco\/visitas-guiadas-en-hildesheim\/","title":{"rendered":"Visitas guiadas en Hildesheim"},"content":{"rendered":"\r\n\r\n    <div class=\"filter-posts\">\r\n            <div  id=\"filterContent\">\r\n                                                        \n<div class=\"contentKachel filtr-item\" data-category=\"hildesheim-es\">\n    <a href=\"https:\/\/9staedte.de\/es\/visitas-tematicas\/\">\n        <div class=\"contentKachel-inner\">\n                            <div class=\"contentKachel-thumbnail\">\n                    <img loading=\"lazy\" decoding=\"async\" width=\"300\" height=\"165\" src=\"https:\/\/9staedte.de\/wp-content\/smush-webp\/2022\/06\/Stadtfuehrung-Hildesheim-\u00a9-Hildesheim-Marketing-300x165.jpg.webp\" class=\"objectfitcover withfilters wp-post-image\" alt=\"En la imagen hay 6 personas. Una mujer se\u00f1ala una maqueta. La maqueta muestra la ciudad de Hildesheim. Las otras personas miran. Escuchan a la mujer. Es una visita guiada.\" srcset=\"https:\/\/9staedte.de\/wp-content\/smush-webp\/2022\/06\/Stadtfuehrung-Hildesheim-\u00a9-Hildesheim-Marketing-300x165.jpg.webp 300w, https:\/\/9staedte.de\/wp-content\/smush-webp\/2022\/06\/Stadtfuehrung-Hildesheim-\u00a9-Hildesheim-Marketing-768x421.jpg.webp 768w, https:\/\/9staedte.de\/wp-content\/smush-webp\/2022\/06\/Stadtfuehrung-Hildesheim-\u00a9-Hildesheim-Marketing.jpg.webp 1019w\" sizes=\"auto, (max-width: 300px) 100vw, 300px\" \/>                    <img loading=\"lazy\" decoding=\"async\" width=\"300\" height=\"165\" src=\"https:\/\/9staedte.de\/wp-content\/smush-webp\/2022\/06\/Stadtfuehrung-Hildesheim-\u00a9-Hildesheim-Marketing-300x165.jpg.webp\" class=\"objectfitcontain wp-post-image\" alt=\"En la imagen hay 6 personas. Una mujer se\u00f1ala una maqueta. La maqueta muestra la ciudad de Hildesheim. Las otras personas miran. Escuchan a la mujer. Es una visita guiada.\" srcset=\"https:\/\/9staedte.de\/wp-content\/smush-webp\/2022\/06\/Stadtfuehrung-Hildesheim-\u00a9-Hildesheim-Marketing-300x165.jpg.webp 300w, https:\/\/9staedte.de\/wp-content\/smush-webp\/2022\/06\/Stadtfuehrung-Hildesheim-\u00a9-Hildesheim-Marketing-768x421.jpg.webp 768w, https:\/\/9staedte.de\/wp-content\/smush-webp\/2022\/06\/Stadtfuehrung-Hildesheim-\u00a9-Hildesheim-Marketing.jpg.webp 1019w\" sizes=\"auto, (max-width: 300px) 100vw, 300px\" \/>                        <div class=\"thumbnail-label\">\n    <span>Stadtf\u00fchrung Hildesheim c) Hildesheim Marketing GmbH<\/span>\n    <\/div>\n                <\/div>\n                        <div class=\"contentKachel-content\">\n                                    <div class=\"city-tag bg-hildesheim\">\n                        Hildesheim                    <\/div>\n                \n                <div class=\"title\">\n\n                    Visitas tem\u00e1ticas                    \n                <\/div>\n\n                            <\/div>\n\n        <\/div>\n    <\/a>\n<\/div>                                                        \n<div class=\"contentKachel filtr-item\" data-category=\"hildesheim-es\">\n    <a href=\"https:\/\/9staedte.de\/es\/visitas-guiadas-en-traje-historico-para-grupos\/\">\n        <div class=\"contentKachel-inner\">\n                            <div class=\"contentKachel-thumbnail\">\n                    <img loading=\"lazy\" decoding=\"async\" width=\"300\" height=\"166\" src=\"https:\/\/9staedte.de\/wp-content\/smush-webp\/2022\/06\/Historische_Kostuemfuehrung-c-Hildesheim-Marketing-300x166.jpg.webp\" class=\"objectfitcover withfilters wp-post-image\" alt=\"En la imagen hay una mujer con un sombrero de paja. Lleva ropa antigua. Habla con un grupo de personas. Las personas la escuchan. Al fondo se ven casas antiguas. Es una visita guiada hist\u00f3rica con disfraces en Hildesheim.\" srcset=\"https:\/\/9staedte.de\/wp-content\/smush-webp\/2022\/06\/Historische_Kostuemfuehrung-c-Hildesheim-Marketing-300x166.jpg.webp 300w, https:\/\/9staedte.de\/wp-content\/smush-webp\/2022\/06\/Historische_Kostuemfuehrung-c-Hildesheim-Marketing-768x424.jpg.webp 768w, https:\/\/9staedte.de\/wp-content\/smush-webp\/2022\/06\/Historische_Kostuemfuehrung-c-Hildesheim-Marketing.jpg.webp 1020w\" sizes=\"auto, (max-width: 300px) 100vw, 300px\" \/>                    <img loading=\"lazy\" decoding=\"async\" width=\"300\" height=\"166\" src=\"https:\/\/9staedte.de\/wp-content\/smush-webp\/2022\/06\/Historische_Kostuemfuehrung-c-Hildesheim-Marketing-300x166.jpg.webp\" class=\"objectfitcontain wp-post-image\" alt=\"En la imagen hay una mujer con un sombrero de paja. Lleva ropa antigua. Habla con un grupo de personas. Las personas la escuchan. Al fondo se ven casas antiguas. Es una visita guiada hist\u00f3rica con disfraces en Hildesheim.\" srcset=\"https:\/\/9staedte.de\/wp-content\/smush-webp\/2022\/06\/Historische_Kostuemfuehrung-c-Hildesheim-Marketing-300x166.jpg.webp 300w, https:\/\/9staedte.de\/wp-content\/smush-webp\/2022\/06\/Historische_Kostuemfuehrung-c-Hildesheim-Marketing-768x424.jpg.webp 768w, https:\/\/9staedte.de\/wp-content\/smush-webp\/2022\/06\/Historische_Kostuemfuehrung-c-Hildesheim-Marketing.jpg.webp 1020w\" sizes=\"auto, (max-width: 300px) 100vw, 300px\" \/>                        <div class=\"thumbnail-label\">\n    <span>Historische_Kost\u00fcmf\u00fchrung (c) Hildesheim Marketing<\/span>\n    <\/div>\n                <\/div>\n                        <div class=\"contentKachel-content\">\n                                    <div class=\"city-tag bg-hildesheim\">\n                        Hildesheim                    <\/div>\n                \n                <div class=\"title\">\n\n                    Visitas guiadas en traje hist\u00f3rico para grupos                    \n                <\/div>\n\n                            <\/div>\n\n        <\/div>\n    <\/a>\n<\/div>                                                        \n<div class=\"contentKachel filtr-item\" data-category=\"hildesheim-es\">\n    <a href=\"https:\/\/9staedte.de\/es\/la-historia-contada-de-cerca\/\">\n        <div class=\"contentKachel-inner\">\n                            <div class=\"contentKachel-thumbnail\">\n                    <img loading=\"lazy\" decoding=\"async\" width=\"300\" height=\"163\" src=\"https:\/\/9staedte.de\/wp-content\/smush-webp\/2022\/06\/Kostuemfuehrung-\u00a9-ithal-300x163.jpg.webp\" class=\"objectfitcover withfilters wp-post-image\" alt=\"En la imagen hay diez personas. Llevan ropa antigua y colorida. Las mujeres llevan vestidos. Los hombres llevan sombreros y chaquetas. Sonr\u00eden y est\u00e1n de pie en una escalera. Es una visita guiada con disfraces en Hildesheim.\" srcset=\"https:\/\/9staedte.de\/wp-content\/smush-webp\/2022\/06\/Kostuemfuehrung-\u00a9-ithal-300x163.jpg.webp 300w, https:\/\/9staedte.de\/wp-content\/smush-webp\/2022\/06\/Kostuemfuehrung-\u00a9-ithal-768x418.jpg.webp 768w, https:\/\/9staedte.de\/wp-content\/smush-webp\/2022\/06\/Kostuemfuehrung-\u00a9-ithal.jpg.webp 1020w\" sizes=\"auto, (max-width: 300px) 100vw, 300px\" \/>                    <img loading=\"lazy\" decoding=\"async\" width=\"300\" height=\"163\" src=\"https:\/\/9staedte.de\/wp-content\/smush-webp\/2022\/06\/Kostuemfuehrung-\u00a9-ithal-300x163.jpg.webp\" class=\"objectfitcontain wp-post-image\" alt=\"En la imagen hay diez personas. Llevan ropa antigua y colorida. Las mujeres llevan vestidos. Los hombres llevan sombreros y chaquetas. Sonr\u00eden y est\u00e1n de pie en una escalera. Es una visita guiada con disfraces en Hildesheim.\" srcset=\"https:\/\/9staedte.de\/wp-content\/smush-webp\/2022\/06\/Kostuemfuehrung-\u00a9-ithal-300x163.jpg.webp 300w, https:\/\/9staedte.de\/wp-content\/smush-webp\/2022\/06\/Kostuemfuehrung-\u00a9-ithal-768x418.jpg.webp 768w, https:\/\/9staedte.de\/wp-content\/smush-webp\/2022\/06\/Kostuemfuehrung-\u00a9-ithal.jpg.webp 1020w\" sizes=\"auto, (max-width: 300px) 100vw, 300px\" \/>                        <div class=\"thumbnail-label\">\n    <span>Kost\u00fcmf\u00fchrung \u00a9 ithal<\/span>\n    <\/div>\n                <\/div>\n                        <div class=\"contentKachel-content\">\n                                    <div class=\"city-tag bg-hildesheim\">\n                        Hildesheim                    <\/div>\n                \n                <div class=\"title\">\n\n                    La historia contada de cerca                    \n                <\/div>\n\n                            <\/div>\n\n        <\/div>\n    <\/a>\n<\/div>                                                        \n<div class=\"contentKachel filtr-item\" data-category=\"hildesheim-es\">\n    <a href=\"https:\/\/9staedte.de\/es\/hildesheim-para-conocer\/\">\n        <div class=\"contentKachel-inner\">\n                            <div class=\"contentKachel-thumbnail\">\n                    <img loading=\"lazy\" decoding=\"async\" width=\"300\" height=\"177\" src=\"https:\/\/9staedte.de\/wp-content\/smush-webp\/2022\/06\/Oeffentliche-Stadtfuehrung-\u00a9-Hildesheim-Marketing-GmbH-300x177.jpg.webp\" class=\"objectfitcover withfilters wp-post-image\" alt=\"La imagen muestra a una mujer con pantalones naranjas. Ella se\u00f1ala y habla con un grupo de personas. El grupo escucha con atenci\u00f3n. Est\u00e1n en una plaza con casas antiguas detr\u00e1s. Hace sol. Es una visita guiada p\u00fablica en Hildesheim.\" srcset=\"https:\/\/9staedte.de\/wp-content\/smush-webp\/2022\/06\/Oeffentliche-Stadtfuehrung-\u00a9-Hildesheim-Marketing-GmbH-300x177.jpg.webp 300w, https:\/\/9staedte.de\/wp-content\/smush-webp\/2022\/06\/Oeffentliche-Stadtfuehrung-\u00a9-Hildesheim-Marketing-GmbH-768x452.jpg.webp 768w, https:\/\/9staedte.de\/wp-content\/smush-webp\/2022\/06\/Oeffentliche-Stadtfuehrung-\u00a9-Hildesheim-Marketing-GmbH.jpg.webp 859w\" sizes=\"auto, (max-width: 300px) 100vw, 300px\" \/>                    <img loading=\"lazy\" decoding=\"async\" width=\"300\" height=\"177\" src=\"https:\/\/9staedte.de\/wp-content\/smush-webp\/2022\/06\/Oeffentliche-Stadtfuehrung-\u00a9-Hildesheim-Marketing-GmbH-300x177.jpg.webp\" class=\"objectfitcontain wp-post-image\" alt=\"La imagen muestra a una mujer con pantalones naranjas. Ella se\u00f1ala y habla con un grupo de personas. El grupo escucha con atenci\u00f3n. Est\u00e1n en una plaza con casas antiguas detr\u00e1s. Hace sol. Es una visita guiada p\u00fablica en Hildesheim.\" srcset=\"https:\/\/9staedte.de\/wp-content\/smush-webp\/2022\/06\/Oeffentliche-Stadtfuehrung-\u00a9-Hildesheim-Marketing-GmbH-300x177.jpg.webp 300w, https:\/\/9staedte.de\/wp-content\/smush-webp\/2022\/06\/Oeffentliche-Stadtfuehrung-\u00a9-Hildesheim-Marketing-GmbH-768x452.jpg.webp 768w, https:\/\/9staedte.de\/wp-content\/smush-webp\/2022\/06\/Oeffentliche-Stadtfuehrung-\u00a9-Hildesheim-Marketing-GmbH.jpg.webp 859w\" sizes=\"auto, (max-width: 300px) 100vw, 300px\" \/>                        <div class=\"thumbnail-label\">\n    <span>\u00d6ffentliche Stadtf\u00fchrung \u00a9 Hildesheim Marketing GmbH<\/span>\n    <\/div>\n                <\/div>\n                        <div class=\"contentKachel-content\">\n                                    <div class=\"city-tag bg-hildesheim\">\n                        Hildesheim                    <\/div>\n                \n                <div class=\"title\">\n\n                    Hildesheim para conocer                    \n                <\/div>\n\n                            <\/div>\n\n        <\/div>\n    <\/a>\n<\/div>                                            <\/div>\r\n    <\/div>\r\n","protected":false},"excerpt":{"rendered":"","protected":false},"author":1,"featured_media":17036,"parent":17958,"menu_order":0,"comment_status":"closed","ping_status":"closed","template":"pagetemplates\/template-stadtthema.php","meta":{"_acf_changed":false,"footnotes":""},"categories":[],"tags":[],"ncap_cities_tax":[466,1243],"class_list":["post-17029","page","type-page","status-publish","has-post-thumbnail","hentry","ncap_cities_tax-hildesheim-es","ncap_cities_tax-stadtfuhrungen-hildesheim-es"],"acf":[],"yoast_head":"<!-- This site is optimized with the Yoast SEO plugin v26.8 - https:\/\/yoast.com\/product\/yoast-seo-wordpress\/ -->\n<title>Visitas guiadas en Hildesheim - 9 St\u00e4dte in Niedersachsen<\/title>\n<meta name=\"robots\" content=\"index, follow, max-snippet:-1, max-image-preview:large, max-video-preview:-1\" \/>\n<link rel=\"canonical\" href=\"https:\/\/9staedte.de\/es\/hildesheim-ciudad-patrimonio-de-la-humanidad-de-la-unesco\/visitas-guiadas-en-hildesheim\/\" \/>\n<meta property=\"og:locale\" content=\"es_ES\" \/>\n<meta property=\"og:type\" content=\"article\" \/>\n<meta property=\"og:title\" content=\"Visitas guiadas en Hildesheim - 9 St\u00e4dte in Niedersachsen\" \/>\n<meta property=\"og:url\" content=\"https:\/\/9staedte.de\/es\/hildesheim-ciudad-patrimonio-de-la-humanidad-de-la-unesco\/visitas-guiadas-en-hildesheim\/\" \/>\n<meta property=\"og:site_name\" content=\"9 St\u00e4dte in Niedersachsen\" \/>\n<meta property=\"article:modified_time\" content=\"2023-11-02T17:14:15+00:00\" \/>\n<meta property=\"og:image\" content=\"https:\/\/9staedte.de\/wp-content\/uploads\/2022\/06\/Stadtfuehrung-\u00a9-Hildesheim-Marketing-GmbH.jpg\" \/>\n\t<meta property=\"og:image:width\" content=\"1020\" \/>\n\t<meta property=\"og:image:height\" content=\"559\" \/>\n\t<meta property=\"og:image:type\" content=\"image\/jpeg\" \/>\n<meta name=\"twitter:card\" content=\"summary_large_image\" \/>\n<script type=\"application\/ld+json\" class=\"yoast-schema-graph\">{\"@context\":\"https:\/\/schema.org\",\"@graph\":[{\"@type\":\"WebPage\",\"@id\":\"https:\/\/9staedte.de\/es\/hildesheim-ciudad-patrimonio-de-la-humanidad-de-la-unesco\/visitas-guiadas-en-hildesheim\/\",\"url\":\"https:\/\/9staedte.de\/es\/hildesheim-ciudad-patrimonio-de-la-humanidad-de-la-unesco\/visitas-guiadas-en-hildesheim\/\",\"name\":\"Visitas guiadas en Hildesheim - 9 St\u00e4dte in Niedersachsen\",\"isPartOf\":{\"@id\":\"https:\/\/9staedte.de\/es\/#website\"},\"primaryImageOfPage\":{\"@id\":\"https:\/\/9staedte.de\/es\/hildesheim-ciudad-patrimonio-de-la-humanidad-de-la-unesco\/visitas-guiadas-en-hildesheim\/#primaryimage\"},\"image\":{\"@id\":\"https:\/\/9staedte.de\/es\/hildesheim-ciudad-patrimonio-de-la-humanidad-de-la-unesco\/visitas-guiadas-en-hildesheim\/#primaryimage\"},\"thumbnailUrl\":\"https:\/\/9staedte.de\/wp-content\/uploads\/2022\/06\/Stadtfuehrung-\u00a9-Hildesheim-Marketing-GmbH.jpg\",\"datePublished\":\"2023-11-02T08:47:00+00:00\",\"dateModified\":\"2023-11-02T17:14:15+00:00\",\"breadcrumb\":{\"@id\":\"https:\/\/9staedte.de\/es\/hildesheim-ciudad-patrimonio-de-la-humanidad-de-la-unesco\/visitas-guiadas-en-hildesheim\/#breadcrumb\"},\"inLanguage\":\"es\",\"potentialAction\":[{\"@type\":\"ReadAction\",\"target\":[\"https:\/\/9staedte.de\/es\/hildesheim-ciudad-patrimonio-de-la-humanidad-de-la-unesco\/visitas-guiadas-en-hildesheim\/\"]}]},{\"@type\":\"ImageObject\",\"inLanguage\":\"es\",\"@id\":\"https:\/\/9staedte.de\/es\/hildesheim-ciudad-patrimonio-de-la-humanidad-de-la-unesco\/visitas-guiadas-en-hildesheim\/#primaryimage\",\"url\":\"https:\/\/9staedte.de\/wp-content\/uploads\/2022\/06\/Stadtfuehrung-\u00a9-Hildesheim-Marketing-GmbH.jpg\",\"contentUrl\":\"https:\/\/9staedte.de\/wp-content\/uploads\/2022\/06\/Stadtfuehrung-\u00a9-Hildesheim-Marketing-GmbH.jpg\",\"width\":1020,\"height\":559,\"caption\":\"Stadtf\u00fchrung \u00a9 Hildesheim Marketing GmbH\"},{\"@type\":\"BreadcrumbList\",\"@id\":\"https:\/\/9staedte.de\/es\/hildesheim-ciudad-patrimonio-de-la-humanidad-de-la-unesco\/visitas-guiadas-en-hildesheim\/#breadcrumb\",\"itemListElement\":[{\"@type\":\"ListItem\",\"position\":1,\"name\":\"Startseite\",\"item\":\"https:\/\/9staedte.de\/es\/\"},{\"@type\":\"ListItem\",\"position\":2,\"name\":\"Hildesheim &#8211; Ciudad Patrimonio de la Humanidad de la UNESCO\",\"item\":\"https:\/\/9staedte.de\/es\/hildesheim-ciudad-patrimonio-de-la-humanidad-de-la-unesco\/\"},{\"@type\":\"ListItem\",\"position\":3,\"name\":\"Visitas guiadas en Hildesheim\"}]},{\"@type\":\"WebSite\",\"@id\":\"https:\/\/9staedte.de\/es\/#website\",\"url\":\"https:\/\/9staedte.de\/es\/\",\"name\":\"9 St\u00e4dte in Niedersachsen\",\"description\":\"\",\"publisher\":{\"@id\":\"https:\/\/9staedte.de\/es\/#organization\"},\"potentialAction\":[{\"@type\":\"SearchAction\",\"target\":{\"@type\":\"EntryPoint\",\"urlTemplate\":\"https:\/\/9staedte.de\/es\/?s={search_term_string}\"},\"query-input\":{\"@type\":\"PropertyValueSpecification\",\"valueRequired\":true,\"valueName\":\"search_term_string\"}}],\"inLanguage\":\"es\"},{\"@type\":\"Organization\",\"@id\":\"https:\/\/9staedte.de\/es\/#organization\",\"name\":\"9 St\u00e4dte in Niedersachsen\",\"url\":\"https:\/\/9staedte.de\/es\/\",\"logo\":{\"@type\":\"ImageObject\",\"inLanguage\":\"es\",\"@id\":\"https:\/\/9staedte.de\/es\/#\/schema\/logo\/image\/\",\"url\":\"https:\/\/9staedte.de\/wp-content\/uploads\/2025\/01\/9-neg-deutsch-2-1.png\",\"contentUrl\":\"https:\/\/9staedte.de\/wp-content\/uploads\/2025\/01\/9-neg-deutsch-2-1.png\",\"width\":190,\"height\":114,\"caption\":\"9 St\u00e4dte in Niedersachsen\"},\"image\":{\"@id\":\"https:\/\/9staedte.de\/es\/#\/schema\/logo\/image\/\"}}]}<\/script>\n<!-- \/ Yoast SEO plugin. -->","yoast_head_json":{"title":"Visitas guiadas en Hildesheim - 9 St\u00e4dte in Niedersachsen","robots":{"index":"index","follow":"follow","max-snippet":"max-snippet:-1","max-image-preview":"max-image-preview:large","max-video-preview":"max-video-preview:-1"},"canonical":"https:\/\/9staedte.de\/es\/hildesheim-ciudad-patrimonio-de-la-humanidad-de-la-unesco\/visitas-guiadas-en-hildesheim\/","og_locale":"es_ES","og_type":"article","og_title":"Visitas guiadas en Hildesheim - 9 St\u00e4dte in Niedersachsen","og_url":"https:\/\/9staedte.de\/es\/hildesheim-ciudad-patrimonio-de-la-humanidad-de-la-unesco\/visitas-guiadas-en-hildesheim\/","og_site_name":"9 St\u00e4dte in Niedersachsen","article_modified_time":"2023-11-02T17:14:15+00:00","og_image":[{"width":1020,"height":559,"url":"https:\/\/9staedte.de\/wp-content\/uploads\/2022\/06\/Stadtfuehrung-\u00a9-Hildesheim-Marketing-GmbH.jpg","type":"image\/jpeg"}],"twitter_card":"summary_large_image","schema":{"@context":"https:\/\/schema.org","@graph":[{"@type":"WebPage","@id":"https:\/\/9staedte.de\/es\/hildesheim-ciudad-patrimonio-de-la-humanidad-de-la-unesco\/visitas-guiadas-en-hildesheim\/","url":"https:\/\/9staedte.de\/es\/hildesheim-ciudad-patrimonio-de-la-humanidad-de-la-unesco\/visitas-guiadas-en-hildesheim\/","name":"Visitas guiadas en Hildesheim - 9 St\u00e4dte in Niedersachsen","isPartOf":{"@id":"https:\/\/9staedte.de\/es\/#website"},"primaryImageOfPage":{"@id":"https:\/\/9staedte.de\/es\/hildesheim-ciudad-patrimonio-de-la-humanidad-de-la-unesco\/visitas-guiadas-en-hildesheim\/#primaryimage"},"image":{"@id":"https:\/\/9staedte.de\/es\/hildesheim-ciudad-patrimonio-de-la-humanidad-de-la-unesco\/visitas-guiadas-en-hildesheim\/#primaryimage"},"thumbnailUrl":"https:\/\/9staedte.de\/wp-content\/uploads\/2022\/06\/Stadtfuehrung-\u00a9-Hildesheim-Marketing-GmbH.jpg","datePublished":"2023-11-02T08:47:00+00:00","dateModified":"2023-11-02T17:14:15+00:00","breadcrumb":{"@id":"https:\/\/9staedte.de\/es\/hildesheim-ciudad-patrimonio-de-la-humanidad-de-la-unesco\/visitas-guiadas-en-hildesheim\/#breadcrumb"},"inLanguage":"es","potentialAction":[{"@type":"ReadAction","target":["https:\/\/9staedte.de\/es\/hildesheim-ciudad-patrimonio-de-la-humanidad-de-la-unesco\/visitas-guiadas-en-hildesheim\/"]}]},{"@type":"ImageObject","inLanguage":"es","@id":"https:\/\/9staedte.de\/es\/hildesheim-ciudad-patrimonio-de-la-humanidad-de-la-unesco\/visitas-guiadas-en-hildesheim\/#primaryimage","url":"https:\/\/9staedte.de\/wp-content\/uploads\/2022\/06\/Stadtfuehrung-\u00a9-Hildesheim-Marketing-GmbH.jpg","contentUrl":"https:\/\/9staedte.de\/wp-content\/uploads\/2022\/06\/Stadtfuehrung-\u00a9-Hildesheim-Marketing-GmbH.jpg","width":1020,"height":559,"caption":"Stadtf\u00fchrung \u00a9 Hildesheim Marketing GmbH"},{"@type":"BreadcrumbList","@id":"https:\/\/9staedte.de\/es\/hildesheim-ciudad-patrimonio-de-la-humanidad-de-la-unesco\/visitas-guiadas-en-hildesheim\/#breadcrumb","itemListElement":[{"@type":"ListItem","position":1,"name":"Startseite","item":"https:\/\/9staedte.de\/es\/"},{"@type":"ListItem","position":2,"name":"Hildesheim &#8211; Ciudad Patrimonio de la Humanidad de la UNESCO","item":"https:\/\/9staedte.de\/es\/hildesheim-ciudad-patrimonio-de-la-humanidad-de-la-unesco\/"},{"@type":"ListItem","position":3,"name":"Visitas guiadas en Hildesheim"}]},{"@type":"WebSite","@id":"https:\/\/9staedte.de\/es\/#website","url":"https:\/\/9staedte.de\/es\/","name":"9 St\u00e4dte in Niedersachsen","description":"","publisher":{"@id":"https:\/\/9staedte.de\/es\/#organization"},"potentialAction":[{"@type":"SearchAction","target":{"@type":"EntryPoint","urlTemplate":"https:\/\/9staedte.de\/es\/?s={search_term_string}"},"query-input":{"@type":"PropertyValueSpecification","valueRequired":true,"valueName":"search_term_string"}}],"inLanguage":"es"},{"@type":"Organization","@id":"https:\/\/9staedte.de\/es\/#organization","name":"9 St\u00e4dte in Niedersachsen","url":"https:\/\/9staedte.de\/es\/","logo":{"@type":"ImageObject","inLanguage":"es","@id":"https:\/\/9staedte.de\/es\/#\/schema\/logo\/image\/","url":"https:\/\/9staedte.de\/wp-content\/uploads\/2025\/01\/9-neg-deutsch-2-1.png","contentUrl":"https:\/\/9staedte.de\/wp-content\/uploads\/2025\/01\/9-neg-deutsch-2-1.png","width":190,"height":114,"caption":"9 St\u00e4dte in Niedersachsen"},"image":{"@id":"https:\/\/9staedte.de\/es\/#\/schema\/logo\/image\/"}}]}},"_links":{"self":[{"href":"https:\/\/9staedte.de\/es\/wp-json\/wp\/v2\/pages\/17029","targetHints":{"allow":["GET"]}}],"collection":[{"href":"https:\/\/9staedte.de\/es\/wp-json\/wp\/v2\/pages"}],"about":[{"href":"https:\/\/9staedte.de\/es\/wp-json\/wp\/v2\/types\/page"}],"author":[{"embeddable":true,"href":"https:\/\/9staedte.de\/es\/wp-json\/wp\/v2\/users\/1"}],"replies":[{"embeddable":true,"href":"https:\/\/9staedte.de\/es\/wp-json\/wp\/v2\/comments?post=17029"}],"version-history":[{"count":1,"href":"https:\/\/9staedte.de\/es\/wp-json\/wp\/v2\/pages\/17029\/revisions"}],"predecessor-version":[{"id":19955,"href":"https:\/\/9staedte.de\/es\/wp-json\/wp\/v2\/pages\/17029\/revisions\/19955"}],"up":[{"embeddable":true,"href":"https:\/\/9staedte.de\/es\/wp-json\/wp\/v2\/pages\/17958"}],"wp:featuredmedia":[{"embeddable":true,"href":"https:\/\/9staedte.de\/es\/wp-json\/wp\/v2\/media\/17036"}],"wp:attachment":[{"href":"https:\/\/9staedte.de\/es\/wp-json\/wp\/v2\/media?parent=17029"}],"wp:term":[{"taxonomy":"category","embeddable":true,"href":"https:\/\/9staedte.de\/es\/wp-json\/wp\/v2\/categories?post=17029"},{"taxonomy":"post_tag","embeddable":true,"href":"https:\/\/9staedte.de\/es\/wp-json\/wp\/v2\/tags?post=17029"},{"taxonomy":"ncap_cities_tax","embeddable":true,"href":"https:\/\/9staedte.de\/es\/wp-json\/wp\/v2\/ncap_cities_tax?post=17029"}],"curies":[{"name":"wp","href":"https:\/\/api.w.org\/{rel}","templated":true}]}}