{"id":17025,"date":"2023-11-02T09:47:00","date_gmt":"2023-11-02T08:47:00","guid":{"rendered":"https:\/\/9staedte.de\/programas-de-dia-en-wolfenbuettel\/"},"modified":"2023-11-02T18:23:26","modified_gmt":"2023-11-02T17:23:26","slug":"programas-de-dia-en-wolfenbuettel","status":"publish","type":"page","link":"https:\/\/9staedte.de\/es\/wolfenbuttel-la-ciudad-de-lessing\/programas-de-dia-en-wolfenbuettel\/","title":{"rendered":"Programas de d\u00eda en Wolfenb\u00fcttel"},"content":{"rendered":"\r\n\r\n    <div class=\"filter-posts\">\r\n            <div  id=\"filterContent\">\r\n                                                        \n<div class=\"contentKachel filtr-item\" data-category=\"wolfenbuettel-es\">\n    <a href=\"https:\/\/9staedte.de\/es\/visita-culinaria\/\">\n        <div class=\"contentKachel-inner\">\n                            <div class=\"contentKachel-thumbnail\">\n                    <img loading=\"lazy\" decoding=\"async\" width=\"300\" height=\"165\" src=\"https:\/\/9staedte.de\/wp-content\/smush-webp\/2023\/06\/Fachwerk_Christian_Bierwagen-300x165.jpg.webp\" class=\"objectfitcover withfilters wp-post-image\" alt=\"La imagen muestra una plaza en Wolfenb\u00fcttel. Alrededor hay casas con entramado de madera. Las casas son antiguas, coloridas y bien cuidadas. Delante hay mesas y sillas. Algunas personas est\u00e1n sentadas al sol. El cielo est\u00e1 azul. Es un d\u00eda bonito.\" srcset=\"https:\/\/9staedte.de\/wp-content\/smush-webp\/2023\/06\/Fachwerk_Christian_Bierwagen-300x165.jpg.webp 300w, https:\/\/9staedte.de\/wp-content\/smush-webp\/2023\/06\/Fachwerk_Christian_Bierwagen-768x422.jpg.webp 768w, https:\/\/9staedte.de\/wp-content\/smush-webp\/2023\/06\/Fachwerk_Christian_Bierwagen.jpg.webp 1020w\" sizes=\"auto, (max-width: 300px) 100vw, 300px\" \/>                    <img loading=\"lazy\" decoding=\"async\" width=\"300\" height=\"165\" src=\"https:\/\/9staedte.de\/wp-content\/smush-webp\/2023\/06\/Fachwerk_Christian_Bierwagen-300x165.jpg.webp\" class=\"objectfitcontain wp-post-image\" alt=\"La imagen muestra una plaza en Wolfenb\u00fcttel. Alrededor hay casas con entramado de madera. Las casas son antiguas, coloridas y bien cuidadas. Delante hay mesas y sillas. Algunas personas est\u00e1n sentadas al sol. El cielo est\u00e1 azul. Es un d\u00eda bonito.\" srcset=\"https:\/\/9staedte.de\/wp-content\/smush-webp\/2023\/06\/Fachwerk_Christian_Bierwagen-300x165.jpg.webp 300w, https:\/\/9staedte.de\/wp-content\/smush-webp\/2023\/06\/Fachwerk_Christian_Bierwagen-768x422.jpg.webp 768w, https:\/\/9staedte.de\/wp-content\/smush-webp\/2023\/06\/Fachwerk_Christian_Bierwagen.jpg.webp 1020w\" sizes=\"auto, (max-width: 300px) 100vw, 300px\" \/>                        <div class=\"thumbnail-label\">\n    <span>Fachwerk in Wolfenb\u00fcttel c) Stadt Wolfenb\u00fcttelChristian_Bierwagen<\/span>\n    <\/div>\n                <\/div>\n                        <div class=\"contentKachel-content\">\n                                    <div class=\"city-tag bg-wolfenbuettel\">\n                        Wolfenb\u00fcttel                    <\/div>\n                \n                <div class=\"title\">\n\n                    Visita culinaria                    \n                <\/div>\n\n                            <\/div>\n\n        <\/div>\n    <\/a>\n<\/div>                                                        \n<div class=\"contentKachel filtr-item\" data-category=\"wolfenbuettel-es\">\n    <a href=\"https:\/\/9staedte.de\/es\/visita-a-wolfenbuttel-con-plato-principal\/\">\n        <div class=\"contentKachel-inner\">\n                            <div class=\"contentKachel-thumbnail\">\n                    <img loading=\"lazy\" decoding=\"async\" width=\"300\" height=\"165\" src=\"https:\/\/9staedte.de\/wp-content\/smush-webp\/2023\/06\/Ausgehen-in-Wolfenbuettel-c-Stadt-Wolfenbuettel-Christian-Bierwagen-300x165.jpg.webp\" class=\"objectfitcover withfilters wp-post-image\" alt=\"Cuatro personas est\u00e1n sentadas en una mesa en un restaurante. R\u00eden y comen juntas. En la mesa hay pizza, ensalada, vino y agua. Todos parecen felices. Detr\u00e1s hay fotos en la pared. El ambiente es acogedor.\" srcset=\"https:\/\/9staedte.de\/wp-content\/smush-webp\/2023\/06\/Ausgehen-in-Wolfenbuettel-c-Stadt-Wolfenbuettel-Christian-Bierwagen-300x165.jpg.webp 300w, https:\/\/9staedte.de\/wp-content\/smush-webp\/2023\/06\/Ausgehen-in-Wolfenbuettel-c-Stadt-Wolfenbuettel-Christian-Bierwagen-768x422.jpg.webp 768w, https:\/\/9staedte.de\/wp-content\/smush-webp\/2023\/06\/Ausgehen-in-Wolfenbuettel-c-Stadt-Wolfenbuettel-Christian-Bierwagen.jpg.webp 1020w\" sizes=\"auto, (max-width: 300px) 100vw, 300px\" \/>                    <img loading=\"lazy\" decoding=\"async\" width=\"300\" height=\"165\" src=\"https:\/\/9staedte.de\/wp-content\/smush-webp\/2023\/06\/Ausgehen-in-Wolfenbuettel-c-Stadt-Wolfenbuettel-Christian-Bierwagen-300x165.jpg.webp\" class=\"objectfitcontain wp-post-image\" alt=\"Cuatro personas est\u00e1n sentadas en una mesa en un restaurante. R\u00eden y comen juntas. En la mesa hay pizza, ensalada, vino y agua. Todos parecen felices. Detr\u00e1s hay fotos en la pared. El ambiente es acogedor.\" srcset=\"https:\/\/9staedte.de\/wp-content\/smush-webp\/2023\/06\/Ausgehen-in-Wolfenbuettel-c-Stadt-Wolfenbuettel-Christian-Bierwagen-300x165.jpg.webp 300w, https:\/\/9staedte.de\/wp-content\/smush-webp\/2023\/06\/Ausgehen-in-Wolfenbuettel-c-Stadt-Wolfenbuettel-Christian-Bierwagen-768x422.jpg.webp 768w, https:\/\/9staedte.de\/wp-content\/smush-webp\/2023\/06\/Ausgehen-in-Wolfenbuettel-c-Stadt-Wolfenbuettel-Christian-Bierwagen.jpg.webp 1020w\" sizes=\"auto, (max-width: 300px) 100vw, 300px\" \/>                        <div class=\"thumbnail-label\">\n    <span>Ausgehen in Wolfenb\u00fcttel c) Stadt Wolfenb\u00fcttel Christian Bierwagen<\/span>\n    <\/div>\n                <\/div>\n                        <div class=\"contentKachel-content\">\n                                    <div class=\"city-tag bg-wolfenbuettel\">\n                        Wolfenb\u00fcttel                    <\/div>\n                \n                <div class=\"title\">\n\n                    Wolfenb\u00fcttel &#8211; historia y disfrute                    \n                <\/div>\n\n                            <\/div>\n\n        <\/div>\n    <\/a>\n<\/div>                                                        \n<div class=\"contentKachel filtr-item\" data-category=\"wolfenbuettel-es\">\n    <a href=\"https:\/\/9staedte.de\/es\/disposicion-de-disc-golf\/\">\n        <div class=\"contentKachel-inner\">\n                            <div class=\"contentKachel-thumbnail\">\n                    <img loading=\"lazy\" decoding=\"async\" width=\"300\" height=\"165\" src=\"https:\/\/9staedte.de\/wp-content\/smush-webp\/2023\/06\/Freizeit-in-Wolfenbttel-Fotograf-Christian-Bierwagen-Rechte-Stadt-Wolfenbttel-300x165.jpg.webp\" class=\"objectfitcover withfilters wp-post-image\" alt=\"La imagen muestra a personas en un parque. Juegan al discgolf. Una mujer lanza un disco de colores. Los otros miran y sonr\u00eden. Todos se divierten. Hay \u00e1rboles en el fondo. Es un d\u00eda bonito.\" srcset=\"https:\/\/9staedte.de\/wp-content\/smush-webp\/2023\/06\/Freizeit-in-Wolfenbttel-Fotograf-Christian-Bierwagen-Rechte-Stadt-Wolfenbttel-300x165.jpg.webp 300w, https:\/\/9staedte.de\/wp-content\/smush-webp\/2023\/06\/Freizeit-in-Wolfenbttel-Fotograf-Christian-Bierwagen-Rechte-Stadt-Wolfenbttel-768x422.jpg.webp 768w, https:\/\/9staedte.de\/wp-content\/smush-webp\/2023\/06\/Freizeit-in-Wolfenbttel-Fotograf-Christian-Bierwagen-Rechte-Stadt-Wolfenbttel.jpg.webp 1020w\" sizes=\"auto, (max-width: 300px) 100vw, 300px\" \/>                    <img loading=\"lazy\" decoding=\"async\" width=\"300\" height=\"165\" src=\"https:\/\/9staedte.de\/wp-content\/smush-webp\/2023\/06\/Freizeit-in-Wolfenbttel-Fotograf-Christian-Bierwagen-Rechte-Stadt-Wolfenbttel-300x165.jpg.webp\" class=\"objectfitcontain wp-post-image\" alt=\"La imagen muestra a personas en un parque. Juegan al discgolf. Una mujer lanza un disco de colores. Los otros miran y sonr\u00eden. Todos se divierten. Hay \u00e1rboles en el fondo. Es un d\u00eda bonito.\" srcset=\"https:\/\/9staedte.de\/wp-content\/smush-webp\/2023\/06\/Freizeit-in-Wolfenbttel-Fotograf-Christian-Bierwagen-Rechte-Stadt-Wolfenbttel-300x165.jpg.webp 300w, https:\/\/9staedte.de\/wp-content\/smush-webp\/2023\/06\/Freizeit-in-Wolfenbttel-Fotograf-Christian-Bierwagen-Rechte-Stadt-Wolfenbttel-768x422.jpg.webp 768w, https:\/\/9staedte.de\/wp-content\/smush-webp\/2023\/06\/Freizeit-in-Wolfenbttel-Fotograf-Christian-Bierwagen-Rechte-Stadt-Wolfenbttel.jpg.webp 1020w\" sizes=\"auto, (max-width: 300px) 100vw, 300px\" \/>                        <div class=\"thumbnail-label\">\n    <span>Discgolf -Freizeit in Wolfenb\u00fcttel c) Christian Bierwagen<\/span>\n    <\/div>\n                <\/div>\n                        <div class=\"contentKachel-content\">\n                                    <div class=\"city-tag bg-wolfenbuettel\">\n                        Wolfenb\u00fcttel                    <\/div>\n                \n                <div class=\"title\">\n\n                    Disposici\u00f3n de Disc Golf                    \n                <\/div>\n\n                            <\/div>\n\n        <\/div>\n    <\/a>\n<\/div>                                            <\/div>\r\n    <\/div>\r\n","protected":false},"excerpt":{"rendered":"","protected":false},"author":1,"featured_media":15476,"parent":18023,"menu_order":0,"comment_status":"closed","ping_status":"closed","template":"pagetemplates\/template-stadtthema.php","meta":{"_acf_changed":false,"footnotes":""},"categories":[],"tags":[],"ncap_cities_tax":[1087,472],"class_list":["post-17025","page","type-page","status-publish","has-post-thumbnail","hentry","ncap_cities_tax-tagesprogramme-wolfenbuettel-es-wolfenbuettel-es","ncap_cities_tax-wolfenbuettel-es"],"acf":[],"yoast_head":"<!-- This site is optimized with the Yoast SEO plugin v26.8 - https:\/\/yoast.com\/product\/yoast-seo-wordpress\/ -->\n<title>Programas de d\u00eda en Wolfenb\u00fcttel - 9 St\u00e4dte in Niedersachsen<\/title>\n<meta name=\"robots\" content=\"index, follow, max-snippet:-1, max-image-preview:large, max-video-preview:-1\" \/>\n<link rel=\"canonical\" href=\"https:\/\/9staedte.de\/es\/wolfenbuttel-la-ciudad-de-lessing\/programas-de-dia-en-wolfenbuettel\/\" \/>\n<meta property=\"og:locale\" content=\"es_ES\" \/>\n<meta property=\"og:type\" content=\"article\" \/>\n<meta property=\"og:title\" content=\"Programas de d\u00eda en Wolfenb\u00fcttel - 9 St\u00e4dte in Niedersachsen\" \/>\n<meta property=\"og:url\" content=\"https:\/\/9staedte.de\/es\/wolfenbuttel-la-ciudad-de-lessing\/programas-de-dia-en-wolfenbuettel\/\" \/>\n<meta property=\"og:site_name\" content=\"9 St\u00e4dte in Niedersachsen\" \/>\n<meta property=\"article:modified_time\" content=\"2023-11-02T17:23:26+00:00\" \/>\n<meta property=\"og:image\" content=\"https:\/\/9staedte.de\/wp-content\/uploads\/2023\/06\/Wolfenbuettel-Kleiner-Zimmerhof-c-Stadt-Wolfenbuettel-Christian-Bierwagen.jpg\" \/>\n\t<meta property=\"og:image:width\" content=\"1020\" \/>\n\t<meta property=\"og:image:height\" content=\"560\" \/>\n\t<meta property=\"og:image:type\" content=\"image\/jpeg\" \/>\n<meta name=\"twitter:card\" content=\"summary_large_image\" \/>\n<script type=\"application\/ld+json\" class=\"yoast-schema-graph\">{\"@context\":\"https:\/\/schema.org\",\"@graph\":[{\"@type\":\"WebPage\",\"@id\":\"https:\/\/9staedte.de\/es\/wolfenbuttel-la-ciudad-de-lessing\/programas-de-dia-en-wolfenbuettel\/\",\"url\":\"https:\/\/9staedte.de\/es\/wolfenbuttel-la-ciudad-de-lessing\/programas-de-dia-en-wolfenbuettel\/\",\"name\":\"Programas de d\u00eda en Wolfenb\u00fcttel - 9 St\u00e4dte in Niedersachsen\",\"isPartOf\":{\"@id\":\"https:\/\/9staedte.de\/es\/#website\"},\"primaryImageOfPage\":{\"@id\":\"https:\/\/9staedte.de\/es\/wolfenbuttel-la-ciudad-de-lessing\/programas-de-dia-en-wolfenbuettel\/#primaryimage\"},\"image\":{\"@id\":\"https:\/\/9staedte.de\/es\/wolfenbuttel-la-ciudad-de-lessing\/programas-de-dia-en-wolfenbuettel\/#primaryimage\"},\"thumbnailUrl\":\"https:\/\/9staedte.de\/wp-content\/uploads\/2023\/06\/Wolfenbuettel-Kleiner-Zimmerhof-c-Stadt-Wolfenbuettel-Christian-Bierwagen.jpg\",\"datePublished\":\"2023-11-02T08:47:00+00:00\",\"dateModified\":\"2023-11-02T17:23:26+00:00\",\"breadcrumb\":{\"@id\":\"https:\/\/9staedte.de\/es\/wolfenbuttel-la-ciudad-de-lessing\/programas-de-dia-en-wolfenbuettel\/#breadcrumb\"},\"inLanguage\":\"es\",\"potentialAction\":[{\"@type\":\"ReadAction\",\"target\":[\"https:\/\/9staedte.de\/es\/wolfenbuttel-la-ciudad-de-lessing\/programas-de-dia-en-wolfenbuettel\/\"]}]},{\"@type\":\"ImageObject\",\"inLanguage\":\"es\",\"@id\":\"https:\/\/9staedte.de\/es\/wolfenbuttel-la-ciudad-de-lessing\/programas-de-dia-en-wolfenbuettel\/#primaryimage\",\"url\":\"https:\/\/9staedte.de\/wp-content\/uploads\/2023\/06\/Wolfenbuettel-Kleiner-Zimmerhof-c-Stadt-Wolfenbuettel-Christian-Bierwagen.jpg\",\"contentUrl\":\"https:\/\/9staedte.de\/wp-content\/uploads\/2023\/06\/Wolfenbuettel-Kleiner-Zimmerhof-c-Stadt-Wolfenbuettel-Christian-Bierwagen.jpg\",\"width\":1020,\"height\":560,\"caption\":\"Wolfenbuettel Kleiner Zimmerhof c) Stadt Wolfenb\u00fcttel Christian Bierwagen\"},{\"@type\":\"BreadcrumbList\",\"@id\":\"https:\/\/9staedte.de\/es\/wolfenbuttel-la-ciudad-de-lessing\/programas-de-dia-en-wolfenbuettel\/#breadcrumb\",\"itemListElement\":[{\"@type\":\"ListItem\",\"position\":1,\"name\":\"Startseite\",\"item\":\"https:\/\/9staedte.de\/es\/\"},{\"@type\":\"ListItem\",\"position\":2,\"name\":\"Wolfenb\u00fcttel &#8211; La ciudad de Lessing\",\"item\":\"https:\/\/9staedte.de\/es\/wolfenbuttel-la-ciudad-de-lessing\/\"},{\"@type\":\"ListItem\",\"position\":3,\"name\":\"Programas de d\u00eda en Wolfenb\u00fcttel\"}]},{\"@type\":\"WebSite\",\"@id\":\"https:\/\/9staedte.de\/es\/#website\",\"url\":\"https:\/\/9staedte.de\/es\/\",\"name\":\"9 St\u00e4dte in Niedersachsen\",\"description\":\"\",\"publisher\":{\"@id\":\"https:\/\/9staedte.de\/es\/#organization\"},\"potentialAction\":[{\"@type\":\"SearchAction\",\"target\":{\"@type\":\"EntryPoint\",\"urlTemplate\":\"https:\/\/9staedte.de\/es\/?s={search_term_string}\"},\"query-input\":{\"@type\":\"PropertyValueSpecification\",\"valueRequired\":true,\"valueName\":\"search_term_string\"}}],\"inLanguage\":\"es\"},{\"@type\":\"Organization\",\"@id\":\"https:\/\/9staedte.de\/es\/#organization\",\"name\":\"9 St\u00e4dte in Niedersachsen\",\"url\":\"https:\/\/9staedte.de\/es\/\",\"logo\":{\"@type\":\"ImageObject\",\"inLanguage\":\"es\",\"@id\":\"https:\/\/9staedte.de\/es\/#\/schema\/logo\/image\/\",\"url\":\"https:\/\/9staedte.de\/wp-content\/uploads\/2025\/01\/9-neg-deutsch-2-1.png\",\"contentUrl\":\"https:\/\/9staedte.de\/wp-content\/uploads\/2025\/01\/9-neg-deutsch-2-1.png\",\"width\":190,\"height\":114,\"caption\":\"9 St\u00e4dte in Niedersachsen\"},\"image\":{\"@id\":\"https:\/\/9staedte.de\/es\/#\/schema\/logo\/image\/\"}}]}<\/script>\n<!-- \/ Yoast SEO plugin. -->","yoast_head_json":{"title":"Programas de d\u00eda en Wolfenb\u00fcttel - 9 St\u00e4dte in Niedersachsen","robots":{"index":"index","follow":"follow","max-snippet":"max-snippet:-1","max-image-preview":"max-image-preview:large","max-video-preview":"max-video-preview:-1"},"canonical":"https:\/\/9staedte.de\/es\/wolfenbuttel-la-ciudad-de-lessing\/programas-de-dia-en-wolfenbuettel\/","og_locale":"es_ES","og_type":"article","og_title":"Programas de d\u00eda en Wolfenb\u00fcttel - 9 St\u00e4dte in Niedersachsen","og_url":"https:\/\/9staedte.de\/es\/wolfenbuttel-la-ciudad-de-lessing\/programas-de-dia-en-wolfenbuettel\/","og_site_name":"9 St\u00e4dte in Niedersachsen","article_modified_time":"2023-11-02T17:23:26+00:00","og_image":[{"width":1020,"height":560,"url":"https:\/\/9staedte.de\/wp-content\/uploads\/2023\/06\/Wolfenbuettel-Kleiner-Zimmerhof-c-Stadt-Wolfenbuettel-Christian-Bierwagen.jpg","type":"image\/jpeg"}],"twitter_card":"summary_large_image","schema":{"@context":"https:\/\/schema.org","@graph":[{"@type":"WebPage","@id":"https:\/\/9staedte.de\/es\/wolfenbuttel-la-ciudad-de-lessing\/programas-de-dia-en-wolfenbuettel\/","url":"https:\/\/9staedte.de\/es\/wolfenbuttel-la-ciudad-de-lessing\/programas-de-dia-en-wolfenbuettel\/","name":"Programas de d\u00eda en Wolfenb\u00fcttel - 9 St\u00e4dte in Niedersachsen","isPartOf":{"@id":"https:\/\/9staedte.de\/es\/#website"},"primaryImageOfPage":{"@id":"https:\/\/9staedte.de\/es\/wolfenbuttel-la-ciudad-de-lessing\/programas-de-dia-en-wolfenbuettel\/#primaryimage"},"image":{"@id":"https:\/\/9staedte.de\/es\/wolfenbuttel-la-ciudad-de-lessing\/programas-de-dia-en-wolfenbuettel\/#primaryimage"},"thumbnailUrl":"https:\/\/9staedte.de\/wp-content\/uploads\/2023\/06\/Wolfenbuettel-Kleiner-Zimmerhof-c-Stadt-Wolfenbuettel-Christian-Bierwagen.jpg","datePublished":"2023-11-02T08:47:00+00:00","dateModified":"2023-11-02T17:23:26+00:00","breadcrumb":{"@id":"https:\/\/9staedte.de\/es\/wolfenbuttel-la-ciudad-de-lessing\/programas-de-dia-en-wolfenbuettel\/#breadcrumb"},"inLanguage":"es","potentialAction":[{"@type":"ReadAction","target":["https:\/\/9staedte.de\/es\/wolfenbuttel-la-ciudad-de-lessing\/programas-de-dia-en-wolfenbuettel\/"]}]},{"@type":"ImageObject","inLanguage":"es","@id":"https:\/\/9staedte.de\/es\/wolfenbuttel-la-ciudad-de-lessing\/programas-de-dia-en-wolfenbuettel\/#primaryimage","url":"https:\/\/9staedte.de\/wp-content\/uploads\/2023\/06\/Wolfenbuettel-Kleiner-Zimmerhof-c-Stadt-Wolfenbuettel-Christian-Bierwagen.jpg","contentUrl":"https:\/\/9staedte.de\/wp-content\/uploads\/2023\/06\/Wolfenbuettel-Kleiner-Zimmerhof-c-Stadt-Wolfenbuettel-Christian-Bierwagen.jpg","width":1020,"height":560,"caption":"Wolfenbuettel Kleiner Zimmerhof c) Stadt Wolfenb\u00fcttel Christian Bierwagen"},{"@type":"BreadcrumbList","@id":"https:\/\/9staedte.de\/es\/wolfenbuttel-la-ciudad-de-lessing\/programas-de-dia-en-wolfenbuettel\/#breadcrumb","itemListElement":[{"@type":"ListItem","position":1,"name":"Startseite","item":"https:\/\/9staedte.de\/es\/"},{"@type":"ListItem","position":2,"name":"Wolfenb\u00fcttel &#8211; La ciudad de Lessing","item":"https:\/\/9staedte.de\/es\/wolfenbuttel-la-ciudad-de-lessing\/"},{"@type":"ListItem","position":3,"name":"Programas de d\u00eda en Wolfenb\u00fcttel"}]},{"@type":"WebSite","@id":"https:\/\/9staedte.de\/es\/#website","url":"https:\/\/9staedte.de\/es\/","name":"9 St\u00e4dte in Niedersachsen","description":"","publisher":{"@id":"https:\/\/9staedte.de\/es\/#organization"},"potentialAction":[{"@type":"SearchAction","target":{"@type":"EntryPoint","urlTemplate":"https:\/\/9staedte.de\/es\/?s={search_term_string}"},"query-input":{"@type":"PropertyValueSpecification","valueRequired":true,"valueName":"search_term_string"}}],"inLanguage":"es"},{"@type":"Organization","@id":"https:\/\/9staedte.de\/es\/#organization","name":"9 St\u00e4dte in Niedersachsen","url":"https:\/\/9staedte.de\/es\/","logo":{"@type":"ImageObject","inLanguage":"es","@id":"https:\/\/9staedte.de\/es\/#\/schema\/logo\/image\/","url":"https:\/\/9staedte.de\/wp-content\/uploads\/2025\/01\/9-neg-deutsch-2-1.png","contentUrl":"https:\/\/9staedte.de\/wp-content\/uploads\/2025\/01\/9-neg-deutsch-2-1.png","width":190,"height":114,"caption":"9 St\u00e4dte in Niedersachsen"},"image":{"@id":"https:\/\/9staedte.de\/es\/#\/schema\/logo\/image\/"}}]}},"_links":{"self":[{"href":"https:\/\/9staedte.de\/es\/wp-json\/wp\/v2\/pages\/17025","targetHints":{"allow":["GET"]}}],"collection":[{"href":"https:\/\/9staedte.de\/es\/wp-json\/wp\/v2\/pages"}],"about":[{"href":"https:\/\/9staedte.de\/es\/wp-json\/wp\/v2\/types\/page"}],"author":[{"embeddable":true,"href":"https:\/\/9staedte.de\/es\/wp-json\/wp\/v2\/users\/1"}],"replies":[{"embeddable":true,"href":"https:\/\/9staedte.de\/es\/wp-json\/wp\/v2\/comments?post=17025"}],"version-history":[{"count":1,"href":"https:\/\/9staedte.de\/es\/wp-json\/wp\/v2\/pages\/17025\/revisions"}],"predecessor-version":[{"id":20008,"href":"https:\/\/9staedte.de\/es\/wp-json\/wp\/v2\/pages\/17025\/revisions\/20008"}],"up":[{"embeddable":true,"href":"https:\/\/9staedte.de\/es\/wp-json\/wp\/v2\/pages\/18023"}],"wp:featuredmedia":[{"embeddable":true,"href":"https:\/\/9staedte.de\/es\/wp-json\/wp\/v2\/media\/15476"}],"wp:attachment":[{"href":"https:\/\/9staedte.de\/es\/wp-json\/wp\/v2\/media?parent=17025"}],"wp:term":[{"taxonomy":"category","embeddable":true,"href":"https:\/\/9staedte.de\/es\/wp-json\/wp\/v2\/categories?post=17025"},{"taxonomy":"post_tag","embeddable":true,"href":"https:\/\/9staedte.de\/es\/wp-json\/wp\/v2\/tags?post=17025"},{"taxonomy":"ncap_cities_tax","embeddable":true,"href":"https:\/\/9staedte.de\/es\/wp-json\/wp\/v2\/ncap_cities_tax?post=17025"}],"curies":[{"name":"wp","href":"https:\/\/api.w.org\/{rel}","templated":true}]}}