{"id":16975,"date":"2023-11-02T09:46:24","date_gmt":"2023-11-02T08:46:24","guid":{"rendered":"https:\/\/9staedte.de\/mercado-de-navidad-en-einbeck\/"},"modified":"2026-03-23T12:58:36","modified_gmt":"2026-03-23T11:58:36","slug":"mercado-de-navidad-en-einbeck","status":"publish","type":"page","link":"https:\/\/9staedte.de\/es\/einbeck-coches-clasicos-casas-con-entramado-de-madera-cerveza\/mercado-de-navidad-en-einbeck\/","title":{"rendered":"Mercado de Navidad en Einbeck"},"content":{"rendered":"\n<h2 class=\"wp-block-heading\">Ambiente contemplativo en el pueblo navide\u00f1o<\/h2>\n\n<p>Cada a\u00f1o, desde finales de noviembre hasta finales de diciembre, el pueblo navide\u00f1o de Einbeck, con su hist\u00f3rico entramado de madera, invita a los visitantes a entrar en ambiente navide\u00f1o. Ya sea vino caliente, delicias culinarias o peque\u00f1os regalos, todos encontrar\u00e1n aqu\u00ed lo que buscan. Las luces de Navidad iluminan el centro de Einbeck y los visitantes pueden esperar una amplia oferta de artesan\u00eda, especialidades regionales y un programa variado. Una visita a la Aldea Navide\u00f1a de Einbeck promete momentos inolvidables en medio de un tel\u00f3n de fondo atmosf\u00e9rico y la expectaci\u00f3n navide\u00f1a.   <\/p>\n\n<p><a href=\"https:\/\/www.einbeck-tourismus.de\/stadtfeste-maerkte-events\">Para m\u00e1s informaci\u00f3n<\/a><\/p>\n\n\n<div class=\"banner-wrapper\">\n  <div class=\"banner-inner \">\n      <div class=\"img-container\">\n      <div class=\"img-wrapper\">\n        <img decoding=\"async\" src=\"https:\/\/9staedte.de\/wp-content\/smush-webp\/2025\/10\/Einbeck-Weihnachtdorf-Fachwerk-\u00a9Spieker-Fotografie.jpg.webp\" alt=\"En la foto se ve un mercado de Navidad. Muchas personas est\u00e1n delante de peque\u00f1as casetas de madera. Hay un \u00e1rbol de Navidad grande con luces. Las casas del fondo son antiguas y bonitas. Todo est\u00e1 decorado y festivo.\" \/>\n                  <div class=\"thumbnail-label\">\n            <span>Einbeck Weihnachtdorf Fachwerk \u00a9Spieker Fotografie<\/span>\n          <\/div>\n              <\/div>\n    <\/div>\n        <div class=\"text-container\">\n      <div class=\"content\">\n        <p><strong>9 consejos para tu visita al mercado navide\u00f1o de Einbeck:<\/strong><\/p>\n<ul>\n<li>Disfruta de la famosa cerveza Einbeck<\/li>\n<li>Una tarde sociable en la pista de curling<\/li>\n<li>Luces de Navidad con los cuatro puntos de la foto<\/li>\n<li>Un regalo culinario del Genuss Kontor Einbeck<\/li>\n<li>Programa prenavide\u00f1o variado durante todo el Adviento<\/li>\n<li>Visita al mayor museo de coches cl\u00e1sicos de Europa, el PS.SPEICHER<\/li>\n<li>Experiencia de impresi\u00f3n tradicional en Einbeck Blueprint<\/li>\n<li>Tras la pista de la tradici\u00f3n cervecera en la Ruta de la Cerveza de Einbeck<\/li>\n<li>La mayor galer\u00eda de arte callejero al aire libre del sur de Baja Sajonia, en el centro hist\u00f3rico de la ciudad<\/li>\n<\/ul>\n      <\/div>\n    <\/div>\n    <\/div>\n<\/div>\n\n\n<div style=\"height:49px\" aria-hidden=\"true\" class=\"wp-block-spacer\"><\/div>\n\n<p class=\"h3\"><strong>Mercado de Navidad en Einbeck<\/strong><\/p>\n\n <div class=\"brlbs-cmpnt-container brlbs-cmpnt-content-blocker brlbs-cmpnt-with-individual-styles\" data-borlabs-cookie-content-blocker-id=\"google-maps\" data-borlabs-cookie-content=\"PGlmcmFtZSBzcmM9Imh0dHBzOi8vd3d3Lmdvb2dsZS5jb20vbWFwcy9lbWJlZD9wYj0hMW0xOCExbTEyITFtMyExZDQ3NS40NTA3MDg1NjM1NTExMyEyZDkuODY2NDg4NjgxOTIwODc3ITNkNTEuODE4MzQ5MjA0MDQ0MTMhMm0zITFmMCEyZjAhM2YwITNtMiExaTEwMjQhMmk3NjghNGYxMy4xITNtMyExbTIhMXMweDQ3YmFjZjNiMTcyZjc4MjklM0EweDlmYTdjOWMzNGNmNGIzZWQhMnNNYXJrdHBsYXR6JTIwRWluYmVjayE1ZTAhM20yITFzZGUhMnNkZSE0djE2OTIxODMxNDA2OTMhNW0yITFzZGUhMnNkZSIgd2lkdGg9IjYwMCIgaGVpZ2h0PSI0NTAiIHN0eWxlPSJib3JkZXI6MDsiIGFsbG93ZnVsbHNjcmVlbj0iIiBsb2FkaW5nPSJsYXp5IiByZWZlcnJlcnBvbGljeT0ibm8tcmVmZXJyZXItd2hlbi1kb3duZ3JhZGUiPjwvaWZyYW1lPg==\"><div class=\"brlbs-cmpnt-cb-preset-b brlbs-cmpnt-cb-google-maps\"> <div class=\"brlbs-cmpnt-cb-thumbnail\" style=\"background-image: url('https:\/\/9staedte.de\/wp-content\/uploads\/borlabs-cookie\/1\/brlbs-cb-google-maps-main.png')\"><\/div> <div class=\"brlbs-cmpnt-cb-main\"> <div class=\"brlbs-cmpnt-cb-content\"> <p class=\"brlbs-cmpnt-cb-description\">Est\u00e1s viendo un contenido de marcador de posici\u00f3n de <strong>Google Maps<\/strong>. Para acceder al contenido real, haz clic en el siguiente bot\u00f3n. Ten en cuenta que al hacerlo compartir\u00e1s datos con terceros proveedores.<\/p> <a class=\"brlbs-cmpnt-cb-provider-toggle\" href=\"#\" data-borlabs-cookie-show-provider-information role=\"button\">M\u00e1s informaci\u00f3n<\/a> <\/div> <div class=\"brlbs-cmpnt-cb-buttons\"> <a class=\"brlbs-cmpnt-cb-btn\" href=\"#\" data-borlabs-cookie-unblock role=\"button\">Desbloquear contenido<\/a> <a class=\"brlbs-cmpnt-cb-btn\" href=\"#\" data-borlabs-cookie-accept-service role=\"button\" style=\"display: inherit\">Aceptar el servicio requerido y desbloquear el contenido<\/a> <\/div> <\/div> <\/div><\/div>\n","protected":false},"excerpt":{"rendered":"<p>Ambiente contemplativo en el pueblo navide\u00f1o Cada a\u00f1o, desde finales de noviembre hasta finales de diciembre, el pueblo navide\u00f1o de Einbeck, con su hist\u00f3rico entramado de madera, invita a los visitantes a entrar en ambiente navide\u00f1o. Ya sea vino caliente, delicias culinarias o peque\u00f1os regalos, todos encontrar\u00e1n aqu\u00ed lo que buscan. Las luces de Navidad [&hellip;]<\/p>\n","protected":false},"author":1,"featured_media":23426,"parent":17927,"menu_order":0,"comment_status":"closed","ping_status":"closed","template":"pagetemplates\/template-stadtthema.php","meta":{"_acf_changed":false,"footnotes":""},"categories":[],"tags":[],"ncap_cities_tax":[480,550],"class_list":["post-16975","page","type-page","status-publish","has-post-thumbnail","hentry","ncap_cities_tax-einbeck-es","ncap_cities_tax-weihnachtsmarkte-einbeck-es"],"acf":[],"yoast_head":"<!-- This site is optimized with the Yoast SEO plugin v26.8 - https:\/\/yoast.com\/product\/yoast-seo-wordpress\/ -->\n<title>Mercado de Navidad en Einbeck - 9 St\u00e4dte in Niedersachsen<\/title>\n<meta name=\"description\" content=\"Cada a\u00f1o, el pueblo navide\u00f1o de Einbeck, con su hist\u00f3rico entramado de madera como tel\u00f3n de fondo, invita a los visitantes a entrar en ambiente navide\u00f1o.\" \/>\n<meta name=\"robots\" content=\"index, follow, max-snippet:-1, max-image-preview:large, max-video-preview:-1\" \/>\n<link rel=\"canonical\" href=\"https:\/\/9staedte.de\/es\/einbeck-coches-clasicos-casas-con-entramado-de-madera-cerveza\/mercado-de-navidad-en-einbeck\/\" \/>\n<meta property=\"og:locale\" content=\"es_ES\" \/>\n<meta property=\"og:type\" content=\"article\" \/>\n<meta property=\"og:title\" content=\"Mercado de Navidad en Einbeck - 9 St\u00e4dte in Niedersachsen\" \/>\n<meta property=\"og:description\" content=\"Cada a\u00f1o, el pueblo navide\u00f1o de Einbeck, con su hist\u00f3rico entramado de madera como tel\u00f3n de fondo, invita a los visitantes a entrar en ambiente navide\u00f1o.\" \/>\n<meta property=\"og:url\" content=\"https:\/\/9staedte.de\/es\/einbeck-coches-clasicos-casas-con-entramado-de-madera-cerveza\/mercado-de-navidad-en-einbeck\/\" \/>\n<meta property=\"og:site_name\" content=\"9 St\u00e4dte in Niedersachsen\" \/>\n<meta property=\"article:modified_time\" content=\"2026-03-23T11:58:36+00:00\" \/>\n<meta property=\"og:image\" content=\"https:\/\/9staedte.de\/wp-content\/uploads\/2024\/08\/Weihnachtsdorf-Weihnachten-Markt-Winter-\u00a9Spieker-Fotografie-2.jpg\" \/>\n\t<meta property=\"og:image:width\" content=\"1020\" \/>\n\t<meta property=\"og:image:height\" content=\"559\" \/>\n\t<meta property=\"og:image:type\" content=\"image\/jpeg\" \/>\n<meta name=\"twitter:card\" content=\"summary_large_image\" \/>\n<meta name=\"twitter:label1\" content=\"Tiempo de lectura\" \/>\n\t<meta name=\"twitter:data1\" content=\"1 minuto\" \/>\n<script type=\"application\/ld+json\" class=\"yoast-schema-graph\">{\"@context\":\"https:\/\/schema.org\",\"@graph\":[{\"@type\":\"WebPage\",\"@id\":\"https:\/\/9staedte.de\/es\/einbeck-coches-clasicos-casas-con-entramado-de-madera-cerveza\/mercado-de-navidad-en-einbeck\/\",\"url\":\"https:\/\/9staedte.de\/es\/einbeck-coches-clasicos-casas-con-entramado-de-madera-cerveza\/mercado-de-navidad-en-einbeck\/\",\"name\":\"Mercado de Navidad en Einbeck - 9 St\u00e4dte in Niedersachsen\",\"isPartOf\":{\"@id\":\"https:\/\/9staedte.de\/es\/#website\"},\"primaryImageOfPage\":{\"@id\":\"https:\/\/9staedte.de\/es\/einbeck-coches-clasicos-casas-con-entramado-de-madera-cerveza\/mercado-de-navidad-en-einbeck\/#primaryimage\"},\"image\":{\"@id\":\"https:\/\/9staedte.de\/es\/einbeck-coches-clasicos-casas-con-entramado-de-madera-cerveza\/mercado-de-navidad-en-einbeck\/#primaryimage\"},\"thumbnailUrl\":\"https:\/\/9staedte.de\/wp-content\/uploads\/2024\/08\/Weihnachtsdorf-Weihnachten-Markt-Winter-\u00a9Spieker-Fotografie-2.jpg\",\"datePublished\":\"2023-11-02T08:46:24+00:00\",\"dateModified\":\"2026-03-23T11:58:36+00:00\",\"description\":\"Cada a\u00f1o, el pueblo navide\u00f1o de Einbeck, con su hist\u00f3rico entramado de madera como tel\u00f3n de fondo, invita a los visitantes a entrar en ambiente navide\u00f1o.\",\"breadcrumb\":{\"@id\":\"https:\/\/9staedte.de\/es\/einbeck-coches-clasicos-casas-con-entramado-de-madera-cerveza\/mercado-de-navidad-en-einbeck\/#breadcrumb\"},\"inLanguage\":\"es\",\"potentialAction\":[{\"@type\":\"ReadAction\",\"target\":[\"https:\/\/9staedte.de\/es\/einbeck-coches-clasicos-casas-con-entramado-de-madera-cerveza\/mercado-de-navidad-en-einbeck\/\"]}]},{\"@type\":\"ImageObject\",\"inLanguage\":\"es\",\"@id\":\"https:\/\/9staedte.de\/es\/einbeck-coches-clasicos-casas-con-entramado-de-madera-cerveza\/mercado-de-navidad-en-einbeck\/#primaryimage\",\"url\":\"https:\/\/9staedte.de\/wp-content\/uploads\/2024\/08\/Weihnachtsdorf-Weihnachten-Markt-Winter-\u00a9Spieker-Fotografie-2.jpg\",\"contentUrl\":\"https:\/\/9staedte.de\/wp-content\/uploads\/2024\/08\/Weihnachtsdorf-Weihnachten-Markt-Winter-\u00a9Spieker-Fotografie-2.jpg\",\"width\":1020,\"height\":559,\"caption\":\"Einbeck Weihnachtsdorf, Weihnachten, Markt, Winter, \u00a9Spieker Fotografie (2)\"},{\"@type\":\"BreadcrumbList\",\"@id\":\"https:\/\/9staedte.de\/es\/einbeck-coches-clasicos-casas-con-entramado-de-madera-cerveza\/mercado-de-navidad-en-einbeck\/#breadcrumb\",\"itemListElement\":[{\"@type\":\"ListItem\",\"position\":1,\"name\":\"Startseite\",\"item\":\"https:\/\/9staedte.de\/es\/\"},{\"@type\":\"ListItem\",\"position\":2,\"name\":\"Einbeck: coches cl\u00e1sicos, casas con entramado de madera, cerveza\",\"item\":\"https:\/\/9staedte.de\/es\/einbeck-coches-clasicos-casas-con-entramado-de-madera-cerveza\/\"},{\"@type\":\"ListItem\",\"position\":3,\"name\":\"Mercado de Navidad en Einbeck\"}]},{\"@type\":\"WebSite\",\"@id\":\"https:\/\/9staedte.de\/es\/#website\",\"url\":\"https:\/\/9staedte.de\/es\/\",\"name\":\"9 St\u00e4dte in Niedersachsen\",\"description\":\"\",\"publisher\":{\"@id\":\"https:\/\/9staedte.de\/es\/#organization\"},\"potentialAction\":[{\"@type\":\"SearchAction\",\"target\":{\"@type\":\"EntryPoint\",\"urlTemplate\":\"https:\/\/9staedte.de\/es\/?s={search_term_string}\"},\"query-input\":{\"@type\":\"PropertyValueSpecification\",\"valueRequired\":true,\"valueName\":\"search_term_string\"}}],\"inLanguage\":\"es\"},{\"@type\":\"Organization\",\"@id\":\"https:\/\/9staedte.de\/es\/#organization\",\"name\":\"9 St\u00e4dte in Niedersachsen\",\"url\":\"https:\/\/9staedte.de\/es\/\",\"logo\":{\"@type\":\"ImageObject\",\"inLanguage\":\"es\",\"@id\":\"https:\/\/9staedte.de\/es\/#\/schema\/logo\/image\/\",\"url\":\"https:\/\/9staedte.de\/wp-content\/uploads\/2025\/01\/9-neg-deutsch-2-1.png\",\"contentUrl\":\"https:\/\/9staedte.de\/wp-content\/uploads\/2025\/01\/9-neg-deutsch-2-1.png\",\"width\":190,\"height\":114,\"caption\":\"9 St\u00e4dte in Niedersachsen\"},\"image\":{\"@id\":\"https:\/\/9staedte.de\/es\/#\/schema\/logo\/image\/\"}}]}<\/script>\n<!-- \/ Yoast SEO plugin. -->","yoast_head_json":{"title":"Mercado de Navidad en Einbeck - 9 St\u00e4dte in Niedersachsen","description":"Cada a\u00f1o, el pueblo navide\u00f1o de Einbeck, con su hist\u00f3rico entramado de madera como tel\u00f3n de fondo, invita a los visitantes a entrar en ambiente navide\u00f1o.","robots":{"index":"index","follow":"follow","max-snippet":"max-snippet:-1","max-image-preview":"max-image-preview:large","max-video-preview":"max-video-preview:-1"},"canonical":"https:\/\/9staedte.de\/es\/einbeck-coches-clasicos-casas-con-entramado-de-madera-cerveza\/mercado-de-navidad-en-einbeck\/","og_locale":"es_ES","og_type":"article","og_title":"Mercado de Navidad en Einbeck - 9 St\u00e4dte in Niedersachsen","og_description":"Cada a\u00f1o, el pueblo navide\u00f1o de Einbeck, con su hist\u00f3rico entramado de madera como tel\u00f3n de fondo, invita a los visitantes a entrar en ambiente navide\u00f1o.","og_url":"https:\/\/9staedte.de\/es\/einbeck-coches-clasicos-casas-con-entramado-de-madera-cerveza\/mercado-de-navidad-en-einbeck\/","og_site_name":"9 St\u00e4dte in Niedersachsen","article_modified_time":"2026-03-23T11:58:36+00:00","og_image":[{"width":1020,"height":559,"url":"https:\/\/9staedte.de\/wp-content\/uploads\/2024\/08\/Weihnachtsdorf-Weihnachten-Markt-Winter-\u00a9Spieker-Fotografie-2.jpg","type":"image\/jpeg"}],"twitter_card":"summary_large_image","twitter_misc":{"Tiempo de lectura":"1 minuto"},"schema":{"@context":"https:\/\/schema.org","@graph":[{"@type":"WebPage","@id":"https:\/\/9staedte.de\/es\/einbeck-coches-clasicos-casas-con-entramado-de-madera-cerveza\/mercado-de-navidad-en-einbeck\/","url":"https:\/\/9staedte.de\/es\/einbeck-coches-clasicos-casas-con-entramado-de-madera-cerveza\/mercado-de-navidad-en-einbeck\/","name":"Mercado de Navidad en Einbeck - 9 St\u00e4dte in Niedersachsen","isPartOf":{"@id":"https:\/\/9staedte.de\/es\/#website"},"primaryImageOfPage":{"@id":"https:\/\/9staedte.de\/es\/einbeck-coches-clasicos-casas-con-entramado-de-madera-cerveza\/mercado-de-navidad-en-einbeck\/#primaryimage"},"image":{"@id":"https:\/\/9staedte.de\/es\/einbeck-coches-clasicos-casas-con-entramado-de-madera-cerveza\/mercado-de-navidad-en-einbeck\/#primaryimage"},"thumbnailUrl":"https:\/\/9staedte.de\/wp-content\/uploads\/2024\/08\/Weihnachtsdorf-Weihnachten-Markt-Winter-\u00a9Spieker-Fotografie-2.jpg","datePublished":"2023-11-02T08:46:24+00:00","dateModified":"2026-03-23T11:58:36+00:00","description":"Cada a\u00f1o, el pueblo navide\u00f1o de Einbeck, con su hist\u00f3rico entramado de madera como tel\u00f3n de fondo, invita a los visitantes a entrar en ambiente navide\u00f1o.","breadcrumb":{"@id":"https:\/\/9staedte.de\/es\/einbeck-coches-clasicos-casas-con-entramado-de-madera-cerveza\/mercado-de-navidad-en-einbeck\/#breadcrumb"},"inLanguage":"es","potentialAction":[{"@type":"ReadAction","target":["https:\/\/9staedte.de\/es\/einbeck-coches-clasicos-casas-con-entramado-de-madera-cerveza\/mercado-de-navidad-en-einbeck\/"]}]},{"@type":"ImageObject","inLanguage":"es","@id":"https:\/\/9staedte.de\/es\/einbeck-coches-clasicos-casas-con-entramado-de-madera-cerveza\/mercado-de-navidad-en-einbeck\/#primaryimage","url":"https:\/\/9staedte.de\/wp-content\/uploads\/2024\/08\/Weihnachtsdorf-Weihnachten-Markt-Winter-\u00a9Spieker-Fotografie-2.jpg","contentUrl":"https:\/\/9staedte.de\/wp-content\/uploads\/2024\/08\/Weihnachtsdorf-Weihnachten-Markt-Winter-\u00a9Spieker-Fotografie-2.jpg","width":1020,"height":559,"caption":"Einbeck Weihnachtsdorf, Weihnachten, Markt, Winter, \u00a9Spieker Fotografie (2)"},{"@type":"BreadcrumbList","@id":"https:\/\/9staedte.de\/es\/einbeck-coches-clasicos-casas-con-entramado-de-madera-cerveza\/mercado-de-navidad-en-einbeck\/#breadcrumb","itemListElement":[{"@type":"ListItem","position":1,"name":"Startseite","item":"https:\/\/9staedte.de\/es\/"},{"@type":"ListItem","position":2,"name":"Einbeck: coches cl\u00e1sicos, casas con entramado de madera, cerveza","item":"https:\/\/9staedte.de\/es\/einbeck-coches-clasicos-casas-con-entramado-de-madera-cerveza\/"},{"@type":"ListItem","position":3,"name":"Mercado de Navidad en Einbeck"}]},{"@type":"WebSite","@id":"https:\/\/9staedte.de\/es\/#website","url":"https:\/\/9staedte.de\/es\/","name":"9 St\u00e4dte in Niedersachsen","description":"","publisher":{"@id":"https:\/\/9staedte.de\/es\/#organization"},"potentialAction":[{"@type":"SearchAction","target":{"@type":"EntryPoint","urlTemplate":"https:\/\/9staedte.de\/es\/?s={search_term_string}"},"query-input":{"@type":"PropertyValueSpecification","valueRequired":true,"valueName":"search_term_string"}}],"inLanguage":"es"},{"@type":"Organization","@id":"https:\/\/9staedte.de\/es\/#organization","name":"9 St\u00e4dte in Niedersachsen","url":"https:\/\/9staedte.de\/es\/","logo":{"@type":"ImageObject","inLanguage":"es","@id":"https:\/\/9staedte.de\/es\/#\/schema\/logo\/image\/","url":"https:\/\/9staedte.de\/wp-content\/uploads\/2025\/01\/9-neg-deutsch-2-1.png","contentUrl":"https:\/\/9staedte.de\/wp-content\/uploads\/2025\/01\/9-neg-deutsch-2-1.png","width":190,"height":114,"caption":"9 St\u00e4dte in Niedersachsen"},"image":{"@id":"https:\/\/9staedte.de\/es\/#\/schema\/logo\/image\/"}}]}},"_links":{"self":[{"href":"https:\/\/9staedte.de\/es\/wp-json\/wp\/v2\/pages\/16975","targetHints":{"allow":["GET"]}}],"collection":[{"href":"https:\/\/9staedte.de\/es\/wp-json\/wp\/v2\/pages"}],"about":[{"href":"https:\/\/9staedte.de\/es\/wp-json\/wp\/v2\/types\/page"}],"author":[{"embeddable":true,"href":"https:\/\/9staedte.de\/es\/wp-json\/wp\/v2\/users\/1"}],"replies":[{"embeddable":true,"href":"https:\/\/9staedte.de\/es\/wp-json\/wp\/v2\/comments?post=16975"}],"version-history":[{"count":8,"href":"https:\/\/9staedte.de\/es\/wp-json\/wp\/v2\/pages\/16975\/revisions"}],"predecessor-version":[{"id":27918,"href":"https:\/\/9staedte.de\/es\/wp-json\/wp\/v2\/pages\/16975\/revisions\/27918"}],"up":[{"embeddable":true,"href":"https:\/\/9staedte.de\/es\/wp-json\/wp\/v2\/pages\/17927"}],"wp:featuredmedia":[{"embeddable":true,"href":"https:\/\/9staedte.de\/es\/wp-json\/wp\/v2\/media\/23426"}],"wp:attachment":[{"href":"https:\/\/9staedte.de\/es\/wp-json\/wp\/v2\/media?parent=16975"}],"wp:term":[{"taxonomy":"category","embeddable":true,"href":"https:\/\/9staedte.de\/es\/wp-json\/wp\/v2\/categories?post=16975"},{"taxonomy":"post_tag","embeddable":true,"href":"https:\/\/9staedte.de\/es\/wp-json\/wp\/v2\/tags?post=16975"},{"taxonomy":"ncap_cities_tax","embeddable":true,"href":"https:\/\/9staedte.de\/es\/wp-json\/wp\/v2\/ncap_cities_tax?post=16975"}],"curies":[{"name":"wp","href":"https:\/\/api.w.org\/{rel}","templated":true}]}}