{"id":16954,"date":"2023-11-02T09:46:23","date_gmt":"2023-11-02T08:46:23","guid":{"rendered":"https:\/\/9staedte.de\/experiencias-en-la-naturaleza-y-sostenibilidad-en-einbeck\/"},"modified":"2024-03-21T15:57:03","modified_gmt":"2024-03-21T14:57:03","slug":"experiencias-en-la-naturaleza-y-sostenibilidad-en-einbeck","status":"publish","type":"page","link":"https:\/\/9staedte.de\/es\/einbeck-coches-clasicos-casas-con-entramado-de-madera-cerveza\/experiencias-en-la-naturaleza-y-sostenibilidad-en-einbeck\/","title":{"rendered":"Experiencias en la naturaleza y sostenibilidad en Einbeck"},"content":{"rendered":"\n<h2 class=\"wp-block-heading\">Descubra Einbeck de forma sostenible<\/h2>\n\n\n\n<p>La antigua ciudad hanse\u00e1tica alberga casas hist\u00f3ricas de entramado de madera magn\u00edficamente decoradas, la deliciosa cerveza Einbecker Bock y la mayor colecci\u00f3n de coches cl\u00e1sicos de Europa en el PS.SPEICHER. Einbeck y sus 46 pueblos tambi\u00e9n pueden anotarse puntos con el ocio en la naturaleza: Paseos por la ciudad, a lo largo de la muralla hist\u00f3rica, descanso en las murallas, senderismo en el \u00abHube\u00bb, el bosque urbano de Einbeck o ciclismo de castillo en castillo. Aqu\u00ed se elaboran diversos productos regionales, como la mostaza de Einbeck. Durante una excursi\u00f3n en canoa por los r\u00edos Leine e Ilme, las zonas urbanas de Einbeck pueden explorarse directamente desde el agua, y el cercano distrito lacustre de Northeim ofrece una amplia gama de actividades de navegaci\u00f3n a pedales, vela, stand-up paddle y nataci\u00f3n.<\/p>\n\n\n\n\n<div class=\"banner-wrapper\">\n  <div class=\"banner-inner \">\n      <div class=\"img-container\">\n      <div class=\"img-wrapper\">\n        <img decoding=\"async\" src=\"https:\/\/9staedte.de\/wp-content\/smush-webp\/2023\/07\/Rad-Leinepolder-\u00a9mehle-hundertmark-Fotografie.jpg.webp\" alt=\"Un hombre y una mujer est\u00e1n sentados en un banco junto a un camino. Llevan chaquetas. Dos bicicletas est\u00e1n al lado del banco. El hombre se\u00f1ala a lo lejos. Delante hay campos verdes y colinas.\" \/>\n                  <div class=\"thumbnail-label\">\n            <span>Foto: Michaela Hundertmark, Michael Mehle<\/span>\n          <\/div>\n              <\/div>\n    <\/div>\n        <div class=\"text-container\">\n      <div class=\"content\">\n        <h2>Vive Einbeck de forma sostenible: 9 consejos<\/h2>\n<ol>\n<li><a href=\"https:\/\/www.einbeck-tourismus.de\/freizeit-und-sport\">Act\u00edvate<\/a>: en Einbeck y sus alrededores hay numerosas rutas de senderismo y ciclismo, parques y bosques.<\/li>\n<li>Delicias regionales todos los mi\u00e9rcoles y s\u00e1bados en el mercado semanal del casco antiguo.<\/li>\n<li><a href=\"https:\/\/www.einbeck-tourismus.de\/einbecker-senfmuehle\">Mostaza<\/a> de Einbeck: ecol\u00f3gica, regional y molida en fr\u00edo &#8211; la m\u00e1s picante del norte<\/li>\n<li>Cerveza de Einbeck: disfrute de la cerveza directamente desde Einbeck<\/li>\n<li><a href=\"https:\/\/www.einbeck-tourismus.de\/unsere-46-ortschaften\">Los 46 barrios<\/a> de Einbeck: Los diversos y singulares barrios de Einbeck son perfectos para una excursi\u00f3n y merecen absolutamente una visita<\/li>\n<li><a href=\"https:\/\/www.einbeck-tourismus.de\/wohnmobilstellplatz\">Emplazamiento para autocaravanas<\/a>: ubicaci\u00f3n c\u00e9ntrica con oportunidades perfectas para realizar actividades en el campo o en la ciudad<\/li>\n<li><a href=\"https:\/\/www.einbeck-tourismus.de\/stadtfuehrungen-und-erlebnisse\/fuehrungen-durch-burgen-und-salinen\">Visitas guiadas a castillos y salinas<\/a>: Eche un vistazo al apasionante pasado en los castillos de las afueras de la ciudad o aprenda todo sobre la tradici\u00f3n de la producci\u00f3n de sal<\/li>\n<li><a href=\"https:\/\/www.einbeck-tourismus.de\/fachwerk-meets-graffiti\">Milla del Arte de la calle Einbeck<\/a>: La mayor galer\u00eda al aire libre del sur de Baja Sajonia<\/li>\n<li><a href=\"https:\/\/einbeck-erleben.de\/regional-zehner\">Einbecker 10er<\/a>: Utiliza tu propia moneda regional para comprar en los comercios locales y aumentar el poder adquisitivo local<\/li>\n<\/ol>\n      <\/div>\n    <\/div>\n    <\/div>\n<\/div>\n\n","protected":false},"excerpt":{"rendered":"<p>Descubra Einbeck de forma sostenible La antigua ciudad hanse\u00e1tica alberga casas hist\u00f3ricas de entramado de madera magn\u00edficamente decoradas, la deliciosa cerveza Einbecker Bock y la mayor colecci\u00f3n de coches cl\u00e1sicos de Europa en el PS.SPEICHER. Einbeck y sus 46 pueblos tambi\u00e9n pueden anotarse puntos con el ocio en la naturaleza: Paseos por la ciudad, a [&hellip;]<\/p>\n","protected":false},"author":6,"featured_media":15641,"parent":17927,"menu_order":0,"comment_status":"closed","ping_status":"closed","template":"pagetemplates\/template-stadtthema.php","meta":{"_acf_changed":false,"footnotes":""},"categories":[],"tags":[],"ncap_cities_tax":[480,1117],"class_list":["post-16954","page","type-page","status-publish","has-post-thumbnail","hentry","ncap_cities_tax-einbeck-es","ncap_cities_tax-naturerlebnisse-und-nachhaltigkeit-einbeck-es"],"acf":[],"yoast_head":"<!-- This site is optimized with the Yoast SEO plugin v26.8 - https:\/\/yoast.com\/product\/yoast-seo-wordpress\/ -->\n<title>Experiencias en la naturaleza y sostenibilidad en Einbeck - 9 St\u00e4dte in Niedersachsen<\/title>\n<meta name=\"robots\" content=\"index, follow, max-snippet:-1, max-image-preview:large, max-video-preview:-1\" \/>\n<link rel=\"canonical\" href=\"https:\/\/9staedte.de\/es\/einbeck-coches-clasicos-casas-con-entramado-de-madera-cerveza\/experiencias-en-la-naturaleza-y-sostenibilidad-en-einbeck\/\" \/>\n<meta property=\"og:locale\" content=\"es_ES\" \/>\n<meta property=\"og:type\" content=\"article\" \/>\n<meta property=\"og:title\" content=\"Experiencias en la naturaleza y sostenibilidad en Einbeck - 9 St\u00e4dte in Niedersachsen\" \/>\n<meta property=\"og:description\" content=\"Descubra Einbeck de forma sostenible La antigua ciudad hanse\u00e1tica alberga casas hist\u00f3ricas de entramado de madera magn\u00edficamente decoradas, la deliciosa cerveza Einbecker Bock y la mayor colecci\u00f3n de coches cl\u00e1sicos de Europa en el PS.SPEICHER. Einbeck y sus 46 pueblos tambi\u00e9n pueden anotarse puntos con el ocio en la naturaleza: Paseos por la ciudad, a [&hellip;]\" \/>\n<meta property=\"og:url\" content=\"https:\/\/9staedte.de\/es\/einbeck-coches-clasicos-casas-con-entramado-de-madera-cerveza\/experiencias-en-la-naturaleza-y-sostenibilidad-en-einbeck\/\" \/>\n<meta property=\"og:site_name\" content=\"9 St\u00e4dte in Niedersachsen\" \/>\n<meta property=\"article:modified_time\" content=\"2024-03-21T14:57:03+00:00\" \/>\n<meta property=\"og:image\" content=\"https:\/\/9staedte.de\/wp-content\/uploads\/2023\/05\/Blick-auf-St.-Alexandri-Einbeck-CC0.jpg\" \/>\n\t<meta property=\"og:image:width\" content=\"1020\" \/>\n\t<meta property=\"og:image:height\" content=\"559\" \/>\n\t<meta property=\"og:image:type\" content=\"image\/jpeg\" \/>\n<meta name=\"twitter:card\" content=\"summary_large_image\" \/>\n<meta name=\"twitter:label1\" content=\"Tiempo de lectura\" \/>\n\t<meta name=\"twitter:data1\" content=\"1 minuto\" \/>\n<script type=\"application\/ld+json\" class=\"yoast-schema-graph\">{\"@context\":\"https:\/\/schema.org\",\"@graph\":[{\"@type\":\"WebPage\",\"@id\":\"https:\/\/9staedte.de\/es\/einbeck-coches-clasicos-casas-con-entramado-de-madera-cerveza\/experiencias-en-la-naturaleza-y-sostenibilidad-en-einbeck\/\",\"url\":\"https:\/\/9staedte.de\/es\/einbeck-coches-clasicos-casas-con-entramado-de-madera-cerveza\/experiencias-en-la-naturaleza-y-sostenibilidad-en-einbeck\/\",\"name\":\"Experiencias en la naturaleza y sostenibilidad en Einbeck - 9 St\u00e4dte in Niedersachsen\",\"isPartOf\":{\"@id\":\"https:\/\/9staedte.de\/es\/#website\"},\"primaryImageOfPage\":{\"@id\":\"https:\/\/9staedte.de\/es\/einbeck-coches-clasicos-casas-con-entramado-de-madera-cerveza\/experiencias-en-la-naturaleza-y-sostenibilidad-en-einbeck\/#primaryimage\"},\"image\":{\"@id\":\"https:\/\/9staedte.de\/es\/einbeck-coches-clasicos-casas-con-entramado-de-madera-cerveza\/experiencias-en-la-naturaleza-y-sostenibilidad-en-einbeck\/#primaryimage\"},\"thumbnailUrl\":\"https:\/\/9staedte.de\/wp-content\/uploads\/2023\/05\/Blick-auf-St.-Alexandri-Einbeck-CC0.jpg\",\"datePublished\":\"2023-11-02T08:46:23+00:00\",\"dateModified\":\"2024-03-21T14:57:03+00:00\",\"breadcrumb\":{\"@id\":\"https:\/\/9staedte.de\/es\/einbeck-coches-clasicos-casas-con-entramado-de-madera-cerveza\/experiencias-en-la-naturaleza-y-sostenibilidad-en-einbeck\/#breadcrumb\"},\"inLanguage\":\"es\",\"potentialAction\":[{\"@type\":\"ReadAction\",\"target\":[\"https:\/\/9staedte.de\/es\/einbeck-coches-clasicos-casas-con-entramado-de-madera-cerveza\/experiencias-en-la-naturaleza-y-sostenibilidad-en-einbeck\/\"]}]},{\"@type\":\"ImageObject\",\"inLanguage\":\"es\",\"@id\":\"https:\/\/9staedte.de\/es\/einbeck-coches-clasicos-casas-con-entramado-de-madera-cerveza\/experiencias-en-la-naturaleza-y-sostenibilidad-en-einbeck\/#primaryimage\",\"url\":\"https:\/\/9staedte.de\/wp-content\/uploads\/2023\/05\/Blick-auf-St.-Alexandri-Einbeck-CC0.jpg\",\"contentUrl\":\"https:\/\/9staedte.de\/wp-content\/uploads\/2023\/05\/Blick-auf-St.-Alexandri-Einbeck-CC0.jpg\",\"width\":1020,\"height\":559,\"caption\":\"Blick auf St. Alexandri Einbeck cc0\"},{\"@type\":\"BreadcrumbList\",\"@id\":\"https:\/\/9staedte.de\/es\/einbeck-coches-clasicos-casas-con-entramado-de-madera-cerveza\/experiencias-en-la-naturaleza-y-sostenibilidad-en-einbeck\/#breadcrumb\",\"itemListElement\":[{\"@type\":\"ListItem\",\"position\":1,\"name\":\"Startseite\",\"item\":\"https:\/\/9staedte.de\/es\/\"},{\"@type\":\"ListItem\",\"position\":2,\"name\":\"Einbeck: coches cl\u00e1sicos, casas con entramado de madera, cerveza\",\"item\":\"https:\/\/9staedte.de\/es\/einbeck-coches-clasicos-casas-con-entramado-de-madera-cerveza\/\"},{\"@type\":\"ListItem\",\"position\":3,\"name\":\"Experiencias en la naturaleza y sostenibilidad en Einbeck\"}]},{\"@type\":\"WebSite\",\"@id\":\"https:\/\/9staedte.de\/es\/#website\",\"url\":\"https:\/\/9staedte.de\/es\/\",\"name\":\"9 St\u00e4dte in Niedersachsen\",\"description\":\"\",\"publisher\":{\"@id\":\"https:\/\/9staedte.de\/es\/#organization\"},\"potentialAction\":[{\"@type\":\"SearchAction\",\"target\":{\"@type\":\"EntryPoint\",\"urlTemplate\":\"https:\/\/9staedte.de\/es\/?s={search_term_string}\"},\"query-input\":{\"@type\":\"PropertyValueSpecification\",\"valueRequired\":true,\"valueName\":\"search_term_string\"}}],\"inLanguage\":\"es\"},{\"@type\":\"Organization\",\"@id\":\"https:\/\/9staedte.de\/es\/#organization\",\"name\":\"9 St\u00e4dte in Niedersachsen\",\"url\":\"https:\/\/9staedte.de\/es\/\",\"logo\":{\"@type\":\"ImageObject\",\"inLanguage\":\"es\",\"@id\":\"https:\/\/9staedte.de\/es\/#\/schema\/logo\/image\/\",\"url\":\"https:\/\/9staedte.de\/wp-content\/uploads\/2025\/01\/9-neg-deutsch-2-1.png\",\"contentUrl\":\"https:\/\/9staedte.de\/wp-content\/uploads\/2025\/01\/9-neg-deutsch-2-1.png\",\"width\":190,\"height\":114,\"caption\":\"9 St\u00e4dte in Niedersachsen\"},\"image\":{\"@id\":\"https:\/\/9staedte.de\/es\/#\/schema\/logo\/image\/\"}}]}<\/script>\n<!-- \/ Yoast SEO plugin. -->","yoast_head_json":{"title":"Experiencias en la naturaleza y sostenibilidad en Einbeck - 9 St\u00e4dte in Niedersachsen","robots":{"index":"index","follow":"follow","max-snippet":"max-snippet:-1","max-image-preview":"max-image-preview:large","max-video-preview":"max-video-preview:-1"},"canonical":"https:\/\/9staedte.de\/es\/einbeck-coches-clasicos-casas-con-entramado-de-madera-cerveza\/experiencias-en-la-naturaleza-y-sostenibilidad-en-einbeck\/","og_locale":"es_ES","og_type":"article","og_title":"Experiencias en la naturaleza y sostenibilidad en Einbeck - 9 St\u00e4dte in Niedersachsen","og_description":"Descubra Einbeck de forma sostenible La antigua ciudad hanse\u00e1tica alberga casas hist\u00f3ricas de entramado de madera magn\u00edficamente decoradas, la deliciosa cerveza Einbecker Bock y la mayor colecci\u00f3n de coches cl\u00e1sicos de Europa en el PS.SPEICHER. Einbeck y sus 46 pueblos tambi\u00e9n pueden anotarse puntos con el ocio en la naturaleza: Paseos por la ciudad, a [&hellip;]","og_url":"https:\/\/9staedte.de\/es\/einbeck-coches-clasicos-casas-con-entramado-de-madera-cerveza\/experiencias-en-la-naturaleza-y-sostenibilidad-en-einbeck\/","og_site_name":"9 St\u00e4dte in Niedersachsen","article_modified_time":"2024-03-21T14:57:03+00:00","og_image":[{"width":1020,"height":559,"url":"https:\/\/9staedte.de\/wp-content\/uploads\/2023\/05\/Blick-auf-St.-Alexandri-Einbeck-CC0.jpg","type":"image\/jpeg"}],"twitter_card":"summary_large_image","twitter_misc":{"Tiempo de lectura":"1 minuto"},"schema":{"@context":"https:\/\/schema.org","@graph":[{"@type":"WebPage","@id":"https:\/\/9staedte.de\/es\/einbeck-coches-clasicos-casas-con-entramado-de-madera-cerveza\/experiencias-en-la-naturaleza-y-sostenibilidad-en-einbeck\/","url":"https:\/\/9staedte.de\/es\/einbeck-coches-clasicos-casas-con-entramado-de-madera-cerveza\/experiencias-en-la-naturaleza-y-sostenibilidad-en-einbeck\/","name":"Experiencias en la naturaleza y sostenibilidad en Einbeck - 9 St\u00e4dte in Niedersachsen","isPartOf":{"@id":"https:\/\/9staedte.de\/es\/#website"},"primaryImageOfPage":{"@id":"https:\/\/9staedte.de\/es\/einbeck-coches-clasicos-casas-con-entramado-de-madera-cerveza\/experiencias-en-la-naturaleza-y-sostenibilidad-en-einbeck\/#primaryimage"},"image":{"@id":"https:\/\/9staedte.de\/es\/einbeck-coches-clasicos-casas-con-entramado-de-madera-cerveza\/experiencias-en-la-naturaleza-y-sostenibilidad-en-einbeck\/#primaryimage"},"thumbnailUrl":"https:\/\/9staedte.de\/wp-content\/uploads\/2023\/05\/Blick-auf-St.-Alexandri-Einbeck-CC0.jpg","datePublished":"2023-11-02T08:46:23+00:00","dateModified":"2024-03-21T14:57:03+00:00","breadcrumb":{"@id":"https:\/\/9staedte.de\/es\/einbeck-coches-clasicos-casas-con-entramado-de-madera-cerveza\/experiencias-en-la-naturaleza-y-sostenibilidad-en-einbeck\/#breadcrumb"},"inLanguage":"es","potentialAction":[{"@type":"ReadAction","target":["https:\/\/9staedte.de\/es\/einbeck-coches-clasicos-casas-con-entramado-de-madera-cerveza\/experiencias-en-la-naturaleza-y-sostenibilidad-en-einbeck\/"]}]},{"@type":"ImageObject","inLanguage":"es","@id":"https:\/\/9staedte.de\/es\/einbeck-coches-clasicos-casas-con-entramado-de-madera-cerveza\/experiencias-en-la-naturaleza-y-sostenibilidad-en-einbeck\/#primaryimage","url":"https:\/\/9staedte.de\/wp-content\/uploads\/2023\/05\/Blick-auf-St.-Alexandri-Einbeck-CC0.jpg","contentUrl":"https:\/\/9staedte.de\/wp-content\/uploads\/2023\/05\/Blick-auf-St.-Alexandri-Einbeck-CC0.jpg","width":1020,"height":559,"caption":"Blick auf St. Alexandri Einbeck cc0"},{"@type":"BreadcrumbList","@id":"https:\/\/9staedte.de\/es\/einbeck-coches-clasicos-casas-con-entramado-de-madera-cerveza\/experiencias-en-la-naturaleza-y-sostenibilidad-en-einbeck\/#breadcrumb","itemListElement":[{"@type":"ListItem","position":1,"name":"Startseite","item":"https:\/\/9staedte.de\/es\/"},{"@type":"ListItem","position":2,"name":"Einbeck: coches cl\u00e1sicos, casas con entramado de madera, cerveza","item":"https:\/\/9staedte.de\/es\/einbeck-coches-clasicos-casas-con-entramado-de-madera-cerveza\/"},{"@type":"ListItem","position":3,"name":"Experiencias en la naturaleza y sostenibilidad en Einbeck"}]},{"@type":"WebSite","@id":"https:\/\/9staedte.de\/es\/#website","url":"https:\/\/9staedte.de\/es\/","name":"9 St\u00e4dte in Niedersachsen","description":"","publisher":{"@id":"https:\/\/9staedte.de\/es\/#organization"},"potentialAction":[{"@type":"SearchAction","target":{"@type":"EntryPoint","urlTemplate":"https:\/\/9staedte.de\/es\/?s={search_term_string}"},"query-input":{"@type":"PropertyValueSpecification","valueRequired":true,"valueName":"search_term_string"}}],"inLanguage":"es"},{"@type":"Organization","@id":"https:\/\/9staedte.de\/es\/#organization","name":"9 St\u00e4dte in Niedersachsen","url":"https:\/\/9staedte.de\/es\/","logo":{"@type":"ImageObject","inLanguage":"es","@id":"https:\/\/9staedte.de\/es\/#\/schema\/logo\/image\/","url":"https:\/\/9staedte.de\/wp-content\/uploads\/2025\/01\/9-neg-deutsch-2-1.png","contentUrl":"https:\/\/9staedte.de\/wp-content\/uploads\/2025\/01\/9-neg-deutsch-2-1.png","width":190,"height":114,"caption":"9 St\u00e4dte in Niedersachsen"},"image":{"@id":"https:\/\/9staedte.de\/es\/#\/schema\/logo\/image\/"}}]}},"_links":{"self":[{"href":"https:\/\/9staedte.de\/es\/wp-json\/wp\/v2\/pages\/16954","targetHints":{"allow":["GET"]}}],"collection":[{"href":"https:\/\/9staedte.de\/es\/wp-json\/wp\/v2\/pages"}],"about":[{"href":"https:\/\/9staedte.de\/es\/wp-json\/wp\/v2\/types\/page"}],"author":[{"embeddable":true,"href":"https:\/\/9staedte.de\/es\/wp-json\/wp\/v2\/users\/6"}],"replies":[{"embeddable":true,"href":"https:\/\/9staedte.de\/es\/wp-json\/wp\/v2\/comments?post=16954"}],"version-history":[{"count":3,"href":"https:\/\/9staedte.de\/es\/wp-json\/wp\/v2\/pages\/16954\/revisions"}],"predecessor-version":[{"id":21515,"href":"https:\/\/9staedte.de\/es\/wp-json\/wp\/v2\/pages\/16954\/revisions\/21515"}],"up":[{"embeddable":true,"href":"https:\/\/9staedte.de\/es\/wp-json\/wp\/v2\/pages\/17927"}],"wp:featuredmedia":[{"embeddable":true,"href":"https:\/\/9staedte.de\/es\/wp-json\/wp\/v2\/media\/15641"}],"wp:attachment":[{"href":"https:\/\/9staedte.de\/es\/wp-json\/wp\/v2\/media?parent=16954"}],"wp:term":[{"taxonomy":"category","embeddable":true,"href":"https:\/\/9staedte.de\/es\/wp-json\/wp\/v2\/categories?post=16954"},{"taxonomy":"post_tag","embeddable":true,"href":"https:\/\/9staedte.de\/es\/wp-json\/wp\/v2\/tags?post=16954"},{"taxonomy":"ncap_cities_tax","embeddable":true,"href":"https:\/\/9staedte.de\/es\/wp-json\/wp\/v2\/ncap_cities_tax?post=16954"}],"curies":[{"name":"wp","href":"https:\/\/api.w.org\/{rel}","templated":true}]}}