{"id":16948,"date":"2023-11-02T09:46:22","date_gmt":"2023-11-02T08:46:22","guid":{"rendered":"https:\/\/9staedte.de\/informacion-sobre-guia-turistico-y-excursiones-en-einbeck\/"},"modified":"2023-11-02T17:40:37","modified_gmt":"2023-11-02T16:40:37","slug":"informacion-sobre-guia-turistico-y-excursiones-en-einbeck","status":"publish","type":"page","link":"https:\/\/9staedte.de\/es\/einbeck-coches-clasicos-casas-con-entramado-de-madera-cerveza\/informacion-sobre-guia-turistico-y-excursiones-en-einbeck\/","title":{"rendered":"Informaci\u00f3n sobre gu\u00eda tur\u00edstico y excursiones en Einbeck"},"content":{"rendered":"\n<p>\u00bfTiene preguntas sobre gu\u00edas tur\u00edsticos y excursiones en Einbeck?<br>P\u00f3ngase en contacto con la Oficina de Turismo<\/p>\n\n\n\n<p>Informaci\u00f3n tur\u00edstica en la Casa Eicke<br>Calle Market 13<br>37574 Einbeck<br>Tel\u00e9fono&nbsp;&nbsp;<a href=\"tel:+495561916555\">+49&nbsp;55 61 \/ 916 &#8211; 555<\/a><br>Fax&nbsp; &nbsp; &nbsp; &nbsp; &nbsp;+49 55 61 \/ 916 &#8211; 500 &#8211; 940<br>Correo&nbsp; &nbsp; &nbsp; &nbsp;&nbsp;<a href=\"javascript:linkTo_UnCryptMailto(%27wksvdy4dyebscdsxpyJosxlomu8no%27);\">touristinfo@einbeck.de<\/a><\/p>\n\n\n\n<p><a href=\"http:\/\/www.einbeck-tourismus.de\/\" target=\"_blank\" rel=\"noreferrer noopener\">Para m\u00e1s informaci\u00f3n:<\/a><\/p>\n","protected":false},"excerpt":{"rendered":"<p>\u00bfTiene preguntas sobre gu\u00edas tur\u00edsticos y excursiones en Einbeck?P\u00f3ngase en contacto con la Oficina de Turismo Informaci\u00f3n tur\u00edstica en la Casa EickeCalle Market 1337574 EinbeckTel\u00e9fono&nbsp;&nbsp;+49&nbsp;55 61 \/ 916 &#8211; 555Fax&nbsp; &nbsp; &nbsp; &nbsp; &nbsp;+49 55 61 \/ 916 &#8211; 500 &#8211; 940Correo&nbsp; &nbsp; &nbsp; &nbsp;&nbsp;touristinfo@einbeck.de Para m\u00e1s informaci\u00f3n:<\/p>\n","protected":false},"author":6,"featured_media":15641,"parent":17927,"menu_order":0,"comment_status":"closed","ping_status":"closed","template":"pagetemplates\/template-stadtthema.php","meta":{"_acf_changed":false,"footnotes":""},"categories":[],"tags":[],"ncap_cities_tax":[480,1320],"class_list":["post-16948","page","type-page","status-publish","has-post-thumbnail","hentry","ncap_cities_tax-einbeck-es","ncap_cities_tax-reiseleitung-und-ausflugen-einbeck-es"],"acf":[],"yoast_head":"<!-- This site is optimized with the Yoast SEO plugin v27.4 - https:\/\/yoast.com\/product\/yoast-seo-wordpress\/ -->\n<title>Informaci\u00f3n sobre gu\u00eda tur\u00edstico y excursiones en Einbeck - 9 St\u00e4dte in Niedersachsen<\/title>\n<meta name=\"robots\" content=\"index, follow, max-snippet:-1, max-image-preview:large, max-video-preview:-1\" \/>\n<link rel=\"canonical\" href=\"https:\/\/9staedte.de\/es\/einbeck-coches-clasicos-casas-con-entramado-de-madera-cerveza\/informacion-sobre-guia-turistico-y-excursiones-en-einbeck\/\" \/>\n<meta property=\"og:locale\" content=\"es_ES\" \/>\n<meta property=\"og:type\" content=\"article\" \/>\n<meta property=\"og:title\" content=\"Informaci\u00f3n sobre gu\u00eda tur\u00edstico y excursiones en Einbeck - 9 St\u00e4dte in Niedersachsen\" \/>\n<meta property=\"og:description\" content=\"\u00bfTiene preguntas sobre gu\u00edas tur\u00edsticos y excursiones en Einbeck?P\u00f3ngase en contacto con la Oficina de Turismo Informaci\u00f3n tur\u00edstica en la Casa EickeCalle Market 1337574 EinbeckTel\u00e9fono&nbsp;&nbsp;+49&nbsp;55 61 \/ 916 &#8211; 555Fax&nbsp; &nbsp; &nbsp; &nbsp; &nbsp;+49 55 61 \/ 916 &#8211; 500 &#8211; 940Correo&nbsp; &nbsp; &nbsp; &nbsp;&nbsp;touristinfo@einbeck.de Para m\u00e1s informaci\u00f3n:\" \/>\n<meta property=\"og:url\" content=\"https:\/\/9staedte.de\/es\/einbeck-coches-clasicos-casas-con-entramado-de-madera-cerveza\/informacion-sobre-guia-turistico-y-excursiones-en-einbeck\/\" \/>\n<meta property=\"og:site_name\" content=\"9 St\u00e4dte in Niedersachsen\" \/>\n<meta property=\"article:modified_time\" content=\"2023-11-02T16:40:37+00:00\" \/>\n<meta property=\"og:image\" content=\"https:\/\/9staedte.de\/wp-content\/uploads\/2023\/05\/Blick-auf-St.-Alexandri-Einbeck-CC0.jpg\" \/>\n\t<meta property=\"og:image:width\" content=\"1020\" \/>\n\t<meta property=\"og:image:height\" content=\"559\" \/>\n\t<meta property=\"og:image:type\" content=\"image\/jpeg\" \/>\n<meta name=\"twitter:card\" content=\"summary_large_image\" \/>\n<meta name=\"twitter:label1\" content=\"Tiempo de lectura\" \/>\n\t<meta name=\"twitter:data1\" content=\"1 minuto\" \/>\n<script type=\"application\/ld+json\" class=\"yoast-schema-graph\">{\"@context\":\"https:\\\/\\\/schema.org\",\"@graph\":[{\"@type\":\"WebPage\",\"@id\":\"https:\\\/\\\/9staedte.de\\\/es\\\/einbeck-coches-clasicos-casas-con-entramado-de-madera-cerveza\\\/informacion-sobre-guia-turistico-y-excursiones-en-einbeck\\\/\",\"url\":\"https:\\\/\\\/9staedte.de\\\/es\\\/einbeck-coches-clasicos-casas-con-entramado-de-madera-cerveza\\\/informacion-sobre-guia-turistico-y-excursiones-en-einbeck\\\/\",\"name\":\"Informaci\u00f3n sobre gu\u00eda tur\u00edstico y excursiones en Einbeck - 9 St\u00e4dte in Niedersachsen\",\"isPartOf\":{\"@id\":\"https:\\\/\\\/9staedte.de\\\/es\\\/#website\"},\"primaryImageOfPage\":{\"@id\":\"https:\\\/\\\/9staedte.de\\\/es\\\/einbeck-coches-clasicos-casas-con-entramado-de-madera-cerveza\\\/informacion-sobre-guia-turistico-y-excursiones-en-einbeck\\\/#primaryimage\"},\"image\":{\"@id\":\"https:\\\/\\\/9staedte.de\\\/es\\\/einbeck-coches-clasicos-casas-con-entramado-de-madera-cerveza\\\/informacion-sobre-guia-turistico-y-excursiones-en-einbeck\\\/#primaryimage\"},\"thumbnailUrl\":\"https:\\\/\\\/9staedte.de\\\/wp-content\\\/uploads\\\/2023\\\/05\\\/Blick-auf-St.-Alexandri-Einbeck-CC0.jpg\",\"datePublished\":\"2023-11-02T08:46:22+00:00\",\"dateModified\":\"2023-11-02T16:40:37+00:00\",\"breadcrumb\":{\"@id\":\"https:\\\/\\\/9staedte.de\\\/es\\\/einbeck-coches-clasicos-casas-con-entramado-de-madera-cerveza\\\/informacion-sobre-guia-turistico-y-excursiones-en-einbeck\\\/#breadcrumb\"},\"inLanguage\":\"es\",\"potentialAction\":[{\"@type\":\"ReadAction\",\"target\":[\"https:\\\/\\\/9staedte.de\\\/es\\\/einbeck-coches-clasicos-casas-con-entramado-de-madera-cerveza\\\/informacion-sobre-guia-turistico-y-excursiones-en-einbeck\\\/\"]}]},{\"@type\":\"ImageObject\",\"inLanguage\":\"es\",\"@id\":\"https:\\\/\\\/9staedte.de\\\/es\\\/einbeck-coches-clasicos-casas-con-entramado-de-madera-cerveza\\\/informacion-sobre-guia-turistico-y-excursiones-en-einbeck\\\/#primaryimage\",\"url\":\"https:\\\/\\\/9staedte.de\\\/wp-content\\\/uploads\\\/2023\\\/05\\\/Blick-auf-St.-Alexandri-Einbeck-CC0.jpg\",\"contentUrl\":\"https:\\\/\\\/9staedte.de\\\/wp-content\\\/uploads\\\/2023\\\/05\\\/Blick-auf-St.-Alexandri-Einbeck-CC0.jpg\",\"width\":1020,\"height\":559,\"caption\":\"Blick auf St. Alexandri Einbeck cc0\"},{\"@type\":\"BreadcrumbList\",\"@id\":\"https:\\\/\\\/9staedte.de\\\/es\\\/einbeck-coches-clasicos-casas-con-entramado-de-madera-cerveza\\\/informacion-sobre-guia-turistico-y-excursiones-en-einbeck\\\/#breadcrumb\",\"itemListElement\":[{\"@type\":\"ListItem\",\"position\":1,\"name\":\"Startseite\",\"item\":\"https:\\\/\\\/9staedte.de\\\/es\\\/\"},{\"@type\":\"ListItem\",\"position\":2,\"name\":\"Einbeck: coches cl\u00e1sicos, casas con entramado de madera, cerveza\",\"item\":\"https:\\\/\\\/9staedte.de\\\/es\\\/einbeck-coches-clasicos-casas-con-entramado-de-madera-cerveza\\\/\"},{\"@type\":\"ListItem\",\"position\":3,\"name\":\"Informaci\u00f3n sobre gu\u00eda tur\u00edstico y excursiones en Einbeck\"}]},{\"@type\":\"WebSite\",\"@id\":\"https:\\\/\\\/9staedte.de\\\/es\\\/#website\",\"url\":\"https:\\\/\\\/9staedte.de\\\/es\\\/\",\"name\":\"9 St\u00e4dte in Niedersachsen\",\"description\":\"\",\"publisher\":{\"@id\":\"https:\\\/\\\/9staedte.de\\\/es\\\/#organization\"},\"potentialAction\":[{\"@type\":\"SearchAction\",\"target\":{\"@type\":\"EntryPoint\",\"urlTemplate\":\"https:\\\/\\\/9staedte.de\\\/es\\\/?s={search_term_string}\"},\"query-input\":{\"@type\":\"PropertyValueSpecification\",\"valueRequired\":true,\"valueName\":\"search_term_string\"}}],\"inLanguage\":\"es\"},{\"@type\":\"Organization\",\"@id\":\"https:\\\/\\\/9staedte.de\\\/es\\\/#organization\",\"name\":\"9 St\u00e4dte in Niedersachsen\",\"url\":\"https:\\\/\\\/9staedte.de\\\/es\\\/\",\"logo\":{\"@type\":\"ImageObject\",\"inLanguage\":\"es\",\"@id\":\"https:\\\/\\\/9staedte.de\\\/es\\\/#\\\/schema\\\/logo\\\/image\\\/\",\"url\":\"https:\\\/\\\/9staedte.de\\\/wp-content\\\/uploads\\\/2025\\\/01\\\/9-neg-deutsch-2-1.png\",\"contentUrl\":\"https:\\\/\\\/9staedte.de\\\/wp-content\\\/uploads\\\/2025\\\/01\\\/9-neg-deutsch-2-1.png\",\"width\":190,\"height\":114,\"caption\":\"9 St\u00e4dte in Niedersachsen\"},\"image\":{\"@id\":\"https:\\\/\\\/9staedte.de\\\/es\\\/#\\\/schema\\\/logo\\\/image\\\/\"}}]}<\/script>\n<!-- \/ Yoast SEO plugin. -->","yoast_head_json":{"title":"Informaci\u00f3n sobre gu\u00eda tur\u00edstico y excursiones en Einbeck - 9 St\u00e4dte in Niedersachsen","robots":{"index":"index","follow":"follow","max-snippet":"max-snippet:-1","max-image-preview":"max-image-preview:large","max-video-preview":"max-video-preview:-1"},"canonical":"https:\/\/9staedte.de\/es\/einbeck-coches-clasicos-casas-con-entramado-de-madera-cerveza\/informacion-sobre-guia-turistico-y-excursiones-en-einbeck\/","og_locale":"es_ES","og_type":"article","og_title":"Informaci\u00f3n sobre gu\u00eda tur\u00edstico y excursiones en Einbeck - 9 St\u00e4dte in Niedersachsen","og_description":"\u00bfTiene preguntas sobre gu\u00edas tur\u00edsticos y excursiones en Einbeck?P\u00f3ngase en contacto con la Oficina de Turismo Informaci\u00f3n tur\u00edstica en la Casa EickeCalle Market 1337574 EinbeckTel\u00e9fono&nbsp;&nbsp;+49&nbsp;55 61 \/ 916 &#8211; 555Fax&nbsp; &nbsp; &nbsp; &nbsp; &nbsp;+49 55 61 \/ 916 &#8211; 500 &#8211; 940Correo&nbsp; &nbsp; &nbsp; &nbsp;&nbsp;touristinfo@einbeck.de Para m\u00e1s informaci\u00f3n:","og_url":"https:\/\/9staedte.de\/es\/einbeck-coches-clasicos-casas-con-entramado-de-madera-cerveza\/informacion-sobre-guia-turistico-y-excursiones-en-einbeck\/","og_site_name":"9 St\u00e4dte in Niedersachsen","article_modified_time":"2023-11-02T16:40:37+00:00","og_image":[{"width":1020,"height":559,"url":"https:\/\/9staedte.de\/wp-content\/uploads\/2023\/05\/Blick-auf-St.-Alexandri-Einbeck-CC0.jpg","type":"image\/jpeg"}],"twitter_card":"summary_large_image","twitter_misc":{"Tiempo de lectura":"1 minuto"},"schema":{"@context":"https:\/\/schema.org","@graph":[{"@type":"WebPage","@id":"https:\/\/9staedte.de\/es\/einbeck-coches-clasicos-casas-con-entramado-de-madera-cerveza\/informacion-sobre-guia-turistico-y-excursiones-en-einbeck\/","url":"https:\/\/9staedte.de\/es\/einbeck-coches-clasicos-casas-con-entramado-de-madera-cerveza\/informacion-sobre-guia-turistico-y-excursiones-en-einbeck\/","name":"Informaci\u00f3n sobre gu\u00eda tur\u00edstico y excursiones en Einbeck - 9 St\u00e4dte in Niedersachsen","isPartOf":{"@id":"https:\/\/9staedte.de\/es\/#website"},"primaryImageOfPage":{"@id":"https:\/\/9staedte.de\/es\/einbeck-coches-clasicos-casas-con-entramado-de-madera-cerveza\/informacion-sobre-guia-turistico-y-excursiones-en-einbeck\/#primaryimage"},"image":{"@id":"https:\/\/9staedte.de\/es\/einbeck-coches-clasicos-casas-con-entramado-de-madera-cerveza\/informacion-sobre-guia-turistico-y-excursiones-en-einbeck\/#primaryimage"},"thumbnailUrl":"https:\/\/9staedte.de\/wp-content\/uploads\/2023\/05\/Blick-auf-St.-Alexandri-Einbeck-CC0.jpg","datePublished":"2023-11-02T08:46:22+00:00","dateModified":"2023-11-02T16:40:37+00:00","breadcrumb":{"@id":"https:\/\/9staedte.de\/es\/einbeck-coches-clasicos-casas-con-entramado-de-madera-cerveza\/informacion-sobre-guia-turistico-y-excursiones-en-einbeck\/#breadcrumb"},"inLanguage":"es","potentialAction":[{"@type":"ReadAction","target":["https:\/\/9staedte.de\/es\/einbeck-coches-clasicos-casas-con-entramado-de-madera-cerveza\/informacion-sobre-guia-turistico-y-excursiones-en-einbeck\/"]}]},{"@type":"ImageObject","inLanguage":"es","@id":"https:\/\/9staedte.de\/es\/einbeck-coches-clasicos-casas-con-entramado-de-madera-cerveza\/informacion-sobre-guia-turistico-y-excursiones-en-einbeck\/#primaryimage","url":"https:\/\/9staedte.de\/wp-content\/uploads\/2023\/05\/Blick-auf-St.-Alexandri-Einbeck-CC0.jpg","contentUrl":"https:\/\/9staedte.de\/wp-content\/uploads\/2023\/05\/Blick-auf-St.-Alexandri-Einbeck-CC0.jpg","width":1020,"height":559,"caption":"Blick auf St. Alexandri Einbeck cc0"},{"@type":"BreadcrumbList","@id":"https:\/\/9staedte.de\/es\/einbeck-coches-clasicos-casas-con-entramado-de-madera-cerveza\/informacion-sobre-guia-turistico-y-excursiones-en-einbeck\/#breadcrumb","itemListElement":[{"@type":"ListItem","position":1,"name":"Startseite","item":"https:\/\/9staedte.de\/es\/"},{"@type":"ListItem","position":2,"name":"Einbeck: coches cl\u00e1sicos, casas con entramado de madera, cerveza","item":"https:\/\/9staedte.de\/es\/einbeck-coches-clasicos-casas-con-entramado-de-madera-cerveza\/"},{"@type":"ListItem","position":3,"name":"Informaci\u00f3n sobre gu\u00eda tur\u00edstico y excursiones en Einbeck"}]},{"@type":"WebSite","@id":"https:\/\/9staedte.de\/es\/#website","url":"https:\/\/9staedte.de\/es\/","name":"9 St\u00e4dte in Niedersachsen","description":"","publisher":{"@id":"https:\/\/9staedte.de\/es\/#organization"},"potentialAction":[{"@type":"SearchAction","target":{"@type":"EntryPoint","urlTemplate":"https:\/\/9staedte.de\/es\/?s={search_term_string}"},"query-input":{"@type":"PropertyValueSpecification","valueRequired":true,"valueName":"search_term_string"}}],"inLanguage":"es"},{"@type":"Organization","@id":"https:\/\/9staedte.de\/es\/#organization","name":"9 St\u00e4dte in Niedersachsen","url":"https:\/\/9staedte.de\/es\/","logo":{"@type":"ImageObject","inLanguage":"es","@id":"https:\/\/9staedte.de\/es\/#\/schema\/logo\/image\/","url":"https:\/\/9staedte.de\/wp-content\/uploads\/2025\/01\/9-neg-deutsch-2-1.png","contentUrl":"https:\/\/9staedte.de\/wp-content\/uploads\/2025\/01\/9-neg-deutsch-2-1.png","width":190,"height":114,"caption":"9 St\u00e4dte in Niedersachsen"},"image":{"@id":"https:\/\/9staedte.de\/es\/#\/schema\/logo\/image\/"}}]}},"_links":{"self":[{"href":"https:\/\/9staedte.de\/es\/wp-json\/wp\/v2\/pages\/16948","targetHints":{"allow":["GET"]}}],"collection":[{"href":"https:\/\/9staedte.de\/es\/wp-json\/wp\/v2\/pages"}],"about":[{"href":"https:\/\/9staedte.de\/es\/wp-json\/wp\/v2\/types\/page"}],"author":[{"embeddable":true,"href":"https:\/\/9staedte.de\/es\/wp-json\/wp\/v2\/users\/6"}],"replies":[{"embeddable":true,"href":"https:\/\/9staedte.de\/es\/wp-json\/wp\/v2\/comments?post=16948"}],"version-history":[{"count":1,"href":"https:\/\/9staedte.de\/es\/wp-json\/wp\/v2\/pages\/16948\/revisions"}],"predecessor-version":[{"id":19793,"href":"https:\/\/9staedte.de\/es\/wp-json\/wp\/v2\/pages\/16948\/revisions\/19793"}],"up":[{"embeddable":true,"href":"https:\/\/9staedte.de\/es\/wp-json\/wp\/v2\/pages\/17927"}],"wp:featuredmedia":[{"embeddable":true,"href":"https:\/\/9staedte.de\/es\/wp-json\/wp\/v2\/media\/15641"}],"wp:attachment":[{"href":"https:\/\/9staedte.de\/es\/wp-json\/wp\/v2\/media?parent=16948"}],"wp:term":[{"taxonomy":"category","embeddable":true,"href":"https:\/\/9staedte.de\/es\/wp-json\/wp\/v2\/categories?post=16948"},{"taxonomy":"post_tag","embeddable":true,"href":"https:\/\/9staedte.de\/es\/wp-json\/wp\/v2\/tags?post=16948"},{"taxonomy":"ncap_cities_tax","embeddable":true,"href":"https:\/\/9staedte.de\/es\/wp-json\/wp\/v2\/ncap_cities_tax?post=16948"}],"curies":[{"name":"wp","href":"https:\/\/api.w.org\/{rel}","templated":true}]}}