{"id":16931,"date":"2023-11-02T09:46:21","date_gmt":"2023-11-02T08:46:21","guid":{"rendered":"https:\/\/9staedte.de\/eventos-reuniones-y-conferencias-en-autostadt\/"},"modified":"2023-11-02T09:46:21","modified_gmt":"2023-11-02T08:46:21","slug":"eventos-reuniones-y-conferencias-en-autostadt","status":"publish","type":"page","link":"https:\/\/9staedte.de\/es\/eventos-reuniones-y-conferencias-en-autostadt\/","title":{"rendered":"Eventos, reuniones y conferencias en Autostadt"},"content":{"rendered":"\n<p>Busque lo que busque, en el Autostadt de Wolfsburgo encontrar\u00e1 el marco adecuado: Desde peque\u00f1as reuniones hasta grandes eventos para hasta 1.400 personas, lo ponemos todo en marcha para usted. Para ello, tiene a su lado a una persona de contacto que se compromete plenamente a llevarle a la meta de sus deseos. Y si es factible, tambi\u00e9n m\u00e1s all\u00e1.<\/p>\n\n\n\n<p>Para reuniones y eventos, env\u00ede un correo electr\u00f3nico a&nbsp;<a href=\"mailto:events@autostadt.de\">events@autostadt.de<\/a><\/p>\n\n\n\n<p><a href=\"https:\/\/9staedte.de\/wp-content\/uploads\/2023\/07\/konferenzen_2023_low.pdf\" target=\"_blank\" rel=\"noreferrer noopener\">Descargue<\/a> el folleto del evento<\/p>\n\n\n\n<p><a href=\"https:\/\/www.autostadt.de\/veranstaltungen\/eventlocation-autostadt\" target=\"_blank\" rel=\"noreferrer noopener\">Para m\u00e1s informaci\u00f3n:<\/a><\/p>\n","protected":false},"excerpt":{"rendered":"<p>Busque lo que busque, en el Autostadt de Wolfsburgo encontrar\u00e1 el marco adecuado: Desde peque\u00f1as reuniones hasta grandes eventos para hasta 1.400 personas, lo ponemos todo en marcha para usted. Para ello, tiene a su lado a una persona de contacto que se compromete plenamente a llevarle a la meta de sus deseos. Y si [&hellip;]<\/p>\n","protected":false},"author":6,"featured_media":16939,"parent":0,"menu_order":0,"comment_status":"closed","ping_status":"closed","template":"","meta":{"_acf_changed":false,"footnotes":""},"categories":[],"tags":[],"ncap_cities_tax":[487,1193],"class_list":["post-16931","page","type-page","status-publish","has-post-thumbnail","hentry","ncap_cities_tax-autostadt-es","ncap_cities_tax-tagungen-und-kongresse-autostadt-es"],"acf":[],"yoast_head":"<!-- This site is optimized with the Yoast SEO plugin v26.8 - https:\/\/yoast.com\/product\/yoast-seo-wordpress\/ -->\n<title>Eventos, reuniones y conferencias en Autostadt - 9 St\u00e4dte in Niedersachsen<\/title>\n<meta name=\"robots\" content=\"index, follow, max-snippet:-1, max-image-preview:large, max-video-preview:-1\" \/>\n<link rel=\"canonical\" href=\"https:\/\/9staedte.de\/es\/eventos-reuniones-y-conferencias-en-autostadt\/\" \/>\n<meta property=\"og:locale\" content=\"es_ES\" \/>\n<meta property=\"og:type\" content=\"article\" \/>\n<meta property=\"og:title\" content=\"Eventos, reuniones y conferencias en Autostadt - 9 St\u00e4dte in Niedersachsen\" \/>\n<meta property=\"og:description\" content=\"Busque lo que busque, en el Autostadt de Wolfsburgo encontrar\u00e1 el marco adecuado: Desde peque\u00f1as reuniones hasta grandes eventos para hasta 1.400 personas, lo ponemos todo en marcha para usted. Para ello, tiene a su lado a una persona de contacto que se compromete plenamente a llevarle a la meta de sus deseos. Y si [&hellip;]\" \/>\n<meta property=\"og:url\" content=\"https:\/\/9staedte.de\/es\/eventos-reuniones-y-conferencias-en-autostadt\/\" \/>\n<meta property=\"og:site_name\" content=\"9 St\u00e4dte in Niedersachsen\" \/>\n<meta name=\"twitter:card\" content=\"summary_large_image\" \/>\n<script type=\"application\/ld+json\" class=\"yoast-schema-graph\">{\"@context\":\"https:\/\/schema.org\",\"@graph\":[{\"@type\":\"WebPage\",\"@id\":\"https:\/\/9staedte.de\/es\/eventos-reuniones-y-conferencias-en-autostadt\/\",\"url\":\"https:\/\/9staedte.de\/es\/eventos-reuniones-y-conferencias-en-autostadt\/\",\"name\":\"Eventos, reuniones y conferencias en Autostadt - 9 St\u00e4dte in Niedersachsen\",\"isPartOf\":{\"@id\":\"https:\/\/9staedte.de\/es\/#website\"},\"primaryImageOfPage\":{\"@id\":\"https:\/\/9staedte.de\/es\/eventos-reuniones-y-conferencias-en-autostadt\/#primaryimage\"},\"image\":{\"@id\":\"https:\/\/9staedte.de\/es\/eventos-reuniones-y-conferencias-en-autostadt\/#primaryimage\"},\"thumbnailUrl\":\"https:\/\/9staedte.de\/wp-content\/uploads\/2023\/07\/Autostadt-Uebersicht-c-Autostadt-GmbH-Klaus-Bossemeyer.jpg\",\"datePublished\":\"2023-11-02T08:46:21+00:00\",\"breadcrumb\":{\"@id\":\"https:\/\/9staedte.de\/es\/eventos-reuniones-y-conferencias-en-autostadt\/#breadcrumb\"},\"inLanguage\":\"es\",\"potentialAction\":[{\"@type\":\"ReadAction\",\"target\":[\"https:\/\/9staedte.de\/es\/eventos-reuniones-y-conferencias-en-autostadt\/\"]}]},{\"@type\":\"ImageObject\",\"inLanguage\":\"es\",\"@id\":\"https:\/\/9staedte.de\/es\/eventos-reuniones-y-conferencias-en-autostadt\/#primaryimage\",\"url\":\"https:\/\/9staedte.de\/wp-content\/uploads\/2023\/07\/Autostadt-Uebersicht-c-Autostadt-GmbH-Klaus-Bossemeyer.jpg\",\"contentUrl\":\"https:\/\/9staedte.de\/wp-content\/uploads\/2023\/07\/Autostadt-Uebersicht-c-Autostadt-GmbH-Klaus-Bossemeyer.jpg\",\"width\":1020,\"height\":560,\"caption\":\"Autostadt \u00dcbersicht c) Autostadt GmbH Klaus Bossemeyer\"},{\"@type\":\"BreadcrumbList\",\"@id\":\"https:\/\/9staedte.de\/es\/eventos-reuniones-y-conferencias-en-autostadt\/#breadcrumb\",\"itemListElement\":[{\"@type\":\"ListItem\",\"position\":1,\"name\":\"Startseite\",\"item\":\"https:\/\/9staedte.de\/es\/\"},{\"@type\":\"ListItem\",\"position\":2,\"name\":\"Eventos, reuniones y conferencias en Autostadt\"}]},{\"@type\":\"WebSite\",\"@id\":\"https:\/\/9staedte.de\/es\/#website\",\"url\":\"https:\/\/9staedte.de\/es\/\",\"name\":\"9 St\u00e4dte in Niedersachsen\",\"description\":\"\",\"publisher\":{\"@id\":\"https:\/\/9staedte.de\/es\/#organization\"},\"potentialAction\":[{\"@type\":\"SearchAction\",\"target\":{\"@type\":\"EntryPoint\",\"urlTemplate\":\"https:\/\/9staedte.de\/es\/?s={search_term_string}\"},\"query-input\":{\"@type\":\"PropertyValueSpecification\",\"valueRequired\":true,\"valueName\":\"search_term_string\"}}],\"inLanguage\":\"es\"},{\"@type\":\"Organization\",\"@id\":\"https:\/\/9staedte.de\/es\/#organization\",\"name\":\"9 St\u00e4dte in Niedersachsen\",\"url\":\"https:\/\/9staedte.de\/es\/\",\"logo\":{\"@type\":\"ImageObject\",\"inLanguage\":\"es\",\"@id\":\"https:\/\/9staedte.de\/es\/#\/schema\/logo\/image\/\",\"url\":\"https:\/\/9staedte.de\/wp-content\/uploads\/2025\/01\/9-neg-deutsch-2-1.png\",\"contentUrl\":\"https:\/\/9staedte.de\/wp-content\/uploads\/2025\/01\/9-neg-deutsch-2-1.png\",\"width\":190,\"height\":114,\"caption\":\"9 St\u00e4dte in Niedersachsen\"},\"image\":{\"@id\":\"https:\/\/9staedte.de\/es\/#\/schema\/logo\/image\/\"}}]}<\/script>\n<!-- \/ Yoast SEO plugin. -->","yoast_head_json":{"title":"Eventos, reuniones y conferencias en Autostadt - 9 St\u00e4dte in Niedersachsen","robots":{"index":"index","follow":"follow","max-snippet":"max-snippet:-1","max-image-preview":"max-image-preview:large","max-video-preview":"max-video-preview:-1"},"canonical":"https:\/\/9staedte.de\/es\/eventos-reuniones-y-conferencias-en-autostadt\/","og_locale":"es_ES","og_type":"article","og_title":"Eventos, reuniones y conferencias en Autostadt - 9 St\u00e4dte in Niedersachsen","og_description":"Busque lo que busque, en el Autostadt de Wolfsburgo encontrar\u00e1 el marco adecuado: Desde peque\u00f1as reuniones hasta grandes eventos para hasta 1.400 personas, lo ponemos todo en marcha para usted. Para ello, tiene a su lado a una persona de contacto que se compromete plenamente a llevarle a la meta de sus deseos. Y si [&hellip;]","og_url":"https:\/\/9staedte.de\/es\/eventos-reuniones-y-conferencias-en-autostadt\/","og_site_name":"9 St\u00e4dte in Niedersachsen","twitter_card":"summary_large_image","schema":{"@context":"https:\/\/schema.org","@graph":[{"@type":"WebPage","@id":"https:\/\/9staedte.de\/es\/eventos-reuniones-y-conferencias-en-autostadt\/","url":"https:\/\/9staedte.de\/es\/eventos-reuniones-y-conferencias-en-autostadt\/","name":"Eventos, reuniones y conferencias en Autostadt - 9 St\u00e4dte in Niedersachsen","isPartOf":{"@id":"https:\/\/9staedte.de\/es\/#website"},"primaryImageOfPage":{"@id":"https:\/\/9staedte.de\/es\/eventos-reuniones-y-conferencias-en-autostadt\/#primaryimage"},"image":{"@id":"https:\/\/9staedte.de\/es\/eventos-reuniones-y-conferencias-en-autostadt\/#primaryimage"},"thumbnailUrl":"https:\/\/9staedte.de\/wp-content\/uploads\/2023\/07\/Autostadt-Uebersicht-c-Autostadt-GmbH-Klaus-Bossemeyer.jpg","datePublished":"2023-11-02T08:46:21+00:00","breadcrumb":{"@id":"https:\/\/9staedte.de\/es\/eventos-reuniones-y-conferencias-en-autostadt\/#breadcrumb"},"inLanguage":"es","potentialAction":[{"@type":"ReadAction","target":["https:\/\/9staedte.de\/es\/eventos-reuniones-y-conferencias-en-autostadt\/"]}]},{"@type":"ImageObject","inLanguage":"es","@id":"https:\/\/9staedte.de\/es\/eventos-reuniones-y-conferencias-en-autostadt\/#primaryimage","url":"https:\/\/9staedte.de\/wp-content\/uploads\/2023\/07\/Autostadt-Uebersicht-c-Autostadt-GmbH-Klaus-Bossemeyer.jpg","contentUrl":"https:\/\/9staedte.de\/wp-content\/uploads\/2023\/07\/Autostadt-Uebersicht-c-Autostadt-GmbH-Klaus-Bossemeyer.jpg","width":1020,"height":560,"caption":"Autostadt \u00dcbersicht c) Autostadt GmbH Klaus Bossemeyer"},{"@type":"BreadcrumbList","@id":"https:\/\/9staedte.de\/es\/eventos-reuniones-y-conferencias-en-autostadt\/#breadcrumb","itemListElement":[{"@type":"ListItem","position":1,"name":"Startseite","item":"https:\/\/9staedte.de\/es\/"},{"@type":"ListItem","position":2,"name":"Eventos, reuniones y conferencias en Autostadt"}]},{"@type":"WebSite","@id":"https:\/\/9staedte.de\/es\/#website","url":"https:\/\/9staedte.de\/es\/","name":"9 St\u00e4dte in Niedersachsen","description":"","publisher":{"@id":"https:\/\/9staedte.de\/es\/#organization"},"potentialAction":[{"@type":"SearchAction","target":{"@type":"EntryPoint","urlTemplate":"https:\/\/9staedte.de\/es\/?s={search_term_string}"},"query-input":{"@type":"PropertyValueSpecification","valueRequired":true,"valueName":"search_term_string"}}],"inLanguage":"es"},{"@type":"Organization","@id":"https:\/\/9staedte.de\/es\/#organization","name":"9 St\u00e4dte in Niedersachsen","url":"https:\/\/9staedte.de\/es\/","logo":{"@type":"ImageObject","inLanguage":"es","@id":"https:\/\/9staedte.de\/es\/#\/schema\/logo\/image\/","url":"https:\/\/9staedte.de\/wp-content\/uploads\/2025\/01\/9-neg-deutsch-2-1.png","contentUrl":"https:\/\/9staedte.de\/wp-content\/uploads\/2025\/01\/9-neg-deutsch-2-1.png","width":190,"height":114,"caption":"9 St\u00e4dte in Niedersachsen"},"image":{"@id":"https:\/\/9staedte.de\/es\/#\/schema\/logo\/image\/"}}]}},"_links":{"self":[{"href":"https:\/\/9staedte.de\/es\/wp-json\/wp\/v2\/pages\/16931","targetHints":{"allow":["GET"]}}],"collection":[{"href":"https:\/\/9staedte.de\/es\/wp-json\/wp\/v2\/pages"}],"about":[{"href":"https:\/\/9staedte.de\/es\/wp-json\/wp\/v2\/types\/page"}],"author":[{"embeddable":true,"href":"https:\/\/9staedte.de\/es\/wp-json\/wp\/v2\/users\/6"}],"replies":[{"embeddable":true,"href":"https:\/\/9staedte.de\/es\/wp-json\/wp\/v2\/comments?post=16931"}],"version-history":[{"count":0,"href":"https:\/\/9staedte.de\/es\/wp-json\/wp\/v2\/pages\/16931\/revisions"}],"wp:featuredmedia":[{"embeddable":true,"href":"https:\/\/9staedte.de\/es\/wp-json\/wp\/v2\/media\/16939"}],"wp:attachment":[{"href":"https:\/\/9staedte.de\/es\/wp-json\/wp\/v2\/media?parent=16931"}],"wp:term":[{"taxonomy":"category","embeddable":true,"href":"https:\/\/9staedte.de\/es\/wp-json\/wp\/v2\/categories?post=16931"},{"taxonomy":"post_tag","embeddable":true,"href":"https:\/\/9staedte.de\/es\/wp-json\/wp\/v2\/tags?post=16931"},{"taxonomy":"ncap_cities_tax","embeddable":true,"href":"https:\/\/9staedte.de\/es\/wp-json\/wp\/v2\/ncap_cities_tax?post=16931"}],"curies":[{"name":"wp","href":"https:\/\/api.w.org\/{rel}","templated":true}]}}