{"id":16919,"date":"2023-11-02T09:46:21","date_gmt":"2023-11-02T08:46:21","guid":{"rendered":"https:\/\/9staedte.de\/paquetes-en-einbeck\/"},"modified":"2024-07-04T10:37:33","modified_gmt":"2024-07-04T08:37:33","slug":"paquetes-en-einbeck","status":"publish","type":"page","link":"https:\/\/9staedte.de\/es\/einbeck-coches-clasicos-casas-con-entramado-de-madera-cerveza\/paquetes-en-einbeck\/","title":{"rendered":"Paquetes en Einbeck"},"content":{"rendered":"\r\n\r\n    <div class=\"filter-posts\">\r\n            <div  id=\"filterContent\">\r\n                                                        \n<div class=\"contentKachel filtr-item\" data-category=\"einbeck-es\">\n    <a href=\"https:\/\/9staedte.de\/es\/paquete-un-fin-de-semana-de-disfrute\/\">\n        <div class=\"contentKachel-inner\">\n                            <div class=\"contentKachel-thumbnail\">\n                    <img loading=\"lazy\" decoding=\"async\" width=\"300\" height=\"161\" src=\"https:\/\/9staedte.de\/wp-content\/smush-webp\/2023\/05\/Bierchen-vor-dem-Brodhaus-Einbeck-\u00a9Daniel-Li-Photography-300x161.jpg.webp\" class=\"objectfitcover withfilters wp-post-image\" alt=\"Dos mujeres brindan con vasos de cerveza. Est\u00e1n sonriendo. Al fondo hay una casa antigua de madera. Parece un d\u00eda c\u00e1lido y soleado.\" srcset=\"https:\/\/9staedte.de\/wp-content\/smush-webp\/2023\/05\/Bierchen-vor-dem-Brodhaus-Einbeck-\u00a9Daniel-Li-Photography-300x161.jpg.webp 300w, https:\/\/9staedte.de\/wp-content\/smush-webp\/2023\/05\/Bierchen-vor-dem-Brodhaus-Einbeck-\u00a9Daniel-Li-Photography-768x412.jpg.webp 768w, https:\/\/9staedte.de\/wp-content\/smush-webp\/2023\/05\/Bierchen-vor-dem-Brodhaus-Einbeck-\u00a9Daniel-Li-Photography.jpg.webp 1020w\" sizes=\"auto, (max-width: 300px) 100vw, 300px\" \/>                    <img loading=\"lazy\" decoding=\"async\" width=\"300\" height=\"161\" src=\"https:\/\/9staedte.de\/wp-content\/smush-webp\/2023\/05\/Bierchen-vor-dem-Brodhaus-Einbeck-\u00a9Daniel-Li-Photography-300x161.jpg.webp\" class=\"objectfitcontain wp-post-image\" alt=\"Dos mujeres brindan con vasos de cerveza. Est\u00e1n sonriendo. Al fondo hay una casa antigua de madera. Parece un d\u00eda c\u00e1lido y soleado.\" srcset=\"https:\/\/9staedte.de\/wp-content\/smush-webp\/2023\/05\/Bierchen-vor-dem-Brodhaus-Einbeck-\u00a9Daniel-Li-Photography-300x161.jpg.webp 300w, https:\/\/9staedte.de\/wp-content\/smush-webp\/2023\/05\/Bierchen-vor-dem-Brodhaus-Einbeck-\u00a9Daniel-Li-Photography-768x412.jpg.webp 768w, https:\/\/9staedte.de\/wp-content\/smush-webp\/2023\/05\/Bierchen-vor-dem-Brodhaus-Einbeck-\u00a9Daniel-Li-Photography.jpg.webp 1020w\" sizes=\"auto, (max-width: 300px) 100vw, 300px\" \/>                        <div class=\"thumbnail-label\">\n    <span>EInbeck Bier vor dem Brodhaus &#8211; Einbeck &#8211; \u00a9Daniel Li Photography<\/span>\n    <\/div>\n                <\/div>\n                        <div class=\"contentKachel-content\">\n                                    <div class=\"city-tag bg-einbeck\">\n                        Einbeck                    <\/div>\n                \n                <div class=\"title\">\n\n                    Paquete: UN fin de semana de disfrute                    \n                <\/div>\n\n                            <\/div>\n\n        <\/div>\n    <\/a>\n<\/div>                                                        \n<div class=\"contentKachel filtr-item\" data-category=\"einbeck-es\">\n    <a href=\"https:\/\/9staedte.de\/es\/jahr-der-mobilitaet-in-einbeck-einbeck-bewegt-dich\/\">\n        <div class=\"contentKachel-inner\">\n                            <div class=\"contentKachel-thumbnail\">\n                    <img loading=\"lazy\" decoding=\"async\" width=\"300\" height=\"165\" src=\"https:\/\/9staedte.de\/wp-content\/smush-webp\/2024\/07\/Einbeck-PS.SPEICHER-\u00a9Spieker-Fotografie-300x165.jpg.webp\" class=\"objectfitcover withfilters wp-post-image\" alt=\"La imagen muestra el edificio del PS.Speicher en Einbeck. En primer plano hay un antiguo VW Escarabajo gris. El edificio est\u00e1 construido con ladrillos rojos y tiene muchas ventanas. A la derecha hay una ampliaci\u00f3n moderna. A la izquierda se ve una fuente antigua con \u00e1rboles y plantas peque\u00f1as.\" srcset=\"https:\/\/9staedte.de\/wp-content\/smush-webp\/2024\/07\/Einbeck-PS.SPEICHER-\u00a9Spieker-Fotografie-300x165.jpg.webp 300w, https:\/\/9staedte.de\/wp-content\/smush-webp\/2024\/07\/Einbeck-PS.SPEICHER-\u00a9Spieker-Fotografie-768x422.jpg.webp 768w, https:\/\/9staedte.de\/wp-content\/smush-webp\/2024\/07\/Einbeck-PS.SPEICHER-\u00a9Spieker-Fotografie.jpg.webp 1020w\" sizes=\"auto, (max-width: 300px) 100vw, 300px\" \/>                    <img loading=\"lazy\" decoding=\"async\" width=\"300\" height=\"165\" src=\"https:\/\/9staedte.de\/wp-content\/smush-webp\/2024\/07\/Einbeck-PS.SPEICHER-\u00a9Spieker-Fotografie-300x165.jpg.webp\" class=\"objectfitcontain wp-post-image\" alt=\"La imagen muestra el edificio del PS.Speicher en Einbeck. En primer plano hay un antiguo VW Escarabajo gris. El edificio est\u00e1 construido con ladrillos rojos y tiene muchas ventanas. A la derecha hay una ampliaci\u00f3n moderna. A la izquierda se ve una fuente antigua con \u00e1rboles y plantas peque\u00f1as.\" srcset=\"https:\/\/9staedte.de\/wp-content\/smush-webp\/2024\/07\/Einbeck-PS.SPEICHER-\u00a9Spieker-Fotografie-300x165.jpg.webp 300w, https:\/\/9staedte.de\/wp-content\/smush-webp\/2024\/07\/Einbeck-PS.SPEICHER-\u00a9Spieker-Fotografie-768x422.jpg.webp 768w, https:\/\/9staedte.de\/wp-content\/smush-webp\/2024\/07\/Einbeck-PS.SPEICHER-\u00a9Spieker-Fotografie.jpg.webp 1020w\" sizes=\"auto, (max-width: 300px) 100vw, 300px\" \/>                        <div class=\"thumbnail-label\">\n    <span>Einbeck PS.SPEICHER, \u00a9Spieker Fotografie<\/span>\n    <\/div>\n                <\/div>\n                        <div class=\"contentKachel-content\">\n                                    <div class=\"city-tag bg-einbeck\">\n                        Einbeck                    <\/div>\n                \n                <div class=\"title\">\n\n                    A\u00f1o de la movilidad en Einbeck &#8211; Einbeck te mueve                    \n                <\/div>\n\n                            <\/div>\n\n        <\/div>\n    <\/a>\n<\/div>                                                        \n<div class=\"contentKachel filtr-item\" data-category=\"einbeck-es\">\n    <a href=\"https:\/\/9staedte.de\/es\/jahr-der-mobilitaet-einbeck-bewegt-exklusiv\/\">\n        <div class=\"contentKachel-inner\">\n                            <div class=\"contentKachel-thumbnail\">\n                    <img loading=\"lazy\" decoding=\"async\" width=\"300\" height=\"165\" src=\"https:\/\/9staedte.de\/wp-content\/smush-webp\/2024\/07\/PS.SPEICHER-Ausstellung-Auto-Horch-Motorraeder-CC0-300x165.jpg.webp\" class=\"objectfitcover withfilters wp-post-image\" alt=\"La imagen muestra una exposici\u00f3n en el PS.Speicher de Einbeck. Se ve una moto cl\u00e1sica con sidecar, otra motocicleta y un autom\u00f3vil hist\u00f3rico de la marca Horch. En el fondo hay una gran fotograf\u00eda en blanco y negro de una calle con entramado de madera. Los veh\u00edculos son de la d\u00e9cada de 1920. La escena transmite nostalgia e historia del autom\u00f3vil.\" srcset=\"https:\/\/9staedte.de\/wp-content\/smush-webp\/2024\/07\/PS.SPEICHER-Ausstellung-Auto-Horch-Motorraeder-CC0-300x165.jpg.webp 300w, https:\/\/9staedte.de\/wp-content\/smush-webp\/2024\/07\/PS.SPEICHER-Ausstellung-Auto-Horch-Motorraeder-CC0-768x422.jpg.webp 768w, https:\/\/9staedte.de\/wp-content\/smush-webp\/2024\/07\/PS.SPEICHER-Ausstellung-Auto-Horch-Motorraeder-CC0.jpg.webp 1020w\" sizes=\"auto, (max-width: 300px) 100vw, 300px\" \/>                    <img loading=\"lazy\" decoding=\"async\" width=\"300\" height=\"165\" src=\"https:\/\/9staedte.de\/wp-content\/smush-webp\/2024\/07\/PS.SPEICHER-Ausstellung-Auto-Horch-Motorraeder-CC0-300x165.jpg.webp\" class=\"objectfitcontain wp-post-image\" alt=\"La imagen muestra una exposici\u00f3n en el PS.Speicher de Einbeck. Se ve una moto cl\u00e1sica con sidecar, otra motocicleta y un autom\u00f3vil hist\u00f3rico de la marca Horch. En el fondo hay una gran fotograf\u00eda en blanco y negro de una calle con entramado de madera. Los veh\u00edculos son de la d\u00e9cada de 1920. La escena transmite nostalgia e historia del autom\u00f3vil.\" srcset=\"https:\/\/9staedte.de\/wp-content\/smush-webp\/2024\/07\/PS.SPEICHER-Ausstellung-Auto-Horch-Motorraeder-CC0-300x165.jpg.webp 300w, https:\/\/9staedte.de\/wp-content\/smush-webp\/2024\/07\/PS.SPEICHER-Ausstellung-Auto-Horch-Motorraeder-CC0-768x422.jpg.webp 768w, https:\/\/9staedte.de\/wp-content\/smush-webp\/2024\/07\/PS.SPEICHER-Ausstellung-Auto-Horch-Motorraeder-CC0.jpg.webp 1020w\" sizes=\"auto, (max-width: 300px) 100vw, 300px\" \/>                        <div class=\"thumbnail-label\">\n    <span>PS.SPEICHER, November 2022<\/span>\n    <\/div>\n                <\/div>\n                        <div class=\"contentKachel-content\">\n                                    <div class=\"city-tag bg-einbeck\">\n                        Einbeck                    <\/div>\n                \n                <div class=\"title\">\n\n                    A\u00f1o de la movilidad &#8211; Einbeck se traslada en exclusiva                    \n                <\/div>\n\n                            <\/div>\n\n        <\/div>\n    <\/a>\n<\/div>                                            <\/div>\r\n    <\/div>\r\n","protected":false},"excerpt":{"rendered":"","protected":false},"author":6,"featured_media":15640,"parent":17927,"menu_order":0,"comment_status":"closed","ping_status":"closed","template":"pagetemplates\/template-stadtthema.php","meta":{"_acf_changed":false,"footnotes":""},"categories":[],"tags":[],"ncap_cities_tax":[480,1390],"class_list":["post-16919","page","type-page","status-publish","has-post-thumbnail","hentry","ncap_cities_tax-einbeck-es","ncap_cities_tax-pauschalen-einbeck-es"],"acf":[],"yoast_head":"<!-- This site is optimized with the Yoast SEO plugin v26.8 - https:\/\/yoast.com\/product\/yoast-seo-wordpress\/ -->\n<title>Paquetes en Einbeck - 9 St\u00e4dte in Niedersachsen<\/title>\n<meta name=\"robots\" content=\"index, follow, max-snippet:-1, max-image-preview:large, max-video-preview:-1\" \/>\n<link rel=\"canonical\" href=\"https:\/\/9staedte.de\/es\/einbeck-coches-clasicos-casas-con-entramado-de-madera-cerveza\/paquetes-en-einbeck\/\" \/>\n<meta property=\"og:locale\" content=\"es_ES\" \/>\n<meta property=\"og:type\" content=\"article\" \/>\n<meta property=\"og:title\" content=\"Paquetes en Einbeck - 9 St\u00e4dte in Niedersachsen\" \/>\n<meta property=\"og:url\" content=\"https:\/\/9staedte.de\/es\/einbeck-coches-clasicos-casas-con-entramado-de-madera-cerveza\/paquetes-en-einbeck\/\" \/>\n<meta property=\"og:site_name\" content=\"9 St\u00e4dte in Niedersachsen\" \/>\n<meta property=\"article:modified_time\" content=\"2024-07-04T08:37:33+00:00\" \/>\n<meta property=\"og:image\" content=\"https:\/\/9staedte.de\/wp-content\/uploads\/2023\/05\/Bierchen-vor-dem-Brodhaus-Einbeck-\u00a9Daniel-Li-Photography.jpg\" \/>\n\t<meta property=\"og:image:width\" content=\"1020\" \/>\n\t<meta property=\"og:image:height\" content=\"547\" \/>\n\t<meta property=\"og:image:type\" content=\"image\/jpeg\" \/>\n<meta name=\"twitter:card\" content=\"summary_large_image\" \/>\n<script type=\"application\/ld+json\" class=\"yoast-schema-graph\">{\"@context\":\"https:\/\/schema.org\",\"@graph\":[{\"@type\":\"WebPage\",\"@id\":\"https:\/\/9staedte.de\/es\/einbeck-coches-clasicos-casas-con-entramado-de-madera-cerveza\/paquetes-en-einbeck\/\",\"url\":\"https:\/\/9staedte.de\/es\/einbeck-coches-clasicos-casas-con-entramado-de-madera-cerveza\/paquetes-en-einbeck\/\",\"name\":\"Paquetes en Einbeck - 9 St\u00e4dte in Niedersachsen\",\"isPartOf\":{\"@id\":\"https:\/\/9staedte.de\/es\/#website\"},\"primaryImageOfPage\":{\"@id\":\"https:\/\/9staedte.de\/es\/einbeck-coches-clasicos-casas-con-entramado-de-madera-cerveza\/paquetes-en-einbeck\/#primaryimage\"},\"image\":{\"@id\":\"https:\/\/9staedte.de\/es\/einbeck-coches-clasicos-casas-con-entramado-de-madera-cerveza\/paquetes-en-einbeck\/#primaryimage\"},\"thumbnailUrl\":\"https:\/\/9staedte.de\/wp-content\/uploads\/2023\/05\/Bierchen-vor-dem-Brodhaus-Einbeck-\u00a9Daniel-Li-Photography.jpg\",\"datePublished\":\"2023-11-02T08:46:21+00:00\",\"dateModified\":\"2024-07-04T08:37:33+00:00\",\"breadcrumb\":{\"@id\":\"https:\/\/9staedte.de\/es\/einbeck-coches-clasicos-casas-con-entramado-de-madera-cerveza\/paquetes-en-einbeck\/#breadcrumb\"},\"inLanguage\":\"es\",\"potentialAction\":[{\"@type\":\"ReadAction\",\"target\":[\"https:\/\/9staedte.de\/es\/einbeck-coches-clasicos-casas-con-entramado-de-madera-cerveza\/paquetes-en-einbeck\/\"]}]},{\"@type\":\"ImageObject\",\"inLanguage\":\"es\",\"@id\":\"https:\/\/9staedte.de\/es\/einbeck-coches-clasicos-casas-con-entramado-de-madera-cerveza\/paquetes-en-einbeck\/#primaryimage\",\"url\":\"https:\/\/9staedte.de\/wp-content\/uploads\/2023\/05\/Bierchen-vor-dem-Brodhaus-Einbeck-\u00a9Daniel-Li-Photography.jpg\",\"contentUrl\":\"https:\/\/9staedte.de\/wp-content\/uploads\/2023\/05\/Bierchen-vor-dem-Brodhaus-Einbeck-\u00a9Daniel-Li-Photography.jpg\",\"width\":1020,\"height\":547,\"caption\":\"EInbeck Bier vor dem Brodhaus - Einbeck - \u00a9Daniel Li Photography\"},{\"@type\":\"BreadcrumbList\",\"@id\":\"https:\/\/9staedte.de\/es\/einbeck-coches-clasicos-casas-con-entramado-de-madera-cerveza\/paquetes-en-einbeck\/#breadcrumb\",\"itemListElement\":[{\"@type\":\"ListItem\",\"position\":1,\"name\":\"Startseite\",\"item\":\"https:\/\/9staedte.de\/es\/\"},{\"@type\":\"ListItem\",\"position\":2,\"name\":\"Einbeck: coches cl\u00e1sicos, casas con entramado de madera, cerveza\",\"item\":\"https:\/\/9staedte.de\/es\/einbeck-coches-clasicos-casas-con-entramado-de-madera-cerveza\/\"},{\"@type\":\"ListItem\",\"position\":3,\"name\":\"Paquetes en Einbeck\"}]},{\"@type\":\"WebSite\",\"@id\":\"https:\/\/9staedte.de\/es\/#website\",\"url\":\"https:\/\/9staedte.de\/es\/\",\"name\":\"9 St\u00e4dte in Niedersachsen\",\"description\":\"\",\"publisher\":{\"@id\":\"https:\/\/9staedte.de\/es\/#organization\"},\"potentialAction\":[{\"@type\":\"SearchAction\",\"target\":{\"@type\":\"EntryPoint\",\"urlTemplate\":\"https:\/\/9staedte.de\/es\/?s={search_term_string}\"},\"query-input\":{\"@type\":\"PropertyValueSpecification\",\"valueRequired\":true,\"valueName\":\"search_term_string\"}}],\"inLanguage\":\"es\"},{\"@type\":\"Organization\",\"@id\":\"https:\/\/9staedte.de\/es\/#organization\",\"name\":\"9 St\u00e4dte in Niedersachsen\",\"url\":\"https:\/\/9staedte.de\/es\/\",\"logo\":{\"@type\":\"ImageObject\",\"inLanguage\":\"es\",\"@id\":\"https:\/\/9staedte.de\/es\/#\/schema\/logo\/image\/\",\"url\":\"https:\/\/9staedte.de\/wp-content\/uploads\/2025\/01\/9-neg-deutsch-2-1.png\",\"contentUrl\":\"https:\/\/9staedte.de\/wp-content\/uploads\/2025\/01\/9-neg-deutsch-2-1.png\",\"width\":190,\"height\":114,\"caption\":\"9 St\u00e4dte in Niedersachsen\"},\"image\":{\"@id\":\"https:\/\/9staedte.de\/es\/#\/schema\/logo\/image\/\"}}]}<\/script>\n<!-- \/ Yoast SEO plugin. -->","yoast_head_json":{"title":"Paquetes en Einbeck - 9 St\u00e4dte in Niedersachsen","robots":{"index":"index","follow":"follow","max-snippet":"max-snippet:-1","max-image-preview":"max-image-preview:large","max-video-preview":"max-video-preview:-1"},"canonical":"https:\/\/9staedte.de\/es\/einbeck-coches-clasicos-casas-con-entramado-de-madera-cerveza\/paquetes-en-einbeck\/","og_locale":"es_ES","og_type":"article","og_title":"Paquetes en Einbeck - 9 St\u00e4dte in Niedersachsen","og_url":"https:\/\/9staedte.de\/es\/einbeck-coches-clasicos-casas-con-entramado-de-madera-cerveza\/paquetes-en-einbeck\/","og_site_name":"9 St\u00e4dte in Niedersachsen","article_modified_time":"2024-07-04T08:37:33+00:00","og_image":[{"width":1020,"height":547,"url":"https:\/\/9staedte.de\/wp-content\/uploads\/2023\/05\/Bierchen-vor-dem-Brodhaus-Einbeck-\u00a9Daniel-Li-Photography.jpg","type":"image\/jpeg"}],"twitter_card":"summary_large_image","schema":{"@context":"https:\/\/schema.org","@graph":[{"@type":"WebPage","@id":"https:\/\/9staedte.de\/es\/einbeck-coches-clasicos-casas-con-entramado-de-madera-cerveza\/paquetes-en-einbeck\/","url":"https:\/\/9staedte.de\/es\/einbeck-coches-clasicos-casas-con-entramado-de-madera-cerveza\/paquetes-en-einbeck\/","name":"Paquetes en Einbeck - 9 St\u00e4dte in Niedersachsen","isPartOf":{"@id":"https:\/\/9staedte.de\/es\/#website"},"primaryImageOfPage":{"@id":"https:\/\/9staedte.de\/es\/einbeck-coches-clasicos-casas-con-entramado-de-madera-cerveza\/paquetes-en-einbeck\/#primaryimage"},"image":{"@id":"https:\/\/9staedte.de\/es\/einbeck-coches-clasicos-casas-con-entramado-de-madera-cerveza\/paquetes-en-einbeck\/#primaryimage"},"thumbnailUrl":"https:\/\/9staedte.de\/wp-content\/uploads\/2023\/05\/Bierchen-vor-dem-Brodhaus-Einbeck-\u00a9Daniel-Li-Photography.jpg","datePublished":"2023-11-02T08:46:21+00:00","dateModified":"2024-07-04T08:37:33+00:00","breadcrumb":{"@id":"https:\/\/9staedte.de\/es\/einbeck-coches-clasicos-casas-con-entramado-de-madera-cerveza\/paquetes-en-einbeck\/#breadcrumb"},"inLanguage":"es","potentialAction":[{"@type":"ReadAction","target":["https:\/\/9staedte.de\/es\/einbeck-coches-clasicos-casas-con-entramado-de-madera-cerveza\/paquetes-en-einbeck\/"]}]},{"@type":"ImageObject","inLanguage":"es","@id":"https:\/\/9staedte.de\/es\/einbeck-coches-clasicos-casas-con-entramado-de-madera-cerveza\/paquetes-en-einbeck\/#primaryimage","url":"https:\/\/9staedte.de\/wp-content\/uploads\/2023\/05\/Bierchen-vor-dem-Brodhaus-Einbeck-\u00a9Daniel-Li-Photography.jpg","contentUrl":"https:\/\/9staedte.de\/wp-content\/uploads\/2023\/05\/Bierchen-vor-dem-Brodhaus-Einbeck-\u00a9Daniel-Li-Photography.jpg","width":1020,"height":547,"caption":"EInbeck Bier vor dem Brodhaus - Einbeck - \u00a9Daniel Li Photography"},{"@type":"BreadcrumbList","@id":"https:\/\/9staedte.de\/es\/einbeck-coches-clasicos-casas-con-entramado-de-madera-cerveza\/paquetes-en-einbeck\/#breadcrumb","itemListElement":[{"@type":"ListItem","position":1,"name":"Startseite","item":"https:\/\/9staedte.de\/es\/"},{"@type":"ListItem","position":2,"name":"Einbeck: coches cl\u00e1sicos, casas con entramado de madera, cerveza","item":"https:\/\/9staedte.de\/es\/einbeck-coches-clasicos-casas-con-entramado-de-madera-cerveza\/"},{"@type":"ListItem","position":3,"name":"Paquetes en Einbeck"}]},{"@type":"WebSite","@id":"https:\/\/9staedte.de\/es\/#website","url":"https:\/\/9staedte.de\/es\/","name":"9 St\u00e4dte in Niedersachsen","description":"","publisher":{"@id":"https:\/\/9staedte.de\/es\/#organization"},"potentialAction":[{"@type":"SearchAction","target":{"@type":"EntryPoint","urlTemplate":"https:\/\/9staedte.de\/es\/?s={search_term_string}"},"query-input":{"@type":"PropertyValueSpecification","valueRequired":true,"valueName":"search_term_string"}}],"inLanguage":"es"},{"@type":"Organization","@id":"https:\/\/9staedte.de\/es\/#organization","name":"9 St\u00e4dte in Niedersachsen","url":"https:\/\/9staedte.de\/es\/","logo":{"@type":"ImageObject","inLanguage":"es","@id":"https:\/\/9staedte.de\/es\/#\/schema\/logo\/image\/","url":"https:\/\/9staedte.de\/wp-content\/uploads\/2025\/01\/9-neg-deutsch-2-1.png","contentUrl":"https:\/\/9staedte.de\/wp-content\/uploads\/2025\/01\/9-neg-deutsch-2-1.png","width":190,"height":114,"caption":"9 St\u00e4dte in Niedersachsen"},"image":{"@id":"https:\/\/9staedte.de\/es\/#\/schema\/logo\/image\/"}}]}},"_links":{"self":[{"href":"https:\/\/9staedte.de\/es\/wp-json\/wp\/v2\/pages\/16919","targetHints":{"allow":["GET"]}}],"collection":[{"href":"https:\/\/9staedte.de\/es\/wp-json\/wp\/v2\/pages"}],"about":[{"href":"https:\/\/9staedte.de\/es\/wp-json\/wp\/v2\/types\/page"}],"author":[{"embeddable":true,"href":"https:\/\/9staedte.de\/es\/wp-json\/wp\/v2\/users\/6"}],"replies":[{"embeddable":true,"href":"https:\/\/9staedte.de\/es\/wp-json\/wp\/v2\/comments?post=16919"}],"version-history":[{"count":2,"href":"https:\/\/9staedte.de\/es\/wp-json\/wp\/v2\/pages\/16919\/revisions"}],"predecessor-version":[{"id":22950,"href":"https:\/\/9staedte.de\/es\/wp-json\/wp\/v2\/pages\/16919\/revisions\/22950"}],"up":[{"embeddable":true,"href":"https:\/\/9staedte.de\/es\/wp-json\/wp\/v2\/pages\/17927"}],"wp:featuredmedia":[{"embeddable":true,"href":"https:\/\/9staedte.de\/es\/wp-json\/wp\/v2\/media\/15640"}],"wp:attachment":[{"href":"https:\/\/9staedte.de\/es\/wp-json\/wp\/v2\/media?parent=16919"}],"wp:term":[{"taxonomy":"category","embeddable":true,"href":"https:\/\/9staedte.de\/es\/wp-json\/wp\/v2\/categories?post=16919"},{"taxonomy":"post_tag","embeddable":true,"href":"https:\/\/9staedte.de\/es\/wp-json\/wp\/v2\/tags?post=16919"},{"taxonomy":"ncap_cities_tax","embeddable":true,"href":"https:\/\/9staedte.de\/es\/wp-json\/wp\/v2\/ncap_cities_tax?post=16919"}],"curies":[{"name":"wp","href":"https:\/\/api.w.org\/{rel}","templated":true}]}}