{"id":16899,"date":"2023-11-02T09:46:19","date_gmt":"2023-11-02T08:46:19","guid":{"rendered":"https:\/\/9staedte.de\/consejos-para-su-conferencia-en-wolfenbuettel\/"},"modified":"2023-11-02T09:46:19","modified_gmt":"2023-11-02T08:46:19","slug":"consejos-para-su-conferencia-en-wolfenbuettel","status":"publish","type":"page","link":"https:\/\/9staedte.de\/es\/consejos-para-su-conferencia-en-wolfenbuettel\/","title":{"rendered":"Consejos para su conferencia en Wolfenb\u00fcttel:"},"content":{"rendered":"\n<p><strong>Reuniones en el castillo de Wolfenb\u00fcttel<\/strong><br>Celebre su conferencia en el segundo castillo m\u00e1s grande de Baja Sajonia y resida como anta\u00f1o lo hicieron los duques de Guelph. Le ofrecemos locales hist\u00f3ricos, as\u00ed como programas sociales adecuados e inolvidables en el centro inmediato de Wolfenb\u00fcttel.<\/p>\n\n\n\n<p><strong>Congresos en el Lindenhalle Wolfenb\u00fcttel<\/strong><br>La mejor direcci\u00f3n para conferencias y congresos en estilo cl\u00e1sico pero moderno. Como mayor centro de eventos de Wolfenb\u00fcttel, el Lindenhalle le ofrece un alto grado de flexibilidad, equipamiento de \u00faltima generaci\u00f3n y una infraestructura adecuada.<\/p>\n\n\n\n<p><strong>Naturaleza y modernidad en la Jugendg\u00e4stehaus Wolfenb\u00fcttel<\/strong><br>El Jugendg\u00e4stehaus Wolfenb\u00fcttel est\u00e1 situado en el centro de la ciudad de Wolfenb\u00fcttel y ofrece varias salas de reuniones y alojamiento, as\u00ed como acceso directo al parque de nuestra ciudad, el Seeligerpark, aqu\u00ed hay mucho espacio para actividades al aire libre, animadas discusiones y buenas decisiones.<\/p>\n\n\n\n<p><strong>Kommisse &#8230; conferencias extraordinarias en un marco hist\u00f3rico<\/strong><br>El Kommisse Wolfenb\u00fcttel es un antiguo edificio tradicional situado en el centro de la ciudad de Wolfenb\u00fcttel. Construido como molino, se puso al servicio de los duques de Guelph y desde entonces ha servido de almac\u00e9n de ventas, as\u00ed como de casa de juego y de bodas. Hoy en d\u00eda, las salas fielmente restauradas ofrecen la oportunidad perfecta para convertir cualquier evento en un acontecimiento destacado.<\/p>\n\n\n\n<p><strong>Programas sociales individuales<\/strong><br>Junto con nuestra informaci\u00f3n tur\u00edstica, estaremos encantados de organizar un programa de apoyo adecuado para su conferencia o congreso. Tambi\u00e9n se pueden organizar individualmente visitas culinarias por el casco antiguo, actividades deportivas para fomentar el esp\u00edritu de equipo, paseos nocturnos con J\u00e4germeister y mucho m\u00e1s.<\/p>\n\n\n\n<p><strong>Catering seg\u00fan sus deseos<\/strong><br>Ofrecemos el mejor servicio posible para atender a sus invitados. Dise\u00f1amos el catering para sus invitados de forma totalmente individualizada seg\u00fan sus deseos. A trav\u00e9s de socios seleccionados y diversos, el catering contribuir\u00e1 al \u00e9xito de su evento.<br>Paquetes para todos los deseos<br>Nuestros diversos paquetes de conferencias ofrecen una buena oportunidad para que cada evento mantenga los costes bajo control sin tener que prescindir de nada. Tambi\u00e9n podemos ofrecerle una oferta individual con todo incluido seg\u00fan sus deseos.<\/p>\n\n\n\n<p><strong>Conferencias de varios d\u00edas para todos los presupuestos<\/strong><br>Para eventos de varios d\u00edas, le ayudamos con el alojamiento de sus participantes. Para los participantes preocupados por el precio, hay hasta 131 camas en modernas y funcionales habitaciones de una a cuatro camas disponibles en la casa de hu\u00e9spedes para j\u00f3venes. A trav\u00e9s de una buena red en la regi\u00f3n, tambi\u00e9n podemos conseguirle un hotel de 5 estrellas.<\/p>\n","protected":false},"excerpt":{"rendered":"<p>Reuniones en el castillo de Wolfenb\u00fcttelCelebre su conferencia en el segundo castillo m\u00e1s grande de Baja Sajonia y resida como anta\u00f1o lo hicieron los duques de Guelph. Le ofrecemos locales hist\u00f3ricos, as\u00ed como programas sociales adecuados e inolvidables en el centro inmediato de Wolfenb\u00fcttel. Congresos en el Lindenhalle Wolfenb\u00fcttelLa mejor direcci\u00f3n para conferencias y congresos [&hellip;]<\/p>\n","protected":false},"author":6,"featured_media":16906,"parent":0,"menu_order":0,"comment_status":"closed","ping_status":"closed","template":"","meta":{"_acf_changed":false,"footnotes":""},"categories":[],"tags":[],"ncap_cities_tax":[472],"class_list":["post-16899","page","type-page","status-publish","has-post-thumbnail","hentry","ncap_cities_tax-wolfenbuettel-es"],"acf":[],"yoast_head":"<!-- This site is optimized with the Yoast SEO plugin v26.8 - https:\/\/yoast.com\/product\/yoast-seo-wordpress\/ -->\n<title>Consejos para su conferencia en Wolfenb\u00fcttel: - 9 St\u00e4dte in Niedersachsen<\/title>\n<meta name=\"robots\" content=\"index, follow, max-snippet:-1, max-image-preview:large, max-video-preview:-1\" \/>\n<link rel=\"canonical\" href=\"https:\/\/9staedte.de\/es\/consejos-para-su-conferencia-en-wolfenbuettel\/\" \/>\n<meta property=\"og:locale\" content=\"es_ES\" \/>\n<meta property=\"og:type\" content=\"article\" \/>\n<meta property=\"og:title\" content=\"Consejos para su conferencia en Wolfenb\u00fcttel: - 9 St\u00e4dte in Niedersachsen\" \/>\n<meta property=\"og:description\" content=\"Reuniones en el castillo de Wolfenb\u00fcttelCelebre su conferencia en el segundo castillo m\u00e1s grande de Baja Sajonia y resida como anta\u00f1o lo hicieron los duques de Guelph. Le ofrecemos locales hist\u00f3ricos, as\u00ed como programas sociales adecuados e inolvidables en el centro inmediato de Wolfenb\u00fcttel. Congresos en el Lindenhalle Wolfenb\u00fcttelLa mejor direcci\u00f3n para conferencias y congresos [&hellip;]\" \/>\n<meta property=\"og:url\" content=\"https:\/\/9staedte.de\/es\/consejos-para-su-conferencia-en-wolfenbuettel\/\" \/>\n<meta property=\"og:site_name\" content=\"9 St\u00e4dte in Niedersachsen\" \/>\n<meta name=\"twitter:card\" content=\"summary_large_image\" \/>\n<meta name=\"twitter:label1\" content=\"Tiempo de lectura\" \/>\n\t<meta name=\"twitter:data1\" content=\"2 minutos\" \/>\n<script type=\"application\/ld+json\" class=\"yoast-schema-graph\">{\"@context\":\"https:\/\/schema.org\",\"@graph\":[{\"@type\":\"WebPage\",\"@id\":\"https:\/\/9staedte.de\/es\/consejos-para-su-conferencia-en-wolfenbuettel\/\",\"url\":\"https:\/\/9staedte.de\/es\/consejos-para-su-conferencia-en-wolfenbuettel\/\",\"name\":\"Consejos para su conferencia en Wolfenb\u00fcttel: - 9 St\u00e4dte in Niedersachsen\",\"isPartOf\":{\"@id\":\"https:\/\/9staedte.de\/es\/#website\"},\"primaryImageOfPage\":{\"@id\":\"https:\/\/9staedte.de\/es\/consejos-para-su-conferencia-en-wolfenbuettel\/#primaryimage\"},\"image\":{\"@id\":\"https:\/\/9staedte.de\/es\/consejos-para-su-conferencia-en-wolfenbuettel\/#primaryimage\"},\"thumbnailUrl\":\"https:\/\/9staedte.de\/wp-content\/uploads\/2023\/03\/Lindenhalle-c-Susanne-Huebner.jpg\",\"datePublished\":\"2023-11-02T08:46:19+00:00\",\"breadcrumb\":{\"@id\":\"https:\/\/9staedte.de\/es\/consejos-para-su-conferencia-en-wolfenbuettel\/#breadcrumb\"},\"inLanguage\":\"es\",\"potentialAction\":[{\"@type\":\"ReadAction\",\"target\":[\"https:\/\/9staedte.de\/es\/consejos-para-su-conferencia-en-wolfenbuettel\/\"]}]},{\"@type\":\"ImageObject\",\"inLanguage\":\"es\",\"@id\":\"https:\/\/9staedte.de\/es\/consejos-para-su-conferencia-en-wolfenbuettel\/#primaryimage\",\"url\":\"https:\/\/9staedte.de\/wp-content\/uploads\/2023\/03\/Lindenhalle-c-Susanne-Huebner.jpg\",\"contentUrl\":\"https:\/\/9staedte.de\/wp-content\/uploads\/2023\/03\/Lindenhalle-c-Susanne-Huebner.jpg\",\"width\":1019,\"height\":558,\"caption\":\"Lindenhalle Wolfenb\u00fcttel (c) Susanne H\u00fcbner\"},{\"@type\":\"BreadcrumbList\",\"@id\":\"https:\/\/9staedte.de\/es\/consejos-para-su-conferencia-en-wolfenbuettel\/#breadcrumb\",\"itemListElement\":[{\"@type\":\"ListItem\",\"position\":1,\"name\":\"Startseite\",\"item\":\"https:\/\/9staedte.de\/es\/\"},{\"@type\":\"ListItem\",\"position\":2,\"name\":\"Consejos para su conferencia en Wolfenb\u00fcttel:\"}]},{\"@type\":\"WebSite\",\"@id\":\"https:\/\/9staedte.de\/es\/#website\",\"url\":\"https:\/\/9staedte.de\/es\/\",\"name\":\"9 St\u00e4dte in Niedersachsen\",\"description\":\"\",\"publisher\":{\"@id\":\"https:\/\/9staedte.de\/es\/#organization\"},\"potentialAction\":[{\"@type\":\"SearchAction\",\"target\":{\"@type\":\"EntryPoint\",\"urlTemplate\":\"https:\/\/9staedte.de\/es\/?s={search_term_string}\"},\"query-input\":{\"@type\":\"PropertyValueSpecification\",\"valueRequired\":true,\"valueName\":\"search_term_string\"}}],\"inLanguage\":\"es\"},{\"@type\":\"Organization\",\"@id\":\"https:\/\/9staedte.de\/es\/#organization\",\"name\":\"9 St\u00e4dte in Niedersachsen\",\"url\":\"https:\/\/9staedte.de\/es\/\",\"logo\":{\"@type\":\"ImageObject\",\"inLanguage\":\"es\",\"@id\":\"https:\/\/9staedte.de\/es\/#\/schema\/logo\/image\/\",\"url\":\"https:\/\/9staedte.de\/wp-content\/uploads\/2025\/01\/9-neg-deutsch-2-1.png\",\"contentUrl\":\"https:\/\/9staedte.de\/wp-content\/uploads\/2025\/01\/9-neg-deutsch-2-1.png\",\"width\":190,\"height\":114,\"caption\":\"9 St\u00e4dte in Niedersachsen\"},\"image\":{\"@id\":\"https:\/\/9staedte.de\/es\/#\/schema\/logo\/image\/\"}}]}<\/script>\n<!-- \/ Yoast SEO plugin. -->","yoast_head_json":{"title":"Consejos para su conferencia en Wolfenb\u00fcttel: - 9 St\u00e4dte in Niedersachsen","robots":{"index":"index","follow":"follow","max-snippet":"max-snippet:-1","max-image-preview":"max-image-preview:large","max-video-preview":"max-video-preview:-1"},"canonical":"https:\/\/9staedte.de\/es\/consejos-para-su-conferencia-en-wolfenbuettel\/","og_locale":"es_ES","og_type":"article","og_title":"Consejos para su conferencia en Wolfenb\u00fcttel: - 9 St\u00e4dte in Niedersachsen","og_description":"Reuniones en el castillo de Wolfenb\u00fcttelCelebre su conferencia en el segundo castillo m\u00e1s grande de Baja Sajonia y resida como anta\u00f1o lo hicieron los duques de Guelph. Le ofrecemos locales hist\u00f3ricos, as\u00ed como programas sociales adecuados e inolvidables en el centro inmediato de Wolfenb\u00fcttel. Congresos en el Lindenhalle Wolfenb\u00fcttelLa mejor direcci\u00f3n para conferencias y congresos [&hellip;]","og_url":"https:\/\/9staedte.de\/es\/consejos-para-su-conferencia-en-wolfenbuettel\/","og_site_name":"9 St\u00e4dte in Niedersachsen","twitter_card":"summary_large_image","twitter_misc":{"Tiempo de lectura":"2 minutos"},"schema":{"@context":"https:\/\/schema.org","@graph":[{"@type":"WebPage","@id":"https:\/\/9staedte.de\/es\/consejos-para-su-conferencia-en-wolfenbuettel\/","url":"https:\/\/9staedte.de\/es\/consejos-para-su-conferencia-en-wolfenbuettel\/","name":"Consejos para su conferencia en Wolfenb\u00fcttel: - 9 St\u00e4dte in Niedersachsen","isPartOf":{"@id":"https:\/\/9staedte.de\/es\/#website"},"primaryImageOfPage":{"@id":"https:\/\/9staedte.de\/es\/consejos-para-su-conferencia-en-wolfenbuettel\/#primaryimage"},"image":{"@id":"https:\/\/9staedte.de\/es\/consejos-para-su-conferencia-en-wolfenbuettel\/#primaryimage"},"thumbnailUrl":"https:\/\/9staedte.de\/wp-content\/uploads\/2023\/03\/Lindenhalle-c-Susanne-Huebner.jpg","datePublished":"2023-11-02T08:46:19+00:00","breadcrumb":{"@id":"https:\/\/9staedte.de\/es\/consejos-para-su-conferencia-en-wolfenbuettel\/#breadcrumb"},"inLanguage":"es","potentialAction":[{"@type":"ReadAction","target":["https:\/\/9staedte.de\/es\/consejos-para-su-conferencia-en-wolfenbuettel\/"]}]},{"@type":"ImageObject","inLanguage":"es","@id":"https:\/\/9staedte.de\/es\/consejos-para-su-conferencia-en-wolfenbuettel\/#primaryimage","url":"https:\/\/9staedte.de\/wp-content\/uploads\/2023\/03\/Lindenhalle-c-Susanne-Huebner.jpg","contentUrl":"https:\/\/9staedte.de\/wp-content\/uploads\/2023\/03\/Lindenhalle-c-Susanne-Huebner.jpg","width":1019,"height":558,"caption":"Lindenhalle Wolfenb\u00fcttel (c) Susanne H\u00fcbner"},{"@type":"BreadcrumbList","@id":"https:\/\/9staedte.de\/es\/consejos-para-su-conferencia-en-wolfenbuettel\/#breadcrumb","itemListElement":[{"@type":"ListItem","position":1,"name":"Startseite","item":"https:\/\/9staedte.de\/es\/"},{"@type":"ListItem","position":2,"name":"Consejos para su conferencia en Wolfenb\u00fcttel:"}]},{"@type":"WebSite","@id":"https:\/\/9staedte.de\/es\/#website","url":"https:\/\/9staedte.de\/es\/","name":"9 St\u00e4dte in Niedersachsen","description":"","publisher":{"@id":"https:\/\/9staedte.de\/es\/#organization"},"potentialAction":[{"@type":"SearchAction","target":{"@type":"EntryPoint","urlTemplate":"https:\/\/9staedte.de\/es\/?s={search_term_string}"},"query-input":{"@type":"PropertyValueSpecification","valueRequired":true,"valueName":"search_term_string"}}],"inLanguage":"es"},{"@type":"Organization","@id":"https:\/\/9staedte.de\/es\/#organization","name":"9 St\u00e4dte in Niedersachsen","url":"https:\/\/9staedte.de\/es\/","logo":{"@type":"ImageObject","inLanguage":"es","@id":"https:\/\/9staedte.de\/es\/#\/schema\/logo\/image\/","url":"https:\/\/9staedte.de\/wp-content\/uploads\/2025\/01\/9-neg-deutsch-2-1.png","contentUrl":"https:\/\/9staedte.de\/wp-content\/uploads\/2025\/01\/9-neg-deutsch-2-1.png","width":190,"height":114,"caption":"9 St\u00e4dte in Niedersachsen"},"image":{"@id":"https:\/\/9staedte.de\/es\/#\/schema\/logo\/image\/"}}]}},"_links":{"self":[{"href":"https:\/\/9staedte.de\/es\/wp-json\/wp\/v2\/pages\/16899","targetHints":{"allow":["GET"]}}],"collection":[{"href":"https:\/\/9staedte.de\/es\/wp-json\/wp\/v2\/pages"}],"about":[{"href":"https:\/\/9staedte.de\/es\/wp-json\/wp\/v2\/types\/page"}],"author":[{"embeddable":true,"href":"https:\/\/9staedte.de\/es\/wp-json\/wp\/v2\/users\/6"}],"replies":[{"embeddable":true,"href":"https:\/\/9staedte.de\/es\/wp-json\/wp\/v2\/comments?post=16899"}],"version-history":[{"count":0,"href":"https:\/\/9staedte.de\/es\/wp-json\/wp\/v2\/pages\/16899\/revisions"}],"wp:featuredmedia":[{"embeddable":true,"href":"https:\/\/9staedte.de\/es\/wp-json\/wp\/v2\/media\/16906"}],"wp:attachment":[{"href":"https:\/\/9staedte.de\/es\/wp-json\/wp\/v2\/media?parent=16899"}],"wp:term":[{"taxonomy":"category","embeddable":true,"href":"https:\/\/9staedte.de\/es\/wp-json\/wp\/v2\/categories?post=16899"},{"taxonomy":"post_tag","embeddable":true,"href":"https:\/\/9staedte.de\/es\/wp-json\/wp\/v2\/tags?post=16899"},{"taxonomy":"ncap_cities_tax","embeddable":true,"href":"https:\/\/9staedte.de\/es\/wp-json\/wp\/v2\/ncap_cities_tax?post=16899"}],"curies":[{"name":"wp","href":"https:\/\/api.w.org\/{rel}","templated":true}]}}