{"id":16896,"date":"2023-11-02T09:46:19","date_gmt":"2023-11-02T08:46:19","guid":{"rendered":"https:\/\/9staedte.de\/mundo-invernal-en-el-autostadt-de-wolfsburgo\/"},"modified":"2026-01-05T10:47:25","modified_gmt":"2026-01-05T09:47:25","slug":"mundo-invernal-en-el-autostadt-de-wolfsburgo","status":"publish","type":"page","link":"https:\/\/9staedte.de\/es\/mundo-invernal-en-el-autostadt-de-wolfsburgo\/","title":{"rendered":"Mundo invernal en el Autostadt de Wolfsburgo"},"content":{"rendered":"\n<h2 class=\"wp-block-heading\">Pa\u00eds de las maravillas invernal y mercado navide\u00f1o en Autostadt<\/h2>\n\n<p>Cuando los d\u00edas se acortan, comienza para muchos la \u00e9poca m\u00e1s bonita del a\u00f1o, y puedes disfrutarla de verdad en el Mundo Invernal de la Autostadt: con parques decorados festivamente, una enorme pista de hielo, un mercado tradicional de invierno y mucho m\u00e1s.<br\/>Vive la acci\u00f3n en la nieve y sobre el hielo o pasa momentos contemplativos y hermosos con amigos o familiares con el suave resplandor de las luces y el aroma de la canela, el clavo y las naranjas en el peque\u00f1o mercado navide\u00f1o.<br\/>(sujeto a cambios)<\/p>\n\n<p><a href=\"http:\/\/www.autostadt.de\/veranstaltungen\">Para m\u00e1s informaci\u00f3n<\/a><\/p>\n\n<div style=\"height:30px\" aria-hidden=\"true\" class=\"wp-block-spacer\"><\/div>\n\n<h3 class=\"wp-block-heading\">Autostadt en Wolfsburgo<\/h3>\n\n <div class=\"brlbs-cmpnt-container brlbs-cmpnt-content-blocker brlbs-cmpnt-with-individual-styles\" data-borlabs-cookie-content-blocker-id=\"google-maps\" data-borlabs-cookie-content=\"PGlmcmFtZSBzcmM9Imh0dHBzOi8vd3d3Lmdvb2dsZS5jb20vbWFwcy9lbWJlZD9wYj0hMW0xOCExbTEyITFtMyExZDI0MzIuNTY1NDcwMzMwMjYhMmQxMC43OTE2MzAzNzY5NzMyNiEzZDUyLjQzMjY3MDY0MjY5MTEyITJtMyExZjAhMmYwITNmMCEzbTIhMWkxMDI0ITJpNzY4ITRmMTMuMSEzbTMhMW0yITFzMHg0N2FmOTNiN2I4OWJmYWNmJTNBMHg0ZGNkZjA3ZjRkMjM3ZmY4ITJzQXV0b3N0YWR0ITVlMCEzbTIhMXNkZSEyc2RlITR2MTY5MjYyNDgzNzE0OCE1bTIhMXNkZSEyc2RlIiB3aWR0aD0iNjAwIiBoZWlnaHQ9IjQ1MCIgc3R5bGU9ImJvcmRlcjowOyIgYWxsb3dmdWxsc2NyZWVuPSIiIGxvYWRpbmc9ImxhenkiIHJlZmVycmVycG9saWN5PSJuby1yZWZlcnJlci13aGVuLWRvd25ncmFkZSI+PC9pZnJhbWU+\"><div class=\"brlbs-cmpnt-cb-preset-b brlbs-cmpnt-cb-google-maps\"> <div class=\"brlbs-cmpnt-cb-thumbnail\" style=\"background-image: url('https:\/\/9staedte.de\/wp-content\/uploads\/borlabs-cookie\/1\/brlbs-cb-google-maps-main.png')\"><\/div> <div class=\"brlbs-cmpnt-cb-main\"> <div class=\"brlbs-cmpnt-cb-content\"> <p class=\"brlbs-cmpnt-cb-description\">Est\u00e1s viendo un contenido de marcador de posici\u00f3n de <strong>Google Maps<\/strong>. Para acceder al contenido real, haz clic en el siguiente bot\u00f3n. Ten en cuenta que al hacerlo compartir\u00e1s datos con terceros proveedores.<\/p> <a class=\"brlbs-cmpnt-cb-provider-toggle\" href=\"#\" data-borlabs-cookie-show-provider-information role=\"button\">M\u00e1s informaci\u00f3n<\/a> <\/div> <div class=\"brlbs-cmpnt-cb-buttons\"> <a class=\"brlbs-cmpnt-cb-btn\" href=\"#\" data-borlabs-cookie-unblock role=\"button\">Desbloquear contenido<\/a> <a class=\"brlbs-cmpnt-cb-btn\" href=\"#\" data-borlabs-cookie-accept-service role=\"button\" style=\"display: inherit\">Aceptar el servicio requerido y desbloquear el contenido<\/a> <\/div> <\/div> <\/div><\/div>\n\n<div style=\"height:30px\" aria-hidden=\"true\" class=\"wp-block-spacer\"><\/div>\n","protected":false},"excerpt":{"rendered":"<p>Pa\u00eds de las maravillas invernal y mercado navide\u00f1o en Autostadt Cuando los d\u00edas se acortan, comienza para muchos la \u00e9poca m\u00e1s bonita del a\u00f1o, y puedes disfrutarla de verdad en el Mundo Invernal de la Autostadt: con parques decorados festivamente, una enorme pista de hielo, un mercado tradicional de invierno y mucho m\u00e1s.Vive la acci\u00f3n [&hellip;]<\/p>\n","protected":false},"author":6,"featured_media":15206,"parent":0,"menu_order":0,"comment_status":"closed","ping_status":"closed","template":"","meta":{"_acf_changed":false,"footnotes":""},"categories":[],"tags":[],"ncap_cities_tax":[487,555],"class_list":["post-16896","page","type-page","status-publish","has-post-thumbnail","hentry","ncap_cities_tax-autostadt-es","ncap_cities_tax-weihnachtsmarkte-autostadt-es"],"acf":[],"yoast_head":"<!-- This site is optimized with the Yoast SEO plugin v27.4 - https:\/\/yoast.com\/product\/yoast-seo-wordpress\/ -->\n<title>Mundo invernal en el Autostadt de Wolfsburgo - 9 St\u00e4dte in Niedersachsen<\/title>\n<meta name=\"description\" content=\"El Mundo de Invierno en la Autostadt de Wolfsburgo: un para\u00edso invernal con parques decorados festivamente, pista de hielo y mercado de invierno.\" \/>\n<meta name=\"robots\" content=\"index, follow, max-snippet:-1, max-image-preview:large, max-video-preview:-1\" \/>\n<link rel=\"canonical\" href=\"https:\/\/9staedte.de\/es\/mundo-invernal-en-el-autostadt-de-wolfsburgo\/\" \/>\n<meta property=\"og:locale\" content=\"es_ES\" \/>\n<meta property=\"og:type\" content=\"article\" \/>\n<meta property=\"og:title\" content=\"Mundo invernal en el Autostadt de Wolfsburgo - 9 St\u00e4dte in Niedersachsen\" \/>\n<meta property=\"og:description\" content=\"El Mundo de Invierno en la Autostadt de Wolfsburgo: un para\u00edso invernal con parques decorados festivamente, pista de hielo y mercado de invierno.\" \/>\n<meta property=\"og:url\" content=\"https:\/\/9staedte.de\/es\/mundo-invernal-en-el-autostadt-de-wolfsburgo\/\" \/>\n<meta property=\"og:site_name\" content=\"9 St\u00e4dte in Niedersachsen\" \/>\n<meta property=\"article:modified_time\" content=\"2026-01-05T09:47:25+00:00\" \/>\n<meta property=\"og:image\" content=\"https:\/\/9staedte.de\/wp-content\/uploads\/2023\/07\/Winter-in-der-Autostadt_Credit-Michael-Jungblut.jpg\" \/>\n\t<meta property=\"og:image:width\" content=\"1020\" \/>\n\t<meta property=\"og:image:height\" content=\"561\" \/>\n\t<meta property=\"og:image:type\" content=\"image\/jpeg\" \/>\n<meta name=\"twitter:card\" content=\"summary_large_image\" \/>\n<meta name=\"twitter:label1\" content=\"Tiempo de lectura\" \/>\n\t<meta name=\"twitter:data1\" content=\"1 minuto\" \/>\n<script type=\"application\/ld+json\" class=\"yoast-schema-graph\">{\"@context\":\"https:\\\/\\\/schema.org\",\"@graph\":[{\"@type\":\"WebPage\",\"@id\":\"https:\\\/\\\/9staedte.de\\\/es\\\/mundo-invernal-en-el-autostadt-de-wolfsburgo\\\/\",\"url\":\"https:\\\/\\\/9staedte.de\\\/es\\\/mundo-invernal-en-el-autostadt-de-wolfsburgo\\\/\",\"name\":\"Mundo invernal en el Autostadt de Wolfsburgo - 9 St\u00e4dte in Niedersachsen\",\"isPartOf\":{\"@id\":\"https:\\\/\\\/9staedte.de\\\/es\\\/#website\"},\"primaryImageOfPage\":{\"@id\":\"https:\\\/\\\/9staedte.de\\\/es\\\/mundo-invernal-en-el-autostadt-de-wolfsburgo\\\/#primaryimage\"},\"image\":{\"@id\":\"https:\\\/\\\/9staedte.de\\\/es\\\/mundo-invernal-en-el-autostadt-de-wolfsburgo\\\/#primaryimage\"},\"thumbnailUrl\":\"https:\\\/\\\/9staedte.de\\\/wp-content\\\/uploads\\\/2023\\\/07\\\/Winter-in-der-Autostadt_Credit-Michael-Jungblut.jpg\",\"datePublished\":\"2023-11-02T08:46:19+00:00\",\"dateModified\":\"2026-01-05T09:47:25+00:00\",\"description\":\"El Mundo de Invierno en la Autostadt de Wolfsburgo: un para\u00edso invernal con parques decorados festivamente, pista de hielo y mercado de invierno.\",\"breadcrumb\":{\"@id\":\"https:\\\/\\\/9staedte.de\\\/es\\\/mundo-invernal-en-el-autostadt-de-wolfsburgo\\\/#breadcrumb\"},\"inLanguage\":\"es\",\"potentialAction\":[{\"@type\":\"ReadAction\",\"target\":[\"https:\\\/\\\/9staedte.de\\\/es\\\/mundo-invernal-en-el-autostadt-de-wolfsburgo\\\/\"]}]},{\"@type\":\"ImageObject\",\"inLanguage\":\"es\",\"@id\":\"https:\\\/\\\/9staedte.de\\\/es\\\/mundo-invernal-en-el-autostadt-de-wolfsburgo\\\/#primaryimage\",\"url\":\"https:\\\/\\\/9staedte.de\\\/wp-content\\\/uploads\\\/2023\\\/07\\\/Winter-in-der-Autostadt_Credit-Michael-Jungblut.jpg\",\"contentUrl\":\"https:\\\/\\\/9staedte.de\\\/wp-content\\\/uploads\\\/2023\\\/07\\\/Winter-in-der-Autostadt_Credit-Michael-Jungblut.jpg\",\"width\":1020,\"height\":561,\"caption\":\"Winter in der Autostadt_Credit Michael Jungblut\"},{\"@type\":\"BreadcrumbList\",\"@id\":\"https:\\\/\\\/9staedte.de\\\/es\\\/mundo-invernal-en-el-autostadt-de-wolfsburgo\\\/#breadcrumb\",\"itemListElement\":[{\"@type\":\"ListItem\",\"position\":1,\"name\":\"Startseite\",\"item\":\"https:\\\/\\\/9staedte.de\\\/es\\\/\"},{\"@type\":\"ListItem\",\"position\":2,\"name\":\"Mundo invernal en el Autostadt de Wolfsburgo\"}]},{\"@type\":\"WebSite\",\"@id\":\"https:\\\/\\\/9staedte.de\\\/es\\\/#website\",\"url\":\"https:\\\/\\\/9staedte.de\\\/es\\\/\",\"name\":\"9 St\u00e4dte in Niedersachsen\",\"description\":\"\",\"publisher\":{\"@id\":\"https:\\\/\\\/9staedte.de\\\/es\\\/#organization\"},\"potentialAction\":[{\"@type\":\"SearchAction\",\"target\":{\"@type\":\"EntryPoint\",\"urlTemplate\":\"https:\\\/\\\/9staedte.de\\\/es\\\/?s={search_term_string}\"},\"query-input\":{\"@type\":\"PropertyValueSpecification\",\"valueRequired\":true,\"valueName\":\"search_term_string\"}}],\"inLanguage\":\"es\"},{\"@type\":\"Organization\",\"@id\":\"https:\\\/\\\/9staedte.de\\\/es\\\/#organization\",\"name\":\"9 St\u00e4dte in Niedersachsen\",\"url\":\"https:\\\/\\\/9staedte.de\\\/es\\\/\",\"logo\":{\"@type\":\"ImageObject\",\"inLanguage\":\"es\",\"@id\":\"https:\\\/\\\/9staedte.de\\\/es\\\/#\\\/schema\\\/logo\\\/image\\\/\",\"url\":\"https:\\\/\\\/9staedte.de\\\/wp-content\\\/uploads\\\/2025\\\/01\\\/9-neg-deutsch-2-1.png\",\"contentUrl\":\"https:\\\/\\\/9staedte.de\\\/wp-content\\\/uploads\\\/2025\\\/01\\\/9-neg-deutsch-2-1.png\",\"width\":190,\"height\":114,\"caption\":\"9 St\u00e4dte in Niedersachsen\"},\"image\":{\"@id\":\"https:\\\/\\\/9staedte.de\\\/es\\\/#\\\/schema\\\/logo\\\/image\\\/\"}}]}<\/script>\n<!-- \/ Yoast SEO plugin. -->","yoast_head_json":{"title":"Mundo invernal en el Autostadt de Wolfsburgo - 9 St\u00e4dte in Niedersachsen","description":"El Mundo de Invierno en la Autostadt de Wolfsburgo: un para\u00edso invernal con parques decorados festivamente, pista de hielo y mercado de invierno.","robots":{"index":"index","follow":"follow","max-snippet":"max-snippet:-1","max-image-preview":"max-image-preview:large","max-video-preview":"max-video-preview:-1"},"canonical":"https:\/\/9staedte.de\/es\/mundo-invernal-en-el-autostadt-de-wolfsburgo\/","og_locale":"es_ES","og_type":"article","og_title":"Mundo invernal en el Autostadt de Wolfsburgo - 9 St\u00e4dte in Niedersachsen","og_description":"El Mundo de Invierno en la Autostadt de Wolfsburgo: un para\u00edso invernal con parques decorados festivamente, pista de hielo y mercado de invierno.","og_url":"https:\/\/9staedte.de\/es\/mundo-invernal-en-el-autostadt-de-wolfsburgo\/","og_site_name":"9 St\u00e4dte in Niedersachsen","article_modified_time":"2026-01-05T09:47:25+00:00","og_image":[{"width":1020,"height":561,"url":"https:\/\/9staedte.de\/wp-content\/uploads\/2023\/07\/Winter-in-der-Autostadt_Credit-Michael-Jungblut.jpg","type":"image\/jpeg"}],"twitter_card":"summary_large_image","twitter_misc":{"Tiempo de lectura":"1 minuto"},"schema":{"@context":"https:\/\/schema.org","@graph":[{"@type":"WebPage","@id":"https:\/\/9staedte.de\/es\/mundo-invernal-en-el-autostadt-de-wolfsburgo\/","url":"https:\/\/9staedte.de\/es\/mundo-invernal-en-el-autostadt-de-wolfsburgo\/","name":"Mundo invernal en el Autostadt de Wolfsburgo - 9 St\u00e4dte in Niedersachsen","isPartOf":{"@id":"https:\/\/9staedte.de\/es\/#website"},"primaryImageOfPage":{"@id":"https:\/\/9staedte.de\/es\/mundo-invernal-en-el-autostadt-de-wolfsburgo\/#primaryimage"},"image":{"@id":"https:\/\/9staedte.de\/es\/mundo-invernal-en-el-autostadt-de-wolfsburgo\/#primaryimage"},"thumbnailUrl":"https:\/\/9staedte.de\/wp-content\/uploads\/2023\/07\/Winter-in-der-Autostadt_Credit-Michael-Jungblut.jpg","datePublished":"2023-11-02T08:46:19+00:00","dateModified":"2026-01-05T09:47:25+00:00","description":"El Mundo de Invierno en la Autostadt de Wolfsburgo: un para\u00edso invernal con parques decorados festivamente, pista de hielo y mercado de invierno.","breadcrumb":{"@id":"https:\/\/9staedte.de\/es\/mundo-invernal-en-el-autostadt-de-wolfsburgo\/#breadcrumb"},"inLanguage":"es","potentialAction":[{"@type":"ReadAction","target":["https:\/\/9staedte.de\/es\/mundo-invernal-en-el-autostadt-de-wolfsburgo\/"]}]},{"@type":"ImageObject","inLanguage":"es","@id":"https:\/\/9staedte.de\/es\/mundo-invernal-en-el-autostadt-de-wolfsburgo\/#primaryimage","url":"https:\/\/9staedte.de\/wp-content\/uploads\/2023\/07\/Winter-in-der-Autostadt_Credit-Michael-Jungblut.jpg","contentUrl":"https:\/\/9staedte.de\/wp-content\/uploads\/2023\/07\/Winter-in-der-Autostadt_Credit-Michael-Jungblut.jpg","width":1020,"height":561,"caption":"Winter in der Autostadt_Credit Michael Jungblut"},{"@type":"BreadcrumbList","@id":"https:\/\/9staedte.de\/es\/mundo-invernal-en-el-autostadt-de-wolfsburgo\/#breadcrumb","itemListElement":[{"@type":"ListItem","position":1,"name":"Startseite","item":"https:\/\/9staedte.de\/es\/"},{"@type":"ListItem","position":2,"name":"Mundo invernal en el Autostadt de Wolfsburgo"}]},{"@type":"WebSite","@id":"https:\/\/9staedte.de\/es\/#website","url":"https:\/\/9staedte.de\/es\/","name":"9 St\u00e4dte in Niedersachsen","description":"","publisher":{"@id":"https:\/\/9staedte.de\/es\/#organization"},"potentialAction":[{"@type":"SearchAction","target":{"@type":"EntryPoint","urlTemplate":"https:\/\/9staedte.de\/es\/?s={search_term_string}"},"query-input":{"@type":"PropertyValueSpecification","valueRequired":true,"valueName":"search_term_string"}}],"inLanguage":"es"},{"@type":"Organization","@id":"https:\/\/9staedte.de\/es\/#organization","name":"9 St\u00e4dte in Niedersachsen","url":"https:\/\/9staedte.de\/es\/","logo":{"@type":"ImageObject","inLanguage":"es","@id":"https:\/\/9staedte.de\/es\/#\/schema\/logo\/image\/","url":"https:\/\/9staedte.de\/wp-content\/uploads\/2025\/01\/9-neg-deutsch-2-1.png","contentUrl":"https:\/\/9staedte.de\/wp-content\/uploads\/2025\/01\/9-neg-deutsch-2-1.png","width":190,"height":114,"caption":"9 St\u00e4dte in Niedersachsen"},"image":{"@id":"https:\/\/9staedte.de\/es\/#\/schema\/logo\/image\/"}}]}},"_links":{"self":[{"href":"https:\/\/9staedte.de\/es\/wp-json\/wp\/v2\/pages\/16896","targetHints":{"allow":["GET"]}}],"collection":[{"href":"https:\/\/9staedte.de\/es\/wp-json\/wp\/v2\/pages"}],"about":[{"href":"https:\/\/9staedte.de\/es\/wp-json\/wp\/v2\/types\/page"}],"author":[{"embeddable":true,"href":"https:\/\/9staedte.de\/es\/wp-json\/wp\/v2\/users\/6"}],"replies":[{"embeddable":true,"href":"https:\/\/9staedte.de\/es\/wp-json\/wp\/v2\/comments?post=16896"}],"version-history":[{"count":2,"href":"https:\/\/9staedte.de\/es\/wp-json\/wp\/v2\/pages\/16896\/revisions"}],"predecessor-version":[{"id":27002,"href":"https:\/\/9staedte.de\/es\/wp-json\/wp\/v2\/pages\/16896\/revisions\/27002"}],"wp:featuredmedia":[{"embeddable":true,"href":"https:\/\/9staedte.de\/es\/wp-json\/wp\/v2\/media\/15206"}],"wp:attachment":[{"href":"https:\/\/9staedte.de\/es\/wp-json\/wp\/v2\/media?parent=16896"}],"wp:term":[{"taxonomy":"category","embeddable":true,"href":"https:\/\/9staedte.de\/es\/wp-json\/wp\/v2\/categories?post=16896"},{"taxonomy":"post_tag","embeddable":true,"href":"https:\/\/9staedte.de\/es\/wp-json\/wp\/v2\/tags?post=16896"},{"taxonomy":"ncap_cities_tax","embeddable":true,"href":"https:\/\/9staedte.de\/es\/wp-json\/wp\/v2\/ncap_cities_tax?post=16896"}],"curies":[{"name":"wp","href":"https:\/\/api.w.org\/{rel}","templated":true}]}}