{"id":7804,"date":"2023-07-11T09:52:37","date_gmt":"2023-07-11T07:52:37","guid":{"rendered":"https:\/\/9staedte.de\/wolfenbuttel\/veranstaltungen-in-wolfenbuettel\/"},"modified":"2023-07-11T12:39:49","modified_gmt":"2023-07-11T10:39:49","slug":"veranstaltungen-in-wolfenbuettel","status":"publish","type":"page","link":"https:\/\/9staedte.de\/en\/wolfenbuttel\/veranstaltungen-in-wolfenbuettel\/","title":{"rendered":"Events in Wolfenb\u00fcttel"},"content":{"rendered":"","protected":false},"excerpt":{"rendered":"","protected":false},"author":6,"featured_media":7868,"parent":1466,"menu_order":0,"comment_status":"closed","ping_status":"closed","template":"pagetemplates\/template-thema.php","meta":{"_acf_changed":false,"footnotes":""},"categories":[],"tags":[],"ncap_cities_tax":[866,467],"class_list":["post-7804","page","type-page","status-publish","has-post-thumbnail","hentry","ncap_cities_tax-veranstaltungen-wolfenbuettel-en","ncap_cities_tax-wolfenbuettel-en"],"acf":[],"yoast_head":"<!-- This site is optimized with the Yoast SEO plugin v27.4 - https:\/\/yoast.com\/product\/yoast-seo-wordpress\/ -->\n<title>Events in Wolfenb\u00fcttel - 9 St\u00e4dte in Niedersachsen<\/title>\n<meta name=\"robots\" content=\"index, follow, max-snippet:-1, max-image-preview:large, max-video-preview:-1\" \/>\n<link rel=\"canonical\" href=\"https:\/\/9staedte.de\/en\/wolfenbuttel\/veranstaltungen-in-wolfenbuettel\/\" \/>\n<meta property=\"og:locale\" content=\"en_US\" \/>\n<meta property=\"og:type\" content=\"article\" \/>\n<meta property=\"og:title\" content=\"Events in Wolfenb\u00fcttel - 9 St\u00e4dte in Niedersachsen\" \/>\n<meta property=\"og:url\" content=\"https:\/\/9staedte.de\/en\/wolfenbuttel\/veranstaltungen-in-wolfenbuettel\/\" \/>\n<meta property=\"og:site_name\" content=\"9 St\u00e4dte in Niedersachsen\" \/>\n<meta property=\"article:modified_time\" content=\"2023-07-11T10:39:49+00:00\" \/>\n<meta property=\"og:image\" content=\"https:\/\/9staedte.de\/wp-content\/uploads\/2023\/07\/Wolfenbuettel-Kulturnacht-Foto-Uwe-Doehner-Missling-Rechte-Stadt-WF.jpg\" \/>\n\t<meta property=\"og:image:width\" content=\"1019\" \/>\n\t<meta property=\"og:image:height\" content=\"561\" \/>\n\t<meta property=\"og:image:type\" content=\"image\/jpeg\" \/>\n<meta name=\"twitter:card\" content=\"summary_large_image\" \/>\n<script type=\"application\/ld+json\" class=\"yoast-schema-graph\">{\"@context\":\"https:\\\/\\\/schema.org\",\"@graph\":[{\"@type\":\"WebPage\",\"@id\":\"https:\\\/\\\/9staedte.de\\\/en\\\/wolfenbuttel\\\/veranstaltungen-in-wolfenbuettel\\\/\",\"url\":\"https:\\\/\\\/9staedte.de\\\/en\\\/wolfenbuttel\\\/veranstaltungen-in-wolfenbuettel\\\/\",\"name\":\"Events in Wolfenb\u00fcttel - 9 St\u00e4dte in Niedersachsen\",\"isPartOf\":{\"@id\":\"https:\\\/\\\/9staedte.de\\\/en\\\/#website\"},\"primaryImageOfPage\":{\"@id\":\"https:\\\/\\\/9staedte.de\\\/en\\\/wolfenbuttel\\\/veranstaltungen-in-wolfenbuettel\\\/#primaryimage\"},\"image\":{\"@id\":\"https:\\\/\\\/9staedte.de\\\/en\\\/wolfenbuttel\\\/veranstaltungen-in-wolfenbuettel\\\/#primaryimage\"},\"thumbnailUrl\":\"https:\\\/\\\/9staedte.de\\\/wp-content\\\/uploads\\\/2023\\\/07\\\/Wolfenbuettel-Kulturnacht-Foto-Uwe-Doehner-Missling-Rechte-Stadt-WF.jpg\",\"datePublished\":\"2023-07-11T07:52:37+00:00\",\"dateModified\":\"2023-07-11T10:39:49+00:00\",\"breadcrumb\":{\"@id\":\"https:\\\/\\\/9staedte.de\\\/en\\\/wolfenbuttel\\\/veranstaltungen-in-wolfenbuettel\\\/#breadcrumb\"},\"inLanguage\":\"en-US\",\"potentialAction\":[{\"@type\":\"ReadAction\",\"target\":[\"https:\\\/\\\/9staedte.de\\\/en\\\/wolfenbuttel\\\/veranstaltungen-in-wolfenbuettel\\\/\"]}]},{\"@type\":\"ImageObject\",\"inLanguage\":\"en-US\",\"@id\":\"https:\\\/\\\/9staedte.de\\\/en\\\/wolfenbuttel\\\/veranstaltungen-in-wolfenbuettel\\\/#primaryimage\",\"url\":\"https:\\\/\\\/9staedte.de\\\/wp-content\\\/uploads\\\/2023\\\/07\\\/Wolfenbuettel-Kulturnacht-Foto-Uwe-Doehner-Missling-Rechte-Stadt-WF.jpg\",\"contentUrl\":\"https:\\\/\\\/9staedte.de\\\/wp-content\\\/uploads\\\/2023\\\/07\\\/Wolfenbuettel-Kulturnacht-Foto-Uwe-Doehner-Missling-Rechte-Stadt-WF.jpg\",\"width\":1019,\"height\":561,\"caption\":\"Wolfenb\u00fcttel Kulturnacht Foto Uwe D\u00f6hner-Mi\u00dfling, Rechte Stadt WF\"},{\"@type\":\"BreadcrumbList\",\"@id\":\"https:\\\/\\\/9staedte.de\\\/en\\\/wolfenbuttel\\\/veranstaltungen-in-wolfenbuettel\\\/#breadcrumb\",\"itemListElement\":[{\"@type\":\"ListItem\",\"position\":1,\"name\":\"Startseite\",\"item\":\"https:\\\/\\\/9staedte.de\\\/en\\\/\"},{\"@type\":\"ListItem\",\"position\":2,\"name\":\"Wolfenb\u00fcttel &#8211; Die Lessingstadt\",\"item\":\"https:\\\/\\\/9staedte.de\\\/en\\\/wolfenbuettel-lessingstadt\\\/\"},{\"@type\":\"ListItem\",\"position\":3,\"name\":\"Wolfenb\u00fcttel &#8211; Residential City\",\"item\":\"https:\\\/\\\/9staedte.de\\\/en\\\/wolfenbuettel-lessingstadt\\\/wolfenbuttel\\\/\"},{\"@type\":\"ListItem\",\"position\":4,\"name\":\"Events in Wolfenb\u00fcttel\"}]},{\"@type\":\"WebSite\",\"@id\":\"https:\\\/\\\/9staedte.de\\\/en\\\/#website\",\"url\":\"https:\\\/\\\/9staedte.de\\\/en\\\/\",\"name\":\"9 St\u00e4dte in Niedersachsen\",\"description\":\"\",\"publisher\":{\"@id\":\"https:\\\/\\\/9staedte.de\\\/en\\\/#organization\"},\"potentialAction\":[{\"@type\":\"SearchAction\",\"target\":{\"@type\":\"EntryPoint\",\"urlTemplate\":\"https:\\\/\\\/9staedte.de\\\/en\\\/?s={search_term_string}\"},\"query-input\":{\"@type\":\"PropertyValueSpecification\",\"valueRequired\":true,\"valueName\":\"search_term_string\"}}],\"inLanguage\":\"en-US\"},{\"@type\":\"Organization\",\"@id\":\"https:\\\/\\\/9staedte.de\\\/en\\\/#organization\",\"name\":\"9 St\u00e4dte in Niedersachsen\",\"url\":\"https:\\\/\\\/9staedte.de\\\/en\\\/\",\"logo\":{\"@type\":\"ImageObject\",\"inLanguage\":\"en-US\",\"@id\":\"https:\\\/\\\/9staedte.de\\\/en\\\/#\\\/schema\\\/logo\\\/image\\\/\",\"url\":\"https:\\\/\\\/9staedte.de\\\/wp-content\\\/uploads\\\/2025\\\/01\\\/9-neg-deutsch-2-1.png\",\"contentUrl\":\"https:\\\/\\\/9staedte.de\\\/wp-content\\\/uploads\\\/2025\\\/01\\\/9-neg-deutsch-2-1.png\",\"width\":190,\"height\":114,\"caption\":\"9 St\u00e4dte in Niedersachsen\"},\"image\":{\"@id\":\"https:\\\/\\\/9staedte.de\\\/en\\\/#\\\/schema\\\/logo\\\/image\\\/\"}}]}<\/script>\n<!-- \/ Yoast SEO plugin. -->","yoast_head_json":{"title":"Events in Wolfenb\u00fcttel - 9 St\u00e4dte in Niedersachsen","robots":{"index":"index","follow":"follow","max-snippet":"max-snippet:-1","max-image-preview":"max-image-preview:large","max-video-preview":"max-video-preview:-1"},"canonical":"https:\/\/9staedte.de\/en\/wolfenbuttel\/veranstaltungen-in-wolfenbuettel\/","og_locale":"en_US","og_type":"article","og_title":"Events in Wolfenb\u00fcttel - 9 St\u00e4dte in Niedersachsen","og_url":"https:\/\/9staedte.de\/en\/wolfenbuttel\/veranstaltungen-in-wolfenbuettel\/","og_site_name":"9 St\u00e4dte in Niedersachsen","article_modified_time":"2023-07-11T10:39:49+00:00","og_image":[{"width":1019,"height":561,"url":"https:\/\/9staedte.de\/wp-content\/uploads\/2023\/07\/Wolfenbuettel-Kulturnacht-Foto-Uwe-Doehner-Missling-Rechte-Stadt-WF.jpg","type":"image\/jpeg"}],"twitter_card":"summary_large_image","schema":{"@context":"https:\/\/schema.org","@graph":[{"@type":"WebPage","@id":"https:\/\/9staedte.de\/en\/wolfenbuttel\/veranstaltungen-in-wolfenbuettel\/","url":"https:\/\/9staedte.de\/en\/wolfenbuttel\/veranstaltungen-in-wolfenbuettel\/","name":"Events in Wolfenb\u00fcttel - 9 St\u00e4dte in Niedersachsen","isPartOf":{"@id":"https:\/\/9staedte.de\/en\/#website"},"primaryImageOfPage":{"@id":"https:\/\/9staedte.de\/en\/wolfenbuttel\/veranstaltungen-in-wolfenbuettel\/#primaryimage"},"image":{"@id":"https:\/\/9staedte.de\/en\/wolfenbuttel\/veranstaltungen-in-wolfenbuettel\/#primaryimage"},"thumbnailUrl":"https:\/\/9staedte.de\/wp-content\/uploads\/2023\/07\/Wolfenbuettel-Kulturnacht-Foto-Uwe-Doehner-Missling-Rechte-Stadt-WF.jpg","datePublished":"2023-07-11T07:52:37+00:00","dateModified":"2023-07-11T10:39:49+00:00","breadcrumb":{"@id":"https:\/\/9staedte.de\/en\/wolfenbuttel\/veranstaltungen-in-wolfenbuettel\/#breadcrumb"},"inLanguage":"en-US","potentialAction":[{"@type":"ReadAction","target":["https:\/\/9staedte.de\/en\/wolfenbuttel\/veranstaltungen-in-wolfenbuettel\/"]}]},{"@type":"ImageObject","inLanguage":"en-US","@id":"https:\/\/9staedte.de\/en\/wolfenbuttel\/veranstaltungen-in-wolfenbuettel\/#primaryimage","url":"https:\/\/9staedte.de\/wp-content\/uploads\/2023\/07\/Wolfenbuettel-Kulturnacht-Foto-Uwe-Doehner-Missling-Rechte-Stadt-WF.jpg","contentUrl":"https:\/\/9staedte.de\/wp-content\/uploads\/2023\/07\/Wolfenbuettel-Kulturnacht-Foto-Uwe-Doehner-Missling-Rechte-Stadt-WF.jpg","width":1019,"height":561,"caption":"Wolfenb\u00fcttel Kulturnacht Foto Uwe D\u00f6hner-Mi\u00dfling, Rechte Stadt WF"},{"@type":"BreadcrumbList","@id":"https:\/\/9staedte.de\/en\/wolfenbuttel\/veranstaltungen-in-wolfenbuettel\/#breadcrumb","itemListElement":[{"@type":"ListItem","position":1,"name":"Startseite","item":"https:\/\/9staedte.de\/en\/"},{"@type":"ListItem","position":2,"name":"Wolfenb\u00fcttel &#8211; Die Lessingstadt","item":"https:\/\/9staedte.de\/en\/wolfenbuettel-lessingstadt\/"},{"@type":"ListItem","position":3,"name":"Wolfenb\u00fcttel &#8211; Residential City","item":"https:\/\/9staedte.de\/en\/wolfenbuettel-lessingstadt\/wolfenbuttel\/"},{"@type":"ListItem","position":4,"name":"Events in Wolfenb\u00fcttel"}]},{"@type":"WebSite","@id":"https:\/\/9staedte.de\/en\/#website","url":"https:\/\/9staedte.de\/en\/","name":"9 St\u00e4dte in Niedersachsen","description":"","publisher":{"@id":"https:\/\/9staedte.de\/en\/#organization"},"potentialAction":[{"@type":"SearchAction","target":{"@type":"EntryPoint","urlTemplate":"https:\/\/9staedte.de\/en\/?s={search_term_string}"},"query-input":{"@type":"PropertyValueSpecification","valueRequired":true,"valueName":"search_term_string"}}],"inLanguage":"en-US"},{"@type":"Organization","@id":"https:\/\/9staedte.de\/en\/#organization","name":"9 St\u00e4dte in Niedersachsen","url":"https:\/\/9staedte.de\/en\/","logo":{"@type":"ImageObject","inLanguage":"en-US","@id":"https:\/\/9staedte.de\/en\/#\/schema\/logo\/image\/","url":"https:\/\/9staedte.de\/wp-content\/uploads\/2025\/01\/9-neg-deutsch-2-1.png","contentUrl":"https:\/\/9staedte.de\/wp-content\/uploads\/2025\/01\/9-neg-deutsch-2-1.png","width":190,"height":114,"caption":"9 St\u00e4dte in Niedersachsen"},"image":{"@id":"https:\/\/9staedte.de\/en\/#\/schema\/logo\/image\/"}}]}},"_links":{"self":[{"href":"https:\/\/9staedte.de\/en\/wp-json\/wp\/v2\/pages\/7804","targetHints":{"allow":["GET"]}}],"collection":[{"href":"https:\/\/9staedte.de\/en\/wp-json\/wp\/v2\/pages"}],"about":[{"href":"https:\/\/9staedte.de\/en\/wp-json\/wp\/v2\/types\/page"}],"author":[{"embeddable":true,"href":"https:\/\/9staedte.de\/en\/wp-json\/wp\/v2\/users\/6"}],"replies":[{"embeddable":true,"href":"https:\/\/9staedte.de\/en\/wp-json\/wp\/v2\/comments?post=7804"}],"version-history":[{"count":1,"href":"https:\/\/9staedte.de\/en\/wp-json\/wp\/v2\/pages\/7804\/revisions"}],"predecessor-version":[{"id":7805,"href":"https:\/\/9staedte.de\/en\/wp-json\/wp\/v2\/pages\/7804\/revisions\/7805"}],"up":[{"embeddable":true,"href":"https:\/\/9staedte.de\/en\/wp-json\/wp\/v2\/pages\/1466"}],"wp:featuredmedia":[{"embeddable":true,"href":"https:\/\/9staedte.de\/en\/wp-json\/wp\/v2\/media\/7868"}],"wp:attachment":[{"href":"https:\/\/9staedte.de\/en\/wp-json\/wp\/v2\/media?parent=7804"}],"wp:term":[{"taxonomy":"category","embeddable":true,"href":"https:\/\/9staedte.de\/en\/wp-json\/wp\/v2\/categories?post=7804"},{"taxonomy":"post_tag","embeddable":true,"href":"https:\/\/9staedte.de\/en\/wp-json\/wp\/v2\/tags?post=7804"},{"taxonomy":"ncap_cities_tax","embeddable":true,"href":"https:\/\/9staedte.de\/en\/wp-json\/wp\/v2\/ncap_cities_tax?post=7804"}],"curies":[{"name":"wp","href":"https:\/\/api.w.org\/{rel}","templated":true}]}}