{"id":7017,"date":"2023-07-04T14:28:52","date_gmt":"2023-07-04T12:28:52","guid":{"rendered":"https:\/\/9staedte.de\/einbeck-nachhaltig-erleben\/"},"modified":"2024-03-21T15:55:16","modified_gmt":"2024-03-21T14:55:16","slug":"einbeck-nachhaltig-erleben","status":"publish","type":"page","link":"https:\/\/9staedte.de\/en\/einbeck-vintages-cars-half-timbered-houses-beer\/einbeck-nachhaltig-erleben\/","title":{"rendered":"Einbeck &#8211; Nature and Sustainability Einbeck"},"content":{"rendered":"\n<h2 class=\"wp-block-heading\">Discover Einbeck sustainable<\/h2>\n\n\n\n<p><\/p>\n\n\n\n<p>In der ehemaligen Hansestadt gibt es pr\u00e4chtig verzierte, historische Fachwerkh\u00e4user, das leckere Einbecker Bockbier und Europas gr\u00f6\u00dfte Oldtimer-Sammlung im PS.SPEICHER. Auch mit Erholung im Gr\u00fcnen kann Einbeck und seine 46 Ortschaften punkten: Spazierg\u00e4nge durch die Stadt, entlang an der historischen Stadtmauer, Entspannung an den Wallanlagen, Wandern in der \u201eHube\u201c, dem Einbecker Stadtwald oder Fahrradfahren von Burg zu Burg. Vielf\u00e4ltige regionale Produkte, wie der Einbecker Send sind hier zu Hause. W\u00e4hrend einer Kanutour auf der Leine und Ilme k\u00f6nnen die Stadtgebiete von Einbeck direkt vom Wasser aus erkundet werden und an der nahegelegenen Northeimer Seenplatte gibt es ein gro\u00dfes Angebot zum Tretbootfahren, Segeln, Stand-Up-paddeln und Schwimmen.<\/p>\n\n\n\n\n<div class=\"banner-wrapper\">\n  <div class=\"banner-inner \">\n      <div class=\"img-container\">\n      <div class=\"img-wrapper\">\n        <img decoding=\"async\" src=\"https:\/\/9staedte.de\/wp-content\/smush-webp\/2023\/07\/Rad-Leinepolder-\u00a9mehle-hundertmark-Fotografie.jpg.webp\" alt=\"A man and a woman sit on a bench by a path. They wear jackets. Two bicycles stand next to the bench. The man points into the distance. In front of them are green fields and hills.\" \/>\n                  <div class=\"thumbnail-label\">\n            <span>Foto: Michaela Hundertmark, Michael Mehle<\/span>\n          <\/div>\n              <\/div>\n    <\/div>\n        <div class=\"text-container\">\n      <div class=\"content\">\n        <h2>Experience Einbeck sustainably: 9 tips<\/h2>\n<ol>\n<li><a href=\"https:\/\/www.einbeck-tourismus.de\/freizeit-und-sport\">Get active<\/a>: there are many different hiking and cycling trails, parks and forests in Einbeck and the surrounding area<\/li>\n<li>Regional delicacies are available every Wednesday and Saturday at the weekly market in the old town.<\/li>\n<li><a href=\"https:\/\/www.einbeck-tourismus.de\/einbecker-senfmuehle\">Einbeck mustard<\/a>: organic, regional and cold-ground &#8211; the hottest in the north<\/li>\n<li>Einbeck beer &#8211; beer enjoyment directly from Einbeck<\/li>\n<li><a href=\"https:\/\/www.einbeck-tourismus.de\/unsere-46-ortschaften\">The 46 Einbeck districts<\/a>: Einbeck&#8217;s diverse and unique neighbourhoods are perfect for an excursion and absolutely worth a visit<\/li>\n<li><a href=\"https:\/\/www.einbeck-tourismus.de\/wohnmobilstellplatz\">Campervan site<\/a>: central location with perfect opportunities for activities in the countryside or in the city<\/li>\n<li><a href=\"https:\/\/www.einbeck-tourismus.de\/stadtfuehrungen-und-erlebnisse\/fuehrungen-durch-burgen-und-salinen\">Guided tours of castles and salt works<\/a>: Take a look back into the exciting past at the castles on the outskirts of the city or learn all about the tradition of salt production<\/li>\n<li><a href=\"https:\/\/www.einbeck-tourismus.de\/fachwerk-meets-graffiti\">Einbeck Street Art Mile<\/a>: The largest open-air gallery in southern Lower Saxony<\/li>\n<li><a href=\"https:\/\/einbeck-erleben.de\/regional-zehner\">Einbecker 10er<\/a>: Use your own regional currency to shop in local shops and boost local purchasing power<\/li>\n<\/ol>\n      <\/div>\n    <\/div>\n    <\/div>\n<\/div>\n\n","protected":false},"excerpt":{"rendered":"<p>Discover Einbeck sustainable In der ehemaligen Hansestadt gibt es pr\u00e4chtig verzierte, historische Fachwerkh\u00e4user, das leckere Einbecker Bockbier und Europas gr\u00f6\u00dfte Oldtimer-Sammlung im PS.SPEICHER. Auch mit Erholung im Gr\u00fcnen kann Einbeck und seine 46 Ortschaften punkten: Spazierg\u00e4nge durch die Stadt, entlang an der historischen Stadtmauer, Entspannung an den Wallanlagen, Wandern in der \u201eHube\u201c, dem Einbecker Stadtwald [&hellip;]<\/p>\n","protected":false},"author":6,"featured_media":5167,"parent":142,"menu_order":0,"comment_status":"closed","ping_status":"closed","template":"pagetemplates\/template-stadtthema.php","meta":{"_acf_changed":false,"footnotes":""},"categories":[],"tags":[],"ncap_cities_tax":[474,1111],"class_list":["post-7017","page","type-page","status-publish","has-post-thumbnail","hentry","ncap_cities_tax-einbeck-en","ncap_cities_tax-naturerlebnisse-und-nachhaltigkeit-einbeck-en"],"acf":[],"yoast_head":"<!-- This site is optimized with the Yoast SEO plugin v27.4 - https:\/\/yoast.com\/product\/yoast-seo-wordpress\/ -->\n<title>Einbeck - Nature and Sustainability Einbeck - 9 St\u00e4dte in Niedersachsen<\/title>\n<meta name=\"robots\" content=\"index, follow, max-snippet:-1, max-image-preview:large, max-video-preview:-1\" \/>\n<link rel=\"canonical\" href=\"https:\/\/9staedte.de\/en\/einbeck-vintages-cars-half-timbered-houses-beer\/einbeck-nachhaltig-erleben\/\" \/>\n<meta property=\"og:locale\" content=\"en_US\" \/>\n<meta property=\"og:type\" content=\"article\" \/>\n<meta property=\"og:title\" content=\"Einbeck - Nature and Sustainability Einbeck - 9 St\u00e4dte in Niedersachsen\" \/>\n<meta property=\"og:description\" content=\"Discover Einbeck sustainable In der ehemaligen Hansestadt gibt es pr\u00e4chtig verzierte, historische Fachwerkh\u00e4user, das leckere Einbecker Bockbier und Europas gr\u00f6\u00dfte Oldtimer-Sammlung im PS.SPEICHER. Auch mit Erholung im Gr\u00fcnen kann Einbeck und seine 46 Ortschaften punkten: Spazierg\u00e4nge durch die Stadt, entlang an der historischen Stadtmauer, Entspannung an den Wallanlagen, Wandern in der \u201eHube\u201c, dem Einbecker Stadtwald [&hellip;]\" \/>\n<meta property=\"og:url\" content=\"https:\/\/9staedte.de\/en\/einbeck-vintages-cars-half-timbered-houses-beer\/einbeck-nachhaltig-erleben\/\" \/>\n<meta property=\"og:site_name\" content=\"9 St\u00e4dte in Niedersachsen\" \/>\n<meta property=\"article:modified_time\" content=\"2024-03-21T14:55:16+00:00\" \/>\n<meta property=\"og:image\" content=\"https:\/\/9staedte.de\/wp-content\/uploads\/2023\/05\/Blick-auf-St.-Alexandri-Einbeck-CC0.jpg\" \/>\n\t<meta property=\"og:image:width\" content=\"1020\" \/>\n\t<meta property=\"og:image:height\" content=\"559\" \/>\n\t<meta property=\"og:image:type\" content=\"image\/jpeg\" \/>\n<meta name=\"twitter:card\" content=\"summary_large_image\" \/>\n<meta name=\"twitter:label1\" content=\"Est. reading time\" \/>\n\t<meta name=\"twitter:data1\" content=\"1 minute\" \/>\n<script type=\"application\/ld+json\" class=\"yoast-schema-graph\">{\"@context\":\"https:\\\/\\\/schema.org\",\"@graph\":[{\"@type\":\"WebPage\",\"@id\":\"https:\\\/\\\/9staedte.de\\\/en\\\/einbeck-vintages-cars-half-timbered-houses-beer\\\/einbeck-nachhaltig-erleben\\\/\",\"url\":\"https:\\\/\\\/9staedte.de\\\/en\\\/einbeck-vintages-cars-half-timbered-houses-beer\\\/einbeck-nachhaltig-erleben\\\/\",\"name\":\"Einbeck - Nature and Sustainability Einbeck - 9 St\u00e4dte in Niedersachsen\",\"isPartOf\":{\"@id\":\"https:\\\/\\\/9staedte.de\\\/en\\\/#website\"},\"primaryImageOfPage\":{\"@id\":\"https:\\\/\\\/9staedte.de\\\/en\\\/einbeck-vintages-cars-half-timbered-houses-beer\\\/einbeck-nachhaltig-erleben\\\/#primaryimage\"},\"image\":{\"@id\":\"https:\\\/\\\/9staedte.de\\\/en\\\/einbeck-vintages-cars-half-timbered-houses-beer\\\/einbeck-nachhaltig-erleben\\\/#primaryimage\"},\"thumbnailUrl\":\"https:\\\/\\\/9staedte.de\\\/wp-content\\\/uploads\\\/2023\\\/05\\\/Blick-auf-St.-Alexandri-Einbeck-CC0.jpg\",\"datePublished\":\"2023-07-04T12:28:52+00:00\",\"dateModified\":\"2024-03-21T14:55:16+00:00\",\"breadcrumb\":{\"@id\":\"https:\\\/\\\/9staedte.de\\\/en\\\/einbeck-vintages-cars-half-timbered-houses-beer\\\/einbeck-nachhaltig-erleben\\\/#breadcrumb\"},\"inLanguage\":\"en-US\",\"potentialAction\":[{\"@type\":\"ReadAction\",\"target\":[\"https:\\\/\\\/9staedte.de\\\/en\\\/einbeck-vintages-cars-half-timbered-houses-beer\\\/einbeck-nachhaltig-erleben\\\/\"]}]},{\"@type\":\"ImageObject\",\"inLanguage\":\"en-US\",\"@id\":\"https:\\\/\\\/9staedte.de\\\/en\\\/einbeck-vintages-cars-half-timbered-houses-beer\\\/einbeck-nachhaltig-erleben\\\/#primaryimage\",\"url\":\"https:\\\/\\\/9staedte.de\\\/wp-content\\\/uploads\\\/2023\\\/05\\\/Blick-auf-St.-Alexandri-Einbeck-CC0.jpg\",\"contentUrl\":\"https:\\\/\\\/9staedte.de\\\/wp-content\\\/uploads\\\/2023\\\/05\\\/Blick-auf-St.-Alexandri-Einbeck-CC0.jpg\",\"width\":1020,\"height\":559,\"caption\":\"Blick auf St. Alexandri Einbeck cc0\"},{\"@type\":\"BreadcrumbList\",\"@id\":\"https:\\\/\\\/9staedte.de\\\/en\\\/einbeck-vintages-cars-half-timbered-houses-beer\\\/einbeck-nachhaltig-erleben\\\/#breadcrumb\",\"itemListElement\":[{\"@type\":\"ListItem\",\"position\":1,\"name\":\"Startseite\",\"item\":\"https:\\\/\\\/9staedte.de\\\/en\\\/\"},{\"@type\":\"ListItem\",\"position\":2,\"name\":\"Einbeck &#8211; Vintage cars, half timbered houses and beer\",\"item\":\"https:\\\/\\\/9staedte.de\\\/en\\\/einbeck-vintages-cars-half-timbered-houses-beer\\\/\"},{\"@type\":\"ListItem\",\"position\":3,\"name\":\"Einbeck &#8211; Nature and Sustainability Einbeck\"}]},{\"@type\":\"WebSite\",\"@id\":\"https:\\\/\\\/9staedte.de\\\/en\\\/#website\",\"url\":\"https:\\\/\\\/9staedte.de\\\/en\\\/\",\"name\":\"9 St\u00e4dte in Niedersachsen\",\"description\":\"\",\"publisher\":{\"@id\":\"https:\\\/\\\/9staedte.de\\\/en\\\/#organization\"},\"potentialAction\":[{\"@type\":\"SearchAction\",\"target\":{\"@type\":\"EntryPoint\",\"urlTemplate\":\"https:\\\/\\\/9staedte.de\\\/en\\\/?s={search_term_string}\"},\"query-input\":{\"@type\":\"PropertyValueSpecification\",\"valueRequired\":true,\"valueName\":\"search_term_string\"}}],\"inLanguage\":\"en-US\"},{\"@type\":\"Organization\",\"@id\":\"https:\\\/\\\/9staedte.de\\\/en\\\/#organization\",\"name\":\"9 St\u00e4dte in Niedersachsen\",\"url\":\"https:\\\/\\\/9staedte.de\\\/en\\\/\",\"logo\":{\"@type\":\"ImageObject\",\"inLanguage\":\"en-US\",\"@id\":\"https:\\\/\\\/9staedte.de\\\/en\\\/#\\\/schema\\\/logo\\\/image\\\/\",\"url\":\"https:\\\/\\\/9staedte.de\\\/wp-content\\\/uploads\\\/2025\\\/01\\\/9-neg-deutsch-2-1.png\",\"contentUrl\":\"https:\\\/\\\/9staedte.de\\\/wp-content\\\/uploads\\\/2025\\\/01\\\/9-neg-deutsch-2-1.png\",\"width\":190,\"height\":114,\"caption\":\"9 St\u00e4dte in Niedersachsen\"},\"image\":{\"@id\":\"https:\\\/\\\/9staedte.de\\\/en\\\/#\\\/schema\\\/logo\\\/image\\\/\"}}]}<\/script>\n<!-- \/ Yoast SEO plugin. -->","yoast_head_json":{"title":"Einbeck - Nature and Sustainability Einbeck - 9 St\u00e4dte in Niedersachsen","robots":{"index":"index","follow":"follow","max-snippet":"max-snippet:-1","max-image-preview":"max-image-preview:large","max-video-preview":"max-video-preview:-1"},"canonical":"https:\/\/9staedte.de\/en\/einbeck-vintages-cars-half-timbered-houses-beer\/einbeck-nachhaltig-erleben\/","og_locale":"en_US","og_type":"article","og_title":"Einbeck - Nature and Sustainability Einbeck - 9 St\u00e4dte in Niedersachsen","og_description":"Discover Einbeck sustainable In der ehemaligen Hansestadt gibt es pr\u00e4chtig verzierte, historische Fachwerkh\u00e4user, das leckere Einbecker Bockbier und Europas gr\u00f6\u00dfte Oldtimer-Sammlung im PS.SPEICHER. Auch mit Erholung im Gr\u00fcnen kann Einbeck und seine 46 Ortschaften punkten: Spazierg\u00e4nge durch die Stadt, entlang an der historischen Stadtmauer, Entspannung an den Wallanlagen, Wandern in der \u201eHube\u201c, dem Einbecker Stadtwald [&hellip;]","og_url":"https:\/\/9staedte.de\/en\/einbeck-vintages-cars-half-timbered-houses-beer\/einbeck-nachhaltig-erleben\/","og_site_name":"9 St\u00e4dte in Niedersachsen","article_modified_time":"2024-03-21T14:55:16+00:00","og_image":[{"width":1020,"height":559,"url":"https:\/\/9staedte.de\/wp-content\/uploads\/2023\/05\/Blick-auf-St.-Alexandri-Einbeck-CC0.jpg","type":"image\/jpeg"}],"twitter_card":"summary_large_image","twitter_misc":{"Est. reading time":"1 minute"},"schema":{"@context":"https:\/\/schema.org","@graph":[{"@type":"WebPage","@id":"https:\/\/9staedte.de\/en\/einbeck-vintages-cars-half-timbered-houses-beer\/einbeck-nachhaltig-erleben\/","url":"https:\/\/9staedte.de\/en\/einbeck-vintages-cars-half-timbered-houses-beer\/einbeck-nachhaltig-erleben\/","name":"Einbeck - Nature and Sustainability Einbeck - 9 St\u00e4dte in Niedersachsen","isPartOf":{"@id":"https:\/\/9staedte.de\/en\/#website"},"primaryImageOfPage":{"@id":"https:\/\/9staedte.de\/en\/einbeck-vintages-cars-half-timbered-houses-beer\/einbeck-nachhaltig-erleben\/#primaryimage"},"image":{"@id":"https:\/\/9staedte.de\/en\/einbeck-vintages-cars-half-timbered-houses-beer\/einbeck-nachhaltig-erleben\/#primaryimage"},"thumbnailUrl":"https:\/\/9staedte.de\/wp-content\/uploads\/2023\/05\/Blick-auf-St.-Alexandri-Einbeck-CC0.jpg","datePublished":"2023-07-04T12:28:52+00:00","dateModified":"2024-03-21T14:55:16+00:00","breadcrumb":{"@id":"https:\/\/9staedte.de\/en\/einbeck-vintages-cars-half-timbered-houses-beer\/einbeck-nachhaltig-erleben\/#breadcrumb"},"inLanguage":"en-US","potentialAction":[{"@type":"ReadAction","target":["https:\/\/9staedte.de\/en\/einbeck-vintages-cars-half-timbered-houses-beer\/einbeck-nachhaltig-erleben\/"]}]},{"@type":"ImageObject","inLanguage":"en-US","@id":"https:\/\/9staedte.de\/en\/einbeck-vintages-cars-half-timbered-houses-beer\/einbeck-nachhaltig-erleben\/#primaryimage","url":"https:\/\/9staedte.de\/wp-content\/uploads\/2023\/05\/Blick-auf-St.-Alexandri-Einbeck-CC0.jpg","contentUrl":"https:\/\/9staedte.de\/wp-content\/uploads\/2023\/05\/Blick-auf-St.-Alexandri-Einbeck-CC0.jpg","width":1020,"height":559,"caption":"Blick auf St. Alexandri Einbeck cc0"},{"@type":"BreadcrumbList","@id":"https:\/\/9staedte.de\/en\/einbeck-vintages-cars-half-timbered-houses-beer\/einbeck-nachhaltig-erleben\/#breadcrumb","itemListElement":[{"@type":"ListItem","position":1,"name":"Startseite","item":"https:\/\/9staedte.de\/en\/"},{"@type":"ListItem","position":2,"name":"Einbeck &#8211; Vintage cars, half timbered houses and beer","item":"https:\/\/9staedte.de\/en\/einbeck-vintages-cars-half-timbered-houses-beer\/"},{"@type":"ListItem","position":3,"name":"Einbeck &#8211; Nature and Sustainability Einbeck"}]},{"@type":"WebSite","@id":"https:\/\/9staedte.de\/en\/#website","url":"https:\/\/9staedte.de\/en\/","name":"9 St\u00e4dte in Niedersachsen","description":"","publisher":{"@id":"https:\/\/9staedte.de\/en\/#organization"},"potentialAction":[{"@type":"SearchAction","target":{"@type":"EntryPoint","urlTemplate":"https:\/\/9staedte.de\/en\/?s={search_term_string}"},"query-input":{"@type":"PropertyValueSpecification","valueRequired":true,"valueName":"search_term_string"}}],"inLanguage":"en-US"},{"@type":"Organization","@id":"https:\/\/9staedte.de\/en\/#organization","name":"9 St\u00e4dte in Niedersachsen","url":"https:\/\/9staedte.de\/en\/","logo":{"@type":"ImageObject","inLanguage":"en-US","@id":"https:\/\/9staedte.de\/en\/#\/schema\/logo\/image\/","url":"https:\/\/9staedte.de\/wp-content\/uploads\/2025\/01\/9-neg-deutsch-2-1.png","contentUrl":"https:\/\/9staedte.de\/wp-content\/uploads\/2025\/01\/9-neg-deutsch-2-1.png","width":190,"height":114,"caption":"9 St\u00e4dte in Niedersachsen"},"image":{"@id":"https:\/\/9staedte.de\/en\/#\/schema\/logo\/image\/"}}]}},"_links":{"self":[{"href":"https:\/\/9staedte.de\/en\/wp-json\/wp\/v2\/pages\/7017","targetHints":{"allow":["GET"]}}],"collection":[{"href":"https:\/\/9staedte.de\/en\/wp-json\/wp\/v2\/pages"}],"about":[{"href":"https:\/\/9staedte.de\/en\/wp-json\/wp\/v2\/types\/page"}],"author":[{"embeddable":true,"href":"https:\/\/9staedte.de\/en\/wp-json\/wp\/v2\/users\/6"}],"replies":[{"embeddable":true,"href":"https:\/\/9staedte.de\/en\/wp-json\/wp\/v2\/comments?post=7017"}],"version-history":[{"count":5,"href":"https:\/\/9staedte.de\/en\/wp-json\/wp\/v2\/pages\/7017\/revisions"}],"predecessor-version":[{"id":21508,"href":"https:\/\/9staedte.de\/en\/wp-json\/wp\/v2\/pages\/7017\/revisions\/21508"}],"up":[{"embeddable":true,"href":"https:\/\/9staedte.de\/en\/wp-json\/wp\/v2\/pages\/142"}],"wp:featuredmedia":[{"embeddable":true,"href":"https:\/\/9staedte.de\/en\/wp-json\/wp\/v2\/media\/5167"}],"wp:attachment":[{"href":"https:\/\/9staedte.de\/en\/wp-json\/wp\/v2\/media?parent=7017"}],"wp:term":[{"taxonomy":"category","embeddable":true,"href":"https:\/\/9staedte.de\/en\/wp-json\/wp\/v2\/categories?post=7017"},{"taxonomy":"post_tag","embeddable":true,"href":"https:\/\/9staedte.de\/en\/wp-json\/wp\/v2\/tags?post=7017"},{"taxonomy":"ncap_cities_tax","embeddable":true,"href":"https:\/\/9staedte.de\/en\/wp-json\/wp\/v2\/ncap_cities_tax?post=7017"}],"curies":[{"name":"wp","href":"https:\/\/api.w.org\/{rel}","templated":true}]}}