{"id":6921,"date":"2023-07-03T14:39:28","date_gmt":"2023-07-03T12:39:28","guid":{"rendered":"https:\/\/9staedte.de\/tipps-fuer-ihre-tagung-in-wolfenbuettel\/"},"modified":"2023-07-03T15:17:04","modified_gmt":"2023-07-03T13:17:04","slug":"tipps-fuer-ihre-tagung-in-wolfenbuettel","status":"publish","type":"page","link":"https:\/\/9staedte.de\/en\/tipps-fuer-ihre-tagung-in-wolfenbuettel\/","title":{"rendered":"Tips for your meeting in Wolfenb\u00fcttel"},"content":{"rendered":"\n<p><\/p>\n\n\n\n<ul class=\"wp-block-list\">\n<li><strong>Meeting at Wolfenb\u00fcttel Castle<\/strong><br>Hold your conference at the second largest castle in Lower Saxony and reside like the Guelph dukes once did. We offer you historical rooms as well as suitable and unforgettable social programs in the immediate center of Wolfenb\u00fcttel.<\/li>\n\n\n\n<li><strong>Congresses in the Lindenhalle Wolfenb\u00fcttel<\/strong><br>The top address for conferences and congresses in a classic but modern style. As the largest event center in Wolfenb\u00fcttel, the Lindenhalle offers you a high degree of flexibility, state-of-the-art equipment and a suitable infrastructure.<\/li>\n\n\n\n<li><strong>Nature and modernity at the Jugendg\u00e4stehaus Wolfenb\u00fcttel<\/strong><br>The Jugendg\u00e4stehaus Wolfenb\u00fcttel is located in the center of the city of Wolfenb\u00fcttel and offers, in addition to various meeting rooms and overnight accommodations, direct access to our city park, the Seeligerpark, here there is plenty of space for outdoor activities, lively discussions and good decisions.<\/li>\n\n\n\n<li><strong>Kommisse \u2026 extraordinary meetings in a historical setting<\/strong><br>The Kommisse Wolfenb\u00fcttel is an old traditional building in the city center of Wolfenb\u00fcttel. Built as a mill, it was put in the service of the Guelph dukes and since then has served as a sales warehouse as well as a gambling and wedding house. Today, the faithfully restored rooms offer a perfect opportunity to turn any event into a highlight.<\/li>\n\n\n\n<li><strong>Individual supporting programs<\/strong><br>Together with our tourist information, we will gladly arrange a suitable supporting program for your conference or congress. Culinary guided tours through the old town, sports activities as a team-building measure, J\u00e4germeister evening strolls and much more can be arranged individually.<\/li>\n\n\n\n<li><strong>Catering according to your wishes!<\/strong><br>For the supply of your guests we offer you the best possible service. According to your individual wishes we arrange the supply of your guests. Through selected and diverse partners, the catering will contribute to the success of your event.<\/li>\n\n\n\n<li><strong>Packages for every wish<\/strong><br>Our different conference packages offer for every event a good possibility to keep the costs under control but still not to renounce anything. We can also provide you with an individual all-inclusive offer according to your wishes.<\/li>\n\n\n\n<li><strong>Multi-day conferences for every budget<\/strong><br>For events lasting several days, we can assist you with the accommodation of your participants. For price-conscious participants, there are up to 131 beds in modern and functional single to four-bed rooms available in the youth guesthouse. Due to a good network in the region, we can also arrange a 5-star hotel for you.<\/li>\n<\/ul>\n","protected":false},"excerpt":{"rendered":"","protected":false},"author":6,"featured_media":4387,"parent":0,"menu_order":0,"comment_status":"closed","ping_status":"closed","template":"","meta":{"_acf_changed":false,"footnotes":""},"categories":[],"tags":[],"ncap_cities_tax":[467],"class_list":["post-6921","page","type-page","status-publish","has-post-thumbnail","hentry","ncap_cities_tax-wolfenbuettel-en"],"acf":[],"yoast_head":"<!-- This site is optimized with the Yoast SEO plugin v26.8 - https:\/\/yoast.com\/product\/yoast-seo-wordpress\/ -->\n<title>Tips for your meeting in Wolfenb\u00fcttel - 9 St\u00e4dte in Niedersachsen<\/title>\n<meta name=\"robots\" content=\"index, follow, max-snippet:-1, max-image-preview:large, max-video-preview:-1\" \/>\n<link rel=\"canonical\" href=\"https:\/\/9staedte.de\/en\/tipps-fuer-ihre-tagung-in-wolfenbuettel\/\" \/>\n<meta property=\"og:locale\" content=\"en_US\" \/>\n<meta property=\"og:type\" content=\"article\" \/>\n<meta property=\"og:title\" content=\"Tips for your meeting in Wolfenb\u00fcttel - 9 St\u00e4dte in Niedersachsen\" \/>\n<meta property=\"og:url\" content=\"https:\/\/9staedte.de\/en\/tipps-fuer-ihre-tagung-in-wolfenbuettel\/\" \/>\n<meta property=\"og:site_name\" content=\"9 St\u00e4dte in Niedersachsen\" \/>\n<meta property=\"article:modified_time\" content=\"2023-07-03T13:17:04+00:00\" \/>\n<meta property=\"og:image\" content=\"https:\/\/9staedte.de\/wp-content\/uploads\/2023\/03\/Lindenhalle-c-Susanne-Huebner.jpg\" \/>\n\t<meta property=\"og:image:width\" content=\"1019\" \/>\n\t<meta property=\"og:image:height\" content=\"558\" \/>\n\t<meta property=\"og:image:type\" content=\"image\/jpeg\" \/>\n<meta name=\"twitter:card\" content=\"summary_large_image\" \/>\n<meta name=\"twitter:label1\" content=\"Est. reading time\" \/>\n\t<meta name=\"twitter:data1\" content=\"2 minutes\" \/>\n<script type=\"application\/ld+json\" class=\"yoast-schema-graph\">{\"@context\":\"https:\/\/schema.org\",\"@graph\":[{\"@type\":\"WebPage\",\"@id\":\"https:\/\/9staedte.de\/en\/tipps-fuer-ihre-tagung-in-wolfenbuettel\/\",\"url\":\"https:\/\/9staedte.de\/en\/tipps-fuer-ihre-tagung-in-wolfenbuettel\/\",\"name\":\"Tips for your meeting in Wolfenb\u00fcttel - 9 St\u00e4dte in Niedersachsen\",\"isPartOf\":{\"@id\":\"https:\/\/9staedte.de\/en\/#website\"},\"primaryImageOfPage\":{\"@id\":\"https:\/\/9staedte.de\/en\/tipps-fuer-ihre-tagung-in-wolfenbuettel\/#primaryimage\"},\"image\":{\"@id\":\"https:\/\/9staedte.de\/en\/tipps-fuer-ihre-tagung-in-wolfenbuettel\/#primaryimage\"},\"thumbnailUrl\":\"https:\/\/9staedte.de\/wp-content\/uploads\/2023\/03\/Lindenhalle-c-Susanne-Huebner.jpg\",\"datePublished\":\"2023-07-03T12:39:28+00:00\",\"dateModified\":\"2023-07-03T13:17:04+00:00\",\"breadcrumb\":{\"@id\":\"https:\/\/9staedte.de\/en\/tipps-fuer-ihre-tagung-in-wolfenbuettel\/#breadcrumb\"},\"inLanguage\":\"en-US\",\"potentialAction\":[{\"@type\":\"ReadAction\",\"target\":[\"https:\/\/9staedte.de\/en\/tipps-fuer-ihre-tagung-in-wolfenbuettel\/\"]}]},{\"@type\":\"ImageObject\",\"inLanguage\":\"en-US\",\"@id\":\"https:\/\/9staedte.de\/en\/tipps-fuer-ihre-tagung-in-wolfenbuettel\/#primaryimage\",\"url\":\"https:\/\/9staedte.de\/wp-content\/uploads\/2023\/03\/Lindenhalle-c-Susanne-Huebner.jpg\",\"contentUrl\":\"https:\/\/9staedte.de\/wp-content\/uploads\/2023\/03\/Lindenhalle-c-Susanne-Huebner.jpg\",\"width\":1019,\"height\":558,\"caption\":\"Lindenhalle Wolfenb\u00fcttel (c) Susanne H\u00fcbner\"},{\"@type\":\"BreadcrumbList\",\"@id\":\"https:\/\/9staedte.de\/en\/tipps-fuer-ihre-tagung-in-wolfenbuettel\/#breadcrumb\",\"itemListElement\":[{\"@type\":\"ListItem\",\"position\":1,\"name\":\"Startseite\",\"item\":\"https:\/\/9staedte.de\/en\/\"},{\"@type\":\"ListItem\",\"position\":2,\"name\":\"Tips for your meeting in Wolfenb\u00fcttel\"}]},{\"@type\":\"WebSite\",\"@id\":\"https:\/\/9staedte.de\/en\/#website\",\"url\":\"https:\/\/9staedte.de\/en\/\",\"name\":\"9 St\u00e4dte in Niedersachsen\",\"description\":\"\",\"publisher\":{\"@id\":\"https:\/\/9staedte.de\/en\/#organization\"},\"potentialAction\":[{\"@type\":\"SearchAction\",\"target\":{\"@type\":\"EntryPoint\",\"urlTemplate\":\"https:\/\/9staedte.de\/en\/?s={search_term_string}\"},\"query-input\":{\"@type\":\"PropertyValueSpecification\",\"valueRequired\":true,\"valueName\":\"search_term_string\"}}],\"inLanguage\":\"en-US\"},{\"@type\":\"Organization\",\"@id\":\"https:\/\/9staedte.de\/en\/#organization\",\"name\":\"9 St\u00e4dte in Niedersachsen\",\"url\":\"https:\/\/9staedte.de\/en\/\",\"logo\":{\"@type\":\"ImageObject\",\"inLanguage\":\"en-US\",\"@id\":\"https:\/\/9staedte.de\/en\/#\/schema\/logo\/image\/\",\"url\":\"https:\/\/9staedte.de\/wp-content\/uploads\/2025\/01\/9-neg-deutsch-2-1.png\",\"contentUrl\":\"https:\/\/9staedte.de\/wp-content\/uploads\/2025\/01\/9-neg-deutsch-2-1.png\",\"width\":190,\"height\":114,\"caption\":\"9 St\u00e4dte in Niedersachsen\"},\"image\":{\"@id\":\"https:\/\/9staedte.de\/en\/#\/schema\/logo\/image\/\"}}]}<\/script>\n<!-- \/ Yoast SEO plugin. -->","yoast_head_json":{"title":"Tips for your meeting in Wolfenb\u00fcttel - 9 St\u00e4dte in Niedersachsen","robots":{"index":"index","follow":"follow","max-snippet":"max-snippet:-1","max-image-preview":"max-image-preview:large","max-video-preview":"max-video-preview:-1"},"canonical":"https:\/\/9staedte.de\/en\/tipps-fuer-ihre-tagung-in-wolfenbuettel\/","og_locale":"en_US","og_type":"article","og_title":"Tips for your meeting in Wolfenb\u00fcttel - 9 St\u00e4dte in Niedersachsen","og_url":"https:\/\/9staedte.de\/en\/tipps-fuer-ihre-tagung-in-wolfenbuettel\/","og_site_name":"9 St\u00e4dte in Niedersachsen","article_modified_time":"2023-07-03T13:17:04+00:00","og_image":[{"width":1019,"height":558,"url":"https:\/\/9staedte.de\/wp-content\/uploads\/2023\/03\/Lindenhalle-c-Susanne-Huebner.jpg","type":"image\/jpeg"}],"twitter_card":"summary_large_image","twitter_misc":{"Est. reading time":"2 minutes"},"schema":{"@context":"https:\/\/schema.org","@graph":[{"@type":"WebPage","@id":"https:\/\/9staedte.de\/en\/tipps-fuer-ihre-tagung-in-wolfenbuettel\/","url":"https:\/\/9staedte.de\/en\/tipps-fuer-ihre-tagung-in-wolfenbuettel\/","name":"Tips for your meeting in Wolfenb\u00fcttel - 9 St\u00e4dte in Niedersachsen","isPartOf":{"@id":"https:\/\/9staedte.de\/en\/#website"},"primaryImageOfPage":{"@id":"https:\/\/9staedte.de\/en\/tipps-fuer-ihre-tagung-in-wolfenbuettel\/#primaryimage"},"image":{"@id":"https:\/\/9staedte.de\/en\/tipps-fuer-ihre-tagung-in-wolfenbuettel\/#primaryimage"},"thumbnailUrl":"https:\/\/9staedte.de\/wp-content\/uploads\/2023\/03\/Lindenhalle-c-Susanne-Huebner.jpg","datePublished":"2023-07-03T12:39:28+00:00","dateModified":"2023-07-03T13:17:04+00:00","breadcrumb":{"@id":"https:\/\/9staedte.de\/en\/tipps-fuer-ihre-tagung-in-wolfenbuettel\/#breadcrumb"},"inLanguage":"en-US","potentialAction":[{"@type":"ReadAction","target":["https:\/\/9staedte.de\/en\/tipps-fuer-ihre-tagung-in-wolfenbuettel\/"]}]},{"@type":"ImageObject","inLanguage":"en-US","@id":"https:\/\/9staedte.de\/en\/tipps-fuer-ihre-tagung-in-wolfenbuettel\/#primaryimage","url":"https:\/\/9staedte.de\/wp-content\/uploads\/2023\/03\/Lindenhalle-c-Susanne-Huebner.jpg","contentUrl":"https:\/\/9staedte.de\/wp-content\/uploads\/2023\/03\/Lindenhalle-c-Susanne-Huebner.jpg","width":1019,"height":558,"caption":"Lindenhalle Wolfenb\u00fcttel (c) Susanne H\u00fcbner"},{"@type":"BreadcrumbList","@id":"https:\/\/9staedte.de\/en\/tipps-fuer-ihre-tagung-in-wolfenbuettel\/#breadcrumb","itemListElement":[{"@type":"ListItem","position":1,"name":"Startseite","item":"https:\/\/9staedte.de\/en\/"},{"@type":"ListItem","position":2,"name":"Tips for your meeting in Wolfenb\u00fcttel"}]},{"@type":"WebSite","@id":"https:\/\/9staedte.de\/en\/#website","url":"https:\/\/9staedte.de\/en\/","name":"9 St\u00e4dte in Niedersachsen","description":"","publisher":{"@id":"https:\/\/9staedte.de\/en\/#organization"},"potentialAction":[{"@type":"SearchAction","target":{"@type":"EntryPoint","urlTemplate":"https:\/\/9staedte.de\/en\/?s={search_term_string}"},"query-input":{"@type":"PropertyValueSpecification","valueRequired":true,"valueName":"search_term_string"}}],"inLanguage":"en-US"},{"@type":"Organization","@id":"https:\/\/9staedte.de\/en\/#organization","name":"9 St\u00e4dte in Niedersachsen","url":"https:\/\/9staedte.de\/en\/","logo":{"@type":"ImageObject","inLanguage":"en-US","@id":"https:\/\/9staedte.de\/en\/#\/schema\/logo\/image\/","url":"https:\/\/9staedte.de\/wp-content\/uploads\/2025\/01\/9-neg-deutsch-2-1.png","contentUrl":"https:\/\/9staedte.de\/wp-content\/uploads\/2025\/01\/9-neg-deutsch-2-1.png","width":190,"height":114,"caption":"9 St\u00e4dte in Niedersachsen"},"image":{"@id":"https:\/\/9staedte.de\/en\/#\/schema\/logo\/image\/"}}]}},"_links":{"self":[{"href":"https:\/\/9staedte.de\/en\/wp-json\/wp\/v2\/pages\/6921","targetHints":{"allow":["GET"]}}],"collection":[{"href":"https:\/\/9staedte.de\/en\/wp-json\/wp\/v2\/pages"}],"about":[{"href":"https:\/\/9staedte.de\/en\/wp-json\/wp\/v2\/types\/page"}],"author":[{"embeddable":true,"href":"https:\/\/9staedte.de\/en\/wp-json\/wp\/v2\/users\/6"}],"replies":[{"embeddable":true,"href":"https:\/\/9staedte.de\/en\/wp-json\/wp\/v2\/comments?post=6921"}],"version-history":[{"count":1,"href":"https:\/\/9staedte.de\/en\/wp-json\/wp\/v2\/pages\/6921\/revisions"}],"predecessor-version":[{"id":6922,"href":"https:\/\/9staedte.de\/en\/wp-json\/wp\/v2\/pages\/6921\/revisions\/6922"}],"wp:featuredmedia":[{"embeddable":true,"href":"https:\/\/9staedte.de\/en\/wp-json\/wp\/v2\/media\/4387"}],"wp:attachment":[{"href":"https:\/\/9staedte.de\/en\/wp-json\/wp\/v2\/media?parent=6921"}],"wp:term":[{"taxonomy":"category","embeddable":true,"href":"https:\/\/9staedte.de\/en\/wp-json\/wp\/v2\/categories?post=6921"},{"taxonomy":"post_tag","embeddable":true,"href":"https:\/\/9staedte.de\/en\/wp-json\/wp\/v2\/tags?post=6921"},{"taxonomy":"ncap_cities_tax","embeddable":true,"href":"https:\/\/9staedte.de\/en\/wp-json\/wp\/v2\/ncap_cities_tax?post=6921"}],"curies":[{"name":"wp","href":"https:\/\/api.w.org\/{rel}","templated":true}]}}