{"id":2570,"date":"2022-07-11T12:34:44","date_gmt":"2022-07-11T10:34:44","guid":{"rendered":"https:\/\/9staedte.de\/?page_id=2570"},"modified":"2024-04-15T14:17:47","modified_gmt":"2024-04-15T12:17:47","slug":"guides-and-excursions-in-wolfenbuttel","status":"publish","type":"page","link":"https:\/\/9staedte.de\/en\/wolfenbuttel\/guides-and-excursions-in-wolfenbuttel\/","title":{"rendered":"Guides and excursions in Wolfenb\u00fcttel\ufffc"},"content":{"rendered":"\n<h2 class=\"wp-block-heading\">Competent guides for your programme<\/h2>\n\n\n\n<p>We would be glad to book guides for your Programme in Wolfenb\u00fcttel and excursions for example to the Harz Mountains or the Autostadt in Wolfsburg.<\/p>\n\n\n\n<p><strong>Prices on request<\/strong><\/p>\n\n\n\n<p>Please contact:<\/p>\n\n\n\n<p>Lessingstadt Wolfenb\u00fcttel<br>Tourist-Information<br>L\u00f6wenstra\u00dfe 1<br>38300 Wolfenb\u00fcttel<br>Tel.: +49 (0) 5331\/86280<br>Fax. +49 (0) 5331\/867708<br>E-Mail:\u00a0<a href=\"mailto:touristinfo@wolfenbuettel.de\">touristinfo@wolfenbuettel.de<br><\/a>Internet:\u00a0<a href=\"http:\/\/www.lessingstadt-wolfenbuettel.de\/\">www.lessingstadt-wolfenbuettel.de<\/a><\/p>\n","protected":false},"excerpt":{"rendered":"<p>Competent guides for your programme We would be glad to book guides for your Programme in Wolfenb\u00fcttel and excursions for example to the Harz Mountains or the Autostadt in Wolfsburg. Prices on request Please contact: Lessingstadt Wolfenb\u00fcttelTourist-InformationL\u00f6wenstra\u00dfe 138300 Wolfenb\u00fcttelTel.: +49 (0) 5331\/86280Fax. +49 (0) 5331\/867708E-Mail:\u00a0touristinfo@wolfenbuettel.deInternet:\u00a0www.lessingstadt-wolfenbuettel.de<\/p>\n","protected":false},"author":1,"featured_media":3317,"parent":1466,"menu_order":0,"comment_status":"closed","ping_status":"closed","template":"pagetemplates\/template-stadtthema.php","meta":{"_acf_changed":false,"footnotes":""},"categories":[],"tags":[],"ncap_cities_tax":[467],"class_list":["post-2570","page","type-page","status-publish","has-post-thumbnail","hentry","ncap_cities_tax-wolfenbuettel-en"],"acf":[],"yoast_head":"<!-- This site is optimized with the Yoast SEO plugin v27.4 - https:\/\/yoast.com\/product\/yoast-seo-wordpress\/ -->\n<title>Guides and excursions in Wolfenb\u00fcttel\ufffc - 9 St\u00e4dte in Niedersachsen<\/title>\n<meta name=\"robots\" content=\"index, follow, max-snippet:-1, max-image-preview:large, max-video-preview:-1\" \/>\n<link rel=\"canonical\" href=\"https:\/\/9staedte.de\/en\/wolfenbuttel\/guides-and-excursions-in-wolfenbuttel\/\" \/>\n<meta property=\"og:locale\" content=\"en_US\" \/>\n<meta property=\"og:type\" content=\"article\" \/>\n<meta property=\"og:title\" content=\"Guides and excursions in Wolfenb\u00fcttel\ufffc - 9 St\u00e4dte in Niedersachsen\" \/>\n<meta property=\"og:description\" content=\"Competent guides for your programme We would be glad to book guides for your Programme in Wolfenb\u00fcttel and excursions for example to the Harz Mountains or the Autostadt in Wolfsburg. Prices on request Please contact: Lessingstadt Wolfenb\u00fcttelTourist-InformationL\u00f6wenstra\u00dfe 138300 Wolfenb\u00fcttelTel.: +49 (0) 5331\/86280Fax. +49 (0) 5331\/867708E-Mail:\u00a0touristinfo@wolfenbuettel.deInternet:\u00a0www.lessingstadt-wolfenbuettel.de\" \/>\n<meta property=\"og:url\" content=\"https:\/\/9staedte.de\/en\/wolfenbuttel\/guides-and-excursions-in-wolfenbuttel\/\" \/>\n<meta property=\"og:site_name\" content=\"9 St\u00e4dte in Niedersachsen\" \/>\n<meta property=\"article:modified_time\" content=\"2024-04-15T12:17:47+00:00\" \/>\n<meta property=\"og:image\" content=\"https:\/\/9staedte.de\/wp-content\/uploads\/2022\/06\/Themenfuehrung-in-Wolfenbuettel-c-Lessingstadt-Wolfenbuettel.jpg\" \/>\n\t<meta property=\"og:image:width\" content=\"1019\" \/>\n\t<meta property=\"og:image:height\" content=\"560\" \/>\n\t<meta property=\"og:image:type\" content=\"image\/jpeg\" \/>\n<meta name=\"twitter:card\" content=\"summary_large_image\" \/>\n<meta name=\"twitter:label1\" content=\"Est. reading time\" \/>\n\t<meta name=\"twitter:data1\" content=\"1 minute\" \/>\n<script type=\"application\/ld+json\" class=\"yoast-schema-graph\">{\"@context\":\"https:\\\/\\\/schema.org\",\"@graph\":[{\"@type\":\"WebPage\",\"@id\":\"https:\\\/\\\/9staedte.de\\\/en\\\/wolfenbuttel\\\/guides-and-excursions-in-wolfenbuttel\\\/\",\"url\":\"https:\\\/\\\/9staedte.de\\\/en\\\/wolfenbuttel\\\/guides-and-excursions-in-wolfenbuttel\\\/\",\"name\":\"Guides and excursions in Wolfenb\u00fcttel\ufffc - 9 St\u00e4dte in Niedersachsen\",\"isPartOf\":{\"@id\":\"https:\\\/\\\/9staedte.de\\\/en\\\/#website\"},\"primaryImageOfPage\":{\"@id\":\"https:\\\/\\\/9staedte.de\\\/en\\\/wolfenbuttel\\\/guides-and-excursions-in-wolfenbuttel\\\/#primaryimage\"},\"image\":{\"@id\":\"https:\\\/\\\/9staedte.de\\\/en\\\/wolfenbuttel\\\/guides-and-excursions-in-wolfenbuttel\\\/#primaryimage\"},\"thumbnailUrl\":\"https:\\\/\\\/9staedte.de\\\/wp-content\\\/uploads\\\/2022\\\/06\\\/Themenfuehrung-in-Wolfenbuettel-c-Lessingstadt-Wolfenbuettel.jpg\",\"datePublished\":\"2022-07-11T10:34:44+00:00\",\"dateModified\":\"2024-04-15T12:17:47+00:00\",\"breadcrumb\":{\"@id\":\"https:\\\/\\\/9staedte.de\\\/en\\\/wolfenbuttel\\\/guides-and-excursions-in-wolfenbuttel\\\/#breadcrumb\"},\"inLanguage\":\"en-US\",\"potentialAction\":[{\"@type\":\"ReadAction\",\"target\":[\"https:\\\/\\\/9staedte.de\\\/en\\\/wolfenbuttel\\\/guides-and-excursions-in-wolfenbuttel\\\/\"]}]},{\"@type\":\"ImageObject\",\"inLanguage\":\"en-US\",\"@id\":\"https:\\\/\\\/9staedte.de\\\/en\\\/wolfenbuttel\\\/guides-and-excursions-in-wolfenbuttel\\\/#primaryimage\",\"url\":\"https:\\\/\\\/9staedte.de\\\/wp-content\\\/uploads\\\/2022\\\/06\\\/Themenfuehrung-in-Wolfenbuettel-c-Lessingstadt-Wolfenbuettel.jpg\",\"contentUrl\":\"https:\\\/\\\/9staedte.de\\\/wp-content\\\/uploads\\\/2022\\\/06\\\/Themenfuehrung-in-Wolfenbuettel-c-Lessingstadt-Wolfenbuettel.jpg\",\"width\":1019,\"height\":560,\"caption\":\"Themenf\u00fchrung in Wolfenb\u00fcttel c) Lessingstadt Wolfenb\u00fcttel c) Stadt Wolfenb\u00fcttel Christian Bierwagen\"},{\"@type\":\"BreadcrumbList\",\"@id\":\"https:\\\/\\\/9staedte.de\\\/en\\\/wolfenbuttel\\\/guides-and-excursions-in-wolfenbuttel\\\/#breadcrumb\",\"itemListElement\":[{\"@type\":\"ListItem\",\"position\":1,\"name\":\"Startseite\",\"item\":\"https:\\\/\\\/9staedte.de\\\/en\\\/\"},{\"@type\":\"ListItem\",\"position\":2,\"name\":\"Wolfenb\u00fcttel &#8211; Die Lessingstadt\",\"item\":\"https:\\\/\\\/9staedte.de\\\/en\\\/wolfenbuettel-lessingstadt\\\/\"},{\"@type\":\"ListItem\",\"position\":3,\"name\":\"Wolfenb\u00fcttel &#8211; Residential City\",\"item\":\"https:\\\/\\\/9staedte.de\\\/en\\\/wolfenbuettel-lessingstadt\\\/wolfenbuttel\\\/\"},{\"@type\":\"ListItem\",\"position\":4,\"name\":\"Guides and excursions in Wolfenb\u00fcttel\ufffc\"}]},{\"@type\":\"WebSite\",\"@id\":\"https:\\\/\\\/9staedte.de\\\/en\\\/#website\",\"url\":\"https:\\\/\\\/9staedte.de\\\/en\\\/\",\"name\":\"9 St\u00e4dte in Niedersachsen\",\"description\":\"\",\"publisher\":{\"@id\":\"https:\\\/\\\/9staedte.de\\\/en\\\/#organization\"},\"potentialAction\":[{\"@type\":\"SearchAction\",\"target\":{\"@type\":\"EntryPoint\",\"urlTemplate\":\"https:\\\/\\\/9staedte.de\\\/en\\\/?s={search_term_string}\"},\"query-input\":{\"@type\":\"PropertyValueSpecification\",\"valueRequired\":true,\"valueName\":\"search_term_string\"}}],\"inLanguage\":\"en-US\"},{\"@type\":\"Organization\",\"@id\":\"https:\\\/\\\/9staedte.de\\\/en\\\/#organization\",\"name\":\"9 St\u00e4dte in Niedersachsen\",\"url\":\"https:\\\/\\\/9staedte.de\\\/en\\\/\",\"logo\":{\"@type\":\"ImageObject\",\"inLanguage\":\"en-US\",\"@id\":\"https:\\\/\\\/9staedte.de\\\/en\\\/#\\\/schema\\\/logo\\\/image\\\/\",\"url\":\"https:\\\/\\\/9staedte.de\\\/wp-content\\\/uploads\\\/2025\\\/01\\\/9-neg-deutsch-2-1.png\",\"contentUrl\":\"https:\\\/\\\/9staedte.de\\\/wp-content\\\/uploads\\\/2025\\\/01\\\/9-neg-deutsch-2-1.png\",\"width\":190,\"height\":114,\"caption\":\"9 St\u00e4dte in Niedersachsen\"},\"image\":{\"@id\":\"https:\\\/\\\/9staedte.de\\\/en\\\/#\\\/schema\\\/logo\\\/image\\\/\"}}]}<\/script>\n<!-- \/ Yoast SEO plugin. -->","yoast_head_json":{"title":"Guides and excursions in Wolfenb\u00fcttel\ufffc - 9 St\u00e4dte in Niedersachsen","robots":{"index":"index","follow":"follow","max-snippet":"max-snippet:-1","max-image-preview":"max-image-preview:large","max-video-preview":"max-video-preview:-1"},"canonical":"https:\/\/9staedte.de\/en\/wolfenbuttel\/guides-and-excursions-in-wolfenbuttel\/","og_locale":"en_US","og_type":"article","og_title":"Guides and excursions in Wolfenb\u00fcttel\ufffc - 9 St\u00e4dte in Niedersachsen","og_description":"Competent guides for your programme We would be glad to book guides for your Programme in Wolfenb\u00fcttel and excursions for example to the Harz Mountains or the Autostadt in Wolfsburg. Prices on request Please contact: Lessingstadt Wolfenb\u00fcttelTourist-InformationL\u00f6wenstra\u00dfe 138300 Wolfenb\u00fcttelTel.: +49 (0) 5331\/86280Fax. +49 (0) 5331\/867708E-Mail:\u00a0touristinfo@wolfenbuettel.deInternet:\u00a0www.lessingstadt-wolfenbuettel.de","og_url":"https:\/\/9staedte.de\/en\/wolfenbuttel\/guides-and-excursions-in-wolfenbuttel\/","og_site_name":"9 St\u00e4dte in Niedersachsen","article_modified_time":"2024-04-15T12:17:47+00:00","og_image":[{"width":1019,"height":560,"url":"https:\/\/9staedte.de\/wp-content\/uploads\/2022\/06\/Themenfuehrung-in-Wolfenbuettel-c-Lessingstadt-Wolfenbuettel.jpg","type":"image\/jpeg"}],"twitter_card":"summary_large_image","twitter_misc":{"Est. reading time":"1 minute"},"schema":{"@context":"https:\/\/schema.org","@graph":[{"@type":"WebPage","@id":"https:\/\/9staedte.de\/en\/wolfenbuttel\/guides-and-excursions-in-wolfenbuttel\/","url":"https:\/\/9staedte.de\/en\/wolfenbuttel\/guides-and-excursions-in-wolfenbuttel\/","name":"Guides and excursions in Wolfenb\u00fcttel\ufffc - 9 St\u00e4dte in Niedersachsen","isPartOf":{"@id":"https:\/\/9staedte.de\/en\/#website"},"primaryImageOfPage":{"@id":"https:\/\/9staedte.de\/en\/wolfenbuttel\/guides-and-excursions-in-wolfenbuttel\/#primaryimage"},"image":{"@id":"https:\/\/9staedte.de\/en\/wolfenbuttel\/guides-and-excursions-in-wolfenbuttel\/#primaryimage"},"thumbnailUrl":"https:\/\/9staedte.de\/wp-content\/uploads\/2022\/06\/Themenfuehrung-in-Wolfenbuettel-c-Lessingstadt-Wolfenbuettel.jpg","datePublished":"2022-07-11T10:34:44+00:00","dateModified":"2024-04-15T12:17:47+00:00","breadcrumb":{"@id":"https:\/\/9staedte.de\/en\/wolfenbuttel\/guides-and-excursions-in-wolfenbuttel\/#breadcrumb"},"inLanguage":"en-US","potentialAction":[{"@type":"ReadAction","target":["https:\/\/9staedte.de\/en\/wolfenbuttel\/guides-and-excursions-in-wolfenbuttel\/"]}]},{"@type":"ImageObject","inLanguage":"en-US","@id":"https:\/\/9staedte.de\/en\/wolfenbuttel\/guides-and-excursions-in-wolfenbuttel\/#primaryimage","url":"https:\/\/9staedte.de\/wp-content\/uploads\/2022\/06\/Themenfuehrung-in-Wolfenbuettel-c-Lessingstadt-Wolfenbuettel.jpg","contentUrl":"https:\/\/9staedte.de\/wp-content\/uploads\/2022\/06\/Themenfuehrung-in-Wolfenbuettel-c-Lessingstadt-Wolfenbuettel.jpg","width":1019,"height":560,"caption":"Themenf\u00fchrung in Wolfenb\u00fcttel c) Lessingstadt Wolfenb\u00fcttel c) Stadt Wolfenb\u00fcttel Christian Bierwagen"},{"@type":"BreadcrumbList","@id":"https:\/\/9staedte.de\/en\/wolfenbuttel\/guides-and-excursions-in-wolfenbuttel\/#breadcrumb","itemListElement":[{"@type":"ListItem","position":1,"name":"Startseite","item":"https:\/\/9staedte.de\/en\/"},{"@type":"ListItem","position":2,"name":"Wolfenb\u00fcttel &#8211; Die Lessingstadt","item":"https:\/\/9staedte.de\/en\/wolfenbuettel-lessingstadt\/"},{"@type":"ListItem","position":3,"name":"Wolfenb\u00fcttel &#8211; Residential City","item":"https:\/\/9staedte.de\/en\/wolfenbuettel-lessingstadt\/wolfenbuttel\/"},{"@type":"ListItem","position":4,"name":"Guides and excursions in Wolfenb\u00fcttel\ufffc"}]},{"@type":"WebSite","@id":"https:\/\/9staedte.de\/en\/#website","url":"https:\/\/9staedte.de\/en\/","name":"9 St\u00e4dte in Niedersachsen","description":"","publisher":{"@id":"https:\/\/9staedte.de\/en\/#organization"},"potentialAction":[{"@type":"SearchAction","target":{"@type":"EntryPoint","urlTemplate":"https:\/\/9staedte.de\/en\/?s={search_term_string}"},"query-input":{"@type":"PropertyValueSpecification","valueRequired":true,"valueName":"search_term_string"}}],"inLanguage":"en-US"},{"@type":"Organization","@id":"https:\/\/9staedte.de\/en\/#organization","name":"9 St\u00e4dte in Niedersachsen","url":"https:\/\/9staedte.de\/en\/","logo":{"@type":"ImageObject","inLanguage":"en-US","@id":"https:\/\/9staedte.de\/en\/#\/schema\/logo\/image\/","url":"https:\/\/9staedte.de\/wp-content\/uploads\/2025\/01\/9-neg-deutsch-2-1.png","contentUrl":"https:\/\/9staedte.de\/wp-content\/uploads\/2025\/01\/9-neg-deutsch-2-1.png","width":190,"height":114,"caption":"9 St\u00e4dte in Niedersachsen"},"image":{"@id":"https:\/\/9staedte.de\/en\/#\/schema\/logo\/image\/"}}]}},"_links":{"self":[{"href":"https:\/\/9staedte.de\/en\/wp-json\/wp\/v2\/pages\/2570","targetHints":{"allow":["GET"]}}],"collection":[{"href":"https:\/\/9staedte.de\/en\/wp-json\/wp\/v2\/pages"}],"about":[{"href":"https:\/\/9staedte.de\/en\/wp-json\/wp\/v2\/types\/page"}],"author":[{"embeddable":true,"href":"https:\/\/9staedte.de\/en\/wp-json\/wp\/v2\/users\/1"}],"replies":[{"embeddable":true,"href":"https:\/\/9staedte.de\/en\/wp-json\/wp\/v2\/comments?post=2570"}],"version-history":[{"count":4,"href":"https:\/\/9staedte.de\/en\/wp-json\/wp\/v2\/pages\/2570\/revisions"}],"predecessor-version":[{"id":22041,"href":"https:\/\/9staedte.de\/en\/wp-json\/wp\/v2\/pages\/2570\/revisions\/22041"}],"up":[{"embeddable":true,"href":"https:\/\/9staedte.de\/en\/wp-json\/wp\/v2\/pages\/1466"}],"wp:featuredmedia":[{"embeddable":true,"href":"https:\/\/9staedte.de\/en\/wp-json\/wp\/v2\/media\/3317"}],"wp:attachment":[{"href":"https:\/\/9staedte.de\/en\/wp-json\/wp\/v2\/media?parent=2570"}],"wp:term":[{"taxonomy":"category","embeddable":true,"href":"https:\/\/9staedte.de\/en\/wp-json\/wp\/v2\/categories?post=2570"},{"taxonomy":"post_tag","embeddable":true,"href":"https:\/\/9staedte.de\/en\/wp-json\/wp\/v2\/tags?post=2570"},{"taxonomy":"ncap_cities_tax","embeddable":true,"href":"https:\/\/9staedte.de\/en\/wp-json\/wp\/v2\/ncap_cities_tax?post=2570"}],"curies":[{"name":"wp","href":"https:\/\/api.w.org\/{rel}","templated":true}]}}