{"id":2566,"date":"2022-07-11T12:33:46","date_gmt":"2022-07-11T10:33:46","guid":{"rendered":"https:\/\/9staedte.de\/?page_id=2566"},"modified":"2023-02-02T16:13:17","modified_gmt":"2023-02-02T15:13:17","slug":"guided-tours-in-wolfenbuttel","status":"publish","type":"page","link":"https:\/\/9staedte.de\/en\/wolfenbuttel\/guided-tours-in-wolfenbuttel\/","title":{"rendered":"Guided tours in Wolfenb\u00fcttel"},"content":{"rendered":"\r\n\r\n    <div class=\"filter-posts\">\r\n            <div  id=\"filterContent\">\r\n                                                        \n<div class=\"contentKachel filtr-item\" data-category=\"wolfenbuettel-en\">\n    <a href=\"https:\/\/9staedte.de\/en\/tour-of-the-old-town-in-wolfenbuttel\/\">\n        <div class=\"contentKachel-inner\">\n                            <div class=\"contentKachel-thumbnail\">\n                    <img loading=\"lazy\" decoding=\"async\" width=\"300\" height=\"200\" src=\"https:\/\/9staedte.de\/wp-content\/smush-webp\/2022\/06\/Altstadtrundgang-Wolfenbuettel-c-Stadt-Wolfenbuettel-Christian-Bierwagen1-300x200.jpg.webp\" class=\"objectfitcover withfilters wp-post-image\" alt=\"Many people are on a walking tour in Wolfenb\u00fcttel. A man with glasses and a name tag is talking. He points to a house. The others are looking up. The street has old timber-framed houses. The people are interested.\" srcset=\"https:\/\/9staedte.de\/wp-content\/smush-webp\/2022\/06\/Altstadtrundgang-Wolfenbuettel-c-Stadt-Wolfenbuettel-Christian-Bierwagen1-300x200.jpg.webp 300w, https:\/\/9staedte.de\/wp-content\/smush-webp\/2022\/06\/Altstadtrundgang-Wolfenbuettel-c-Stadt-Wolfenbuettel-Christian-Bierwagen1.jpg.webp 580w\" sizes=\"auto, (max-width: 300px) 100vw, 300px\" \/>                    <img loading=\"lazy\" decoding=\"async\" width=\"300\" height=\"200\" src=\"https:\/\/9staedte.de\/wp-content\/smush-webp\/2022\/06\/Altstadtrundgang-Wolfenbuettel-c-Stadt-Wolfenbuettel-Christian-Bierwagen1-300x200.jpg.webp\" class=\"objectfitcontain wp-post-image\" alt=\"Many people are on a walking tour in Wolfenb\u00fcttel. A man with glasses and a name tag is talking. He points to a house. The others are looking up. The street has old timber-framed houses. The people are interested.\" srcset=\"https:\/\/9staedte.de\/wp-content\/smush-webp\/2022\/06\/Altstadtrundgang-Wolfenbuettel-c-Stadt-Wolfenbuettel-Christian-Bierwagen1-300x200.jpg.webp 300w, https:\/\/9staedte.de\/wp-content\/smush-webp\/2022\/06\/Altstadtrundgang-Wolfenbuettel-c-Stadt-Wolfenbuettel-Christian-Bierwagen1.jpg.webp 580w\" sizes=\"auto, (max-width: 300px) 100vw, 300px\" \/>                        <div class=\"thumbnail-label\">\n    <span>Altstadtrundgang-Wolfenbuettel-c-Stadt-Wolfenbuettel-Christian-Bierwagen[1]<\/span>\n    <\/div>\n                <\/div>\n                        <div class=\"contentKachel-content\">\n                                    <div class=\"city-tag bg-wolfenbuettel\">\n                        Wolfenb\u00fcttel                    <\/div>\n                \n                <div class=\"title\">\n\n                    Tour of the Old Town in Wolfenb\u00fcttel                    \n                <\/div>\n\n                            <\/div>\n\n        <\/div>\n    <\/a>\n<\/div>                                                        \n<div class=\"contentKachel filtr-item\" data-category=\"wolfenbuettel-en\">\n    <a href=\"https:\/\/9staedte.de\/en\/themed-guided-tours-in-wolfenbuttel\/\">\n        <div class=\"contentKachel-inner\">\n                            <div class=\"contentKachel-thumbnail\">\n                    <img loading=\"lazy\" decoding=\"async\" width=\"300\" height=\"165\" src=\"https:\/\/9staedte.de\/wp-content\/smush-webp\/2022\/06\/Themenfuehrung-in-Wolfenbuettel-c-Lessingstadt-Wolfenbuettel-300x165.jpg.webp\" class=\"objectfitcover withfilters wp-post-image\" alt=\"Themenf\u00fchrung in Wolfenb\u00fcttel c) Lessingstadt Wolfenb\u00fcttel c) Stadt Wolfenb\u00fcttel Christian Bierwagen\" srcset=\"https:\/\/9staedte.de\/wp-content\/smush-webp\/2022\/06\/Themenfuehrung-in-Wolfenbuettel-c-Lessingstadt-Wolfenbuettel-300x165.jpg.webp 300w, https:\/\/9staedte.de\/wp-content\/smush-webp\/2022\/06\/Themenfuehrung-in-Wolfenbuettel-c-Lessingstadt-Wolfenbuettel-768x422.jpg.webp 768w, https:\/\/9staedte.de\/wp-content\/smush-webp\/2022\/06\/Themenfuehrung-in-Wolfenbuettel-c-Lessingstadt-Wolfenbuettel.jpg.webp 1019w\" sizes=\"auto, (max-width: 300px) 100vw, 300px\" \/>                    <img loading=\"lazy\" decoding=\"async\" width=\"300\" height=\"165\" src=\"https:\/\/9staedte.de\/wp-content\/smush-webp\/2022\/06\/Themenfuehrung-in-Wolfenbuettel-c-Lessingstadt-Wolfenbuettel-300x165.jpg.webp\" class=\"objectfitcontain wp-post-image\" alt=\"Themenf\u00fchrung in Wolfenb\u00fcttel c) Lessingstadt Wolfenb\u00fcttel c) Stadt Wolfenb\u00fcttel Christian Bierwagen\" srcset=\"https:\/\/9staedte.de\/wp-content\/smush-webp\/2022\/06\/Themenfuehrung-in-Wolfenbuettel-c-Lessingstadt-Wolfenbuettel-300x165.jpg.webp 300w, https:\/\/9staedte.de\/wp-content\/smush-webp\/2022\/06\/Themenfuehrung-in-Wolfenbuettel-c-Lessingstadt-Wolfenbuettel-768x422.jpg.webp 768w, https:\/\/9staedte.de\/wp-content\/smush-webp\/2022\/06\/Themenfuehrung-in-Wolfenbuettel-c-Lessingstadt-Wolfenbuettel.jpg.webp 1019w\" sizes=\"auto, (max-width: 300px) 100vw, 300px\" \/>                        <div class=\"thumbnail-label\">\n    <span>Themenf\u00fchrung in Wolfenb\u00fcttel c) Lessingstadt Wolfenb\u00fcttel c) Stadt Wolfenb\u00fcttel Christian Bierwagen<\/span>\n    <\/div>\n                <\/div>\n                        <div class=\"contentKachel-content\">\n                                    <div class=\"city-tag bg-wolfenbuettel\">\n                        Wolfenb\u00fcttel                    <\/div>\n                \n                <div class=\"title\">\n\n                    Themed guided tours in Wolfenb\u00fcttel                    \n                <\/div>\n\n                            <\/div>\n\n        <\/div>\n    <\/a>\n<\/div>                                                        \n<div class=\"contentKachel filtr-item\" data-category=\"wolfenbuettel-en\">\n    <a href=\"https:\/\/9staedte.de\/en\/wolfenbuttel-appetizer-including-guided-sightseeing-tour\/\">\n        <div class=\"contentKachel-inner\">\n                            <div class=\"contentKachel-thumbnail\">\n                    <img loading=\"lazy\" decoding=\"async\" width=\"300\" height=\"165\" src=\"https:\/\/9staedte.de\/wp-content\/smush-webp\/2022\/07\/161008-wf-marketing-024-300x165.jpg.webp\" class=\"objectfitcover withfilters wp-post-image\" alt=\"Wolfenb\u00fctteler Leckerbissen c) Stadt Wolfenb\u00fcttel Christian Bierwagen\" srcset=\"https:\/\/9staedte.de\/wp-content\/smush-webp\/2022\/07\/161008-wf-marketing-024-300x165.jpg.webp 300w, https:\/\/9staedte.de\/wp-content\/smush-webp\/2022\/07\/161008-wf-marketing-024-768x424.jpg.webp 768w, https:\/\/9staedte.de\/wp-content\/smush-webp\/2022\/07\/161008-wf-marketing-024.jpg.webp 1017w\" sizes=\"auto, (max-width: 300px) 100vw, 300px\" \/>                    <img loading=\"lazy\" decoding=\"async\" width=\"300\" height=\"165\" src=\"https:\/\/9staedte.de\/wp-content\/smush-webp\/2022\/07\/161008-wf-marketing-024-300x165.jpg.webp\" class=\"objectfitcontain wp-post-image\" alt=\"Wolfenb\u00fctteler Leckerbissen c) Stadt Wolfenb\u00fcttel Christian Bierwagen\" srcset=\"https:\/\/9staedte.de\/wp-content\/smush-webp\/2022\/07\/161008-wf-marketing-024-300x165.jpg.webp 300w, https:\/\/9staedte.de\/wp-content\/smush-webp\/2022\/07\/161008-wf-marketing-024-768x424.jpg.webp 768w, https:\/\/9staedte.de\/wp-content\/smush-webp\/2022\/07\/161008-wf-marketing-024.jpg.webp 1017w\" sizes=\"auto, (max-width: 300px) 100vw, 300px\" \/>                        <div class=\"thumbnail-label\">\n    <span>Wolfenb\u00fctteler Leckerbissen c) Stadt Wolfenb\u00fcttel Christian Bierwagen<\/span>\n    <\/div>\n                <\/div>\n                        <div class=\"contentKachel-content\">\n                                    <div class=\"city-tag bg-wolfenbuettel\">\n                        Wolfenb\u00fcttel                    <\/div>\n                \n                <div class=\"title\">\n\n                    Wolfenb\u00fcttel Appetizer (including guided Sightseeing tour)                    \n                <\/div>\n\n                            <\/div>\n\n        <\/div>\n    <\/a>\n<\/div>                                            <\/div>\r\n    <\/div>\r\n","protected":false},"excerpt":{"rendered":"","protected":false},"author":1,"featured_media":3304,"parent":1466,"menu_order":0,"comment_status":"closed","ping_status":"closed","template":"pagetemplates\/template-stadtthema.php","meta":{"_acf_changed":false,"footnotes":""},"categories":[],"tags":[],"ncap_cities_tax":[467],"class_list":["post-2566","page","type-page","status-publish","has-post-thumbnail","hentry","ncap_cities_tax-wolfenbuettel-en"],"acf":[],"yoast_head":"<!-- This site is optimized with the Yoast SEO plugin v27.4 - https:\/\/yoast.com\/product\/yoast-seo-wordpress\/ -->\n<title>Guided tours in Wolfenb\u00fcttel - 9 St\u00e4dte in Niedersachsen<\/title>\n<meta name=\"robots\" content=\"index, follow, max-snippet:-1, max-image-preview:large, max-video-preview:-1\" \/>\n<link rel=\"canonical\" href=\"https:\/\/9staedte.de\/en\/wolfenbuttel\/guided-tours-in-wolfenbuttel\/\" \/>\n<meta property=\"og:locale\" content=\"en_US\" \/>\n<meta property=\"og:type\" content=\"article\" \/>\n<meta property=\"og:title\" content=\"Guided tours in Wolfenb\u00fcttel - 9 St\u00e4dte in Niedersachsen\" \/>\n<meta property=\"og:url\" content=\"https:\/\/9staedte.de\/en\/wolfenbuttel\/guided-tours-in-wolfenbuttel\/\" \/>\n<meta property=\"og:site_name\" content=\"9 St\u00e4dte in Niedersachsen\" \/>\n<meta property=\"article:modified_time\" content=\"2023-02-02T15:13:17+00:00\" \/>\n<meta property=\"og:image\" content=\"https:\/\/9staedte.de\/wp-content\/uploads\/2023\/02\/161008-wf-marketing-087.jpg\" \/>\n\t<meta property=\"og:image:width\" content=\"1020\" \/>\n\t<meta property=\"og:image:height\" content=\"575\" \/>\n\t<meta property=\"og:image:type\" content=\"image\/jpeg\" \/>\n<meta name=\"twitter:card\" content=\"summary_large_image\" \/>\n<script type=\"application\/ld+json\" class=\"yoast-schema-graph\">{\"@context\":\"https:\\\/\\\/schema.org\",\"@graph\":[{\"@type\":\"WebPage\",\"@id\":\"https:\\\/\\\/9staedte.de\\\/en\\\/wolfenbuttel\\\/guided-tours-in-wolfenbuttel\\\/\",\"url\":\"https:\\\/\\\/9staedte.de\\\/en\\\/wolfenbuttel\\\/guided-tours-in-wolfenbuttel\\\/\",\"name\":\"Guided tours in Wolfenb\u00fcttel - 9 St\u00e4dte in Niedersachsen\",\"isPartOf\":{\"@id\":\"https:\\\/\\\/9staedte.de\\\/en\\\/#website\"},\"primaryImageOfPage\":{\"@id\":\"https:\\\/\\\/9staedte.de\\\/en\\\/wolfenbuttel\\\/guided-tours-in-wolfenbuttel\\\/#primaryimage\"},\"image\":{\"@id\":\"https:\\\/\\\/9staedte.de\\\/en\\\/wolfenbuttel\\\/guided-tours-in-wolfenbuttel\\\/#primaryimage\"},\"thumbnailUrl\":\"https:\\\/\\\/9staedte.de\\\/wp-content\\\/uploads\\\/2023\\\/02\\\/161008-wf-marketing-087.jpg\",\"datePublished\":\"2022-07-11T10:33:46+00:00\",\"dateModified\":\"2023-02-02T15:13:17+00:00\",\"breadcrumb\":{\"@id\":\"https:\\\/\\\/9staedte.de\\\/en\\\/wolfenbuttel\\\/guided-tours-in-wolfenbuttel\\\/#breadcrumb\"},\"inLanguage\":\"en-US\",\"potentialAction\":[{\"@type\":\"ReadAction\",\"target\":[\"https:\\\/\\\/9staedte.de\\\/en\\\/wolfenbuttel\\\/guided-tours-in-wolfenbuttel\\\/\"]}]},{\"@type\":\"ImageObject\",\"inLanguage\":\"en-US\",\"@id\":\"https:\\\/\\\/9staedte.de\\\/en\\\/wolfenbuttel\\\/guided-tours-in-wolfenbuttel\\\/#primaryimage\",\"url\":\"https:\\\/\\\/9staedte.de\\\/wp-content\\\/uploads\\\/2023\\\/02\\\/161008-wf-marketing-087.jpg\",\"contentUrl\":\"https:\\\/\\\/9staedte.de\\\/wp-content\\\/uploads\\\/2023\\\/02\\\/161008-wf-marketing-087.jpg\",\"width\":1020,\"height\":575,\"caption\":\"F\u00fchrung in Wolfenb\u00fcttel c) Stadt Wolfenb\u00fcttel Christian Bierwagen\"},{\"@type\":\"BreadcrumbList\",\"@id\":\"https:\\\/\\\/9staedte.de\\\/en\\\/wolfenbuttel\\\/guided-tours-in-wolfenbuttel\\\/#breadcrumb\",\"itemListElement\":[{\"@type\":\"ListItem\",\"position\":1,\"name\":\"Startseite\",\"item\":\"https:\\\/\\\/9staedte.de\\\/en\\\/\"},{\"@type\":\"ListItem\",\"position\":2,\"name\":\"Wolfenb\u00fcttel &#8211; Die Lessingstadt\",\"item\":\"https:\\\/\\\/9staedte.de\\\/en\\\/wolfenbuettel-lessingstadt\\\/\"},{\"@type\":\"ListItem\",\"position\":3,\"name\":\"Wolfenb\u00fcttel &#8211; Residential City\",\"item\":\"https:\\\/\\\/9staedte.de\\\/en\\\/wolfenbuettel-lessingstadt\\\/wolfenbuttel\\\/\"},{\"@type\":\"ListItem\",\"position\":4,\"name\":\"Guided tours in Wolfenb\u00fcttel\"}]},{\"@type\":\"WebSite\",\"@id\":\"https:\\\/\\\/9staedte.de\\\/en\\\/#website\",\"url\":\"https:\\\/\\\/9staedte.de\\\/en\\\/\",\"name\":\"9 St\u00e4dte in Niedersachsen\",\"description\":\"\",\"publisher\":{\"@id\":\"https:\\\/\\\/9staedte.de\\\/en\\\/#organization\"},\"potentialAction\":[{\"@type\":\"SearchAction\",\"target\":{\"@type\":\"EntryPoint\",\"urlTemplate\":\"https:\\\/\\\/9staedte.de\\\/en\\\/?s={search_term_string}\"},\"query-input\":{\"@type\":\"PropertyValueSpecification\",\"valueRequired\":true,\"valueName\":\"search_term_string\"}}],\"inLanguage\":\"en-US\"},{\"@type\":\"Organization\",\"@id\":\"https:\\\/\\\/9staedte.de\\\/en\\\/#organization\",\"name\":\"9 St\u00e4dte in Niedersachsen\",\"url\":\"https:\\\/\\\/9staedte.de\\\/en\\\/\",\"logo\":{\"@type\":\"ImageObject\",\"inLanguage\":\"en-US\",\"@id\":\"https:\\\/\\\/9staedte.de\\\/en\\\/#\\\/schema\\\/logo\\\/image\\\/\",\"url\":\"https:\\\/\\\/9staedte.de\\\/wp-content\\\/uploads\\\/2025\\\/01\\\/9-neg-deutsch-2-1.png\",\"contentUrl\":\"https:\\\/\\\/9staedte.de\\\/wp-content\\\/uploads\\\/2025\\\/01\\\/9-neg-deutsch-2-1.png\",\"width\":190,\"height\":114,\"caption\":\"9 St\u00e4dte in Niedersachsen\"},\"image\":{\"@id\":\"https:\\\/\\\/9staedte.de\\\/en\\\/#\\\/schema\\\/logo\\\/image\\\/\"}}]}<\/script>\n<!-- \/ Yoast SEO plugin. -->","yoast_head_json":{"title":"Guided tours in Wolfenb\u00fcttel - 9 St\u00e4dte in Niedersachsen","robots":{"index":"index","follow":"follow","max-snippet":"max-snippet:-1","max-image-preview":"max-image-preview:large","max-video-preview":"max-video-preview:-1"},"canonical":"https:\/\/9staedte.de\/en\/wolfenbuttel\/guided-tours-in-wolfenbuttel\/","og_locale":"en_US","og_type":"article","og_title":"Guided tours in Wolfenb\u00fcttel - 9 St\u00e4dte in Niedersachsen","og_url":"https:\/\/9staedte.de\/en\/wolfenbuttel\/guided-tours-in-wolfenbuttel\/","og_site_name":"9 St\u00e4dte in Niedersachsen","article_modified_time":"2023-02-02T15:13:17+00:00","og_image":[{"width":1020,"height":575,"url":"https:\/\/9staedte.de\/wp-content\/uploads\/2023\/02\/161008-wf-marketing-087.jpg","type":"image\/jpeg"}],"twitter_card":"summary_large_image","schema":{"@context":"https:\/\/schema.org","@graph":[{"@type":"WebPage","@id":"https:\/\/9staedte.de\/en\/wolfenbuttel\/guided-tours-in-wolfenbuttel\/","url":"https:\/\/9staedte.de\/en\/wolfenbuttel\/guided-tours-in-wolfenbuttel\/","name":"Guided tours in Wolfenb\u00fcttel - 9 St\u00e4dte in Niedersachsen","isPartOf":{"@id":"https:\/\/9staedte.de\/en\/#website"},"primaryImageOfPage":{"@id":"https:\/\/9staedte.de\/en\/wolfenbuttel\/guided-tours-in-wolfenbuttel\/#primaryimage"},"image":{"@id":"https:\/\/9staedte.de\/en\/wolfenbuttel\/guided-tours-in-wolfenbuttel\/#primaryimage"},"thumbnailUrl":"https:\/\/9staedte.de\/wp-content\/uploads\/2023\/02\/161008-wf-marketing-087.jpg","datePublished":"2022-07-11T10:33:46+00:00","dateModified":"2023-02-02T15:13:17+00:00","breadcrumb":{"@id":"https:\/\/9staedte.de\/en\/wolfenbuttel\/guided-tours-in-wolfenbuttel\/#breadcrumb"},"inLanguage":"en-US","potentialAction":[{"@type":"ReadAction","target":["https:\/\/9staedte.de\/en\/wolfenbuttel\/guided-tours-in-wolfenbuttel\/"]}]},{"@type":"ImageObject","inLanguage":"en-US","@id":"https:\/\/9staedte.de\/en\/wolfenbuttel\/guided-tours-in-wolfenbuttel\/#primaryimage","url":"https:\/\/9staedte.de\/wp-content\/uploads\/2023\/02\/161008-wf-marketing-087.jpg","contentUrl":"https:\/\/9staedte.de\/wp-content\/uploads\/2023\/02\/161008-wf-marketing-087.jpg","width":1020,"height":575,"caption":"F\u00fchrung in Wolfenb\u00fcttel c) Stadt Wolfenb\u00fcttel Christian Bierwagen"},{"@type":"BreadcrumbList","@id":"https:\/\/9staedte.de\/en\/wolfenbuttel\/guided-tours-in-wolfenbuttel\/#breadcrumb","itemListElement":[{"@type":"ListItem","position":1,"name":"Startseite","item":"https:\/\/9staedte.de\/en\/"},{"@type":"ListItem","position":2,"name":"Wolfenb\u00fcttel &#8211; Die Lessingstadt","item":"https:\/\/9staedte.de\/en\/wolfenbuettel-lessingstadt\/"},{"@type":"ListItem","position":3,"name":"Wolfenb\u00fcttel &#8211; Residential City","item":"https:\/\/9staedte.de\/en\/wolfenbuettel-lessingstadt\/wolfenbuttel\/"},{"@type":"ListItem","position":4,"name":"Guided tours in Wolfenb\u00fcttel"}]},{"@type":"WebSite","@id":"https:\/\/9staedte.de\/en\/#website","url":"https:\/\/9staedte.de\/en\/","name":"9 St\u00e4dte in Niedersachsen","description":"","publisher":{"@id":"https:\/\/9staedte.de\/en\/#organization"},"potentialAction":[{"@type":"SearchAction","target":{"@type":"EntryPoint","urlTemplate":"https:\/\/9staedte.de\/en\/?s={search_term_string}"},"query-input":{"@type":"PropertyValueSpecification","valueRequired":true,"valueName":"search_term_string"}}],"inLanguage":"en-US"},{"@type":"Organization","@id":"https:\/\/9staedte.de\/en\/#organization","name":"9 St\u00e4dte in Niedersachsen","url":"https:\/\/9staedte.de\/en\/","logo":{"@type":"ImageObject","inLanguage":"en-US","@id":"https:\/\/9staedte.de\/en\/#\/schema\/logo\/image\/","url":"https:\/\/9staedte.de\/wp-content\/uploads\/2025\/01\/9-neg-deutsch-2-1.png","contentUrl":"https:\/\/9staedte.de\/wp-content\/uploads\/2025\/01\/9-neg-deutsch-2-1.png","width":190,"height":114,"caption":"9 St\u00e4dte in Niedersachsen"},"image":{"@id":"https:\/\/9staedte.de\/en\/#\/schema\/logo\/image\/"}}]}},"_links":{"self":[{"href":"https:\/\/9staedte.de\/en\/wp-json\/wp\/v2\/pages\/2566","targetHints":{"allow":["GET"]}}],"collection":[{"href":"https:\/\/9staedte.de\/en\/wp-json\/wp\/v2\/pages"}],"about":[{"href":"https:\/\/9staedte.de\/en\/wp-json\/wp\/v2\/types\/page"}],"author":[{"embeddable":true,"href":"https:\/\/9staedte.de\/en\/wp-json\/wp\/v2\/users\/1"}],"replies":[{"embeddable":true,"href":"https:\/\/9staedte.de\/en\/wp-json\/wp\/v2\/comments?post=2566"}],"version-history":[{"count":3,"href":"https:\/\/9staedte.de\/en\/wp-json\/wp\/v2\/pages\/2566\/revisions"}],"predecessor-version":[{"id":3316,"href":"https:\/\/9staedte.de\/en\/wp-json\/wp\/v2\/pages\/2566\/revisions\/3316"}],"up":[{"embeddable":true,"href":"https:\/\/9staedte.de\/en\/wp-json\/wp\/v2\/pages\/1466"}],"wp:featuredmedia":[{"embeddable":true,"href":"https:\/\/9staedte.de\/en\/wp-json\/wp\/v2\/media\/3304"}],"wp:attachment":[{"href":"https:\/\/9staedte.de\/en\/wp-json\/wp\/v2\/media?parent=2566"}],"wp:term":[{"taxonomy":"category","embeddable":true,"href":"https:\/\/9staedte.de\/en\/wp-json\/wp\/v2\/categories?post=2566"},{"taxonomy":"post_tag","embeddable":true,"href":"https:\/\/9staedte.de\/en\/wp-json\/wp\/v2\/tags?post=2566"},{"taxonomy":"ncap_cities_tax","embeddable":true,"href":"https:\/\/9staedte.de\/en\/wp-json\/wp\/v2\/ncap_cities_tax?post=2566"}],"curies":[{"name":"wp","href":"https:\/\/api.w.org\/{rel}","templated":true}]}}