{"id":2562,"date":"2022-07-11T12:32:36","date_gmt":"2022-07-11T10:32:36","guid":{"rendered":"https:\/\/9staedte.de\/?page_id=2562"},"modified":"2023-10-09T11:40:20","modified_gmt":"2023-10-09T09:40:20","slug":"conventions-and-congresses-in-wolfenbuttel","status":"publish","type":"page","link":"https:\/\/9staedte.de\/en\/wolfenbuttel\/conventions-and-congresses-in-wolfenbuttel\/","title":{"rendered":"Conventions and Congresses in Wolfenb\u00fcttel"},"content":{"rendered":"\n<h2 class=\"wp-block-heading\">Book rooms for meetings and conventions in Wolfenb\u00fcttel<\/h2>\n\n\n\n<p>Whether a convention or congress is a success depends significantly on the right premises with an enjoyable atmosphere. Besides classic convention venues, Wolfenb\u00fcttel also offers you extraordinary locations. No matter whether for 10 or 800 persons, your convention activities are in the right hands here. Our locations are in central positions in Wolfenb\u00fcttel and can be reached conveniently via motorway A 395, Braunschweig railway station with ICE express connections, and Hannover Airport, which is only 60 minutes away.<\/p>\n\n\n\n<p>The place for your convention to make you feel at home!<\/p>\n\n\n\n<div class=\"content-grid\">\n\n\n  \n  <div class=\"grid\">\n                        \n                    \n          <div class=\"featured-themen-single\">\n            <div class=\"featured-themen-single-inner\" style=\"background-image: url('https:\/\/9staedte.de\/wp-content\/smush-webp\/2023\/03\/Lindenhalle-c-Susanne-Huebner.jpg.webp')\">\n              \n              <a href=\"https:\/\/9staedte.de\/en\/tipps-fuer-ihre-tagung-in-wolfenbuettel\/\">\n                <span>Tips for your meeting in Wolfenb\u00fcttel<\/span>\n              <\/a>\n            <\/div>\n          <\/div>\n    \n          \n                  \n                    \n          <div class=\"featured-themen-single\">\n            <div class=\"featured-themen-single-inner\" style=\"background-image: url('https:\/\/9staedte.de\/wp-content\/smush-webp\/2023\/03\/2-c-Stadt-Wolfenbuettel-Jugendgaestehaus.jpg.webp')\">\n              \n              <a href=\"https:\/\/9staedte.de\/en\/angebots-und-serviceleistungen-in-der-lessingstadt-wolfenbuettel\/\">\n                <span>Offers and Services of the Lessingstadt Wolfenb\u00fcttel<\/span>\n              <\/a>\n            <\/div>\n          <\/div>\n    \n          \n                  \n                    \n          <div class=\"featured-themen-single\">\n            <div class=\"featured-themen-single-inner\" style=\"background-image: url('https:\/\/9staedte.de\/wp-content\/smush-webp\/2023\/06\/Schloss_Christian_Bierwagen.jpg.webp')\">\n              \n              <a href=\"https:\/\/9staedte.de\/en\/kontakt-stadt-wolfenbuettel\/\">\n                <span>Contact: <br>City of Wolfenb\u00fcttel<\/span>\n              <\/a>\n            <\/div>\n          <\/div>\n    \n          \n                          \n        <\/div>\n<\/div>\n\n\n<p><\/p>\n","protected":false},"excerpt":{"rendered":"<p>Book rooms for meetings and conventions in Wolfenb\u00fcttel Whether a convention or congress is a success depends significantly on the right premises with an enjoyable atmosphere. Besides classic convention venues, Wolfenb\u00fcttel also offers you extraordinary locations. No matter whether for 10 or 800 persons, your convention activities are in the right hands here. Our locations [&hellip;]<\/p>\n","protected":false},"author":1,"featured_media":4389,"parent":1466,"menu_order":0,"comment_status":"closed","ping_status":"closed","template":"pagetemplates\/template-stadtthema.php","meta":{"_acf_changed":false,"footnotes":""},"categories":[],"tags":[],"ncap_cities_tax":[1174,467],"class_list":["post-2562","page","type-page","status-publish","has-post-thumbnail","hentry","ncap_cities_tax-tagungen-und-kongresse-wolfenbuettel-en-wolfenbuettel","ncap_cities_tax-wolfenbuettel-en"],"acf":[],"yoast_head":"<!-- This site is optimized with the Yoast SEO plugin v26.8 - https:\/\/yoast.com\/product\/yoast-seo-wordpress\/ -->\n<title>Conventions and Congresses in Wolfenb\u00fcttel - 9 St\u00e4dte in Niedersachsen<\/title>\n<meta name=\"robots\" content=\"index, follow, max-snippet:-1, max-image-preview:large, max-video-preview:-1\" \/>\n<link rel=\"canonical\" href=\"https:\/\/9staedte.de\/en\/wolfenbuttel\/conventions-and-congresses-in-wolfenbuttel\/\" \/>\n<meta property=\"og:locale\" content=\"en_US\" \/>\n<meta property=\"og:type\" content=\"article\" \/>\n<meta property=\"og:title\" content=\"Conventions and Congresses in Wolfenb\u00fcttel - 9 St\u00e4dte in Niedersachsen\" \/>\n<meta property=\"og:description\" content=\"Book rooms for meetings and conventions in Wolfenb\u00fcttel Whether a convention or congress is a success depends significantly on the right premises with an enjoyable atmosphere. Besides classic convention venues, Wolfenb\u00fcttel also offers you extraordinary locations. No matter whether for 10 or 800 persons, your convention activities are in the right hands here. Our locations [&hellip;]\" \/>\n<meta property=\"og:url\" content=\"https:\/\/9staedte.de\/en\/wolfenbuttel\/conventions-and-congresses-in-wolfenbuttel\/\" \/>\n<meta property=\"og:site_name\" content=\"9 St\u00e4dte in Niedersachsen\" \/>\n<meta property=\"article:modified_time\" content=\"2023-10-09T09:40:20+00:00\" \/>\n<meta property=\"og:image\" content=\"https:\/\/9staedte.de\/wp-content\/uploads\/2023\/03\/Wolfenbuettel-c-Susanne-Huebner.jpg\" \/>\n\t<meta property=\"og:image:width\" content=\"1020\" \/>\n\t<meta property=\"og:image:height\" content=\"561\" \/>\n\t<meta property=\"og:image:type\" content=\"image\/jpeg\" \/>\n<meta name=\"twitter:card\" content=\"summary_large_image\" \/>\n<meta name=\"twitter:label1\" content=\"Est. reading time\" \/>\n\t<meta name=\"twitter:data1\" content=\"1 minute\" \/>\n<script type=\"application\/ld+json\" class=\"yoast-schema-graph\">{\"@context\":\"https:\/\/schema.org\",\"@graph\":[{\"@type\":\"WebPage\",\"@id\":\"https:\/\/9staedte.de\/en\/wolfenbuttel\/conventions-and-congresses-in-wolfenbuttel\/\",\"url\":\"https:\/\/9staedte.de\/en\/wolfenbuttel\/conventions-and-congresses-in-wolfenbuttel\/\",\"name\":\"Conventions and Congresses in Wolfenb\u00fcttel - 9 St\u00e4dte in Niedersachsen\",\"isPartOf\":{\"@id\":\"https:\/\/9staedte.de\/en\/#website\"},\"primaryImageOfPage\":{\"@id\":\"https:\/\/9staedte.de\/en\/wolfenbuttel\/conventions-and-congresses-in-wolfenbuttel\/#primaryimage\"},\"image\":{\"@id\":\"https:\/\/9staedte.de\/en\/wolfenbuttel\/conventions-and-congresses-in-wolfenbuttel\/#primaryimage\"},\"thumbnailUrl\":\"https:\/\/9staedte.de\/wp-content\/uploads\/2023\/03\/Wolfenbuettel-c-Susanne-Huebner.jpg\",\"datePublished\":\"2022-07-11T10:32:36+00:00\",\"dateModified\":\"2023-10-09T09:40:20+00:00\",\"breadcrumb\":{\"@id\":\"https:\/\/9staedte.de\/en\/wolfenbuttel\/conventions-and-congresses-in-wolfenbuttel\/#breadcrumb\"},\"inLanguage\":\"en-US\",\"potentialAction\":[{\"@type\":\"ReadAction\",\"target\":[\"https:\/\/9staedte.de\/en\/wolfenbuttel\/conventions-and-congresses-in-wolfenbuttel\/\"]}]},{\"@type\":\"ImageObject\",\"inLanguage\":\"en-US\",\"@id\":\"https:\/\/9staedte.de\/en\/wolfenbuttel\/conventions-and-congresses-in-wolfenbuttel\/#primaryimage\",\"url\":\"https:\/\/9staedte.de\/wp-content\/uploads\/2023\/03\/Wolfenbuettel-c-Susanne-Huebner.jpg\",\"contentUrl\":\"https:\/\/9staedte.de\/wp-content\/uploads\/2023\/03\/Wolfenbuettel-c-Susanne-Huebner.jpg\",\"width\":1020,\"height\":561,\"caption\":\"Wolfenb\u00fcttel (c) Susanne H\u00fcbner\"},{\"@type\":\"BreadcrumbList\",\"@id\":\"https:\/\/9staedte.de\/en\/wolfenbuttel\/conventions-and-congresses-in-wolfenbuttel\/#breadcrumb\",\"itemListElement\":[{\"@type\":\"ListItem\",\"position\":1,\"name\":\"Startseite\",\"item\":\"https:\/\/9staedte.de\/en\/\"},{\"@type\":\"ListItem\",\"position\":2,\"name\":\"Wolfenb\u00fcttel &#8211; Residential City\",\"item\":\"https:\/\/9staedte.de\/en\/wolfenbuettel-lessingstadt\/wolfenbuttel\/\"},{\"@type\":\"ListItem\",\"position\":3,\"name\":\"Conventions and Congresses in Wolfenb\u00fcttel\"}]},{\"@type\":\"WebSite\",\"@id\":\"https:\/\/9staedte.de\/en\/#website\",\"url\":\"https:\/\/9staedte.de\/en\/\",\"name\":\"9 St\u00e4dte in Niedersachsen\",\"description\":\"\",\"publisher\":{\"@id\":\"https:\/\/9staedte.de\/en\/#organization\"},\"potentialAction\":[{\"@type\":\"SearchAction\",\"target\":{\"@type\":\"EntryPoint\",\"urlTemplate\":\"https:\/\/9staedte.de\/en\/?s={search_term_string}\"},\"query-input\":{\"@type\":\"PropertyValueSpecification\",\"valueRequired\":true,\"valueName\":\"search_term_string\"}}],\"inLanguage\":\"en-US\"},{\"@type\":\"Organization\",\"@id\":\"https:\/\/9staedte.de\/en\/#organization\",\"name\":\"9 St\u00e4dte in Niedersachsen\",\"url\":\"https:\/\/9staedte.de\/en\/\",\"logo\":{\"@type\":\"ImageObject\",\"inLanguage\":\"en-US\",\"@id\":\"https:\/\/9staedte.de\/en\/#\/schema\/logo\/image\/\",\"url\":\"https:\/\/9staedte.de\/wp-content\/uploads\/2025\/01\/9-neg-deutsch-2-1.png\",\"contentUrl\":\"https:\/\/9staedte.de\/wp-content\/uploads\/2025\/01\/9-neg-deutsch-2-1.png\",\"width\":190,\"height\":114,\"caption\":\"9 St\u00e4dte in Niedersachsen\"},\"image\":{\"@id\":\"https:\/\/9staedte.de\/en\/#\/schema\/logo\/image\/\"}}]}<\/script>\n<!-- \/ Yoast SEO plugin. -->","yoast_head_json":{"title":"Conventions and Congresses in Wolfenb\u00fcttel - 9 St\u00e4dte in Niedersachsen","robots":{"index":"index","follow":"follow","max-snippet":"max-snippet:-1","max-image-preview":"max-image-preview:large","max-video-preview":"max-video-preview:-1"},"canonical":"https:\/\/9staedte.de\/en\/wolfenbuttel\/conventions-and-congresses-in-wolfenbuttel\/","og_locale":"en_US","og_type":"article","og_title":"Conventions and Congresses in Wolfenb\u00fcttel - 9 St\u00e4dte in Niedersachsen","og_description":"Book rooms for meetings and conventions in Wolfenb\u00fcttel Whether a convention or congress is a success depends significantly on the right premises with an enjoyable atmosphere. Besides classic convention venues, Wolfenb\u00fcttel also offers you extraordinary locations. No matter whether for 10 or 800 persons, your convention activities are in the right hands here. Our locations [&hellip;]","og_url":"https:\/\/9staedte.de\/en\/wolfenbuttel\/conventions-and-congresses-in-wolfenbuttel\/","og_site_name":"9 St\u00e4dte in Niedersachsen","article_modified_time":"2023-10-09T09:40:20+00:00","og_image":[{"width":1020,"height":561,"url":"https:\/\/9staedte.de\/wp-content\/uploads\/2023\/03\/Wolfenbuettel-c-Susanne-Huebner.jpg","type":"image\/jpeg"}],"twitter_card":"summary_large_image","twitter_misc":{"Est. reading time":"1 minute"},"schema":{"@context":"https:\/\/schema.org","@graph":[{"@type":"WebPage","@id":"https:\/\/9staedte.de\/en\/wolfenbuttel\/conventions-and-congresses-in-wolfenbuttel\/","url":"https:\/\/9staedte.de\/en\/wolfenbuttel\/conventions-and-congresses-in-wolfenbuttel\/","name":"Conventions and Congresses in Wolfenb\u00fcttel - 9 St\u00e4dte in Niedersachsen","isPartOf":{"@id":"https:\/\/9staedte.de\/en\/#website"},"primaryImageOfPage":{"@id":"https:\/\/9staedte.de\/en\/wolfenbuttel\/conventions-and-congresses-in-wolfenbuttel\/#primaryimage"},"image":{"@id":"https:\/\/9staedte.de\/en\/wolfenbuttel\/conventions-and-congresses-in-wolfenbuttel\/#primaryimage"},"thumbnailUrl":"https:\/\/9staedte.de\/wp-content\/uploads\/2023\/03\/Wolfenbuettel-c-Susanne-Huebner.jpg","datePublished":"2022-07-11T10:32:36+00:00","dateModified":"2023-10-09T09:40:20+00:00","breadcrumb":{"@id":"https:\/\/9staedte.de\/en\/wolfenbuttel\/conventions-and-congresses-in-wolfenbuttel\/#breadcrumb"},"inLanguage":"en-US","potentialAction":[{"@type":"ReadAction","target":["https:\/\/9staedte.de\/en\/wolfenbuttel\/conventions-and-congresses-in-wolfenbuttel\/"]}]},{"@type":"ImageObject","inLanguage":"en-US","@id":"https:\/\/9staedte.de\/en\/wolfenbuttel\/conventions-and-congresses-in-wolfenbuttel\/#primaryimage","url":"https:\/\/9staedte.de\/wp-content\/uploads\/2023\/03\/Wolfenbuettel-c-Susanne-Huebner.jpg","contentUrl":"https:\/\/9staedte.de\/wp-content\/uploads\/2023\/03\/Wolfenbuettel-c-Susanne-Huebner.jpg","width":1020,"height":561,"caption":"Wolfenb\u00fcttel (c) Susanne H\u00fcbner"},{"@type":"BreadcrumbList","@id":"https:\/\/9staedte.de\/en\/wolfenbuttel\/conventions-and-congresses-in-wolfenbuttel\/#breadcrumb","itemListElement":[{"@type":"ListItem","position":1,"name":"Startseite","item":"https:\/\/9staedte.de\/en\/"},{"@type":"ListItem","position":2,"name":"Wolfenb\u00fcttel &#8211; Residential City","item":"https:\/\/9staedte.de\/en\/wolfenbuettel-lessingstadt\/wolfenbuttel\/"},{"@type":"ListItem","position":3,"name":"Conventions and Congresses in Wolfenb\u00fcttel"}]},{"@type":"WebSite","@id":"https:\/\/9staedte.de\/en\/#website","url":"https:\/\/9staedte.de\/en\/","name":"9 St\u00e4dte in Niedersachsen","description":"","publisher":{"@id":"https:\/\/9staedte.de\/en\/#organization"},"potentialAction":[{"@type":"SearchAction","target":{"@type":"EntryPoint","urlTemplate":"https:\/\/9staedte.de\/en\/?s={search_term_string}"},"query-input":{"@type":"PropertyValueSpecification","valueRequired":true,"valueName":"search_term_string"}}],"inLanguage":"en-US"},{"@type":"Organization","@id":"https:\/\/9staedte.de\/en\/#organization","name":"9 St\u00e4dte in Niedersachsen","url":"https:\/\/9staedte.de\/en\/","logo":{"@type":"ImageObject","inLanguage":"en-US","@id":"https:\/\/9staedte.de\/en\/#\/schema\/logo\/image\/","url":"https:\/\/9staedte.de\/wp-content\/uploads\/2025\/01\/9-neg-deutsch-2-1.png","contentUrl":"https:\/\/9staedte.de\/wp-content\/uploads\/2025\/01\/9-neg-deutsch-2-1.png","width":190,"height":114,"caption":"9 St\u00e4dte in Niedersachsen"},"image":{"@id":"https:\/\/9staedte.de\/en\/#\/schema\/logo\/image\/"}}]}},"_links":{"self":[{"href":"https:\/\/9staedte.de\/en\/wp-json\/wp\/v2\/pages\/2562","targetHints":{"allow":["GET"]}}],"collection":[{"href":"https:\/\/9staedte.de\/en\/wp-json\/wp\/v2\/pages"}],"about":[{"href":"https:\/\/9staedte.de\/en\/wp-json\/wp\/v2\/types\/page"}],"author":[{"embeddable":true,"href":"https:\/\/9staedte.de\/en\/wp-json\/wp\/v2\/users\/1"}],"replies":[{"embeddable":true,"href":"https:\/\/9staedte.de\/en\/wp-json\/wp\/v2\/comments?post=2562"}],"version-history":[{"count":12,"href":"https:\/\/9staedte.de\/en\/wp-json\/wp\/v2\/pages\/2562\/revisions"}],"predecessor-version":[{"id":7386,"href":"https:\/\/9staedte.de\/en\/wp-json\/wp\/v2\/pages\/2562\/revisions\/7386"}],"up":[{"embeddable":true,"href":"https:\/\/9staedte.de\/en\/wp-json\/wp\/v2\/pages\/1466"}],"wp:featuredmedia":[{"embeddable":true,"href":"https:\/\/9staedte.de\/en\/wp-json\/wp\/v2\/media\/4389"}],"wp:attachment":[{"href":"https:\/\/9staedte.de\/en\/wp-json\/wp\/v2\/media?parent=2562"}],"wp:term":[{"taxonomy":"category","embeddable":true,"href":"https:\/\/9staedte.de\/en\/wp-json\/wp\/v2\/categories?post=2562"},{"taxonomy":"post_tag","embeddable":true,"href":"https:\/\/9staedte.de\/en\/wp-json\/wp\/v2\/tags?post=2562"},{"taxonomy":"ncap_cities_tax","embeddable":true,"href":"https:\/\/9staedte.de\/en\/wp-json\/wp\/v2\/ncap_cities_tax?post=2562"}],"curies":[{"name":"wp","href":"https:\/\/api.w.org\/{rel}","templated":true}]}}