{"id":2554,"date":"2022-07-11T12:30:32","date_gmt":"2022-07-11T10:30:32","guid":{"rendered":"https:\/\/9staedte.de\/?page_id=2554"},"modified":"2023-07-10T17:31:07","modified_gmt":"2023-07-10T15:31:07","slug":"discover-wolfenbuttel-in-a-sustainable-way","status":"publish","type":"page","link":"https:\/\/9staedte.de\/en\/wolfenbuttel\/discover-wolfenbuttel-in-a-sustainable-way\/","title":{"rendered":"Discover Wolfenb\u00fcttel in a sustainable way"},"content":{"rendered":"\n<h2 class=\"wp-block-heading\">Holiday from the start<\/h2>\n\n\n\n<p>Your holiday in Wolfenb\u00fcttel starts with a walk from the railway station to your selected accommodation. This will take you past beautiful Wilhelm period houses and through the Seeligerpark or along the Wallanlage (ramparts) with its ancient trees, and you can be in the Old Town in only a few minutes. The Old Town is a sight worth seeing with more than 1,000 half-timbered houses, lovely squares and of course the Welfenschloss (Guelph palace), the world-famous Duke August\u2019s library, the Lessinghaus, the new Memorial for the Victims of National Socialist Justice and the churches. A visit to the \u2018Lessing town\u2019 is particularly sustainable because its layout is so compact. All guided tours of the town centre can easily be managed on foot, and those looking to travel further afield can simply hire an e-bike at the step-free Tourist Information office. Wolfenb\u00fcttel is also ideal as a starting point for bike tours in the region.<\/p>\n\n\n\n<p>Wolfenb\u00fcttel has an outstanding public transport network. From the ICE railway station in the neighbouring city of Braunschweig, you can take the regional train to reach Wolfenb\u00fcttel in just under ten minutes, or the bus in just under 20 minutes. In addition, you can reach Berlin from Wolfenb\u00fcttel in just 1.5 hours.<\/p>\n\n\n\n\n<div class=\"banner-wrapper\">\n  <div class=\"banner-inner \">\n      <div class=\"img-container\">\n      <div class=\"img-wrapper\">\n        <img decoding=\"async\" src=\"https:\/\/9staedte.de\/wp-content\/smush-webp\/2023\/04\/Raddahren-in-Wolfenbuettel-c-Christian-Bierwagen.jpg.webp\" alt=\"The picture shows two people with bicycles. They are wearing helmets. They stand on a square in the city. In the background is a fountain with a statue. The people are smiling. It looks like a nice day.\" \/>\n                  <div class=\"thumbnail-label\">\n            <span>Radfahren in Wolfenb\u00fcttel c) Christian Bierwagen<\/span>\n          <\/div>\n              <\/div>\n    <\/div>\n        <div class=\"text-container\">\n      <div class=\"content\">\n        <h2>9 tips how to discover Wolfenb\u00fcttel sustainable<\/h2>\n<p>\u2013 Certified fair trade town<\/p>\n<p>\u2013 Owner-run luxury shops such as butchers, wine merchants, health food stores and much more<\/p>\n<p>\u2013 Wednesdays and Saturdays Weekly marketwith regional organic produce<\/p>\n<p>\u2013 Distinguished as a Bicycle-friendly municipality: e-bikes can be hired at the Tourist Information office for individuals and, subject to prior registration, also for groups; Tour tips, such as: By bike on the Lessing trail from Wolfenb\u00fcttel to Braunschweig and back again<\/p>\n<p>\u2013 Family-friendly opportunities in the town with its rampart and park gardens: The L\u00d6WEPfad forest experience path in the Lechlumer\u00a0Holz at the northern edge of the town (can be reached by buses running every 15\u00a0minutes)<\/p>\n<p>\u2013 Numerous canoe jetties\/rentals along the River Oker for extended tours in the natural landscape<\/p>\n<p>\u2013 Geocaching on the Lessing trail<\/p>\n<p>\u2013 RECUP returnable cup system<\/p>\n<p>\u2013 Good railway connections in the region: Braunschweig, Goslar, Harz mountains<\/p>\n      <\/div>\n    <\/div>\n    <\/div>\n<\/div>\n\n","protected":false},"excerpt":{"rendered":"<p>Holiday from the start Your holiday in Wolfenb\u00fcttel starts with a walk from the railway station to your selected accommodation. This will take you past beautiful Wilhelm period houses and through the Seeligerpark or along the Wallanlage (ramparts) with its ancient trees, and you can be in the Old Town in only a few minutes. [&hellip;]<\/p>\n","protected":false},"author":1,"featured_media":5096,"parent":1466,"menu_order":0,"comment_status":"closed","ping_status":"closed","template":"pagetemplates\/template-stadtthema.php","meta":{"_acf_changed":false,"footnotes":""},"categories":[],"tags":[],"ncap_cities_tax":[1090,467],"class_list":["post-2554","page","type-page","status-publish","has-post-thumbnail","hentry","ncap_cities_tax-naturerlebnisse-und-nachhaltigkeit-wolfenbuettel-en","ncap_cities_tax-wolfenbuettel-en"],"acf":[],"yoast_head":"<!-- This site is optimized with the Yoast SEO plugin v26.8 - https:\/\/yoast.com\/product\/yoast-seo-wordpress\/ -->\n<title>Discover Wolfenb\u00fcttel in a sustainable way - 9 St\u00e4dte in Niedersachsen<\/title>\n<meta name=\"robots\" content=\"index, follow, max-snippet:-1, max-image-preview:large, max-video-preview:-1\" \/>\n<link rel=\"canonical\" href=\"https:\/\/9staedte.de\/en\/wolfenbuttel\/discover-wolfenbuttel-in-a-sustainable-way\/\" \/>\n<meta property=\"og:locale\" content=\"en_US\" \/>\n<meta property=\"og:type\" content=\"article\" \/>\n<meta property=\"og:title\" content=\"Discover Wolfenb\u00fcttel in a sustainable way - 9 St\u00e4dte in Niedersachsen\" \/>\n<meta property=\"og:description\" content=\"Holiday from the start Your holiday in Wolfenb\u00fcttel starts with a walk from the railway station to your selected accommodation. This will take you past beautiful Wilhelm period houses and through the Seeligerpark or along the Wallanlage (ramparts) with its ancient trees, and you can be in the Old Town in only a few minutes. [&hellip;]\" \/>\n<meta property=\"og:url\" content=\"https:\/\/9staedte.de\/en\/wolfenbuttel\/discover-wolfenbuttel-in-a-sustainable-way\/\" \/>\n<meta property=\"og:site_name\" content=\"9 St\u00e4dte in Niedersachsen\" \/>\n<meta property=\"article:modified_time\" content=\"2023-07-10T15:31:07+00:00\" \/>\n<meta property=\"og:image\" content=\"https:\/\/9staedte.de\/wp-content\/uploads\/2023\/04\/Wallanlagen-Wolfenbuettel-c-Achim-Meurer.jpg\" \/>\n\t<meta property=\"og:image:width\" content=\"1020\" \/>\n\t<meta property=\"og:image:height\" content=\"560\" \/>\n\t<meta property=\"og:image:type\" content=\"image\/jpeg\" \/>\n<meta name=\"twitter:card\" content=\"summary_large_image\" \/>\n<meta name=\"twitter:label1\" content=\"Est. reading time\" \/>\n\t<meta name=\"twitter:data1\" content=\"1 minute\" \/>\n<script type=\"application\/ld+json\" class=\"yoast-schema-graph\">{\"@context\":\"https:\/\/schema.org\",\"@graph\":[{\"@type\":\"WebPage\",\"@id\":\"https:\/\/9staedte.de\/en\/wolfenbuttel\/discover-wolfenbuttel-in-a-sustainable-way\/\",\"url\":\"https:\/\/9staedte.de\/en\/wolfenbuttel\/discover-wolfenbuttel-in-a-sustainable-way\/\",\"name\":\"Discover Wolfenb\u00fcttel in a sustainable way - 9 St\u00e4dte in Niedersachsen\",\"isPartOf\":{\"@id\":\"https:\/\/9staedte.de\/en\/#website\"},\"primaryImageOfPage\":{\"@id\":\"https:\/\/9staedte.de\/en\/wolfenbuttel\/discover-wolfenbuttel-in-a-sustainable-way\/#primaryimage\"},\"image\":{\"@id\":\"https:\/\/9staedte.de\/en\/wolfenbuttel\/discover-wolfenbuttel-in-a-sustainable-way\/#primaryimage\"},\"thumbnailUrl\":\"https:\/\/9staedte.de\/wp-content\/uploads\/2023\/04\/Wallanlagen-Wolfenbuettel-c-Achim-Meurer.jpg\",\"datePublished\":\"2022-07-11T10:30:32+00:00\",\"dateModified\":\"2023-07-10T15:31:07+00:00\",\"breadcrumb\":{\"@id\":\"https:\/\/9staedte.de\/en\/wolfenbuttel\/discover-wolfenbuttel-in-a-sustainable-way\/#breadcrumb\"},\"inLanguage\":\"en-US\",\"potentialAction\":[{\"@type\":\"ReadAction\",\"target\":[\"https:\/\/9staedte.de\/en\/wolfenbuttel\/discover-wolfenbuttel-in-a-sustainable-way\/\"]}]},{\"@type\":\"ImageObject\",\"inLanguage\":\"en-US\",\"@id\":\"https:\/\/9staedte.de\/en\/wolfenbuttel\/discover-wolfenbuttel-in-a-sustainable-way\/#primaryimage\",\"url\":\"https:\/\/9staedte.de\/wp-content\/uploads\/2023\/04\/Wallanlagen-Wolfenbuettel-c-Achim-Meurer.jpg\",\"contentUrl\":\"https:\/\/9staedte.de\/wp-content\/uploads\/2023\/04\/Wallanlagen-Wolfenbuettel-c-Achim-Meurer.jpg\",\"width\":1020,\"height\":560,\"caption\":\"Gr\u00fcnes Wolfenb\u00fcttel - Wallanlagen c) Achim Meurer\"},{\"@type\":\"BreadcrumbList\",\"@id\":\"https:\/\/9staedte.de\/en\/wolfenbuttel\/discover-wolfenbuttel-in-a-sustainable-way\/#breadcrumb\",\"itemListElement\":[{\"@type\":\"ListItem\",\"position\":1,\"name\":\"Startseite\",\"item\":\"https:\/\/9staedte.de\/en\/\"},{\"@type\":\"ListItem\",\"position\":2,\"name\":\"Wolfenb\u00fcttel &#8211; Die Lessingstadt\",\"item\":\"https:\/\/9staedte.de\/en\/wolfenbuettel-lessingstadt\/\"},{\"@type\":\"ListItem\",\"position\":3,\"name\":\"Wolfenb\u00fcttel &#8211; Residential City\",\"item\":\"https:\/\/9staedte.de\/en\/wolfenbuettel-lessingstadt\/wolfenbuttel\/\"},{\"@type\":\"ListItem\",\"position\":4,\"name\":\"Discover Wolfenb\u00fcttel in a sustainable way\"}]},{\"@type\":\"WebSite\",\"@id\":\"https:\/\/9staedte.de\/en\/#website\",\"url\":\"https:\/\/9staedte.de\/en\/\",\"name\":\"9 St\u00e4dte in Niedersachsen\",\"description\":\"\",\"publisher\":{\"@id\":\"https:\/\/9staedte.de\/en\/#organization\"},\"potentialAction\":[{\"@type\":\"SearchAction\",\"target\":{\"@type\":\"EntryPoint\",\"urlTemplate\":\"https:\/\/9staedte.de\/en\/?s={search_term_string}\"},\"query-input\":{\"@type\":\"PropertyValueSpecification\",\"valueRequired\":true,\"valueName\":\"search_term_string\"}}],\"inLanguage\":\"en-US\"},{\"@type\":\"Organization\",\"@id\":\"https:\/\/9staedte.de\/en\/#organization\",\"name\":\"9 St\u00e4dte in Niedersachsen\",\"url\":\"https:\/\/9staedte.de\/en\/\",\"logo\":{\"@type\":\"ImageObject\",\"inLanguage\":\"en-US\",\"@id\":\"https:\/\/9staedte.de\/en\/#\/schema\/logo\/image\/\",\"url\":\"https:\/\/9staedte.de\/wp-content\/uploads\/2025\/01\/9-neg-deutsch-2-1.png\",\"contentUrl\":\"https:\/\/9staedte.de\/wp-content\/uploads\/2025\/01\/9-neg-deutsch-2-1.png\",\"width\":190,\"height\":114,\"caption\":\"9 St\u00e4dte in Niedersachsen\"},\"image\":{\"@id\":\"https:\/\/9staedte.de\/en\/#\/schema\/logo\/image\/\"}}]}<\/script>\n<!-- \/ Yoast SEO plugin. -->","yoast_head_json":{"title":"Discover Wolfenb\u00fcttel in a sustainable way - 9 St\u00e4dte in Niedersachsen","robots":{"index":"index","follow":"follow","max-snippet":"max-snippet:-1","max-image-preview":"max-image-preview:large","max-video-preview":"max-video-preview:-1"},"canonical":"https:\/\/9staedte.de\/en\/wolfenbuttel\/discover-wolfenbuttel-in-a-sustainable-way\/","og_locale":"en_US","og_type":"article","og_title":"Discover Wolfenb\u00fcttel in a sustainable way - 9 St\u00e4dte in Niedersachsen","og_description":"Holiday from the start Your holiday in Wolfenb\u00fcttel starts with a walk from the railway station to your selected accommodation. This will take you past beautiful Wilhelm period houses and through the Seeligerpark or along the Wallanlage (ramparts) with its ancient trees, and you can be in the Old Town in only a few minutes. [&hellip;]","og_url":"https:\/\/9staedte.de\/en\/wolfenbuttel\/discover-wolfenbuttel-in-a-sustainable-way\/","og_site_name":"9 St\u00e4dte in Niedersachsen","article_modified_time":"2023-07-10T15:31:07+00:00","og_image":[{"width":1020,"height":560,"url":"https:\/\/9staedte.de\/wp-content\/uploads\/2023\/04\/Wallanlagen-Wolfenbuettel-c-Achim-Meurer.jpg","type":"image\/jpeg"}],"twitter_card":"summary_large_image","twitter_misc":{"Est. reading time":"1 minute"},"schema":{"@context":"https:\/\/schema.org","@graph":[{"@type":"WebPage","@id":"https:\/\/9staedte.de\/en\/wolfenbuttel\/discover-wolfenbuttel-in-a-sustainable-way\/","url":"https:\/\/9staedte.de\/en\/wolfenbuttel\/discover-wolfenbuttel-in-a-sustainable-way\/","name":"Discover Wolfenb\u00fcttel in a sustainable way - 9 St\u00e4dte in Niedersachsen","isPartOf":{"@id":"https:\/\/9staedte.de\/en\/#website"},"primaryImageOfPage":{"@id":"https:\/\/9staedte.de\/en\/wolfenbuttel\/discover-wolfenbuttel-in-a-sustainable-way\/#primaryimage"},"image":{"@id":"https:\/\/9staedte.de\/en\/wolfenbuttel\/discover-wolfenbuttel-in-a-sustainable-way\/#primaryimage"},"thumbnailUrl":"https:\/\/9staedte.de\/wp-content\/uploads\/2023\/04\/Wallanlagen-Wolfenbuettel-c-Achim-Meurer.jpg","datePublished":"2022-07-11T10:30:32+00:00","dateModified":"2023-07-10T15:31:07+00:00","breadcrumb":{"@id":"https:\/\/9staedte.de\/en\/wolfenbuttel\/discover-wolfenbuttel-in-a-sustainable-way\/#breadcrumb"},"inLanguage":"en-US","potentialAction":[{"@type":"ReadAction","target":["https:\/\/9staedte.de\/en\/wolfenbuttel\/discover-wolfenbuttel-in-a-sustainable-way\/"]}]},{"@type":"ImageObject","inLanguage":"en-US","@id":"https:\/\/9staedte.de\/en\/wolfenbuttel\/discover-wolfenbuttel-in-a-sustainable-way\/#primaryimage","url":"https:\/\/9staedte.de\/wp-content\/uploads\/2023\/04\/Wallanlagen-Wolfenbuettel-c-Achim-Meurer.jpg","contentUrl":"https:\/\/9staedte.de\/wp-content\/uploads\/2023\/04\/Wallanlagen-Wolfenbuettel-c-Achim-Meurer.jpg","width":1020,"height":560,"caption":"Gr\u00fcnes Wolfenb\u00fcttel - Wallanlagen c) Achim Meurer"},{"@type":"BreadcrumbList","@id":"https:\/\/9staedte.de\/en\/wolfenbuttel\/discover-wolfenbuttel-in-a-sustainable-way\/#breadcrumb","itemListElement":[{"@type":"ListItem","position":1,"name":"Startseite","item":"https:\/\/9staedte.de\/en\/"},{"@type":"ListItem","position":2,"name":"Wolfenb\u00fcttel &#8211; Die Lessingstadt","item":"https:\/\/9staedte.de\/en\/wolfenbuettel-lessingstadt\/"},{"@type":"ListItem","position":3,"name":"Wolfenb\u00fcttel &#8211; Residential City","item":"https:\/\/9staedte.de\/en\/wolfenbuettel-lessingstadt\/wolfenbuttel\/"},{"@type":"ListItem","position":4,"name":"Discover Wolfenb\u00fcttel in a sustainable way"}]},{"@type":"WebSite","@id":"https:\/\/9staedte.de\/en\/#website","url":"https:\/\/9staedte.de\/en\/","name":"9 St\u00e4dte in Niedersachsen","description":"","publisher":{"@id":"https:\/\/9staedte.de\/en\/#organization"},"potentialAction":[{"@type":"SearchAction","target":{"@type":"EntryPoint","urlTemplate":"https:\/\/9staedte.de\/en\/?s={search_term_string}"},"query-input":{"@type":"PropertyValueSpecification","valueRequired":true,"valueName":"search_term_string"}}],"inLanguage":"en-US"},{"@type":"Organization","@id":"https:\/\/9staedte.de\/en\/#organization","name":"9 St\u00e4dte in Niedersachsen","url":"https:\/\/9staedte.de\/en\/","logo":{"@type":"ImageObject","inLanguage":"en-US","@id":"https:\/\/9staedte.de\/en\/#\/schema\/logo\/image\/","url":"https:\/\/9staedte.de\/wp-content\/uploads\/2025\/01\/9-neg-deutsch-2-1.png","contentUrl":"https:\/\/9staedte.de\/wp-content\/uploads\/2025\/01\/9-neg-deutsch-2-1.png","width":190,"height":114,"caption":"9 St\u00e4dte in Niedersachsen"},"image":{"@id":"https:\/\/9staedte.de\/en\/#\/schema\/logo\/image\/"}}]}},"_links":{"self":[{"href":"https:\/\/9staedte.de\/en\/wp-json\/wp\/v2\/pages\/2554","targetHints":{"allow":["GET"]}}],"collection":[{"href":"https:\/\/9staedte.de\/en\/wp-json\/wp\/v2\/pages"}],"about":[{"href":"https:\/\/9staedte.de\/en\/wp-json\/wp\/v2\/types\/page"}],"author":[{"embeddable":true,"href":"https:\/\/9staedte.de\/en\/wp-json\/wp\/v2\/users\/1"}],"replies":[{"embeddable":true,"href":"https:\/\/9staedte.de\/en\/wp-json\/wp\/v2\/comments?post=2554"}],"version-history":[{"count":3,"href":"https:\/\/9staedte.de\/en\/wp-json\/wp\/v2\/pages\/2554\/revisions"}],"predecessor-version":[{"id":5103,"href":"https:\/\/9staedte.de\/en\/wp-json\/wp\/v2\/pages\/2554\/revisions\/5103"}],"up":[{"embeddable":true,"href":"https:\/\/9staedte.de\/en\/wp-json\/wp\/v2\/pages\/1466"}],"wp:featuredmedia":[{"embeddable":true,"href":"https:\/\/9staedte.de\/en\/wp-json\/wp\/v2\/media\/5096"}],"wp:attachment":[{"href":"https:\/\/9staedte.de\/en\/wp-json\/wp\/v2\/media?parent=2554"}],"wp:term":[{"taxonomy":"category","embeddable":true,"href":"https:\/\/9staedte.de\/en\/wp-json\/wp\/v2\/categories?post=2554"},{"taxonomy":"post_tag","embeddable":true,"href":"https:\/\/9staedte.de\/en\/wp-json\/wp\/v2\/tags?post=2554"},{"taxonomy":"ncap_cities_tax","embeddable":true,"href":"https:\/\/9staedte.de\/en\/wp-json\/wp\/v2\/ncap_cities_tax?post=2554"}],"curies":[{"name":"wp","href":"https:\/\/api.w.org\/{rel}","templated":true}]}}