{"id":2484,"date":"2022-07-11T12:00:43","date_gmt":"2022-07-11T10:00:43","guid":{"rendered":"https:\/\/9staedte.de\/?page_id=2484"},"modified":"2023-02-03T14:21:30","modified_gmt":"2023-02-03T13:21:30","slug":"guided-tours-in-hanover","status":"publish","type":"page","link":"https:\/\/9staedte.de\/en\/hannover-capital-of-lower-saxony\/guided-tours-in-hanover\/","title":{"rendered":"Guided tours in Hanover"},"content":{"rendered":"\r\n\r\n    <div class=\"filter-posts\">\r\n            <div  id=\"filterContent\">\r\n                                                        \n<div class=\"contentKachel filtr-item\" data-category=\"hannover-en\">\n    <a href=\"https:\/\/9staedte.de\/en\/hannover-walkabout\/\">\n        <div class=\"contentKachel-inner\">\n                            <div class=\"contentKachel-thumbnail\">\n                    <img loading=\"lazy\" decoding=\"async\" width=\"300\" height=\"165\" src=\"https:\/\/9staedte.de\/wp-content\/smush-webp\/2022\/06\/Hannover-Altstadt-c-HMTG-Lars-Gerhardts-300x165.jpg.webp\" class=\"objectfitcover withfilters wp-post-image\" alt=\"The picture shows many old half-timbered houses. The houses are in the old town of Hanover. In the center, there is a large church with a tower. Some people are walking in the street. The sun is shining.\" srcset=\"https:\/\/9staedte.de\/wp-content\/smush-webp\/2022\/06\/Hannover-Altstadt-c-HMTG-Lars-Gerhardts-300x165.jpg.webp 300w, https:\/\/9staedte.de\/wp-content\/smush-webp\/2022\/06\/Hannover-Altstadt-c-HMTG-Lars-Gerhardts-768x422.jpg.webp 768w, https:\/\/9staedte.de\/wp-content\/smush-webp\/2022\/06\/Hannover-Altstadt-c-HMTG-Lars-Gerhardts.jpg.webp 1020w\" sizes=\"auto, (max-width: 300px) 100vw, 300px\" \/>                    <img loading=\"lazy\" decoding=\"async\" width=\"300\" height=\"165\" src=\"https:\/\/9staedte.de\/wp-content\/smush-webp\/2022\/06\/Hannover-Altstadt-c-HMTG-Lars-Gerhardts-300x165.jpg.webp\" class=\"objectfitcontain wp-post-image\" alt=\"The picture shows many old half-timbered houses. The houses are in the old town of Hanover. In the center, there is a large church with a tower. Some people are walking in the street. The sun is shining.\" srcset=\"https:\/\/9staedte.de\/wp-content\/smush-webp\/2022\/06\/Hannover-Altstadt-c-HMTG-Lars-Gerhardts-300x165.jpg.webp 300w, https:\/\/9staedte.de\/wp-content\/smush-webp\/2022\/06\/Hannover-Altstadt-c-HMTG-Lars-Gerhardts-768x422.jpg.webp 768w, https:\/\/9staedte.de\/wp-content\/smush-webp\/2022\/06\/Hannover-Altstadt-c-HMTG-Lars-Gerhardts.jpg.webp 1020w\" sizes=\"auto, (max-width: 300px) 100vw, 300px\" \/>                        <div class=\"thumbnail-label\">\n    <span>Hannover Altstadt c) HMTG Lars Gerhardts<\/span>\n    <\/div>\n                <\/div>\n                        <div class=\"contentKachel-content\">\n                                    <div class=\"city-tag bg-hannover\">\n                        Hannover                    <\/div>\n                \n                <div class=\"title\">\n\n                    Hannover \u2013 walkabout                    \n                <\/div>\n\n                            <\/div>\n\n        <\/div>\n    <\/a>\n<\/div>                                                        \n<div class=\"contentKachel filtr-item\" data-category=\"hannover-en\">\n    <a href=\"https:\/\/9staedte.de\/en\/hop-on-hop-off-city-tour-hannover\/\">\n        <div class=\"contentKachel-inner\">\n                            <div class=\"contentKachel-thumbnail\">\n                    <img loading=\"lazy\" decoding=\"async\" width=\"300\" height=\"166\" src=\"https:\/\/9staedte.de\/wp-content\/smush-webp\/2022\/06\/Stadtrundfahrt-Hannover-c-HMTG-Lars-Gerhardts-300x166.jpg.webp\" class=\"objectfitcover withfilters wp-post-image\" alt=\"A red double-decker bus drives through the city. People are sitting on top and looking around. Behind the bus is a large old building. It is the New Town Hall in Hanover. The sky is blue. The sun is shining.\" srcset=\"https:\/\/9staedte.de\/wp-content\/smush-webp\/2022\/06\/Stadtrundfahrt-Hannover-c-HMTG-Lars-Gerhardts-300x166.jpg.webp 300w, https:\/\/9staedte.de\/wp-content\/smush-webp\/2022\/06\/Stadtrundfahrt-Hannover-c-HMTG-Lars-Gerhardts-768x424.jpg.webp 768w, https:\/\/9staedte.de\/wp-content\/smush-webp\/2022\/06\/Stadtrundfahrt-Hannover-c-HMTG-Lars-Gerhardts.jpg.webp 1017w\" sizes=\"auto, (max-width: 300px) 100vw, 300px\" \/>                    <img loading=\"lazy\" decoding=\"async\" width=\"300\" height=\"166\" src=\"https:\/\/9staedte.de\/wp-content\/smush-webp\/2022\/06\/Stadtrundfahrt-Hannover-c-HMTG-Lars-Gerhardts-300x166.jpg.webp\" class=\"objectfitcontain wp-post-image\" alt=\"A red double-decker bus drives through the city. People are sitting on top and looking around. Behind the bus is a large old building. It is the New Town Hall in Hanover. The sky is blue. The sun is shining.\" srcset=\"https:\/\/9staedte.de\/wp-content\/smush-webp\/2022\/06\/Stadtrundfahrt-Hannover-c-HMTG-Lars-Gerhardts-300x166.jpg.webp 300w, https:\/\/9staedte.de\/wp-content\/smush-webp\/2022\/06\/Stadtrundfahrt-Hannover-c-HMTG-Lars-Gerhardts-768x424.jpg.webp 768w, https:\/\/9staedte.de\/wp-content\/smush-webp\/2022\/06\/Stadtrundfahrt-Hannover-c-HMTG-Lars-Gerhardts.jpg.webp 1017w\" sizes=\"auto, (max-width: 300px) 100vw, 300px\" \/>                        <div class=\"thumbnail-label\">\n    <span>Stadtrundfahrt Hannover c) HMTG Lars Gerhardts<\/span>\n    <\/div>\n                <\/div>\n                        <div class=\"contentKachel-content\">\n                                    <div class=\"city-tag bg-hannover\">\n                        Hannover                    <\/div>\n                \n                <div class=\"title\">\n\n                    Hop-on Hop-off City tour Hannover                    \n                <\/div>\n\n                            <\/div>\n\n        <\/div>\n    <\/a>\n<\/div>                                                        \n<div class=\"contentKachel filtr-item\" data-category=\"hannover-en\">\n    <a href=\"https:\/\/9staedte.de\/en\/city-tour-along-the-red-thread\/\">\n        <div class=\"contentKachel-inner\">\n                            <div class=\"contentKachel-thumbnail\">\n                    <img loading=\"lazy\" decoding=\"async\" width=\"300\" height=\"165\" src=\"https:\/\/9staedte.de\/wp-content\/smush-webp\/2022\/06\/Roter-Faden-Lars-Gerhardts-16-300x165.jpg.webp\" class=\"objectfitcover withfilters wp-post-image\" alt=\"\" srcset=\"https:\/\/9staedte.de\/wp-content\/smush-webp\/2022\/06\/Roter-Faden-Lars-Gerhardts-16-300x165.jpg.webp 300w, https:\/\/9staedte.de\/wp-content\/smush-webp\/2022\/06\/Roter-Faden-Lars-Gerhardts-16-768x423.jpg.webp 768w, https:\/\/9staedte.de\/wp-content\/smush-webp\/2022\/06\/Roter-Faden-Lars-Gerhardts-16.jpg.webp 1019w\" sizes=\"auto, (max-width: 300px) 100vw, 300px\" \/>                    <img loading=\"lazy\" decoding=\"async\" width=\"300\" height=\"165\" src=\"https:\/\/9staedte.de\/wp-content\/smush-webp\/2022\/06\/Roter-Faden-Lars-Gerhardts-16-300x165.jpg.webp\" class=\"objectfitcontain wp-post-image\" alt=\"\" srcset=\"https:\/\/9staedte.de\/wp-content\/smush-webp\/2022\/06\/Roter-Faden-Lars-Gerhardts-16-300x165.jpg.webp 300w, https:\/\/9staedte.de\/wp-content\/smush-webp\/2022\/06\/Roter-Faden-Lars-Gerhardts-16-768x423.jpg.webp 768w, https:\/\/9staedte.de\/wp-content\/smush-webp\/2022\/06\/Roter-Faden-Lars-Gerhardts-16.jpg.webp 1019w\" sizes=\"auto, (max-width: 300px) 100vw, 300px\" \/>                        <div class=\"thumbnail-label\">\n    <span>Roter Faden &#8211; c) Lars Gerhard<\/span>\n    <\/div>\n                <\/div>\n                        <div class=\"contentKachel-content\">\n                                    <div class=\"city-tag bg-hannover\">\n                        Hannover                    <\/div>\n                \n                <div class=\"title\">\n\n                    City tour along the Red Thread                    \n                <\/div>\n\n                            <\/div>\n\n        <\/div>\n    <\/a>\n<\/div>                                                        \n<div class=\"contentKachel filtr-item\" data-category=\"hannover-en\">\n    <a href=\"https:\/\/9staedte.de\/en\/herrenhausen-gardens-royal-gardens-ensemble\/\">\n        <div class=\"contentKachel-inner\">\n                            <div class=\"contentKachel-thumbnail\">\n                    <img loading=\"lazy\" decoding=\"async\" width=\"300\" height=\"167\" src=\"https:\/\/9staedte.de\/wp-content\/smush-webp\/2022\/06\/Grosser-Garten-Herrenhausen-c-HMTG-Lars-Gerhardts1-300x167.jpg.webp\" class=\"objectfitcover withfilters wp-post-image\" alt=\"L\u2019image montre le Grand Jardin \u00e0 Hanovre. Une fontaine est au premier plan. L\u2019eau jaillit vers le haut. Un chemin m\u00e8ne au palais Herrenhausen. Des parterres de fleurs sont \u00e0 gauche et \u00e0 droite. Des statues blanches bordent les chemins. Des palmiers sont devant le palais. Le ciel est bleu et le soleil brille. L\u2019ambiance est calme et \u00e9l\u00e9gante.\" srcset=\"https:\/\/9staedte.de\/wp-content\/smush-webp\/2022\/06\/Grosser-Garten-Herrenhausen-c-HMTG-Lars-Gerhardts1-300x167.jpg.webp 300w, https:\/\/9staedte.de\/wp-content\/smush-webp\/2022\/06\/Grosser-Garten-Herrenhausen-c-HMTG-Lars-Gerhardts1.jpg.webp 580w\" sizes=\"auto, (max-width: 300px) 100vw, 300px\" \/>                    <img loading=\"lazy\" decoding=\"async\" width=\"300\" height=\"167\" src=\"https:\/\/9staedte.de\/wp-content\/smush-webp\/2022\/06\/Grosser-Garten-Herrenhausen-c-HMTG-Lars-Gerhardts1-300x167.jpg.webp\" class=\"objectfitcontain wp-post-image\" alt=\"L\u2019image montre le Grand Jardin \u00e0 Hanovre. Une fontaine est au premier plan. L\u2019eau jaillit vers le haut. Un chemin m\u00e8ne au palais Herrenhausen. Des parterres de fleurs sont \u00e0 gauche et \u00e0 droite. Des statues blanches bordent les chemins. Des palmiers sont devant le palais. Le ciel est bleu et le soleil brille. L\u2019ambiance est calme et \u00e9l\u00e9gante.\" srcset=\"https:\/\/9staedte.de\/wp-content\/smush-webp\/2022\/06\/Grosser-Garten-Herrenhausen-c-HMTG-Lars-Gerhardts1-300x167.jpg.webp 300w, https:\/\/9staedte.de\/wp-content\/smush-webp\/2022\/06\/Grosser-Garten-Herrenhausen-c-HMTG-Lars-Gerhardts1.jpg.webp 580w\" sizes=\"auto, (max-width: 300px) 100vw, 300px\" \/>                        <div class=\"thumbnail-label\">\n    <span>Gro\u00dfer-Garten-Herrenhausen-c-HMTG-Lars-Gerhardts[1]<\/span>\n    <\/div>\n                <\/div>\n                        <div class=\"contentKachel-content\">\n                                    <div class=\"city-tag bg-hannover\">\n                        Hannover                    <\/div>\n                \n                <div class=\"title\">\n\n                    Herrenhausen Gardens: Royal Gardens Ensemble                    \n                <\/div>\n\n                            <\/div>\n\n        <\/div>\n    <\/a>\n<\/div>                                            <\/div>\r\n    <\/div>\r\n","protected":false},"excerpt":{"rendered":"","protected":false},"author":1,"featured_media":3385,"parent":1460,"menu_order":0,"comment_status":"closed","ping_status":"closed","template":"pagetemplates\/template-stadtthema.php","meta":{"_acf_changed":false,"footnotes":""},"categories":[],"tags":[],"ncap_cities_tax":[453],"class_list":["post-2484","page","type-page","status-publish","has-post-thumbnail","hentry","ncap_cities_tax-hannover-en"],"acf":[],"yoast_head":"<!-- This site is optimized with the Yoast SEO plugin v26.8 - https:\/\/yoast.com\/product\/yoast-seo-wordpress\/ -->\n<title>Guided tours in Hanover - 9 St\u00e4dte in Niedersachsen<\/title>\n<meta name=\"robots\" content=\"index, follow, max-snippet:-1, max-image-preview:large, max-video-preview:-1\" \/>\n<link rel=\"canonical\" href=\"https:\/\/9staedte.de\/en\/hannover-capital-of-lower-saxony\/guided-tours-in-hanover\/\" \/>\n<meta property=\"og:locale\" content=\"en_US\" \/>\n<meta property=\"og:type\" content=\"article\" \/>\n<meta property=\"og:title\" content=\"Guided tours in Hanover - 9 St\u00e4dte in Niedersachsen\" \/>\n<meta property=\"og:url\" content=\"https:\/\/9staedte.de\/en\/hannover-capital-of-lower-saxony\/guided-tours-in-hanover\/\" \/>\n<meta property=\"og:site_name\" content=\"9 St\u00e4dte in Niedersachsen\" \/>\n<meta property=\"article:modified_time\" content=\"2023-02-03T13:21:30+00:00\" \/>\n<meta property=\"og:image\" content=\"https:\/\/9staedte.de\/wp-content\/uploads\/2023\/02\/Stadtrundfahrt-c-HMTG-Christian-Wyrwa.jpg\" \/>\n\t<meta property=\"og:image:width\" content=\"1019\" \/>\n\t<meta property=\"og:image:height\" content=\"562\" \/>\n\t<meta property=\"og:image:type\" content=\"image\/jpeg\" \/>\n<meta name=\"twitter:card\" content=\"summary_large_image\" \/>\n<script type=\"application\/ld+json\" class=\"yoast-schema-graph\">{\"@context\":\"https:\/\/schema.org\",\"@graph\":[{\"@type\":\"WebPage\",\"@id\":\"https:\/\/9staedte.de\/en\/hannover-capital-of-lower-saxony\/guided-tours-in-hanover\/\",\"url\":\"https:\/\/9staedte.de\/en\/hannover-capital-of-lower-saxony\/guided-tours-in-hanover\/\",\"name\":\"Guided tours in Hanover - 9 St\u00e4dte in Niedersachsen\",\"isPartOf\":{\"@id\":\"https:\/\/9staedte.de\/en\/#website\"},\"primaryImageOfPage\":{\"@id\":\"https:\/\/9staedte.de\/en\/hannover-capital-of-lower-saxony\/guided-tours-in-hanover\/#primaryimage\"},\"image\":{\"@id\":\"https:\/\/9staedte.de\/en\/hannover-capital-of-lower-saxony\/guided-tours-in-hanover\/#primaryimage\"},\"thumbnailUrl\":\"https:\/\/9staedte.de\/wp-content\/uploads\/2023\/02\/Stadtrundfahrt-c-HMTG-Christian-Wyrwa.jpg\",\"datePublished\":\"2022-07-11T10:00:43+00:00\",\"dateModified\":\"2023-02-03T13:21:30+00:00\",\"breadcrumb\":{\"@id\":\"https:\/\/9staedte.de\/en\/hannover-capital-of-lower-saxony\/guided-tours-in-hanover\/#breadcrumb\"},\"inLanguage\":\"en-US\",\"potentialAction\":[{\"@type\":\"ReadAction\",\"target\":[\"https:\/\/9staedte.de\/en\/hannover-capital-of-lower-saxony\/guided-tours-in-hanover\/\"]}]},{\"@type\":\"ImageObject\",\"inLanguage\":\"en-US\",\"@id\":\"https:\/\/9staedte.de\/en\/hannover-capital-of-lower-saxony\/guided-tours-in-hanover\/#primaryimage\",\"url\":\"https:\/\/9staedte.de\/wp-content\/uploads\/2023\/02\/Stadtrundfahrt-c-HMTG-Christian-Wyrwa.jpg\",\"contentUrl\":\"https:\/\/9staedte.de\/wp-content\/uploads\/2023\/02\/Stadtrundfahrt-c-HMTG-Christian-Wyrwa.jpg\",\"width\":1019,\"height\":562,\"caption\":\"Hannover Stadtrundfahrt c) HMTG Christian Wyrwa\"},{\"@type\":\"BreadcrumbList\",\"@id\":\"https:\/\/9staedte.de\/en\/hannover-capital-of-lower-saxony\/guided-tours-in-hanover\/#breadcrumb\",\"itemListElement\":[{\"@type\":\"ListItem\",\"position\":1,\"name\":\"Startseite\",\"item\":\"https:\/\/9staedte.de\/en\/\"},{\"@type\":\"ListItem\",\"position\":2,\"name\":\"Hannover &#8211; Nieders\u00e4chsische Landeshauptstadt\",\"item\":\"https:\/\/9staedte.de\/en\/hannover-niedersaechsische-landeshauptstadt\/\"},{\"@type\":\"ListItem\",\"position\":3,\"name\":\"Hannover &#8211; Capital of Lower Saxony\",\"item\":\"https:\/\/9staedte.de\/en\/hannover-niedersaechsische-landeshauptstadt\/hannover-capital-of-lower-saxony\/\"},{\"@type\":\"ListItem\",\"position\":4,\"name\":\"Guided tours in Hanover\"}]},{\"@type\":\"WebSite\",\"@id\":\"https:\/\/9staedte.de\/en\/#website\",\"url\":\"https:\/\/9staedte.de\/en\/\",\"name\":\"9 St\u00e4dte in Niedersachsen\",\"description\":\"\",\"publisher\":{\"@id\":\"https:\/\/9staedte.de\/en\/#organization\"},\"potentialAction\":[{\"@type\":\"SearchAction\",\"target\":{\"@type\":\"EntryPoint\",\"urlTemplate\":\"https:\/\/9staedte.de\/en\/?s={search_term_string}\"},\"query-input\":{\"@type\":\"PropertyValueSpecification\",\"valueRequired\":true,\"valueName\":\"search_term_string\"}}],\"inLanguage\":\"en-US\"},{\"@type\":\"Organization\",\"@id\":\"https:\/\/9staedte.de\/en\/#organization\",\"name\":\"9 St\u00e4dte in Niedersachsen\",\"url\":\"https:\/\/9staedte.de\/en\/\",\"logo\":{\"@type\":\"ImageObject\",\"inLanguage\":\"en-US\",\"@id\":\"https:\/\/9staedte.de\/en\/#\/schema\/logo\/image\/\",\"url\":\"https:\/\/9staedte.de\/wp-content\/uploads\/2025\/01\/9-neg-deutsch-2-1.png\",\"contentUrl\":\"https:\/\/9staedte.de\/wp-content\/uploads\/2025\/01\/9-neg-deutsch-2-1.png\",\"width\":190,\"height\":114,\"caption\":\"9 St\u00e4dte in Niedersachsen\"},\"image\":{\"@id\":\"https:\/\/9staedte.de\/en\/#\/schema\/logo\/image\/\"}}]}<\/script>\n<!-- \/ Yoast SEO plugin. -->","yoast_head_json":{"title":"Guided tours in Hanover - 9 St\u00e4dte in Niedersachsen","robots":{"index":"index","follow":"follow","max-snippet":"max-snippet:-1","max-image-preview":"max-image-preview:large","max-video-preview":"max-video-preview:-1"},"canonical":"https:\/\/9staedte.de\/en\/hannover-capital-of-lower-saxony\/guided-tours-in-hanover\/","og_locale":"en_US","og_type":"article","og_title":"Guided tours in Hanover - 9 St\u00e4dte in Niedersachsen","og_url":"https:\/\/9staedte.de\/en\/hannover-capital-of-lower-saxony\/guided-tours-in-hanover\/","og_site_name":"9 St\u00e4dte in Niedersachsen","article_modified_time":"2023-02-03T13:21:30+00:00","og_image":[{"width":1019,"height":562,"url":"https:\/\/9staedte.de\/wp-content\/uploads\/2023\/02\/Stadtrundfahrt-c-HMTG-Christian-Wyrwa.jpg","type":"image\/jpeg"}],"twitter_card":"summary_large_image","schema":{"@context":"https:\/\/schema.org","@graph":[{"@type":"WebPage","@id":"https:\/\/9staedte.de\/en\/hannover-capital-of-lower-saxony\/guided-tours-in-hanover\/","url":"https:\/\/9staedte.de\/en\/hannover-capital-of-lower-saxony\/guided-tours-in-hanover\/","name":"Guided tours in Hanover - 9 St\u00e4dte in Niedersachsen","isPartOf":{"@id":"https:\/\/9staedte.de\/en\/#website"},"primaryImageOfPage":{"@id":"https:\/\/9staedte.de\/en\/hannover-capital-of-lower-saxony\/guided-tours-in-hanover\/#primaryimage"},"image":{"@id":"https:\/\/9staedte.de\/en\/hannover-capital-of-lower-saxony\/guided-tours-in-hanover\/#primaryimage"},"thumbnailUrl":"https:\/\/9staedte.de\/wp-content\/uploads\/2023\/02\/Stadtrundfahrt-c-HMTG-Christian-Wyrwa.jpg","datePublished":"2022-07-11T10:00:43+00:00","dateModified":"2023-02-03T13:21:30+00:00","breadcrumb":{"@id":"https:\/\/9staedte.de\/en\/hannover-capital-of-lower-saxony\/guided-tours-in-hanover\/#breadcrumb"},"inLanguage":"en-US","potentialAction":[{"@type":"ReadAction","target":["https:\/\/9staedte.de\/en\/hannover-capital-of-lower-saxony\/guided-tours-in-hanover\/"]}]},{"@type":"ImageObject","inLanguage":"en-US","@id":"https:\/\/9staedte.de\/en\/hannover-capital-of-lower-saxony\/guided-tours-in-hanover\/#primaryimage","url":"https:\/\/9staedte.de\/wp-content\/uploads\/2023\/02\/Stadtrundfahrt-c-HMTG-Christian-Wyrwa.jpg","contentUrl":"https:\/\/9staedte.de\/wp-content\/uploads\/2023\/02\/Stadtrundfahrt-c-HMTG-Christian-Wyrwa.jpg","width":1019,"height":562,"caption":"Hannover Stadtrundfahrt c) HMTG Christian Wyrwa"},{"@type":"BreadcrumbList","@id":"https:\/\/9staedte.de\/en\/hannover-capital-of-lower-saxony\/guided-tours-in-hanover\/#breadcrumb","itemListElement":[{"@type":"ListItem","position":1,"name":"Startseite","item":"https:\/\/9staedte.de\/en\/"},{"@type":"ListItem","position":2,"name":"Hannover &#8211; Nieders\u00e4chsische Landeshauptstadt","item":"https:\/\/9staedte.de\/en\/hannover-niedersaechsische-landeshauptstadt\/"},{"@type":"ListItem","position":3,"name":"Hannover &#8211; Capital of Lower Saxony","item":"https:\/\/9staedte.de\/en\/hannover-niedersaechsische-landeshauptstadt\/hannover-capital-of-lower-saxony\/"},{"@type":"ListItem","position":4,"name":"Guided tours in Hanover"}]},{"@type":"WebSite","@id":"https:\/\/9staedte.de\/en\/#website","url":"https:\/\/9staedte.de\/en\/","name":"9 St\u00e4dte in Niedersachsen","description":"","publisher":{"@id":"https:\/\/9staedte.de\/en\/#organization"},"potentialAction":[{"@type":"SearchAction","target":{"@type":"EntryPoint","urlTemplate":"https:\/\/9staedte.de\/en\/?s={search_term_string}"},"query-input":{"@type":"PropertyValueSpecification","valueRequired":true,"valueName":"search_term_string"}}],"inLanguage":"en-US"},{"@type":"Organization","@id":"https:\/\/9staedte.de\/en\/#organization","name":"9 St\u00e4dte in Niedersachsen","url":"https:\/\/9staedte.de\/en\/","logo":{"@type":"ImageObject","inLanguage":"en-US","@id":"https:\/\/9staedte.de\/en\/#\/schema\/logo\/image\/","url":"https:\/\/9staedte.de\/wp-content\/uploads\/2025\/01\/9-neg-deutsch-2-1.png","contentUrl":"https:\/\/9staedte.de\/wp-content\/uploads\/2025\/01\/9-neg-deutsch-2-1.png","width":190,"height":114,"caption":"9 St\u00e4dte in Niedersachsen"},"image":{"@id":"https:\/\/9staedte.de\/en\/#\/schema\/logo\/image\/"}}]}},"_links":{"self":[{"href":"https:\/\/9staedte.de\/en\/wp-json\/wp\/v2\/pages\/2484","targetHints":{"allow":["GET"]}}],"collection":[{"href":"https:\/\/9staedte.de\/en\/wp-json\/wp\/v2\/pages"}],"about":[{"href":"https:\/\/9staedte.de\/en\/wp-json\/wp\/v2\/types\/page"}],"author":[{"embeddable":true,"href":"https:\/\/9staedte.de\/en\/wp-json\/wp\/v2\/users\/1"}],"replies":[{"embeddable":true,"href":"https:\/\/9staedte.de\/en\/wp-json\/wp\/v2\/comments?post=2484"}],"version-history":[{"count":5,"href":"https:\/\/9staedte.de\/en\/wp-json\/wp\/v2\/pages\/2484\/revisions"}],"predecessor-version":[{"id":3399,"href":"https:\/\/9staedte.de\/en\/wp-json\/wp\/v2\/pages\/2484\/revisions\/3399"}],"up":[{"embeddable":true,"href":"https:\/\/9staedte.de\/en\/wp-json\/wp\/v2\/pages\/1460"}],"wp:featuredmedia":[{"embeddable":true,"href":"https:\/\/9staedte.de\/en\/wp-json\/wp\/v2\/media\/3385"}],"wp:attachment":[{"href":"https:\/\/9staedte.de\/en\/wp-json\/wp\/v2\/media?parent=2484"}],"wp:term":[{"taxonomy":"category","embeddable":true,"href":"https:\/\/9staedte.de\/en\/wp-json\/wp\/v2\/categories?post=2484"},{"taxonomy":"post_tag","embeddable":true,"href":"https:\/\/9staedte.de\/en\/wp-json\/wp\/v2\/tags?post=2484"},{"taxonomy":"ncap_cities_tax","embeddable":true,"href":"https:\/\/9staedte.de\/en\/wp-json\/wp\/v2\/ncap_cities_tax?post=2484"}],"curies":[{"name":"wp","href":"https:\/\/api.w.org\/{rel}","templated":true}]}}