{"id":2439,"date":"2022-07-11T11:39:28","date_gmt":"2022-07-11T09:39:28","guid":{"rendered":"https:\/\/9staedte.de\/?page_id=2439"},"modified":"2023-08-18T11:24:13","modified_gmt":"2023-08-18T09:24:13","slug":"guided-tours-in-hameln","status":"publish","type":"page","link":"https:\/\/9staedte.de\/en\/hameln-city-of-the-pied-piper\/guided-tours-in-hameln\/","title":{"rendered":"Guided tours in Hameln"},"content":{"rendered":"\r\n\r\n    <div class=\"filter-posts\">\r\n            <div  id=\"filterContent\">\r\n                                                        \n<div class=\"contentKachel filtr-item\" data-category=\"hameln-en\">\n    <a href=\"https:\/\/9staedte.de\/en\/hamelns-old-town-in-60-minutes\/\">\n        <div class=\"contentKachel-inner\">\n                            <div class=\"contentKachel-thumbnail\">\n                    <img loading=\"lazy\" decoding=\"async\" width=\"300\" height=\"165\" src=\"https:\/\/9staedte.de\/wp-content\/smush-webp\/2022\/06\/Hameln-Stadtfuehrung-300x165.jpg.webp\" class=\"objectfitcover withfilters wp-post-image\" alt=\"The picture shows a group of people. They are walking together in the city of Hameln. One person tells the others about the city. It is a guided city tour. The people are listening with interest.\" srcset=\"https:\/\/9staedte.de\/wp-content\/smush-webp\/2022\/06\/Hameln-Stadtfuehrung-300x165.jpg.webp 300w, https:\/\/9staedte.de\/wp-content\/smush-webp\/2022\/06\/Hameln-Stadtfuehrung-768x422.jpg.webp 768w, https:\/\/9staedte.de\/wp-content\/smush-webp\/2022\/06\/Hameln-Stadtfuehrung.jpg.webp 1020w\" sizes=\"auto, (max-width: 300px) 100vw, 300px\" \/>                    <img loading=\"lazy\" decoding=\"async\" width=\"300\" height=\"165\" src=\"https:\/\/9staedte.de\/wp-content\/smush-webp\/2022\/06\/Hameln-Stadtfuehrung-300x165.jpg.webp\" class=\"objectfitcontain wp-post-image\" alt=\"The picture shows a group of people. They are walking together in the city of Hameln. One person tells the others about the city. It is a guided city tour. The people are listening with interest.\" srcset=\"https:\/\/9staedte.de\/wp-content\/smush-webp\/2022\/06\/Hameln-Stadtfuehrung-300x165.jpg.webp 300w, https:\/\/9staedte.de\/wp-content\/smush-webp\/2022\/06\/Hameln-Stadtfuehrung-768x422.jpg.webp 768w, https:\/\/9staedte.de\/wp-content\/smush-webp\/2022\/06\/Hameln-Stadtfuehrung.jpg.webp 1020w\" sizes=\"auto, (max-width: 300px) 100vw, 300px\" \/>                        <div class=\"thumbnail-label\">\n    <span>Hameln Stadtfuehrung c) HMT<\/span>\n    <\/div>\n                <\/div>\n                        <div class=\"contentKachel-content\">\n                                    <div class=\"city-tag bg-hameln\">\n                        Hameln                    <\/div>\n                \n                <div class=\"title\">\n\n                    Hameln\u2018s highlights in 60 minutes                    \n                <\/div>\n\n                            <\/div>\n\n        <\/div>\n    <\/a>\n<\/div>                                                        \n<div class=\"contentKachel filtr-item\" data-category=\"hameln-en\">\n    <a href=\"https:\/\/9staedte.de\/en\/guided-tour-with-the-pied-piper\/\">\n        <div class=\"contentKachel-inner\">\n                            <div class=\"contentKachel-thumbnail\">\n                    <img loading=\"lazy\" decoding=\"async\" width=\"300\" height=\"162\" src=\"https:\/\/9staedte.de\/wp-content\/smush-webp\/2022\/06\/Rattenfaenger-Fuehrung-c-Hameln-Marketing-und-Tourismus-GmbhG-300x162.jpg.webp\" class=\"objectfitcover withfilters wp-post-image\" alt=\"The picture shows a guided city tour in Hameln. A man wears a colorful costume. He looks like the Pied Piper from the famous legend. He points to an old timber-framed house. The houses have many beautiful decorations.\" srcset=\"https:\/\/9staedte.de\/wp-content\/smush-webp\/2022\/06\/Rattenfaenger-Fuehrung-c-Hameln-Marketing-und-Tourismus-GmbhG-300x162.jpg.webp 300w, https:\/\/9staedte.de\/wp-content\/smush-webp\/2022\/06\/Rattenfaenger-Fuehrung-c-Hameln-Marketing-und-Tourismus-GmbhG-768x415.jpg.webp 768w, https:\/\/9staedte.de\/wp-content\/smush-webp\/2022\/06\/Rattenfaenger-Fuehrung-c-Hameln-Marketing-und-Tourismus-GmbhG.jpg.webp 1020w\" sizes=\"auto, (max-width: 300px) 100vw, 300px\" \/>                    <img loading=\"lazy\" decoding=\"async\" width=\"300\" height=\"162\" src=\"https:\/\/9staedte.de\/wp-content\/smush-webp\/2022\/06\/Rattenfaenger-Fuehrung-c-Hameln-Marketing-und-Tourismus-GmbhG-300x162.jpg.webp\" class=\"objectfitcontain wp-post-image\" alt=\"The picture shows a guided city tour in Hameln. A man wears a colorful costume. He looks like the Pied Piper from the famous legend. He points to an old timber-framed house. The houses have many beautiful decorations.\" srcset=\"https:\/\/9staedte.de\/wp-content\/smush-webp\/2022\/06\/Rattenfaenger-Fuehrung-c-Hameln-Marketing-und-Tourismus-GmbhG-300x162.jpg.webp 300w, https:\/\/9staedte.de\/wp-content\/smush-webp\/2022\/06\/Rattenfaenger-Fuehrung-c-Hameln-Marketing-und-Tourismus-GmbhG-768x415.jpg.webp 768w, https:\/\/9staedte.de\/wp-content\/smush-webp\/2022\/06\/Rattenfaenger-Fuehrung-c-Hameln-Marketing-und-Tourismus-GmbhG.jpg.webp 1020w\" sizes=\"auto, (max-width: 300px) 100vw, 300px\" \/>                        <div class=\"thumbnail-label\">\n    <span>Rattenf\u00e4nger-F\u00fchrung c) Hameln Marketing und Tourismus GmbH<\/span>\n    <\/div>\n                <\/div>\n                        <div class=\"contentKachel-content\">\n                                    <div class=\"city-tag bg-hameln\">\n                        Hameln                    <\/div>\n                \n                <div class=\"title\">\n\n                    Guided tour with the Pied Piper                    \n                <\/div>\n\n                            <\/div>\n\n        <\/div>\n    <\/a>\n<\/div>                                                        \n<div class=\"contentKachel filtr-item\" data-category=\"hameln-en\">\n    <a href=\"https:\/\/9staedte.de\/en\/pied-piper-greeting\/\">\n        <div class=\"contentKachel-inner\">\n                            <div class=\"contentKachel-thumbnail\">\n                    <img loading=\"lazy\" decoding=\"async\" width=\"300\" height=\"165\" src=\"https:\/\/9staedte.de\/wp-content\/smush-webp\/2023\/01\/Guided-tour-with-the-pied-piper-c-Hameln-Marketing-und-Tourismus-GmbH-300x165.jpg.webp\" class=\"objectfitcover withfilters wp-post-image\" alt=\"A man wears a colorful costume. He has a red hat with a long feather. He holds a small flute in his hand. The man makes a strong gesture with his hand. He speaks to people in front of him. He is the Pied Piper of Hameln.\" srcset=\"https:\/\/9staedte.de\/wp-content\/smush-webp\/2023\/01\/Guided-tour-with-the-pied-piper-c-Hameln-Marketing-und-Tourismus-GmbH-300x165.jpg.webp 300w, https:\/\/9staedte.de\/wp-content\/smush-webp\/2023\/01\/Guided-tour-with-the-pied-piper-c-Hameln-Marketing-und-Tourismus-GmbH-768x422.jpg.webp 768w, https:\/\/9staedte.de\/wp-content\/smush-webp\/2023\/01\/Guided-tour-with-the-pied-piper-c-Hameln-Marketing-und-Tourismus-GmbH.jpg.webp 1020w\" sizes=\"auto, (max-width: 300px) 100vw, 300px\" \/>                    <img loading=\"lazy\" decoding=\"async\" width=\"300\" height=\"165\" src=\"https:\/\/9staedte.de\/wp-content\/smush-webp\/2023\/01\/Guided-tour-with-the-pied-piper-c-Hameln-Marketing-und-Tourismus-GmbH-300x165.jpg.webp\" class=\"objectfitcontain wp-post-image\" alt=\"A man wears a colorful costume. He has a red hat with a long feather. He holds a small flute in his hand. The man makes a strong gesture with his hand. He speaks to people in front of him. He is the Pied Piper of Hameln.\" srcset=\"https:\/\/9staedte.de\/wp-content\/smush-webp\/2023\/01\/Guided-tour-with-the-pied-piper-c-Hameln-Marketing-und-Tourismus-GmbH-300x165.jpg.webp 300w, https:\/\/9staedte.de\/wp-content\/smush-webp\/2023\/01\/Guided-tour-with-the-pied-piper-c-Hameln-Marketing-und-Tourismus-GmbH-768x422.jpg.webp 768w, https:\/\/9staedte.de\/wp-content\/smush-webp\/2023\/01\/Guided-tour-with-the-pied-piper-c-Hameln-Marketing-und-Tourismus-GmbH.jpg.webp 1020w\" sizes=\"auto, (max-width: 300px) 100vw, 300px\" \/>                        <div class=\"thumbnail-label\">\n    <span>Stadtf\u00fchrung mit dem Rattenf\u00e4nger c) HMT<\/span>\n    <\/div>\n                <\/div>\n                        <div class=\"contentKachel-content\">\n                                    <div class=\"city-tag bg-hameln\">\n                        Hameln                    <\/div>\n                \n                <div class=\"title\">\n\n                    Pied Piper Greeting                    \n                <\/div>\n\n                            <\/div>\n\n        <\/div>\n    <\/a>\n<\/div>                                                        \n<div class=\"contentKachel filtr-item\" data-category=\"hameln-en\">\n    <a href=\"https:\/\/9staedte.de\/en\/the-inveigled-persuader\/\">\n        <div class=\"contentKachel-inner\">\n                            <div class=\"contentKachel-thumbnail\">\n                    <img loading=\"lazy\" decoding=\"async\" width=\"300\" height=\"166\" src=\"https:\/\/9staedte.de\/wp-content\/smush-webp\/2022\/06\/Stadtfuehrung-Der-verfuehrte-Verfuehrer-300x166.jpg.webp\" class=\"objectfitcover withfilters wp-post-image\" alt=\"A man looks serious at the camera. He wears dark, old-style clothes. Behind him is a statue and old houses. He gives a special city tour. The tour is called: \u201cThe seduced seducer\u201d. The tour takes place in Hameln.\" srcset=\"https:\/\/9staedte.de\/wp-content\/smush-webp\/2022\/06\/Stadtfuehrung-Der-verfuehrte-Verfuehrer-300x166.jpg.webp 300w, https:\/\/9staedte.de\/wp-content\/smush-webp\/2022\/06\/Stadtfuehrung-Der-verfuehrte-Verfuehrer-768x424.jpg.webp 768w, https:\/\/9staedte.de\/wp-content\/smush-webp\/2022\/06\/Stadtfuehrung-Der-verfuehrte-Verfuehrer.jpg.webp 1020w\" sizes=\"auto, (max-width: 300px) 100vw, 300px\" \/>                    <img loading=\"lazy\" decoding=\"async\" width=\"300\" height=\"166\" src=\"https:\/\/9staedte.de\/wp-content\/smush-webp\/2022\/06\/Stadtfuehrung-Der-verfuehrte-Verfuehrer-300x166.jpg.webp\" class=\"objectfitcontain wp-post-image\" alt=\"A man looks serious at the camera. He wears dark, old-style clothes. Behind him is a statue and old houses. He gives a special city tour. The tour is called: \u201cThe seduced seducer\u201d. The tour takes place in Hameln.\" srcset=\"https:\/\/9staedte.de\/wp-content\/smush-webp\/2022\/06\/Stadtfuehrung-Der-verfuehrte-Verfuehrer-300x166.jpg.webp 300w, https:\/\/9staedte.de\/wp-content\/smush-webp\/2022\/06\/Stadtfuehrung-Der-verfuehrte-Verfuehrer-768x424.jpg.webp 768w, https:\/\/9staedte.de\/wp-content\/smush-webp\/2022\/06\/Stadtfuehrung-Der-verfuehrte-Verfuehrer.jpg.webp 1020w\" sizes=\"auto, (max-width: 300px) 100vw, 300px\" \/>                        <div class=\"thumbnail-label\">\n    <span>Stadtf\u00fchrung Der verf\u00fchrte Verf\u00fchrer c) HMT<\/span>\n    <\/div>\n                <\/div>\n                        <div class=\"contentKachel-content\">\n                                    <div class=\"city-tag bg-hameln\">\n                        Hameln                    <\/div>\n                \n                <div class=\"title\">\n\n                    \u201eThe inveigled persuader\u201c                    \n                <\/div>\n\n                            <\/div>\n\n        <\/div>\n    <\/a>\n<\/div>                                                        \n<div class=\"contentKachel filtr-item\" data-category=\"hameln-en\">\n    <a href=\"https:\/\/9staedte.de\/en\/hengmen-witches-and-rapscallions\/\">\n        <div class=\"contentKachel-inner\">\n                            <div class=\"contentKachel-thumbnail\">\n                    <img loading=\"lazy\" decoding=\"async\" width=\"300\" height=\"173\" src=\"https:\/\/9staedte.de\/wp-content\/smush-webp\/2022\/06\/Henker-Hexen-und-Halunken-c-HMT-300x173.jpg.webp\" class=\"objectfitcover withfilters wp-post-image\" alt=\"It is evening or night. Many people stand in a group. They listen to a guide. The people hold torches in their hands. It is a city tour in the dark. The tour takes place in Hameln.\" srcset=\"https:\/\/9staedte.de\/wp-content\/smush-webp\/2022\/06\/Henker-Hexen-und-Halunken-c-HMT-300x173.jpg.webp 300w, https:\/\/9staedte.de\/wp-content\/smush-webp\/2022\/06\/Henker-Hexen-und-Halunken-c-HMT-768x442.jpg.webp 768w, https:\/\/9staedte.de\/wp-content\/smush-webp\/2022\/06\/Henker-Hexen-und-Halunken-c-HMT.jpg.webp 1000w\" sizes=\"auto, (max-width: 300px) 100vw, 300px\" \/>                    <img loading=\"lazy\" decoding=\"async\" width=\"300\" height=\"173\" src=\"https:\/\/9staedte.de\/wp-content\/smush-webp\/2022\/06\/Henker-Hexen-und-Halunken-c-HMT-300x173.jpg.webp\" class=\"objectfitcontain wp-post-image\" alt=\"It is evening or night. Many people stand in a group. They listen to a guide. The people hold torches in their hands. It is a city tour in the dark. The tour takes place in Hameln.\" srcset=\"https:\/\/9staedte.de\/wp-content\/smush-webp\/2022\/06\/Henker-Hexen-und-Halunken-c-HMT-300x173.jpg.webp 300w, https:\/\/9staedte.de\/wp-content\/smush-webp\/2022\/06\/Henker-Hexen-und-Halunken-c-HMT-768x442.jpg.webp 768w, https:\/\/9staedte.de\/wp-content\/smush-webp\/2022\/06\/Henker-Hexen-und-Halunken-c-HMT.jpg.webp 1000w\" sizes=\"auto, (max-width: 300px) 100vw, 300px\" \/>                        <div class=\"thumbnail-label\">\n    <span>Stadtf\u00fchrung Henker Hexen und Halunken c) HMT<\/span>\n    <\/div>\n                <\/div>\n                        <div class=\"contentKachel-content\">\n                                    <div class=\"city-tag bg-hameln\">\n                        Hameln                    <\/div>\n                \n                <div class=\"title\">\n\n                    Hengmen, Witches and Rapscallions                    \n                <\/div>\n\n                            <\/div>\n\n        <\/div>\n    <\/a>\n<\/div>                                            <\/div>\r\n    <\/div>\r\n","protected":false},"excerpt":{"rendered":"","protected":false},"author":1,"featured_media":7202,"parent":1457,"menu_order":0,"comment_status":"closed","ping_status":"closed","template":"pagetemplates\/template-stadtthema.php","meta":{"_acf_changed":false,"footnotes":""},"categories":[],"tags":[],"ncap_cities_tax":[446],"class_list":["post-2439","page","type-page","status-publish","has-post-thumbnail","hentry","ncap_cities_tax-hameln-en"],"acf":[],"yoast_head":"<!-- This site is optimized with the Yoast SEO plugin v26.8 - https:\/\/yoast.com\/product\/yoast-seo-wordpress\/ -->\n<title>Guided tours in Hameln - 9 St\u00e4dte in Niedersachsen<\/title>\n<meta name=\"robots\" content=\"index, follow, max-snippet:-1, max-image-preview:large, max-video-preview:-1\" \/>\n<link rel=\"canonical\" href=\"https:\/\/9staedte.de\/en\/hameln-city-of-the-pied-piper\/guided-tours-in-hameln\/\" \/>\n<meta property=\"og:locale\" content=\"en_US\" \/>\n<meta property=\"og:type\" content=\"article\" \/>\n<meta property=\"og:title\" content=\"Guided tours in Hameln - 9 St\u00e4dte in Niedersachsen\" \/>\n<meta property=\"og:url\" content=\"https:\/\/9staedte.de\/en\/hameln-city-of-the-pied-piper\/guided-tours-in-hameln\/\" \/>\n<meta property=\"og:site_name\" content=\"9 St\u00e4dte in Niedersachsen\" \/>\n<meta property=\"article:modified_time\" content=\"2023-08-18T09:24:13+00:00\" \/>\n<meta property=\"og:image\" content=\"https:\/\/9staedte.de\/wp-content\/uploads\/2023\/07\/Hameln-Stadtfuehrung-c-Hameln-Marketing-und-Tourismus-GmbH.jpg\" \/>\n\t<meta property=\"og:image:width\" content=\"2508\" \/>\n\t<meta property=\"og:image:height\" content=\"1672\" \/>\n\t<meta property=\"og:image:type\" content=\"image\/jpeg\" \/>\n<meta name=\"twitter:card\" content=\"summary_large_image\" \/>\n<script type=\"application\/ld+json\" class=\"yoast-schema-graph\">{\"@context\":\"https:\/\/schema.org\",\"@graph\":[{\"@type\":\"WebPage\",\"@id\":\"https:\/\/9staedte.de\/en\/hameln-city-of-the-pied-piper\/guided-tours-in-hameln\/\",\"url\":\"https:\/\/9staedte.de\/en\/hameln-city-of-the-pied-piper\/guided-tours-in-hameln\/\",\"name\":\"Guided tours in Hameln - 9 St\u00e4dte in Niedersachsen\",\"isPartOf\":{\"@id\":\"https:\/\/9staedte.de\/en\/#website\"},\"primaryImageOfPage\":{\"@id\":\"https:\/\/9staedte.de\/en\/hameln-city-of-the-pied-piper\/guided-tours-in-hameln\/#primaryimage\"},\"image\":{\"@id\":\"https:\/\/9staedte.de\/en\/hameln-city-of-the-pied-piper\/guided-tours-in-hameln\/#primaryimage\"},\"thumbnailUrl\":\"https:\/\/9staedte.de\/wp-content\/uploads\/2023\/07\/Hameln-Stadtfuehrung-c-Hameln-Marketing-und-Tourismus-GmbH.jpg\",\"datePublished\":\"2022-07-11T09:39:28+00:00\",\"dateModified\":\"2023-08-18T09:24:13+00:00\",\"breadcrumb\":{\"@id\":\"https:\/\/9staedte.de\/en\/hameln-city-of-the-pied-piper\/guided-tours-in-hameln\/#breadcrumb\"},\"inLanguage\":\"en-US\",\"potentialAction\":[{\"@type\":\"ReadAction\",\"target\":[\"https:\/\/9staedte.de\/en\/hameln-city-of-the-pied-piper\/guided-tours-in-hameln\/\"]}]},{\"@type\":\"ImageObject\",\"inLanguage\":\"en-US\",\"@id\":\"https:\/\/9staedte.de\/en\/hameln-city-of-the-pied-piper\/guided-tours-in-hameln\/#primaryimage\",\"url\":\"https:\/\/9staedte.de\/wp-content\/uploads\/2023\/07\/Hameln-Stadtfuehrung-c-Hameln-Marketing-und-Tourismus-GmbH.jpg\",\"contentUrl\":\"https:\/\/9staedte.de\/wp-content\/uploads\/2023\/07\/Hameln-Stadtfuehrung-c-Hameln-Marketing-und-Tourismus-GmbH.jpg\",\"width\":2508,\"height\":1672,\"caption\":\"Hameln Stadtfuehrung c) Hameln Marketing und Tourismus GmbH\"},{\"@type\":\"BreadcrumbList\",\"@id\":\"https:\/\/9staedte.de\/en\/hameln-city-of-the-pied-piper\/guided-tours-in-hameln\/#breadcrumb\",\"itemListElement\":[{\"@type\":\"ListItem\",\"position\":1,\"name\":\"Startseite\",\"item\":\"https:\/\/9staedte.de\/en\/\"},{\"@type\":\"ListItem\",\"position\":2,\"name\":\"Hameln &#8211; The city of the Pied Piper\",\"item\":\"https:\/\/9staedte.de\/en\/hameln-city-of-the-pied-piper\/\"},{\"@type\":\"ListItem\",\"position\":3,\"name\":\"Guided tours in Hameln\"}]},{\"@type\":\"WebSite\",\"@id\":\"https:\/\/9staedte.de\/en\/#website\",\"url\":\"https:\/\/9staedte.de\/en\/\",\"name\":\"9 St\u00e4dte in Niedersachsen\",\"description\":\"\",\"publisher\":{\"@id\":\"https:\/\/9staedte.de\/en\/#organization\"},\"potentialAction\":[{\"@type\":\"SearchAction\",\"target\":{\"@type\":\"EntryPoint\",\"urlTemplate\":\"https:\/\/9staedte.de\/en\/?s={search_term_string}\"},\"query-input\":{\"@type\":\"PropertyValueSpecification\",\"valueRequired\":true,\"valueName\":\"search_term_string\"}}],\"inLanguage\":\"en-US\"},{\"@type\":\"Organization\",\"@id\":\"https:\/\/9staedte.de\/en\/#organization\",\"name\":\"9 St\u00e4dte in Niedersachsen\",\"url\":\"https:\/\/9staedte.de\/en\/\",\"logo\":{\"@type\":\"ImageObject\",\"inLanguage\":\"en-US\",\"@id\":\"https:\/\/9staedte.de\/en\/#\/schema\/logo\/image\/\",\"url\":\"https:\/\/9staedte.de\/wp-content\/uploads\/2025\/01\/9-neg-deutsch-2-1.png\",\"contentUrl\":\"https:\/\/9staedte.de\/wp-content\/uploads\/2025\/01\/9-neg-deutsch-2-1.png\",\"width\":190,\"height\":114,\"caption\":\"9 St\u00e4dte in Niedersachsen\"},\"image\":{\"@id\":\"https:\/\/9staedte.de\/en\/#\/schema\/logo\/image\/\"}}]}<\/script>\n<!-- \/ Yoast SEO plugin. -->","yoast_head_json":{"title":"Guided tours in Hameln - 9 St\u00e4dte in Niedersachsen","robots":{"index":"index","follow":"follow","max-snippet":"max-snippet:-1","max-image-preview":"max-image-preview:large","max-video-preview":"max-video-preview:-1"},"canonical":"https:\/\/9staedte.de\/en\/hameln-city-of-the-pied-piper\/guided-tours-in-hameln\/","og_locale":"en_US","og_type":"article","og_title":"Guided tours in Hameln - 9 St\u00e4dte in Niedersachsen","og_url":"https:\/\/9staedte.de\/en\/hameln-city-of-the-pied-piper\/guided-tours-in-hameln\/","og_site_name":"9 St\u00e4dte in Niedersachsen","article_modified_time":"2023-08-18T09:24:13+00:00","og_image":[{"width":2508,"height":1672,"url":"https:\/\/9staedte.de\/wp-content\/uploads\/2023\/07\/Hameln-Stadtfuehrung-c-Hameln-Marketing-und-Tourismus-GmbH.jpg","type":"image\/jpeg"}],"twitter_card":"summary_large_image","schema":{"@context":"https:\/\/schema.org","@graph":[{"@type":"WebPage","@id":"https:\/\/9staedte.de\/en\/hameln-city-of-the-pied-piper\/guided-tours-in-hameln\/","url":"https:\/\/9staedte.de\/en\/hameln-city-of-the-pied-piper\/guided-tours-in-hameln\/","name":"Guided tours in Hameln - 9 St\u00e4dte in Niedersachsen","isPartOf":{"@id":"https:\/\/9staedte.de\/en\/#website"},"primaryImageOfPage":{"@id":"https:\/\/9staedte.de\/en\/hameln-city-of-the-pied-piper\/guided-tours-in-hameln\/#primaryimage"},"image":{"@id":"https:\/\/9staedte.de\/en\/hameln-city-of-the-pied-piper\/guided-tours-in-hameln\/#primaryimage"},"thumbnailUrl":"https:\/\/9staedte.de\/wp-content\/uploads\/2023\/07\/Hameln-Stadtfuehrung-c-Hameln-Marketing-und-Tourismus-GmbH.jpg","datePublished":"2022-07-11T09:39:28+00:00","dateModified":"2023-08-18T09:24:13+00:00","breadcrumb":{"@id":"https:\/\/9staedte.de\/en\/hameln-city-of-the-pied-piper\/guided-tours-in-hameln\/#breadcrumb"},"inLanguage":"en-US","potentialAction":[{"@type":"ReadAction","target":["https:\/\/9staedte.de\/en\/hameln-city-of-the-pied-piper\/guided-tours-in-hameln\/"]}]},{"@type":"ImageObject","inLanguage":"en-US","@id":"https:\/\/9staedte.de\/en\/hameln-city-of-the-pied-piper\/guided-tours-in-hameln\/#primaryimage","url":"https:\/\/9staedte.de\/wp-content\/uploads\/2023\/07\/Hameln-Stadtfuehrung-c-Hameln-Marketing-und-Tourismus-GmbH.jpg","contentUrl":"https:\/\/9staedte.de\/wp-content\/uploads\/2023\/07\/Hameln-Stadtfuehrung-c-Hameln-Marketing-und-Tourismus-GmbH.jpg","width":2508,"height":1672,"caption":"Hameln Stadtfuehrung c) Hameln Marketing und Tourismus GmbH"},{"@type":"BreadcrumbList","@id":"https:\/\/9staedte.de\/en\/hameln-city-of-the-pied-piper\/guided-tours-in-hameln\/#breadcrumb","itemListElement":[{"@type":"ListItem","position":1,"name":"Startseite","item":"https:\/\/9staedte.de\/en\/"},{"@type":"ListItem","position":2,"name":"Hameln &#8211; The city of the Pied Piper","item":"https:\/\/9staedte.de\/en\/hameln-city-of-the-pied-piper\/"},{"@type":"ListItem","position":3,"name":"Guided tours in Hameln"}]},{"@type":"WebSite","@id":"https:\/\/9staedte.de\/en\/#website","url":"https:\/\/9staedte.de\/en\/","name":"9 St\u00e4dte in Niedersachsen","description":"","publisher":{"@id":"https:\/\/9staedte.de\/en\/#organization"},"potentialAction":[{"@type":"SearchAction","target":{"@type":"EntryPoint","urlTemplate":"https:\/\/9staedte.de\/en\/?s={search_term_string}"},"query-input":{"@type":"PropertyValueSpecification","valueRequired":true,"valueName":"search_term_string"}}],"inLanguage":"en-US"},{"@type":"Organization","@id":"https:\/\/9staedte.de\/en\/#organization","name":"9 St\u00e4dte in Niedersachsen","url":"https:\/\/9staedte.de\/en\/","logo":{"@type":"ImageObject","inLanguage":"en-US","@id":"https:\/\/9staedte.de\/en\/#\/schema\/logo\/image\/","url":"https:\/\/9staedte.de\/wp-content\/uploads\/2025\/01\/9-neg-deutsch-2-1.png","contentUrl":"https:\/\/9staedte.de\/wp-content\/uploads\/2025\/01\/9-neg-deutsch-2-1.png","width":190,"height":114,"caption":"9 St\u00e4dte in Niedersachsen"},"image":{"@id":"https:\/\/9staedte.de\/en\/#\/schema\/logo\/image\/"}}]}},"_links":{"self":[{"href":"https:\/\/9staedte.de\/en\/wp-json\/wp\/v2\/pages\/2439","targetHints":{"allow":["GET"]}}],"collection":[{"href":"https:\/\/9staedte.de\/en\/wp-json\/wp\/v2\/pages"}],"about":[{"href":"https:\/\/9staedte.de\/en\/wp-json\/wp\/v2\/types\/page"}],"author":[{"embeddable":true,"href":"https:\/\/9staedte.de\/en\/wp-json\/wp\/v2\/users\/1"}],"replies":[{"embeddable":true,"href":"https:\/\/9staedte.de\/en\/wp-json\/wp\/v2\/comments?post=2439"}],"version-history":[{"count":3,"href":"https:\/\/9staedte.de\/en\/wp-json\/wp\/v2\/pages\/2439\/revisions"}],"predecessor-version":[{"id":8953,"href":"https:\/\/9staedte.de\/en\/wp-json\/wp\/v2\/pages\/2439\/revisions\/8953"}],"up":[{"embeddable":true,"href":"https:\/\/9staedte.de\/en\/wp-json\/wp\/v2\/pages\/1457"}],"wp:featuredmedia":[{"embeddable":true,"href":"https:\/\/9staedte.de\/en\/wp-json\/wp\/v2\/media\/7202"}],"wp:attachment":[{"href":"https:\/\/9staedte.de\/en\/wp-json\/wp\/v2\/media?parent=2439"}],"wp:term":[{"taxonomy":"category","embeddable":true,"href":"https:\/\/9staedte.de\/en\/wp-json\/wp\/v2\/categories?post=2439"},{"taxonomy":"post_tag","embeddable":true,"href":"https:\/\/9staedte.de\/en\/wp-json\/wp\/v2\/tags?post=2439"},{"taxonomy":"ncap_cities_tax","embeddable":true,"href":"https:\/\/9staedte.de\/en\/wp-json\/wp\/v2\/ncap_cities_tax?post=2439"}],"curies":[{"name":"wp","href":"https:\/\/api.w.org\/{rel}","templated":true}]}}