{"id":2387,"date":"2022-07-11T11:05:27","date_gmt":"2022-07-11T09:05:27","guid":{"rendered":"https:\/\/9staedte.de\/?page_id=2387"},"modified":"2024-05-08T15:15:23","modified_gmt":"2024-05-08T13:15:23","slug":"discover-goslar-in-a-sustainable-way","status":"publish","type":"page","link":"https:\/\/9staedte.de\/en\/goslar-world-heritage-harz-mountains\/discover-goslar-in-a-sustainable-way\/","title":{"rendered":"Discover Goslar in a sustainable way"},"content":{"rendered":"\n<h2 class=\"wp-block-heading\">Unforgettable moments in the imperial City<\/h2>\n\n\n\n<p>Experience unforgettable moments in this thousand year-old imperial City and discover Goslar in a sustainable way. Experience medieval charm, narrow streets, slate-clad, half-timbered houses and nostalgic flair. Submerge yourself in the history of the city, look forward to impressive historic architecture and discover your own personal highlights. Take a break from everyday life during a hike or a guided bike tour, and enjoy the fresh air of the Harz region.<\/p>\n\n\n\n\n<div class=\"banner-wrapper\">\n  <div class=\"banner-inner \">\n      <div class=\"img-container\">\n      <div class=\"img-wrapper\">\n        <img decoding=\"async\" src=\"https:\/\/9staedte.de\/wp-content\/smush-webp\/2023\/02\/Goslar-c-Martin-Kirchner.jpg.webp\" alt=\"The picture shows an old street in Goslar. There are half-timbered houses on both sides. The street is made of small stones. Two people are riding bikes. The sun shines on the houses. It looks peaceful and cozy.\" \/>\n                  <div class=\"thumbnail-label\">\n            <span>Goslar, Peterstrasse<\/span>\n          <\/div>\n              <\/div>\n    <\/div>\n        <div class=\"text-container\">\n      <div class=\"content\">\n        <h2>9 tips how to discover Goslar sustainable<\/h2>\n<p>\u2013 Relax on the journey by travelling to Goslar by train \u2013 the town has a railway connection (regional line), including to the ICE railway stations in Hannover, Hildesheim and Braunschweig.<\/p>\n<p>\u2013 Discover the Harz region by bus and train. Guests staying in overnight accommodation can travel free of charge with HATIX.<\/p>\n<p>\u2013 Enjoy vegetarian and vegan delicacies in the Caf\u00e9-Bistro Schneeweiss\u00a0&amp;\u00a0Rosenrot or in the Restaurant Soup\u00a0&amp;\u00a0Soul Kitchen.<\/p>\n<p>\u2013 Save on plastic when shopping by visiting the Unverpackt\u00a0Laden in Goslar, an \u2018unpackaged\u2019 shop where items are not wrapped in plastic packaging.<\/p>\n<p>\u2013 Be aware of what you eat and enjoy regional produce with the \u2018Typical Harz\u2019 brand, e.g. at the B\u00e4cker Braun (baker), the Brauhaus Goslar (brewery), the Klosterbrennerei (monastery distillery) W\u00f6ltingerode, in the Fleischerei Henning Klu\u00df (butcher\u2019s) or at the Klosterimkerei (monastery apiary) Grauhof.<\/p>\n<p>\u2013 Wander through one of the Goslar weekly markets, and purchase fresh regional and seasonal produce from local traders.<\/p>\n<p>\u2013 Saunter through the cosy alleyways of Goslar Old Town with its owner-run shops and striking slate and half-timbered houses, and explore the town using our audio guide.<\/p>\n<p>\u2013 Discover the Harz region and its beautiful natural landscape on two wheels during a guided bike tour on an e-bike, trekking bike or mountain bike.<\/p>\n<p>\u2013 Hike along the Liebesbankweg in Hahnenklee to enjoy the natural scenery there.<\/p>\n      <\/div>\n    <\/div>\n    <\/div>\n<\/div>\n\n","protected":false},"excerpt":{"rendered":"<p>Unforgettable moments in the imperial City Experience unforgettable moments in this thousand year-old imperial City and discover Goslar in a sustainable way. Experience medieval charm, narrow streets, slate-clad, half-timbered houses and nostalgic flair. Submerge yourself in the history of the city, look forward to impressive historic architecture and discover your own personal highlights. Take a [&hellip;]<\/p>\n","protected":false},"author":1,"featured_media":4071,"parent":1454,"menu_order":0,"comment_status":"closed","ping_status":"closed","template":"pagetemplates\/template-stadtthema.php","meta":{"_acf_changed":false,"footnotes":""},"categories":[],"tags":[],"ncap_cities_tax":[439,978],"class_list":["post-2387","page","type-page","status-publish","has-post-thumbnail","hentry","ncap_cities_tax-goslar-en","ncap_cities_tax-naturerlebnisse-und-nachhaltigkeit-goslar-en"],"acf":[],"yoast_head":"<!-- This site is optimized with the Yoast SEO plugin v26.8 - https:\/\/yoast.com\/product\/yoast-seo-wordpress\/ -->\n<title>Discover Goslar in a sustainable way - 9 St\u00e4dte in Niedersachsen<\/title>\n<meta name=\"robots\" content=\"index, follow, max-snippet:-1, max-image-preview:large, max-video-preview:-1\" \/>\n<link rel=\"canonical\" href=\"https:\/\/9staedte.de\/en\/goslar-world-heritage-harz-mountains\/discover-goslar-in-a-sustainable-way\/\" \/>\n<meta property=\"og:locale\" content=\"en_US\" \/>\n<meta property=\"og:type\" content=\"article\" \/>\n<meta property=\"og:title\" content=\"Discover Goslar in a sustainable way - 9 St\u00e4dte in Niedersachsen\" \/>\n<meta property=\"og:description\" content=\"Unforgettable moments in the imperial City Experience unforgettable moments in this thousand year-old imperial City and discover Goslar in a sustainable way. Experience medieval charm, narrow streets, slate-clad, half-timbered houses and nostalgic flair. Submerge yourself in the history of the city, look forward to impressive historic architecture and discover your own personal highlights. Take a [&hellip;]\" \/>\n<meta property=\"og:url\" content=\"https:\/\/9staedte.de\/en\/goslar-world-heritage-harz-mountains\/discover-goslar-in-a-sustainable-way\/\" \/>\n<meta property=\"og:site_name\" content=\"9 St\u00e4dte in Niedersachsen\" \/>\n<meta property=\"article:modified_time\" content=\"2024-05-08T13:15:23+00:00\" \/>\n<meta property=\"og:image\" content=\"https:\/\/9staedte.de\/wp-content\/uploads\/2023\/02\/Mountainbiking_GOSLAR_marketing_gmbh.jpg\" \/>\n\t<meta property=\"og:image:width\" content=\"1020\" \/>\n\t<meta property=\"og:image:height\" content=\"569\" \/>\n\t<meta property=\"og:image:type\" content=\"image\/jpeg\" \/>\n<meta name=\"twitter:card\" content=\"summary_large_image\" \/>\n<meta name=\"twitter:label1\" content=\"Est. reading time\" \/>\n\t<meta name=\"twitter:data1\" content=\"1 minute\" \/>\n<script type=\"application\/ld+json\" class=\"yoast-schema-graph\">{\"@context\":\"https:\/\/schema.org\",\"@graph\":[{\"@type\":\"WebPage\",\"@id\":\"https:\/\/9staedte.de\/en\/goslar-world-heritage-harz-mountains\/discover-goslar-in-a-sustainable-way\/\",\"url\":\"https:\/\/9staedte.de\/en\/goslar-world-heritage-harz-mountains\/discover-goslar-in-a-sustainable-way\/\",\"name\":\"Discover Goslar in a sustainable way - 9 St\u00e4dte in Niedersachsen\",\"isPartOf\":{\"@id\":\"https:\/\/9staedte.de\/en\/#website\"},\"primaryImageOfPage\":{\"@id\":\"https:\/\/9staedte.de\/en\/goslar-world-heritage-harz-mountains\/discover-goslar-in-a-sustainable-way\/#primaryimage\"},\"image\":{\"@id\":\"https:\/\/9staedte.de\/en\/goslar-world-heritage-harz-mountains\/discover-goslar-in-a-sustainable-way\/#primaryimage\"},\"thumbnailUrl\":\"https:\/\/9staedte.de\/wp-content\/uploads\/2023\/02\/Mountainbiking_GOSLAR_marketing_gmbh.jpg\",\"datePublished\":\"2022-07-11T09:05:27+00:00\",\"dateModified\":\"2024-05-08T13:15:23+00:00\",\"breadcrumb\":{\"@id\":\"https:\/\/9staedte.de\/en\/goslar-world-heritage-harz-mountains\/discover-goslar-in-a-sustainable-way\/#breadcrumb\"},\"inLanguage\":\"en-US\",\"potentialAction\":[{\"@type\":\"ReadAction\",\"target\":[\"https:\/\/9staedte.de\/en\/goslar-world-heritage-harz-mountains\/discover-goslar-in-a-sustainable-way\/\"]}]},{\"@type\":\"ImageObject\",\"inLanguage\":\"en-US\",\"@id\":\"https:\/\/9staedte.de\/en\/goslar-world-heritage-harz-mountains\/discover-goslar-in-a-sustainable-way\/#primaryimage\",\"url\":\"https:\/\/9staedte.de\/wp-content\/uploads\/2023\/02\/Mountainbiking_GOSLAR_marketing_gmbh.jpg\",\"contentUrl\":\"https:\/\/9staedte.de\/wp-content\/uploads\/2023\/02\/Mountainbiking_GOSLAR_marketing_gmbh.jpg\",\"width\":1020,\"height\":569,\"caption\":\"Mountainbiking_GOSLAR_marketing_gmbh\"},{\"@type\":\"BreadcrumbList\",\"@id\":\"https:\/\/9staedte.de\/en\/goslar-world-heritage-harz-mountains\/discover-goslar-in-a-sustainable-way\/#breadcrumb\",\"itemListElement\":[{\"@type\":\"ListItem\",\"position\":1,\"name\":\"Startseite\",\"item\":\"https:\/\/9staedte.de\/en\/\"},{\"@type\":\"ListItem\",\"position\":2,\"name\":\"Goslar &#8211; Weltkulturerbe im Harz\",\"item\":\"https:\/\/9staedte.de\/en\/goslar-unesco-welterbe-harz\/\"},{\"@type\":\"ListItem\",\"position\":3,\"name\":\"Goslar &#8211; World Heritage in the Harz mountains\",\"item\":\"https:\/\/9staedte.de\/en\/goslar-unesco-welterbe-harz\/goslar-world-heritage-harz-mountains\/\"},{\"@type\":\"ListItem\",\"position\":4,\"name\":\"Discover Goslar in a sustainable way\"}]},{\"@type\":\"WebSite\",\"@id\":\"https:\/\/9staedte.de\/en\/#website\",\"url\":\"https:\/\/9staedte.de\/en\/\",\"name\":\"9 St\u00e4dte in Niedersachsen\",\"description\":\"\",\"publisher\":{\"@id\":\"https:\/\/9staedte.de\/en\/#organization\"},\"potentialAction\":[{\"@type\":\"SearchAction\",\"target\":{\"@type\":\"EntryPoint\",\"urlTemplate\":\"https:\/\/9staedte.de\/en\/?s={search_term_string}\"},\"query-input\":{\"@type\":\"PropertyValueSpecification\",\"valueRequired\":true,\"valueName\":\"search_term_string\"}}],\"inLanguage\":\"en-US\"},{\"@type\":\"Organization\",\"@id\":\"https:\/\/9staedte.de\/en\/#organization\",\"name\":\"9 St\u00e4dte in Niedersachsen\",\"url\":\"https:\/\/9staedte.de\/en\/\",\"logo\":{\"@type\":\"ImageObject\",\"inLanguage\":\"en-US\",\"@id\":\"https:\/\/9staedte.de\/en\/#\/schema\/logo\/image\/\",\"url\":\"https:\/\/9staedte.de\/wp-content\/uploads\/2025\/01\/9-neg-deutsch-2-1.png\",\"contentUrl\":\"https:\/\/9staedte.de\/wp-content\/uploads\/2025\/01\/9-neg-deutsch-2-1.png\",\"width\":190,\"height\":114,\"caption\":\"9 St\u00e4dte in Niedersachsen\"},\"image\":{\"@id\":\"https:\/\/9staedte.de\/en\/#\/schema\/logo\/image\/\"}}]}<\/script>\n<!-- \/ Yoast SEO plugin. -->","yoast_head_json":{"title":"Discover Goslar in a sustainable way - 9 St\u00e4dte in Niedersachsen","robots":{"index":"index","follow":"follow","max-snippet":"max-snippet:-1","max-image-preview":"max-image-preview:large","max-video-preview":"max-video-preview:-1"},"canonical":"https:\/\/9staedte.de\/en\/goslar-world-heritage-harz-mountains\/discover-goslar-in-a-sustainable-way\/","og_locale":"en_US","og_type":"article","og_title":"Discover Goslar in a sustainable way - 9 St\u00e4dte in Niedersachsen","og_description":"Unforgettable moments in the imperial City Experience unforgettable moments in this thousand year-old imperial City and discover Goslar in a sustainable way. Experience medieval charm, narrow streets, slate-clad, half-timbered houses and nostalgic flair. Submerge yourself in the history of the city, look forward to impressive historic architecture and discover your own personal highlights. Take a [&hellip;]","og_url":"https:\/\/9staedte.de\/en\/goslar-world-heritage-harz-mountains\/discover-goslar-in-a-sustainable-way\/","og_site_name":"9 St\u00e4dte in Niedersachsen","article_modified_time":"2024-05-08T13:15:23+00:00","og_image":[{"width":1020,"height":569,"url":"https:\/\/9staedte.de\/wp-content\/uploads\/2023\/02\/Mountainbiking_GOSLAR_marketing_gmbh.jpg","type":"image\/jpeg"}],"twitter_card":"summary_large_image","twitter_misc":{"Est. reading time":"1 minute"},"schema":{"@context":"https:\/\/schema.org","@graph":[{"@type":"WebPage","@id":"https:\/\/9staedte.de\/en\/goslar-world-heritage-harz-mountains\/discover-goslar-in-a-sustainable-way\/","url":"https:\/\/9staedte.de\/en\/goslar-world-heritage-harz-mountains\/discover-goslar-in-a-sustainable-way\/","name":"Discover Goslar in a sustainable way - 9 St\u00e4dte in Niedersachsen","isPartOf":{"@id":"https:\/\/9staedte.de\/en\/#website"},"primaryImageOfPage":{"@id":"https:\/\/9staedte.de\/en\/goslar-world-heritage-harz-mountains\/discover-goslar-in-a-sustainable-way\/#primaryimage"},"image":{"@id":"https:\/\/9staedte.de\/en\/goslar-world-heritage-harz-mountains\/discover-goslar-in-a-sustainable-way\/#primaryimage"},"thumbnailUrl":"https:\/\/9staedte.de\/wp-content\/uploads\/2023\/02\/Mountainbiking_GOSLAR_marketing_gmbh.jpg","datePublished":"2022-07-11T09:05:27+00:00","dateModified":"2024-05-08T13:15:23+00:00","breadcrumb":{"@id":"https:\/\/9staedte.de\/en\/goslar-world-heritage-harz-mountains\/discover-goslar-in-a-sustainable-way\/#breadcrumb"},"inLanguage":"en-US","potentialAction":[{"@type":"ReadAction","target":["https:\/\/9staedte.de\/en\/goslar-world-heritage-harz-mountains\/discover-goslar-in-a-sustainable-way\/"]}]},{"@type":"ImageObject","inLanguage":"en-US","@id":"https:\/\/9staedte.de\/en\/goslar-world-heritage-harz-mountains\/discover-goslar-in-a-sustainable-way\/#primaryimage","url":"https:\/\/9staedte.de\/wp-content\/uploads\/2023\/02\/Mountainbiking_GOSLAR_marketing_gmbh.jpg","contentUrl":"https:\/\/9staedte.de\/wp-content\/uploads\/2023\/02\/Mountainbiking_GOSLAR_marketing_gmbh.jpg","width":1020,"height":569,"caption":"Mountainbiking_GOSLAR_marketing_gmbh"},{"@type":"BreadcrumbList","@id":"https:\/\/9staedte.de\/en\/goslar-world-heritage-harz-mountains\/discover-goslar-in-a-sustainable-way\/#breadcrumb","itemListElement":[{"@type":"ListItem","position":1,"name":"Startseite","item":"https:\/\/9staedte.de\/en\/"},{"@type":"ListItem","position":2,"name":"Goslar &#8211; Weltkulturerbe im Harz","item":"https:\/\/9staedte.de\/en\/goslar-unesco-welterbe-harz\/"},{"@type":"ListItem","position":3,"name":"Goslar &#8211; World Heritage in the Harz mountains","item":"https:\/\/9staedte.de\/en\/goslar-unesco-welterbe-harz\/goslar-world-heritage-harz-mountains\/"},{"@type":"ListItem","position":4,"name":"Discover Goslar in a sustainable way"}]},{"@type":"WebSite","@id":"https:\/\/9staedte.de\/en\/#website","url":"https:\/\/9staedte.de\/en\/","name":"9 St\u00e4dte in Niedersachsen","description":"","publisher":{"@id":"https:\/\/9staedte.de\/en\/#organization"},"potentialAction":[{"@type":"SearchAction","target":{"@type":"EntryPoint","urlTemplate":"https:\/\/9staedte.de\/en\/?s={search_term_string}"},"query-input":{"@type":"PropertyValueSpecification","valueRequired":true,"valueName":"search_term_string"}}],"inLanguage":"en-US"},{"@type":"Organization","@id":"https:\/\/9staedte.de\/en\/#organization","name":"9 St\u00e4dte in Niedersachsen","url":"https:\/\/9staedte.de\/en\/","logo":{"@type":"ImageObject","inLanguage":"en-US","@id":"https:\/\/9staedte.de\/en\/#\/schema\/logo\/image\/","url":"https:\/\/9staedte.de\/wp-content\/uploads\/2025\/01\/9-neg-deutsch-2-1.png","contentUrl":"https:\/\/9staedte.de\/wp-content\/uploads\/2025\/01\/9-neg-deutsch-2-1.png","width":190,"height":114,"caption":"9 St\u00e4dte in Niedersachsen"},"image":{"@id":"https:\/\/9staedte.de\/en\/#\/schema\/logo\/image\/"}}]}},"_links":{"self":[{"href":"https:\/\/9staedte.de\/en\/wp-json\/wp\/v2\/pages\/2387","targetHints":{"allow":["GET"]}}],"collection":[{"href":"https:\/\/9staedte.de\/en\/wp-json\/wp\/v2\/pages"}],"about":[{"href":"https:\/\/9staedte.de\/en\/wp-json\/wp\/v2\/types\/page"}],"author":[{"embeddable":true,"href":"https:\/\/9staedte.de\/en\/wp-json\/wp\/v2\/users\/1"}],"replies":[{"embeddable":true,"href":"https:\/\/9staedte.de\/en\/wp-json\/wp\/v2\/comments?post=2387"}],"version-history":[{"count":5,"href":"https:\/\/9staedte.de\/en\/wp-json\/wp\/v2\/pages\/2387\/revisions"}],"predecessor-version":[{"id":22269,"href":"https:\/\/9staedte.de\/en\/wp-json\/wp\/v2\/pages\/2387\/revisions\/22269"}],"up":[{"embeddable":true,"href":"https:\/\/9staedte.de\/en\/wp-json\/wp\/v2\/pages\/1454"}],"wp:featuredmedia":[{"embeddable":true,"href":"https:\/\/9staedte.de\/en\/wp-json\/wp\/v2\/media\/4071"}],"wp:attachment":[{"href":"https:\/\/9staedte.de\/en\/wp-json\/wp\/v2\/media?parent=2387"}],"wp:term":[{"taxonomy":"category","embeddable":true,"href":"https:\/\/9staedte.de\/en\/wp-json\/wp\/v2\/categories?post=2387"},{"taxonomy":"post_tag","embeddable":true,"href":"https:\/\/9staedte.de\/en\/wp-json\/wp\/v2\/tags?post=2387"},{"taxonomy":"ncap_cities_tax","embeddable":true,"href":"https:\/\/9staedte.de\/en\/wp-json\/wp\/v2\/ncap_cities_tax?post=2387"}],"curies":[{"name":"wp","href":"https:\/\/api.w.org\/{rel}","templated":true}]}}