{"id":2363,"date":"2022-07-11T10:57:09","date_gmt":"2022-07-11T08:57:09","guid":{"rendered":"https:\/\/9staedte.de\/?page_id=2363"},"modified":"2025-05-15T17:29:31","modified_gmt":"2025-05-15T15:29:31","slug":"guides-and-excursions-in-gottingen","status":"publish","type":"page","link":"https:\/\/9staedte.de\/en\/gottingen-traditional-university-town\/guides-and-excursions-in-gottingen\/","title":{"rendered":"Excursions in G\u00f6ttingen"},"content":{"rendered":"\n<h3 class=\"wp-block-heading\">Excursion programmes<\/h3>\n\n\n\n<h4 class=\"wp-block-heading\">Weserbergland Tour<\/h4>\n\n\n\n<p>The region of Weserbergland with its numerous sights can be found to the west of G\u00f6ttingen. On this outing you can choose to visit the town Hann. M\u00fcnden, which is located on the confluence of three rivers, the monastery Kloster Bursfelde and the F\u00fcrstenberg porcelain manufactory. Alternatively, you can relax on a trip down the river Weser!<\/p>\n\n\n\n<h4 class=\"wp-block-heading\">Out and about in Eichsfeld<\/h4>\n\n\n\n<p>An excursion through the historical landscape of the Eichsfeld region is a perfect combination of culture and nature. Explore the European Bread Museum and the Wilhelm-Busch Mill in Eberg\u00f6tzen, the lake Seeburger See, the half-timber houses in Duderstadt or the Grenzlandmuseum Teistungen, chronicling the history of the German-German border.<\/p>\n\n\n\n<h4 class=\"wp-block-heading\">Trip to the Harz<\/h4>\n\n\n\n<p>A panoramic excursion to the legendary world of the mountains and forests of the Harz National Park. Other stopping points are the Ockertalsperre dam and the mining towns of St. Andreasberg and Clausthal-Zellerfeld.<\/p>\n\n\n\n<h4 class=\"wp-block-heading\">Prices for all tours:<\/h4>\n\n\n\n<p>Professional tour guide, half-day excursion\/4 hours:<br>\u20ac 140 incl. VAT (in German) and \u20ac 180 incl. VAT (other languages)<br>full-day excursion\/8 hours: on request<br>admission extra<br>coaches available on request.<\/p>\n\n\n\n<h4 class=\"wp-block-heading\">Please contact:<\/h4>\n\n\n\n<p>Tourist-Information<br>Markt 8<br>37073 G\u00f6ttingen<br>Tel.: +49 (0)551 49980-0<br><a href=\"mailto:info@goettingen-tourismus.de\">info@goettingen-tourismus.de<\/a><br><a href=\"http:\/\/www.goettingen-tourismus.de\">www.goettingen-tourismus.de<\/a><\/p>\n","protected":false},"excerpt":{"rendered":"<p>Excursion programmes Weserbergland Tour The region of Weserbergland with its numerous sights can be found to the west of G\u00f6ttingen. On this outing you can choose to visit the town Hann. M\u00fcnden, which is located on the confluence of three rivers, the monastery Kloster Bursfelde and the F\u00fcrstenberg porcelain manufactory. Alternatively, you can relax on [&hellip;]<\/p>\n","protected":false},"author":1,"featured_media":3932,"parent":1451,"menu_order":0,"comment_status":"closed","ping_status":"closed","template":"pagetemplates\/template-stadtthema.php","meta":{"_acf_changed":false,"footnotes":""},"categories":[],"tags":[],"ncap_cities_tax":[432,237],"class_list":["post-2363","page","type-page","status-publish","has-post-thumbnail","hentry","ncap_cities_tax-goettingen-en","ncap_cities_tax-reiseleitung-und-ausflugen-goettingen"],"acf":[],"yoast_head":"<!-- This site is optimized with the Yoast SEO plugin v26.8 - https:\/\/yoast.com\/product\/yoast-seo-wordpress\/ -->\n<title>Excursions in G\u00f6ttingen - 9 St\u00e4dte in Niedersachsen<\/title>\n<meta name=\"robots\" content=\"index, follow, max-snippet:-1, max-image-preview:large, max-video-preview:-1\" \/>\n<link rel=\"canonical\" href=\"https:\/\/9staedte.de\/en\/gottingen-traditional-university-town\/guides-and-excursions-in-gottingen\/\" \/>\n<meta property=\"og:locale\" content=\"en_US\" \/>\n<meta property=\"og:type\" content=\"article\" \/>\n<meta property=\"og:title\" content=\"Excursions in G\u00f6ttingen - 9 St\u00e4dte in Niedersachsen\" \/>\n<meta property=\"og:description\" content=\"Excursion programmes Weserbergland Tour The region of Weserbergland with its numerous sights can be found to the west of G\u00f6ttingen. On this outing you can choose to visit the town Hann. M\u00fcnden, which is located on the confluence of three rivers, the monastery Kloster Bursfelde and the F\u00fcrstenberg porcelain manufactory. Alternatively, you can relax on [&hellip;]\" \/>\n<meta property=\"og:url\" content=\"https:\/\/9staedte.de\/en\/gottingen-traditional-university-town\/guides-and-excursions-in-gottingen\/\" \/>\n<meta property=\"og:site_name\" content=\"9 St\u00e4dte in Niedersachsen\" \/>\n<meta property=\"article:modified_time\" content=\"2025-05-15T15:29:31+00:00\" \/>\n<meta property=\"og:image\" content=\"https:\/\/9staedte.de\/wp-content\/uploads\/2023\/02\/Werrabruecke-CC0-Lizenz_c_Max-Wiesenbach_Hann.-Muenden-Marketing-GmbH.jpg\" \/>\n\t<meta property=\"og:image:width\" content=\"1020\" \/>\n\t<meta property=\"og:image:height\" content=\"560\" \/>\n\t<meta property=\"og:image:type\" content=\"image\/jpeg\" \/>\n<meta name=\"twitter:card\" content=\"summary_large_image\" \/>\n<meta name=\"twitter:label1\" content=\"Est. reading time\" \/>\n\t<meta name=\"twitter:data1\" content=\"2 minutes\" \/>\n<script type=\"application\/ld+json\" class=\"yoast-schema-graph\">{\"@context\":\"https:\/\/schema.org\",\"@graph\":[{\"@type\":\"WebPage\",\"@id\":\"https:\/\/9staedte.de\/en\/gottingen-traditional-university-town\/guides-and-excursions-in-gottingen\/\",\"url\":\"https:\/\/9staedte.de\/en\/gottingen-traditional-university-town\/guides-and-excursions-in-gottingen\/\",\"name\":\"Excursions in G\u00f6ttingen - 9 St\u00e4dte in Niedersachsen\",\"isPartOf\":{\"@id\":\"https:\/\/9staedte.de\/en\/#website\"},\"primaryImageOfPage\":{\"@id\":\"https:\/\/9staedte.de\/en\/gottingen-traditional-university-town\/guides-and-excursions-in-gottingen\/#primaryimage\"},\"image\":{\"@id\":\"https:\/\/9staedte.de\/en\/gottingen-traditional-university-town\/guides-and-excursions-in-gottingen\/#primaryimage\"},\"thumbnailUrl\":\"https:\/\/9staedte.de\/wp-content\/uploads\/2023\/02\/Werrabruecke-CC0-Lizenz_c_Max-Wiesenbach_Hann.-Muenden-Marketing-GmbH.jpg\",\"datePublished\":\"2022-07-11T08:57:09+00:00\",\"dateModified\":\"2025-05-15T15:29:31+00:00\",\"breadcrumb\":{\"@id\":\"https:\/\/9staedte.de\/en\/gottingen-traditional-university-town\/guides-and-excursions-in-gottingen\/#breadcrumb\"},\"inLanguage\":\"en-US\",\"potentialAction\":[{\"@type\":\"ReadAction\",\"target\":[\"https:\/\/9staedte.de\/en\/gottingen-traditional-university-town\/guides-and-excursions-in-gottingen\/\"]}]},{\"@type\":\"ImageObject\",\"inLanguage\":\"en-US\",\"@id\":\"https:\/\/9staedte.de\/en\/gottingen-traditional-university-town\/guides-and-excursions-in-gottingen\/#primaryimage\",\"url\":\"https:\/\/9staedte.de\/wp-content\/uploads\/2023\/02\/Werrabruecke-CC0-Lizenz_c_Max-Wiesenbach_Hann.-Muenden-Marketing-GmbH.jpg\",\"contentUrl\":\"https:\/\/9staedte.de\/wp-content\/uploads\/2023\/02\/Werrabruecke-CC0-Lizenz_c_Max-Wiesenbach_Hann.-Muenden-Marketing-GmbH.jpg\",\"width\":1020,\"height\":560,\"caption\":\"Hann. M\u00fcnden Werrabr\u00fccke CC0-Lizenz_(c)_Max Wiesenbach_Hann. M\u00fcnden Marketing GmbH\"},{\"@type\":\"BreadcrumbList\",\"@id\":\"https:\/\/9staedte.de\/en\/gottingen-traditional-university-town\/guides-and-excursions-in-gottingen\/#breadcrumb\",\"itemListElement\":[{\"@type\":\"ListItem\",\"position\":1,\"name\":\"Startseite\",\"item\":\"https:\/\/9staedte.de\/en\/\"},{\"@type\":\"ListItem\",\"position\":2,\"name\":\"G\u00f6ttingen &#8211; City of science!\",\"item\":\"https:\/\/9staedte.de\/en\/gottingen-traditional-university-town\/\"},{\"@type\":\"ListItem\",\"position\":3,\"name\":\"Excursions in G\u00f6ttingen\"}]},{\"@type\":\"WebSite\",\"@id\":\"https:\/\/9staedte.de\/en\/#website\",\"url\":\"https:\/\/9staedte.de\/en\/\",\"name\":\"9 St\u00e4dte in Niedersachsen\",\"description\":\"\",\"publisher\":{\"@id\":\"https:\/\/9staedte.de\/en\/#organization\"},\"potentialAction\":[{\"@type\":\"SearchAction\",\"target\":{\"@type\":\"EntryPoint\",\"urlTemplate\":\"https:\/\/9staedte.de\/en\/?s={search_term_string}\"},\"query-input\":{\"@type\":\"PropertyValueSpecification\",\"valueRequired\":true,\"valueName\":\"search_term_string\"}}],\"inLanguage\":\"en-US\"},{\"@type\":\"Organization\",\"@id\":\"https:\/\/9staedte.de\/en\/#organization\",\"name\":\"9 St\u00e4dte in Niedersachsen\",\"url\":\"https:\/\/9staedte.de\/en\/\",\"logo\":{\"@type\":\"ImageObject\",\"inLanguage\":\"en-US\",\"@id\":\"https:\/\/9staedte.de\/en\/#\/schema\/logo\/image\/\",\"url\":\"https:\/\/9staedte.de\/wp-content\/uploads\/2025\/01\/9-neg-deutsch-2-1.png\",\"contentUrl\":\"https:\/\/9staedte.de\/wp-content\/uploads\/2025\/01\/9-neg-deutsch-2-1.png\",\"width\":190,\"height\":114,\"caption\":\"9 St\u00e4dte in Niedersachsen\"},\"image\":{\"@id\":\"https:\/\/9staedte.de\/en\/#\/schema\/logo\/image\/\"}}]}<\/script>\n<!-- \/ Yoast SEO plugin. -->","yoast_head_json":{"title":"Excursions in G\u00f6ttingen - 9 St\u00e4dte in Niedersachsen","robots":{"index":"index","follow":"follow","max-snippet":"max-snippet:-1","max-image-preview":"max-image-preview:large","max-video-preview":"max-video-preview:-1"},"canonical":"https:\/\/9staedte.de\/en\/gottingen-traditional-university-town\/guides-and-excursions-in-gottingen\/","og_locale":"en_US","og_type":"article","og_title":"Excursions in G\u00f6ttingen - 9 St\u00e4dte in Niedersachsen","og_description":"Excursion programmes Weserbergland Tour The region of Weserbergland with its numerous sights can be found to the west of G\u00f6ttingen. On this outing you can choose to visit the town Hann. M\u00fcnden, which is located on the confluence of three rivers, the monastery Kloster Bursfelde and the F\u00fcrstenberg porcelain manufactory. Alternatively, you can relax on [&hellip;]","og_url":"https:\/\/9staedte.de\/en\/gottingen-traditional-university-town\/guides-and-excursions-in-gottingen\/","og_site_name":"9 St\u00e4dte in Niedersachsen","article_modified_time":"2025-05-15T15:29:31+00:00","og_image":[{"width":1020,"height":560,"url":"https:\/\/9staedte.de\/wp-content\/uploads\/2023\/02\/Werrabruecke-CC0-Lizenz_c_Max-Wiesenbach_Hann.-Muenden-Marketing-GmbH.jpg","type":"image\/jpeg"}],"twitter_card":"summary_large_image","twitter_misc":{"Est. reading time":"2 minutes"},"schema":{"@context":"https:\/\/schema.org","@graph":[{"@type":"WebPage","@id":"https:\/\/9staedte.de\/en\/gottingen-traditional-university-town\/guides-and-excursions-in-gottingen\/","url":"https:\/\/9staedte.de\/en\/gottingen-traditional-university-town\/guides-and-excursions-in-gottingen\/","name":"Excursions in G\u00f6ttingen - 9 St\u00e4dte in Niedersachsen","isPartOf":{"@id":"https:\/\/9staedte.de\/en\/#website"},"primaryImageOfPage":{"@id":"https:\/\/9staedte.de\/en\/gottingen-traditional-university-town\/guides-and-excursions-in-gottingen\/#primaryimage"},"image":{"@id":"https:\/\/9staedte.de\/en\/gottingen-traditional-university-town\/guides-and-excursions-in-gottingen\/#primaryimage"},"thumbnailUrl":"https:\/\/9staedte.de\/wp-content\/uploads\/2023\/02\/Werrabruecke-CC0-Lizenz_c_Max-Wiesenbach_Hann.-Muenden-Marketing-GmbH.jpg","datePublished":"2022-07-11T08:57:09+00:00","dateModified":"2025-05-15T15:29:31+00:00","breadcrumb":{"@id":"https:\/\/9staedte.de\/en\/gottingen-traditional-university-town\/guides-and-excursions-in-gottingen\/#breadcrumb"},"inLanguage":"en-US","potentialAction":[{"@type":"ReadAction","target":["https:\/\/9staedte.de\/en\/gottingen-traditional-university-town\/guides-and-excursions-in-gottingen\/"]}]},{"@type":"ImageObject","inLanguage":"en-US","@id":"https:\/\/9staedte.de\/en\/gottingen-traditional-university-town\/guides-and-excursions-in-gottingen\/#primaryimage","url":"https:\/\/9staedte.de\/wp-content\/uploads\/2023\/02\/Werrabruecke-CC0-Lizenz_c_Max-Wiesenbach_Hann.-Muenden-Marketing-GmbH.jpg","contentUrl":"https:\/\/9staedte.de\/wp-content\/uploads\/2023\/02\/Werrabruecke-CC0-Lizenz_c_Max-Wiesenbach_Hann.-Muenden-Marketing-GmbH.jpg","width":1020,"height":560,"caption":"Hann. M\u00fcnden Werrabr\u00fccke CC0-Lizenz_(c)_Max Wiesenbach_Hann. M\u00fcnden Marketing GmbH"},{"@type":"BreadcrumbList","@id":"https:\/\/9staedte.de\/en\/gottingen-traditional-university-town\/guides-and-excursions-in-gottingen\/#breadcrumb","itemListElement":[{"@type":"ListItem","position":1,"name":"Startseite","item":"https:\/\/9staedte.de\/en\/"},{"@type":"ListItem","position":2,"name":"G\u00f6ttingen &#8211; City of science!","item":"https:\/\/9staedte.de\/en\/gottingen-traditional-university-town\/"},{"@type":"ListItem","position":3,"name":"Excursions in G\u00f6ttingen"}]},{"@type":"WebSite","@id":"https:\/\/9staedte.de\/en\/#website","url":"https:\/\/9staedte.de\/en\/","name":"9 St\u00e4dte in Niedersachsen","description":"","publisher":{"@id":"https:\/\/9staedte.de\/en\/#organization"},"potentialAction":[{"@type":"SearchAction","target":{"@type":"EntryPoint","urlTemplate":"https:\/\/9staedte.de\/en\/?s={search_term_string}"},"query-input":{"@type":"PropertyValueSpecification","valueRequired":true,"valueName":"search_term_string"}}],"inLanguage":"en-US"},{"@type":"Organization","@id":"https:\/\/9staedte.de\/en\/#organization","name":"9 St\u00e4dte in Niedersachsen","url":"https:\/\/9staedte.de\/en\/","logo":{"@type":"ImageObject","inLanguage":"en-US","@id":"https:\/\/9staedte.de\/en\/#\/schema\/logo\/image\/","url":"https:\/\/9staedte.de\/wp-content\/uploads\/2025\/01\/9-neg-deutsch-2-1.png","contentUrl":"https:\/\/9staedte.de\/wp-content\/uploads\/2025\/01\/9-neg-deutsch-2-1.png","width":190,"height":114,"caption":"9 St\u00e4dte in Niedersachsen"},"image":{"@id":"https:\/\/9staedte.de\/en\/#\/schema\/logo\/image\/"}}]}},"_links":{"self":[{"href":"https:\/\/9staedte.de\/en\/wp-json\/wp\/v2\/pages\/2363","targetHints":{"allow":["GET"]}}],"collection":[{"href":"https:\/\/9staedte.de\/en\/wp-json\/wp\/v2\/pages"}],"about":[{"href":"https:\/\/9staedte.de\/en\/wp-json\/wp\/v2\/types\/page"}],"author":[{"embeddable":true,"href":"https:\/\/9staedte.de\/en\/wp-json\/wp\/v2\/users\/1"}],"replies":[{"embeddable":true,"href":"https:\/\/9staedte.de\/en\/wp-json\/wp\/v2\/comments?post=2363"}],"version-history":[{"count":4,"href":"https:\/\/9staedte.de\/en\/wp-json\/wp\/v2\/pages\/2363\/revisions"}],"predecessor-version":[{"id":25922,"href":"https:\/\/9staedte.de\/en\/wp-json\/wp\/v2\/pages\/2363\/revisions\/25922"}],"up":[{"embeddable":true,"href":"https:\/\/9staedte.de\/en\/wp-json\/wp\/v2\/pages\/1451"}],"wp:featuredmedia":[{"embeddable":true,"href":"https:\/\/9staedte.de\/en\/wp-json\/wp\/v2\/media\/3932"}],"wp:attachment":[{"href":"https:\/\/9staedte.de\/en\/wp-json\/wp\/v2\/media?parent=2363"}],"wp:term":[{"taxonomy":"category","embeddable":true,"href":"https:\/\/9staedte.de\/en\/wp-json\/wp\/v2\/categories?post=2363"},{"taxonomy":"post_tag","embeddable":true,"href":"https:\/\/9staedte.de\/en\/wp-json\/wp\/v2\/tags?post=2363"},{"taxonomy":"ncap_cities_tax","embeddable":true,"href":"https:\/\/9staedte.de\/en\/wp-json\/wp\/v2\/ncap_cities_tax?post=2363"}],"curies":[{"name":"wp","href":"https:\/\/api.w.org\/{rel}","templated":true}]}}