{"id":2347,"date":"2022-07-11T10:46:45","date_gmt":"2022-07-11T08:46:45","guid":{"rendered":"https:\/\/9staedte.de\/?page_id=2347"},"modified":"2025-05-15T16:58:23","modified_gmt":"2025-05-15T14:58:23","slug":"discover-gottingen-in-a-sustainable-way","status":"publish","type":"page","link":"https:\/\/9staedte.de\/en\/gottingen-traditional-university-town\/discover-gottingen-in-a-sustainable-way\/","title":{"rendered":"Discover G\u00f6ttingen in a sustainable way"},"content":{"rendered":"\n<h2 class=\"wp-block-heading\">Nature experiences and sustainability in G\u00f6ttingen<\/h2>\n\n\n\n<p>As a key location for modern science, G\u00f6ttingen has always kept pace with the times. Three universities, five Max Planck Institutes and numerous other research establishments continuously strive to make our lives even more worth living. Of course, the topic of sustainability has become increasingly significant. Going beyond these institutions, the G\u00f6ttingen region has forged ahead over the past years. Projects such as the Klimaschutztage (Climate Protection Days) featuring numerous campaigns to promote sustainability have been a fixed component of the calendar for residents and visitors of G\u00f6ttingen alike for years. Environmentally-friendly shopping is a matter of course in many shops and is promoted by the city through the G\u00f6ttinger Klimakarte (Climate Card).<\/p>\n\n\n\n<p><\/p>\n\n\n\n\n<div class=\"banner-wrapper\">\n  <div class=\"banner-inner \">\n      <div class=\"img-container\">\n      <div class=\"img-wrapper\">\n        <img decoding=\"async\" src=\"https:\/\/9staedte.de\/wp-content\/smush-webp\/2023\/02\/Fair-Trade-shopping-in-Goettingen-c-Goettingen-Tourismus-und-Marketing.jpg.webp\" alt=\"The picture shows an old half-timbered house with a red front. On the ground floor is a Fair Trade shop. A colorful basket hangs at the entrance. Many products are in the shop window.\" \/>\n                  <div class=\"thumbnail-label\">\n            <span>Fair Trade shopping in G\u00f6ttingen c) G\u00f6ttingen Marketing GmbH<\/span>\n          <\/div>\n              <\/div>\n    <\/div>\n        <div class=\"text-container\">\n      <div class=\"content\">\n        <p><strong>9 tips how to discover G\u00f6ttingen sustainable:<\/strong><\/p>\n<p>\u2013 Get the day off to a good start with a vegan breakfast at the P-Caf\u00e9<\/p>\n<p>\u2013 Shopping at Contigo \u2013 fair trade and sustainable \u2013 a G\u00f6ttingen concept<\/p>\n<p>\u2013 Use the RECUP system for a good coffee to go<\/p>\n<p>\u2013 Hire an e-bike in the cycle city of G\u00f6ttingen<\/p>\n<p>\u2013 Try out the cycle fast lane from the railway station to the northern edge of the city<\/p>\n<p>\u2013 Experience environmentally-friendly shopping with the G\u00f6ttinger Klimakarte (Climate Card), valid in many shops<\/p>\n<p>\u2013 Enjoy a delicious dinner at the Chay Vegan Kitchen<\/p>\n<p>\u2013 Enjoy the weekly market with its southern flair and regional products<\/p>\n<p>\u2013 Visit the Naturschwimmbad (natural swimming baths) in Grone<\/p>\n      <\/div>\n    <\/div>\n    <\/div>\n<\/div>\n\n\n\n\n<h2 class=\"wp-block-heading\">On your bike! \u2013 A special highlight:<\/h2>\n\n\n\n<p>Discover G\u00f6ttingen on a guided tour of the city by bike<\/p>\n\n\n\n<p>Once you have circled the heart of the city centre, the route leads via the bike fast lane through green parks and the Wilhelm historical district before making short stops at spots associated with famous figures from G\u00f6ttingen. There are hardly any hills on the route, which makes this tour suitable for anyone, regardless of your cycling stamina!<\/p>\n\n\n\n<p>Duration: 2 hours; Price: \u20ac&nbsp;105.00, max. 10 participants per group<\/p>\n","protected":false},"excerpt":{"rendered":"<p>Nature experiences and sustainability in G\u00f6ttingen As a key location for modern science, G\u00f6ttingen has always kept pace with the times. Three universities, five Max Planck Institutes and numerous other research establishments continuously strive to make our lives even more worth living. Of course, the topic of sustainability has become increasingly significant. Going beyond these [&hellip;]<\/p>\n","protected":false},"author":1,"featured_media":3063,"parent":1451,"menu_order":0,"comment_status":"closed","ping_status":"closed","template":"pagetemplates\/template-stadtthema.php","meta":{"_acf_changed":false,"footnotes":""},"categories":[],"tags":[],"ncap_cities_tax":[432,950],"class_list":["post-2347","page","type-page","status-publish","has-post-thumbnail","hentry","ncap_cities_tax-goettingen-en","ncap_cities_tax-naturerlebnisse-und-nachhaltigkeit-goettingen-en"],"acf":[],"yoast_head":"<!-- This site is optimized with the Yoast SEO plugin v26.8 - https:\/\/yoast.com\/product\/yoast-seo-wordpress\/ -->\n<title>Discover G\u00f6ttingen in a sustainable way - 9 St\u00e4dte in Niedersachsen<\/title>\n<meta name=\"robots\" content=\"index, follow, max-snippet:-1, max-image-preview:large, max-video-preview:-1\" \/>\n<link rel=\"canonical\" href=\"https:\/\/9staedte.de\/en\/gottingen-traditional-university-town\/discover-gottingen-in-a-sustainable-way\/\" \/>\n<meta property=\"og:locale\" content=\"en_US\" \/>\n<meta property=\"og:type\" content=\"article\" \/>\n<meta property=\"og:title\" content=\"Discover G\u00f6ttingen in a sustainable way - 9 St\u00e4dte in Niedersachsen\" \/>\n<meta property=\"og:description\" content=\"Nature experiences and sustainability in G\u00f6ttingen As a key location for modern science, G\u00f6ttingen has always kept pace with the times. Three universities, five Max Planck Institutes and numerous other research establishments continuously strive to make our lives even more worth living. Of course, the topic of sustainability has become increasingly significant. Going beyond these [&hellip;]\" \/>\n<meta property=\"og:url\" content=\"https:\/\/9staedte.de\/en\/gottingen-traditional-university-town\/discover-gottingen-in-a-sustainable-way\/\" \/>\n<meta property=\"og:site_name\" content=\"9 St\u00e4dte in Niedersachsen\" \/>\n<meta property=\"article:modified_time\" content=\"2025-05-15T14:58:23+00:00\" \/>\n<meta property=\"og:image\" content=\"https:\/\/9staedte.de\/wp-content\/uploads\/2023\/02\/Goettingen_Alter_Bot._GartencChristoph_Mischke.jpg\" \/>\n\t<meta property=\"og:image:width\" content=\"1020\" \/>\n\t<meta property=\"og:image:height\" content=\"558\" \/>\n\t<meta property=\"og:image:type\" content=\"image\/jpeg\" \/>\n<meta name=\"twitter:card\" content=\"summary_large_image\" \/>\n<meta name=\"twitter:label1\" content=\"Est. reading time\" \/>\n\t<meta name=\"twitter:data1\" content=\"2 minutes\" \/>\n<script type=\"application\/ld+json\" class=\"yoast-schema-graph\">{\"@context\":\"https:\/\/schema.org\",\"@graph\":[{\"@type\":\"WebPage\",\"@id\":\"https:\/\/9staedte.de\/en\/gottingen-traditional-university-town\/discover-gottingen-in-a-sustainable-way\/\",\"url\":\"https:\/\/9staedte.de\/en\/gottingen-traditional-university-town\/discover-gottingen-in-a-sustainable-way\/\",\"name\":\"Discover G\u00f6ttingen in a sustainable way - 9 St\u00e4dte in Niedersachsen\",\"isPartOf\":{\"@id\":\"https:\/\/9staedte.de\/en\/#website\"},\"primaryImageOfPage\":{\"@id\":\"https:\/\/9staedte.de\/en\/gottingen-traditional-university-town\/discover-gottingen-in-a-sustainable-way\/#primaryimage\"},\"image\":{\"@id\":\"https:\/\/9staedte.de\/en\/gottingen-traditional-university-town\/discover-gottingen-in-a-sustainable-way\/#primaryimage\"},\"thumbnailUrl\":\"https:\/\/9staedte.de\/wp-content\/uploads\/2023\/02\/Goettingen_Alter_Bot._GartencChristoph_Mischke.jpg\",\"datePublished\":\"2022-07-11T08:46:45+00:00\",\"dateModified\":\"2025-05-15T14:58:23+00:00\",\"breadcrumb\":{\"@id\":\"https:\/\/9staedte.de\/en\/gottingen-traditional-university-town\/discover-gottingen-in-a-sustainable-way\/#breadcrumb\"},\"inLanguage\":\"en-US\",\"potentialAction\":[{\"@type\":\"ReadAction\",\"target\":[\"https:\/\/9staedte.de\/en\/gottingen-traditional-university-town\/discover-gottingen-in-a-sustainable-way\/\"]}]},{\"@type\":\"ImageObject\",\"inLanguage\":\"en-US\",\"@id\":\"https:\/\/9staedte.de\/en\/gottingen-traditional-university-town\/discover-gottingen-in-a-sustainable-way\/#primaryimage\",\"url\":\"https:\/\/9staedte.de\/wp-content\/uploads\/2023\/02\/Goettingen_Alter_Bot._GartencChristoph_Mischke.jpg\",\"contentUrl\":\"https:\/\/9staedte.de\/wp-content\/uploads\/2023\/02\/Goettingen_Alter_Bot._GartencChristoph_Mischke.jpg\",\"width\":1020,\"height\":558,\"caption\":\"G\u00f6ttingen_Alter_Bot._Garten(c)Christoph_Mischke\"},{\"@type\":\"BreadcrumbList\",\"@id\":\"https:\/\/9staedte.de\/en\/gottingen-traditional-university-town\/discover-gottingen-in-a-sustainable-way\/#breadcrumb\",\"itemListElement\":[{\"@type\":\"ListItem\",\"position\":1,\"name\":\"Startseite\",\"item\":\"https:\/\/9staedte.de\/en\/\"},{\"@type\":\"ListItem\",\"position\":2,\"name\":\"G\u00f6ttingen &#8211; City of science!\",\"item\":\"https:\/\/9staedte.de\/en\/gottingen-traditional-university-town\/\"},{\"@type\":\"ListItem\",\"position\":3,\"name\":\"Discover G\u00f6ttingen in a sustainable way\"}]},{\"@type\":\"WebSite\",\"@id\":\"https:\/\/9staedte.de\/en\/#website\",\"url\":\"https:\/\/9staedte.de\/en\/\",\"name\":\"9 St\u00e4dte in Niedersachsen\",\"description\":\"\",\"publisher\":{\"@id\":\"https:\/\/9staedte.de\/en\/#organization\"},\"potentialAction\":[{\"@type\":\"SearchAction\",\"target\":{\"@type\":\"EntryPoint\",\"urlTemplate\":\"https:\/\/9staedte.de\/en\/?s={search_term_string}\"},\"query-input\":{\"@type\":\"PropertyValueSpecification\",\"valueRequired\":true,\"valueName\":\"search_term_string\"}}],\"inLanguage\":\"en-US\"},{\"@type\":\"Organization\",\"@id\":\"https:\/\/9staedte.de\/en\/#organization\",\"name\":\"9 St\u00e4dte in Niedersachsen\",\"url\":\"https:\/\/9staedte.de\/en\/\",\"logo\":{\"@type\":\"ImageObject\",\"inLanguage\":\"en-US\",\"@id\":\"https:\/\/9staedte.de\/en\/#\/schema\/logo\/image\/\",\"url\":\"https:\/\/9staedte.de\/wp-content\/uploads\/2025\/01\/9-neg-deutsch-2-1.png\",\"contentUrl\":\"https:\/\/9staedte.de\/wp-content\/uploads\/2025\/01\/9-neg-deutsch-2-1.png\",\"width\":190,\"height\":114,\"caption\":\"9 St\u00e4dte in Niedersachsen\"},\"image\":{\"@id\":\"https:\/\/9staedte.de\/en\/#\/schema\/logo\/image\/\"}}]}<\/script>\n<!-- \/ Yoast SEO plugin. -->","yoast_head_json":{"title":"Discover G\u00f6ttingen in a sustainable way - 9 St\u00e4dte in Niedersachsen","robots":{"index":"index","follow":"follow","max-snippet":"max-snippet:-1","max-image-preview":"max-image-preview:large","max-video-preview":"max-video-preview:-1"},"canonical":"https:\/\/9staedte.de\/en\/gottingen-traditional-university-town\/discover-gottingen-in-a-sustainable-way\/","og_locale":"en_US","og_type":"article","og_title":"Discover G\u00f6ttingen in a sustainable way - 9 St\u00e4dte in Niedersachsen","og_description":"Nature experiences and sustainability in G\u00f6ttingen As a key location for modern science, G\u00f6ttingen has always kept pace with the times. Three universities, five Max Planck Institutes and numerous other research establishments continuously strive to make our lives even more worth living. Of course, the topic of sustainability has become increasingly significant. Going beyond these [&hellip;]","og_url":"https:\/\/9staedte.de\/en\/gottingen-traditional-university-town\/discover-gottingen-in-a-sustainable-way\/","og_site_name":"9 St\u00e4dte in Niedersachsen","article_modified_time":"2025-05-15T14:58:23+00:00","og_image":[{"width":1020,"height":558,"url":"https:\/\/9staedte.de\/wp-content\/uploads\/2023\/02\/Goettingen_Alter_Bot._GartencChristoph_Mischke.jpg","type":"image\/jpeg"}],"twitter_card":"summary_large_image","twitter_misc":{"Est. reading time":"2 minutes"},"schema":{"@context":"https:\/\/schema.org","@graph":[{"@type":"WebPage","@id":"https:\/\/9staedte.de\/en\/gottingen-traditional-university-town\/discover-gottingen-in-a-sustainable-way\/","url":"https:\/\/9staedte.de\/en\/gottingen-traditional-university-town\/discover-gottingen-in-a-sustainable-way\/","name":"Discover G\u00f6ttingen in a sustainable way - 9 St\u00e4dte in Niedersachsen","isPartOf":{"@id":"https:\/\/9staedte.de\/en\/#website"},"primaryImageOfPage":{"@id":"https:\/\/9staedte.de\/en\/gottingen-traditional-university-town\/discover-gottingen-in-a-sustainable-way\/#primaryimage"},"image":{"@id":"https:\/\/9staedte.de\/en\/gottingen-traditional-university-town\/discover-gottingen-in-a-sustainable-way\/#primaryimage"},"thumbnailUrl":"https:\/\/9staedte.de\/wp-content\/uploads\/2023\/02\/Goettingen_Alter_Bot._GartencChristoph_Mischke.jpg","datePublished":"2022-07-11T08:46:45+00:00","dateModified":"2025-05-15T14:58:23+00:00","breadcrumb":{"@id":"https:\/\/9staedte.de\/en\/gottingen-traditional-university-town\/discover-gottingen-in-a-sustainable-way\/#breadcrumb"},"inLanguage":"en-US","potentialAction":[{"@type":"ReadAction","target":["https:\/\/9staedte.de\/en\/gottingen-traditional-university-town\/discover-gottingen-in-a-sustainable-way\/"]}]},{"@type":"ImageObject","inLanguage":"en-US","@id":"https:\/\/9staedte.de\/en\/gottingen-traditional-university-town\/discover-gottingen-in-a-sustainable-way\/#primaryimage","url":"https:\/\/9staedte.de\/wp-content\/uploads\/2023\/02\/Goettingen_Alter_Bot._GartencChristoph_Mischke.jpg","contentUrl":"https:\/\/9staedte.de\/wp-content\/uploads\/2023\/02\/Goettingen_Alter_Bot._GartencChristoph_Mischke.jpg","width":1020,"height":558,"caption":"G\u00f6ttingen_Alter_Bot._Garten(c)Christoph_Mischke"},{"@type":"BreadcrumbList","@id":"https:\/\/9staedte.de\/en\/gottingen-traditional-university-town\/discover-gottingen-in-a-sustainable-way\/#breadcrumb","itemListElement":[{"@type":"ListItem","position":1,"name":"Startseite","item":"https:\/\/9staedte.de\/en\/"},{"@type":"ListItem","position":2,"name":"G\u00f6ttingen &#8211; City of science!","item":"https:\/\/9staedte.de\/en\/gottingen-traditional-university-town\/"},{"@type":"ListItem","position":3,"name":"Discover G\u00f6ttingen in a sustainable way"}]},{"@type":"WebSite","@id":"https:\/\/9staedte.de\/en\/#website","url":"https:\/\/9staedte.de\/en\/","name":"9 St\u00e4dte in Niedersachsen","description":"","publisher":{"@id":"https:\/\/9staedte.de\/en\/#organization"},"potentialAction":[{"@type":"SearchAction","target":{"@type":"EntryPoint","urlTemplate":"https:\/\/9staedte.de\/en\/?s={search_term_string}"},"query-input":{"@type":"PropertyValueSpecification","valueRequired":true,"valueName":"search_term_string"}}],"inLanguage":"en-US"},{"@type":"Organization","@id":"https:\/\/9staedte.de\/en\/#organization","name":"9 St\u00e4dte in Niedersachsen","url":"https:\/\/9staedte.de\/en\/","logo":{"@type":"ImageObject","inLanguage":"en-US","@id":"https:\/\/9staedte.de\/en\/#\/schema\/logo\/image\/","url":"https:\/\/9staedte.de\/wp-content\/uploads\/2025\/01\/9-neg-deutsch-2-1.png","contentUrl":"https:\/\/9staedte.de\/wp-content\/uploads\/2025\/01\/9-neg-deutsch-2-1.png","width":190,"height":114,"caption":"9 St\u00e4dte in Niedersachsen"},"image":{"@id":"https:\/\/9staedte.de\/en\/#\/schema\/logo\/image\/"}}]}},"_links":{"self":[{"href":"https:\/\/9staedte.de\/en\/wp-json\/wp\/v2\/pages\/2347","targetHints":{"allow":["GET"]}}],"collection":[{"href":"https:\/\/9staedte.de\/en\/wp-json\/wp\/v2\/pages"}],"about":[{"href":"https:\/\/9staedte.de\/en\/wp-json\/wp\/v2\/types\/page"}],"author":[{"embeddable":true,"href":"https:\/\/9staedte.de\/en\/wp-json\/wp\/v2\/users\/1"}],"replies":[{"embeddable":true,"href":"https:\/\/9staedte.de\/en\/wp-json\/wp\/v2\/comments?post=2347"}],"version-history":[{"count":8,"href":"https:\/\/9staedte.de\/en\/wp-json\/wp\/v2\/pages\/2347\/revisions"}],"predecessor-version":[{"id":25873,"href":"https:\/\/9staedte.de\/en\/wp-json\/wp\/v2\/pages\/2347\/revisions\/25873"}],"up":[{"embeddable":true,"href":"https:\/\/9staedte.de\/en\/wp-json\/wp\/v2\/pages\/1451"}],"wp:featuredmedia":[{"embeddable":true,"href":"https:\/\/9staedte.de\/en\/wp-json\/wp\/v2\/media\/3063"}],"wp:attachment":[{"href":"https:\/\/9staedte.de\/en\/wp-json\/wp\/v2\/media?parent=2347"}],"wp:term":[{"taxonomy":"category","embeddable":true,"href":"https:\/\/9staedte.de\/en\/wp-json\/wp\/v2\/categories?post=2347"},{"taxonomy":"post_tag","embeddable":true,"href":"https:\/\/9staedte.de\/en\/wp-json\/wp\/v2\/tags?post=2347"},{"taxonomy":"ncap_cities_tax","embeddable":true,"href":"https:\/\/9staedte.de\/en\/wp-json\/wp\/v2\/ncap_cities_tax?post=2347"}],"curies":[{"name":"wp","href":"https:\/\/api.w.org\/{rel}","templated":true}]}}