{"id":2343,"date":"2022-07-11T10:45:31","date_gmt":"2022-07-11T08:45:31","guid":{"rendered":"https:\/\/9staedte.de\/?page_id=2343"},"modified":"2023-07-07T15:40:50","modified_gmt":"2023-07-07T13:40:50","slug":"day-programs-in-gottingen","status":"publish","type":"page","link":"https:\/\/9staedte.de\/en\/gottingen-traditional-university-town\/day-programs-in-gottingen\/","title":{"rendered":"Day programs in G\u00f6ttingen"},"content":{"rendered":"\r\n\r\n    <div class=\"filter-posts\">\r\n            <div  id=\"filterContent\">\r\n                                                        \n<div class=\"contentKachel filtr-item\" data-category=\"goettingen-en\">\n    <a href=\"https:\/\/9staedte.de\/en\/goettingen-entdecken-2\/\">\n        <div class=\"contentKachel-inner\">\n                            <div class=\"contentKachel-thumbnail\">\n                    <img loading=\"lazy\" decoding=\"async\" width=\"300\" height=\"165\" src=\"https:\/\/9staedte.de\/wp-content\/smush-webp\/2023\/02\/Goettingen_Paulinerstrasse-c-Goettingen-Tourismus-Christoph-Mischke-300x165.jpg.webp\" class=\"objectfitcover withfilters wp-post-image\" alt=\"The picture shows a street with old half-timbered houses. In the background are two large stone church towers. The houses have red roofs. The sky is blue with some clouds.\" srcset=\"https:\/\/9staedte.de\/wp-content\/smush-webp\/2023\/02\/Goettingen_Paulinerstrasse-c-Goettingen-Tourismus-Christoph-Mischke-300x165.jpg.webp 300w, https:\/\/9staedte.de\/wp-content\/smush-webp\/2023\/02\/Goettingen_Paulinerstrasse-c-Goettingen-Tourismus-Christoph-Mischke-768x422.jpg.webp 768w, https:\/\/9staedte.de\/wp-content\/smush-webp\/2023\/02\/Goettingen_Paulinerstrasse-c-Goettingen-Tourismus-Christoph-Mischke.jpg.webp 1020w\" sizes=\"auto, (max-width: 300px) 100vw, 300px\" \/>                    <img loading=\"lazy\" decoding=\"async\" width=\"300\" height=\"165\" src=\"https:\/\/9staedte.de\/wp-content\/smush-webp\/2023\/02\/Goettingen_Paulinerstrasse-c-Goettingen-Tourismus-Christoph-Mischke-300x165.jpg.webp\" class=\"objectfitcontain wp-post-image\" alt=\"The picture shows a street with old half-timbered houses. In the background are two large stone church towers. The houses have red roofs. The sky is blue with some clouds.\" srcset=\"https:\/\/9staedte.de\/wp-content\/smush-webp\/2023\/02\/Goettingen_Paulinerstrasse-c-Goettingen-Tourismus-Christoph-Mischke-300x165.jpg.webp 300w, https:\/\/9staedte.de\/wp-content\/smush-webp\/2023\/02\/Goettingen_Paulinerstrasse-c-Goettingen-Tourismus-Christoph-Mischke-768x422.jpg.webp 768w, https:\/\/9staedte.de\/wp-content\/smush-webp\/2023\/02\/Goettingen_Paulinerstrasse-c-Goettingen-Tourismus-Christoph-Mischke.jpg.webp 1020w\" sizes=\"auto, (max-width: 300px) 100vw, 300px\" \/>                        <div class=\"thumbnail-label\">\n    <span>G\u00f6ttingen Paulinerstra\u00dfe c) G\u00f6ttingen Marketing GmbH Christoph Mischke<\/span>\n    <\/div>\n                <\/div>\n                        <div class=\"contentKachel-content\">\n                                    <div class=\"city-tag bg-goettingen\">\n                        G\u00f6ttingen                    <\/div>\n                \n                <div class=\"title\">\n\n                    Discover G\u00f6ttingen                    \n                <\/div>\n\n                            <\/div>\n\n        <\/div>\n    <\/a>\n<\/div>                                                        \n<div class=\"contentKachel filtr-item\" data-category=\"goettingen-en\">\n    <a href=\"https:\/\/9staedte.de\/en\/den-hardenberg-entdecken-2\/\">\n        <div class=\"contentKachel-inner\">\n                            <div class=\"contentKachel-thumbnail\">\n                    <img loading=\"lazy\" decoding=\"async\" width=\"300\" height=\"165\" src=\"https:\/\/9staedte.de\/wp-content\/smush-webp\/2023\/02\/Tagespauschale-Entdecke-den-Hardenberg-300x165.jpg.webp\" class=\"objectfitcover withfilters wp-post-image\" alt=\"The picture shows a large metal statue. The statue is of a wild boar with big tusks. The animal is lying down and looking forward. In the background are trees and a street.\" srcset=\"https:\/\/9staedte.de\/wp-content\/smush-webp\/2023\/02\/Tagespauschale-Entdecke-den-Hardenberg-300x165.jpg.webp 300w, https:\/\/9staedte.de\/wp-content\/smush-webp\/2023\/02\/Tagespauschale-Entdecke-den-Hardenberg-768x422.jpg.webp 768w, https:\/\/9staedte.de\/wp-content\/smush-webp\/2023\/02\/Tagespauschale-Entdecke-den-Hardenberg.jpg.webp 1020w\" sizes=\"auto, (max-width: 300px) 100vw, 300px\" \/>                    <img loading=\"lazy\" decoding=\"async\" width=\"300\" height=\"165\" src=\"https:\/\/9staedte.de\/wp-content\/smush-webp\/2023\/02\/Tagespauschale-Entdecke-den-Hardenberg-300x165.jpg.webp\" class=\"objectfitcontain wp-post-image\" alt=\"The picture shows a large metal statue. The statue is of a wild boar with big tusks. The animal is lying down and looking forward. In the background are trees and a street.\" srcset=\"https:\/\/9staedte.de\/wp-content\/smush-webp\/2023\/02\/Tagespauschale-Entdecke-den-Hardenberg-300x165.jpg.webp 300w, https:\/\/9staedte.de\/wp-content\/smush-webp\/2023\/02\/Tagespauschale-Entdecke-den-Hardenberg-768x422.jpg.webp 768w, https:\/\/9staedte.de\/wp-content\/smush-webp\/2023\/02\/Tagespauschale-Entdecke-den-Hardenberg.jpg.webp 1020w\" sizes=\"auto, (max-width: 300px) 100vw, 300px\" \/>                        <div class=\"thumbnail-label\">\n    <span>Tagespauschale Entdecke den Hardenberg<\/span>\n    <\/div>\n                <\/div>\n                        <div class=\"contentKachel-content\">\n                                    <div class=\"city-tag bg-goettingen\">\n                        G\u00f6ttingen                    <\/div>\n                \n                <div class=\"title\">\n\n                    Discover the Hardenberg                    \n                <\/div>\n\n                            <\/div>\n\n        <\/div>\n    <\/a>\n<\/div>                                                        \n<div class=\"contentKachel filtr-item\" data-category=\"goettingen-en\">\n    <a href=\"https:\/\/9staedte.de\/en\/weihnachtliches-goettingen-2\/\">\n        <div class=\"contentKachel-inner\">\n                            <div class=\"contentKachel-thumbnail\">\n                    <img loading=\"lazy\" decoding=\"async\" width=\"300\" height=\"165\" src=\"https:\/\/9staedte.de\/wp-content\/smush-webp\/2023\/02\/Weihnachtliche-City-Goettingen-c-Goettingen-Tourismus-Christoph-Mischke-300x165.jpg.webp\" class=\"objectfitcover withfilters wp-post-image\" alt=\"The picture shows a Christmas market in the city. It is evening and many lights are shining. The stalls sell colorful Christmas decorations. Many people walk through the street. The buildings in the background are old and beautiful.\" srcset=\"https:\/\/9staedte.de\/wp-content\/smush-webp\/2023\/02\/Weihnachtliche-City-Goettingen-c-Goettingen-Tourismus-Christoph-Mischke-300x165.jpg.webp 300w, https:\/\/9staedte.de\/wp-content\/smush-webp\/2023\/02\/Weihnachtliche-City-Goettingen-c-Goettingen-Tourismus-Christoph-Mischke-768x422.jpg.webp 768w, https:\/\/9staedte.de\/wp-content\/smush-webp\/2023\/02\/Weihnachtliche-City-Goettingen-c-Goettingen-Tourismus-Christoph-Mischke.jpg.webp 1020w\" sizes=\"auto, (max-width: 300px) 100vw, 300px\" \/>                    <img loading=\"lazy\" decoding=\"async\" width=\"300\" height=\"165\" src=\"https:\/\/9staedte.de\/wp-content\/smush-webp\/2023\/02\/Weihnachtliche-City-Goettingen-c-Goettingen-Tourismus-Christoph-Mischke-300x165.jpg.webp\" class=\"objectfitcontain wp-post-image\" alt=\"The picture shows a Christmas market in the city. It is evening and many lights are shining. The stalls sell colorful Christmas decorations. Many people walk through the street. The buildings in the background are old and beautiful.\" srcset=\"https:\/\/9staedte.de\/wp-content\/smush-webp\/2023\/02\/Weihnachtliche-City-Goettingen-c-Goettingen-Tourismus-Christoph-Mischke-300x165.jpg.webp 300w, https:\/\/9staedte.de\/wp-content\/smush-webp\/2023\/02\/Weihnachtliche-City-Goettingen-c-Goettingen-Tourismus-Christoph-Mischke-768x422.jpg.webp 768w, https:\/\/9staedte.de\/wp-content\/smush-webp\/2023\/02\/Weihnachtliche-City-Goettingen-c-Goettingen-Tourismus-Christoph-Mischke.jpg.webp 1020w\" sizes=\"auto, (max-width: 300px) 100vw, 300px\" \/>                        <div class=\"thumbnail-label\">\n    <span>Die weihnachtliche G\u00f6ttinger Innenstadt mit Weihnachtsmarkt im Dezember 2010\r\nFoto: Christoph Mischke<\/span>\n    <\/div>\n                <\/div>\n                        <div class=\"contentKachel-content\">\n                                    <div class=\"city-tag bg-goettingen\">\n                        G\u00f6ttingen                    <\/div>\n                \n                <div class=\"title\">\n\n                    Christmas G\u00f6ttingen                    \n                <\/div>\n\n                            <\/div>\n\n        <\/div>\n    <\/a>\n<\/div>                                            <\/div>\r\n    <\/div>\r\n","protected":false},"excerpt":{"rendered":"","protected":false},"author":1,"featured_media":3970,"parent":1451,"menu_order":0,"comment_status":"closed","ping_status":"closed","template":"pagetemplates\/template-stadtthema.php","meta":{"_acf_changed":false,"footnotes":""},"categories":[],"tags":[],"ncap_cities_tax":[432,943],"class_list":["post-2343","page","type-page","status-publish","has-post-thumbnail","hentry","ncap_cities_tax-goettingen-en","ncap_cities_tax-tagesprogramme-goettingen-en"],"acf":[],"yoast_head":"<!-- This site is optimized with the Yoast SEO plugin v26.8 - https:\/\/yoast.com\/product\/yoast-seo-wordpress\/ -->\n<title>Day programs in G\u00f6ttingen - 9 St\u00e4dte in Niedersachsen<\/title>\n<meta name=\"robots\" content=\"index, follow, max-snippet:-1, max-image-preview:large, max-video-preview:-1\" \/>\n<link rel=\"canonical\" href=\"https:\/\/9staedte.de\/en\/gottingen-traditional-university-town\/day-programs-in-gottingen\/\" \/>\n<meta property=\"og:locale\" content=\"en_US\" \/>\n<meta property=\"og:type\" content=\"article\" \/>\n<meta property=\"og:title\" content=\"Day programs in G\u00f6ttingen - 9 St\u00e4dte in Niedersachsen\" \/>\n<meta property=\"og:url\" content=\"https:\/\/9staedte.de\/en\/gottingen-traditional-university-town\/day-programs-in-gottingen\/\" \/>\n<meta property=\"og:site_name\" content=\"9 St\u00e4dte in Niedersachsen\" \/>\n<meta property=\"article:modified_time\" content=\"2023-07-07T13:40:50+00:00\" \/>\n<meta property=\"og:image\" content=\"https:\/\/9staedte.de\/wp-content\/uploads\/2023\/02\/Goettingen_Johanniskirche-c-Goettingen-Tourismus-Lars-Gerhardts.jpg\" \/>\n\t<meta property=\"og:image:width\" content=\"1020\" \/>\n\t<meta property=\"og:image:height\" content=\"559\" \/>\n\t<meta property=\"og:image:type\" content=\"image\/jpeg\" \/>\n<meta name=\"twitter:card\" content=\"summary_large_image\" \/>\n<script type=\"application\/ld+json\" class=\"yoast-schema-graph\">{\"@context\":\"https:\/\/schema.org\",\"@graph\":[{\"@type\":\"WebPage\",\"@id\":\"https:\/\/9staedte.de\/en\/gottingen-traditional-university-town\/day-programs-in-gottingen\/\",\"url\":\"https:\/\/9staedte.de\/en\/gottingen-traditional-university-town\/day-programs-in-gottingen\/\",\"name\":\"Day programs in G\u00f6ttingen - 9 St\u00e4dte in Niedersachsen\",\"isPartOf\":{\"@id\":\"https:\/\/9staedte.de\/en\/#website\"},\"primaryImageOfPage\":{\"@id\":\"https:\/\/9staedte.de\/en\/gottingen-traditional-university-town\/day-programs-in-gottingen\/#primaryimage\"},\"image\":{\"@id\":\"https:\/\/9staedte.de\/en\/gottingen-traditional-university-town\/day-programs-in-gottingen\/#primaryimage\"},\"thumbnailUrl\":\"https:\/\/9staedte.de\/wp-content\/uploads\/2023\/02\/Goettingen_Johanniskirche-c-Goettingen-Tourismus-Lars-Gerhardts.jpg\",\"datePublished\":\"2022-07-11T08:45:31+00:00\",\"dateModified\":\"2023-07-07T13:40:50+00:00\",\"breadcrumb\":{\"@id\":\"https:\/\/9staedte.de\/en\/gottingen-traditional-university-town\/day-programs-in-gottingen\/#breadcrumb\"},\"inLanguage\":\"en-US\",\"potentialAction\":[{\"@type\":\"ReadAction\",\"target\":[\"https:\/\/9staedte.de\/en\/gottingen-traditional-university-town\/day-programs-in-gottingen\/\"]}]},{\"@type\":\"ImageObject\",\"inLanguage\":\"en-US\",\"@id\":\"https:\/\/9staedte.de\/en\/gottingen-traditional-university-town\/day-programs-in-gottingen\/#primaryimage\",\"url\":\"https:\/\/9staedte.de\/wp-content\/uploads\/2023\/02\/Goettingen_Johanniskirche-c-Goettingen-Tourismus-Lars-Gerhardts.jpg\",\"contentUrl\":\"https:\/\/9staedte.de\/wp-content\/uploads\/2023\/02\/Goettingen_Johanniskirche-c-Goettingen-Tourismus-Lars-Gerhardts.jpg\",\"width\":1020,\"height\":559,\"caption\":\"Goettingen Johanniskirche c) G\u00f6ttingen Marketing GmbH Lars Gerhardts\"},{\"@type\":\"BreadcrumbList\",\"@id\":\"https:\/\/9staedte.de\/en\/gottingen-traditional-university-town\/day-programs-in-gottingen\/#breadcrumb\",\"itemListElement\":[{\"@type\":\"ListItem\",\"position\":1,\"name\":\"Startseite\",\"item\":\"https:\/\/9staedte.de\/en\/\"},{\"@type\":\"ListItem\",\"position\":2,\"name\":\"G\u00f6ttingen &#8211; City of science!\",\"item\":\"https:\/\/9staedte.de\/en\/gottingen-traditional-university-town\/\"},{\"@type\":\"ListItem\",\"position\":3,\"name\":\"Day programs in G\u00f6ttingen\"}]},{\"@type\":\"WebSite\",\"@id\":\"https:\/\/9staedte.de\/en\/#website\",\"url\":\"https:\/\/9staedte.de\/en\/\",\"name\":\"9 St\u00e4dte in Niedersachsen\",\"description\":\"\",\"publisher\":{\"@id\":\"https:\/\/9staedte.de\/en\/#organization\"},\"potentialAction\":[{\"@type\":\"SearchAction\",\"target\":{\"@type\":\"EntryPoint\",\"urlTemplate\":\"https:\/\/9staedte.de\/en\/?s={search_term_string}\"},\"query-input\":{\"@type\":\"PropertyValueSpecification\",\"valueRequired\":true,\"valueName\":\"search_term_string\"}}],\"inLanguage\":\"en-US\"},{\"@type\":\"Organization\",\"@id\":\"https:\/\/9staedte.de\/en\/#organization\",\"name\":\"9 St\u00e4dte in Niedersachsen\",\"url\":\"https:\/\/9staedte.de\/en\/\",\"logo\":{\"@type\":\"ImageObject\",\"inLanguage\":\"en-US\",\"@id\":\"https:\/\/9staedte.de\/en\/#\/schema\/logo\/image\/\",\"url\":\"https:\/\/9staedte.de\/wp-content\/uploads\/2025\/01\/9-neg-deutsch-2-1.png\",\"contentUrl\":\"https:\/\/9staedte.de\/wp-content\/uploads\/2025\/01\/9-neg-deutsch-2-1.png\",\"width\":190,\"height\":114,\"caption\":\"9 St\u00e4dte in Niedersachsen\"},\"image\":{\"@id\":\"https:\/\/9staedte.de\/en\/#\/schema\/logo\/image\/\"}}]}<\/script>\n<!-- \/ Yoast SEO plugin. -->","yoast_head_json":{"title":"Day programs in G\u00f6ttingen - 9 St\u00e4dte in Niedersachsen","robots":{"index":"index","follow":"follow","max-snippet":"max-snippet:-1","max-image-preview":"max-image-preview:large","max-video-preview":"max-video-preview:-1"},"canonical":"https:\/\/9staedte.de\/en\/gottingen-traditional-university-town\/day-programs-in-gottingen\/","og_locale":"en_US","og_type":"article","og_title":"Day programs in G\u00f6ttingen - 9 St\u00e4dte in Niedersachsen","og_url":"https:\/\/9staedte.de\/en\/gottingen-traditional-university-town\/day-programs-in-gottingen\/","og_site_name":"9 St\u00e4dte in Niedersachsen","article_modified_time":"2023-07-07T13:40:50+00:00","og_image":[{"width":1020,"height":559,"url":"https:\/\/9staedte.de\/wp-content\/uploads\/2023\/02\/Goettingen_Johanniskirche-c-Goettingen-Tourismus-Lars-Gerhardts.jpg","type":"image\/jpeg"}],"twitter_card":"summary_large_image","schema":{"@context":"https:\/\/schema.org","@graph":[{"@type":"WebPage","@id":"https:\/\/9staedte.de\/en\/gottingen-traditional-university-town\/day-programs-in-gottingen\/","url":"https:\/\/9staedte.de\/en\/gottingen-traditional-university-town\/day-programs-in-gottingen\/","name":"Day programs in G\u00f6ttingen - 9 St\u00e4dte in Niedersachsen","isPartOf":{"@id":"https:\/\/9staedte.de\/en\/#website"},"primaryImageOfPage":{"@id":"https:\/\/9staedte.de\/en\/gottingen-traditional-university-town\/day-programs-in-gottingen\/#primaryimage"},"image":{"@id":"https:\/\/9staedte.de\/en\/gottingen-traditional-university-town\/day-programs-in-gottingen\/#primaryimage"},"thumbnailUrl":"https:\/\/9staedte.de\/wp-content\/uploads\/2023\/02\/Goettingen_Johanniskirche-c-Goettingen-Tourismus-Lars-Gerhardts.jpg","datePublished":"2022-07-11T08:45:31+00:00","dateModified":"2023-07-07T13:40:50+00:00","breadcrumb":{"@id":"https:\/\/9staedte.de\/en\/gottingen-traditional-university-town\/day-programs-in-gottingen\/#breadcrumb"},"inLanguage":"en-US","potentialAction":[{"@type":"ReadAction","target":["https:\/\/9staedte.de\/en\/gottingen-traditional-university-town\/day-programs-in-gottingen\/"]}]},{"@type":"ImageObject","inLanguage":"en-US","@id":"https:\/\/9staedte.de\/en\/gottingen-traditional-university-town\/day-programs-in-gottingen\/#primaryimage","url":"https:\/\/9staedte.de\/wp-content\/uploads\/2023\/02\/Goettingen_Johanniskirche-c-Goettingen-Tourismus-Lars-Gerhardts.jpg","contentUrl":"https:\/\/9staedte.de\/wp-content\/uploads\/2023\/02\/Goettingen_Johanniskirche-c-Goettingen-Tourismus-Lars-Gerhardts.jpg","width":1020,"height":559,"caption":"Goettingen Johanniskirche c) G\u00f6ttingen Marketing GmbH Lars Gerhardts"},{"@type":"BreadcrumbList","@id":"https:\/\/9staedte.de\/en\/gottingen-traditional-university-town\/day-programs-in-gottingen\/#breadcrumb","itemListElement":[{"@type":"ListItem","position":1,"name":"Startseite","item":"https:\/\/9staedte.de\/en\/"},{"@type":"ListItem","position":2,"name":"G\u00f6ttingen &#8211; City of science!","item":"https:\/\/9staedte.de\/en\/gottingen-traditional-university-town\/"},{"@type":"ListItem","position":3,"name":"Day programs in G\u00f6ttingen"}]},{"@type":"WebSite","@id":"https:\/\/9staedte.de\/en\/#website","url":"https:\/\/9staedte.de\/en\/","name":"9 St\u00e4dte in Niedersachsen","description":"","publisher":{"@id":"https:\/\/9staedte.de\/en\/#organization"},"potentialAction":[{"@type":"SearchAction","target":{"@type":"EntryPoint","urlTemplate":"https:\/\/9staedte.de\/en\/?s={search_term_string}"},"query-input":{"@type":"PropertyValueSpecification","valueRequired":true,"valueName":"search_term_string"}}],"inLanguage":"en-US"},{"@type":"Organization","@id":"https:\/\/9staedte.de\/en\/#organization","name":"9 St\u00e4dte in Niedersachsen","url":"https:\/\/9staedte.de\/en\/","logo":{"@type":"ImageObject","inLanguage":"en-US","@id":"https:\/\/9staedte.de\/en\/#\/schema\/logo\/image\/","url":"https:\/\/9staedte.de\/wp-content\/uploads\/2025\/01\/9-neg-deutsch-2-1.png","contentUrl":"https:\/\/9staedte.de\/wp-content\/uploads\/2025\/01\/9-neg-deutsch-2-1.png","width":190,"height":114,"caption":"9 St\u00e4dte in Niedersachsen"},"image":{"@id":"https:\/\/9staedte.de\/en\/#\/schema\/logo\/image\/"}}]}},"_links":{"self":[{"href":"https:\/\/9staedte.de\/en\/wp-json\/wp\/v2\/pages\/2343","targetHints":{"allow":["GET"]}}],"collection":[{"href":"https:\/\/9staedte.de\/en\/wp-json\/wp\/v2\/pages"}],"about":[{"href":"https:\/\/9staedte.de\/en\/wp-json\/wp\/v2\/types\/page"}],"author":[{"embeddable":true,"href":"https:\/\/9staedte.de\/en\/wp-json\/wp\/v2\/users\/1"}],"replies":[{"embeddable":true,"href":"https:\/\/9staedte.de\/en\/wp-json\/wp\/v2\/comments?post=2343"}],"version-history":[{"count":4,"href":"https:\/\/9staedte.de\/en\/wp-json\/wp\/v2\/pages\/2343\/revisions"}],"predecessor-version":[{"id":3973,"href":"https:\/\/9staedte.de\/en\/wp-json\/wp\/v2\/pages\/2343\/revisions\/3973"}],"up":[{"embeddable":true,"href":"https:\/\/9staedte.de\/en\/wp-json\/wp\/v2\/pages\/1451"}],"wp:featuredmedia":[{"embeddable":true,"href":"https:\/\/9staedte.de\/en\/wp-json\/wp\/v2\/media\/3970"}],"wp:attachment":[{"href":"https:\/\/9staedte.de\/en\/wp-json\/wp\/v2\/media?parent=2343"}],"wp:term":[{"taxonomy":"category","embeddable":true,"href":"https:\/\/9staedte.de\/en\/wp-json\/wp\/v2\/categories?post=2343"},{"taxonomy":"post_tag","embeddable":true,"href":"https:\/\/9staedte.de\/en\/wp-json\/wp\/v2\/tags?post=2343"},{"taxonomy":"ncap_cities_tax","embeddable":true,"href":"https:\/\/9staedte.de\/en\/wp-json\/wp\/v2\/ncap_cities_tax?post=2343"}],"curies":[{"name":"wp","href":"https:\/\/api.w.org\/{rel}","templated":true}]}}