{"id":22730,"date":"2024-06-14T14:27:02","date_gmt":"2024-06-14T12:27:02","guid":{"rendered":"https:\/\/9staedte.de\/mit-dem-wohnmobil-nach-wolfenbuettel\/"},"modified":"2024-06-14T14:28:56","modified_gmt":"2024-06-14T12:28:56","slug":"mit-dem-wohnmobil-nach-wolfenbuettel","status":"publish","type":"page","link":"https:\/\/9staedte.de\/en\/wolfenbuttel\/mit-dem-wohnmobil-nach-wolfenbuettel\/","title":{"rendered":"With the motorhome to Wolfenb\u00fcttel"},"content":{"rendered":"\n<h3 class=\"wp-block-heading\">The Wolfenb\u00fcttel motorhome park<\/h3>\n\n<p>Idyllically situated on the banks of the River Oker, the comfortable Wolfenb\u00fcttel ***** mobile home park is open all year round. A total of 40 spacious parking spaces invite you to linger. The pitches are equipped with power connections; a sanitary block with showers is available free of charge, as is a convenient station for gray\/fresh water and the toilet cassette. On nice days you can use the barbecue area on site. Wolfenb\u00fcttel&#8217;s old town with its more than 1,000 half-timbered houses is just a few minutes&#8217; walk away, as are the ramparts and the city moat, which are ideal for walks or morning jogs<\/p>\n\n<figure class=\"wp-block-image size-full\"><img decoding=\"async\" src=\"https:\/\/9staedte.de\/wp-content\/uploads\/2024\/06\/Resiemobilstellplatz-Wolfenbuettel&#xA9;-Anna-Meurer-CC-B-Y-SA.jpg\" alt=\"Motorhome parking space Wolfenb&#xFC;ttel, Lower Saxony\" class=\"wp-image-22719\"\/><figcaption class=\"wp-element-caption\">Motorhome park Wolfenb\u00fcttel, Lower Saxony<\/figcaption><\/figure>\n\n <div class=\"brlbs-cmpnt-container brlbs-cmpnt-content-blocker brlbs-cmpnt-with-individual-styles\" data-borlabs-cookie-content-blocker-id=\"google-maps\" data-borlabs-cookie-content=\"PGlmcmFtZSBzcmM9Imh0dHBzOi8vd3d3Lmdvb2dsZS5jb20vbWFwcy9kL2VtYmVkP21pZD0xazhoanVCQW1zejlCOVR0NU1WTHNSQm9SNlU5REsyRSZlaGJjPTJFMzEyRiIgd2lkdGg9IjY0MCIgaGVpZ2h0PSI0ODAiPjwvaWZyYW1lPg==\"><div class=\"brlbs-cmpnt-cb-preset-b brlbs-cmpnt-cb-google-maps\"> <div class=\"brlbs-cmpnt-cb-thumbnail\" style=\"background-image: url('https:\/\/9staedte.de\/wp-content\/uploads\/borlabs-cookie\/1\/brlbs-cb-google-maps-main.png')\"><\/div> <div class=\"brlbs-cmpnt-cb-main\"> <div class=\"brlbs-cmpnt-cb-content\"> <p class=\"brlbs-cmpnt-cb-description\">You are currently viewing a placeholder content from <strong>Google Maps<\/strong>. To access the actual content, click the button below. Please note that doing so will share data with third-party providers.<\/p> <a class=\"brlbs-cmpnt-cb-provider-toggle\" href=\"#\" data-borlabs-cookie-show-provider-information role=\"button\">More Information<\/a> <\/div> <div class=\"brlbs-cmpnt-cb-buttons\"> <a class=\"brlbs-cmpnt-cb-btn\" href=\"#\" data-borlabs-cookie-unblock role=\"button\">Unblock content<\/a> <a class=\"brlbs-cmpnt-cb-btn\" href=\"#\" data-borlabs-cookie-accept-service role=\"button\" style=\"display: inherit\">Accept required service and unblock content<\/a> <\/div> <\/div> <\/div><\/div>\n\n<p><strong>9 tips for motorhome travelers:<\/strong><\/p>\n\n<ul class=\"wp-block-list\">\n<li>50 % discount when participating in a public city tour with 2 people &#8211; daily until October 3<\/li>\n\n\n\n<li>All-weather pool with sauna area and gastronomy directly on site<\/li>\n\n\n\n<li>Canoe jetty with rental directly on the site<\/li>\n\n\n\n<li>Shopping stroll through the historic city center &#8211; Wednesdays and Saturdays are always market days!<\/li>\n\n\n\n<li>Adventure golf &#8211; a mix of mini golf and classic golf<\/li>\n\n\n\n<li>Lessingtheater with a varied cultural program within sight<\/li>\n\n\n\n<li>Walk around the moat with a stop at the Komm Beach Club<\/li>\n\n\n\n<li>Numerous cycle paths in the northern Harz foreland &#8211; for beginners and cycling pros<\/li>\n\n\n\n<li>Wolfenb\u00fcttel Palace Museum with living Guelph and civic history<\/li>\n<\/ul>\n","protected":false},"excerpt":{"rendered":"<p>The Wolfenb\u00fcttel motorhome park Idyllically situated on the banks of the River Oker, the comfortable Wolfenb\u00fcttel ***** mobile home park is open all year round. A total of 40 spacious parking spaces invite you to linger. The pitches are equipped with power connections; a sanitary block with showers is available free of charge, as is [&hellip;]<\/p>\n","protected":false},"author":6,"featured_media":22714,"parent":1466,"menu_order":0,"comment_status":"closed","ping_status":"closed","template":"","meta":{"_acf_changed":false,"footnotes":""},"categories":[],"tags":[],"ncap_cities_tax":[1442,467],"class_list":["post-22730","page","type-page","status-publish","has-post-thumbnail","hentry","ncap_cities_tax-reisemobilstellplatze-wolfenbuettel-en","ncap_cities_tax-wolfenbuettel-en"],"acf":[],"yoast_head":"<!-- This site is optimized with the Yoast SEO plugin v26.8 - https:\/\/yoast.com\/product\/yoast-seo-wordpress\/ -->\n<title>With the motorhome to Wolfenb\u00fcttel - 9 St\u00e4dte in Niedersachsen<\/title>\n<meta name=\"robots\" content=\"index, follow, max-snippet:-1, max-image-preview:large, max-video-preview:-1\" \/>\n<link rel=\"canonical\" href=\"https:\/\/9staedte.de\/en\/wolfenbuttel\/mit-dem-wohnmobil-nach-wolfenbuettel\/\" \/>\n<meta property=\"og:locale\" content=\"en_US\" \/>\n<meta property=\"og:type\" content=\"article\" \/>\n<meta property=\"og:title\" content=\"With the motorhome to Wolfenb\u00fcttel - 9 St\u00e4dte in Niedersachsen\" \/>\n<meta property=\"og:description\" content=\"The Wolfenb\u00fcttel motorhome park Idyllically situated on the banks of the River Oker, the comfortable Wolfenb\u00fcttel ***** mobile home park is open all year round. A total of 40 spacious parking spaces invite you to linger. The pitches are equipped with power connections; a sanitary block with showers is available free of charge, as is [&hellip;]\" \/>\n<meta property=\"og:url\" content=\"https:\/\/9staedte.de\/en\/wolfenbuttel\/mit-dem-wohnmobil-nach-wolfenbuettel\/\" \/>\n<meta property=\"og:site_name\" content=\"9 St\u00e4dte in Niedersachsen\" \/>\n<meta property=\"article:modified_time\" content=\"2024-06-14T12:28:56+00:00\" \/>\n<meta property=\"og:image\" content=\"https:\/\/9staedte.de\/wp-content\/uploads\/2024\/06\/Wohnmobilstellplatz-Wolfenbuettel-\u00a9-Flyingarms.de-CC-0.jpg\" \/>\n\t<meta property=\"og:image:width\" content=\"1020\" \/>\n\t<meta property=\"og:image:height\" content=\"565\" \/>\n\t<meta property=\"og:image:type\" content=\"image\/jpeg\" \/>\n<meta name=\"twitter:card\" content=\"summary_large_image\" \/>\n<meta name=\"twitter:label1\" content=\"Est. reading time\" \/>\n\t<meta name=\"twitter:data1\" content=\"2 minutes\" \/>\n<script type=\"application\/ld+json\" class=\"yoast-schema-graph\">{\"@context\":\"https:\/\/schema.org\",\"@graph\":[{\"@type\":\"WebPage\",\"@id\":\"https:\/\/9staedte.de\/en\/wolfenbuttel\/mit-dem-wohnmobil-nach-wolfenbuettel\/\",\"url\":\"https:\/\/9staedte.de\/en\/wolfenbuttel\/mit-dem-wohnmobil-nach-wolfenbuettel\/\",\"name\":\"With the motorhome to Wolfenb\u00fcttel - 9 St\u00e4dte in Niedersachsen\",\"isPartOf\":{\"@id\":\"https:\/\/9staedte.de\/en\/#website\"},\"primaryImageOfPage\":{\"@id\":\"https:\/\/9staedte.de\/en\/wolfenbuttel\/mit-dem-wohnmobil-nach-wolfenbuettel\/#primaryimage\"},\"image\":{\"@id\":\"https:\/\/9staedte.de\/en\/wolfenbuttel\/mit-dem-wohnmobil-nach-wolfenbuettel\/#primaryimage\"},\"thumbnailUrl\":\"https:\/\/9staedte.de\/wp-content\/uploads\/2024\/06\/Wohnmobilstellplatz-Wolfenbuettel-\u00a9-Flyingarms.de-CC-0.jpg\",\"datePublished\":\"2024-06-14T12:27:02+00:00\",\"dateModified\":\"2024-06-14T12:28:56+00:00\",\"breadcrumb\":{\"@id\":\"https:\/\/9staedte.de\/en\/wolfenbuttel\/mit-dem-wohnmobil-nach-wolfenbuettel\/#breadcrumb\"},\"inLanguage\":\"en-US\",\"potentialAction\":[{\"@type\":\"ReadAction\",\"target\":[\"https:\/\/9staedte.de\/en\/wolfenbuttel\/mit-dem-wohnmobil-nach-wolfenbuettel\/\"]}]},{\"@type\":\"ImageObject\",\"inLanguage\":\"en-US\",\"@id\":\"https:\/\/9staedte.de\/en\/wolfenbuttel\/mit-dem-wohnmobil-nach-wolfenbuettel\/#primaryimage\",\"url\":\"https:\/\/9staedte.de\/wp-content\/uploads\/2024\/06\/Wohnmobilstellplatz-Wolfenbuettel-\u00a9-Flyingarms.de-CC-0.jpg\",\"contentUrl\":\"https:\/\/9staedte.de\/wp-content\/uploads\/2024\/06\/Wohnmobilstellplatz-Wolfenbuettel-\u00a9-Flyingarms.de-CC-0.jpg\",\"width\":1020,\"height\":565,\"caption\":\"Wohnmobilstellplatz Wolfenb\u00fcttel \u00a9 Flyingarms.de (CC-0)\"},{\"@type\":\"BreadcrumbList\",\"@id\":\"https:\/\/9staedte.de\/en\/wolfenbuttel\/mit-dem-wohnmobil-nach-wolfenbuettel\/#breadcrumb\",\"itemListElement\":[{\"@type\":\"ListItem\",\"position\":1,\"name\":\"Startseite\",\"item\":\"https:\/\/9staedte.de\/en\/\"},{\"@type\":\"ListItem\",\"position\":2,\"name\":\"With the motorhome to Wolfenb\u00fcttel\"}]},{\"@type\":\"WebSite\",\"@id\":\"https:\/\/9staedte.de\/en\/#website\",\"url\":\"https:\/\/9staedte.de\/en\/\",\"name\":\"9 St\u00e4dte in Niedersachsen\",\"description\":\"\",\"publisher\":{\"@id\":\"https:\/\/9staedte.de\/en\/#organization\"},\"potentialAction\":[{\"@type\":\"SearchAction\",\"target\":{\"@type\":\"EntryPoint\",\"urlTemplate\":\"https:\/\/9staedte.de\/en\/?s={search_term_string}\"},\"query-input\":{\"@type\":\"PropertyValueSpecification\",\"valueRequired\":true,\"valueName\":\"search_term_string\"}}],\"inLanguage\":\"en-US\"},{\"@type\":\"Organization\",\"@id\":\"https:\/\/9staedte.de\/en\/#organization\",\"name\":\"9 St\u00e4dte in Niedersachsen\",\"url\":\"https:\/\/9staedte.de\/en\/\",\"logo\":{\"@type\":\"ImageObject\",\"inLanguage\":\"en-US\",\"@id\":\"https:\/\/9staedte.de\/en\/#\/schema\/logo\/image\/\",\"url\":\"https:\/\/9staedte.de\/wp-content\/uploads\/2025\/01\/9-neg-deutsch-2-1.png\",\"contentUrl\":\"https:\/\/9staedte.de\/wp-content\/uploads\/2025\/01\/9-neg-deutsch-2-1.png\",\"width\":190,\"height\":114,\"caption\":\"9 St\u00e4dte in Niedersachsen\"},\"image\":{\"@id\":\"https:\/\/9staedte.de\/en\/#\/schema\/logo\/image\/\"}}]}<\/script>\n<!-- \/ Yoast SEO plugin. -->","yoast_head_json":{"title":"With the motorhome to Wolfenb\u00fcttel - 9 St\u00e4dte in Niedersachsen","robots":{"index":"index","follow":"follow","max-snippet":"max-snippet:-1","max-image-preview":"max-image-preview:large","max-video-preview":"max-video-preview:-1"},"canonical":"https:\/\/9staedte.de\/en\/wolfenbuttel\/mit-dem-wohnmobil-nach-wolfenbuettel\/","og_locale":"en_US","og_type":"article","og_title":"With the motorhome to Wolfenb\u00fcttel - 9 St\u00e4dte in Niedersachsen","og_description":"The Wolfenb\u00fcttel motorhome park Idyllically situated on the banks of the River Oker, the comfortable Wolfenb\u00fcttel ***** mobile home park is open all year round. A total of 40 spacious parking spaces invite you to linger. The pitches are equipped with power connections; a sanitary block with showers is available free of charge, as is [&hellip;]","og_url":"https:\/\/9staedte.de\/en\/wolfenbuttel\/mit-dem-wohnmobil-nach-wolfenbuettel\/","og_site_name":"9 St\u00e4dte in Niedersachsen","article_modified_time":"2024-06-14T12:28:56+00:00","og_image":[{"width":1020,"height":565,"url":"https:\/\/9staedte.de\/wp-content\/uploads\/2024\/06\/Wohnmobilstellplatz-Wolfenbuettel-\u00a9-Flyingarms.de-CC-0.jpg","type":"image\/jpeg"}],"twitter_card":"summary_large_image","twitter_misc":{"Est. reading time":"2 minutes"},"schema":{"@context":"https:\/\/schema.org","@graph":[{"@type":"WebPage","@id":"https:\/\/9staedte.de\/en\/wolfenbuttel\/mit-dem-wohnmobil-nach-wolfenbuettel\/","url":"https:\/\/9staedte.de\/en\/wolfenbuttel\/mit-dem-wohnmobil-nach-wolfenbuettel\/","name":"With the motorhome to Wolfenb\u00fcttel - 9 St\u00e4dte in Niedersachsen","isPartOf":{"@id":"https:\/\/9staedte.de\/en\/#website"},"primaryImageOfPage":{"@id":"https:\/\/9staedte.de\/en\/wolfenbuttel\/mit-dem-wohnmobil-nach-wolfenbuettel\/#primaryimage"},"image":{"@id":"https:\/\/9staedte.de\/en\/wolfenbuttel\/mit-dem-wohnmobil-nach-wolfenbuettel\/#primaryimage"},"thumbnailUrl":"https:\/\/9staedte.de\/wp-content\/uploads\/2024\/06\/Wohnmobilstellplatz-Wolfenbuettel-\u00a9-Flyingarms.de-CC-0.jpg","datePublished":"2024-06-14T12:27:02+00:00","dateModified":"2024-06-14T12:28:56+00:00","breadcrumb":{"@id":"https:\/\/9staedte.de\/en\/wolfenbuttel\/mit-dem-wohnmobil-nach-wolfenbuettel\/#breadcrumb"},"inLanguage":"en-US","potentialAction":[{"@type":"ReadAction","target":["https:\/\/9staedte.de\/en\/wolfenbuttel\/mit-dem-wohnmobil-nach-wolfenbuettel\/"]}]},{"@type":"ImageObject","inLanguage":"en-US","@id":"https:\/\/9staedte.de\/en\/wolfenbuttel\/mit-dem-wohnmobil-nach-wolfenbuettel\/#primaryimage","url":"https:\/\/9staedte.de\/wp-content\/uploads\/2024\/06\/Wohnmobilstellplatz-Wolfenbuettel-\u00a9-Flyingarms.de-CC-0.jpg","contentUrl":"https:\/\/9staedte.de\/wp-content\/uploads\/2024\/06\/Wohnmobilstellplatz-Wolfenbuettel-\u00a9-Flyingarms.de-CC-0.jpg","width":1020,"height":565,"caption":"Wohnmobilstellplatz Wolfenb\u00fcttel \u00a9 Flyingarms.de (CC-0)"},{"@type":"BreadcrumbList","@id":"https:\/\/9staedte.de\/en\/wolfenbuttel\/mit-dem-wohnmobil-nach-wolfenbuettel\/#breadcrumb","itemListElement":[{"@type":"ListItem","position":1,"name":"Startseite","item":"https:\/\/9staedte.de\/en\/"},{"@type":"ListItem","position":2,"name":"With the motorhome to Wolfenb\u00fcttel"}]},{"@type":"WebSite","@id":"https:\/\/9staedte.de\/en\/#website","url":"https:\/\/9staedte.de\/en\/","name":"9 St\u00e4dte in Niedersachsen","description":"","publisher":{"@id":"https:\/\/9staedte.de\/en\/#organization"},"potentialAction":[{"@type":"SearchAction","target":{"@type":"EntryPoint","urlTemplate":"https:\/\/9staedte.de\/en\/?s={search_term_string}"},"query-input":{"@type":"PropertyValueSpecification","valueRequired":true,"valueName":"search_term_string"}}],"inLanguage":"en-US"},{"@type":"Organization","@id":"https:\/\/9staedte.de\/en\/#organization","name":"9 St\u00e4dte in Niedersachsen","url":"https:\/\/9staedte.de\/en\/","logo":{"@type":"ImageObject","inLanguage":"en-US","@id":"https:\/\/9staedte.de\/en\/#\/schema\/logo\/image\/","url":"https:\/\/9staedte.de\/wp-content\/uploads\/2025\/01\/9-neg-deutsch-2-1.png","contentUrl":"https:\/\/9staedte.de\/wp-content\/uploads\/2025\/01\/9-neg-deutsch-2-1.png","width":190,"height":114,"caption":"9 St\u00e4dte in Niedersachsen"},"image":{"@id":"https:\/\/9staedte.de\/en\/#\/schema\/logo\/image\/"}}]}},"_links":{"self":[{"href":"https:\/\/9staedte.de\/en\/wp-json\/wp\/v2\/pages\/22730","targetHints":{"allow":["GET"]}}],"collection":[{"href":"https:\/\/9staedte.de\/en\/wp-json\/wp\/v2\/pages"}],"about":[{"href":"https:\/\/9staedte.de\/en\/wp-json\/wp\/v2\/types\/page"}],"author":[{"embeddable":true,"href":"https:\/\/9staedte.de\/en\/wp-json\/wp\/v2\/users\/6"}],"replies":[{"embeddable":true,"href":"https:\/\/9staedte.de\/en\/wp-json\/wp\/v2\/comments?post=22730"}],"version-history":[{"count":2,"href":"https:\/\/9staedte.de\/en\/wp-json\/wp\/v2\/pages\/22730\/revisions"}],"predecessor-version":[{"id":22740,"href":"https:\/\/9staedte.de\/en\/wp-json\/wp\/v2\/pages\/22730\/revisions\/22740"}],"up":[{"embeddable":true,"href":"https:\/\/9staedte.de\/en\/wp-json\/wp\/v2\/pages\/1466"}],"wp:featuredmedia":[{"embeddable":true,"href":"https:\/\/9staedte.de\/en\/wp-json\/wp\/v2\/media\/22714"}],"wp:attachment":[{"href":"https:\/\/9staedte.de\/en\/wp-json\/wp\/v2\/media?parent=22730"}],"wp:term":[{"taxonomy":"category","embeddable":true,"href":"https:\/\/9staedte.de\/en\/wp-json\/wp\/v2\/categories?post=22730"},{"taxonomy":"post_tag","embeddable":true,"href":"https:\/\/9staedte.de\/en\/wp-json\/wp\/v2\/tags?post=22730"},{"taxonomy":"ncap_cities_tax","embeddable":true,"href":"https:\/\/9staedte.de\/en\/wp-json\/wp\/v2\/ncap_cities_tax?post=22730"}],"curies":[{"name":"wp","href":"https:\/\/api.w.org\/{rel}","templated":true}]}}