{"id":22577,"date":"2024-06-14T11:17:37","date_gmt":"2024-06-14T09:17:37","guid":{"rendered":"https:\/\/9staedte.de\/with-the-motorhome-to-goettingen\/"},"modified":"2025-05-15T17:06:49","modified_gmt":"2025-05-15T15:06:49","slug":"with-the-motorhome-to-goettingen","status":"publish","type":"page","link":"https:\/\/9staedte.de\/en\/gottingen-traditional-university-town\/with-the-motorhome-to-goettingen\/","title":{"rendered":"With the motorhome to G\u00f6ttingen"},"content":{"rendered":"\n<p><strong>Reisemobilhafen G\u00f6ttingen: &#8220;Top place&#8221; near the city center<\/strong><\/p>\n\n<p>The G\u00f6ttinger Reisemobilhafen is a successful example of how the interests of motorhome owners can be combined with the conditions in a large city that is attractive to tourists.<\/p>\n\n<p>The Eiswiese motorhome site, which is fenced in and illuminated on all sides, is in an excellent location: Situated within a green belt near the Kiessee lake, directly bordering the Leine river, in a very quiet location and yet close to G\u00f6ttingen&#8217;s historic city center. It is only a 10-minute walk to the old town, where the medieval town hall, churches, half-timbered houses, pubs, street caf\u00e9s and many stores invite you to stroll and visit. And last but not least, a visit to the G\u00e4nseliesel, the &#8220;most kissed girl in the world&#8221; who greets you from the market fountain, is an absolute must.<\/p>\n\n<p>The total of 28 level and paved parking spaces are generously parceled out with a width of 5.50 m and a length of 10 to 12 m. Environmentally friendly supply and disposal facilities are of course available. The Eiswiese bathing paradise with its huge sauna area and the Brauweg outdoor pool are right next to the square, while the G\u00f6ttingen sports park and the Kiessee lake with boat hire, fishing and water sports offer numerous leisure activities in the neighborhood. Shopping facilities, supermarkets, pharmacies, bank, savings bank are within max. walking distance. 1 km radius.<\/p>\n\n<figure class=\"wp-block-image size-full\"><img loading=\"lazy\" decoding=\"async\" width=\"1020\" height=\"560\" src=\"https:\/\/9staedte.de\/wp-content\/smush-webp\/2024\/06\/Goettingen-Reisemobilhafen-c-Goettingen-Tourismus.jpg.webp\" alt=\"Goettingen-Reisemobilhafen-c-Goettingen-Tourism\" class=\"wp-image-22560\" srcset=\"https:\/\/9staedte.de\/wp-content\/smush-webp\/2024\/06\/Goettingen-Reisemobilhafen-c-Goettingen-Tourismus.jpg.webp 1020w, https:\/\/9staedte.de\/wp-content\/smush-webp\/2024\/06\/Goettingen-Reisemobilhafen-c-Goettingen-Tourismus-300x165.jpg.webp 300w, https:\/\/9staedte.de\/wp-content\/smush-webp\/2024\/06\/Goettingen-Reisemobilhafen-c-Goettingen-Tourismus-768x422.jpg.webp 768w\" sizes=\"auto, (max-width: 1020px) 100vw, 1020px\" \/><figcaption class=\"wp-element-caption\">Goettingen-Reisemobilhafen-c-Goettingen-Tourism<\/figcaption><\/figure>\n\n<p>Contact:<br\/>G\u00f6ttinger Sport- und Freizeit GmbH<br\/>Wind way 60<br\/>37073 G\u00f6ttingen<br\/>Tel. +49 (0) 551 \/ 50709-0<br\/>Fax +49 (0) 5 51 \/ 50709-161<br\/>E-mail: <a href=\"mailto:info@goesf.de\">info@goesf.de<\/a><br\/>Internet: <a href=\"http:\/\/www.goesf.de\/\" target=\"_blank\" rel=\"noreferrer noopener\">www.goesf.de<\/a><\/p>\n\n <div class=\"brlbs-cmpnt-container brlbs-cmpnt-content-blocker brlbs-cmpnt-with-individual-styles\" data-borlabs-cookie-content-blocker-id=\"google-maps\" data-borlabs-cookie-content=\"PGlmcmFtZSBzcmM9Imh0dHBzOi8vd3d3Lmdvb2dsZS5jb20vbWFwcy9kL2VtYmVkP21pZD0xWnlKcEkxU1pzQXZCTUtzc29GdG1zeDNVM3BlQmtNNCZlaGJjPTJFMzEyRiIgd2lkdGg9IjY0MCIgaGVpZ2h0PSI0ODAiPjwvaWZyYW1lPg==\"><div class=\"brlbs-cmpnt-cb-preset-b brlbs-cmpnt-cb-google-maps\"> <div class=\"brlbs-cmpnt-cb-thumbnail\" style=\"background-image: url('https:\/\/9staedte.de\/wp-content\/uploads\/borlabs-cookie\/1\/brlbs-cb-google-maps-main.png')\"><\/div> <div class=\"brlbs-cmpnt-cb-main\"> <div class=\"brlbs-cmpnt-cb-content\"> <p class=\"brlbs-cmpnt-cb-description\">You are currently viewing a placeholder content from <strong>Google Maps<\/strong>. To access the actual content, click the button below. Please note that doing so will share data with third-party providers.<\/p> <a class=\"brlbs-cmpnt-cb-provider-toggle\" href=\"#\" data-borlabs-cookie-show-provider-information role=\"button\">More Information<\/a> <\/div> <div class=\"brlbs-cmpnt-cb-buttons\"> <a class=\"brlbs-cmpnt-cb-btn\" href=\"#\" data-borlabs-cookie-unblock role=\"button\">Unblock content<\/a> <a class=\"brlbs-cmpnt-cb-btn\" href=\"#\" data-borlabs-cookie-accept-service role=\"button\" style=\"display: inherit\">Accept required service and unblock content<\/a> <\/div> <\/div> <\/div><\/div>\n\n<p><strong>9 tips for your motorhome trip to G\u00f6ttingen:<\/strong><\/p>\n\n<ol class=\"wp-block-list\" start=\"1\">\n<li>Enjoy a relaxing dip in the Eiswiese bathing paradise<\/li>\n\n\n\n<li>Take a walk around the nearby gravel lake<\/li>\n\n\n\n<li>Watch a movie at the open-air cinema in Brauweg in August<\/li>\n\n\n\n<li>Take a bike ride along the Leine-Heide cycle path<\/li>\n\n\n\n<li>Take a break at Cafe Kredo and enjoy the view of the lake<\/li>\n\n\n\n<li>Hire a pedal boat on the Kiessee<\/li>\n\n\n\n<li>Explore the nearby old town of G\u00f6ttingen<\/li>\n\n\n\n<li>Discover the Old Botanical Garden on the Stadtwall<\/li>\n\n\n\n<li>Enjoy the lively cultural scene  <\/li>\n<\/ol>\n","protected":false},"excerpt":{"rendered":"<p>Reisemobilhafen G\u00f6ttingen: &#8220;Top place&#8221; near the city center The G\u00f6ttinger Reisemobilhafen is a successful example of how the interests of motorhome owners can be combined with the conditions in a large city that is attractive to tourists. The Eiswiese motorhome site, which is fenced in and illuminated on all sides, is in an excellent location: [&hellip;]<\/p>\n","protected":false},"author":6,"featured_media":3970,"parent":1451,"menu_order":0,"comment_status":"closed","ping_status":"closed","template":"","meta":{"_acf_changed":false,"footnotes":""},"categories":[],"tags":[],"ncap_cities_tax":[432,1407],"class_list":["post-22577","page","type-page","status-publish","has-post-thumbnail","hentry","ncap_cities_tax-goettingen-en","ncap_cities_tax-reisemobilstellplatze-goettingen-en"],"acf":[],"yoast_head":"<!-- This site is optimized with the Yoast SEO plugin v26.8 - https:\/\/yoast.com\/product\/yoast-seo-wordpress\/ -->\n<title>With the motorhome to G\u00f6ttingen - 9 St\u00e4dte in Niedersachsen<\/title>\n<meta name=\"robots\" content=\"index, follow, max-snippet:-1, max-image-preview:large, max-video-preview:-1\" \/>\n<link rel=\"canonical\" href=\"https:\/\/9staedte.de\/en\/gottingen-traditional-university-town\/with-the-motorhome-to-goettingen\/\" \/>\n<meta property=\"og:locale\" content=\"en_US\" \/>\n<meta property=\"og:type\" content=\"article\" \/>\n<meta property=\"og:title\" content=\"With the motorhome to G\u00f6ttingen - 9 St\u00e4dte in Niedersachsen\" \/>\n<meta property=\"og:description\" content=\"Reisemobilhafen G\u00f6ttingen: &#8220;Top place&#8221; near the city center The G\u00f6ttinger Reisemobilhafen is a successful example of how the interests of motorhome owners can be combined with the conditions in a large city that is attractive to tourists. The Eiswiese motorhome site, which is fenced in and illuminated on all sides, is in an excellent location: [&hellip;]\" \/>\n<meta property=\"og:url\" content=\"https:\/\/9staedte.de\/en\/gottingen-traditional-university-town\/with-the-motorhome-to-goettingen\/\" \/>\n<meta property=\"og:site_name\" content=\"9 St\u00e4dte in Niedersachsen\" \/>\n<meta property=\"article:modified_time\" content=\"2025-05-15T15:06:49+00:00\" \/>\n<meta property=\"og:image\" content=\"https:\/\/9staedte.de\/wp-content\/uploads\/2023\/02\/Goettingen_Johanniskirche-c-Goettingen-Tourismus-Lars-Gerhardts.jpg\" \/>\n\t<meta property=\"og:image:width\" content=\"1020\" \/>\n\t<meta property=\"og:image:height\" content=\"559\" \/>\n\t<meta property=\"og:image:type\" content=\"image\/jpeg\" \/>\n<meta name=\"twitter:card\" content=\"summary_large_image\" \/>\n<meta name=\"twitter:label1\" content=\"Est. reading time\" \/>\n\t<meta name=\"twitter:data1\" content=\"3 minutes\" \/>\n<script type=\"application\/ld+json\" class=\"yoast-schema-graph\">{\"@context\":\"https:\/\/schema.org\",\"@graph\":[{\"@type\":\"WebPage\",\"@id\":\"https:\/\/9staedte.de\/en\/gottingen-traditional-university-town\/with-the-motorhome-to-goettingen\/\",\"url\":\"https:\/\/9staedte.de\/en\/gottingen-traditional-university-town\/with-the-motorhome-to-goettingen\/\",\"name\":\"With the motorhome to G\u00f6ttingen - 9 St\u00e4dte in Niedersachsen\",\"isPartOf\":{\"@id\":\"https:\/\/9staedte.de\/en\/#website\"},\"primaryImageOfPage\":{\"@id\":\"https:\/\/9staedte.de\/en\/gottingen-traditional-university-town\/with-the-motorhome-to-goettingen\/#primaryimage\"},\"image\":{\"@id\":\"https:\/\/9staedte.de\/en\/gottingen-traditional-university-town\/with-the-motorhome-to-goettingen\/#primaryimage\"},\"thumbnailUrl\":\"https:\/\/9staedte.de\/wp-content\/uploads\/2023\/02\/Goettingen_Johanniskirche-c-Goettingen-Tourismus-Lars-Gerhardts.jpg\",\"datePublished\":\"2024-06-14T09:17:37+00:00\",\"dateModified\":\"2025-05-15T15:06:49+00:00\",\"breadcrumb\":{\"@id\":\"https:\/\/9staedte.de\/en\/gottingen-traditional-university-town\/with-the-motorhome-to-goettingen\/#breadcrumb\"},\"inLanguage\":\"en-US\",\"potentialAction\":[{\"@type\":\"ReadAction\",\"target\":[\"https:\/\/9staedte.de\/en\/gottingen-traditional-university-town\/with-the-motorhome-to-goettingen\/\"]}]},{\"@type\":\"ImageObject\",\"inLanguage\":\"en-US\",\"@id\":\"https:\/\/9staedte.de\/en\/gottingen-traditional-university-town\/with-the-motorhome-to-goettingen\/#primaryimage\",\"url\":\"https:\/\/9staedte.de\/wp-content\/uploads\/2023\/02\/Goettingen_Johanniskirche-c-Goettingen-Tourismus-Lars-Gerhardts.jpg\",\"contentUrl\":\"https:\/\/9staedte.de\/wp-content\/uploads\/2023\/02\/Goettingen_Johanniskirche-c-Goettingen-Tourismus-Lars-Gerhardts.jpg\",\"width\":1020,\"height\":559,\"caption\":\"Goettingen Johanniskirche c) G\u00f6ttingen Marketing GmbH Lars Gerhardts\"},{\"@type\":\"BreadcrumbList\",\"@id\":\"https:\/\/9staedte.de\/en\/gottingen-traditional-university-town\/with-the-motorhome-to-goettingen\/#breadcrumb\",\"itemListElement\":[{\"@type\":\"ListItem\",\"position\":1,\"name\":\"Startseite\",\"item\":\"https:\/\/9staedte.de\/en\/\"},{\"@type\":\"ListItem\",\"position\":2,\"name\":\"G\u00f6ttingen &#8211; City of science!\",\"item\":\"https:\/\/9staedte.de\/en\/gottingen-traditional-university-town\/\"},{\"@type\":\"ListItem\",\"position\":3,\"name\":\"With the motorhome to G\u00f6ttingen\"}]},{\"@type\":\"WebSite\",\"@id\":\"https:\/\/9staedte.de\/en\/#website\",\"url\":\"https:\/\/9staedte.de\/en\/\",\"name\":\"9 St\u00e4dte in Niedersachsen\",\"description\":\"\",\"publisher\":{\"@id\":\"https:\/\/9staedte.de\/en\/#organization\"},\"potentialAction\":[{\"@type\":\"SearchAction\",\"target\":{\"@type\":\"EntryPoint\",\"urlTemplate\":\"https:\/\/9staedte.de\/en\/?s={search_term_string}\"},\"query-input\":{\"@type\":\"PropertyValueSpecification\",\"valueRequired\":true,\"valueName\":\"search_term_string\"}}],\"inLanguage\":\"en-US\"},{\"@type\":\"Organization\",\"@id\":\"https:\/\/9staedte.de\/en\/#organization\",\"name\":\"9 St\u00e4dte in Niedersachsen\",\"url\":\"https:\/\/9staedte.de\/en\/\",\"logo\":{\"@type\":\"ImageObject\",\"inLanguage\":\"en-US\",\"@id\":\"https:\/\/9staedte.de\/en\/#\/schema\/logo\/image\/\",\"url\":\"https:\/\/9staedte.de\/wp-content\/uploads\/2025\/01\/9-neg-deutsch-2-1.png\",\"contentUrl\":\"https:\/\/9staedte.de\/wp-content\/uploads\/2025\/01\/9-neg-deutsch-2-1.png\",\"width\":190,\"height\":114,\"caption\":\"9 St\u00e4dte in Niedersachsen\"},\"image\":{\"@id\":\"https:\/\/9staedte.de\/en\/#\/schema\/logo\/image\/\"}}]}<\/script>\n<!-- \/ Yoast SEO plugin. -->","yoast_head_json":{"title":"With the motorhome to G\u00f6ttingen - 9 St\u00e4dte in Niedersachsen","robots":{"index":"index","follow":"follow","max-snippet":"max-snippet:-1","max-image-preview":"max-image-preview:large","max-video-preview":"max-video-preview:-1"},"canonical":"https:\/\/9staedte.de\/en\/gottingen-traditional-university-town\/with-the-motorhome-to-goettingen\/","og_locale":"en_US","og_type":"article","og_title":"With the motorhome to G\u00f6ttingen - 9 St\u00e4dte in Niedersachsen","og_description":"Reisemobilhafen G\u00f6ttingen: &#8220;Top place&#8221; near the city center The G\u00f6ttinger Reisemobilhafen is a successful example of how the interests of motorhome owners can be combined with the conditions in a large city that is attractive to tourists. The Eiswiese motorhome site, which is fenced in and illuminated on all sides, is in an excellent location: [&hellip;]","og_url":"https:\/\/9staedte.de\/en\/gottingen-traditional-university-town\/with-the-motorhome-to-goettingen\/","og_site_name":"9 St\u00e4dte in Niedersachsen","article_modified_time":"2025-05-15T15:06:49+00:00","og_image":[{"width":1020,"height":559,"url":"https:\/\/9staedte.de\/wp-content\/uploads\/2023\/02\/Goettingen_Johanniskirche-c-Goettingen-Tourismus-Lars-Gerhardts.jpg","type":"image\/jpeg"}],"twitter_card":"summary_large_image","twitter_misc":{"Est. reading time":"3 minutes"},"schema":{"@context":"https:\/\/schema.org","@graph":[{"@type":"WebPage","@id":"https:\/\/9staedte.de\/en\/gottingen-traditional-university-town\/with-the-motorhome-to-goettingen\/","url":"https:\/\/9staedte.de\/en\/gottingen-traditional-university-town\/with-the-motorhome-to-goettingen\/","name":"With the motorhome to G\u00f6ttingen - 9 St\u00e4dte in Niedersachsen","isPartOf":{"@id":"https:\/\/9staedte.de\/en\/#website"},"primaryImageOfPage":{"@id":"https:\/\/9staedte.de\/en\/gottingen-traditional-university-town\/with-the-motorhome-to-goettingen\/#primaryimage"},"image":{"@id":"https:\/\/9staedte.de\/en\/gottingen-traditional-university-town\/with-the-motorhome-to-goettingen\/#primaryimage"},"thumbnailUrl":"https:\/\/9staedte.de\/wp-content\/uploads\/2023\/02\/Goettingen_Johanniskirche-c-Goettingen-Tourismus-Lars-Gerhardts.jpg","datePublished":"2024-06-14T09:17:37+00:00","dateModified":"2025-05-15T15:06:49+00:00","breadcrumb":{"@id":"https:\/\/9staedte.de\/en\/gottingen-traditional-university-town\/with-the-motorhome-to-goettingen\/#breadcrumb"},"inLanguage":"en-US","potentialAction":[{"@type":"ReadAction","target":["https:\/\/9staedte.de\/en\/gottingen-traditional-university-town\/with-the-motorhome-to-goettingen\/"]}]},{"@type":"ImageObject","inLanguage":"en-US","@id":"https:\/\/9staedte.de\/en\/gottingen-traditional-university-town\/with-the-motorhome-to-goettingen\/#primaryimage","url":"https:\/\/9staedte.de\/wp-content\/uploads\/2023\/02\/Goettingen_Johanniskirche-c-Goettingen-Tourismus-Lars-Gerhardts.jpg","contentUrl":"https:\/\/9staedte.de\/wp-content\/uploads\/2023\/02\/Goettingen_Johanniskirche-c-Goettingen-Tourismus-Lars-Gerhardts.jpg","width":1020,"height":559,"caption":"Goettingen Johanniskirche c) G\u00f6ttingen Marketing GmbH Lars Gerhardts"},{"@type":"BreadcrumbList","@id":"https:\/\/9staedte.de\/en\/gottingen-traditional-university-town\/with-the-motorhome-to-goettingen\/#breadcrumb","itemListElement":[{"@type":"ListItem","position":1,"name":"Startseite","item":"https:\/\/9staedte.de\/en\/"},{"@type":"ListItem","position":2,"name":"G\u00f6ttingen &#8211; City of science!","item":"https:\/\/9staedte.de\/en\/gottingen-traditional-university-town\/"},{"@type":"ListItem","position":3,"name":"With the motorhome to G\u00f6ttingen"}]},{"@type":"WebSite","@id":"https:\/\/9staedte.de\/en\/#website","url":"https:\/\/9staedte.de\/en\/","name":"9 St\u00e4dte in Niedersachsen","description":"","publisher":{"@id":"https:\/\/9staedte.de\/en\/#organization"},"potentialAction":[{"@type":"SearchAction","target":{"@type":"EntryPoint","urlTemplate":"https:\/\/9staedte.de\/en\/?s={search_term_string}"},"query-input":{"@type":"PropertyValueSpecification","valueRequired":true,"valueName":"search_term_string"}}],"inLanguage":"en-US"},{"@type":"Organization","@id":"https:\/\/9staedte.de\/en\/#organization","name":"9 St\u00e4dte in Niedersachsen","url":"https:\/\/9staedte.de\/en\/","logo":{"@type":"ImageObject","inLanguage":"en-US","@id":"https:\/\/9staedte.de\/en\/#\/schema\/logo\/image\/","url":"https:\/\/9staedte.de\/wp-content\/uploads\/2025\/01\/9-neg-deutsch-2-1.png","contentUrl":"https:\/\/9staedte.de\/wp-content\/uploads\/2025\/01\/9-neg-deutsch-2-1.png","width":190,"height":114,"caption":"9 St\u00e4dte in Niedersachsen"},"image":{"@id":"https:\/\/9staedte.de\/en\/#\/schema\/logo\/image\/"}}]}},"_links":{"self":[{"href":"https:\/\/9staedte.de\/en\/wp-json\/wp\/v2\/pages\/22577","targetHints":{"allow":["GET"]}}],"collection":[{"href":"https:\/\/9staedte.de\/en\/wp-json\/wp\/v2\/pages"}],"about":[{"href":"https:\/\/9staedte.de\/en\/wp-json\/wp\/v2\/types\/page"}],"author":[{"embeddable":true,"href":"https:\/\/9staedte.de\/en\/wp-json\/wp\/v2\/users\/6"}],"replies":[{"embeddable":true,"href":"https:\/\/9staedte.de\/en\/wp-json\/wp\/v2\/comments?post=22577"}],"version-history":[{"count":2,"href":"https:\/\/9staedte.de\/en\/wp-json\/wp\/v2\/pages\/22577\/revisions"}],"predecessor-version":[{"id":25897,"href":"https:\/\/9staedte.de\/en\/wp-json\/wp\/v2\/pages\/22577\/revisions\/25897"}],"up":[{"embeddable":true,"href":"https:\/\/9staedte.de\/en\/wp-json\/wp\/v2\/pages\/1451"}],"wp:featuredmedia":[{"embeddable":true,"href":"https:\/\/9staedte.de\/en\/wp-json\/wp\/v2\/media\/3970"}],"wp:attachment":[{"href":"https:\/\/9staedte.de\/en\/wp-json\/wp\/v2\/media?parent=22577"}],"wp:term":[{"taxonomy":"category","embeddable":true,"href":"https:\/\/9staedte.de\/en\/wp-json\/wp\/v2\/categories?post=22577"},{"taxonomy":"post_tag","embeddable":true,"href":"https:\/\/9staedte.de\/en\/wp-json\/wp\/v2\/tags?post=22577"},{"taxonomy":"ncap_cities_tax","embeddable":true,"href":"https:\/\/9staedte.de\/en\/wp-json\/wp\/v2\/ncap_cities_tax?post=22577"}],"curies":[{"name":"wp","href":"https:\/\/api.w.org\/{rel}","templated":true}]}}