{"id":1643,"date":"2022-03-30T15:20:37","date_gmt":"2022-03-30T13:20:37","guid":{"rendered":"https:\/\/9staedte.de\/?page_id=1643"},"modified":"2023-07-05T09:22:55","modified_gmt":"2023-07-05T07:22:55","slug":"disclaimer","status":"publish","type":"page","link":"https:\/\/9staedte.de\/en\/disclaimer\/","title":{"rendered":"Disclaimer"},"content":{"rendered":"\n<p>9 St\u00e4dte +2  in Niedersachsen \/ 9 cities +2 in Lower Saxony<br>Hannover Marketing und Tourismus GmbH<br>Bereich Tourismus<br>Vahrenwalder Stra\u00dfe 7<br>30165\u00a0Hannover<\/p>\n\n\n\n<p>Tel.: +49 (0) 511\/168-49746<br>Fax:&nbsp; +49 (0) 511\/168-49779<br><a href=\"mailto:9cities@hannover-tourismus.de\" target=\"_blank\" rel=\"noreferrer noopener\">9cities@hannover-tourismus.de<\/a><\/p>\n\n\n\n<p>Hannover Marketing und Tourismus GmbH<br>Amtsgericht Hannover: Handelsregister Abt. B. Nr. 59223<br>Sitz der Gesellschaft: Hannover<br>Gesch\u00e4ftsf\u00fchrer: Hans Christian Nolte<\/p>\n\n\n\n<p>USt. &#8211; IDNr.: DE11133985<\/p>\n\n\n\n<p>Inhaltlich verantwortlich: Petra Sievers<\/p>\n\n\n\n<h4 class=\"wp-block-heading\">Haftungshinweis<\/h4>\n\n\n\n<p>F\u00fcr den Inhalt der Seiten, auf die in unserer Website \u00fcber Links verwiesen wird, sind wir nicht verantwortlich. Die Inhalte unterliegen dem Copyright der jeweiligen Anbieter. Deren Inhalte spiegeln nicht unsere Meinung wider, wir haben keinen Einflu\u00df auf die Inhalte. Bitte wenden Sie Sich an den jeweiligen Anbieter. Wir machen ausdr\u00fccklich darauf aufmerksam, da\u00df wir keinerlei Haftung f\u00fcr Sch\u00e4den jedweder Art \u00fcbernehmen, die auf die Verwendung unseres Internetangebots zur\u00fcckzuf\u00fchren sind. Sollten Sie \u00fcber Links aus unserem Angebot auf Seiten gelangen, die gegen geltendes Recht versto\u00dfen, bitten wir um umgehende Benachrichtigung. Wir werden den entsprechenden Link dann aus unserem Angebot entfernen. Sollten Sie die Entfernung eines Links auf Ihr Internet-Angebot w\u00fcnschen, wenden Sie sich bitte an den Webmaster. Wir werden den Link dann entfernen. Wir \u00fcbernehmen keine Garantie f\u00fcr die Erreichbarkeit und die Aktualit\u00e4t der in unserer Website eingetragenen Links oder unseres Internetangebots.<\/p>\n\n\n\n<h4 class=\"wp-block-heading\">Konzept und Design<\/h4>\n\n\n\n<p><a href=\"http:\/\/www.smit-und-partner.de\/\">smit und partner, designer<\/a><\/p>\n","protected":false},"excerpt":{"rendered":"<p>9 St\u00e4dte +2 in Niedersachsen \/ 9 cities +2 in Lower SaxonyHannover Marketing und Tourismus GmbHBereich TourismusVahrenwalder Stra\u00dfe 730165\u00a0Hannover Tel.: +49 (0) 511\/168-49746Fax:&nbsp; +49 (0) 511\/168-497799cities@hannover-tourismus.de Hannover Marketing und Tourismus GmbHAmtsgericht Hannover: Handelsregister Abt. B. Nr. 59223Sitz der Gesellschaft: HannoverGesch\u00e4ftsf\u00fchrer: Hans Christian Nolte USt. &#8211; IDNr.: DE11133985 Inhaltlich verantwortlich: Petra Sievers Haftungshinweis F\u00fcr den Inhalt [&hellip;]<\/p>\n","protected":false},"author":1,"featured_media":0,"parent":0,"menu_order":0,"comment_status":"closed","ping_status":"closed","template":"","meta":{"_acf_changed":false,"footnotes":""},"categories":[],"tags":[],"ncap_cities_tax":[],"class_list":["post-1643","page","type-page","status-publish","hentry"],"acf":[],"yoast_head":"<!-- This site is optimized with the Yoast SEO plugin v26.8 - https:\/\/yoast.com\/product\/yoast-seo-wordpress\/ -->\n<title>Disclaimer - 9 St\u00e4dte in Niedersachsen<\/title>\n<meta name=\"robots\" content=\"index, follow, max-snippet:-1, max-image-preview:large, max-video-preview:-1\" \/>\n<link rel=\"canonical\" href=\"https:\/\/9staedte.de\/en\/disclaimer\/\" \/>\n<meta property=\"og:locale\" content=\"en_US\" \/>\n<meta property=\"og:type\" content=\"article\" \/>\n<meta property=\"og:title\" content=\"Disclaimer - 9 St\u00e4dte in Niedersachsen\" \/>\n<meta property=\"og:description\" content=\"9 St\u00e4dte +2 in Niedersachsen \/ 9 cities +2 in Lower SaxonyHannover Marketing und Tourismus GmbHBereich TourismusVahrenwalder Stra\u00dfe 730165\u00a0Hannover Tel.: +49 (0) 511\/168-49746Fax:&nbsp; +49 (0) 511\/168-497799cities@hannover-tourismus.de Hannover Marketing und Tourismus GmbHAmtsgericht Hannover: Handelsregister Abt. B. Nr. 59223Sitz der Gesellschaft: HannoverGesch\u00e4ftsf\u00fchrer: Hans Christian Nolte USt. &#8211; IDNr.: DE11133985 Inhaltlich verantwortlich: Petra Sievers Haftungshinweis F\u00fcr den Inhalt [&hellip;]\" \/>\n<meta property=\"og:url\" content=\"https:\/\/9staedte.de\/en\/disclaimer\/\" \/>\n<meta property=\"og:site_name\" content=\"9 St\u00e4dte in Niedersachsen\" \/>\n<meta property=\"article:modified_time\" content=\"2023-07-05T07:22:55+00:00\" \/>\n<meta name=\"twitter:card\" content=\"summary_large_image\" \/>\n<meta name=\"twitter:label1\" content=\"Est. reading time\" \/>\n\t<meta name=\"twitter:data1\" content=\"1 minute\" \/>\n<script type=\"application\/ld+json\" class=\"yoast-schema-graph\">{\"@context\":\"https:\/\/schema.org\",\"@graph\":[{\"@type\":\"WebPage\",\"@id\":\"https:\/\/9staedte.de\/en\/disclaimer\/\",\"url\":\"https:\/\/9staedte.de\/en\/disclaimer\/\",\"name\":\"Disclaimer - 9 St\u00e4dte in Niedersachsen\",\"isPartOf\":{\"@id\":\"https:\/\/9staedte.de\/en\/#website\"},\"datePublished\":\"2022-03-30T13:20:37+00:00\",\"dateModified\":\"2023-07-05T07:22:55+00:00\",\"breadcrumb\":{\"@id\":\"https:\/\/9staedte.de\/en\/disclaimer\/#breadcrumb\"},\"inLanguage\":\"en-US\",\"potentialAction\":[{\"@type\":\"ReadAction\",\"target\":[\"https:\/\/9staedte.de\/en\/disclaimer\/\"]}]},{\"@type\":\"BreadcrumbList\",\"@id\":\"https:\/\/9staedte.de\/en\/disclaimer\/#breadcrumb\",\"itemListElement\":[{\"@type\":\"ListItem\",\"position\":1,\"name\":\"Startseite\",\"item\":\"https:\/\/9staedte.de\/en\/\"},{\"@type\":\"ListItem\",\"position\":2,\"name\":\"Disclaimer\"}]},{\"@type\":\"WebSite\",\"@id\":\"https:\/\/9staedte.de\/en\/#website\",\"url\":\"https:\/\/9staedte.de\/en\/\",\"name\":\"9 St\u00e4dte in Niedersachsen\",\"description\":\"\",\"publisher\":{\"@id\":\"https:\/\/9staedte.de\/en\/#organization\"},\"potentialAction\":[{\"@type\":\"SearchAction\",\"target\":{\"@type\":\"EntryPoint\",\"urlTemplate\":\"https:\/\/9staedte.de\/en\/?s={search_term_string}\"},\"query-input\":{\"@type\":\"PropertyValueSpecification\",\"valueRequired\":true,\"valueName\":\"search_term_string\"}}],\"inLanguage\":\"en-US\"},{\"@type\":\"Organization\",\"@id\":\"https:\/\/9staedte.de\/en\/#organization\",\"name\":\"9 St\u00e4dte in Niedersachsen\",\"url\":\"https:\/\/9staedte.de\/en\/\",\"logo\":{\"@type\":\"ImageObject\",\"inLanguage\":\"en-US\",\"@id\":\"https:\/\/9staedte.de\/en\/#\/schema\/logo\/image\/\",\"url\":\"https:\/\/9staedte.de\/wp-content\/uploads\/2025\/01\/9-neg-deutsch-2-1.png\",\"contentUrl\":\"https:\/\/9staedte.de\/wp-content\/uploads\/2025\/01\/9-neg-deutsch-2-1.png\",\"width\":190,\"height\":114,\"caption\":\"9 St\u00e4dte in Niedersachsen\"},\"image\":{\"@id\":\"https:\/\/9staedte.de\/en\/#\/schema\/logo\/image\/\"}}]}<\/script>\n<!-- \/ Yoast SEO plugin. -->","yoast_head_json":{"title":"Disclaimer - 9 St\u00e4dte in Niedersachsen","robots":{"index":"index","follow":"follow","max-snippet":"max-snippet:-1","max-image-preview":"max-image-preview:large","max-video-preview":"max-video-preview:-1"},"canonical":"https:\/\/9staedte.de\/en\/disclaimer\/","og_locale":"en_US","og_type":"article","og_title":"Disclaimer - 9 St\u00e4dte in Niedersachsen","og_description":"9 St\u00e4dte +2 in Niedersachsen \/ 9 cities +2 in Lower SaxonyHannover Marketing und Tourismus GmbHBereich TourismusVahrenwalder Stra\u00dfe 730165\u00a0Hannover Tel.: +49 (0) 511\/168-49746Fax:&nbsp; +49 (0) 511\/168-497799cities@hannover-tourismus.de Hannover Marketing und Tourismus GmbHAmtsgericht Hannover: Handelsregister Abt. B. Nr. 59223Sitz der Gesellschaft: HannoverGesch\u00e4ftsf\u00fchrer: Hans Christian Nolte USt. &#8211; IDNr.: DE11133985 Inhaltlich verantwortlich: Petra Sievers Haftungshinweis F\u00fcr den Inhalt [&hellip;]","og_url":"https:\/\/9staedte.de\/en\/disclaimer\/","og_site_name":"9 St\u00e4dte in Niedersachsen","article_modified_time":"2023-07-05T07:22:55+00:00","twitter_card":"summary_large_image","twitter_misc":{"Est. reading time":"1 minute"},"schema":{"@context":"https:\/\/schema.org","@graph":[{"@type":"WebPage","@id":"https:\/\/9staedte.de\/en\/disclaimer\/","url":"https:\/\/9staedte.de\/en\/disclaimer\/","name":"Disclaimer - 9 St\u00e4dte in Niedersachsen","isPartOf":{"@id":"https:\/\/9staedte.de\/en\/#website"},"datePublished":"2022-03-30T13:20:37+00:00","dateModified":"2023-07-05T07:22:55+00:00","breadcrumb":{"@id":"https:\/\/9staedte.de\/en\/disclaimer\/#breadcrumb"},"inLanguage":"en-US","potentialAction":[{"@type":"ReadAction","target":["https:\/\/9staedte.de\/en\/disclaimer\/"]}]},{"@type":"BreadcrumbList","@id":"https:\/\/9staedte.de\/en\/disclaimer\/#breadcrumb","itemListElement":[{"@type":"ListItem","position":1,"name":"Startseite","item":"https:\/\/9staedte.de\/en\/"},{"@type":"ListItem","position":2,"name":"Disclaimer"}]},{"@type":"WebSite","@id":"https:\/\/9staedte.de\/en\/#website","url":"https:\/\/9staedte.de\/en\/","name":"9 St\u00e4dte in Niedersachsen","description":"","publisher":{"@id":"https:\/\/9staedte.de\/en\/#organization"},"potentialAction":[{"@type":"SearchAction","target":{"@type":"EntryPoint","urlTemplate":"https:\/\/9staedte.de\/en\/?s={search_term_string}"},"query-input":{"@type":"PropertyValueSpecification","valueRequired":true,"valueName":"search_term_string"}}],"inLanguage":"en-US"},{"@type":"Organization","@id":"https:\/\/9staedte.de\/en\/#organization","name":"9 St\u00e4dte in Niedersachsen","url":"https:\/\/9staedte.de\/en\/","logo":{"@type":"ImageObject","inLanguage":"en-US","@id":"https:\/\/9staedte.de\/en\/#\/schema\/logo\/image\/","url":"https:\/\/9staedte.de\/wp-content\/uploads\/2025\/01\/9-neg-deutsch-2-1.png","contentUrl":"https:\/\/9staedte.de\/wp-content\/uploads\/2025\/01\/9-neg-deutsch-2-1.png","width":190,"height":114,"caption":"9 St\u00e4dte in Niedersachsen"},"image":{"@id":"https:\/\/9staedte.de\/en\/#\/schema\/logo\/image\/"}}]}},"_links":{"self":[{"href":"https:\/\/9staedte.de\/en\/wp-json\/wp\/v2\/pages\/1643","targetHints":{"allow":["GET"]}}],"collection":[{"href":"https:\/\/9staedte.de\/en\/wp-json\/wp\/v2\/pages"}],"about":[{"href":"https:\/\/9staedte.de\/en\/wp-json\/wp\/v2\/types\/page"}],"author":[{"embeddable":true,"href":"https:\/\/9staedte.de\/en\/wp-json\/wp\/v2\/users\/1"}],"replies":[{"embeddable":true,"href":"https:\/\/9staedte.de\/en\/wp-json\/wp\/v2\/comments?post=1643"}],"version-history":[{"count":2,"href":"https:\/\/9staedte.de\/en\/wp-json\/wp\/v2\/pages\/1643\/revisions"}],"predecessor-version":[{"id":7073,"href":"https:\/\/9staedte.de\/en\/wp-json\/wp\/v2\/pages\/1643\/revisions\/7073"}],"wp:attachment":[{"href":"https:\/\/9staedte.de\/en\/wp-json\/wp\/v2\/media?parent=1643"}],"wp:term":[{"taxonomy":"category","embeddable":true,"href":"https:\/\/9staedte.de\/en\/wp-json\/wp\/v2\/categories?post=1643"},{"taxonomy":"post_tag","embeddable":true,"href":"https:\/\/9staedte.de\/en\/wp-json\/wp\/v2\/tags?post=1643"},{"taxonomy":"ncap_cities_tax","embeddable":true,"href":"https:\/\/9staedte.de\/en\/wp-json\/wp\/v2\/ncap_cities_tax?post=1643"}],"curies":[{"name":"wp","href":"https:\/\/api.w.org\/{rel}","templated":true}]}}