{"id":1466,"date":"2022-03-11T14:33:14","date_gmt":"2022-03-11T13:33:14","guid":{"rendered":"https:\/\/9staedte.de\/?page_id=1466"},"modified":"2024-07-12T11:20:21","modified_gmt":"2024-07-12T09:20:21","slug":"wolfenbuttel","status":"publish","type":"page","link":"https:\/\/9staedte.de\/en\/wolfenbuttel\/","title":{"rendered":"Wolfenb\u00fcttel &#8211; Residential City"},"content":{"rendered":"\n<h2 class=\"wp-block-heading\">1,000 half-timbered houses and \u201cJ\u00e4germeister\u201d<\/h2>\n\n\n\n<p>Wolfenb\u00fcttel is known as the home of J\u00c4GERMEISTER herbal liqueur, but did you know it\u2019s also home to the second-largest palace in Lower Saxony? Or that the writer Gotthold Ephraim Lessing spent the last years of his life in Wolfenb\u00fcttel? No? Wolfenb\u00fcttel was the residence of the Guelph dukes for over three centuries. Largely undamaged by wars waged through its long history, the historical centre with the world-renowned Duke August\u2019s Library, Lessing\u2019s house and the first Protestant-built church is much as it was in Guelph days. Discover Lessing\u2019s city, where there is always something more to see and do.<\/p>\n\n\n\n<p><a href=\"http:\/\/www.lessingstadt-wolfenbuettel.de\/\">www.lessingstadt-wolfenb\u00fcttel.de<\/a><\/p>\n\n\n\n\n<div class=\"banner-wrapper\">\n  <div class=\"banner-inner \">\n      <div class=\"img-container\">\n      <div class=\"img-wrapper\">\n        <img decoding=\"async\" src=\"https:\/\/9staedte.de\/wp-content\/smush-webp\/2022\/03\/WolfenbuettelSchloss-Fotograf-Christian-Bierwagen-Rechte-Stadt-Wolfenbuettel.jpg.webp\" alt=\"Wolfenb\u00fcttel Schloss, Fotograf Christian Bierwagen, Rechte Stadt Wolfenb\u00fcttel\" \/>\n                  <div class=\"thumbnail-label\">\n            <span>Wolfenb\u00fcttel Schloss, Fotograf Christian Bierwagen, Rechte Stadt Wolfenb\u00fcttel<\/span>\n          <\/div>\n              <\/div>\n    <\/div>\n        <div class=\"text-container\">\n      <div class=\"content\">\n        <p><strong>Special Tips:<\/strong><\/p>\n<p>\u2022 Daily city tours from Easter to 3 October<br \/>\n\u2022 J\u00e4germeister arrangements<br \/>\n\u2022 Museum at the palace with state apartments of Guelph dukes<br \/>\n\u2022 Historic city centre with around 1000 half-timbered houses<br \/>\n\u2022 SUP and canoeing tours on the river Oker<br \/>\n\u2022 Discgolf at Seligerpark and Gutspark Linden<br \/>\n\u2022 Fairytale Christmas Market in November \/ December<br \/>\n\u2022 Wolfenb\u00fcttel App for leisure and tourism<br \/>\n\u2022 Puzzle tour of the historical centre<\/p>\n      <\/div>\n    <\/div>\n    <\/div>\n<\/div>\n\n\n\n\n<div style=\"height:60px\" aria-hidden=\"true\" class=\"wp-block-spacer\"><\/div>\n\n\n\n<div class=\"wp-block-columns is-layout-flex wp-container-core-columns-is-layout-9d6595d7 wp-block-columns-is-layout-flex\">\n<div class=\"wp-block-column is-layout-flow wp-block-column-is-layout-flow\" style=\"flex-basis:66.66%\">\n <div class=\"brlbs-cmpnt-container brlbs-cmpnt-content-blocker brlbs-cmpnt-with-individual-styles\" data-borlabs-cookie-content-blocker-id=\"google-maps\" data-borlabs-cookie-content=\"PGlmcmFtZSBzcmM9Imh0dHBzOi8vd3d3Lmdvb2dsZS5jb20vbWFwcy9kL2VtYmVkP21pZD0xdVpDMjJYaFVJUjB5dTNCYS1mQUgtbFczUWlGMERxZyZlaGJjPTJFMzEyRiIgd2lkdGg9IjEwMCUiIGhlaWdodD0iNDUwIj48L2lmcmFtZT4=\"><div class=\"brlbs-cmpnt-cb-preset-b brlbs-cmpnt-cb-google-maps\"> <div class=\"brlbs-cmpnt-cb-thumbnail\" style=\"background-image: url('https:\/\/9staedte.de\/wp-content\/uploads\/borlabs-cookie\/1\/brlbs-cb-google-maps-main.png')\"><\/div> <div class=\"brlbs-cmpnt-cb-main\"> <div class=\"brlbs-cmpnt-cb-content\"> <p class=\"brlbs-cmpnt-cb-description\">You are currently viewing a placeholder content from <strong>Google Maps<\/strong>. To access the actual content, click the button below. Please note that doing so will share data with third-party providers.<\/p> <a class=\"brlbs-cmpnt-cb-provider-toggle\" href=\"#\" data-borlabs-cookie-show-provider-information role=\"button\">More Information<\/a> <\/div> <div class=\"brlbs-cmpnt-cb-buttons\"> <a class=\"brlbs-cmpnt-cb-btn\" href=\"#\" data-borlabs-cookie-unblock role=\"button\">Unblock content<\/a> <a class=\"brlbs-cmpnt-cb-btn\" href=\"#\" data-borlabs-cookie-accept-service role=\"button\" style=\"display: inherit\">Accept required service and unblock content<\/a> <\/div> <\/div> <\/div><\/div>\n<\/div>\n\n\n\n<div class=\"wp-block-column is-layout-flow wp-block-column-is-layout-flow\" style=\"flex-basis:33.33%\">\n<p><strong>Sights:<\/strong><\/p>\n\n\n\n<ul class=\"map-legend main-legend wp-block-list\">\n<li>Ducal palace <\/li>\n\n\n\n<li>Lessinghaus <\/li>\n\n\n\n<li>Herzog August Bibliothek (library) and Zeughaus (armoury) <\/li>\n\n\n\n<li>Citizen museum <\/li>\n\n\n\n<li>\u201cLittle Venice\u201d (cultural route of Wolfenb\u00fcttel waterways)<\/li>\n\n\n\n<li>Town Hall and Town Market<\/li>\n\n\n\n<li>Main church Beatae Mariae Virginis <\/li>\n\n\n\n<li>St. Trinitatis church <\/li>\n\n\n\n<li>Krumme Stra\u00dfe<\/li>\n<\/ul>\n<\/div>\n<\/div>\n\n\n\n<div style=\"height:60px\" aria-hidden=\"true\" class=\"wp-block-spacer\"><\/div>\n\n\n\n<div class=\"content-grid\">\n\n\n  \n  <div class=\"grid\">\n                        \n                    \n          <div class=\"featured-themen-single\">\n            <div class=\"featured-themen-single-inner\" style=\"background-image: url('https:\/\/9staedte.de\/wp-content\/smush-webp\/2023\/02\/161008-wf-marketing-087.jpg.webp')\">\n              \n              <a href=\"https:\/\/9staedte.de\/en\/wolfenbuttel\/guided-tours-in-wolfenbuttel\/\">\n                <span>Guided tours in Wolfenb\u00fcttel<\/span>\n              <\/a>\n            <\/div>\n          <\/div>\n    \n          \n                  \n                    \n          <div class=\"featured-themen-single\">\n            <div class=\"featured-themen-single-inner\" style=\"background-image: url('https:\/\/9staedte.de\/wp-content\/smush-webp\/2023\/02\/Herzog-August-Bibliothek-c-Stadt-Wolfenbuettel-Christian-Bierwagen.jpg.webp')\">\n              \n              <a href=\"https:\/\/9staedte.de\/en\/wolfenbuttel\/museums-and-exhibitions-in-wolfenbuttel\/\">\n                <span>Museums and exhibitions in Wolfenb\u00fcttel<\/span>\n              <\/a>\n            <\/div>\n          <\/div>\n    \n          \n                  \n                    \n          <div class=\"featured-themen-single\">\n            <div class=\"featured-themen-single-inner\" style=\"background-image: url('https:\/\/9staedte.de\/wp-content\/smush-webp\/2023\/12\/Weihnachtsmarkt-Wolfenbuettel-2023-c-Stadt-Wolfenbuettel.jpg.webp')\">\n              \n              <a href=\"https:\/\/9staedte.de\/en\/wolfenbuttel\/christmas-market-in-wolfenbuettel\/\">\n                <span>Christmas market in Wolfenb\u00fcttel<\/span>\n              <\/a>\n            <\/div>\n          <\/div>\n    \n          \n                  \n                    \n          <div class=\"featured-themen-single\">\n            <div class=\"featured-themen-single-inner\" style=\"background-image: url('https:\/\/9staedte.de\/wp-content\/smush-webp\/2023\/02\/Lessinghaus-und-Schloss-Fotograf-Christian-Bierwagen-Rechte-Stadt-Wolfenbuettel.jpg.webp')\">\n              \n              <a href=\"https:\/\/9staedte.de\/en\/wolfenbuttel\/castles-and-gardens-in-wolfenbuttel\/\">\n                <span>Castles and gardens in Wolfenb\u00fcttel<\/span>\n              <\/a>\n            <\/div>\n          <\/div>\n    \n          \n                          \n        <\/div>\n<\/div>","protected":false},"excerpt":{"rendered":"<p>1,000 half-timbered houses and \u201cJ\u00e4germeister\u201d Wolfenb\u00fcttel is known as the home of J\u00c4GERMEISTER herbal liqueur, but did you know it\u2019s also home to the second-largest palace in Lower Saxony? Or that the writer Gotthold Ephraim Lessing spent the last years of his life in Wolfenb\u00fcttel? No? Wolfenb\u00fcttel was the residence of the Guelph dukes for [&hellip;]<\/p>\n","protected":false},"author":1,"featured_media":7270,"parent":0,"menu_order":0,"comment_status":"closed","ping_status":"closed","template":"pagetemplates\/template-stadtseite.php","meta":{"_acf_changed":false,"footnotes":""},"categories":[],"tags":[],"ncap_cities_tax":[467],"class_list":["post-1466","page","type-page","status-publish","has-post-thumbnail","hentry","ncap_cities_tax-wolfenbuettel-en"],"acf":[],"yoast_head":"<!-- This site is optimized with the Yoast SEO plugin v26.8 - https:\/\/yoast.com\/product\/yoast-seo-wordpress\/ -->\n<title>Wolfenb\u00fcttel - Residential City - 9 St\u00e4dte in Niedersachsen<\/title>\n<meta name=\"description\" content=\"Over 1,000 half-timbered houses can be found in the old town of Wolfenb\u00fcttel. Wolfenb\u00fcttel is world-famous as the home of the &quot;J\u00e4germeister&quot;.\" \/>\n<meta name=\"robots\" content=\"index, follow, max-snippet:-1, max-image-preview:large, max-video-preview:-1\" \/>\n<link rel=\"canonical\" href=\"https:\/\/9staedte.de\/en\/wolfenbuttel\/\" \/>\n<meta property=\"og:locale\" content=\"en_US\" \/>\n<meta property=\"og:type\" content=\"article\" \/>\n<meta property=\"og:title\" content=\"Wolfenb\u00fcttel - Residential City - 9 St\u00e4dte in Niedersachsen\" \/>\n<meta property=\"og:description\" content=\"Over 1,000 half-timbered houses can be found in the old town of Wolfenb\u00fcttel. Wolfenb\u00fcttel is world-famous as the home of the &quot;J\u00e4germeister&quot;.\" \/>\n<meta property=\"og:url\" content=\"https:\/\/9staedte.de\/en\/wolfenbuttel\/\" \/>\n<meta property=\"og:site_name\" content=\"9 St\u00e4dte in Niedersachsen\" \/>\n<meta property=\"article:modified_time\" content=\"2024-07-12T09:20:21+00:00\" \/>\n<meta property=\"og:image\" content=\"https:\/\/9staedte.de\/wp-content\/uploads\/2024\/03\/Wolfenbuettel-Krambuden-Wasser-cStadt-Woflenbuette-Christian-Bierwagen.jpg\" \/>\n\t<meta property=\"og:image:width\" content=\"1019\" \/>\n\t<meta property=\"og:image:height\" content=\"561\" \/>\n\t<meta property=\"og:image:type\" content=\"image\/jpeg\" \/>\n<meta name=\"twitter:card\" content=\"summary_large_image\" \/>\n<meta name=\"twitter:label1\" content=\"Est. reading time\" \/>\n\t<meta name=\"twitter:data1\" content=\"1 minute\" \/>\n<script type=\"application\/ld+json\" class=\"yoast-schema-graph\">{\"@context\":\"https:\/\/schema.org\",\"@graph\":[{\"@type\":\"WebPage\",\"@id\":\"https:\/\/9staedte.de\/en\/wolfenbuttel\/\",\"url\":\"https:\/\/9staedte.de\/en\/wolfenbuttel\/\",\"name\":\"Wolfenb\u00fcttel - Residential City - 9 St\u00e4dte in Niedersachsen\",\"isPartOf\":{\"@id\":\"https:\/\/9staedte.de\/en\/#website\"},\"primaryImageOfPage\":{\"@id\":\"https:\/\/9staedte.de\/en\/wolfenbuttel\/#primaryimage\"},\"image\":{\"@id\":\"https:\/\/9staedte.de\/en\/wolfenbuttel\/#primaryimage\"},\"thumbnailUrl\":\"https:\/\/9staedte.de\/wp-content\/uploads\/2023\/07\/Wolfenbuettel-Residenzschloss-c-Stadt-Wolfenbuettel-Christian-Bierwagen-scaled.jpg\",\"datePublished\":\"2022-03-11T13:33:14+00:00\",\"dateModified\":\"2024-07-12T09:20:21+00:00\",\"description\":\"Over 1,000 half-timbered houses can be found in the old town of Wolfenb\u00fcttel. Wolfenb\u00fcttel is world-famous as the home of the \\\"J\u00e4germeister\\\".\",\"breadcrumb\":{\"@id\":\"https:\/\/9staedte.de\/en\/wolfenbuttel\/#breadcrumb\"},\"inLanguage\":\"en-US\",\"potentialAction\":[{\"@type\":\"ReadAction\",\"target\":[\"https:\/\/9staedte.de\/en\/wolfenbuttel\/\"]}]},{\"@type\":\"ImageObject\",\"inLanguage\":\"en-US\",\"@id\":\"https:\/\/9staedte.de\/en\/wolfenbuttel\/#primaryimage\",\"url\":\"https:\/\/9staedte.de\/wp-content\/uploads\/2023\/07\/Wolfenbuettel-Residenzschloss-c-Stadt-Wolfenbuettel-Christian-Bierwagen-scaled.jpg\",\"contentUrl\":\"https:\/\/9staedte.de\/wp-content\/uploads\/2023\/07\/Wolfenbuettel-Residenzschloss-c-Stadt-Wolfenbuettel-Christian-Bierwagen-scaled.jpg\",\"width\":2560,\"height\":1707,\"caption\":\"Wolfenb\u00fcttel Residenzschloss c) Stadt Wolfenb\u00fcttel Christian Bierwagen\"},{\"@type\":\"BreadcrumbList\",\"@id\":\"https:\/\/9staedte.de\/en\/wolfenbuttel\/#breadcrumb\",\"itemListElement\":[{\"@type\":\"ListItem\",\"position\":1,\"name\":\"Startseite\",\"item\":\"https:\/\/9staedte.de\/en\/\"},{\"@type\":\"ListItem\",\"position\":2,\"name\":\"Wolfenb\u00fcttel &#8211; Die Lessingstadt\",\"item\":\"https:\/\/9staedte.de\/en\/wolfenbuettel-lessingstadt\/\"},{\"@type\":\"ListItem\",\"position\":3,\"name\":\"Wolfenb\u00fcttel &#8211; Residential City\"}]},{\"@type\":\"WebSite\",\"@id\":\"https:\/\/9staedte.de\/en\/#website\",\"url\":\"https:\/\/9staedte.de\/en\/\",\"name\":\"9 St\u00e4dte in Niedersachsen\",\"description\":\"\",\"publisher\":{\"@id\":\"https:\/\/9staedte.de\/en\/#organization\"},\"potentialAction\":[{\"@type\":\"SearchAction\",\"target\":{\"@type\":\"EntryPoint\",\"urlTemplate\":\"https:\/\/9staedte.de\/en\/?s={search_term_string}\"},\"query-input\":{\"@type\":\"PropertyValueSpecification\",\"valueRequired\":true,\"valueName\":\"search_term_string\"}}],\"inLanguage\":\"en-US\"},{\"@type\":\"Organization\",\"@id\":\"https:\/\/9staedte.de\/en\/#organization\",\"name\":\"9 St\u00e4dte in Niedersachsen\",\"url\":\"https:\/\/9staedte.de\/en\/\",\"logo\":{\"@type\":\"ImageObject\",\"inLanguage\":\"en-US\",\"@id\":\"https:\/\/9staedte.de\/en\/#\/schema\/logo\/image\/\",\"url\":\"https:\/\/9staedte.de\/wp-content\/uploads\/2025\/01\/9-neg-deutsch-2-1.png\",\"contentUrl\":\"https:\/\/9staedte.de\/wp-content\/uploads\/2025\/01\/9-neg-deutsch-2-1.png\",\"width\":190,\"height\":114,\"caption\":\"9 St\u00e4dte in Niedersachsen\"},\"image\":{\"@id\":\"https:\/\/9staedte.de\/en\/#\/schema\/logo\/image\/\"}}]}<\/script>\n<!-- \/ Yoast SEO plugin. -->","yoast_head_json":{"title":"Wolfenb\u00fcttel - Residential City - 9 St\u00e4dte in Niedersachsen","description":"Over 1,000 half-timbered houses can be found in the old town of Wolfenb\u00fcttel. Wolfenb\u00fcttel is world-famous as the home of the \"J\u00e4germeister\".","robots":{"index":"index","follow":"follow","max-snippet":"max-snippet:-1","max-image-preview":"max-image-preview:large","max-video-preview":"max-video-preview:-1"},"canonical":"https:\/\/9staedte.de\/en\/wolfenbuttel\/","og_locale":"en_US","og_type":"article","og_title":"Wolfenb\u00fcttel - Residential City - 9 St\u00e4dte in Niedersachsen","og_description":"Over 1,000 half-timbered houses can be found in the old town of Wolfenb\u00fcttel. Wolfenb\u00fcttel is world-famous as the home of the \"J\u00e4germeister\".","og_url":"https:\/\/9staedte.de\/en\/wolfenbuttel\/","og_site_name":"9 St\u00e4dte in Niedersachsen","article_modified_time":"2024-07-12T09:20:21+00:00","og_image":[{"width":1019,"height":561,"url":"https:\/\/9staedte.de\/wp-content\/uploads\/2024\/03\/Wolfenbuettel-Krambuden-Wasser-cStadt-Woflenbuette-Christian-Bierwagen.jpg","type":"image\/jpeg"}],"twitter_card":"summary_large_image","twitter_misc":{"Est. reading time":"1 minute"},"schema":{"@context":"https:\/\/schema.org","@graph":[{"@type":"WebPage","@id":"https:\/\/9staedte.de\/en\/wolfenbuttel\/","url":"https:\/\/9staedte.de\/en\/wolfenbuttel\/","name":"Wolfenb\u00fcttel - Residential City - 9 St\u00e4dte in Niedersachsen","isPartOf":{"@id":"https:\/\/9staedte.de\/en\/#website"},"primaryImageOfPage":{"@id":"https:\/\/9staedte.de\/en\/wolfenbuttel\/#primaryimage"},"image":{"@id":"https:\/\/9staedte.de\/en\/wolfenbuttel\/#primaryimage"},"thumbnailUrl":"https:\/\/9staedte.de\/wp-content\/uploads\/2023\/07\/Wolfenbuettel-Residenzschloss-c-Stadt-Wolfenbuettel-Christian-Bierwagen-scaled.jpg","datePublished":"2022-03-11T13:33:14+00:00","dateModified":"2024-07-12T09:20:21+00:00","description":"Over 1,000 half-timbered houses can be found in the old town of Wolfenb\u00fcttel. Wolfenb\u00fcttel is world-famous as the home of the \"J\u00e4germeister\".","breadcrumb":{"@id":"https:\/\/9staedte.de\/en\/wolfenbuttel\/#breadcrumb"},"inLanguage":"en-US","potentialAction":[{"@type":"ReadAction","target":["https:\/\/9staedte.de\/en\/wolfenbuttel\/"]}]},{"@type":"ImageObject","inLanguage":"en-US","@id":"https:\/\/9staedte.de\/en\/wolfenbuttel\/#primaryimage","url":"https:\/\/9staedte.de\/wp-content\/uploads\/2023\/07\/Wolfenbuettel-Residenzschloss-c-Stadt-Wolfenbuettel-Christian-Bierwagen-scaled.jpg","contentUrl":"https:\/\/9staedte.de\/wp-content\/uploads\/2023\/07\/Wolfenbuettel-Residenzschloss-c-Stadt-Wolfenbuettel-Christian-Bierwagen-scaled.jpg","width":2560,"height":1707,"caption":"Wolfenb\u00fcttel Residenzschloss c) Stadt Wolfenb\u00fcttel Christian Bierwagen"},{"@type":"BreadcrumbList","@id":"https:\/\/9staedte.de\/en\/wolfenbuttel\/#breadcrumb","itemListElement":[{"@type":"ListItem","position":1,"name":"Startseite","item":"https:\/\/9staedte.de\/en\/"},{"@type":"ListItem","position":2,"name":"Wolfenb\u00fcttel &#8211; Die Lessingstadt","item":"https:\/\/9staedte.de\/en\/wolfenbuettel-lessingstadt\/"},{"@type":"ListItem","position":3,"name":"Wolfenb\u00fcttel &#8211; Residential City"}]},{"@type":"WebSite","@id":"https:\/\/9staedte.de\/en\/#website","url":"https:\/\/9staedte.de\/en\/","name":"9 St\u00e4dte in Niedersachsen","description":"","publisher":{"@id":"https:\/\/9staedte.de\/en\/#organization"},"potentialAction":[{"@type":"SearchAction","target":{"@type":"EntryPoint","urlTemplate":"https:\/\/9staedte.de\/en\/?s={search_term_string}"},"query-input":{"@type":"PropertyValueSpecification","valueRequired":true,"valueName":"search_term_string"}}],"inLanguage":"en-US"},{"@type":"Organization","@id":"https:\/\/9staedte.de\/en\/#organization","name":"9 St\u00e4dte in Niedersachsen","url":"https:\/\/9staedte.de\/en\/","logo":{"@type":"ImageObject","inLanguage":"en-US","@id":"https:\/\/9staedte.de\/en\/#\/schema\/logo\/image\/","url":"https:\/\/9staedte.de\/wp-content\/uploads\/2025\/01\/9-neg-deutsch-2-1.png","contentUrl":"https:\/\/9staedte.de\/wp-content\/uploads\/2025\/01\/9-neg-deutsch-2-1.png","width":190,"height":114,"caption":"9 St\u00e4dte in Niedersachsen"},"image":{"@id":"https:\/\/9staedte.de\/en\/#\/schema\/logo\/image\/"}}]}},"_links":{"self":[{"href":"https:\/\/9staedte.de\/en\/wp-json\/wp\/v2\/pages\/1466","targetHints":{"allow":["GET"]}}],"collection":[{"href":"https:\/\/9staedte.de\/en\/wp-json\/wp\/v2\/pages"}],"about":[{"href":"https:\/\/9staedte.de\/en\/wp-json\/wp\/v2\/types\/page"}],"author":[{"embeddable":true,"href":"https:\/\/9staedte.de\/en\/wp-json\/wp\/v2\/users\/1"}],"replies":[{"embeddable":true,"href":"https:\/\/9staedte.de\/en\/wp-json\/wp\/v2\/comments?post=1466"}],"version-history":[{"count":13,"href":"https:\/\/9staedte.de\/en\/wp-json\/wp\/v2\/pages\/1466\/revisions"}],"predecessor-version":[{"id":21671,"href":"https:\/\/9staedte.de\/en\/wp-json\/wp\/v2\/pages\/1466\/revisions\/21671"}],"wp:featuredmedia":[{"embeddable":true,"href":"https:\/\/9staedte.de\/en\/wp-json\/wp\/v2\/media\/7270"}],"wp:attachment":[{"href":"https:\/\/9staedte.de\/en\/wp-json\/wp\/v2\/media?parent=1466"}],"wp:term":[{"taxonomy":"category","embeddable":true,"href":"https:\/\/9staedte.de\/en\/wp-json\/wp\/v2\/categories?post=1466"},{"taxonomy":"post_tag","embeddable":true,"href":"https:\/\/9staedte.de\/en\/wp-json\/wp\/v2\/tags?post=1466"},{"taxonomy":"ncap_cities_tax","embeddable":true,"href":"https:\/\/9staedte.de\/en\/wp-json\/wp\/v2\/ncap_cities_tax?post=1466"}],"curies":[{"name":"wp","href":"https:\/\/api.w.org\/{rel}","templated":true}]}}