{"id":10422,"date":"2022-07-11T10:54:28","date_gmt":"2022-07-11T08:54:28","guid":{"rendered":"https:\/\/9staedte.de\/conventions-and-congresses-in-goettingen\/"},"modified":"2025-05-05T16:20:58","modified_gmt":"2025-05-05T14:20:58","slug":"conventions-and-congresses-in-goettingen","status":"publish","type":"page","link":"https:\/\/9staedte.de\/en\/gottingen-traditional-university-town\/conventions-and-congresses-in-goettingen\/","title":{"rendered":"Meetings and conventions in G\u00f6ttingen"},"content":{"rendered":"\n<h3 class=\"wp-block-heading\">G\u00f6ttingen \u2013 Region for Conventions and Congresses<\/h3>\n\n\n\n<p>G\u00f6ttingen as a region for conventions and congresses is situated centrally, right in the middle of Germany, easily reachable from all directions by road and rail. No matter if you\u2019re coming from Hamburg, Cologne, Munich, Stuttgart, Dresden or Berlin: G\u00f6ttingen can be reached in four hours\u2019 travel time at most. And once you\u2019re there, expect impressive event locations, distinguished convention hotels, a total of 1,600 rooms with about 2,800 beds, a city of short distances, a diverse fringe area with many possibilities for incentives and supporting programmes, as well as great service provided by closely cooperating partners. You can reach G\u00f6ttingen conveniently by car via the motorway A 7, the major north-south connection in Germany, and the new East-West route, the A 38. More than 100 ICE express train connections per day facilitate comfortable travel by rail, also from many airports. A convention in G\u00f6ttingen \u2013 always an excellent idea!<\/p>\n\n\n\n<p><\/p>\n\n\n\n<figure class=\"wp-block-image size-full\"><img loading=\"lazy\" decoding=\"async\" width=\"580\" height=\"535\" src=\"https:\/\/9staedte.de\/wp-content\/smush-webp\/2023\/02\/Goettingen-Entfernungsgrafik-D.jpg.webp\" alt=\"\" class=\"wp-image-3979\" srcset=\"https:\/\/9staedte.de\/wp-content\/smush-webp\/2023\/02\/Goettingen-Entfernungsgrafik-D.jpg.webp 580w, https:\/\/9staedte.de\/wp-content\/smush-webp\/2023\/02\/Goettingen-Entfernungsgrafik-D-300x277.jpg.webp 300w\" sizes=\"auto, (max-width: 580px) 100vw, 580px\" \/><\/figure>\n\n\n\n\n<div class=\"banner-wrapper\">\n  <div class=\"banner-inner \">\n      <div class=\"img-container\">\n      <div class=\"img-wrapper\">\n        <img decoding=\"async\" src=\"https:\/\/9staedte.de\/wp-content\/smush-webp\/2023\/02\/Lokhalle-Abenveranstaltung-c-Goettingen-Tourismus.jpg.webp\" alt=\"The picture shows a big evening event. Many people are sitting in deck chairs on sand. A large round roof covers the area. Blue light shines from above. In the background is a large building with many windows.\" \/>\n                  <div class=\"thumbnail-label\">\n            <span>G\u00f6ttingen Lokhalle &#8211; Abendveranstaltung c) G\u00f6ttingen Marketing GmbH<\/span>\n          <\/div>\n              <\/div>\n    <\/div>\n        <div class=\"text-container\">\n      <div class=\"content\">\n        <h3>9 Tips for your event in G\u00f6ttingen<\/h3>\n<p>1)\u00a0Conventions at the industrial monument \u201cLokhalle\u201d\u00a0 \u2013 with over 8,400 m\u00b2 of exhibition space<br \/>\n2)\u00a0G\u00f6ttingen: city of short distances \u2013 all you can wish for close by<br \/>\n3)\u00a0XL Oriental Lounge \u2013 fiery supporting programme at the Hotel Freizeit In<br \/>\n4)\u00a0A very special location \u2013 the historic hall in Paulinerkirche<br \/>\n5)\u00a0Events in an ambience fit for a lord \u2013 at the country residence of the family derer zu Hardenberg<br \/>\n6)\u00a0The city that creates knowledge \u2013 symposiums and congresses in the surroundings of three universities and five Max Planck Institutes<br \/>\n7)\u00a0A tour through the underworld of G\u00f6ttingen \u2013 have fun with your supporting programmes<br \/>\n8) Bistro Apex\u00a0 \u2013 dinner prepared by one of the best (female) chefs in Germany<br \/>\n9)\u00a0Convention and congress service from G\u00f6ttingen Tourismus e.V. \u2013 competent and with an excellent regional network of contacts<\/p>\n      <\/div>\n    <\/div>\n    <\/div>\n<\/div>\n\n\n\n\n<h2 class=\"wp-block-heading\">Our services:<\/h2>\n\n\n\n<p>\u2013 Assistance from the very start<br>For successful implementation of your event, the search for the right date and a suitable location is decisive. We inform you at what times sufficient capacities are available and suggest which locations are best to consider for your intended activities.<br>\u2013 Viewings<br>Get the most accurate impression on location. We gladly arrange a viewing programme for you, including talks with the most important partners and contacts.<br>\u2013 Hotel reservations<br>In individual coordination with you, we draw up room allotments at the selected hotels. Your participants can then access all information about the accommodation via an exclusive booking link and book their rooms by themselves. In case of questions, our competent accommodation service team helps by fax, email or phone.<br>\u2013 Online services<br>Apart from arranging room allotments, we also offer extended services online, such as registration of participants, bookings for workshops and settlement of convention fees.<br>\u2013 Supporting programmes<br>Go on a guided tour \u2013 whether around the G\u00e4nseliesel statue, or in period costumes, or down into G\u00f6ttingen\u2019s underworld \u2013 and get to know your host city on one of over 30 different entertaining and informative walks around town. Discover G\u00f6ttingen on a round tour on a London bus or take a day trip to make a conquest of the Eichsfeld, the Harz mountains or the Weser mountains. If you\u2019re looking for a sporting challenge or team-building activities, we provide you with contacts to high rope courses, canoeing tour providers, GPS mountain bike tours, golf courses, \u2026<br>\u2013 Welcome Desk<br>The G\u00f6ttingen Tagungs- und Kongress-Service sets up a welcome desk at your event. One of our staff hands out information material such as city maps and image brochures, helps to search for accommodation, and provides tips for restaurants and entertaining evening arrangements.<\/p>\n","protected":false},"excerpt":{"rendered":"<p>G\u00f6ttingen \u2013 Region for Conventions and Congresses G\u00f6ttingen as a region for conventions and congresses is situated centrally, right in the middle of Germany, easily reachable from all directions by road and rail. No matter if you\u2019re coming from Hamburg, Cologne, Munich, Stuttgart, Dresden or Berlin: G\u00f6ttingen can be reached in four hours\u2019 travel time [&hellip;]<\/p>\n","protected":false},"author":1,"featured_media":3976,"parent":1451,"menu_order":0,"comment_status":"closed","ping_status":"closed","template":"pagetemplates\/template-stadtthema.php","meta":{"_acf_changed":false,"footnotes":""},"categories":[],"tags":[],"ncap_cities_tax":[432,1139],"class_list":["post-10422","page","type-page","status-publish","has-post-thumbnail","hentry","ncap_cities_tax-goettingen-en","ncap_cities_tax-tagungen-und-kongresse-goettingen-en"],"acf":[],"yoast_head":"<!-- This site is optimized with the Yoast SEO plugin v27.4 - https:\/\/yoast.com\/product\/yoast-seo-wordpress\/ -->\n<title>Meetings and conventions in G\u00f6ttingen - 9 St\u00e4dte in Niedersachsen<\/title>\n<meta name=\"robots\" content=\"index, follow, max-snippet:-1, max-image-preview:large, max-video-preview:-1\" \/>\n<link rel=\"canonical\" href=\"https:\/\/9staedte.de\/en\/gottingen-traditional-university-town\/conventions-and-congresses-in-goettingen\/\" \/>\n<meta property=\"og:locale\" content=\"en_US\" \/>\n<meta property=\"og:type\" content=\"article\" \/>\n<meta property=\"og:title\" content=\"Meetings and conventions in G\u00f6ttingen - 9 St\u00e4dte in Niedersachsen\" \/>\n<meta property=\"og:description\" content=\"G\u00f6ttingen \u2013 Region for Conventions and Congresses G\u00f6ttingen as a region for conventions and congresses is situated centrally, right in the middle of Germany, easily reachable from all directions by road and rail. No matter if you\u2019re coming from Hamburg, Cologne, Munich, Stuttgart, Dresden or Berlin: G\u00f6ttingen can be reached in four hours\u2019 travel time [&hellip;]\" \/>\n<meta property=\"og:url\" content=\"https:\/\/9staedte.de\/en\/gottingen-traditional-university-town\/conventions-and-congresses-in-goettingen\/\" \/>\n<meta property=\"og:site_name\" content=\"9 St\u00e4dte in Niedersachsen\" \/>\n<meta property=\"article:modified_time\" content=\"2025-05-05T14:20:58+00:00\" \/>\n<meta property=\"og:image\" content=\"https:\/\/9staedte.de\/wp-content\/uploads\/2023\/02\/Goettingen_Altes-Rathaus-Abendstimmung-c-Lars-Gerhadts.jpg\" \/>\n\t<meta property=\"og:image:width\" content=\"1020\" \/>\n\t<meta property=\"og:image:height\" content=\"560\" \/>\n\t<meta property=\"og:image:type\" content=\"image\/jpeg\" \/>\n<meta name=\"twitter:card\" content=\"summary_large_image\" \/>\n<meta name=\"twitter:label1\" content=\"Est. reading time\" \/>\n\t<meta name=\"twitter:data1\" content=\"3 minutes\" \/>\n<script type=\"application\/ld+json\" class=\"yoast-schema-graph\">{\"@context\":\"https:\\\/\\\/schema.org\",\"@graph\":[{\"@type\":\"WebPage\",\"@id\":\"https:\\\/\\\/9staedte.de\\\/en\\\/gottingen-traditional-university-town\\\/conventions-and-congresses-in-goettingen\\\/\",\"url\":\"https:\\\/\\\/9staedte.de\\\/en\\\/gottingen-traditional-university-town\\\/conventions-and-congresses-in-goettingen\\\/\",\"name\":\"Meetings and conventions in G\u00f6ttingen - 9 St\u00e4dte in Niedersachsen\",\"isPartOf\":{\"@id\":\"https:\\\/\\\/9staedte.de\\\/en\\\/#website\"},\"primaryImageOfPage\":{\"@id\":\"https:\\\/\\\/9staedte.de\\\/en\\\/gottingen-traditional-university-town\\\/conventions-and-congresses-in-goettingen\\\/#primaryimage\"},\"image\":{\"@id\":\"https:\\\/\\\/9staedte.de\\\/en\\\/gottingen-traditional-university-town\\\/conventions-and-congresses-in-goettingen\\\/#primaryimage\"},\"thumbnailUrl\":\"https:\\\/\\\/9staedte.de\\\/wp-content\\\/uploads\\\/2023\\\/02\\\/Goettingen_Altes-Rathaus-Abendstimmung-c-Lars-Gerhadts.jpg\",\"datePublished\":\"2022-07-11T08:54:28+00:00\",\"dateModified\":\"2025-05-05T14:20:58+00:00\",\"breadcrumb\":{\"@id\":\"https:\\\/\\\/9staedte.de\\\/en\\\/gottingen-traditional-university-town\\\/conventions-and-congresses-in-goettingen\\\/#breadcrumb\"},\"inLanguage\":\"en-US\",\"potentialAction\":[{\"@type\":\"ReadAction\",\"target\":[\"https:\\\/\\\/9staedte.de\\\/en\\\/gottingen-traditional-university-town\\\/conventions-and-congresses-in-goettingen\\\/\"]}]},{\"@type\":\"ImageObject\",\"inLanguage\":\"en-US\",\"@id\":\"https:\\\/\\\/9staedte.de\\\/en\\\/gottingen-traditional-university-town\\\/conventions-and-congresses-in-goettingen\\\/#primaryimage\",\"url\":\"https:\\\/\\\/9staedte.de\\\/wp-content\\\/uploads\\\/2023\\\/02\\\/Goettingen_Altes-Rathaus-Abendstimmung-c-Lars-Gerhadts.jpg\",\"contentUrl\":\"https:\\\/\\\/9staedte.de\\\/wp-content\\\/uploads\\\/2023\\\/02\\\/Goettingen_Altes-Rathaus-Abendstimmung-c-Lars-Gerhadts.jpg\",\"width\":1020,\"height\":560,\"caption\":\"G\u00f6ttingen_Altes Rathaus - Abendstimmung c) Lars Gerhadts\"},{\"@type\":\"BreadcrumbList\",\"@id\":\"https:\\\/\\\/9staedte.de\\\/en\\\/gottingen-traditional-university-town\\\/conventions-and-congresses-in-goettingen\\\/#breadcrumb\",\"itemListElement\":[{\"@type\":\"ListItem\",\"position\":1,\"name\":\"Startseite\",\"item\":\"https:\\\/\\\/9staedte.de\\\/en\\\/\"},{\"@type\":\"ListItem\",\"position\":2,\"name\":\"G\u00f6ttingen &#8211; City of science!\",\"item\":\"https:\\\/\\\/9staedte.de\\\/en\\\/gottingen-traditional-university-town\\\/\"},{\"@type\":\"ListItem\",\"position\":3,\"name\":\"Meetings and conventions in G\u00f6ttingen\"}]},{\"@type\":\"WebSite\",\"@id\":\"https:\\\/\\\/9staedte.de\\\/en\\\/#website\",\"url\":\"https:\\\/\\\/9staedte.de\\\/en\\\/\",\"name\":\"9 St\u00e4dte in Niedersachsen\",\"description\":\"\",\"publisher\":{\"@id\":\"https:\\\/\\\/9staedte.de\\\/en\\\/#organization\"},\"potentialAction\":[{\"@type\":\"SearchAction\",\"target\":{\"@type\":\"EntryPoint\",\"urlTemplate\":\"https:\\\/\\\/9staedte.de\\\/en\\\/?s={search_term_string}\"},\"query-input\":{\"@type\":\"PropertyValueSpecification\",\"valueRequired\":true,\"valueName\":\"search_term_string\"}}],\"inLanguage\":\"en-US\"},{\"@type\":\"Organization\",\"@id\":\"https:\\\/\\\/9staedte.de\\\/en\\\/#organization\",\"name\":\"9 St\u00e4dte in Niedersachsen\",\"url\":\"https:\\\/\\\/9staedte.de\\\/en\\\/\",\"logo\":{\"@type\":\"ImageObject\",\"inLanguage\":\"en-US\",\"@id\":\"https:\\\/\\\/9staedte.de\\\/en\\\/#\\\/schema\\\/logo\\\/image\\\/\",\"url\":\"https:\\\/\\\/9staedte.de\\\/wp-content\\\/uploads\\\/2025\\\/01\\\/9-neg-deutsch-2-1.png\",\"contentUrl\":\"https:\\\/\\\/9staedte.de\\\/wp-content\\\/uploads\\\/2025\\\/01\\\/9-neg-deutsch-2-1.png\",\"width\":190,\"height\":114,\"caption\":\"9 St\u00e4dte in Niedersachsen\"},\"image\":{\"@id\":\"https:\\\/\\\/9staedte.de\\\/en\\\/#\\\/schema\\\/logo\\\/image\\\/\"}}]}<\/script>\n<!-- \/ Yoast SEO plugin. -->","yoast_head_json":{"title":"Meetings and conventions in G\u00f6ttingen - 9 St\u00e4dte in Niedersachsen","robots":{"index":"index","follow":"follow","max-snippet":"max-snippet:-1","max-image-preview":"max-image-preview:large","max-video-preview":"max-video-preview:-1"},"canonical":"https:\/\/9staedte.de\/en\/gottingen-traditional-university-town\/conventions-and-congresses-in-goettingen\/","og_locale":"en_US","og_type":"article","og_title":"Meetings and conventions in G\u00f6ttingen - 9 St\u00e4dte in Niedersachsen","og_description":"G\u00f6ttingen \u2013 Region for Conventions and Congresses G\u00f6ttingen as a region for conventions and congresses is situated centrally, right in the middle of Germany, easily reachable from all directions by road and rail. No matter if you\u2019re coming from Hamburg, Cologne, Munich, Stuttgart, Dresden or Berlin: G\u00f6ttingen can be reached in four hours\u2019 travel time [&hellip;]","og_url":"https:\/\/9staedte.de\/en\/gottingen-traditional-university-town\/conventions-and-congresses-in-goettingen\/","og_site_name":"9 St\u00e4dte in Niedersachsen","article_modified_time":"2025-05-05T14:20:58+00:00","og_image":[{"width":1020,"height":560,"url":"https:\/\/9staedte.de\/wp-content\/uploads\/2023\/02\/Goettingen_Altes-Rathaus-Abendstimmung-c-Lars-Gerhadts.jpg","type":"image\/jpeg"}],"twitter_card":"summary_large_image","twitter_misc":{"Est. reading time":"3 minutes"},"schema":{"@context":"https:\/\/schema.org","@graph":[{"@type":"WebPage","@id":"https:\/\/9staedte.de\/en\/gottingen-traditional-university-town\/conventions-and-congresses-in-goettingen\/","url":"https:\/\/9staedte.de\/en\/gottingen-traditional-university-town\/conventions-and-congresses-in-goettingen\/","name":"Meetings and conventions in G\u00f6ttingen - 9 St\u00e4dte in Niedersachsen","isPartOf":{"@id":"https:\/\/9staedte.de\/en\/#website"},"primaryImageOfPage":{"@id":"https:\/\/9staedte.de\/en\/gottingen-traditional-university-town\/conventions-and-congresses-in-goettingen\/#primaryimage"},"image":{"@id":"https:\/\/9staedte.de\/en\/gottingen-traditional-university-town\/conventions-and-congresses-in-goettingen\/#primaryimage"},"thumbnailUrl":"https:\/\/9staedte.de\/wp-content\/uploads\/2023\/02\/Goettingen_Altes-Rathaus-Abendstimmung-c-Lars-Gerhadts.jpg","datePublished":"2022-07-11T08:54:28+00:00","dateModified":"2025-05-05T14:20:58+00:00","breadcrumb":{"@id":"https:\/\/9staedte.de\/en\/gottingen-traditional-university-town\/conventions-and-congresses-in-goettingen\/#breadcrumb"},"inLanguage":"en-US","potentialAction":[{"@type":"ReadAction","target":["https:\/\/9staedte.de\/en\/gottingen-traditional-university-town\/conventions-and-congresses-in-goettingen\/"]}]},{"@type":"ImageObject","inLanguage":"en-US","@id":"https:\/\/9staedte.de\/en\/gottingen-traditional-university-town\/conventions-and-congresses-in-goettingen\/#primaryimage","url":"https:\/\/9staedte.de\/wp-content\/uploads\/2023\/02\/Goettingen_Altes-Rathaus-Abendstimmung-c-Lars-Gerhadts.jpg","contentUrl":"https:\/\/9staedte.de\/wp-content\/uploads\/2023\/02\/Goettingen_Altes-Rathaus-Abendstimmung-c-Lars-Gerhadts.jpg","width":1020,"height":560,"caption":"G\u00f6ttingen_Altes Rathaus - Abendstimmung c) Lars Gerhadts"},{"@type":"BreadcrumbList","@id":"https:\/\/9staedte.de\/en\/gottingen-traditional-university-town\/conventions-and-congresses-in-goettingen\/#breadcrumb","itemListElement":[{"@type":"ListItem","position":1,"name":"Startseite","item":"https:\/\/9staedte.de\/en\/"},{"@type":"ListItem","position":2,"name":"G\u00f6ttingen &#8211; City of science!","item":"https:\/\/9staedte.de\/en\/gottingen-traditional-university-town\/"},{"@type":"ListItem","position":3,"name":"Meetings and conventions in G\u00f6ttingen"}]},{"@type":"WebSite","@id":"https:\/\/9staedte.de\/en\/#website","url":"https:\/\/9staedte.de\/en\/","name":"9 St\u00e4dte in Niedersachsen","description":"","publisher":{"@id":"https:\/\/9staedte.de\/en\/#organization"},"potentialAction":[{"@type":"SearchAction","target":{"@type":"EntryPoint","urlTemplate":"https:\/\/9staedte.de\/en\/?s={search_term_string}"},"query-input":{"@type":"PropertyValueSpecification","valueRequired":true,"valueName":"search_term_string"}}],"inLanguage":"en-US"},{"@type":"Organization","@id":"https:\/\/9staedte.de\/en\/#organization","name":"9 St\u00e4dte in Niedersachsen","url":"https:\/\/9staedte.de\/en\/","logo":{"@type":"ImageObject","inLanguage":"en-US","@id":"https:\/\/9staedte.de\/en\/#\/schema\/logo\/image\/","url":"https:\/\/9staedte.de\/wp-content\/uploads\/2025\/01\/9-neg-deutsch-2-1.png","contentUrl":"https:\/\/9staedte.de\/wp-content\/uploads\/2025\/01\/9-neg-deutsch-2-1.png","width":190,"height":114,"caption":"9 St\u00e4dte in Niedersachsen"},"image":{"@id":"https:\/\/9staedte.de\/en\/#\/schema\/logo\/image\/"}}]}},"_links":{"self":[{"href":"https:\/\/9staedte.de\/en\/wp-json\/wp\/v2\/pages\/10422","targetHints":{"allow":["GET"]}}],"collection":[{"href":"https:\/\/9staedte.de\/en\/wp-json\/wp\/v2\/pages"}],"about":[{"href":"https:\/\/9staedte.de\/en\/wp-json\/wp\/v2\/types\/page"}],"author":[{"embeddable":true,"href":"https:\/\/9staedte.de\/en\/wp-json\/wp\/v2\/users\/1"}],"replies":[{"embeddable":true,"href":"https:\/\/9staedte.de\/en\/wp-json\/wp\/v2\/comments?post=10422"}],"version-history":[{"count":3,"href":"https:\/\/9staedte.de\/en\/wp-json\/wp\/v2\/pages\/10422\/revisions"}],"predecessor-version":[{"id":25352,"href":"https:\/\/9staedte.de\/en\/wp-json\/wp\/v2\/pages\/10422\/revisions\/25352"}],"up":[{"embeddable":true,"href":"https:\/\/9staedte.de\/en\/wp-json\/wp\/v2\/pages\/1451"}],"wp:featuredmedia":[{"embeddable":true,"href":"https:\/\/9staedte.de\/en\/wp-json\/wp\/v2\/media\/3976"}],"wp:attachment":[{"href":"https:\/\/9staedte.de\/en\/wp-json\/wp\/v2\/media?parent=10422"}],"wp:term":[{"taxonomy":"category","embeddable":true,"href":"https:\/\/9staedte.de\/en\/wp-json\/wp\/v2\/categories?post=10422"},{"taxonomy":"post_tag","embeddable":true,"href":"https:\/\/9staedte.de\/en\/wp-json\/wp\/v2\/tags?post=10422"},{"taxonomy":"ncap_cities_tax","embeddable":true,"href":"https:\/\/9staedte.de\/en\/wp-json\/wp\/v2\/ncap_cities_tax?post=10422"}],"curies":[{"name":"wp","href":"https:\/\/api.w.org\/{rel}","templated":true}]}}